
{"id":19016,"date":"2019-01-23T12:16:12","date_gmt":"2019-01-23T12:16:12","guid":{"rendered":"http:\/\/fireware.sites.hyperhosting.co\/?post_type=product&#038;p=19016"},"modified":"2026-04-13T14:18:18","modified_gmt":"2026-04-13T14:18:18","slug":"generateur-de-fumee-stratus","status":"publish","type":"product","link":"https:\/\/fireware.nl\/fr\/produit\/generateur-de-fumee-stratus\/","title":{"rendered":"G\u00e9n\u00e9rateur de fum\u00e9e Stratus (2600 W)"},"content":{"rendered":"\n\n\t<h2>G\u00e9ant parmi les machines \u00e0 fum\u00e9e<\/h2>\n<p>La machine \u00e0 fum\u00e9e FireWare Stratus (2600 W) est le g\u00e9ant parmi les machines \u00e0 fum\u00e9e. Aucun exercice n&#8217;est trop fou ! Dans la gamme de produits FireWare, cette machine \u00e0 fum\u00e9e est la plus puissante de sa cat\u00e9gorie. Le Stratus peut facilement et rapidement remplir de fum\u00e9e un grand espace tel qu&#8217;un garage, un entrep\u00f4t ou une piscine. M\u00eame un hangar d&#8217;avion ne pose aucun probl\u00e8me.<\/p>\n<p>Si vous placez le Stratus sur son dos, vous pouvez cr\u00e9er une colonne de fum\u00e9e verticale. Cela permet d&#8217;obtenir une construction de fum\u00e9e r\u00e9aliste contre le plafond. Cette puissante machine \u00e0 fum\u00e9e est donc particuli\u00e8rement adapt\u00e9e \u00e0 la mise en sc\u00e8ne de grands incendies industriels. Utilisez \u00e9galement la machine \u00e0 fum\u00e9e en combinaison avec un ventilateur. Vous pouvez ainsi diriger la fum\u00e9e dans une direction sp\u00e9cifique, par exemple derri\u00e8re les \u00e9quipes. Cela est utile pour sensibiliser aux dangers de la fum\u00e9e !<\/p>\n<h2>D\u00e9bit r\u00e9glable<\/h2>\n<p>Le Stratus est livr\u00e9 en standard avec une t\u00e9l\u00e9commande filaire d&#8217;une longueur de c\u00e2ble de 10 m\u00e8tres. Vous pouvez connecter plusieurs c\u00e2bles les uns aux autres pour augmenter la port\u00e9e jusqu&#8217;\u00e0 plus de 100 m\u00e8tres.<a href=\"https:\/\/fireware.nl\/fr\/product\/telecommande-cirrus-cumulus-stratus\/\"> Une t\u00e9l\u00e9commande<\/a> sans fil est \u00e9galement disponible en option, avec une port\u00e9e pouvant aller jusqu&#8217;\u00e0 100 m\u00e8tres maximum. Le d\u00e9bit de fum\u00e9e maximal du Stratus est de 2000 m\u00b3\/min. Le d\u00e9bit est r\u00e9glable de 1 \u00e0 99 %.<\/p>\n<p>R\u00e9glez le Stratus sur un d\u00e9bit de 48 % pour ajouter en continu de la fum\u00e9e au sc\u00e9nario. Dans ce cas, le d\u00e9bit de fum\u00e9e atteint un maximum de 600 m\u00b3\/min. Le Stratus est \u00e9galement \u00e9quip\u00e9 d&#8217;une minuterie. Ainsi, la machine \u00e0 fum\u00e9e peut faire son travail sur le site d&#8217;entra\u00eenement pendant le briefing. Connectez le Stratus au r\u00e9seau DMX pour un contr\u00f4le centralis\u00e9.<\/p>\n<p>Ne sous-estimez pas la puissance de cette machine \u00e0 fum\u00e9e. Elle n\u00e9cessite 2600 W. Vous ne pouvez donc connecter qu&#8217;un seul Stratus sur un circuit libre. Cependant, il vous restera de la place pour les spots de feu ou la flamme en soie pour compl\u00e9ter votre mise en sc\u00e8ne.<\/p>\n<h2>D\u00e9velopp\u00e9e pour les exercices des pompiers<\/h2>\n<p>Le Stratus est particuli\u00e8rement appr\u00e9ci\u00e9 lors des grands exercices des pompiers. En effet, sa production de fum\u00e9e est deux fois plus importante que celle du FireWare Cumulus. Gr\u00e2ce \u00e0 son bo\u00eetier en acier inoxydable, cette machine \u00e0 fum\u00e9e est robuste. C&#8217;est pourquoi elle est souvent utilis\u00e9e lors des exercices en ext\u00e9rieur des corps de pompiers. De plus, le Stratus est utilis\u00e9 pour simuler des exercices tr\u00e8s exigeants dans le cadre de la gestion des cons\u00e9quences d&#8217;actes de terrorisme. Ou pensez \u00e0 garantir ou am\u00e9liorer les op\u00e9rations de secours en cas de gros accidents. Cet appareil convient parfaitement aux exercices dans les <a href=\"https:\/\/fireware.nl\/fr\/projectsoort\/simulations-decors\/feux-de-tunnel\/\">tunnels routiers<\/a>. Pour de tels exercices, vous devrez peut-\u00eatre envisager de remplacer le Liquide fumig\u00e8ne Pompiers universel des pompiers par la variante <a href=\"https:\/\/fireware.nl\/fr\/product\/liquide-fumigene-pompiers-intensif\/\">Pompiers intensif<\/a> ou <a href=\"https:\/\/fireware.nl\/fr\/product\/liquide-fumigene-pompiers-extreme\/\">Pompiers extr\u00eame<\/a>.<\/p>\n<p>\u00c0 l&#8217;avant, le Stratus est \u00e9quip\u00e9 d&#8217;un raccord Storz. Vous pouvez facilement y connecter un tuyau de fum\u00e9e, une <a href=\"https:\/\/fireware.nl\/fr\/product\/embout-de-ciblage-cumulus-stratus\/\">Embout de ciblage Cumulus\/Stratus<\/a> ou un adaptateur Storz. Cela \u00e9largit consid\u00e9rablement les possibilit\u00e9s de cette puissante machine \u00e0 fum\u00e9e. Dirigez la fum\u00e9e avec la buse vers un bureau au-dessus d&#8217;un garage. Ou utilisez un <a href=\"https:\/\/fireware.nl\/fr\/product\/smoke-hose-set\/\">Smoke Hose Set<\/a> pour \u00e9loigner le Stratus de votre sc\u00e9nario, afin de permettre une v\u00e9ritable extinction. Pour un incendie dans une \u00e9table d&#8217;une ancienne ferme \u00e0 toit de chaume avec une fum\u00e9e dense, le liquide de fum\u00e9e ext\u00e9rieur est tout indiqu\u00e9.<\/p>\n<h2>Bouclez le courant pour une image de flammes r\u00e9aliste<\/h2>\n<p>Comme le Cumulus, le Stratus a un autre avantage : il peut faire passer le courant ! Un connecteur Neutrik peut transmettre le courant du Stratus \u00e0 un <a href=\"https:\/\/fireware.nl\/fr\/product\/firespot\/\">FireSpot<\/a>, par exemple. Vous pouvez ainsi simuler tr\u00e8s facilement une image de flammes tr\u00e8s r\u00e9aliste pour un exercice de lutte contre l&#8217;incendie ultra-r\u00e9aliste.<\/p>\n<p>La machine \u00e0 fum\u00e9e Stratus (2600 W) est livr\u00e9e avec une garantie de 2 ans. La machine \u00e0 fum\u00e9e est livr\u00e9e mont\u00e9e dans une mallette en plastique pratique pour le transport. En plus de la machine \u00e0 fum\u00e9e, cette mallette contient 5 litres de liquide de fum\u00e9e moyen et une t\u00e9l\u00e9commande filaire. Vous n&#8217;avez pas toujours besoin d&#8217;autant de puissance pour vos exercices ? Ce n&#8217;est bien s\u00fbr pas un probl\u00e8me. Vous pouvez \u00e9galement louer la machine \u00e0 fum\u00e9e Stratus.<\/p>\n<h2>Regardez les vid\u00e9os<\/h2>\n\t\t<iframe loading=\"lazy\" src=\"https:\/\/player.vimeo.com\/video\/160104573?h=c3438f708c&amp;badge=0&amp;autopause=0&amp;player_id=0&amp;app_id=58479\" width=\"1920\" height=\"1080\" frameborder=\"0\" allow=\"autoplay; fullscreen; picture-in-picture\" allowfullscreen title=\"(FR) FireWare Cumulus et Stratus\"><\/iframe>\t\n\t\t<iframe loading=\"lazy\" src=\"https:\/\/player.vimeo.com\/video\/1162175771?h=d4cda5c7b2&amp;badge=0&amp;autopause=0&amp;player_id=0&amp;app_id=58479\" width=\"560\" height=\"315\" frameborder=\"0\" allow=\"autoplay; fullscreen; picture-in-picture\" allowfullscreen title=\"(NL) FireWare Cumulus en Stratus\"><\/iframe>\t\n\t\t<iframe loading=\"lazy\" width=\"1920\" height=\"1080\" src=\"https:\/\/player.vimeo.com\/video\/1033124798?hl=nl&#038;cc_lang_pref=nl&#038;cc_load_policy=1\" frameborder=\"0\" allow=\"accelerometer; autoplay; clipboard-write; encrypted-media; gyroscope; picture-in-picture\" allowfullscreen><\/iframe>\t\n\t\t<iframe loading=\"lazy\" src=\"https:\/\/player.vimeo.com\/video\/175696153?h=fd9ef78517&amp;badge=0&amp;autopause=0&amp;player_id=0&amp;app_id=58479\" width=\"1920\" height=\"1080\" frameborder=\"0\" allow=\"autoplay; fullscreen; picture-in-picture\" allowfullscreen title=\"FireWare Cumulus and Stratus Lightweight Animation\"><\/iframe>\t\n\t\t<iframe loading=\"lazy\" src=\"https:\/\/player.vimeo.com\/video\/175696146?h=281800aaaf&amp;badge=0&amp;autopause=0&amp;player_id=0&amp;app_id=58479\" width=\"1920\" height=\"1080\" frameborder=\"0\" allow=\"autoplay; fullscreen; picture-in-picture\" allowfullscreen title=\"EN FireWare Cumulus and Stratus Storz Animation\"><\/iframe>\t\n\t\t<iframe loading=\"lazy\" src=\"https:\/\/player.vimeo.com\/video\/175696135?h=c9e30c6047&amp;badge=0&amp;autopause=0&amp;player_id=0&amp;app_id=58479\" width=\"1920\" height=\"1080\" frameborder=\"0\" allow=\"autoplay; fullscreen; picture-in-picture\" allowfullscreen title=\"EN FireWare Cumulus and Stratus Animation\"><\/iframe>\t\n\n","protected":false},"excerpt":{"rendered":"<ul>\n<li>Le r\u00e9sultat des ann\u00e9es d\u2019exp\u00e9rience de FireWare;<\/li>\n<li>Sortie r\u00e9glable de 1 \u00e0 99 %;<\/li>\n<li>Sortie de fum\u00e9e maximale 2000 m\u00b3\/min;<\/li>\n<li>Peut fournir une fum\u00e9e constante avec une sortie r\u00e9gl\u00e9e jusqu\u2019\u00e0 48%;<\/li>\n<li>Peut g\u00e9n\u00e9rer une fum\u00e9e verticale;<\/li>\n<li>Equip\u00e9 d\u2019un raccord Storz;<\/li>\n<li>Double poign\u00e9e, pour transport facile;<\/li>\n<li>Sortie deux fois plus large que celle du FireWare Cumulus;<\/li>\n<li>5 litres de carburant \u00e0 fum\u00e9e, et un t\u00e9l\u00e9commande;<\/li>\n<li>Caisson en mati\u00e8re synth\u00e9tique de 60 x 40 x 32,5 cm.<\/li>\n<\/ul>\n","protected":false},"featured_media":49321,"template":"","meta":[],"product_brand":[],"product_cat":[79],"product_tag":[],"class_list":{"0":"post-19016","1":"product","2":"type-product","3":"status-publish","4":"has-post-thumbnail","6":"product_cat-generateurs-de-fumee","8":"first","9":"instock","10":"taxable","11":"shipping-taxable","12":"purchasable","13":"product-type-simple"},"yoast_head":"<!-- This site is optimized with the Yoast SEO plugin v27.5 - https:\/\/yoast.com\/product\/yoast-seo-wordpress\/ -->\n<title>G\u00e9n\u00e9rateur de fum\u00e9e Stratus, le plus puissant de son genre - FireWare<\/title>\n<meta name=\"description\" content=\"Le g\u00e9n\u00e9rateur de fum\u00e9e Stratus (2600 W) peut \u00eatre utilis\u00e9e verticalement pour obtenir une couche de fum\u00e9e r\u00e9aliste. C&#039;est un vrai g\u00e9ant !\" \/>\n<meta name=\"robots\" content=\"index, follow, max-snippet:-1, max-image-preview:large, max-video-preview:-1\" \/>\n<link rel=\"canonical\" href=\"https:\/\/fireware.nl\/fr\/produit\/generateur-de-fumee-stratus\/\" \/>\n<meta property=\"og:locale\" content=\"fr_FR\" \/>\n<meta property=\"og:type\" content=\"article\" \/>\n<meta property=\"og:title\" content=\"G\u00e9n\u00e9rateur de fum\u00e9e Stratus, le plus puissant de son genre - FireWare\" \/>\n<meta property=\"og:description\" content=\"Le g\u00e9n\u00e9rateur de fum\u00e9e Stratus (2600 W) peut \u00eatre utilis\u00e9e verticalement pour obtenir une couche de fum\u00e9e r\u00e9aliste. C&#039;est un vrai g\u00e9ant !\" \/>\n<meta property=\"og:url\" content=\"https:\/\/fireware.nl\/fr\/produit\/generateur-de-fumee-stratus\/\" \/>\n<meta property=\"og:site_name\" content=\"FireWare\" \/>\n<meta property=\"article:publisher\" content=\"https:\/\/www.facebook.com\/FireWareBV\/\" \/>\n<meta property=\"article:modified_time\" content=\"2026-04-13T14:18:18+00:00\" \/>\n<meta property=\"og:image\" content=\"https:\/\/fireware.nl\/wp-content\/uploads\/2019\/01\/009-030-002-stratus-medium-rookvloeistof.jpg\" \/>\n\t<meta property=\"og:image:width\" content=\"600\" \/>\n\t<meta property=\"og:image:height\" content=\"600\" \/>\n\t<meta property=\"og:image:type\" content=\"image\/jpeg\" \/>\n<meta name=\"twitter:card\" content=\"summary_large_image\" \/>\n<meta name=\"twitter:site\" content=\"@FireWarebv\" \/>\n<meta name=\"twitter:label1\" content=\"Dur\u00e9e de lecture estim\u00e9e\" \/>\n\t<meta name=\"twitter:data1\" content=\"4 minutes\" \/>\n<script type=\"application\/ld+json\" class=\"yoast-schema-graph\">{\"@context\":\"https:\\\/\\\/schema.org\",\"@graph\":[{\"@type\":\"WebPage\",\"@id\":\"https:\\\/\\\/fireware.nl\\\/fr\\\/produit\\\/generateur-de-fumee-stratus\\\/\",\"url\":\"https:\\\/\\\/fireware.nl\\\/fr\\\/produit\\\/generateur-de-fumee-stratus\\\/\",\"name\":\"G\u00e9n\u00e9rateur de fum\u00e9e Stratus, le plus puissant de son genre - FireWare\",\"isPartOf\":{\"@id\":\"https:\\\/\\\/fireware.nl\\\/fr\\\/#website\"},\"primaryImageOfPage\":{\"@id\":\"https:\\\/\\\/fireware.nl\\\/fr\\\/produit\\\/generateur-de-fumee-stratus\\\/#primaryimage\"},\"image\":{\"@id\":\"https:\\\/\\\/fireware.nl\\\/fr\\\/produit\\\/generateur-de-fumee-stratus\\\/#primaryimage\"},\"thumbnailUrl\":\"https:\\\/\\\/fireware.nl\\\/wp-content\\\/uploads\\\/2019\\\/01\\\/009-030-002-stratus-medium-rookvloeistof.jpg\",\"datePublished\":\"2019-01-23T12:16:12+00:00\",\"dateModified\":\"2026-04-13T14:18:18+00:00\",\"description\":\"Le g\u00e9n\u00e9rateur de fum\u00e9e Stratus (2600 W) peut \u00eatre utilis\u00e9e verticalement pour obtenir une couche de fum\u00e9e r\u00e9aliste. C'est un vrai g\u00e9ant !\",\"breadcrumb\":{\"@id\":\"https:\\\/\\\/fireware.nl\\\/fr\\\/produit\\\/generateur-de-fumee-stratus\\\/#breadcrumb\"},\"inLanguage\":\"fr-FR\",\"potentialAction\":[{\"@type\":\"ReadAction\",\"target\":[\"https:\\\/\\\/fireware.nl\\\/fr\\\/produit\\\/generateur-de-fumee-stratus\\\/\"]}]},{\"@type\":\"ImageObject\",\"inLanguage\":\"fr-FR\",\"@id\":\"https:\\\/\\\/fireware.nl\\\/fr\\\/produit\\\/generateur-de-fumee-stratus\\\/#primaryimage\",\"url\":\"https:\\\/\\\/fireware.nl\\\/wp-content\\\/uploads\\\/2019\\\/01\\\/009-030-002-stratus-medium-rookvloeistof.jpg\",\"contentUrl\":\"https:\\\/\\\/fireware.nl\\\/wp-content\\\/uploads\\\/2019\\\/01\\\/009-030-002-stratus-medium-rookvloeistof.jpg\",\"width\":600,\"height\":600},{\"@type\":\"BreadcrumbList\",\"@id\":\"https:\\\/\\\/fireware.nl\\\/fr\\\/produit\\\/generateur-de-fumee-stratus\\\/#breadcrumb\",\"itemListElement\":[{\"@type\":\"ListItem\",\"position\":1,\"name\":\"Home\",\"item\":\"https:\\\/\\\/fireware.nl\\\/fr\\\/\"},{\"@type\":\"ListItem\",\"position\":2,\"name\":\"Produits\",\"item\":\"https:\\\/\\\/fireware.nl\\\/fr\\\/produits\\\/\"},{\"@type\":\"ListItem\",\"position\":3,\"name\":\"G\u00e9n\u00e9rateur de fum\u00e9e Stratus (2600 W)\"}]},{\"@type\":\"WebSite\",\"@id\":\"https:\\\/\\\/fireware.nl\\\/fr\\\/#website\",\"url\":\"https:\\\/\\\/fireware.nl\\\/fr\\\/\",\"name\":\"FireWare\",\"description\":\"CREATING REALISTIC  TRAINING ENVIRONMENTS\",\"publisher\":{\"@id\":\"https:\\\/\\\/fireware.nl\\\/fr\\\/#organization\"},\"potentialAction\":[{\"@type\":\"SearchAction\",\"target\":{\"@type\":\"EntryPoint\",\"urlTemplate\":\"https:\\\/\\\/fireware.nl\\\/fr\\\/?s={search_term_string}\"},\"query-input\":{\"@type\":\"PropertyValueSpecification\",\"valueRequired\":true,\"valueName\":\"search_term_string\"}}],\"inLanguage\":\"fr-FR\"},{\"@type\":\"Organization\",\"@id\":\"https:\\\/\\\/fireware.nl\\\/fr\\\/#organization\",\"name\":\"FireWare\",\"url\":\"https:\\\/\\\/fireware.nl\\\/fr\\\/\",\"logo\":{\"@type\":\"ImageObject\",\"inLanguage\":\"fr-FR\",\"@id\":\"https:\\\/\\\/fireware.nl\\\/fr\\\/#\\\/schema\\\/logo\\\/image\\\/\",\"url\":\"https:\\\/\\\/fireware.nl\\\/wp-content\\\/uploads\\\/2018\\\/10\\\/FireWare-logo.jpg\",\"contentUrl\":\"https:\\\/\\\/fireware.nl\\\/wp-content\\\/uploads\\\/2018\\\/10\\\/FireWare-logo.jpg\",\"width\":171,\"height\":70,\"caption\":\"FireWare\"},\"image\":{\"@id\":\"https:\\\/\\\/fireware.nl\\\/fr\\\/#\\\/schema\\\/logo\\\/image\\\/\"},\"sameAs\":[\"https:\\\/\\\/www.facebook.com\\\/FireWareBV\\\/\",\"https:\\\/\\\/x.com\\\/FireWarebv\",\"https:\\\/\\\/www.instagram.com\\\/fireware_nl\\\/\",\"https:\\\/\\\/www.linkedin.com\\\/company\\\/3586017\\\/\",\"https:\\\/\\\/www.youtube.com\\\/user\\\/firesalesrentconsult\"]}]}<\/script>\n<!-- \/ Yoast SEO plugin. -->","yoast_head_json":{"title":"G\u00e9n\u00e9rateur de fum\u00e9e Stratus, le plus puissant de son genre - FireWare","description":"Le g\u00e9n\u00e9rateur de fum\u00e9e Stratus (2600 W) peut \u00eatre utilis\u00e9e verticalement pour obtenir une couche de fum\u00e9e r\u00e9aliste. C'est un vrai g\u00e9ant !","robots":{"index":"index","follow":"follow","max-snippet":"max-snippet:-1","max-image-preview":"max-image-preview:large","max-video-preview":"max-video-preview:-1"},"canonical":"https:\/\/fireware.nl\/fr\/produit\/generateur-de-fumee-stratus\/","og_locale":"fr_FR","og_type":"article","og_title":"G\u00e9n\u00e9rateur de fum\u00e9e Stratus, le plus puissant de son genre - FireWare","og_description":"Le g\u00e9n\u00e9rateur de fum\u00e9e Stratus (2600 W) peut \u00eatre utilis\u00e9e verticalement pour obtenir une couche de fum\u00e9e r\u00e9aliste. C'est un vrai g\u00e9ant !","og_url":"https:\/\/fireware.nl\/fr\/produit\/generateur-de-fumee-stratus\/","og_site_name":"FireWare","article_publisher":"https:\/\/www.facebook.com\/FireWareBV\/","article_modified_time":"2026-04-13T14:18:18+00:00","og_image":[{"width":600,"height":600,"url":"https:\/\/fireware.nl\/wp-content\/uploads\/2019\/01\/009-030-002-stratus-medium-rookvloeistof.jpg","type":"image\/jpeg"}],"twitter_card":"summary_large_image","twitter_site":"@FireWarebv","twitter_misc":{"Dur\u00e9e de lecture estim\u00e9e":"4 minutes"},"schema":{"@context":"https:\/\/schema.org","@graph":[{"@type":"WebPage","@id":"https:\/\/fireware.nl\/fr\/produit\/generateur-de-fumee-stratus\/","url":"https:\/\/fireware.nl\/fr\/produit\/generateur-de-fumee-stratus\/","name":"G\u00e9n\u00e9rateur de fum\u00e9e Stratus, le plus puissant de son genre - FireWare","isPartOf":{"@id":"https:\/\/fireware.nl\/fr\/#website"},"primaryImageOfPage":{"@id":"https:\/\/fireware.nl\/fr\/produit\/generateur-de-fumee-stratus\/#primaryimage"},"image":{"@id":"https:\/\/fireware.nl\/fr\/produit\/generateur-de-fumee-stratus\/#primaryimage"},"thumbnailUrl":"https:\/\/fireware.nl\/wp-content\/uploads\/2019\/01\/009-030-002-stratus-medium-rookvloeistof.jpg","datePublished":"2019-01-23T12:16:12+00:00","dateModified":"2026-04-13T14:18:18+00:00","description":"Le g\u00e9n\u00e9rateur de fum\u00e9e Stratus (2600 W) peut \u00eatre utilis\u00e9e verticalement pour obtenir une couche de fum\u00e9e r\u00e9aliste. C'est un vrai g\u00e9ant !","breadcrumb":{"@id":"https:\/\/fireware.nl\/fr\/produit\/generateur-de-fumee-stratus\/#breadcrumb"},"inLanguage":"fr-FR","potentialAction":[{"@type":"ReadAction","target":["https:\/\/fireware.nl\/fr\/produit\/generateur-de-fumee-stratus\/"]}]},{"@type":"ImageObject","inLanguage":"fr-FR","@id":"https:\/\/fireware.nl\/fr\/produit\/generateur-de-fumee-stratus\/#primaryimage","url":"https:\/\/fireware.nl\/wp-content\/uploads\/2019\/01\/009-030-002-stratus-medium-rookvloeistof.jpg","contentUrl":"https:\/\/fireware.nl\/wp-content\/uploads\/2019\/01\/009-030-002-stratus-medium-rookvloeistof.jpg","width":600,"height":600},{"@type":"BreadcrumbList","@id":"https:\/\/fireware.nl\/fr\/produit\/generateur-de-fumee-stratus\/#breadcrumb","itemListElement":[{"@type":"ListItem","position":1,"name":"Home","item":"https:\/\/fireware.nl\/fr\/"},{"@type":"ListItem","position":2,"name":"Produits","item":"https:\/\/fireware.nl\/fr\/produits\/"},{"@type":"ListItem","position":3,"name":"G\u00e9n\u00e9rateur de fum\u00e9e Stratus (2600 W)"}]},{"@type":"WebSite","@id":"https:\/\/fireware.nl\/fr\/#website","url":"https:\/\/fireware.nl\/fr\/","name":"FireWare","description":"CREATING REALISTIC  TRAINING ENVIRONMENTS","publisher":{"@id":"https:\/\/fireware.nl\/fr\/#organization"},"potentialAction":[{"@type":"SearchAction","target":{"@type":"EntryPoint","urlTemplate":"https:\/\/fireware.nl\/fr\/?s={search_term_string}"},"query-input":{"@type":"PropertyValueSpecification","valueRequired":true,"valueName":"search_term_string"}}],"inLanguage":"fr-FR"},{"@type":"Organization","@id":"https:\/\/fireware.nl\/fr\/#organization","name":"FireWare","url":"https:\/\/fireware.nl\/fr\/","logo":{"@type":"ImageObject","inLanguage":"fr-FR","@id":"https:\/\/fireware.nl\/fr\/#\/schema\/logo\/image\/","url":"https:\/\/fireware.nl\/wp-content\/uploads\/2018\/10\/FireWare-logo.jpg","contentUrl":"https:\/\/fireware.nl\/wp-content\/uploads\/2018\/10\/FireWare-logo.jpg","width":171,"height":70,"caption":"FireWare"},"image":{"@id":"https:\/\/fireware.nl\/fr\/#\/schema\/logo\/image\/"},"sameAs":["https:\/\/www.facebook.com\/FireWareBV\/","https:\/\/x.com\/FireWarebv","https:\/\/www.instagram.com\/fireware_nl\/","https:\/\/www.linkedin.com\/company\/3586017\/","https:\/\/www.youtube.com\/user\/firesalesrentconsult"]}]}},"publishpress_future_workflow_manual_trigger":{"enabledWorkflows":[]},"_links":{"self":[{"href":"https:\/\/fireware.nl\/fr\/wp-json\/wp\/v2\/product\/19016","targetHints":{"allow":["GET"]}}],"collection":[{"href":"https:\/\/fireware.nl\/fr\/wp-json\/wp\/v2\/product"}],"about":[{"href":"https:\/\/fireware.nl\/fr\/wp-json\/wp\/v2\/types\/product"}],"wp:featuredmedia":[{"embeddable":true,"href":"https:\/\/fireware.nl\/fr\/wp-json\/wp\/v2\/media\/49321"}],"wp:attachment":[{"href":"https:\/\/fireware.nl\/fr\/wp-json\/wp\/v2\/media?parent=19016"}],"wp:term":[{"taxonomy":"product_brand","embeddable":true,"href":"https:\/\/fireware.nl\/fr\/wp-json\/wp\/v2\/product_brand?post=19016"},{"taxonomy":"product_cat","embeddable":true,"href":"https:\/\/fireware.nl\/fr\/wp-json\/wp\/v2\/product_cat?post=19016"},{"taxonomy":"product_tag","embeddable":true,"href":"https:\/\/fireware.nl\/fr\/wp-json\/wp\/v2\/product_tag?post=19016"}],"curies":[{"name":"wp","href":"https:\/\/api.w.org\/{rel}","templated":true}]}}