
{"id":19028,"date":"2019-01-23T12:16:10","date_gmt":"2019-02-01T09:20:14","guid":{"rendered":"http:\/\/fireware.sites.hyperhosting.co\/?post_type=product&#038;p=19028"},"modified":"2022-04-26T14:45:47","modified_gmt":"2022-04-26T14:45:47","slug":"telecommande-cirrus-cumulus-stratus","status":"publish","type":"product","link":"https:\/\/fireware.nl\/fr\/product\/telecommande-cirrus-cumulus-stratus\/","title":{"rendered":"T\u00e9l\u00e9commande Cirrus\/Cumulus\/Stratus"},"content":{"rendered":"<h2>Actionner votre machines \u00e0 fum\u00e9e \u00e0 distance<\/h2>\n<p>La T\u00e9l\u00e9commande sans Fil vous permet d\u2019actionner des machines \u00e0 fum\u00e9e \u00e0 distance. De ce fait, vous pouvez doser avec pr\u00e9cision la quantit\u00e9 de fum\u00e9e requise et r\u00e9agir imm\u00e9diatement \u00e0 la situation de l\u2019exercice. Les man\u0153uvres des participants au cours entra\u00eenent alors une quantit\u00e9 sup\u00e9rieure ou inf\u00e9rieure de fum\u00e9e. Le responsable de l\u2019exercice peut coordoner le processus facilement.<\/p>\n<p>La t\u00e9l\u00e9commande se compose de deux parties\u00a0: Le r\u00e9cepteur, que vous placez sur la machine, apr\u00e8s quoi vous pouvez\u00a0l\u2019actionner avec l\u2019\u00e9metteur, qui constitue la deuxi\u00e8me partie. Le d\u00e9bit de fum\u00e9e se r\u00e8gle au pr\u00e9alable sur la machine. Dans des conditions id\u00e9ales, la port\u00e9e est de 100 m\u00e8tres, m\u00eame \u00e0 travers un mur en b\u00e9ton. Mais des obstacles en fer et des fr\u00e9quences radio perturbantes peuvent limiter la port\u00e9e.<\/p>\n<p>L\u2019\u00e9metteur dispose de boutons programmables vous permettant, avec un seul \u00e9metteur, d\u2019actionner machines \u00e0 fum\u00e9e.<\/p>\n","protected":false},"excerpt":{"rendered":"<ul>\n<li>T\u00e9l\u00e9commande sans fil pour machines \u00e0 fum\u00e9e.<\/li>\n<li>Convient aux FireWare Cirrus, Cumulus et Stratus.<\/li>\n<li>Permet de rendre les exercices plus interactifs gr\u00e2ce \u00e0 une commande \u00e0 distance.<\/li>\n<li>Se compose d\u2019un \u00e9metteur et d\u2019un r\u00e9cepteur.<\/li>\n<li>L\u2019\u00e9metteur dispose de boutons programmables.<\/li>\n<\/ul>\n","protected":false},"featured_media":20757,"template":"","meta":[],"product_brand":[],"product_cat":[82],"product_tag":[],"class_list":{"0":"post-19028","1":"product","2":"type-product","3":"status-publish","4":"has-post-thumbnail","6":"product_cat-supplements-pour-generateurs-de-fumee","8":"first","9":"instock","10":"taxable","11":"shipping-taxable","12":"purchasable","13":"product-type-simple"},"yoast_head":"<!-- This site is optimized with the Yoast SEO plugin v27.5 - https:\/\/yoast.com\/product\/yoast-seo-wordpress\/ -->\n<title>T\u00e9l\u00e9commande Cirrus\/Cumulus\/Stratus - FireWare<\/title>\n<meta name=\"robots\" content=\"index, follow, max-snippet:-1, max-image-preview:large, max-video-preview:-1\" \/>\n<link rel=\"canonical\" href=\"https:\/\/fireware.nl\/fr\/product\/telecommande-cirrus-cumulus-stratus\/\" \/>\n<meta property=\"og:locale\" content=\"fr_FR\" \/>\n<meta property=\"og:type\" content=\"article\" \/>\n<meta property=\"og:title\" content=\"T\u00e9l\u00e9commande Cirrus\/Cumulus\/Stratus - FireWare\" \/>\n<meta property=\"og:description\" content=\"T\u00e9l\u00e9commande sans fil pour machines \u00e0 fum\u00e9e.  Convient aux FireWare Cirrus, Cumulus et Stratus.  Permet de rendre les exercices plus interactifs gr\u00e2ce \u00e0 une commande \u00e0 distance.  Se compose d\u2019un \u00e9metteur et d\u2019un r\u00e9cepteur.  L\u2019\u00e9metteur dispose de boutons programmables.\" \/>\n<meta property=\"og:url\" content=\"https:\/\/fireware.nl\/fr\/product\/telecommande-cirrus-cumulus-stratus\/\" \/>\n<meta property=\"og:site_name\" content=\"FireWare\" \/>\n<meta property=\"article:publisher\" content=\"https:\/\/www.facebook.com\/FireWareBV\/\" \/>\n<meta property=\"article:modified_time\" content=\"2022-04-26T14:45:47+00:00\" \/>\n<meta property=\"og:image\" content=\"https:\/\/fireware.nl\/wp-content\/uploads\/2019\/01\/008-012-015-Draadloze-afstandsbedienning-CirrusCumulusStratus-Remote.jpg\" \/>\n\t<meta property=\"og:image:width\" content=\"600\" \/>\n\t<meta property=\"og:image:height\" content=\"600\" \/>\n\t<meta property=\"og:image:type\" content=\"image\/jpeg\" \/>\n<meta name=\"twitter:card\" content=\"summary_large_image\" \/>\n<meta name=\"twitter:site\" content=\"@FireWarebv\" \/>\n<meta name=\"twitter:label1\" content=\"Dur\u00e9e de lecture estim\u00e9e\" \/>\n\t<meta name=\"twitter:data1\" content=\"1 minute\" \/>\n<script type=\"application\/ld+json\" class=\"yoast-schema-graph\">{\"@context\":\"https:\\\/\\\/schema.org\",\"@graph\":[{\"@type\":\"WebPage\",\"@id\":\"https:\\\/\\\/fireware.nl\\\/fr\\\/product\\\/telecommande-cirrus-cumulus-stratus\\\/\",\"url\":\"https:\\\/\\\/fireware.nl\\\/fr\\\/product\\\/telecommande-cirrus-cumulus-stratus\\\/\",\"name\":\"T\u00e9l\u00e9commande Cirrus\\\/Cumulus\\\/Stratus - FireWare\",\"isPartOf\":{\"@id\":\"https:\\\/\\\/fireware.nl\\\/fr\\\/#website\"},\"primaryImageOfPage\":{\"@id\":\"https:\\\/\\\/fireware.nl\\\/fr\\\/product\\\/telecommande-cirrus-cumulus-stratus\\\/#primaryimage\"},\"image\":{\"@id\":\"https:\\\/\\\/fireware.nl\\\/fr\\\/product\\\/telecommande-cirrus-cumulus-stratus\\\/#primaryimage\"},\"thumbnailUrl\":\"https:\\\/\\\/fireware.nl\\\/wp-content\\\/uploads\\\/2019\\\/01\\\/008-012-015-Draadloze-afstandsbedienning-CirrusCumulusStratus-Remote.jpg\",\"datePublished\":\"2019-02-01T09:20:14+00:00\",\"dateModified\":\"2022-04-26T14:45:47+00:00\",\"breadcrumb\":{\"@id\":\"https:\\\/\\\/fireware.nl\\\/fr\\\/product\\\/telecommande-cirrus-cumulus-stratus\\\/#breadcrumb\"},\"inLanguage\":\"fr-FR\",\"potentialAction\":[{\"@type\":\"ReadAction\",\"target\":[\"https:\\\/\\\/fireware.nl\\\/fr\\\/product\\\/telecommande-cirrus-cumulus-stratus\\\/\"]}]},{\"@type\":\"ImageObject\",\"inLanguage\":\"fr-FR\",\"@id\":\"https:\\\/\\\/fireware.nl\\\/fr\\\/product\\\/telecommande-cirrus-cumulus-stratus\\\/#primaryimage\",\"url\":\"https:\\\/\\\/fireware.nl\\\/wp-content\\\/uploads\\\/2019\\\/01\\\/008-012-015-Draadloze-afstandsbedienning-CirrusCumulusStratus-Remote.jpg\",\"contentUrl\":\"https:\\\/\\\/fireware.nl\\\/wp-content\\\/uploads\\\/2019\\\/01\\\/008-012-015-Draadloze-afstandsbedienning-CirrusCumulusStratus-Remote.jpg\",\"width\":600,\"height\":600,\"caption\":\"008-012-015 Draadloze afstandsbedienning Cirrus,Cumulus,Stratus Remote\"},{\"@type\":\"BreadcrumbList\",\"@id\":\"https:\\\/\\\/fireware.nl\\\/fr\\\/product\\\/telecommande-cirrus-cumulus-stratus\\\/#breadcrumb\",\"itemListElement\":[{\"@type\":\"ListItem\",\"position\":1,\"name\":\"Home\",\"item\":\"https:\\\/\\\/fireware.nl\\\/fr\\\/\"},{\"@type\":\"ListItem\",\"position\":2,\"name\":\"Produits\",\"item\":\"https:\\\/\\\/fireware.nl\\\/fr\\\/produits\\\/\"},{\"@type\":\"ListItem\",\"position\":3,\"name\":\"T\u00e9l\u00e9commande Cirrus\\\/Cumulus\\\/Stratus\"}]},{\"@type\":\"WebSite\",\"@id\":\"https:\\\/\\\/fireware.nl\\\/fr\\\/#website\",\"url\":\"https:\\\/\\\/fireware.nl\\\/fr\\\/\",\"name\":\"FireWare\",\"description\":\"CREATING REALISTIC  TRAINING ENVIRONMENTS\",\"publisher\":{\"@id\":\"https:\\\/\\\/fireware.nl\\\/fr\\\/#organization\"},\"potentialAction\":[{\"@type\":\"SearchAction\",\"target\":{\"@type\":\"EntryPoint\",\"urlTemplate\":\"https:\\\/\\\/fireware.nl\\\/fr\\\/?s={search_term_string}\"},\"query-input\":{\"@type\":\"PropertyValueSpecification\",\"valueRequired\":true,\"valueName\":\"search_term_string\"}}],\"inLanguage\":\"fr-FR\"},{\"@type\":\"Organization\",\"@id\":\"https:\\\/\\\/fireware.nl\\\/fr\\\/#organization\",\"name\":\"FireWare\",\"url\":\"https:\\\/\\\/fireware.nl\\\/fr\\\/\",\"logo\":{\"@type\":\"ImageObject\",\"inLanguage\":\"fr-FR\",\"@id\":\"https:\\\/\\\/fireware.nl\\\/fr\\\/#\\\/schema\\\/logo\\\/image\\\/\",\"url\":\"https:\\\/\\\/fireware.nl\\\/wp-content\\\/uploads\\\/2018\\\/10\\\/FireWare-logo.jpg\",\"contentUrl\":\"https:\\\/\\\/fireware.nl\\\/wp-content\\\/uploads\\\/2018\\\/10\\\/FireWare-logo.jpg\",\"width\":171,\"height\":70,\"caption\":\"FireWare\"},\"image\":{\"@id\":\"https:\\\/\\\/fireware.nl\\\/fr\\\/#\\\/schema\\\/logo\\\/image\\\/\"},\"sameAs\":[\"https:\\\/\\\/www.facebook.com\\\/FireWareBV\\\/\",\"https:\\\/\\\/x.com\\\/FireWarebv\",\"https:\\\/\\\/www.instagram.com\\\/fireware_nl\\\/\",\"https:\\\/\\\/www.linkedin.com\\\/company\\\/3586017\\\/\",\"https:\\\/\\\/www.youtube.com\\\/user\\\/firesalesrentconsult\"]}]}<\/script>\n<!-- \/ Yoast SEO plugin. -->","yoast_head_json":{"title":"T\u00e9l\u00e9commande Cirrus\/Cumulus\/Stratus - FireWare","robots":{"index":"index","follow":"follow","max-snippet":"max-snippet:-1","max-image-preview":"max-image-preview:large","max-video-preview":"max-video-preview:-1"},"canonical":"https:\/\/fireware.nl\/fr\/product\/telecommande-cirrus-cumulus-stratus\/","og_locale":"fr_FR","og_type":"article","og_title":"T\u00e9l\u00e9commande Cirrus\/Cumulus\/Stratus - FireWare","og_description":"T\u00e9l\u00e9commande sans fil pour machines \u00e0 fum\u00e9e.  Convient aux FireWare Cirrus, Cumulus et Stratus.  Permet de rendre les exercices plus interactifs gr\u00e2ce \u00e0 une commande \u00e0 distance.  Se compose d\u2019un \u00e9metteur et d\u2019un r\u00e9cepteur.  L\u2019\u00e9metteur dispose de boutons programmables.","og_url":"https:\/\/fireware.nl\/fr\/product\/telecommande-cirrus-cumulus-stratus\/","og_site_name":"FireWare","article_publisher":"https:\/\/www.facebook.com\/FireWareBV\/","article_modified_time":"2022-04-26T14:45:47+00:00","og_image":[{"width":600,"height":600,"url":"https:\/\/fireware.nl\/wp-content\/uploads\/2019\/01\/008-012-015-Draadloze-afstandsbedienning-CirrusCumulusStratus-Remote.jpg","type":"image\/jpeg"}],"twitter_card":"summary_large_image","twitter_site":"@FireWarebv","twitter_misc":{"Dur\u00e9e de lecture estim\u00e9e":"1 minute"},"schema":{"@context":"https:\/\/schema.org","@graph":[{"@type":"WebPage","@id":"https:\/\/fireware.nl\/fr\/product\/telecommande-cirrus-cumulus-stratus\/","url":"https:\/\/fireware.nl\/fr\/product\/telecommande-cirrus-cumulus-stratus\/","name":"T\u00e9l\u00e9commande Cirrus\/Cumulus\/Stratus - FireWare","isPartOf":{"@id":"https:\/\/fireware.nl\/fr\/#website"},"primaryImageOfPage":{"@id":"https:\/\/fireware.nl\/fr\/product\/telecommande-cirrus-cumulus-stratus\/#primaryimage"},"image":{"@id":"https:\/\/fireware.nl\/fr\/product\/telecommande-cirrus-cumulus-stratus\/#primaryimage"},"thumbnailUrl":"https:\/\/fireware.nl\/wp-content\/uploads\/2019\/01\/008-012-015-Draadloze-afstandsbedienning-CirrusCumulusStratus-Remote.jpg","datePublished":"2019-02-01T09:20:14+00:00","dateModified":"2022-04-26T14:45:47+00:00","breadcrumb":{"@id":"https:\/\/fireware.nl\/fr\/product\/telecommande-cirrus-cumulus-stratus\/#breadcrumb"},"inLanguage":"fr-FR","potentialAction":[{"@type":"ReadAction","target":["https:\/\/fireware.nl\/fr\/product\/telecommande-cirrus-cumulus-stratus\/"]}]},{"@type":"ImageObject","inLanguage":"fr-FR","@id":"https:\/\/fireware.nl\/fr\/product\/telecommande-cirrus-cumulus-stratus\/#primaryimage","url":"https:\/\/fireware.nl\/wp-content\/uploads\/2019\/01\/008-012-015-Draadloze-afstandsbedienning-CirrusCumulusStratus-Remote.jpg","contentUrl":"https:\/\/fireware.nl\/wp-content\/uploads\/2019\/01\/008-012-015-Draadloze-afstandsbedienning-CirrusCumulusStratus-Remote.jpg","width":600,"height":600,"caption":"008-012-015 Draadloze afstandsbedienning Cirrus,Cumulus,Stratus Remote"},{"@type":"BreadcrumbList","@id":"https:\/\/fireware.nl\/fr\/product\/telecommande-cirrus-cumulus-stratus\/#breadcrumb","itemListElement":[{"@type":"ListItem","position":1,"name":"Home","item":"https:\/\/fireware.nl\/fr\/"},{"@type":"ListItem","position":2,"name":"Produits","item":"https:\/\/fireware.nl\/fr\/produits\/"},{"@type":"ListItem","position":3,"name":"T\u00e9l\u00e9commande Cirrus\/Cumulus\/Stratus"}]},{"@type":"WebSite","@id":"https:\/\/fireware.nl\/fr\/#website","url":"https:\/\/fireware.nl\/fr\/","name":"FireWare","description":"CREATING REALISTIC  TRAINING ENVIRONMENTS","publisher":{"@id":"https:\/\/fireware.nl\/fr\/#organization"},"potentialAction":[{"@type":"SearchAction","target":{"@type":"EntryPoint","urlTemplate":"https:\/\/fireware.nl\/fr\/?s={search_term_string}"},"query-input":{"@type":"PropertyValueSpecification","valueRequired":true,"valueName":"search_term_string"}}],"inLanguage":"fr-FR"},{"@type":"Organization","@id":"https:\/\/fireware.nl\/fr\/#organization","name":"FireWare","url":"https:\/\/fireware.nl\/fr\/","logo":{"@type":"ImageObject","inLanguage":"fr-FR","@id":"https:\/\/fireware.nl\/fr\/#\/schema\/logo\/image\/","url":"https:\/\/fireware.nl\/wp-content\/uploads\/2018\/10\/FireWare-logo.jpg","contentUrl":"https:\/\/fireware.nl\/wp-content\/uploads\/2018\/10\/FireWare-logo.jpg","width":171,"height":70,"caption":"FireWare"},"image":{"@id":"https:\/\/fireware.nl\/fr\/#\/schema\/logo\/image\/"},"sameAs":["https:\/\/www.facebook.com\/FireWareBV\/","https:\/\/x.com\/FireWarebv","https:\/\/www.instagram.com\/fireware_nl\/","https:\/\/www.linkedin.com\/company\/3586017\/","https:\/\/www.youtube.com\/user\/firesalesrentconsult"]}]}},"publishpress_future_workflow_manual_trigger":{"enabledWorkflows":[]},"_links":{"self":[{"href":"https:\/\/fireware.nl\/fr\/wp-json\/wp\/v2\/product\/19028","targetHints":{"allow":["GET"]}}],"collection":[{"href":"https:\/\/fireware.nl\/fr\/wp-json\/wp\/v2\/product"}],"about":[{"href":"https:\/\/fireware.nl\/fr\/wp-json\/wp\/v2\/types\/product"}],"wp:featuredmedia":[{"embeddable":true,"href":"https:\/\/fireware.nl\/fr\/wp-json\/wp\/v2\/media\/20757"}],"wp:attachment":[{"href":"https:\/\/fireware.nl\/fr\/wp-json\/wp\/v2\/media?parent=19028"}],"wp:term":[{"taxonomy":"product_brand","embeddable":true,"href":"https:\/\/fireware.nl\/fr\/wp-json\/wp\/v2\/product_brand?post=19028"},{"taxonomy":"product_cat","embeddable":true,"href":"https:\/\/fireware.nl\/fr\/wp-json\/wp\/v2\/product_cat?post=19028"},{"taxonomy":"product_tag","embeddable":true,"href":"https:\/\/fireware.nl\/fr\/wp-json\/wp\/v2\/product_tag?post=19028"}],"curies":[{"name":"wp","href":"https:\/\/api.w.org\/{rel}","templated":true}]}}