
{"id":19030,"date":"2019-01-23T12:16:10","date_gmt":"2019-02-01T09:21:11","guid":{"rendered":"http:\/\/fireware.sites.hyperhosting.co\/?post_type=product&#038;p=19030"},"modified":"2022-11-11T09:23:36","modified_gmt":"2022-11-11T09:23:36","slug":"adaptateur-de-tuyau-cirrus","status":"publish","type":"product","link":"https:\/\/fireware.nl\/fr\/produit\/adaptateur-de-tuyau-cirrus\/","title":{"rendered":"Adaptateur de tuyau Cirrus"},"content":{"rendered":"<p>Un adaptateur de tuyau vous permet de raccorder un morceau de tuyau \u00e0 votre machine \u00e0 fum\u00e9e. Vous pouvez le fixer \u00e0 la machine au moyen de deux vis et, une fois fix\u00e9, il n\u2019y aura plus besoin de l\u2019en d\u00e9tacher.<\/p>\n<p>Ensuite, vous pouvez raccorder un tuyau silicone d\u2019un diam\u00e8tre de 32 millim\u00e8tres \u00e0 la machine. Cet adaptateur convient aux machines \u00e0 fum\u00e9e sur batterie Cirrus.<\/p>\n<p>Un tel tuyau est\u00a0surtout utilis\u00e9 lorsque la machine \u00e0 fum\u00e9e doit \u00eatre plac\u00e9e \u00e0 grande distance de la sc\u00e8ne. C\u2019est le cas, par exemple, d\u2019un exercice pendant lequel on utilise de l\u2019eau. De plus, le tuyau fumig\u00e8ne est \u00e9galement tr\u00e8s pratique pour simuler des fuites.<\/p>\n<p>Parfois, une machine \u00e0 fum\u00e9e ne peut pas s\u2019introduire compl\u00e8tement dans un appareil \u00e0 effets sp\u00e9ciaux. C\u2019est pourquoi, pour simuler un four, une poubelle ou un \u00e9cran d\u2019ordinateur en feu, le tuyau fumig\u00e8ne est tout indiqu\u00e9.<\/p>\n","protected":false},"excerpt":{"rendered":"<ul>\n<li>Pi\u00e8ce de r\u00e9duction permettant de raccorder un tuyau silicone.<\/li>\n<li>Convient aux machines \u00e0 fum\u00e9e\u00a0sur batterie Cirrus.<\/li>\n<li>Peut\u00a0s\u2019appliquer \u00e0 un tuyau de 32 millim\u00e8tres de diam\u00e8tre.<\/li>\n<li>Se fixe facilement au moyen de 2 vis.<\/li>\n<\/ul>\n","protected":false},"featured_media":20753,"template":"","meta":[],"product_brand":[],"product_cat":[82],"product_tag":[],"class_list":{"0":"post-19030","1":"product","2":"type-product","3":"status-publish","4":"has-post-thumbnail","6":"product_cat-supplements-pour-generateurs-de-fumee","8":"first","9":"instock","10":"taxable","11":"shipping-taxable","12":"purchasable","13":"product-type-simple"},"yoast_head":"<!-- This site is optimized with the Yoast SEO plugin v27.5 - https:\/\/yoast.com\/product\/yoast-seo-wordpress\/ -->\n<title>Adaptateur de tuyau Cirrus - FireWare<\/title>\n<meta name=\"robots\" content=\"index, follow, max-snippet:-1, max-image-preview:large, max-video-preview:-1\" \/>\n<link rel=\"canonical\" href=\"https:\/\/fireware.nl\/fr\/produit\/adaptateur-de-tuyau-cirrus\/\" \/>\n<meta property=\"og:locale\" content=\"fr_FR\" \/>\n<meta property=\"og:type\" content=\"article\" \/>\n<meta property=\"og:title\" content=\"Adaptateur de tuyau Cirrus - FireWare\" \/>\n<meta property=\"og:description\" content=\"Pi\u00e8ce de r\u00e9duction permettant de raccorder un tuyau silicone.  Convient aux machines \u00e0 fum\u00e9e\u00a0sur batterie Cirrus.  Peut\u00a0s\u2019appliquer \u00e0 un tuyau de 32 millim\u00e8tres de diam\u00e8tre.  Se fixe facilement au moyen de 2 vis.\" \/>\n<meta property=\"og:url\" content=\"https:\/\/fireware.nl\/fr\/produit\/adaptateur-de-tuyau-cirrus\/\" \/>\n<meta property=\"og:site_name\" content=\"FireWare\" \/>\n<meta property=\"article:publisher\" content=\"https:\/\/www.facebook.com\/FireWareBV\/\" \/>\n<meta property=\"article:modified_time\" content=\"2022-11-11T09:23:36+00:00\" \/>\n<meta property=\"og:image\" content=\"https:\/\/fireware.nl\/wp-content\/uploads\/2019\/01\/008-002-010-Cirrus-Slangadapter.jpg\" \/>\n\t<meta property=\"og:image:width\" content=\"600\" \/>\n\t<meta property=\"og:image:height\" content=\"600\" \/>\n\t<meta property=\"og:image:type\" content=\"image\/jpeg\" \/>\n<meta name=\"twitter:card\" content=\"summary_large_image\" \/>\n<meta name=\"twitter:site\" content=\"@FireWarebv\" \/>\n<meta name=\"twitter:label1\" content=\"Dur\u00e9e de lecture estim\u00e9e\" \/>\n\t<meta name=\"twitter:data1\" content=\"1 minute\" \/>\n<script type=\"application\/ld+json\" class=\"yoast-schema-graph\">{\"@context\":\"https:\\\/\\\/schema.org\",\"@graph\":[{\"@type\":\"WebPage\",\"@id\":\"https:\\\/\\\/fireware.nl\\\/fr\\\/produit\\\/adaptateur-de-tuyau-cirrus\\\/\",\"url\":\"https:\\\/\\\/fireware.nl\\\/fr\\\/produit\\\/adaptateur-de-tuyau-cirrus\\\/\",\"name\":\"Adaptateur de tuyau Cirrus - FireWare\",\"isPartOf\":{\"@id\":\"https:\\\/\\\/fireware.nl\\\/fr\\\/#website\"},\"primaryImageOfPage\":{\"@id\":\"https:\\\/\\\/fireware.nl\\\/fr\\\/produit\\\/adaptateur-de-tuyau-cirrus\\\/#primaryimage\"},\"image\":{\"@id\":\"https:\\\/\\\/fireware.nl\\\/fr\\\/produit\\\/adaptateur-de-tuyau-cirrus\\\/#primaryimage\"},\"thumbnailUrl\":\"https:\\\/\\\/fireware.nl\\\/wp-content\\\/uploads\\\/2019\\\/01\\\/008-002-010-Cirrus-Slangadapter.jpg\",\"datePublished\":\"2019-02-01T09:21:11+00:00\",\"dateModified\":\"2022-11-11T09:23:36+00:00\",\"breadcrumb\":{\"@id\":\"https:\\\/\\\/fireware.nl\\\/fr\\\/produit\\\/adaptateur-de-tuyau-cirrus\\\/#breadcrumb\"},\"inLanguage\":\"fr-FR\",\"potentialAction\":[{\"@type\":\"ReadAction\",\"target\":[\"https:\\\/\\\/fireware.nl\\\/fr\\\/produit\\\/adaptateur-de-tuyau-cirrus\\\/\"]}]},{\"@type\":\"ImageObject\",\"inLanguage\":\"fr-FR\",\"@id\":\"https:\\\/\\\/fireware.nl\\\/fr\\\/produit\\\/adaptateur-de-tuyau-cirrus\\\/#primaryimage\",\"url\":\"https:\\\/\\\/fireware.nl\\\/wp-content\\\/uploads\\\/2019\\\/01\\\/008-002-010-Cirrus-Slangadapter.jpg\",\"contentUrl\":\"https:\\\/\\\/fireware.nl\\\/wp-content\\\/uploads\\\/2019\\\/01\\\/008-002-010-Cirrus-Slangadapter.jpg\",\"width\":600,\"height\":600,\"caption\":\"008-002-010 Cirrus Slangadapter\"},{\"@type\":\"BreadcrumbList\",\"@id\":\"https:\\\/\\\/fireware.nl\\\/fr\\\/produit\\\/adaptateur-de-tuyau-cirrus\\\/#breadcrumb\",\"itemListElement\":[{\"@type\":\"ListItem\",\"position\":1,\"name\":\"Home\",\"item\":\"https:\\\/\\\/fireware.nl\\\/fr\\\/\"},{\"@type\":\"ListItem\",\"position\":2,\"name\":\"Produits\",\"item\":\"https:\\\/\\\/fireware.nl\\\/fr\\\/produits\\\/\"},{\"@type\":\"ListItem\",\"position\":3,\"name\":\"Adaptateur de tuyau Cirrus\"}]},{\"@type\":\"WebSite\",\"@id\":\"https:\\\/\\\/fireware.nl\\\/fr\\\/#website\",\"url\":\"https:\\\/\\\/fireware.nl\\\/fr\\\/\",\"name\":\"FireWare\",\"description\":\"CREATING REALISTIC  TRAINING ENVIRONMENTS\",\"publisher\":{\"@id\":\"https:\\\/\\\/fireware.nl\\\/fr\\\/#organization\"},\"potentialAction\":[{\"@type\":\"SearchAction\",\"target\":{\"@type\":\"EntryPoint\",\"urlTemplate\":\"https:\\\/\\\/fireware.nl\\\/fr\\\/?s={search_term_string}\"},\"query-input\":{\"@type\":\"PropertyValueSpecification\",\"valueRequired\":true,\"valueName\":\"search_term_string\"}}],\"inLanguage\":\"fr-FR\"},{\"@type\":\"Organization\",\"@id\":\"https:\\\/\\\/fireware.nl\\\/fr\\\/#organization\",\"name\":\"FireWare\",\"url\":\"https:\\\/\\\/fireware.nl\\\/fr\\\/\",\"logo\":{\"@type\":\"ImageObject\",\"inLanguage\":\"fr-FR\",\"@id\":\"https:\\\/\\\/fireware.nl\\\/fr\\\/#\\\/schema\\\/logo\\\/image\\\/\",\"url\":\"https:\\\/\\\/fireware.nl\\\/wp-content\\\/uploads\\\/2018\\\/10\\\/FireWare-logo.jpg\",\"contentUrl\":\"https:\\\/\\\/fireware.nl\\\/wp-content\\\/uploads\\\/2018\\\/10\\\/FireWare-logo.jpg\",\"width\":171,\"height\":70,\"caption\":\"FireWare\"},\"image\":{\"@id\":\"https:\\\/\\\/fireware.nl\\\/fr\\\/#\\\/schema\\\/logo\\\/image\\\/\"},\"sameAs\":[\"https:\\\/\\\/www.facebook.com\\\/FireWareBV\\\/\",\"https:\\\/\\\/x.com\\\/FireWarebv\",\"https:\\\/\\\/www.instagram.com\\\/fireware_nl\\\/\",\"https:\\\/\\\/www.linkedin.com\\\/company\\\/3586017\\\/\",\"https:\\\/\\\/www.youtube.com\\\/user\\\/firesalesrentconsult\"]}]}<\/script>\n<!-- \/ Yoast SEO plugin. -->","yoast_head_json":{"title":"Adaptateur de tuyau Cirrus - FireWare","robots":{"index":"index","follow":"follow","max-snippet":"max-snippet:-1","max-image-preview":"max-image-preview:large","max-video-preview":"max-video-preview:-1"},"canonical":"https:\/\/fireware.nl\/fr\/produit\/adaptateur-de-tuyau-cirrus\/","og_locale":"fr_FR","og_type":"article","og_title":"Adaptateur de tuyau Cirrus - FireWare","og_description":"Pi\u00e8ce de r\u00e9duction permettant de raccorder un tuyau silicone.  Convient aux machines \u00e0 fum\u00e9e\u00a0sur batterie Cirrus.  Peut\u00a0s\u2019appliquer \u00e0 un tuyau de 32 millim\u00e8tres de diam\u00e8tre.  Se fixe facilement au moyen de 2 vis.","og_url":"https:\/\/fireware.nl\/fr\/produit\/adaptateur-de-tuyau-cirrus\/","og_site_name":"FireWare","article_publisher":"https:\/\/www.facebook.com\/FireWareBV\/","article_modified_time":"2022-11-11T09:23:36+00:00","og_image":[{"width":600,"height":600,"url":"https:\/\/fireware.nl\/wp-content\/uploads\/2019\/01\/008-002-010-Cirrus-Slangadapter.jpg","type":"image\/jpeg"}],"twitter_card":"summary_large_image","twitter_site":"@FireWarebv","twitter_misc":{"Dur\u00e9e de lecture estim\u00e9e":"1 minute"},"schema":{"@context":"https:\/\/schema.org","@graph":[{"@type":"WebPage","@id":"https:\/\/fireware.nl\/fr\/produit\/adaptateur-de-tuyau-cirrus\/","url":"https:\/\/fireware.nl\/fr\/produit\/adaptateur-de-tuyau-cirrus\/","name":"Adaptateur de tuyau Cirrus - FireWare","isPartOf":{"@id":"https:\/\/fireware.nl\/fr\/#website"},"primaryImageOfPage":{"@id":"https:\/\/fireware.nl\/fr\/produit\/adaptateur-de-tuyau-cirrus\/#primaryimage"},"image":{"@id":"https:\/\/fireware.nl\/fr\/produit\/adaptateur-de-tuyau-cirrus\/#primaryimage"},"thumbnailUrl":"https:\/\/fireware.nl\/wp-content\/uploads\/2019\/01\/008-002-010-Cirrus-Slangadapter.jpg","datePublished":"2019-02-01T09:21:11+00:00","dateModified":"2022-11-11T09:23:36+00:00","breadcrumb":{"@id":"https:\/\/fireware.nl\/fr\/produit\/adaptateur-de-tuyau-cirrus\/#breadcrumb"},"inLanguage":"fr-FR","potentialAction":[{"@type":"ReadAction","target":["https:\/\/fireware.nl\/fr\/produit\/adaptateur-de-tuyau-cirrus\/"]}]},{"@type":"ImageObject","inLanguage":"fr-FR","@id":"https:\/\/fireware.nl\/fr\/produit\/adaptateur-de-tuyau-cirrus\/#primaryimage","url":"https:\/\/fireware.nl\/wp-content\/uploads\/2019\/01\/008-002-010-Cirrus-Slangadapter.jpg","contentUrl":"https:\/\/fireware.nl\/wp-content\/uploads\/2019\/01\/008-002-010-Cirrus-Slangadapter.jpg","width":600,"height":600,"caption":"008-002-010 Cirrus Slangadapter"},{"@type":"BreadcrumbList","@id":"https:\/\/fireware.nl\/fr\/produit\/adaptateur-de-tuyau-cirrus\/#breadcrumb","itemListElement":[{"@type":"ListItem","position":1,"name":"Home","item":"https:\/\/fireware.nl\/fr\/"},{"@type":"ListItem","position":2,"name":"Produits","item":"https:\/\/fireware.nl\/fr\/produits\/"},{"@type":"ListItem","position":3,"name":"Adaptateur de tuyau Cirrus"}]},{"@type":"WebSite","@id":"https:\/\/fireware.nl\/fr\/#website","url":"https:\/\/fireware.nl\/fr\/","name":"FireWare","description":"CREATING REALISTIC  TRAINING ENVIRONMENTS","publisher":{"@id":"https:\/\/fireware.nl\/fr\/#organization"},"potentialAction":[{"@type":"SearchAction","target":{"@type":"EntryPoint","urlTemplate":"https:\/\/fireware.nl\/fr\/?s={search_term_string}"},"query-input":{"@type":"PropertyValueSpecification","valueRequired":true,"valueName":"search_term_string"}}],"inLanguage":"fr-FR"},{"@type":"Organization","@id":"https:\/\/fireware.nl\/fr\/#organization","name":"FireWare","url":"https:\/\/fireware.nl\/fr\/","logo":{"@type":"ImageObject","inLanguage":"fr-FR","@id":"https:\/\/fireware.nl\/fr\/#\/schema\/logo\/image\/","url":"https:\/\/fireware.nl\/wp-content\/uploads\/2018\/10\/FireWare-logo.jpg","contentUrl":"https:\/\/fireware.nl\/wp-content\/uploads\/2018\/10\/FireWare-logo.jpg","width":171,"height":70,"caption":"FireWare"},"image":{"@id":"https:\/\/fireware.nl\/fr\/#\/schema\/logo\/image\/"},"sameAs":["https:\/\/www.facebook.com\/FireWareBV\/","https:\/\/x.com\/FireWarebv","https:\/\/www.instagram.com\/fireware_nl\/","https:\/\/www.linkedin.com\/company\/3586017\/","https:\/\/www.youtube.com\/user\/firesalesrentconsult"]}]}},"publishpress_future_workflow_manual_trigger":{"enabledWorkflows":[]},"_links":{"self":[{"href":"https:\/\/fireware.nl\/fr\/wp-json\/wp\/v2\/product\/19030","targetHints":{"allow":["GET"]}}],"collection":[{"href":"https:\/\/fireware.nl\/fr\/wp-json\/wp\/v2\/product"}],"about":[{"href":"https:\/\/fireware.nl\/fr\/wp-json\/wp\/v2\/types\/product"}],"wp:featuredmedia":[{"embeddable":true,"href":"https:\/\/fireware.nl\/fr\/wp-json\/wp\/v2\/media\/20753"}],"wp:attachment":[{"href":"https:\/\/fireware.nl\/fr\/wp-json\/wp\/v2\/media?parent=19030"}],"wp:term":[{"taxonomy":"product_brand","embeddable":true,"href":"https:\/\/fireware.nl\/fr\/wp-json\/wp\/v2\/product_brand?post=19030"},{"taxonomy":"product_cat","embeddable":true,"href":"https:\/\/fireware.nl\/fr\/wp-json\/wp\/v2\/product_cat?post=19030"},{"taxonomy":"product_tag","embeddable":true,"href":"https:\/\/fireware.nl\/fr\/wp-json\/wp\/v2\/product_tag?post=19030"}],"curies":[{"name":"wp","href":"https:\/\/api.w.org\/{rel}","templated":true}]}}