
{"id":19035,"date":"2025-07-01T12:16:10","date_gmt":"2025-07-01T12:16:10","guid":{"rendered":"http:\/\/fireware.sites.hyperhosting.co\/?post_type=product&#038;p=19035"},"modified":"2026-02-05T14:49:45","modified_gmt":"2026-02-05T14:49:45","slug":"smoke-hose-set","status":"publish","type":"product","link":"https:\/\/fireware.nl\/fr\/product\/smoke-hose-set\/","title":{"rendered":"Smoke Hose Set"},"content":{"rendered":"\n\n\t<h2>Extension pour votre machine \u00e0 fum\u00e9e<\/h2>\n<p>Le Smoke Hose Set est constitu\u00e9 d&#8217;un caisson contenant un adaptateur pour le FireWare Cumulus \/ Stratus et un flexible \u00e0 fum\u00e9e d&#8217;un diam\u00e8tre de 152 mm. Gr\u00e2ce \u00e0 ses dimensions g\u00e9n\u00e9reuses et sa structure d&#8217;anneaux m\u00e9talliques, le flexible peut transporter une belle quantit\u00e9 de fum\u00e9e.<\/p>\n<p>Un flexible \u00e0 fum\u00e9e est principalement utilis\u00e9 lorsque la machine \u00e0 fum\u00e9e doit \u00eatre positionn\u00e9e \u00e0 une certaine distance du d\u00e9cor, et notamment lors d&#8217;un exercice qui n\u00e9cessite de l&#8217;eau. Un flexible \u00e0 fum\u00e9e convient \u00e9galement \u00e0 merveille \u00e0 la simulation de fuites, au transport de fum\u00e9e dans un environnement antid\u00e9flagrant ou au raccordement d&#8217;une machine \u00e0 fum\u00e9e \u00e0 une structure tubulaire.<\/p>\n<p>Le flexible \u00e0 fum\u00e9e est renforc\u00e9 \u00e0 l&#8217;ext\u00e9rieur par des bandes d&#8217;usure pour une r\u00e9sistance optimale lorsqu&#8217;il est tra\u00een\u00e9 sur le sol ou utilis\u00e9 dans des applications lourdes. Les extr\u00e9mit\u00e9s du flexible sont garnies de manchons permettant par exemple d&#8217;assujettir le tuyau \u00e0 une structure tubulaire. Les 3 boucles de fixation et les sangles d&#8217;arrimage int\u00e9gr\u00e9es servent \u00e0 fixer solidement le flexible.<\/p>\n<h2>Regarder la vid\u00e9o<\/h2>\n\t\t<iframe width=\"1280\" height=\"720\" src=https:\/\/player.vimeo.com\/video\/1162151561?hl=nl&#038;cc_lang_pref=nl&#038;cc_load_policy=1 frameborder=\"0\" allow=\"accelerometer; autoplay; clipboard-write; encrypted-media; gyroscope; picture-in-picture\" allowfullscreen><\/iframe>\t\n\n","protected":false},"excerpt":{"rendered":"<ul>\n<li>Flexible \u00e0 fum\u00e9e d\u2019une longueur de 10 m\u00e8tres et d\u2019un diam\u00e8tre de 152 mm<\/li>\n<li>Adaptateur pour le g\u00e9n\u00e9rateur FireWare Cumulus \/ Stratus inclus<\/li>\n<li>Caisson en mati\u00e8re synth\u00e9tique de 60*40*32,5 cm.<\/li>\n<li>Dot\u00e9 de bandes d\u2019usure<\/li>\n<li>Muni de manchons pour l\u2019accouplement aux tuyaux<\/li>\n<li>Pourvu de boucles et de sangles d\u2019arrimage pour la fixation<\/li>\n<\/ul>\n","protected":false},"featured_media":20783,"template":"","meta":[],"product_brand":[],"product_cat":[82],"product_tag":[],"class_list":{"0":"post-19035","1":"product","2":"type-product","3":"status-publish","4":"has-post-thumbnail","6":"product_cat-supplements-pour-generateurs-de-fumee","8":"first","9":"instock","10":"taxable","11":"shipping-taxable","12":"purchasable","13":"product-type-simple"},"yoast_head":"<!-- This site is optimized with the Yoast SEO plugin v27.5 - https:\/\/yoast.com\/product\/yoast-seo-wordpress\/ -->\n<title>Smoke Hose Set - FireWare<\/title>\n<meta name=\"robots\" content=\"index, follow, max-snippet:-1, max-image-preview:large, max-video-preview:-1\" \/>\n<link rel=\"canonical\" href=\"https:\/\/fireware.nl\/fr\/product\/smoke-hose-set\/\" \/>\n<meta property=\"og:locale\" content=\"fr_FR\" \/>\n<meta property=\"og:type\" content=\"article\" \/>\n<meta property=\"og:title\" content=\"Smoke Hose Set - FireWare\" \/>\n<meta property=\"og:description\" content=\"Flexible \u00e0 fum\u00e9e d\u2019une longueur de 10 m\u00e8tres et d\u2019un diam\u00e8tre de 152 mm  Adaptateur pour le g\u00e9n\u00e9rateur FireWare Cumulus \/ Stratus inclus  Caisson en mati\u00e8re synth\u00e9tique de 60*40*32,5 cm.  Dot\u00e9 de bandes d\u2019usure  Muni de manchons pour l\u2019accouplement aux tuyaux  Pourvu de boucles et de sangles d\u2019arrimage pour la fixation\" \/>\n<meta property=\"og:url\" content=\"https:\/\/fireware.nl\/fr\/product\/smoke-hose-set\/\" \/>\n<meta property=\"og:site_name\" content=\"FireWare\" \/>\n<meta property=\"article:publisher\" content=\"https:\/\/www.facebook.com\/FireWareBV\/\" \/>\n<meta property=\"article:modified_time\" content=\"2026-02-05T14:49:45+00:00\" \/>\n<meta property=\"og:image\" content=\"https:\/\/fireware.nl\/wp-content\/uploads\/2019\/01\/008-012-011-Smokehose_Aangesloten.jpg\" \/>\n\t<meta property=\"og:image:width\" content=\"600\" \/>\n\t<meta property=\"og:image:height\" content=\"600\" \/>\n\t<meta property=\"og:image:type\" content=\"image\/jpeg\" \/>\n<meta name=\"twitter:card\" content=\"summary_large_image\" \/>\n<meta name=\"twitter:site\" content=\"@FireWarebv\" \/>\n<script type=\"application\/ld+json\" class=\"yoast-schema-graph\">{\"@context\":\"https:\\\/\\\/schema.org\",\"@graph\":[{\"@type\":\"WebPage\",\"@id\":\"https:\\\/\\\/fireware.nl\\\/fr\\\/product\\\/smoke-hose-set\\\/\",\"url\":\"https:\\\/\\\/fireware.nl\\\/fr\\\/product\\\/smoke-hose-set\\\/\",\"name\":\"Smoke Hose Set - FireWare\",\"isPartOf\":{\"@id\":\"https:\\\/\\\/fireware.nl\\\/fr\\\/#website\"},\"primaryImageOfPage\":{\"@id\":\"https:\\\/\\\/fireware.nl\\\/fr\\\/product\\\/smoke-hose-set\\\/#primaryimage\"},\"image\":{\"@id\":\"https:\\\/\\\/fireware.nl\\\/fr\\\/product\\\/smoke-hose-set\\\/#primaryimage\"},\"thumbnailUrl\":\"https:\\\/\\\/fireware.nl\\\/wp-content\\\/uploads\\\/2019\\\/01\\\/008-012-011-Smokehose_Aangesloten.jpg\",\"datePublished\":\"2025-07-01T12:16:10+00:00\",\"dateModified\":\"2026-02-05T14:49:45+00:00\",\"breadcrumb\":{\"@id\":\"https:\\\/\\\/fireware.nl\\\/fr\\\/product\\\/smoke-hose-set\\\/#breadcrumb\"},\"inLanguage\":\"fr-FR\",\"potentialAction\":[{\"@type\":\"ReadAction\",\"target\":[\"https:\\\/\\\/fireware.nl\\\/fr\\\/product\\\/smoke-hose-set\\\/\"]}]},{\"@type\":\"ImageObject\",\"inLanguage\":\"fr-FR\",\"@id\":\"https:\\\/\\\/fireware.nl\\\/fr\\\/product\\\/smoke-hose-set\\\/#primaryimage\",\"url\":\"https:\\\/\\\/fireware.nl\\\/wp-content\\\/uploads\\\/2019\\\/01\\\/008-012-011-Smokehose_Aangesloten.jpg\",\"contentUrl\":\"https:\\\/\\\/fireware.nl\\\/wp-content\\\/uploads\\\/2019\\\/01\\\/008-012-011-Smokehose_Aangesloten.jpg\",\"width\":600,\"height\":600,\"caption\":\"008-012-011 Smokehose_Aangesloten\"},{\"@type\":\"BreadcrumbList\",\"@id\":\"https:\\\/\\\/fireware.nl\\\/fr\\\/product\\\/smoke-hose-set\\\/#breadcrumb\",\"itemListElement\":[{\"@type\":\"ListItem\",\"position\":1,\"name\":\"Home\",\"item\":\"https:\\\/\\\/fireware.nl\\\/fr\\\/\"},{\"@type\":\"ListItem\",\"position\":2,\"name\":\"Produits\",\"item\":\"https:\\\/\\\/fireware.nl\\\/fr\\\/produits\\\/\"},{\"@type\":\"ListItem\",\"position\":3,\"name\":\"Smoke Hose Set\"}]},{\"@type\":\"WebSite\",\"@id\":\"https:\\\/\\\/fireware.nl\\\/fr\\\/#website\",\"url\":\"https:\\\/\\\/fireware.nl\\\/fr\\\/\",\"name\":\"FireWare\",\"description\":\"CREATING REALISTIC  TRAINING ENVIRONMENTS\",\"publisher\":{\"@id\":\"https:\\\/\\\/fireware.nl\\\/fr\\\/#organization\"},\"potentialAction\":[{\"@type\":\"SearchAction\",\"target\":{\"@type\":\"EntryPoint\",\"urlTemplate\":\"https:\\\/\\\/fireware.nl\\\/fr\\\/?s={search_term_string}\"},\"query-input\":{\"@type\":\"PropertyValueSpecification\",\"valueRequired\":true,\"valueName\":\"search_term_string\"}}],\"inLanguage\":\"fr-FR\"},{\"@type\":\"Organization\",\"@id\":\"https:\\\/\\\/fireware.nl\\\/fr\\\/#organization\",\"name\":\"FireWare\",\"url\":\"https:\\\/\\\/fireware.nl\\\/fr\\\/\",\"logo\":{\"@type\":\"ImageObject\",\"inLanguage\":\"fr-FR\",\"@id\":\"https:\\\/\\\/fireware.nl\\\/fr\\\/#\\\/schema\\\/logo\\\/image\\\/\",\"url\":\"https:\\\/\\\/fireware.nl\\\/wp-content\\\/uploads\\\/2018\\\/10\\\/FireWare-logo.jpg\",\"contentUrl\":\"https:\\\/\\\/fireware.nl\\\/wp-content\\\/uploads\\\/2018\\\/10\\\/FireWare-logo.jpg\",\"width\":171,\"height\":70,\"caption\":\"FireWare\"},\"image\":{\"@id\":\"https:\\\/\\\/fireware.nl\\\/fr\\\/#\\\/schema\\\/logo\\\/image\\\/\"},\"sameAs\":[\"https:\\\/\\\/www.facebook.com\\\/FireWareBV\\\/\",\"https:\\\/\\\/x.com\\\/FireWarebv\",\"https:\\\/\\\/www.instagram.com\\\/fireware_nl\\\/\",\"https:\\\/\\\/www.linkedin.com\\\/company\\\/3586017\\\/\",\"https:\\\/\\\/www.youtube.com\\\/user\\\/firesalesrentconsult\"]}]}<\/script>\n<!-- \/ Yoast SEO plugin. -->","yoast_head_json":{"title":"Smoke Hose Set - FireWare","robots":{"index":"index","follow":"follow","max-snippet":"max-snippet:-1","max-image-preview":"max-image-preview:large","max-video-preview":"max-video-preview:-1"},"canonical":"https:\/\/fireware.nl\/fr\/product\/smoke-hose-set\/","og_locale":"fr_FR","og_type":"article","og_title":"Smoke Hose Set - FireWare","og_description":"Flexible \u00e0 fum\u00e9e d\u2019une longueur de 10 m\u00e8tres et d\u2019un diam\u00e8tre de 152 mm  Adaptateur pour le g\u00e9n\u00e9rateur FireWare Cumulus \/ Stratus inclus  Caisson en mati\u00e8re synth\u00e9tique de 60*40*32,5 cm.  Dot\u00e9 de bandes d\u2019usure  Muni de manchons pour l\u2019accouplement aux tuyaux  Pourvu de boucles et de sangles d\u2019arrimage pour la fixation","og_url":"https:\/\/fireware.nl\/fr\/product\/smoke-hose-set\/","og_site_name":"FireWare","article_publisher":"https:\/\/www.facebook.com\/FireWareBV\/","article_modified_time":"2026-02-05T14:49:45+00:00","og_image":[{"width":600,"height":600,"url":"https:\/\/fireware.nl\/wp-content\/uploads\/2019\/01\/008-012-011-Smokehose_Aangesloten.jpg","type":"image\/jpeg"}],"twitter_card":"summary_large_image","twitter_site":"@FireWarebv","schema":{"@context":"https:\/\/schema.org","@graph":[{"@type":"WebPage","@id":"https:\/\/fireware.nl\/fr\/product\/smoke-hose-set\/","url":"https:\/\/fireware.nl\/fr\/product\/smoke-hose-set\/","name":"Smoke Hose Set - FireWare","isPartOf":{"@id":"https:\/\/fireware.nl\/fr\/#website"},"primaryImageOfPage":{"@id":"https:\/\/fireware.nl\/fr\/product\/smoke-hose-set\/#primaryimage"},"image":{"@id":"https:\/\/fireware.nl\/fr\/product\/smoke-hose-set\/#primaryimage"},"thumbnailUrl":"https:\/\/fireware.nl\/wp-content\/uploads\/2019\/01\/008-012-011-Smokehose_Aangesloten.jpg","datePublished":"2025-07-01T12:16:10+00:00","dateModified":"2026-02-05T14:49:45+00:00","breadcrumb":{"@id":"https:\/\/fireware.nl\/fr\/product\/smoke-hose-set\/#breadcrumb"},"inLanguage":"fr-FR","potentialAction":[{"@type":"ReadAction","target":["https:\/\/fireware.nl\/fr\/product\/smoke-hose-set\/"]}]},{"@type":"ImageObject","inLanguage":"fr-FR","@id":"https:\/\/fireware.nl\/fr\/product\/smoke-hose-set\/#primaryimage","url":"https:\/\/fireware.nl\/wp-content\/uploads\/2019\/01\/008-012-011-Smokehose_Aangesloten.jpg","contentUrl":"https:\/\/fireware.nl\/wp-content\/uploads\/2019\/01\/008-012-011-Smokehose_Aangesloten.jpg","width":600,"height":600,"caption":"008-012-011 Smokehose_Aangesloten"},{"@type":"BreadcrumbList","@id":"https:\/\/fireware.nl\/fr\/product\/smoke-hose-set\/#breadcrumb","itemListElement":[{"@type":"ListItem","position":1,"name":"Home","item":"https:\/\/fireware.nl\/fr\/"},{"@type":"ListItem","position":2,"name":"Produits","item":"https:\/\/fireware.nl\/fr\/produits\/"},{"@type":"ListItem","position":3,"name":"Smoke Hose Set"}]},{"@type":"WebSite","@id":"https:\/\/fireware.nl\/fr\/#website","url":"https:\/\/fireware.nl\/fr\/","name":"FireWare","description":"CREATING REALISTIC  TRAINING ENVIRONMENTS","publisher":{"@id":"https:\/\/fireware.nl\/fr\/#organization"},"potentialAction":[{"@type":"SearchAction","target":{"@type":"EntryPoint","urlTemplate":"https:\/\/fireware.nl\/fr\/?s={search_term_string}"},"query-input":{"@type":"PropertyValueSpecification","valueRequired":true,"valueName":"search_term_string"}}],"inLanguage":"fr-FR"},{"@type":"Organization","@id":"https:\/\/fireware.nl\/fr\/#organization","name":"FireWare","url":"https:\/\/fireware.nl\/fr\/","logo":{"@type":"ImageObject","inLanguage":"fr-FR","@id":"https:\/\/fireware.nl\/fr\/#\/schema\/logo\/image\/","url":"https:\/\/fireware.nl\/wp-content\/uploads\/2018\/10\/FireWare-logo.jpg","contentUrl":"https:\/\/fireware.nl\/wp-content\/uploads\/2018\/10\/FireWare-logo.jpg","width":171,"height":70,"caption":"FireWare"},"image":{"@id":"https:\/\/fireware.nl\/fr\/#\/schema\/logo\/image\/"},"sameAs":["https:\/\/www.facebook.com\/FireWareBV\/","https:\/\/x.com\/FireWarebv","https:\/\/www.instagram.com\/fireware_nl\/","https:\/\/www.linkedin.com\/company\/3586017\/","https:\/\/www.youtube.com\/user\/firesalesrentconsult"]}]}},"publishpress_future_workflow_manual_trigger":{"enabledWorkflows":[]},"_links":{"self":[{"href":"https:\/\/fireware.nl\/fr\/wp-json\/wp\/v2\/product\/19035","targetHints":{"allow":["GET"]}}],"collection":[{"href":"https:\/\/fireware.nl\/fr\/wp-json\/wp\/v2\/product"}],"about":[{"href":"https:\/\/fireware.nl\/fr\/wp-json\/wp\/v2\/types\/product"}],"wp:featuredmedia":[{"embeddable":true,"href":"https:\/\/fireware.nl\/fr\/wp-json\/wp\/v2\/media\/20783"}],"wp:attachment":[{"href":"https:\/\/fireware.nl\/fr\/wp-json\/wp\/v2\/media?parent=19035"}],"wp:term":[{"taxonomy":"product_brand","embeddable":true,"href":"https:\/\/fireware.nl\/fr\/wp-json\/wp\/v2\/product_brand?post=19035"},{"taxonomy":"product_cat","embeddable":true,"href":"https:\/\/fireware.nl\/fr\/wp-json\/wp\/v2\/product_cat?post=19035"},{"taxonomy":"product_tag","embeddable":true,"href":"https:\/\/fireware.nl\/fr\/wp-json\/wp\/v2\/product_tag?post=19035"}],"curies":[{"name":"wp","href":"https:\/\/api.w.org\/{rel}","templated":true}]}}