
{"id":19104,"date":"2019-01-23T12:15:38","date_gmt":"2019-01-23T12:15:38","guid":{"rendered":"http:\/\/fireware.sites.hyperhosting.co\/?post_type=product&#038;p=19104"},"modified":"2025-12-08T07:32:30","modified_gmt":"2025-12-08T07:32:30","slug":"liquide-fumigene-pompiers-intensif","status":"publish","type":"product","link":"https:\/\/fireware.nl\/fr\/product\/liquide-fumigene-pompiers-intensif\/","title":{"rendered":"Liquide fumig\u00e8ne Pompiers intensif"},"content":{"rendered":"\n\n\t<p><em>Un liquide de fum\u00e9e haute performance pour les exercices d&#8217;incendie de plus grande envergure.<\/em><\/p>\n<h2>Pour quand un peu plus de fum\u00e9e d&#8217;entra\u00eenement est n\u00e9cessaire&#8230;<\/h2>\n<p>Hangars, entrep\u00f4ts, halls d&#8217;usine, grands escaliers&#8230; Tous des espaces o\u00f9 un peu plus de fum\u00e9e d&#8217;entra\u00eenement est n\u00e9cessaire pendant un exercice. Dans de tels cas, le liquide de fum\u00e9e Brandweer Intensief est la solution ! En raison de sa densit\u00e9 l\u00e9g\u00e8rement sup\u00e9rieure et du fait que la fum\u00e9e prend un peu plus de temps \u00e0 se dissiper, ce liquide de fum\u00e9e fait la diff\u00e9rence.<\/p>\n<h2>Id\u00e9al pour la formation \u00e0 la fum\u00e9e verticale<\/h2>\n<p>Tout pompier du monde sait que l&#8217;air chaud et la chaleur montent. Pourtant, la plupart des machines \u00e0 fum\u00e9e sont utilis\u00e9es horizontalement. Le Liquide fumig\u00e8ne Pompiers intensif a \u00e9t\u00e9 sp\u00e9cialement d\u00e9velopp\u00e9 pour \u00eatre \u00e9galement utilis\u00e9 verticalement. Gr\u00e2ce \u00e0 sa composition unique, cette fum\u00e9e d&#8217;entra\u00eenement cr\u00e9e une grande densit\u00e9 et un contr\u00f4le maximal de la vitesse de la colonne de fum\u00e9e lors de l&#8217;utilisation d&#8217;une machine \u00e0 fum\u00e9e <a href=\"https:\/\/fireware.nl\/fr\/produit\/generateur-de-fumee-cumulus\/\" target=\"_blank\" rel=\"noopener\">Cumulus<\/a> ou <a href=\"https:\/\/fireware.nl\/fr\/produit\/generateur-de-fumee-stratus\/\" target=\"_blank\" rel=\"noopener\">Stratus<\/a>. Cela permet de cr\u00e9er des images de fum\u00e9e extr\u00eamement r\u00e9alistes !<\/p>\n<h2>Simulation de la formation de vapeur lors de l&#8217;extinction<\/h2>\n<p>Lors de l&#8217;extinction d&#8217;un incendie, de la vapeur se forme. Avec le liquide de fum\u00e9e Brandweer Intensief, cette formation de vapeur suppl\u00e9mentaire peut \u00eatre bien simul\u00e9e. Un ajout amusant pour rendre l&#8217;exercice encore plus r\u00e9aliste et mieux pr\u00e9parer les secouristes pour le moment o\u00f9 cela compte vraiment !<\/p>\n<h2>Aucun r\u00e9sidu<\/h2>\n<p>FireWare d\u00e9veloppe des liquides de fum\u00e9e pour l&#8217;industrie des services d&#8217;urgence depuis 20 ans. Cette derni\u00e8re g\u00e9n\u00e9ration de liquide de fum\u00e9e a \u00e9t\u00e9 sp\u00e9cialement con\u00e7ue pour ne laisser aucun r\u00e9sidu lorsqu&#8217;elle est utilis\u00e9e correctement tout en \u00e9tant capable de simuler une image de fum\u00e9e ou de vapeur tr\u00e8s r\u00e9aliste. Cependant, l&#8217;op\u00e9rateur de mise en sc\u00e8ne doit rester attentif lors de l&#8217;utilisation de ce liquide de fum\u00e9e : une l\u00e9g\u00e8re accumulation peut se produire en cas de surdosage dans l&#8217;espace.<\/p>\n<h2>Les ingr\u00e9dients les plus purs<\/h2>\n<p>Le Liquide fumig\u00e8ne Pompiers intensif est fabriqu\u00e9 \u00e0 partir des ingr\u00e9dients les plus purs et est donc l&#8217;un des liquides de fum\u00e9e les plus s\u00fbrs pour l&#8217;homme et la machine actuellement disponibles. L&#8217;un des principaux ingr\u00e9dients est de l&#8217;eau sous sa forme la plus pure !<\/p>\n<h2>Utilisable dans toutes les machines \u00e0 fum\u00e9e modernes<\/h2>\n<p>Le liquide de Liquide fumig\u00e8ne Pompiers intensif est utilisable dans les machines \u00e0 fum\u00e9e <a href=\"https:\/\/fireware.nl\/fr\/produit\/generateur-de-fumee-nimbo\/\" target=\"_blank\" rel=\"noopener\">Nimbo<\/a>, <a href=\"https:\/\/fireware.nl\/fr\/produit\/generateur-de-fumee-cumulus\/\" target=\"_blank\" rel=\"noopener\">Cumulus<\/a> et <a href=\"https:\/\/fireware.nl\/fr\/produit\/generateur-de-fumee-stratus\/\" target=\"_blank\" rel=\"noopener\">Stratus<\/a>. Cependant, ce liquide de fum\u00e9e fonctionne \u00e9galement dans toutes les machines \u00e0 fum\u00e9e modernes \u00e0 base d&#8217;eau-glycol. Ce liquide de fum\u00e9e est disponible en bidons de 5 litres, f\u00fbts de 200 litres et conteneurs IBC de 1000 litres. Le Liquide fumig\u00e8ne Pompiers intensif est le nouveau nom pour le liquide de fum\u00e9e FireWare Heavy.<\/p>\n<h2>Horizontalement\/verticalement ou \u00e0 l&#8217;aide d&#8217;un tuyau de fum\u00e9e<\/h2>\n<p>Ce liquide de fum\u00e9e peut \u00eatre appliqu\u00e9 horizontalement et verticalement sans probl\u00e8me. Le Liquide fumig\u00e8ne Pompiers intensif peut \u00e9galement \u00eatre utilis\u00e9 avec un <a href=\"https:\/\/fireware.nl\/fr\/product\/smoke-hose-set-perfore\/\" target=\"_blank\" rel=\"noopener\">ensemble de tuyaux de fum\u00e9e perfor\u00e9s<\/a> ou <a href=\"https:\/\/fireware.nl\/fr\/product\/smoke-hose-set\/\" target=\"_blank\" rel=\"noopener\">\u00e9tanches pour simuler une source de ligne<\/a>. Regardez les vid\u00e9os sur notre site Web pour \u00e9valuer les effets !<\/p>\n<h2>Besoin de fum\u00e9e plus l\u00e9g\u00e8re ou plus dense ?<\/h2>\n<p>Outre le Liquide fumig\u00e8ne Pompiers intensif, il y a \u00e9galement les liquides<a href=\"https:\/\/fireware.nl\/fr\/product\/liquide-fumigene-exercice-incendie\/\" target=\"_blank\" rel=\"noopener\"> de fum\u00e9e exercice d&#8217;incendie<\/a>, <a href=\"https:\/\/fireware.nl\/fr\/product\/liquide-fumigene-pompiers-universel\/\" target=\"_blank\" rel=\"noopener\">Pompiers universel<\/a> et <a href=\"https:\/\/fireware.nl\/fr\/product\/liquide-fumigene-pompiers-extreme\/\" target=\"_blank\" rel=\"noopener\">Pompiers extr\u00eame<\/a>. Chacun pour une application diff\u00e9rente dans l&#8217;industrie des services d&#8217;urgence !<\/p>\n<h2><!--StartFragment -->Regarder la vid\u00e9o<!--EndFragment --><\/h2>\n\t\t<iframe width=\"560\" height=\"315\" src=https:\/\/player.vimeo.com\/video\/852635152?hl=en&#038;cc_lang_pref=en&#038;cc_load_policy=1 frameborder=\"0\" allow=\"accelerometer; autoplay; clipboard-write; encrypted-media; gyroscope; picture-in-picture\" allowfullscreen><\/iframe>\n\t\t<iframe width=\"560\" height=\"315\" src=https:\/\/player.vimeo.com\/video\/852634940?hl=en&#038;cc_lang_pref=en&#038;cc_load_policy=1 frameborder=\"0\" allow=\"accelerometer; autoplay; clipboard-write; encrypted-media; gyroscope; picture-in-picture\" allowfullscreen><\/iframe>\n\t\t\t<a href=\"https:\/\/fireware.nl\/en\/service-portal\/smoke-fluids\/english\/\" target=\"_blank\" rel=\"noopener\">\n\t\t\t\t\t\t\tD\u00e9couvrez plus de vid\u00e9os sur le liquide fumig\u00e8ne\n\t\t\t\t\t<\/a>\n\n","protected":false},"excerpt":{"rendered":"<ul>\n<li><strong>Le nouveau nom pour le liquide de fum\u00e9e FireWare Heavy.<\/strong><\/li>\n<li>Sp\u00e9cialement d\u00e9velopp\u00e9 pour une utilisation en int\u00e9rieur.<\/li>\n<li>Cr\u00e9e une fum\u00e9e dense.<\/li>\n<li>Aucun r\u00e9sidu laiss\u00e9 en arri\u00e8re.<\/li>\n<li>Convient particuli\u00e8rement aux exercices d&#8217;incendie.<\/li>\n<li>Remplit de tr\u00e8s grands espaces, tels qu&#8217;un entrep\u00f4t.<\/li>\n<li>Produit avec de l&#8217;eau doublement distill\u00e9e.<\/li>\n<\/ul>\n","protected":false},"featured_media":82334,"template":"","meta":[],"product_brand":[],"product_cat":[85],"product_tag":[],"class_list":{"0":"post-19104","1":"product","2":"type-product","3":"status-publish","4":"has-post-thumbnail","6":"product_cat-liquide-fumigenes","8":"first","9":"instock","10":"taxable","11":"shipping-taxable","12":"purchasable","13":"product-type-variable"},"yoast_head":"<!-- This site is optimized with the Yoast SEO plugin v27.5 - https:\/\/yoast.com\/product\/yoast-seo-wordpress\/ -->\n<title>Liquide fumig\u00e8ne Pompiers intensif - FireWare<\/title>\n<meta name=\"description\" content=\"Un liquide de fum\u00e9e haute performance pour les exercices d&#039;incendie de plus grande envergure.\" \/>\n<meta name=\"robots\" content=\"index, follow, max-snippet:-1, max-image-preview:large, max-video-preview:-1\" \/>\n<link rel=\"canonical\" href=\"https:\/\/fireware.nl\/fr\/product\/liquide-fumigene-pompiers-intensif\/\" \/>\n<meta property=\"og:locale\" content=\"fr_FR\" \/>\n<meta property=\"og:type\" content=\"article\" \/>\n<meta property=\"og:title\" content=\"Liquide fumig\u00e8ne Pompiers intensif - FireWare\" \/>\n<meta property=\"og:description\" content=\"Un liquide de fum\u00e9e haute performance pour les exercices d&#039;incendie de plus grande envergure.\" \/>\n<meta property=\"og:url\" content=\"https:\/\/fireware.nl\/fr\/product\/liquide-fumigene-pompiers-intensif\/\" \/>\n<meta property=\"og:site_name\" content=\"FireWare\" \/>\n<meta property=\"article:publisher\" content=\"https:\/\/www.facebook.com\/FireWareBV\/\" \/>\n<meta property=\"article:modified_time\" content=\"2025-12-08T07:32:30+00:00\" \/>\n<meta property=\"og:image\" content=\"https:\/\/fireware.nl\/wp-content\/uploads\/2023\/07\/20230608_Rookvloeistof_Intensief_001.jpg\" \/>\n\t<meta property=\"og:image:width\" content=\"600\" \/>\n\t<meta property=\"og:image:height\" content=\"600\" \/>\n\t<meta property=\"og:image:type\" content=\"image\/jpeg\" \/>\n<meta name=\"twitter:card\" content=\"summary_large_image\" \/>\n<meta name=\"twitter:site\" content=\"@FireWarebv\" \/>\n<meta name=\"twitter:label1\" content=\"Dur\u00e9e de lecture estim\u00e9e\" \/>\n\t<meta name=\"twitter:data1\" content=\"3 minutes\" \/>\n<script type=\"application\/ld+json\" class=\"yoast-schema-graph\">{\"@context\":\"https:\\\/\\\/schema.org\",\"@graph\":[{\"@type\":\"WebPage\",\"@id\":\"https:\\\/\\\/fireware.nl\\\/fr\\\/product\\\/liquide-fumigene-pompiers-intensif\\\/\",\"url\":\"https:\\\/\\\/fireware.nl\\\/fr\\\/product\\\/liquide-fumigene-pompiers-intensif\\\/\",\"name\":\"Liquide fumig\u00e8ne Pompiers intensif - FireWare\",\"isPartOf\":{\"@id\":\"https:\\\/\\\/fireware.nl\\\/fr\\\/#website\"},\"primaryImageOfPage\":{\"@id\":\"https:\\\/\\\/fireware.nl\\\/fr\\\/product\\\/liquide-fumigene-pompiers-intensif\\\/#primaryimage\"},\"image\":{\"@id\":\"https:\\\/\\\/fireware.nl\\\/fr\\\/product\\\/liquide-fumigene-pompiers-intensif\\\/#primaryimage\"},\"thumbnailUrl\":\"https:\\\/\\\/fireware.nl\\\/wp-content\\\/uploads\\\/2023\\\/07\\\/20230608_Rookvloeistof_Intensief_001.jpg\",\"datePublished\":\"2019-01-23T12:15:38+00:00\",\"dateModified\":\"2025-12-08T07:32:30+00:00\",\"description\":\"Un liquide de fum\u00e9e haute performance pour les exercices d'incendie de plus grande envergure.\",\"breadcrumb\":{\"@id\":\"https:\\\/\\\/fireware.nl\\\/fr\\\/product\\\/liquide-fumigene-pompiers-intensif\\\/#breadcrumb\"},\"inLanguage\":\"fr-FR\",\"potentialAction\":[{\"@type\":\"ReadAction\",\"target\":[\"https:\\\/\\\/fireware.nl\\\/fr\\\/product\\\/liquide-fumigene-pompiers-intensif\\\/\"]}]},{\"@type\":\"ImageObject\",\"inLanguage\":\"fr-FR\",\"@id\":\"https:\\\/\\\/fireware.nl\\\/fr\\\/product\\\/liquide-fumigene-pompiers-intensif\\\/#primaryimage\",\"url\":\"https:\\\/\\\/fireware.nl\\\/wp-content\\\/uploads\\\/2023\\\/07\\\/20230608_Rookvloeistof_Intensief_001.jpg\",\"contentUrl\":\"https:\\\/\\\/fireware.nl\\\/wp-content\\\/uploads\\\/2023\\\/07\\\/20230608_Rookvloeistof_Intensief_001.jpg\",\"width\":600,\"height\":600},{\"@type\":\"BreadcrumbList\",\"@id\":\"https:\\\/\\\/fireware.nl\\\/fr\\\/product\\\/liquide-fumigene-pompiers-intensif\\\/#breadcrumb\",\"itemListElement\":[{\"@type\":\"ListItem\",\"position\":1,\"name\":\"Home\",\"item\":\"https:\\\/\\\/fireware.nl\\\/fr\\\/\"},{\"@type\":\"ListItem\",\"position\":2,\"name\":\"Produits\",\"item\":\"https:\\\/\\\/fireware.nl\\\/fr\\\/produits\\\/\"},{\"@type\":\"ListItem\",\"position\":3,\"name\":\"Liquide fumig\u00e8ne Pompiers intensif\"}]},{\"@type\":\"WebSite\",\"@id\":\"https:\\\/\\\/fireware.nl\\\/fr\\\/#website\",\"url\":\"https:\\\/\\\/fireware.nl\\\/fr\\\/\",\"name\":\"FireWare\",\"description\":\"CREATING REALISTIC  TRAINING ENVIRONMENTS\",\"publisher\":{\"@id\":\"https:\\\/\\\/fireware.nl\\\/fr\\\/#organization\"},\"potentialAction\":[{\"@type\":\"SearchAction\",\"target\":{\"@type\":\"EntryPoint\",\"urlTemplate\":\"https:\\\/\\\/fireware.nl\\\/fr\\\/?s={search_term_string}\"},\"query-input\":{\"@type\":\"PropertyValueSpecification\",\"valueRequired\":true,\"valueName\":\"search_term_string\"}}],\"inLanguage\":\"fr-FR\"},{\"@type\":\"Organization\",\"@id\":\"https:\\\/\\\/fireware.nl\\\/fr\\\/#organization\",\"name\":\"FireWare\",\"url\":\"https:\\\/\\\/fireware.nl\\\/fr\\\/\",\"logo\":{\"@type\":\"ImageObject\",\"inLanguage\":\"fr-FR\",\"@id\":\"https:\\\/\\\/fireware.nl\\\/fr\\\/#\\\/schema\\\/logo\\\/image\\\/\",\"url\":\"https:\\\/\\\/fireware.nl\\\/wp-content\\\/uploads\\\/2018\\\/10\\\/FireWare-logo.jpg\",\"contentUrl\":\"https:\\\/\\\/fireware.nl\\\/wp-content\\\/uploads\\\/2018\\\/10\\\/FireWare-logo.jpg\",\"width\":171,\"height\":70,\"caption\":\"FireWare\"},\"image\":{\"@id\":\"https:\\\/\\\/fireware.nl\\\/fr\\\/#\\\/schema\\\/logo\\\/image\\\/\"},\"sameAs\":[\"https:\\\/\\\/www.facebook.com\\\/FireWareBV\\\/\",\"https:\\\/\\\/x.com\\\/FireWarebv\",\"https:\\\/\\\/www.instagram.com\\\/fireware_nl\\\/\",\"https:\\\/\\\/www.linkedin.com\\\/company\\\/3586017\\\/\",\"https:\\\/\\\/www.youtube.com\\\/user\\\/firesalesrentconsult\"]}]}<\/script>\n<!-- \/ Yoast SEO plugin. -->","yoast_head_json":{"title":"Liquide fumig\u00e8ne Pompiers intensif - FireWare","description":"Un liquide de fum\u00e9e haute performance pour les exercices d'incendie de plus grande envergure.","robots":{"index":"index","follow":"follow","max-snippet":"max-snippet:-1","max-image-preview":"max-image-preview:large","max-video-preview":"max-video-preview:-1"},"canonical":"https:\/\/fireware.nl\/fr\/product\/liquide-fumigene-pompiers-intensif\/","og_locale":"fr_FR","og_type":"article","og_title":"Liquide fumig\u00e8ne Pompiers intensif - FireWare","og_description":"Un liquide de fum\u00e9e haute performance pour les exercices d'incendie de plus grande envergure.","og_url":"https:\/\/fireware.nl\/fr\/product\/liquide-fumigene-pompiers-intensif\/","og_site_name":"FireWare","article_publisher":"https:\/\/www.facebook.com\/FireWareBV\/","article_modified_time":"2025-12-08T07:32:30+00:00","og_image":[{"width":600,"height":600,"url":"https:\/\/fireware.nl\/wp-content\/uploads\/2023\/07\/20230608_Rookvloeistof_Intensief_001.jpg","type":"image\/jpeg"}],"twitter_card":"summary_large_image","twitter_site":"@FireWarebv","twitter_misc":{"Dur\u00e9e de lecture estim\u00e9e":"3 minutes"},"schema":{"@context":"https:\/\/schema.org","@graph":[{"@type":"WebPage","@id":"https:\/\/fireware.nl\/fr\/product\/liquide-fumigene-pompiers-intensif\/","url":"https:\/\/fireware.nl\/fr\/product\/liquide-fumigene-pompiers-intensif\/","name":"Liquide fumig\u00e8ne Pompiers intensif - FireWare","isPartOf":{"@id":"https:\/\/fireware.nl\/fr\/#website"},"primaryImageOfPage":{"@id":"https:\/\/fireware.nl\/fr\/product\/liquide-fumigene-pompiers-intensif\/#primaryimage"},"image":{"@id":"https:\/\/fireware.nl\/fr\/product\/liquide-fumigene-pompiers-intensif\/#primaryimage"},"thumbnailUrl":"https:\/\/fireware.nl\/wp-content\/uploads\/2023\/07\/20230608_Rookvloeistof_Intensief_001.jpg","datePublished":"2019-01-23T12:15:38+00:00","dateModified":"2025-12-08T07:32:30+00:00","description":"Un liquide de fum\u00e9e haute performance pour les exercices d'incendie de plus grande envergure.","breadcrumb":{"@id":"https:\/\/fireware.nl\/fr\/product\/liquide-fumigene-pompiers-intensif\/#breadcrumb"},"inLanguage":"fr-FR","potentialAction":[{"@type":"ReadAction","target":["https:\/\/fireware.nl\/fr\/product\/liquide-fumigene-pompiers-intensif\/"]}]},{"@type":"ImageObject","inLanguage":"fr-FR","@id":"https:\/\/fireware.nl\/fr\/product\/liquide-fumigene-pompiers-intensif\/#primaryimage","url":"https:\/\/fireware.nl\/wp-content\/uploads\/2023\/07\/20230608_Rookvloeistof_Intensief_001.jpg","contentUrl":"https:\/\/fireware.nl\/wp-content\/uploads\/2023\/07\/20230608_Rookvloeistof_Intensief_001.jpg","width":600,"height":600},{"@type":"BreadcrumbList","@id":"https:\/\/fireware.nl\/fr\/product\/liquide-fumigene-pompiers-intensif\/#breadcrumb","itemListElement":[{"@type":"ListItem","position":1,"name":"Home","item":"https:\/\/fireware.nl\/fr\/"},{"@type":"ListItem","position":2,"name":"Produits","item":"https:\/\/fireware.nl\/fr\/produits\/"},{"@type":"ListItem","position":3,"name":"Liquide fumig\u00e8ne Pompiers intensif"}]},{"@type":"WebSite","@id":"https:\/\/fireware.nl\/fr\/#website","url":"https:\/\/fireware.nl\/fr\/","name":"FireWare","description":"CREATING REALISTIC  TRAINING ENVIRONMENTS","publisher":{"@id":"https:\/\/fireware.nl\/fr\/#organization"},"potentialAction":[{"@type":"SearchAction","target":{"@type":"EntryPoint","urlTemplate":"https:\/\/fireware.nl\/fr\/?s={search_term_string}"},"query-input":{"@type":"PropertyValueSpecification","valueRequired":true,"valueName":"search_term_string"}}],"inLanguage":"fr-FR"},{"@type":"Organization","@id":"https:\/\/fireware.nl\/fr\/#organization","name":"FireWare","url":"https:\/\/fireware.nl\/fr\/","logo":{"@type":"ImageObject","inLanguage":"fr-FR","@id":"https:\/\/fireware.nl\/fr\/#\/schema\/logo\/image\/","url":"https:\/\/fireware.nl\/wp-content\/uploads\/2018\/10\/FireWare-logo.jpg","contentUrl":"https:\/\/fireware.nl\/wp-content\/uploads\/2018\/10\/FireWare-logo.jpg","width":171,"height":70,"caption":"FireWare"},"image":{"@id":"https:\/\/fireware.nl\/fr\/#\/schema\/logo\/image\/"},"sameAs":["https:\/\/www.facebook.com\/FireWareBV\/","https:\/\/x.com\/FireWarebv","https:\/\/www.instagram.com\/fireware_nl\/","https:\/\/www.linkedin.com\/company\/3586017\/","https:\/\/www.youtube.com\/user\/firesalesrentconsult"]}]}},"publishpress_future_workflow_manual_trigger":{"enabledWorkflows":[]},"_links":{"self":[{"href":"https:\/\/fireware.nl\/fr\/wp-json\/wp\/v2\/product\/19104","targetHints":{"allow":["GET"]}}],"collection":[{"href":"https:\/\/fireware.nl\/fr\/wp-json\/wp\/v2\/product"}],"about":[{"href":"https:\/\/fireware.nl\/fr\/wp-json\/wp\/v2\/types\/product"}],"wp:featuredmedia":[{"embeddable":true,"href":"https:\/\/fireware.nl\/fr\/wp-json\/wp\/v2\/media\/82334"}],"wp:attachment":[{"href":"https:\/\/fireware.nl\/fr\/wp-json\/wp\/v2\/media?parent=19104"}],"wp:term":[{"taxonomy":"product_brand","embeddable":true,"href":"https:\/\/fireware.nl\/fr\/wp-json\/wp\/v2\/product_brand?post=19104"},{"taxonomy":"product_cat","embeddable":true,"href":"https:\/\/fireware.nl\/fr\/wp-json\/wp\/v2\/product_cat?post=19104"},{"taxonomy":"product_tag","embeddable":true,"href":"https:\/\/fireware.nl\/fr\/wp-json\/wp\/v2\/product_tag?post=19104"}],"curies":[{"name":"wp","href":"https:\/\/api.w.org\/{rel}","templated":true}]}}