
{"id":19147,"date":"2024-11-26T12:19:40","date_gmt":"2024-11-26T12:19:40","guid":{"rendered":"http:\/\/fireware.sites.hyperhosting.co\/?post_type=product&#038;p=19147"},"modified":"2023-09-14T11:50:09","modified_gmt":"2023-09-14T11:50:09","slug":"transformez-votre-kit-mini-en-kit-maxi","status":"publish","type":"product","link":"https:\/\/fireware.nl\/fr\/product\/transformez-votre-kit-mini-en-kit-maxi\/","title":{"rendered":"Transformez votre kit Mini en Kit Maxi V2"},"content":{"rendered":"<p>La simulation de fum\u00e9e dans des endroits o\u00f9 l\u2019utilisation de fum\u00e9e ne convient pas ? Grace au Nebula, le masque aveuglant \u00e9lectronique de FireWare, ce n\u2019est plus un r\u00eave ! Vous avez d\u2019abord command\u00e9 le kit Mini, mais il s\u2019av\u00e8re que vous pr\u00e9f\u00e9riez un kit Maxi ? Voici la solution : le kit upgrade Nebula !<\/p>\n<p>Le kit uprade Nebula contient 2 masques aveuglant \u00e9lectroniques suppl\u00e9mentaires pour compl\u00e9ter le kit Mini. Le kit Mini offre d\u2019espace de rangement pour 2 masques suppl\u00e9mentaires. Le Nebula propose au stagiaire une exp\u00e9rience de visibilit\u00e9 limit\u00e9e par la fum\u00e9e tandis que l\u2019instructeur ait libre visibilit\u00e9, pour qu\u2019il donne du feedback optimale. Il y a m\u00eame un mode randomis\u00e9 \u00e0 l\u2019aide duquel la densit\u00e9 de la fum\u00e9e propos\u00e9e par le masque varie de fa\u00e7on irr\u00e9guli\u00e8re tout en changeant le niveau de visibilit\u00e9.<\/p>\n<p>Le masque peut \u00eatre port\u00e9 directement sur le visage, mais il est \u00e9galement possible de le passer en dessus du masque respiratoire. L\u2019\u00e9lectronique est int\u00e9gr\u00e9e dans le masque-m\u00eame ; pas de c\u00e2bles ni compartiments pendouillant devant le visage du stagiaire. Plus s\u00fbr ! Le rechargement se fait par voie d\u2019une connectivit\u00e9 mini- USB.<\/p>\n","protected":false},"excerpt":{"rendered":"<ul>\n<li>Simulateur fumig\u00e8ne sans machine de fum\u00e9e.<\/li>\n<li>Masque aveuglant \u00e9lectronique proposant 6 diff\u00e9rentes densit\u00e9s de fum\u00e9e et une mode randomis\u00e9e.<\/li>\n<li>Les masques sont contr\u00f4l\u00e9s par une t\u00e9l\u00e9commande sans fil.<\/li>\n<li><strong>Les commandes d\u2019avance sont livr\u00e9es avec 2x a\u00e9rosols \u00ab\u00a0odeur d\u2019incendie\u00a0\u00bb offerts<\/strong><\/li>\n<\/ul>\n","protected":false},"featured_media":20845,"template":"","meta":[],"product_brand":[],"product_cat":[88],"product_tag":[],"class_list":{"0":"post-19147","1":"product","2":"type-product","3":"status-publish","4":"has-post-thumbnail","6":"product_cat-alternative-a-la-fumee","8":"first","9":"instock","10":"taxable","11":"shipping-taxable","12":"purchasable","13":"product-type-simple"},"yoast_head":"<!-- This site is optimized with the Yoast SEO plugin v27.5 - https:\/\/yoast.com\/product\/yoast-seo-wordpress\/ -->\n<title>Transformez votre kit Mini en Kit Maxi V2 - FireWare<\/title>\n<meta name=\"robots\" content=\"index, follow, max-snippet:-1, max-image-preview:large, max-video-preview:-1\" \/>\n<link rel=\"canonical\" href=\"https:\/\/fireware.nl\/fr\/product\/transformez-votre-kit-mini-en-kit-maxi\/\" \/>\n<meta property=\"og:locale\" content=\"fr_FR\" \/>\n<meta property=\"og:type\" content=\"article\" \/>\n<meta property=\"og:title\" content=\"Transformez votre kit Mini en Kit Maxi V2 - FireWare\" \/>\n<meta property=\"og:description\" content=\"Simulateur fumig\u00e8ne sans machine de fum\u00e9e.  Masque aveuglant \u00e9lectronique proposant 6 diff\u00e9rentes densit\u00e9s de fum\u00e9e et une mode randomis\u00e9e.  Les masques sont contr\u00f4l\u00e9s par une t\u00e9l\u00e9commande sans fil.  Les commandes d\u2019avance sont livr\u00e9es avec 2x a\u00e9rosols \u00ab\u00a0odeur d\u2019incendie\u00a0\u00bb offerts\" \/>\n<meta property=\"og:url\" content=\"https:\/\/fireware.nl\/fr\/product\/transformez-votre-kit-mini-en-kit-maxi\/\" \/>\n<meta property=\"og:site_name\" content=\"FireWare\" \/>\n<meta property=\"article:publisher\" content=\"https:\/\/www.facebook.com\/FireWareBV\/\" \/>\n<meta property=\"og:image\" content=\"https:\/\/fireware.nl\/wp-content\/uploads\/2019\/01\/025-021-003-Nebula-Blindmasker-niet-transparant.jpg\" \/>\n\t<meta property=\"og:image:width\" content=\"600\" \/>\n\t<meta property=\"og:image:height\" content=\"600\" \/>\n\t<meta property=\"og:image:type\" content=\"image\/jpeg\" \/>\n<meta name=\"twitter:card\" content=\"summary_large_image\" \/>\n<meta name=\"twitter:site\" content=\"@FireWarebv\" \/>\n<meta name=\"twitter:label1\" content=\"Dur\u00e9e de lecture estim\u00e9e\" \/>\n\t<meta name=\"twitter:data1\" content=\"1 minute\" \/>\n<script type=\"application\/ld+json\" class=\"yoast-schema-graph\">{\"@context\":\"https:\\\/\\\/schema.org\",\"@graph\":[{\"@type\":\"WebPage\",\"@id\":\"https:\\\/\\\/fireware.nl\\\/fr\\\/product\\\/transformez-votre-kit-mini-en-kit-maxi\\\/\",\"url\":\"https:\\\/\\\/fireware.nl\\\/fr\\\/product\\\/transformez-votre-kit-mini-en-kit-maxi\\\/\",\"name\":\"Transformez votre kit Mini en Kit Maxi V2 - FireWare\",\"isPartOf\":{\"@id\":\"https:\\\/\\\/fireware.nl\\\/fr\\\/#website\"},\"primaryImageOfPage\":{\"@id\":\"https:\\\/\\\/fireware.nl\\\/fr\\\/product\\\/transformez-votre-kit-mini-en-kit-maxi\\\/#primaryimage\"},\"image\":{\"@id\":\"https:\\\/\\\/fireware.nl\\\/fr\\\/product\\\/transformez-votre-kit-mini-en-kit-maxi\\\/#primaryimage\"},\"thumbnailUrl\":\"https:\\\/\\\/fireware.nl\\\/wp-content\\\/uploads\\\/2019\\\/01\\\/025-021-003-Nebula-Blindmasker-niet-transparant.jpg\",\"datePublished\":\"2024-11-26T12:19:40+00:00\",\"breadcrumb\":{\"@id\":\"https:\\\/\\\/fireware.nl\\\/fr\\\/product\\\/transformez-votre-kit-mini-en-kit-maxi\\\/#breadcrumb\"},\"inLanguage\":\"fr-FR\",\"potentialAction\":[{\"@type\":\"ReadAction\",\"target\":[\"https:\\\/\\\/fireware.nl\\\/fr\\\/product\\\/transformez-votre-kit-mini-en-kit-maxi\\\/\"]}]},{\"@type\":\"ImageObject\",\"inLanguage\":\"fr-FR\",\"@id\":\"https:\\\/\\\/fireware.nl\\\/fr\\\/product\\\/transformez-votre-kit-mini-en-kit-maxi\\\/#primaryimage\",\"url\":\"https:\\\/\\\/fireware.nl\\\/wp-content\\\/uploads\\\/2019\\\/01\\\/025-021-003-Nebula-Blindmasker-niet-transparant.jpg\",\"contentUrl\":\"https:\\\/\\\/fireware.nl\\\/wp-content\\\/uploads\\\/2019\\\/01\\\/025-021-003-Nebula-Blindmasker-niet-transparant.jpg\",\"width\":600,\"height\":600,\"caption\":\"025-021-003 Nebula Blindmasker niet transparant\"},{\"@type\":\"BreadcrumbList\",\"@id\":\"https:\\\/\\\/fireware.nl\\\/fr\\\/product\\\/transformez-votre-kit-mini-en-kit-maxi\\\/#breadcrumb\",\"itemListElement\":[{\"@type\":\"ListItem\",\"position\":1,\"name\":\"Home\",\"item\":\"https:\\\/\\\/fireware.nl\\\/fr\\\/\"},{\"@type\":\"ListItem\",\"position\":2,\"name\":\"Produits\",\"item\":\"https:\\\/\\\/fireware.nl\\\/fr\\\/produits\\\/\"},{\"@type\":\"ListItem\",\"position\":3,\"name\":\"Transformez votre kit Mini en Kit Maxi V2\"}]},{\"@type\":\"WebSite\",\"@id\":\"https:\\\/\\\/fireware.nl\\\/fr\\\/#website\",\"url\":\"https:\\\/\\\/fireware.nl\\\/fr\\\/\",\"name\":\"FireWare\",\"description\":\"CREATING REALISTIC  TRAINING ENVIRONMENTS\",\"publisher\":{\"@id\":\"https:\\\/\\\/fireware.nl\\\/fr\\\/#organization\"},\"potentialAction\":[{\"@type\":\"SearchAction\",\"target\":{\"@type\":\"EntryPoint\",\"urlTemplate\":\"https:\\\/\\\/fireware.nl\\\/fr\\\/?s={search_term_string}\"},\"query-input\":{\"@type\":\"PropertyValueSpecification\",\"valueRequired\":true,\"valueName\":\"search_term_string\"}}],\"inLanguage\":\"fr-FR\"},{\"@type\":\"Organization\",\"@id\":\"https:\\\/\\\/fireware.nl\\\/fr\\\/#organization\",\"name\":\"FireWare\",\"url\":\"https:\\\/\\\/fireware.nl\\\/fr\\\/\",\"logo\":{\"@type\":\"ImageObject\",\"inLanguage\":\"fr-FR\",\"@id\":\"https:\\\/\\\/fireware.nl\\\/fr\\\/#\\\/schema\\\/logo\\\/image\\\/\",\"url\":\"https:\\\/\\\/fireware.nl\\\/wp-content\\\/uploads\\\/2018\\\/10\\\/FireWare-logo.jpg\",\"contentUrl\":\"https:\\\/\\\/fireware.nl\\\/wp-content\\\/uploads\\\/2018\\\/10\\\/FireWare-logo.jpg\",\"width\":171,\"height\":70,\"caption\":\"FireWare\"},\"image\":{\"@id\":\"https:\\\/\\\/fireware.nl\\\/fr\\\/#\\\/schema\\\/logo\\\/image\\\/\"},\"sameAs\":[\"https:\\\/\\\/www.facebook.com\\\/FireWareBV\\\/\",\"https:\\\/\\\/x.com\\\/FireWarebv\",\"https:\\\/\\\/www.instagram.com\\\/fireware_nl\\\/\",\"https:\\\/\\\/www.linkedin.com\\\/company\\\/3586017\\\/\",\"https:\\\/\\\/www.youtube.com\\\/user\\\/firesalesrentconsult\"]}]}<\/script>\n<!-- \/ Yoast SEO plugin. -->","yoast_head_json":{"title":"Transformez votre kit Mini en Kit Maxi V2 - FireWare","robots":{"index":"index","follow":"follow","max-snippet":"max-snippet:-1","max-image-preview":"max-image-preview:large","max-video-preview":"max-video-preview:-1"},"canonical":"https:\/\/fireware.nl\/fr\/product\/transformez-votre-kit-mini-en-kit-maxi\/","og_locale":"fr_FR","og_type":"article","og_title":"Transformez votre kit Mini en Kit Maxi V2 - FireWare","og_description":"Simulateur fumig\u00e8ne sans machine de fum\u00e9e.  Masque aveuglant \u00e9lectronique proposant 6 diff\u00e9rentes densit\u00e9s de fum\u00e9e et une mode randomis\u00e9e.  Les masques sont contr\u00f4l\u00e9s par une t\u00e9l\u00e9commande sans fil.  Les commandes d\u2019avance sont livr\u00e9es avec 2x a\u00e9rosols \u00ab\u00a0odeur d\u2019incendie\u00a0\u00bb offerts","og_url":"https:\/\/fireware.nl\/fr\/product\/transformez-votre-kit-mini-en-kit-maxi\/","og_site_name":"FireWare","article_publisher":"https:\/\/www.facebook.com\/FireWareBV\/","og_image":[{"width":600,"height":600,"url":"https:\/\/fireware.nl\/wp-content\/uploads\/2019\/01\/025-021-003-Nebula-Blindmasker-niet-transparant.jpg","type":"image\/jpeg"}],"twitter_card":"summary_large_image","twitter_site":"@FireWarebv","twitter_misc":{"Dur\u00e9e de lecture estim\u00e9e":"1 minute"},"schema":{"@context":"https:\/\/schema.org","@graph":[{"@type":"WebPage","@id":"https:\/\/fireware.nl\/fr\/product\/transformez-votre-kit-mini-en-kit-maxi\/","url":"https:\/\/fireware.nl\/fr\/product\/transformez-votre-kit-mini-en-kit-maxi\/","name":"Transformez votre kit Mini en Kit Maxi V2 - FireWare","isPartOf":{"@id":"https:\/\/fireware.nl\/fr\/#website"},"primaryImageOfPage":{"@id":"https:\/\/fireware.nl\/fr\/product\/transformez-votre-kit-mini-en-kit-maxi\/#primaryimage"},"image":{"@id":"https:\/\/fireware.nl\/fr\/product\/transformez-votre-kit-mini-en-kit-maxi\/#primaryimage"},"thumbnailUrl":"https:\/\/fireware.nl\/wp-content\/uploads\/2019\/01\/025-021-003-Nebula-Blindmasker-niet-transparant.jpg","datePublished":"2024-11-26T12:19:40+00:00","breadcrumb":{"@id":"https:\/\/fireware.nl\/fr\/product\/transformez-votre-kit-mini-en-kit-maxi\/#breadcrumb"},"inLanguage":"fr-FR","potentialAction":[{"@type":"ReadAction","target":["https:\/\/fireware.nl\/fr\/product\/transformez-votre-kit-mini-en-kit-maxi\/"]}]},{"@type":"ImageObject","inLanguage":"fr-FR","@id":"https:\/\/fireware.nl\/fr\/product\/transformez-votre-kit-mini-en-kit-maxi\/#primaryimage","url":"https:\/\/fireware.nl\/wp-content\/uploads\/2019\/01\/025-021-003-Nebula-Blindmasker-niet-transparant.jpg","contentUrl":"https:\/\/fireware.nl\/wp-content\/uploads\/2019\/01\/025-021-003-Nebula-Blindmasker-niet-transparant.jpg","width":600,"height":600,"caption":"025-021-003 Nebula Blindmasker niet transparant"},{"@type":"BreadcrumbList","@id":"https:\/\/fireware.nl\/fr\/product\/transformez-votre-kit-mini-en-kit-maxi\/#breadcrumb","itemListElement":[{"@type":"ListItem","position":1,"name":"Home","item":"https:\/\/fireware.nl\/fr\/"},{"@type":"ListItem","position":2,"name":"Produits","item":"https:\/\/fireware.nl\/fr\/produits\/"},{"@type":"ListItem","position":3,"name":"Transformez votre kit Mini en Kit Maxi V2"}]},{"@type":"WebSite","@id":"https:\/\/fireware.nl\/fr\/#website","url":"https:\/\/fireware.nl\/fr\/","name":"FireWare","description":"CREATING REALISTIC  TRAINING ENVIRONMENTS","publisher":{"@id":"https:\/\/fireware.nl\/fr\/#organization"},"potentialAction":[{"@type":"SearchAction","target":{"@type":"EntryPoint","urlTemplate":"https:\/\/fireware.nl\/fr\/?s={search_term_string}"},"query-input":{"@type":"PropertyValueSpecification","valueRequired":true,"valueName":"search_term_string"}}],"inLanguage":"fr-FR"},{"@type":"Organization","@id":"https:\/\/fireware.nl\/fr\/#organization","name":"FireWare","url":"https:\/\/fireware.nl\/fr\/","logo":{"@type":"ImageObject","inLanguage":"fr-FR","@id":"https:\/\/fireware.nl\/fr\/#\/schema\/logo\/image\/","url":"https:\/\/fireware.nl\/wp-content\/uploads\/2018\/10\/FireWare-logo.jpg","contentUrl":"https:\/\/fireware.nl\/wp-content\/uploads\/2018\/10\/FireWare-logo.jpg","width":171,"height":70,"caption":"FireWare"},"image":{"@id":"https:\/\/fireware.nl\/fr\/#\/schema\/logo\/image\/"},"sameAs":["https:\/\/www.facebook.com\/FireWareBV\/","https:\/\/x.com\/FireWarebv","https:\/\/www.instagram.com\/fireware_nl\/","https:\/\/www.linkedin.com\/company\/3586017\/","https:\/\/www.youtube.com\/user\/firesalesrentconsult"]}]}},"publishpress_future_workflow_manual_trigger":{"enabledWorkflows":[]},"_links":{"self":[{"href":"https:\/\/fireware.nl\/fr\/wp-json\/wp\/v2\/product\/19147","targetHints":{"allow":["GET"]}}],"collection":[{"href":"https:\/\/fireware.nl\/fr\/wp-json\/wp\/v2\/product"}],"about":[{"href":"https:\/\/fireware.nl\/fr\/wp-json\/wp\/v2\/types\/product"}],"wp:featuredmedia":[{"embeddable":true,"href":"https:\/\/fireware.nl\/fr\/wp-json\/wp\/v2\/media\/20845"}],"wp:attachment":[{"href":"https:\/\/fireware.nl\/fr\/wp-json\/wp\/v2\/media?parent=19147"}],"wp:term":[{"taxonomy":"product_brand","embeddable":true,"href":"https:\/\/fireware.nl\/fr\/wp-json\/wp\/v2\/product_brand?post=19147"},{"taxonomy":"product_cat","embeddable":true,"href":"https:\/\/fireware.nl\/fr\/wp-json\/wp\/v2\/product_cat?post=19147"},{"taxonomy":"product_tag","embeddable":true,"href":"https:\/\/fireware.nl\/fr\/wp-json\/wp\/v2\/product_tag?post=19147"}],"curies":[{"name":"wp","href":"https:\/\/api.w.org\/{rel}","templated":true}]}}