
{"id":19159,"date":"2019-01-23T12:16:13","date_gmt":"2019-02-01T09:56:13","guid":{"rendered":"http:\/\/fireware.sites.hyperhosting.co\/?post_type=product&#038;p=19159"},"modified":"2021-04-13T07:20:06","modified_gmt":"2021-04-13T07:20:06","slug":"panneau-indicateur-de-fumee","status":"publish","type":"product","link":"https:\/\/fireware.nl\/fr\/produit\/panneau-indicateur-de-fumee\/","title":{"rendered":"Panneau Indicateur de Fum\u00e9e"},"content":{"rendered":"<h2>Traditionel et s\u00fbr<\/h2>\n<p>Le Panneau Traditionnel\u00a0Indicateur de Fum\u00e9e est un panneau contenant le mot fum\u00e9e, et qui indique la pr\u00e9sence de fum\u00e9e \u00e0 certains endroits. Il convient aux exercices effectu\u00e9s sur base d\u2019un arrangement. Le panneau peut \u00e9galement \u00eatre utilis\u00e9 aux endroits o\u00f9 aucune autre forme de fum\u00e9e n\u2019est requise, comme, par exemple, un environnement ATEX.<\/p>\n<p>Le panneau d\u2019exercice contient une s\u00e9rigraphie r\u00e9sistante aux griffes et au mauvais temps, et les coins sup\u00e9rieurs du panneau sont munis de trous pour une fixation facile.\u00a010 pi\u00e8ces faciles \u00e0 placer dans\u00a0la bo\u00eete 60 * 40 * 9 cm.<\/p>\n","protected":false},"excerpt":{"rendered":"<ul>\n<li>Panneau indiquant la pr\u00e9sence de fum\u00e9e.<\/li>\n<li>Convient aux exercices effectu\u00e9s sur base d\u2019un arrangement.<\/li>\n<li>Peut s\u2019utiliser dans des situations o\u00f9 de la fum\u00e9e n\u2019est pas souhaitable.<\/li>\n<li>Les coins sup\u00e9rieurs sont munis de trous pour une fixation facile.<\/li>\n<li>Muni d\u2019une s\u00e9rigraphie r\u00e9sistante aux griffes et au mauvais temps.<\/li>\n<li>34 * 54 cm, de l\u2019emballage dans la bo\u00eete (exclusif) possible.<\/li>\n<\/ul>\n","protected":false},"featured_media":50727,"template":"","meta":[],"product_brand":[],"product_cat":[88,215],"product_tag":[],"class_list":{"0":"post-19159","1":"product","2":"type-product","3":"status-publish","4":"has-post-thumbnail","6":"product_cat-alternative-a-la-fumee","7":"product_cat-feu-simule","9":"first","10":"instock","11":"taxable","12":"shipping-taxable","13":"purchasable","14":"product-type-simple"},"yoast_head":"<!-- This site is optimized with the Yoast SEO plugin v27.5 - https:\/\/yoast.com\/product\/yoast-seo-wordpress\/ -->\n<title>Panneau Indicateur de Fum\u00e9e - FireWare<\/title>\n<meta name=\"robots\" content=\"index, follow, max-snippet:-1, max-image-preview:large, max-video-preview:-1\" \/>\n<link rel=\"canonical\" href=\"https:\/\/fireware.nl\/fr\/produit\/panneau-indicateur-de-fumee\/\" \/>\n<meta property=\"og:locale\" content=\"fr_FR\" \/>\n<meta property=\"og:type\" content=\"article\" \/>\n<meta property=\"og:title\" content=\"Panneau Indicateur de Fum\u00e9e - FireWare\" \/>\n<meta property=\"og:description\" content=\"Panneau indiquant la pr\u00e9sence de fum\u00e9e.  Convient aux exercices effectu\u00e9s sur base d\u2019un arrangement.  Peut s\u2019utiliser dans des situations o\u00f9 de la fum\u00e9e n\u2019est pas souhaitable.  Les coins sup\u00e9rieurs sont munis de trous pour une fixation facile.  Muni d\u2019une s\u00e9rigraphie r\u00e9sistante aux griffes et au mauvais temps.  34 * 54 cm, de l\u2019emballage dans la bo\u00eete (exclusif) possible.\" \/>\n<meta property=\"og:url\" content=\"https:\/\/fireware.nl\/fr\/produit\/panneau-indicateur-de-fumee\/\" \/>\n<meta property=\"og:site_name\" content=\"FireWare\" \/>\n<meta property=\"article:publisher\" content=\"https:\/\/www.facebook.com\/FireWareBV\/\" \/>\n<meta property=\"article:modified_time\" content=\"2021-04-13T07:20:06+00:00\" \/>\n<meta property=\"og:image\" content=\"https:\/\/fireware.nl\/wp-content\/uploads\/2019\/01\/027-028-002-rookbord-1.jpg\" \/>\n\t<meta property=\"og:image:width\" content=\"600\" \/>\n\t<meta property=\"og:image:height\" content=\"600\" \/>\n\t<meta property=\"og:image:type\" content=\"image\/jpeg\" \/>\n<meta name=\"twitter:card\" content=\"summary_large_image\" \/>\n<meta name=\"twitter:site\" content=\"@FireWarebv\" \/>\n<meta name=\"twitter:label1\" content=\"Dur\u00e9e de lecture estim\u00e9e\" \/>\n\t<meta name=\"twitter:data1\" content=\"1 minute\" \/>\n<script type=\"application\/ld+json\" class=\"yoast-schema-graph\">{\"@context\":\"https:\\\/\\\/schema.org\",\"@graph\":[{\"@type\":\"WebPage\",\"@id\":\"https:\\\/\\\/fireware.nl\\\/fr\\\/produit\\\/panneau-indicateur-de-fumee\\\/\",\"url\":\"https:\\\/\\\/fireware.nl\\\/fr\\\/produit\\\/panneau-indicateur-de-fumee\\\/\",\"name\":\"Panneau Indicateur de Fum\u00e9e - FireWare\",\"isPartOf\":{\"@id\":\"https:\\\/\\\/fireware.nl\\\/fr\\\/#website\"},\"primaryImageOfPage\":{\"@id\":\"https:\\\/\\\/fireware.nl\\\/fr\\\/produit\\\/panneau-indicateur-de-fumee\\\/#primaryimage\"},\"image\":{\"@id\":\"https:\\\/\\\/fireware.nl\\\/fr\\\/produit\\\/panneau-indicateur-de-fumee\\\/#primaryimage\"},\"thumbnailUrl\":\"https:\\\/\\\/fireware.nl\\\/wp-content\\\/uploads\\\/2019\\\/01\\\/027-028-002-rookbord-1.jpg\",\"datePublished\":\"2019-02-01T09:56:13+00:00\",\"dateModified\":\"2021-04-13T07:20:06+00:00\",\"breadcrumb\":{\"@id\":\"https:\\\/\\\/fireware.nl\\\/fr\\\/produit\\\/panneau-indicateur-de-fumee\\\/#breadcrumb\"},\"inLanguage\":\"fr-FR\",\"potentialAction\":[{\"@type\":\"ReadAction\",\"target\":[\"https:\\\/\\\/fireware.nl\\\/fr\\\/produit\\\/panneau-indicateur-de-fumee\\\/\"]}]},{\"@type\":\"ImageObject\",\"inLanguage\":\"fr-FR\",\"@id\":\"https:\\\/\\\/fireware.nl\\\/fr\\\/produit\\\/panneau-indicateur-de-fumee\\\/#primaryimage\",\"url\":\"https:\\\/\\\/fireware.nl\\\/wp-content\\\/uploads\\\/2019\\\/01\\\/027-028-002-rookbord-1.jpg\",\"contentUrl\":\"https:\\\/\\\/fireware.nl\\\/wp-content\\\/uploads\\\/2019\\\/01\\\/027-028-002-rookbord-1.jpg\",\"width\":600,\"height\":600},{\"@type\":\"BreadcrumbList\",\"@id\":\"https:\\\/\\\/fireware.nl\\\/fr\\\/produit\\\/panneau-indicateur-de-fumee\\\/#breadcrumb\",\"itemListElement\":[{\"@type\":\"ListItem\",\"position\":1,\"name\":\"Home\",\"item\":\"https:\\\/\\\/fireware.nl\\\/fr\\\/\"},{\"@type\":\"ListItem\",\"position\":2,\"name\":\"Produits\",\"item\":\"https:\\\/\\\/fireware.nl\\\/fr\\\/produits\\\/\"},{\"@type\":\"ListItem\",\"position\":3,\"name\":\"Panneau Indicateur de Fum\u00e9e\"}]},{\"@type\":\"WebSite\",\"@id\":\"https:\\\/\\\/fireware.nl\\\/fr\\\/#website\",\"url\":\"https:\\\/\\\/fireware.nl\\\/fr\\\/\",\"name\":\"FireWare\",\"description\":\"CREATING REALISTIC  TRAINING ENVIRONMENTS\",\"publisher\":{\"@id\":\"https:\\\/\\\/fireware.nl\\\/fr\\\/#organization\"},\"potentialAction\":[{\"@type\":\"SearchAction\",\"target\":{\"@type\":\"EntryPoint\",\"urlTemplate\":\"https:\\\/\\\/fireware.nl\\\/fr\\\/?s={search_term_string}\"},\"query-input\":{\"@type\":\"PropertyValueSpecification\",\"valueRequired\":true,\"valueName\":\"search_term_string\"}}],\"inLanguage\":\"fr-FR\"},{\"@type\":\"Organization\",\"@id\":\"https:\\\/\\\/fireware.nl\\\/fr\\\/#organization\",\"name\":\"FireWare\",\"url\":\"https:\\\/\\\/fireware.nl\\\/fr\\\/\",\"logo\":{\"@type\":\"ImageObject\",\"inLanguage\":\"fr-FR\",\"@id\":\"https:\\\/\\\/fireware.nl\\\/fr\\\/#\\\/schema\\\/logo\\\/image\\\/\",\"url\":\"https:\\\/\\\/fireware.nl\\\/wp-content\\\/uploads\\\/2018\\\/10\\\/FireWare-logo.jpg\",\"contentUrl\":\"https:\\\/\\\/fireware.nl\\\/wp-content\\\/uploads\\\/2018\\\/10\\\/FireWare-logo.jpg\",\"width\":171,\"height\":70,\"caption\":\"FireWare\"},\"image\":{\"@id\":\"https:\\\/\\\/fireware.nl\\\/fr\\\/#\\\/schema\\\/logo\\\/image\\\/\"},\"sameAs\":[\"https:\\\/\\\/www.facebook.com\\\/FireWareBV\\\/\",\"https:\\\/\\\/x.com\\\/FireWarebv\",\"https:\\\/\\\/www.instagram.com\\\/fireware_nl\\\/\",\"https:\\\/\\\/www.linkedin.com\\\/company\\\/3586017\\\/\",\"https:\\\/\\\/www.youtube.com\\\/user\\\/firesalesrentconsult\"]}]}<\/script>\n<!-- \/ Yoast SEO plugin. -->","yoast_head_json":{"title":"Panneau Indicateur de Fum\u00e9e - FireWare","robots":{"index":"index","follow":"follow","max-snippet":"max-snippet:-1","max-image-preview":"max-image-preview:large","max-video-preview":"max-video-preview:-1"},"canonical":"https:\/\/fireware.nl\/fr\/produit\/panneau-indicateur-de-fumee\/","og_locale":"fr_FR","og_type":"article","og_title":"Panneau Indicateur de Fum\u00e9e - FireWare","og_description":"Panneau indiquant la pr\u00e9sence de fum\u00e9e.  Convient aux exercices effectu\u00e9s sur base d\u2019un arrangement.  Peut s\u2019utiliser dans des situations o\u00f9 de la fum\u00e9e n\u2019est pas souhaitable.  Les coins sup\u00e9rieurs sont munis de trous pour une fixation facile.  Muni d\u2019une s\u00e9rigraphie r\u00e9sistante aux griffes et au mauvais temps.  34 * 54 cm, de l\u2019emballage dans la bo\u00eete (exclusif) possible.","og_url":"https:\/\/fireware.nl\/fr\/produit\/panneau-indicateur-de-fumee\/","og_site_name":"FireWare","article_publisher":"https:\/\/www.facebook.com\/FireWareBV\/","article_modified_time":"2021-04-13T07:20:06+00:00","og_image":[{"width":600,"height":600,"url":"https:\/\/fireware.nl\/wp-content\/uploads\/2019\/01\/027-028-002-rookbord-1.jpg","type":"image\/jpeg"}],"twitter_card":"summary_large_image","twitter_site":"@FireWarebv","twitter_misc":{"Dur\u00e9e de lecture estim\u00e9e":"1 minute"},"schema":{"@context":"https:\/\/schema.org","@graph":[{"@type":"WebPage","@id":"https:\/\/fireware.nl\/fr\/produit\/panneau-indicateur-de-fumee\/","url":"https:\/\/fireware.nl\/fr\/produit\/panneau-indicateur-de-fumee\/","name":"Panneau Indicateur de Fum\u00e9e - FireWare","isPartOf":{"@id":"https:\/\/fireware.nl\/fr\/#website"},"primaryImageOfPage":{"@id":"https:\/\/fireware.nl\/fr\/produit\/panneau-indicateur-de-fumee\/#primaryimage"},"image":{"@id":"https:\/\/fireware.nl\/fr\/produit\/panneau-indicateur-de-fumee\/#primaryimage"},"thumbnailUrl":"https:\/\/fireware.nl\/wp-content\/uploads\/2019\/01\/027-028-002-rookbord-1.jpg","datePublished":"2019-02-01T09:56:13+00:00","dateModified":"2021-04-13T07:20:06+00:00","breadcrumb":{"@id":"https:\/\/fireware.nl\/fr\/produit\/panneau-indicateur-de-fumee\/#breadcrumb"},"inLanguage":"fr-FR","potentialAction":[{"@type":"ReadAction","target":["https:\/\/fireware.nl\/fr\/produit\/panneau-indicateur-de-fumee\/"]}]},{"@type":"ImageObject","inLanguage":"fr-FR","@id":"https:\/\/fireware.nl\/fr\/produit\/panneau-indicateur-de-fumee\/#primaryimage","url":"https:\/\/fireware.nl\/wp-content\/uploads\/2019\/01\/027-028-002-rookbord-1.jpg","contentUrl":"https:\/\/fireware.nl\/wp-content\/uploads\/2019\/01\/027-028-002-rookbord-1.jpg","width":600,"height":600},{"@type":"BreadcrumbList","@id":"https:\/\/fireware.nl\/fr\/produit\/panneau-indicateur-de-fumee\/#breadcrumb","itemListElement":[{"@type":"ListItem","position":1,"name":"Home","item":"https:\/\/fireware.nl\/fr\/"},{"@type":"ListItem","position":2,"name":"Produits","item":"https:\/\/fireware.nl\/fr\/produits\/"},{"@type":"ListItem","position":3,"name":"Panneau Indicateur de Fum\u00e9e"}]},{"@type":"WebSite","@id":"https:\/\/fireware.nl\/fr\/#website","url":"https:\/\/fireware.nl\/fr\/","name":"FireWare","description":"CREATING REALISTIC  TRAINING ENVIRONMENTS","publisher":{"@id":"https:\/\/fireware.nl\/fr\/#organization"},"potentialAction":[{"@type":"SearchAction","target":{"@type":"EntryPoint","urlTemplate":"https:\/\/fireware.nl\/fr\/?s={search_term_string}"},"query-input":{"@type":"PropertyValueSpecification","valueRequired":true,"valueName":"search_term_string"}}],"inLanguage":"fr-FR"},{"@type":"Organization","@id":"https:\/\/fireware.nl\/fr\/#organization","name":"FireWare","url":"https:\/\/fireware.nl\/fr\/","logo":{"@type":"ImageObject","inLanguage":"fr-FR","@id":"https:\/\/fireware.nl\/fr\/#\/schema\/logo\/image\/","url":"https:\/\/fireware.nl\/wp-content\/uploads\/2018\/10\/FireWare-logo.jpg","contentUrl":"https:\/\/fireware.nl\/wp-content\/uploads\/2018\/10\/FireWare-logo.jpg","width":171,"height":70,"caption":"FireWare"},"image":{"@id":"https:\/\/fireware.nl\/fr\/#\/schema\/logo\/image\/"},"sameAs":["https:\/\/www.facebook.com\/FireWareBV\/","https:\/\/x.com\/FireWarebv","https:\/\/www.instagram.com\/fireware_nl\/","https:\/\/www.linkedin.com\/company\/3586017\/","https:\/\/www.youtube.com\/user\/firesalesrentconsult"]}]}},"publishpress_future_workflow_manual_trigger":{"enabledWorkflows":[]},"_links":{"self":[{"href":"https:\/\/fireware.nl\/fr\/wp-json\/wp\/v2\/product\/19159","targetHints":{"allow":["GET"]}}],"collection":[{"href":"https:\/\/fireware.nl\/fr\/wp-json\/wp\/v2\/product"}],"about":[{"href":"https:\/\/fireware.nl\/fr\/wp-json\/wp\/v2\/types\/product"}],"wp:featuredmedia":[{"embeddable":true,"href":"https:\/\/fireware.nl\/fr\/wp-json\/wp\/v2\/media\/50727"}],"wp:attachment":[{"href":"https:\/\/fireware.nl\/fr\/wp-json\/wp\/v2\/media?parent=19159"}],"wp:term":[{"taxonomy":"product_brand","embeddable":true,"href":"https:\/\/fireware.nl\/fr\/wp-json\/wp\/v2\/product_brand?post=19159"},{"taxonomy":"product_cat","embeddable":true,"href":"https:\/\/fireware.nl\/fr\/wp-json\/wp\/v2\/product_cat?post=19159"},{"taxonomy":"product_tag","embeddable":true,"href":"https:\/\/fireware.nl\/fr\/wp-json\/wp\/v2\/product_tag?post=19159"}],"curies":[{"name":"wp","href":"https:\/\/api.w.org\/{rel}","templated":true}]}}