
{"id":19168,"date":"2019-01-23T12:19:26","date_gmt":"2019-02-01T09:57:37","guid":{"rendered":"http:\/\/fireware.sites.hyperhosting.co\/?post_type=product&#038;p=19168"},"modified":"2025-03-06T11:15:28","modified_gmt":"2025-03-06T11:15:28","slug":"fireware-interactive-incident-trainer","status":"publish","type":"product","link":"https:\/\/fireware.nl\/fr\/product\/fireware-interactive-incident-trainer\/","title":{"rendered":"FireWare Interactive Incident Trainer"},"content":{"rendered":"\r\n<h2>Une exp\u00e9rience unique en interaction pour tous vos stagiaires !<\/h2>\r\n<p>Les participants sont offerts une exp\u00e9rience extr\u00eamement unique ! Ils t\u00e9moignent un incident dans une cabine sc\u00e9nario\u2026 pour ensuite \u00eatre motiv\u00e9s de prendre action. Dans la cabine sc\u00e9nario, un environnement de formation r\u00e9aliste est cr\u00e9\u00e9 par voie de projection, animation, d\u00e9cor, des effets sonores et un jeu de lumi\u00e8re. L\u2019instructeur peut s\u00e9lectionner le sc\u00e9nario de son choix et l\u2019influencer \u00e0 partir de son iPad ou Smartphone, pour ainsi cr\u00e9er chaque participant son propre d\u00e9fi !<\/p>\r\n<h2>Sc\u00e9nario en un instant<\/h2>\r\n<p>Il suffit d\u2019appuyer un bouton pour faire renverser la victime par une voiture ou pour la faire coincer ses doigts dans une scie circulaire. Alarmer une ambulance apr\u00e8s l\u2019alerte ? Aucun probl\u00e8me en maniant l\u2019iPad. Les effets sonores et lumineux s\u2019adaptent automatiquement au sc\u00e9nario, pas de souci pour l\u2019instructeur.<\/p>\r\n<p>Chaque participant parcourt le trajet entier de l&#8217;accident et son action jusqu&#8217;au transfert dans l&#8217;ambulance, toutes les phases d\u2019un incident se pr\u00e9sentent. Le grand nombre de sc\u00e9narios diff\u00e9rents permet \u00e0 chaque participant de vivre sa propre exp\u00e9rience de formation. Au choix il est possible de vivre un sc\u00e9nario avec une victime LOTUS ou un mannequin de r\u00e9animation. Le personnage qui figure dans les animations est d&#8217;ailleurs reconnaissable en tant que le mannequin de r\u00e9animation utilis\u00e9.<\/p>\r\n<h2>Inclure tous les \u00e9tudiants dans l&#8217;\u00e9valuation<\/h2>\r\n<p>Depuis la salle d&#8217;attente, les autres participants peuvent observer ce qui se passe dans la cabine de sc\u00e9nario gr\u00e2ce \u00e0 un syst\u00e8me vid\u00e9o avanc\u00e9 (optionnel). Leurs observations peuvent ensuite \u00eatre transform\u00e9es en feedback. Le participant suivant qui entre dans la cabine jouira d\u2019un sc\u00e9nario tout neuf !<\/p>\r\n<p>Les environnements de formation peuvent \u00eatre facilement adapt\u00e9s, cela ne prend qu\u2019une seconde. D\u00e8s que l\u2019installation soit connect\u00e9e avec l\u2019Internet, des nouveaux environnements et sc\u00e9narios sont mises \u00e0 votre disposition. Et il y en aura de plus en plus de sc\u00e9narios\u00a0tout comme il y aura de plus en plus de fonctionnalit\u00e9s. Le d\u00e9veloppement de la cabine Interactive Premiers Secours ne cesse de bouger.<\/p>\r\n<p>Les nouvelles fonctionnalit\u00e9s sont mises \u00e0 la disposition des abonn\u00e9s existants d\u00e8s qu\u2019elles soient lanc\u00e9es.<\/p>\r\n<p>Le kit est livr\u00e9 avec ses 3 projecteurs, \u00e9crans de projection, construction de support, installation sonore et lumineux, contr\u00f4le et assemblage.\u00a0<strong>Chaque kit propose une diff\u00e9rente installation.\u00a0<a href=\"https:\/\/fireware.nl\/fr\/contact\/\" target=\"_blank\" rel=\"noopener noreferrer\">Contactez-nous<\/a>\u00a0pour un devis \u00e0 mesure ou pour une visite de notre showroom afin de vivre votre propre exp\u00e9rience \u00a0de la cabine interactive premiers secours !<\/strong><\/p>\r\n<h2>Regardez la vid\u00e9o<\/h2>\r\n<p><iframe loading=\"lazy\" src=\"https:\/\/player.vimeo.com\/video\/319690619\" width=\"640\" height=\"360\" frameborder=\"0\" allowfullscreen=\"allowfullscreen\"><\/iframe><\/p>\r\n","protected":false},"excerpt":{"rendered":"<ul>\n<li style=\"list-style-type: none;\">\n<ul>\n<li>Cabine de sc\u00e9nario avec divers incidents anim\u00e9s<\/li>\n<li>Environnement de formation r\u00e9aliste gr\u00e2ce \u00e0 la projection, l&#8217;animation, la d\u00e9coration, les effets sonores et lumineux<\/li>\n<li>Mettez en sc\u00e8ne diff\u00e9rents sc\u00e9narios en une seconde<\/li>\n<li>L&#8217;instructeur peut influencer le sc\u00e9nario \u00e0 distance via iPad ou smartphone<\/li>\n<li>Aussi pour les exercices avec une victime LOTUS ou un mannequin de r\u00e9animation<\/li>\n<li>Les utilisateurs existants sont impliqu\u00e9s dans les nouveaux d\u00e9veloppements.<\/li>\n<li>L&#8217;ensemble se compose de 3 projecteurs, d&#8217;\u00e9crans de projection, de structure de support, d&#8217;installation, de contr\u00f4le et de montage du son et de la lumi\u00e8re<\/li>\n<li><strong>La personnalisation comme ligne directrice : <a href=\"https:\/\/fireware.nl\/fr\/contact\/\" target=\"_blank\" rel=\"noopener\">Demandez un devis ou planifiez une visite en showroom<\/a> pour voir le FIIT en direct.<\/strong><\/li>\n<\/ul>\n<\/li>\n<\/ul>\n","protected":false},"featured_media":38857,"template":"","meta":[],"product_brand":[],"product_cat":[2171],"product_tag":[],"class_list":{"0":"post-19168","1":"product","2":"type-product","3":"status-publish","4":"has-post-thumbnail","6":"product_cat-experiences-de-formation-interactives","8":"first","9":"instock","10":"taxable","11":"shipping-taxable","12":"product-type-simple"},"yoast_head":"<!-- This site is optimized with the Yoast SEO plugin v27.5 - https:\/\/yoast.com\/product\/yoast-seo-wordpress\/ -->\n<title>FireWare Interactive Incident Trainer - FireWare<\/title>\n<meta name=\"robots\" content=\"index, follow, max-snippet:-1, max-image-preview:large, max-video-preview:-1\" \/>\n<link rel=\"canonical\" href=\"https:\/\/fireware.nl\/fr\/product\/fireware-interactive-incident-trainer\/\" \/>\n<meta property=\"og:locale\" content=\"fr_FR\" \/>\n<meta property=\"og:type\" content=\"article\" \/>\n<meta property=\"og:title\" content=\"FireWare Interactive Incident Trainer - FireWare\" \/>\n<meta property=\"og:description\" content=\"Cabine de sc\u00e9nario avec divers incidents anim\u00e9s Environnement de formation r\u00e9aliste gr\u00e2ce \u00e0 la projection, l&#039;animation, la d\u00e9coration, les effets sonores et lumineux Mettez en sc\u00e8ne diff\u00e9rents sc\u00e9narios en une seconde L&#039;instructeur peut influencer le sc\u00e9nario \u00e0 distance via iPad ou smartphone Aussi pour les exercices avec une victime LOTUS ou un mannequin de r\u00e9animation Les utilisateurs existants sont impliqu\u00e9s dans les nouveaux d\u00e9veloppements. L&#039;ensemble se compose de 3 projecteurs, d&#039;\u00e9crans de projection, de structure de support, d&#039;installation, de contr\u00f4le et de montage du son et de la lumi\u00e8re La personnalisation comme ligne directrice : Demandez un devis ou planifiez une visite en showroom pour voir le FIIT en direct.\" \/>\n<meta property=\"og:url\" content=\"https:\/\/fireware.nl\/fr\/product\/fireware-interactive-incident-trainer\/\" \/>\n<meta property=\"og:site_name\" content=\"FireWare\" \/>\n<meta property=\"article:publisher\" content=\"https:\/\/www.facebook.com\/FireWareBV\/\" \/>\n<meta property=\"article:modified_time\" content=\"2025-03-06T11:15:28+00:00\" \/>\n<meta property=\"og:image\" content=\"https:\/\/fireware.nl\/wp-content\/uploads\/2019\/01\/010-012-001-FireWare-Interactive-Incident-Trainer.jpg\" \/>\n\t<meta property=\"og:image:width\" content=\"600\" \/>\n\t<meta property=\"og:image:height\" content=\"600\" \/>\n\t<meta property=\"og:image:type\" content=\"image\/jpeg\" \/>\n<meta name=\"twitter:card\" content=\"summary_large_image\" \/>\n<meta name=\"twitter:site\" content=\"@FireWarebv\" \/>\n<meta name=\"twitter:label1\" content=\"Dur\u00e9e de lecture estim\u00e9e\" \/>\n\t<meta name=\"twitter:data1\" content=\"2 minutes\" \/>\n<script type=\"application\/ld+json\" class=\"yoast-schema-graph\">{\"@context\":\"https:\\\/\\\/schema.org\",\"@graph\":[{\"@type\":\"WebPage\",\"@id\":\"https:\\\/\\\/fireware.nl\\\/fr\\\/product\\\/fireware-interactive-incident-trainer\\\/\",\"url\":\"https:\\\/\\\/fireware.nl\\\/fr\\\/product\\\/fireware-interactive-incident-trainer\\\/\",\"name\":\"FireWare Interactive Incident Trainer - FireWare\",\"isPartOf\":{\"@id\":\"https:\\\/\\\/fireware.nl\\\/fr\\\/#website\"},\"primaryImageOfPage\":{\"@id\":\"https:\\\/\\\/fireware.nl\\\/fr\\\/product\\\/fireware-interactive-incident-trainer\\\/#primaryimage\"},\"image\":{\"@id\":\"https:\\\/\\\/fireware.nl\\\/fr\\\/product\\\/fireware-interactive-incident-trainer\\\/#primaryimage\"},\"thumbnailUrl\":\"https:\\\/\\\/fireware.nl\\\/wp-content\\\/uploads\\\/2019\\\/01\\\/010-012-001-FireWare-Interactive-Incident-Trainer.jpg\",\"datePublished\":\"2019-02-01T09:57:37+00:00\",\"dateModified\":\"2025-03-06T11:15:28+00:00\",\"breadcrumb\":{\"@id\":\"https:\\\/\\\/fireware.nl\\\/fr\\\/product\\\/fireware-interactive-incident-trainer\\\/#breadcrumb\"},\"inLanguage\":\"fr-FR\",\"potentialAction\":[{\"@type\":\"ReadAction\",\"target\":[\"https:\\\/\\\/fireware.nl\\\/fr\\\/product\\\/fireware-interactive-incident-trainer\\\/\"]}]},{\"@type\":\"ImageObject\",\"inLanguage\":\"fr-FR\",\"@id\":\"https:\\\/\\\/fireware.nl\\\/fr\\\/product\\\/fireware-interactive-incident-trainer\\\/#primaryimage\",\"url\":\"https:\\\/\\\/fireware.nl\\\/wp-content\\\/uploads\\\/2019\\\/01\\\/010-012-001-FireWare-Interactive-Incident-Trainer.jpg\",\"contentUrl\":\"https:\\\/\\\/fireware.nl\\\/wp-content\\\/uploads\\\/2019\\\/01\\\/010-012-001-FireWare-Interactive-Incident-Trainer.jpg\",\"width\":600,\"height\":600},{\"@type\":\"BreadcrumbList\",\"@id\":\"https:\\\/\\\/fireware.nl\\\/fr\\\/product\\\/fireware-interactive-incident-trainer\\\/#breadcrumb\",\"itemListElement\":[{\"@type\":\"ListItem\",\"position\":1,\"name\":\"Home\",\"item\":\"https:\\\/\\\/fireware.nl\\\/fr\\\/\"},{\"@type\":\"ListItem\",\"position\":2,\"name\":\"Produits\",\"item\":\"https:\\\/\\\/fireware.nl\\\/fr\\\/produits\\\/\"},{\"@type\":\"ListItem\",\"position\":3,\"name\":\"FireWare Interactive Incident Trainer\"}]},{\"@type\":\"WebSite\",\"@id\":\"https:\\\/\\\/fireware.nl\\\/fr\\\/#website\",\"url\":\"https:\\\/\\\/fireware.nl\\\/fr\\\/\",\"name\":\"FireWare\",\"description\":\"CREATING REALISTIC  TRAINING ENVIRONMENTS\",\"publisher\":{\"@id\":\"https:\\\/\\\/fireware.nl\\\/fr\\\/#organization\"},\"potentialAction\":[{\"@type\":\"SearchAction\",\"target\":{\"@type\":\"EntryPoint\",\"urlTemplate\":\"https:\\\/\\\/fireware.nl\\\/fr\\\/?s={search_term_string}\"},\"query-input\":{\"@type\":\"PropertyValueSpecification\",\"valueRequired\":true,\"valueName\":\"search_term_string\"}}],\"inLanguage\":\"fr-FR\"},{\"@type\":\"Organization\",\"@id\":\"https:\\\/\\\/fireware.nl\\\/fr\\\/#organization\",\"name\":\"FireWare\",\"url\":\"https:\\\/\\\/fireware.nl\\\/fr\\\/\",\"logo\":{\"@type\":\"ImageObject\",\"inLanguage\":\"fr-FR\",\"@id\":\"https:\\\/\\\/fireware.nl\\\/fr\\\/#\\\/schema\\\/logo\\\/image\\\/\",\"url\":\"https:\\\/\\\/fireware.nl\\\/wp-content\\\/uploads\\\/2018\\\/10\\\/FireWare-logo.jpg\",\"contentUrl\":\"https:\\\/\\\/fireware.nl\\\/wp-content\\\/uploads\\\/2018\\\/10\\\/FireWare-logo.jpg\",\"width\":171,\"height\":70,\"caption\":\"FireWare\"},\"image\":{\"@id\":\"https:\\\/\\\/fireware.nl\\\/fr\\\/#\\\/schema\\\/logo\\\/image\\\/\"},\"sameAs\":[\"https:\\\/\\\/www.facebook.com\\\/FireWareBV\\\/\",\"https:\\\/\\\/x.com\\\/FireWarebv\",\"https:\\\/\\\/www.instagram.com\\\/fireware_nl\\\/\",\"https:\\\/\\\/www.linkedin.com\\\/company\\\/3586017\\\/\",\"https:\\\/\\\/www.youtube.com\\\/user\\\/firesalesrentconsult\"]}]}<\/script>\n<!-- \/ Yoast SEO plugin. -->","yoast_head_json":{"title":"FireWare Interactive Incident Trainer - FireWare","robots":{"index":"index","follow":"follow","max-snippet":"max-snippet:-1","max-image-preview":"max-image-preview:large","max-video-preview":"max-video-preview:-1"},"canonical":"https:\/\/fireware.nl\/fr\/product\/fireware-interactive-incident-trainer\/","og_locale":"fr_FR","og_type":"article","og_title":"FireWare Interactive Incident Trainer - FireWare","og_description":"Cabine de sc\u00e9nario avec divers incidents anim\u00e9s Environnement de formation r\u00e9aliste gr\u00e2ce \u00e0 la projection, l'animation, la d\u00e9coration, les effets sonores et lumineux Mettez en sc\u00e8ne diff\u00e9rents sc\u00e9narios en une seconde L'instructeur peut influencer le sc\u00e9nario \u00e0 distance via iPad ou smartphone Aussi pour les exercices avec une victime LOTUS ou un mannequin de r\u00e9animation Les utilisateurs existants sont impliqu\u00e9s dans les nouveaux d\u00e9veloppements. L'ensemble se compose de 3 projecteurs, d'\u00e9crans de projection, de structure de support, d'installation, de contr\u00f4le et de montage du son et de la lumi\u00e8re La personnalisation comme ligne directrice : Demandez un devis ou planifiez une visite en showroom pour voir le FIIT en direct.","og_url":"https:\/\/fireware.nl\/fr\/product\/fireware-interactive-incident-trainer\/","og_site_name":"FireWare","article_publisher":"https:\/\/www.facebook.com\/FireWareBV\/","article_modified_time":"2025-03-06T11:15:28+00:00","og_image":[{"width":600,"height":600,"url":"https:\/\/fireware.nl\/wp-content\/uploads\/2019\/01\/010-012-001-FireWare-Interactive-Incident-Trainer.jpg","type":"image\/jpeg"}],"twitter_card":"summary_large_image","twitter_site":"@FireWarebv","twitter_misc":{"Dur\u00e9e de lecture estim\u00e9e":"2 minutes"},"schema":{"@context":"https:\/\/schema.org","@graph":[{"@type":"WebPage","@id":"https:\/\/fireware.nl\/fr\/product\/fireware-interactive-incident-trainer\/","url":"https:\/\/fireware.nl\/fr\/product\/fireware-interactive-incident-trainer\/","name":"FireWare Interactive Incident Trainer - FireWare","isPartOf":{"@id":"https:\/\/fireware.nl\/fr\/#website"},"primaryImageOfPage":{"@id":"https:\/\/fireware.nl\/fr\/product\/fireware-interactive-incident-trainer\/#primaryimage"},"image":{"@id":"https:\/\/fireware.nl\/fr\/product\/fireware-interactive-incident-trainer\/#primaryimage"},"thumbnailUrl":"https:\/\/fireware.nl\/wp-content\/uploads\/2019\/01\/010-012-001-FireWare-Interactive-Incident-Trainer.jpg","datePublished":"2019-02-01T09:57:37+00:00","dateModified":"2025-03-06T11:15:28+00:00","breadcrumb":{"@id":"https:\/\/fireware.nl\/fr\/product\/fireware-interactive-incident-trainer\/#breadcrumb"},"inLanguage":"fr-FR","potentialAction":[{"@type":"ReadAction","target":["https:\/\/fireware.nl\/fr\/product\/fireware-interactive-incident-trainer\/"]}]},{"@type":"ImageObject","inLanguage":"fr-FR","@id":"https:\/\/fireware.nl\/fr\/product\/fireware-interactive-incident-trainer\/#primaryimage","url":"https:\/\/fireware.nl\/wp-content\/uploads\/2019\/01\/010-012-001-FireWare-Interactive-Incident-Trainer.jpg","contentUrl":"https:\/\/fireware.nl\/wp-content\/uploads\/2019\/01\/010-012-001-FireWare-Interactive-Incident-Trainer.jpg","width":600,"height":600},{"@type":"BreadcrumbList","@id":"https:\/\/fireware.nl\/fr\/product\/fireware-interactive-incident-trainer\/#breadcrumb","itemListElement":[{"@type":"ListItem","position":1,"name":"Home","item":"https:\/\/fireware.nl\/fr\/"},{"@type":"ListItem","position":2,"name":"Produits","item":"https:\/\/fireware.nl\/fr\/produits\/"},{"@type":"ListItem","position":3,"name":"FireWare Interactive Incident Trainer"}]},{"@type":"WebSite","@id":"https:\/\/fireware.nl\/fr\/#website","url":"https:\/\/fireware.nl\/fr\/","name":"FireWare","description":"CREATING REALISTIC  TRAINING ENVIRONMENTS","publisher":{"@id":"https:\/\/fireware.nl\/fr\/#organization"},"potentialAction":[{"@type":"SearchAction","target":{"@type":"EntryPoint","urlTemplate":"https:\/\/fireware.nl\/fr\/?s={search_term_string}"},"query-input":{"@type":"PropertyValueSpecification","valueRequired":true,"valueName":"search_term_string"}}],"inLanguage":"fr-FR"},{"@type":"Organization","@id":"https:\/\/fireware.nl\/fr\/#organization","name":"FireWare","url":"https:\/\/fireware.nl\/fr\/","logo":{"@type":"ImageObject","inLanguage":"fr-FR","@id":"https:\/\/fireware.nl\/fr\/#\/schema\/logo\/image\/","url":"https:\/\/fireware.nl\/wp-content\/uploads\/2018\/10\/FireWare-logo.jpg","contentUrl":"https:\/\/fireware.nl\/wp-content\/uploads\/2018\/10\/FireWare-logo.jpg","width":171,"height":70,"caption":"FireWare"},"image":{"@id":"https:\/\/fireware.nl\/fr\/#\/schema\/logo\/image\/"},"sameAs":["https:\/\/www.facebook.com\/FireWareBV\/","https:\/\/x.com\/FireWarebv","https:\/\/www.instagram.com\/fireware_nl\/","https:\/\/www.linkedin.com\/company\/3586017\/","https:\/\/www.youtube.com\/user\/firesalesrentconsult"]}]}},"publishpress_future_workflow_manual_trigger":{"enabledWorkflows":[]},"_links":{"self":[{"href":"https:\/\/fireware.nl\/fr\/wp-json\/wp\/v2\/product\/19168","targetHints":{"allow":["GET"]}}],"collection":[{"href":"https:\/\/fireware.nl\/fr\/wp-json\/wp\/v2\/product"}],"about":[{"href":"https:\/\/fireware.nl\/fr\/wp-json\/wp\/v2\/types\/product"}],"wp:featuredmedia":[{"embeddable":true,"href":"https:\/\/fireware.nl\/fr\/wp-json\/wp\/v2\/media\/38857"}],"wp:attachment":[{"href":"https:\/\/fireware.nl\/fr\/wp-json\/wp\/v2\/media?parent=19168"}],"wp:term":[{"taxonomy":"product_brand","embeddable":true,"href":"https:\/\/fireware.nl\/fr\/wp-json\/wp\/v2\/product_brand?post=19168"},{"taxonomy":"product_cat","embeddable":true,"href":"https:\/\/fireware.nl\/fr\/wp-json\/wp\/v2\/product_cat?post=19168"},{"taxonomy":"product_tag","embeddable":true,"href":"https:\/\/fireware.nl\/fr\/wp-json\/wp\/v2\/product_tag?post=19168"}],"curies":[{"name":"wp","href":"https:\/\/api.w.org\/{rel}","templated":true}]}}