
{"id":19187,"date":"2021-11-10T12:15:38","date_gmt":"2021-11-10T12:15:38","guid":{"rendered":"http:\/\/fireware.sites.hyperhosting.co\/?post_type=product&#038;p=19187"},"modified":"2025-01-20T09:16:14","modified_gmt":"2025-01-20T09:16:14","slug":"set-dentrainement-foyer-dincendie","status":"publish","type":"product","link":"https:\/\/fireware.nl\/fr\/product\/set-dentrainement-foyer-dincendie\/","title":{"rendered":"Set d&#8217;entra\u00eenement Foyer d&#8217;Incendie V4"},"content":{"rendered":"\r\n<h2>Set complet pour simuler facilement un incendie soi-m\u00eame<\/h2>\r\n<p>Tout ce dont vous avez besoin pour la mise en sc\u00e8ne rapide d&#8217;un incendie complet tient dans une seule caisse\u00a0: le Set d&#8217;entra\u00eenement Foyer d&#8217;Incendie. Avec cet ensemble complet, vous pouvez facilement simuler un incendie. Ce set est depuis des ann\u00e9es la norme pour de nombreuses casernes de pompiers et dans les formations du secourisme d&#8217;entreprise aux Pays-Bas.<\/p>\r\n<h2>Simulation d&#8217;un foyer d&#8217;incendie<\/h2>\r\n<p>Au cours du d\u00e9veloppement de ce set, tous les aspects impliqu\u00e9s dans un incendie ont \u00e9t\u00e9 pris en compte. Toutes les perceptions sensorielles sont incluses, \u00e0 savoir la vue, l&#8217;ou\u00efe et l&#8217;odorat. L&#8217;image des flammes peut \u00eatre simul\u00e9e avec la <a href=\"https:\/\/fireware.nl\/fr\/product\/mini-silkflame\/\" target=\"_blank\" rel=\"noopener\">Mini Silkflame<\/a> et le <a href=\"https:\/\/fireware.nl\/fr\/produit\/firespot\/\" target=\"_blank\" rel=\"noopener\">FireSpot<\/a>. Avec la <a href=\"https:\/\/fireware.nl\/fr\/produit\/nimbo\/\" target=\"_blank\" rel=\"noopener\">machine \u00e0 fum\u00e9e Nimbo de FireWare<\/a>, vous pouvez rendre cette image de flamme compl\u00e8te et encore plus r\u00e9aliste\u00a0; elle est \u00e9quip\u00e9e d&#8217;une <a href=\"https:\/\/fireware.nl\/fr\/produit\/telecommande-sans-fil-nimbo\/\" target=\"_blank\" rel=\"noopener\">t\u00e9l\u00e9commande<\/a> d&#8217;une port\u00e9e maximale de 50 m\u00e8tres. La Soundbox V3 est ajout\u00e9e avec ses 58 sons sp\u00e9ciaux pour la mise en sc\u00e8ne. Il s&#8217;agit notamment du cr\u00e9pitement d&#8217;un incendie ou de quelqu&#8217;un qui appelle \u00e0 l&#8217;aide.<\/p>\r\n<p>Vous pouvez \u00e9galement stimuler le nez et rendre le sc\u00e9nario vivant. Utilisez donc un vaporisateur <a href=\"https:\/\/fireware.nl\/fr\/produit\/burning-smell-spray\/\" target=\"_blank\" rel=\"noopener\">Burning Smell Spray<\/a>. Enfin, la caisse contient une <a href=\"https:\/\/fireware.nl\/fr\/produit\/bloc-repartiteur-schuko-2-x-2\/\" target=\"_blank\" rel=\"noopener\">nourrice de distribution<\/a> pratique pour le raccordement au r\u00e9seau. Il contient \u00e9galement une <a href=\"https:\/\/fireware.nl\/fr\/produit\/fiche-marche-arret-telecommande\/\" target=\"_blank\" rel=\"noopener\">t\u00e9l\u00e9commande<\/a> pour faire fonctionner l&#8217;image de flamme. Gr\u00e2ce \u00e0 ce on\/off, l&#8217;exercice devient encore plus dynamique.<\/p>\r\n<p>La SoundBox V3 est incluse dans cette nouvelle version. Ce puissant lecteur audio peut \u00eatre inclus dans un r\u00e9seau wifi. L&#8217;application permet ensuite de contr\u00f4ler simultan\u00e9ment plusieurs SoundBox V3. De cette fa\u00e7on, un appel \u00e0 l&#8217;aide vient d&#8217;une direction diff\u00e9rente de celle du foyer d&#8217;incendie. Tr\u00e8s r\u00e9aliste\u00a0!<\/p>\r\n<p>Le FireSpot est \u00e9galement \u00e9quip\u00e9 d&#8217;un pied de sol compact en acier inoxydable. Cela rend la mise en sc\u00e8ne encore plus rapide et plus facile.<\/p>\r\n<p>Le Set d&#8217;entra\u00eenement Foyer d&#8217;Incendie est id\u00e9al pour un exercice d&#8217;\u00e9vacuation dans le cadre du secourisme d&#8217;entreprise. Mais \u00e9galement pour la mise en sc\u00e8ne d&#8217;un exercice dans un atelier, par exemple. Cela n\u00e9cessite l&#8217;utilisation la lance d&#8217;un camion de pompiers. Le set est principalement utilis\u00e9 par les pompiers pour la mise en place de leurs exercices. Cependant, les instructeurs des services d&#8217;incendie utilisent \u00e9galement le set \u00e0 des fins de formation. En compl\u00e9ment du cours, ils peuvent placer des mannequins, ou contr\u00f4ler des machines \u00e0 fum\u00e9e plus puissantes.<\/p>\r\n<p>Vous souhaitez pouvoir organiser un exercice complet avec un simulation d&#8217;un incendie\u00a0? D\u00e9couvrez \u00e9galement le <a href=\"https:\/\/fireware.nl\/fr\/product\/set-dentrainement-exercice-dextinction\/\" target=\"_blank\" rel=\"noopener\">Set d&#8217;entra\u00eenement Exercice d&#8217;extinction Apollo LED<\/a>.<\/p>\r\n<h2>Vous vous entra\u00eenez avec le Set d&#8217;entra\u00eenement Foyer d&#8217;Incendie\u00a0?<\/h2>\r\n<p>Ce set contient tout ce dont vous avez besoin pour r\u00e9aliser un foyer d&#8217;incendie complet. La caisse est en plastique avec un couvercle. L&#8217;int\u00e9rieur est fait de mousse. Les espaces sont exactement de la bonne taille pour contenir les objets du set.<\/p>\r\n<p><iframe loading=\"lazy\" src=\"https:\/\/www.youtube.com\/embed\/XXH5HfhZLpE?rel=0&amp;hl=eng&amp;cc_lang_pref=eng&amp;cc_load_policy=1\" width=\"560\" height=\"315\" frameborder=\"0\" allowfullscreen=\"allowfullscreen\"><\/iframe><\/p>\r\n","protected":false},"excerpt":{"rendered":"<ul>\n<li>Une utilisation encore plus rapide et plus efficace<\/li>\n<li>Tout pour la mise en sc\u00e8ne d&#8217;un petit feu dans une seule caisse<\/li>\n<li>Contient une Mini-Silkflame LED, un FireSpot avec support de sol, une t\u00e9l\u00e9commande Plug On\/Off, une machine \u00e0 fum\u00e9e Nimbo avec t\u00e9l\u00e9commande, une Soundbox V3, un spray Burning Smell et une nourrice de distribution.<\/li>\n<li>Caisse en plastique (60 x 40 x 32,5 cm), avec couvercle et int\u00e9rieur en mousse personnalis\u00e9e.<\/li>\n<li>\u00c0 l&#8217;exclusion du liquide de fum\u00e9e.<\/li>\n<\/ul>\n","protected":false},"featured_media":74291,"template":"","meta":[],"product_brand":[],"product_cat":[3685,215,92],"product_tag":[],"class_list":{"0":"post-19187","1":"product","2":"type-product","3":"status-publish","4":"has-post-thumbnail","6":"product_cat-ensembles-dexercices","7":"product_cat-feu-simule","8":"product_cat-produits-de-demonstration","9":"pa_taal-allemand","10":"pa_taal-anglais","11":"pa_taal-espagnol","12":"pa_taal-francais","13":"pa_taal-italien","14":"pa_taal-neerlandais","16":"first","17":"instock","18":"taxable","19":"shipping-taxable","20":"purchasable","21":"product-type-variable"},"yoast_head":"<!-- This site is optimized with the Yoast SEO plugin v27.5 - https:\/\/yoast.com\/product\/yoast-seo-wordpress\/ -->\n<title>Set d&#039;entra\u00eenement Foyer d&#039;Incendie V4 - FireWare<\/title>\n<meta name=\"robots\" content=\"index, follow, max-snippet:-1, max-image-preview:large, max-video-preview:-1\" \/>\n<link rel=\"canonical\" href=\"https:\/\/fireware.nl\/fr\/product\/set-dentrainement-foyer-dincendie\/\" \/>\n<meta property=\"og:locale\" content=\"fr_FR\" \/>\n<meta property=\"og:type\" content=\"article\" \/>\n<meta property=\"og:title\" content=\"Set d&#039;entra\u00eenement Foyer d&#039;Incendie V4 - FireWare\" \/>\n<meta property=\"og:description\" content=\"Une utilisation encore plus rapide et plus efficace Tout pour la mise en sc\u00e8ne d&#039;un petit feu dans une seule caisse Contient une Mini-Silkflame LED, un FireSpot avec support de sol, une t\u00e9l\u00e9commande Plug On\/Off, une machine \u00e0 fum\u00e9e Nimbo avec t\u00e9l\u00e9commande, une Soundbox V3, un spray Burning Smell et une nourrice de distribution. Caisse en plastique (60 x 40 x 32,5 cm), avec couvercle et int\u00e9rieur en mousse personnalis\u00e9e. \u00c0 l&#039;exclusion du liquide de fum\u00e9e.\" \/>\n<meta property=\"og:url\" content=\"https:\/\/fireware.nl\/fr\/product\/set-dentrainement-foyer-dincendie\/\" \/>\n<meta property=\"og:site_name\" content=\"FireWare\" \/>\n<meta property=\"article:publisher\" content=\"https:\/\/www.facebook.com\/FireWareBV\/\" \/>\n<meta property=\"article:modified_time\" content=\"2025-01-20T09:16:14+00:00\" \/>\n<meta property=\"og:image\" content=\"https:\/\/fireware.nl\/wp-content\/uploads\/2021\/11\/040-030-032-Oefenset-Brandhaard-V4.jpg\" \/>\n\t<meta property=\"og:image:width\" content=\"600\" \/>\n\t<meta property=\"og:image:height\" content=\"600\" \/>\n\t<meta property=\"og:image:type\" content=\"image\/jpeg\" \/>\n<meta name=\"twitter:card\" content=\"summary_large_image\" \/>\n<meta name=\"twitter:site\" content=\"@FireWarebv\" \/>\n<meta name=\"twitter:label1\" content=\"Dur\u00e9e de lecture estim\u00e9e\" \/>\n\t<meta name=\"twitter:data1\" content=\"3 minutes\" \/>\n<script type=\"application\/ld+json\" class=\"yoast-schema-graph\">{\"@context\":\"https:\\\/\\\/schema.org\",\"@graph\":[{\"@type\":\"WebPage\",\"@id\":\"https:\\\/\\\/fireware.nl\\\/fr\\\/product\\\/set-dentrainement-foyer-dincendie\\\/\",\"url\":\"https:\\\/\\\/fireware.nl\\\/fr\\\/product\\\/set-dentrainement-foyer-dincendie\\\/\",\"name\":\"Set d'entra\u00eenement Foyer d'Incendie V4 - FireWare\",\"isPartOf\":{\"@id\":\"https:\\\/\\\/fireware.nl\\\/fr\\\/#website\"},\"primaryImageOfPage\":{\"@id\":\"https:\\\/\\\/fireware.nl\\\/fr\\\/product\\\/set-dentrainement-foyer-dincendie\\\/#primaryimage\"},\"image\":{\"@id\":\"https:\\\/\\\/fireware.nl\\\/fr\\\/product\\\/set-dentrainement-foyer-dincendie\\\/#primaryimage\"},\"thumbnailUrl\":\"https:\\\/\\\/fireware.nl\\\/wp-content\\\/uploads\\\/2021\\\/11\\\/040-030-032-Oefenset-Brandhaard-V4.jpg\",\"datePublished\":\"2021-11-10T12:15:38+00:00\",\"dateModified\":\"2025-01-20T09:16:14+00:00\",\"breadcrumb\":{\"@id\":\"https:\\\/\\\/fireware.nl\\\/fr\\\/product\\\/set-dentrainement-foyer-dincendie\\\/#breadcrumb\"},\"inLanguage\":\"fr-FR\",\"potentialAction\":[{\"@type\":\"ReadAction\",\"target\":[\"https:\\\/\\\/fireware.nl\\\/fr\\\/product\\\/set-dentrainement-foyer-dincendie\\\/\"]}]},{\"@type\":\"ImageObject\",\"inLanguage\":\"fr-FR\",\"@id\":\"https:\\\/\\\/fireware.nl\\\/fr\\\/product\\\/set-dentrainement-foyer-dincendie\\\/#primaryimage\",\"url\":\"https:\\\/\\\/fireware.nl\\\/wp-content\\\/uploads\\\/2021\\\/11\\\/040-030-032-Oefenset-Brandhaard-V4.jpg\",\"contentUrl\":\"https:\\\/\\\/fireware.nl\\\/wp-content\\\/uploads\\\/2021\\\/11\\\/040-030-032-Oefenset-Brandhaard-V4.jpg\",\"width\":600,\"height\":600},{\"@type\":\"BreadcrumbList\",\"@id\":\"https:\\\/\\\/fireware.nl\\\/fr\\\/product\\\/set-dentrainement-foyer-dincendie\\\/#breadcrumb\",\"itemListElement\":[{\"@type\":\"ListItem\",\"position\":1,\"name\":\"Home\",\"item\":\"https:\\\/\\\/fireware.nl\\\/fr\\\/\"},{\"@type\":\"ListItem\",\"position\":2,\"name\":\"Produits\",\"item\":\"https:\\\/\\\/fireware.nl\\\/fr\\\/produits\\\/\"},{\"@type\":\"ListItem\",\"position\":3,\"name\":\"Set d&#8217;entra\u00eenement Foyer d&#8217;Incendie V4\"}]},{\"@type\":\"WebSite\",\"@id\":\"https:\\\/\\\/fireware.nl\\\/fr\\\/#website\",\"url\":\"https:\\\/\\\/fireware.nl\\\/fr\\\/\",\"name\":\"FireWare\",\"description\":\"CREATING REALISTIC  TRAINING ENVIRONMENTS\",\"publisher\":{\"@id\":\"https:\\\/\\\/fireware.nl\\\/fr\\\/#organization\"},\"potentialAction\":[{\"@type\":\"SearchAction\",\"target\":{\"@type\":\"EntryPoint\",\"urlTemplate\":\"https:\\\/\\\/fireware.nl\\\/fr\\\/?s={search_term_string}\"},\"query-input\":{\"@type\":\"PropertyValueSpecification\",\"valueRequired\":true,\"valueName\":\"search_term_string\"}}],\"inLanguage\":\"fr-FR\"},{\"@type\":\"Organization\",\"@id\":\"https:\\\/\\\/fireware.nl\\\/fr\\\/#organization\",\"name\":\"FireWare\",\"url\":\"https:\\\/\\\/fireware.nl\\\/fr\\\/\",\"logo\":{\"@type\":\"ImageObject\",\"inLanguage\":\"fr-FR\",\"@id\":\"https:\\\/\\\/fireware.nl\\\/fr\\\/#\\\/schema\\\/logo\\\/image\\\/\",\"url\":\"https:\\\/\\\/fireware.nl\\\/wp-content\\\/uploads\\\/2018\\\/10\\\/FireWare-logo.jpg\",\"contentUrl\":\"https:\\\/\\\/fireware.nl\\\/wp-content\\\/uploads\\\/2018\\\/10\\\/FireWare-logo.jpg\",\"width\":171,\"height\":70,\"caption\":\"FireWare\"},\"image\":{\"@id\":\"https:\\\/\\\/fireware.nl\\\/fr\\\/#\\\/schema\\\/logo\\\/image\\\/\"},\"sameAs\":[\"https:\\\/\\\/www.facebook.com\\\/FireWareBV\\\/\",\"https:\\\/\\\/x.com\\\/FireWarebv\",\"https:\\\/\\\/www.instagram.com\\\/fireware_nl\\\/\",\"https:\\\/\\\/www.linkedin.com\\\/company\\\/3586017\\\/\",\"https:\\\/\\\/www.youtube.com\\\/user\\\/firesalesrentconsult\"]}]}<\/script>\n<!-- \/ Yoast SEO plugin. -->","yoast_head_json":{"title":"Set d'entra\u00eenement Foyer d'Incendie V4 - FireWare","robots":{"index":"index","follow":"follow","max-snippet":"max-snippet:-1","max-image-preview":"max-image-preview:large","max-video-preview":"max-video-preview:-1"},"canonical":"https:\/\/fireware.nl\/fr\/product\/set-dentrainement-foyer-dincendie\/","og_locale":"fr_FR","og_type":"article","og_title":"Set d'entra\u00eenement Foyer d'Incendie V4 - FireWare","og_description":"Une utilisation encore plus rapide et plus efficace Tout pour la mise en sc\u00e8ne d'un petit feu dans une seule caisse Contient une Mini-Silkflame LED, un FireSpot avec support de sol, une t\u00e9l\u00e9commande Plug On\/Off, une machine \u00e0 fum\u00e9e Nimbo avec t\u00e9l\u00e9commande, une Soundbox V3, un spray Burning Smell et une nourrice de distribution. Caisse en plastique (60 x 40 x 32,5 cm), avec couvercle et int\u00e9rieur en mousse personnalis\u00e9e. \u00c0 l'exclusion du liquide de fum\u00e9e.","og_url":"https:\/\/fireware.nl\/fr\/product\/set-dentrainement-foyer-dincendie\/","og_site_name":"FireWare","article_publisher":"https:\/\/www.facebook.com\/FireWareBV\/","article_modified_time":"2025-01-20T09:16:14+00:00","og_image":[{"width":600,"height":600,"url":"https:\/\/fireware.nl\/wp-content\/uploads\/2021\/11\/040-030-032-Oefenset-Brandhaard-V4.jpg","type":"image\/jpeg"}],"twitter_card":"summary_large_image","twitter_site":"@FireWarebv","twitter_misc":{"Dur\u00e9e de lecture estim\u00e9e":"3 minutes"},"schema":{"@context":"https:\/\/schema.org","@graph":[{"@type":"WebPage","@id":"https:\/\/fireware.nl\/fr\/product\/set-dentrainement-foyer-dincendie\/","url":"https:\/\/fireware.nl\/fr\/product\/set-dentrainement-foyer-dincendie\/","name":"Set d'entra\u00eenement Foyer d'Incendie V4 - FireWare","isPartOf":{"@id":"https:\/\/fireware.nl\/fr\/#website"},"primaryImageOfPage":{"@id":"https:\/\/fireware.nl\/fr\/product\/set-dentrainement-foyer-dincendie\/#primaryimage"},"image":{"@id":"https:\/\/fireware.nl\/fr\/product\/set-dentrainement-foyer-dincendie\/#primaryimage"},"thumbnailUrl":"https:\/\/fireware.nl\/wp-content\/uploads\/2021\/11\/040-030-032-Oefenset-Brandhaard-V4.jpg","datePublished":"2021-11-10T12:15:38+00:00","dateModified":"2025-01-20T09:16:14+00:00","breadcrumb":{"@id":"https:\/\/fireware.nl\/fr\/product\/set-dentrainement-foyer-dincendie\/#breadcrumb"},"inLanguage":"fr-FR","potentialAction":[{"@type":"ReadAction","target":["https:\/\/fireware.nl\/fr\/product\/set-dentrainement-foyer-dincendie\/"]}]},{"@type":"ImageObject","inLanguage":"fr-FR","@id":"https:\/\/fireware.nl\/fr\/product\/set-dentrainement-foyer-dincendie\/#primaryimage","url":"https:\/\/fireware.nl\/wp-content\/uploads\/2021\/11\/040-030-032-Oefenset-Brandhaard-V4.jpg","contentUrl":"https:\/\/fireware.nl\/wp-content\/uploads\/2021\/11\/040-030-032-Oefenset-Brandhaard-V4.jpg","width":600,"height":600},{"@type":"BreadcrumbList","@id":"https:\/\/fireware.nl\/fr\/product\/set-dentrainement-foyer-dincendie\/#breadcrumb","itemListElement":[{"@type":"ListItem","position":1,"name":"Home","item":"https:\/\/fireware.nl\/fr\/"},{"@type":"ListItem","position":2,"name":"Produits","item":"https:\/\/fireware.nl\/fr\/produits\/"},{"@type":"ListItem","position":3,"name":"Set d&#8217;entra\u00eenement Foyer d&#8217;Incendie V4"}]},{"@type":"WebSite","@id":"https:\/\/fireware.nl\/fr\/#website","url":"https:\/\/fireware.nl\/fr\/","name":"FireWare","description":"CREATING REALISTIC  TRAINING ENVIRONMENTS","publisher":{"@id":"https:\/\/fireware.nl\/fr\/#organization"},"potentialAction":[{"@type":"SearchAction","target":{"@type":"EntryPoint","urlTemplate":"https:\/\/fireware.nl\/fr\/?s={search_term_string}"},"query-input":{"@type":"PropertyValueSpecification","valueRequired":true,"valueName":"search_term_string"}}],"inLanguage":"fr-FR"},{"@type":"Organization","@id":"https:\/\/fireware.nl\/fr\/#organization","name":"FireWare","url":"https:\/\/fireware.nl\/fr\/","logo":{"@type":"ImageObject","inLanguage":"fr-FR","@id":"https:\/\/fireware.nl\/fr\/#\/schema\/logo\/image\/","url":"https:\/\/fireware.nl\/wp-content\/uploads\/2018\/10\/FireWare-logo.jpg","contentUrl":"https:\/\/fireware.nl\/wp-content\/uploads\/2018\/10\/FireWare-logo.jpg","width":171,"height":70,"caption":"FireWare"},"image":{"@id":"https:\/\/fireware.nl\/fr\/#\/schema\/logo\/image\/"},"sameAs":["https:\/\/www.facebook.com\/FireWareBV\/","https:\/\/x.com\/FireWarebv","https:\/\/www.instagram.com\/fireware_nl\/","https:\/\/www.linkedin.com\/company\/3586017\/","https:\/\/www.youtube.com\/user\/firesalesrentconsult"]}]}},"publishpress_future_workflow_manual_trigger":{"enabledWorkflows":[]},"_links":{"self":[{"href":"https:\/\/fireware.nl\/fr\/wp-json\/wp\/v2\/product\/19187","targetHints":{"allow":["GET"]}}],"collection":[{"href":"https:\/\/fireware.nl\/fr\/wp-json\/wp\/v2\/product"}],"about":[{"href":"https:\/\/fireware.nl\/fr\/wp-json\/wp\/v2\/types\/product"}],"wp:featuredmedia":[{"embeddable":true,"href":"https:\/\/fireware.nl\/fr\/wp-json\/wp\/v2\/media\/74291"}],"wp:attachment":[{"href":"https:\/\/fireware.nl\/fr\/wp-json\/wp\/v2\/media?parent=19187"}],"wp:term":[{"taxonomy":"product_brand","embeddable":true,"href":"https:\/\/fireware.nl\/fr\/wp-json\/wp\/v2\/product_brand?post=19187"},{"taxonomy":"product_cat","embeddable":true,"href":"https:\/\/fireware.nl\/fr\/wp-json\/wp\/v2\/product_cat?post=19187"},{"taxonomy":"product_tag","embeddable":true,"href":"https:\/\/fireware.nl\/fr\/wp-json\/wp\/v2\/product_tag?post=19187"}],"curies":[{"name":"wp","href":"https:\/\/api.w.org\/{rel}","templated":true}]}}