
{"id":19197,"date":"2021-03-09T10:35:33","date_gmt":"2019-02-01T10:01:56","guid":{"rendered":"http:\/\/fireware.sites.hyperhosting.co\/?post_type=product&#038;p=19197"},"modified":"2022-10-28T08:28:59","modified_gmt":"2022-10-28T08:28:59","slug":"kliko-en-feu","status":"publish","type":"product","link":"https:\/\/fireware.nl\/fr\/product\/kliko-en-feu\/","title":{"rendered":"Kliko en feu V3"},"content":{"rendered":"\r\n<h2>Sc\u00e9nario complet d&#8217;un incendie dans une poubelle<\/h2>\r\n<p>Notre Kliko en feu cr\u00e9e une simulation compl\u00e8te d&#8217;un incendie dans une poubelle. Avec un seul clic sur votre smartphone ou votre tablette, vous disposez d&#8217;un sc\u00e9nario complet avec des flammes, de la fum\u00e9e et du son. Tout cela, int\u00e9gr\u00e9 dans une poubelle \u00e0 roulettes.<\/p>\r\n<h2>Mettre en sc\u00e8ne un Kliko en feu<\/h2>\r\n<p>Dans un Kliko en feu sont int\u00e9gr\u00e9s une machines \u00e0 fum\u00e9e <a href=\"https:\/\/fireware.nl\/fr\/produit\/fireware-nimbo\/\" target=\"_blank\" rel=\"noopener\">Nimbo<\/a>, des haut-parleurs et un <a href=\"https:\/\/fireware.nl\/fr\/produit\/mini-silkflame\/\" target=\"_blank\" rel=\"noopener\">Mini Silkflame LED<\/a>. En plus, dans la nouvelle version, l&#8217;intelligence de la <a href=\"https:\/\/fireware.nl\/fr\/produit\/fireware-pandoras-box\/\" target=\"_blank\" rel=\"noopener\">Pandora&#8217;s Box V3<\/a> est comprise. Votre instructeur g\u00e8re ainsi toutes les commandes des effets pour une simulation, \u00e0 partir de votre appareil. La Pandora&#8217;s Box met en place un r\u00e9seau Wifi sans fil auquel vous pouvez vous connecter en scannant un code QR ou en saisissant manuellement un code. Un logiciel complexe est donc inutile.<\/p>\r\n<p>\u00c9videmment, le son d&#8217;un incendie est int\u00e9gr\u00e9. Mais vous pouvez \u00e9galement ajouter \u00e0 l&#8217;exercice le bruit d&#8217;\u00e9tincelles, d&#8217;une explosion ou des pleurs d&#8217;un b\u00e9b\u00e9. Cela vous permet de cr\u00e9er pour les participants des effet de surprise \u00e9tonnants\u00a0! Via votre smartphone, vous pouvez faire resonner tous les bruits simultan\u00e9ment et m\u00eame en faire un mix.<\/p>\r\n<h2>Un incendie dans une poubelle<\/h2>\r\n<p>Un Kliko en feu ressemble \u00e0 une vraie poubelle. De ce fait, la mise en sc\u00e8ne est tr\u00e8s r\u00e9aliste. Les c\u00e2bles \u00e9lectriques sont bien cach\u00e9s. En outre, le Kliko est \u00e9quip\u00e9 d&#8217;une plate-forme pour placer du papier ou d&#8217;autres d\u00e9chets. Ce qui rend l&#8217;exercice encore plus r\u00e9aliste\u00a0! En combinaison avec un <a href=\"https:\/\/fireware.nl\/fr\/categorie-produit\/extincteurs-de-formation\/\" target=\"_blank\" rel=\"noopener\">Apollo LED Extincteur<\/a> de formation \u00e0 mousse ou un extincteur \u00e0 CO<sub>2,<\/sub> il est m\u00eame possible de simuler un exercice d&#8217;extinction. Dans quelle mesure voulez-vous un exercice r\u00e9aliste\u00a0?<\/p>\r\n<p>Tout comme un Kliko ordinaire, l&#8217;unit\u00e9 de simulation est mobile et peut donc facilement \u00eatre transport\u00e9e et utilis\u00e9e dans de nombreux endroits. On peut, par exemple, l&#8217;utiliser dans un exercice d&#8217;incendie dans une zone r\u00e9sidentielle ou dans un entrep\u00f4t.<\/p>\r\n<p>Un r\u00e9servoir complet de liquide fumig\u00e8ne medium est exp\u00e9di\u00e9 avec le mat\u00e9riel pour un sc\u00e9nario &#8216;pr\u00eat \u00e0 l&#8217;emploi&#8217;. Afin de rendre l&#8217;effet encore plus r\u00e9aliste et stimuler le nez, vous pouvez utiliser <a href=\"https:\/\/fireware.nl\/fr\/produit\/fireware-burning-smell-spray\/\" target=\"_blank\" rel=\"noopener\">le spray Burning Smell<\/a>.<\/p>\r\n<h2>Regarder la vid\u00e9o<\/h2>\r\n<p><iframe loading=\"lazy\" src=\"https:\/\/www.youtube.com\/embed\/THtqRCO3oOs?rel=0&amp;hl=fr&amp;cc_lang_pref=fr&amp;cc_load_policy=1\" width=\"560\" height=\"315\" frameborder=\"0\" allowfullscreen=\"allowfullscreen\"><\/iframe><\/p>\r\n","protected":false},"excerpt":{"rendered":"<ul>\n<li>Un Kliko avec des effets de flammes, de fum\u00e9e et des effets sonores int\u00e9gr\u00e9s;<\/li>\n<li>Contr\u00f4lez les effets avec votre smartphone ou tablette;<\/li>\n<li>Faites resonner tous les effets sonores simultan\u00e9ment ou cr\u00e9ez un mix;<\/li>\n<li>Rendez l&#8217;exercice encore plus r\u00e9aliste en pla\u00e7ant du papier ou d&#8217;autres d\u00e9chets sur la plate-forme;<\/li>\n<li>\u00c9quip\u00e9 de roulettes, donc facile \u00e0 transporter;<\/li>\n<li>C\u00e2bles \u00e9lectriques dissimul\u00e9s avec soin, pour une mise en sc\u00e8ne r\u00e9aliste;<\/li>\n<li>Couleur au choix : vert, bleu, rouge ou noir.<\/li>\n<\/ul>\n","protected":false},"featured_media":57957,"template":"","meta":[],"product_brand":[],"product_cat":[215,92],"product_tag":[],"class_list":{"0":"post-19197","1":"product","2":"type-product","3":"status-publish","4":"has-post-thumbnail","6":"product_cat-feu-simule","7":"product_cat-produits-de-demonstration","8":"pa_kleuren-bleu","9":"pa_kleuren-noir","10":"pa_kleuren-rouge","11":"pa_kleuren-vert","13":"first","14":"instock","15":"taxable","16":"shipping-taxable","17":"purchasable","18":"product-type-variable"},"yoast_head":"<!-- This site is optimized with the Yoast SEO plugin v27.5 - https:\/\/yoast.com\/product\/yoast-seo-wordpress\/ -->\n<title>Kliko en feu V3 - FireWare<\/title>\n<meta name=\"robots\" content=\"index, follow, max-snippet:-1, max-image-preview:large, max-video-preview:-1\" \/>\n<link rel=\"canonical\" href=\"https:\/\/fireware.nl\/fr\/product\/kliko-en-feu\/\" \/>\n<meta property=\"og:locale\" content=\"fr_FR\" \/>\n<meta property=\"og:type\" content=\"article\" \/>\n<meta property=\"og:title\" content=\"Kliko en feu V3 - FireWare\" \/>\n<meta property=\"og:description\" content=\"Un Kliko avec des effets de flammes, de fum\u00e9e et des effets sonores int\u00e9gr\u00e9s; Contr\u00f4lez les effets avec votre smartphone ou tablette; Faites resonner tous les effets sonores simultan\u00e9ment ou cr\u00e9ez un mix; Rendez l&#039;exercice encore plus r\u00e9aliste en pla\u00e7ant du papier ou d&#039;autres d\u00e9chets sur la plate-forme; \u00c9quip\u00e9 de roulettes, donc facile \u00e0 transporter; C\u00e2bles \u00e9lectriques dissimul\u00e9s avec soin, pour une mise en sc\u00e8ne r\u00e9aliste; Couleur au choix : vert, bleu, rouge ou noir.\" \/>\n<meta property=\"og:url\" content=\"https:\/\/fireware.nl\/fr\/product\/kliko-en-feu\/\" \/>\n<meta property=\"og:site_name\" content=\"FireWare\" \/>\n<meta property=\"article:publisher\" content=\"https:\/\/www.facebook.com\/FireWareBV\/\" \/>\n<meta property=\"article:modified_time\" content=\"2022-10-28T08:28:59+00:00\" \/>\n<meta property=\"og:image\" content=\"https:\/\/fireware.nl\/wp-content\/uploads\/2019\/01\/025-028-005-Brandende-kliko.jpg\" \/>\n\t<meta property=\"og:image:width\" content=\"600\" \/>\n\t<meta property=\"og:image:height\" content=\"600\" \/>\n\t<meta property=\"og:image:type\" content=\"image\/jpeg\" \/>\n<meta name=\"twitter:card\" content=\"summary_large_image\" \/>\n<meta name=\"twitter:site\" content=\"@FireWarebv\" \/>\n<meta name=\"twitter:label1\" content=\"Dur\u00e9e de lecture estim\u00e9e\" \/>\n\t<meta name=\"twitter:data1\" content=\"2 minutes\" \/>\n<script type=\"application\/ld+json\" class=\"yoast-schema-graph\">{\"@context\":\"https:\\\/\\\/schema.org\",\"@graph\":[{\"@type\":\"WebPage\",\"@id\":\"https:\\\/\\\/fireware.nl\\\/fr\\\/product\\\/kliko-en-feu\\\/\",\"url\":\"https:\\\/\\\/fireware.nl\\\/fr\\\/product\\\/kliko-en-feu\\\/\",\"name\":\"Kliko en feu V3 - FireWare\",\"isPartOf\":{\"@id\":\"https:\\\/\\\/fireware.nl\\\/fr\\\/#website\"},\"primaryImageOfPage\":{\"@id\":\"https:\\\/\\\/fireware.nl\\\/fr\\\/product\\\/kliko-en-feu\\\/#primaryimage\"},\"image\":{\"@id\":\"https:\\\/\\\/fireware.nl\\\/fr\\\/product\\\/kliko-en-feu\\\/#primaryimage\"},\"thumbnailUrl\":\"https:\\\/\\\/fireware.nl\\\/wp-content\\\/uploads\\\/2019\\\/01\\\/025-028-005-Brandende-kliko.jpg\",\"datePublished\":\"2019-02-01T10:01:56+00:00\",\"dateModified\":\"2022-10-28T08:28:59+00:00\",\"breadcrumb\":{\"@id\":\"https:\\\/\\\/fireware.nl\\\/fr\\\/product\\\/kliko-en-feu\\\/#breadcrumb\"},\"inLanguage\":\"fr-FR\",\"potentialAction\":[{\"@type\":\"ReadAction\",\"target\":[\"https:\\\/\\\/fireware.nl\\\/fr\\\/product\\\/kliko-en-feu\\\/\"]}]},{\"@type\":\"ImageObject\",\"inLanguage\":\"fr-FR\",\"@id\":\"https:\\\/\\\/fireware.nl\\\/fr\\\/product\\\/kliko-en-feu\\\/#primaryimage\",\"url\":\"https:\\\/\\\/fireware.nl\\\/wp-content\\\/uploads\\\/2019\\\/01\\\/025-028-005-Brandende-kliko.jpg\",\"contentUrl\":\"https:\\\/\\\/fireware.nl\\\/wp-content\\\/uploads\\\/2019\\\/01\\\/025-028-005-Brandende-kliko.jpg\",\"width\":600,\"height\":600},{\"@type\":\"BreadcrumbList\",\"@id\":\"https:\\\/\\\/fireware.nl\\\/fr\\\/product\\\/kliko-en-feu\\\/#breadcrumb\",\"itemListElement\":[{\"@type\":\"ListItem\",\"position\":1,\"name\":\"Home\",\"item\":\"https:\\\/\\\/fireware.nl\\\/fr\\\/\"},{\"@type\":\"ListItem\",\"position\":2,\"name\":\"Produits\",\"item\":\"https:\\\/\\\/fireware.nl\\\/fr\\\/produits\\\/\"},{\"@type\":\"ListItem\",\"position\":3,\"name\":\"Kliko en feu V3\"}]},{\"@type\":\"WebSite\",\"@id\":\"https:\\\/\\\/fireware.nl\\\/fr\\\/#website\",\"url\":\"https:\\\/\\\/fireware.nl\\\/fr\\\/\",\"name\":\"FireWare\",\"description\":\"CREATING REALISTIC  TRAINING ENVIRONMENTS\",\"publisher\":{\"@id\":\"https:\\\/\\\/fireware.nl\\\/fr\\\/#organization\"},\"potentialAction\":[{\"@type\":\"SearchAction\",\"target\":{\"@type\":\"EntryPoint\",\"urlTemplate\":\"https:\\\/\\\/fireware.nl\\\/fr\\\/?s={search_term_string}\"},\"query-input\":{\"@type\":\"PropertyValueSpecification\",\"valueRequired\":true,\"valueName\":\"search_term_string\"}}],\"inLanguage\":\"fr-FR\"},{\"@type\":\"Organization\",\"@id\":\"https:\\\/\\\/fireware.nl\\\/fr\\\/#organization\",\"name\":\"FireWare\",\"url\":\"https:\\\/\\\/fireware.nl\\\/fr\\\/\",\"logo\":{\"@type\":\"ImageObject\",\"inLanguage\":\"fr-FR\",\"@id\":\"https:\\\/\\\/fireware.nl\\\/fr\\\/#\\\/schema\\\/logo\\\/image\\\/\",\"url\":\"https:\\\/\\\/fireware.nl\\\/wp-content\\\/uploads\\\/2018\\\/10\\\/FireWare-logo.jpg\",\"contentUrl\":\"https:\\\/\\\/fireware.nl\\\/wp-content\\\/uploads\\\/2018\\\/10\\\/FireWare-logo.jpg\",\"width\":171,\"height\":70,\"caption\":\"FireWare\"},\"image\":{\"@id\":\"https:\\\/\\\/fireware.nl\\\/fr\\\/#\\\/schema\\\/logo\\\/image\\\/\"},\"sameAs\":[\"https:\\\/\\\/www.facebook.com\\\/FireWareBV\\\/\",\"https:\\\/\\\/x.com\\\/FireWarebv\",\"https:\\\/\\\/www.instagram.com\\\/fireware_nl\\\/\",\"https:\\\/\\\/www.linkedin.com\\\/company\\\/3586017\\\/\",\"https:\\\/\\\/www.youtube.com\\\/user\\\/firesalesrentconsult\"]}]}<\/script>\n<!-- \/ Yoast SEO plugin. -->","yoast_head_json":{"title":"Kliko en feu V3 - FireWare","robots":{"index":"index","follow":"follow","max-snippet":"max-snippet:-1","max-image-preview":"max-image-preview:large","max-video-preview":"max-video-preview:-1"},"canonical":"https:\/\/fireware.nl\/fr\/product\/kliko-en-feu\/","og_locale":"fr_FR","og_type":"article","og_title":"Kliko en feu V3 - FireWare","og_description":"Un Kliko avec des effets de flammes, de fum\u00e9e et des effets sonores int\u00e9gr\u00e9s; Contr\u00f4lez les effets avec votre smartphone ou tablette; Faites resonner tous les effets sonores simultan\u00e9ment ou cr\u00e9ez un mix; Rendez l'exercice encore plus r\u00e9aliste en pla\u00e7ant du papier ou d'autres d\u00e9chets sur la plate-forme; \u00c9quip\u00e9 de roulettes, donc facile \u00e0 transporter; C\u00e2bles \u00e9lectriques dissimul\u00e9s avec soin, pour une mise en sc\u00e8ne r\u00e9aliste; Couleur au choix : vert, bleu, rouge ou noir.","og_url":"https:\/\/fireware.nl\/fr\/product\/kliko-en-feu\/","og_site_name":"FireWare","article_publisher":"https:\/\/www.facebook.com\/FireWareBV\/","article_modified_time":"2022-10-28T08:28:59+00:00","og_image":[{"width":600,"height":600,"url":"https:\/\/fireware.nl\/wp-content\/uploads\/2019\/01\/025-028-005-Brandende-kliko.jpg","type":"image\/jpeg"}],"twitter_card":"summary_large_image","twitter_site":"@FireWarebv","twitter_misc":{"Dur\u00e9e de lecture estim\u00e9e":"2 minutes"},"schema":{"@context":"https:\/\/schema.org","@graph":[{"@type":"WebPage","@id":"https:\/\/fireware.nl\/fr\/product\/kliko-en-feu\/","url":"https:\/\/fireware.nl\/fr\/product\/kliko-en-feu\/","name":"Kliko en feu V3 - FireWare","isPartOf":{"@id":"https:\/\/fireware.nl\/fr\/#website"},"primaryImageOfPage":{"@id":"https:\/\/fireware.nl\/fr\/product\/kliko-en-feu\/#primaryimage"},"image":{"@id":"https:\/\/fireware.nl\/fr\/product\/kliko-en-feu\/#primaryimage"},"thumbnailUrl":"https:\/\/fireware.nl\/wp-content\/uploads\/2019\/01\/025-028-005-Brandende-kliko.jpg","datePublished":"2019-02-01T10:01:56+00:00","dateModified":"2022-10-28T08:28:59+00:00","breadcrumb":{"@id":"https:\/\/fireware.nl\/fr\/product\/kliko-en-feu\/#breadcrumb"},"inLanguage":"fr-FR","potentialAction":[{"@type":"ReadAction","target":["https:\/\/fireware.nl\/fr\/product\/kliko-en-feu\/"]}]},{"@type":"ImageObject","inLanguage":"fr-FR","@id":"https:\/\/fireware.nl\/fr\/product\/kliko-en-feu\/#primaryimage","url":"https:\/\/fireware.nl\/wp-content\/uploads\/2019\/01\/025-028-005-Brandende-kliko.jpg","contentUrl":"https:\/\/fireware.nl\/wp-content\/uploads\/2019\/01\/025-028-005-Brandende-kliko.jpg","width":600,"height":600},{"@type":"BreadcrumbList","@id":"https:\/\/fireware.nl\/fr\/product\/kliko-en-feu\/#breadcrumb","itemListElement":[{"@type":"ListItem","position":1,"name":"Home","item":"https:\/\/fireware.nl\/fr\/"},{"@type":"ListItem","position":2,"name":"Produits","item":"https:\/\/fireware.nl\/fr\/produits\/"},{"@type":"ListItem","position":3,"name":"Kliko en feu V3"}]},{"@type":"WebSite","@id":"https:\/\/fireware.nl\/fr\/#website","url":"https:\/\/fireware.nl\/fr\/","name":"FireWare","description":"CREATING REALISTIC  TRAINING ENVIRONMENTS","publisher":{"@id":"https:\/\/fireware.nl\/fr\/#organization"},"potentialAction":[{"@type":"SearchAction","target":{"@type":"EntryPoint","urlTemplate":"https:\/\/fireware.nl\/fr\/?s={search_term_string}"},"query-input":{"@type":"PropertyValueSpecification","valueRequired":true,"valueName":"search_term_string"}}],"inLanguage":"fr-FR"},{"@type":"Organization","@id":"https:\/\/fireware.nl\/fr\/#organization","name":"FireWare","url":"https:\/\/fireware.nl\/fr\/","logo":{"@type":"ImageObject","inLanguage":"fr-FR","@id":"https:\/\/fireware.nl\/fr\/#\/schema\/logo\/image\/","url":"https:\/\/fireware.nl\/wp-content\/uploads\/2018\/10\/FireWare-logo.jpg","contentUrl":"https:\/\/fireware.nl\/wp-content\/uploads\/2018\/10\/FireWare-logo.jpg","width":171,"height":70,"caption":"FireWare"},"image":{"@id":"https:\/\/fireware.nl\/fr\/#\/schema\/logo\/image\/"},"sameAs":["https:\/\/www.facebook.com\/FireWareBV\/","https:\/\/x.com\/FireWarebv","https:\/\/www.instagram.com\/fireware_nl\/","https:\/\/www.linkedin.com\/company\/3586017\/","https:\/\/www.youtube.com\/user\/firesalesrentconsult"]}]}},"publishpress_future_workflow_manual_trigger":{"enabledWorkflows":[]},"_links":{"self":[{"href":"https:\/\/fireware.nl\/fr\/wp-json\/wp\/v2\/product\/19197","targetHints":{"allow":["GET"]}}],"collection":[{"href":"https:\/\/fireware.nl\/fr\/wp-json\/wp\/v2\/product"}],"about":[{"href":"https:\/\/fireware.nl\/fr\/wp-json\/wp\/v2\/types\/product"}],"wp:featuredmedia":[{"embeddable":true,"href":"https:\/\/fireware.nl\/fr\/wp-json\/wp\/v2\/media\/57957"}],"wp:attachment":[{"href":"https:\/\/fireware.nl\/fr\/wp-json\/wp\/v2\/media?parent=19197"}],"wp:term":[{"taxonomy":"product_brand","embeddable":true,"href":"https:\/\/fireware.nl\/fr\/wp-json\/wp\/v2\/product_brand?post=19197"},{"taxonomy":"product_cat","embeddable":true,"href":"https:\/\/fireware.nl\/fr\/wp-json\/wp\/v2\/product_cat?post=19197"},{"taxonomy":"product_tag","embeddable":true,"href":"https:\/\/fireware.nl\/fr\/wp-json\/wp\/v2\/product_tag?post=19197"}],"curies":[{"name":"wp","href":"https:\/\/api.w.org\/{rel}","templated":true}]}}