
{"id":19228,"date":"2019-01-23T12:15:31","date_gmt":"2019-02-01T10:07:03","guid":{"rendered":"http:\/\/fireware.sites.hyperhosting.co\/?post_type=product&#038;p=19228"},"modified":"2024-09-23T12:38:14","modified_gmt":"2024-09-23T12:38:14","slug":"bouteille-de-gaz-dexercice-electronique","status":"publish","type":"product","link":"https:\/\/fireware.nl\/fr\/product\/bouteille-de-gaz-dexercice-electronique\/","title":{"rendered":"Bouteille de Gaz d&#8217;exercice \u00e9lectronique"},"content":{"rendered":"\n\n\t<h2>Fuite de gaz sifflante<\/h2>\n<p>La Bouteille de Gaz d&#8217;Exercice \u00c9lectronique simule une fuite de gaz sifflante. Un sifflement vient des haut-parleurs int\u00e9gr\u00e9s et peut \u00eatre r\u00e9gl\u00e9 avec le robinet de gaz. En combinant la bouteille de gaz d&#8217;exercice et le\u00a0FireWare Chemical Smell Spray, vous simulez un sc\u00e9nario r\u00e9aliste en un tour de main!<\/p>\n<p>La bouteille de gaz fonctionne avec une batterie int\u00e9gr\u00e9e, il n&#8217;y a donc pas de fils. L&#8217;effet est de ce fait tr\u00e8s r\u00e9aliste. Avec une batterie pleine, la bouteille peut fonctionner pendant 6 heures.\u00a0La bouteille de gaz est disponible en rouge et en vert. L&#8217;appareil a une mise en marche simple et il est livr\u00e9 avec un chargeur.<\/p>\n<h2>Regarder la vid\u00e9o<\/h2>\n\t<iframe loading=\"lazy\" width=\"560\" height=\"315\" src=\"https:\/\/www.youtube.com\/embed\/S3alOUs6GZI?rel=0\" title=\"YouTube video player\" frameborder=\"0\" allow=\"accelerometer; autoplay; clipboard-write; encrypted-media; gyroscope; picture-in-picture\" allowfullscreen><\/iframe>\n\n","protected":false},"excerpt":{"rendered":"<ul>\n<li>Bouteille de Gaz d\u2019Exercice qui fonctionne avec de l\u2019\u00e9lectronique.<\/li>\n<li>Pour simuler une fuite sifflante.<\/li>\n<li>Speakers et batterie int\u00e9gr\u00e9s.<\/li>\n<li>Le robinet de gaz est le modulateur de volume.<\/li>\n<li>Disponible en rouge ou en vert.<\/li>\n<li>Livr\u00e9 avec un chargeur.<\/li>\n<\/ul>\n","protected":false},"featured_media":21108,"template":"","meta":[],"product_brand":[],"product_cat":[218,95],"product_tag":[],"class_list":{"0":"post-19228","1":"product","2":"type-product","3":"status-publish","4":"has-post-thumbnail","6":"product_cat-nbrce","7":"product_cat-son","9":"first","10":"instock","11":"taxable","12":"shipping-taxable","13":"purchasable","14":"product-type-variable"},"yoast_head":"<!-- This site is optimized with the Yoast SEO plugin v27.5 - https:\/\/yoast.com\/product\/yoast-seo-wordpress\/ -->\n<title>Bouteille de Gaz d&#039;exercice \u00e9lectronique - FireWare<\/title>\n<meta name=\"robots\" content=\"index, follow, max-snippet:-1, max-image-preview:large, max-video-preview:-1\" \/>\n<link rel=\"canonical\" href=\"https:\/\/fireware.nl\/fr\/product\/bouteille-de-gaz-dexercice-electronique\/\" \/>\n<meta property=\"og:locale\" content=\"fr_FR\" \/>\n<meta property=\"og:type\" content=\"article\" \/>\n<meta property=\"og:title\" content=\"Bouteille de Gaz d&#039;exercice \u00e9lectronique - FireWare\" \/>\n<meta property=\"og:description\" content=\"Bouteille de Gaz d\u2019Exercice qui fonctionne avec de l\u2019\u00e9lectronique. Pour simuler une fuite sifflante. Speakers et batterie int\u00e9gr\u00e9s. Le robinet de gaz est le modulateur de volume. Disponible en rouge ou en vert. Livr\u00e9 avec un chargeur.\" \/>\n<meta property=\"og:url\" content=\"https:\/\/fireware.nl\/fr\/product\/bouteille-de-gaz-dexercice-electronique\/\" \/>\n<meta property=\"og:site_name\" content=\"FireWare\" \/>\n<meta property=\"article:publisher\" content=\"https:\/\/www.facebook.com\/FireWareBV\/\" \/>\n<meta property=\"article:modified_time\" content=\"2024-09-23T12:38:14+00:00\" \/>\n<meta property=\"og:image\" content=\"https:\/\/fireware.nl\/wp-content\/uploads\/2019\/01\/025-027-004-Sissende-oefengasfles-Rood-Staand.jpg\" \/>\n\t<meta property=\"og:image:width\" content=\"600\" \/>\n\t<meta property=\"og:image:height\" content=\"600\" \/>\n\t<meta property=\"og:image:type\" content=\"image\/jpeg\" \/>\n<meta name=\"twitter:card\" content=\"summary_large_image\" \/>\n<meta name=\"twitter:site\" content=\"@FireWarebv\" \/>\n<meta name=\"twitter:label1\" content=\"Dur\u00e9e de lecture estim\u00e9e\" \/>\n\t<meta name=\"twitter:data1\" content=\"1 minute\" \/>\n<script type=\"application\/ld+json\" class=\"yoast-schema-graph\">{\"@context\":\"https:\\\/\\\/schema.org\",\"@graph\":[{\"@type\":\"WebPage\",\"@id\":\"https:\\\/\\\/fireware.nl\\\/fr\\\/product\\\/bouteille-de-gaz-dexercice-electronique\\\/\",\"url\":\"https:\\\/\\\/fireware.nl\\\/fr\\\/product\\\/bouteille-de-gaz-dexercice-electronique\\\/\",\"name\":\"Bouteille de Gaz d'exercice \u00e9lectronique - FireWare\",\"isPartOf\":{\"@id\":\"https:\\\/\\\/fireware.nl\\\/fr\\\/#website\"},\"primaryImageOfPage\":{\"@id\":\"https:\\\/\\\/fireware.nl\\\/fr\\\/product\\\/bouteille-de-gaz-dexercice-electronique\\\/#primaryimage\"},\"image\":{\"@id\":\"https:\\\/\\\/fireware.nl\\\/fr\\\/product\\\/bouteille-de-gaz-dexercice-electronique\\\/#primaryimage\"},\"thumbnailUrl\":\"https:\\\/\\\/fireware.nl\\\/wp-content\\\/uploads\\\/2019\\\/01\\\/025-027-004-Sissende-oefengasfles-Rood-Staand.jpg\",\"datePublished\":\"2019-02-01T10:07:03+00:00\",\"dateModified\":\"2024-09-23T12:38:14+00:00\",\"breadcrumb\":{\"@id\":\"https:\\\/\\\/fireware.nl\\\/fr\\\/product\\\/bouteille-de-gaz-dexercice-electronique\\\/#breadcrumb\"},\"inLanguage\":\"fr-FR\",\"potentialAction\":[{\"@type\":\"ReadAction\",\"target\":[\"https:\\\/\\\/fireware.nl\\\/fr\\\/product\\\/bouteille-de-gaz-dexercice-electronique\\\/\"]}]},{\"@type\":\"ImageObject\",\"inLanguage\":\"fr-FR\",\"@id\":\"https:\\\/\\\/fireware.nl\\\/fr\\\/product\\\/bouteille-de-gaz-dexercice-electronique\\\/#primaryimage\",\"url\":\"https:\\\/\\\/fireware.nl\\\/wp-content\\\/uploads\\\/2019\\\/01\\\/025-027-004-Sissende-oefengasfles-Rood-Staand.jpg\",\"contentUrl\":\"https:\\\/\\\/fireware.nl\\\/wp-content\\\/uploads\\\/2019\\\/01\\\/025-027-004-Sissende-oefengasfles-Rood-Staand.jpg\",\"width\":600,\"height\":600,\"caption\":\"025-027-004 Sissende oefengasfles Rood Staand\"},{\"@type\":\"BreadcrumbList\",\"@id\":\"https:\\\/\\\/fireware.nl\\\/fr\\\/product\\\/bouteille-de-gaz-dexercice-electronique\\\/#breadcrumb\",\"itemListElement\":[{\"@type\":\"ListItem\",\"position\":1,\"name\":\"Home\",\"item\":\"https:\\\/\\\/fireware.nl\\\/fr\\\/\"},{\"@type\":\"ListItem\",\"position\":2,\"name\":\"Produits\",\"item\":\"https:\\\/\\\/fireware.nl\\\/fr\\\/produits\\\/\"},{\"@type\":\"ListItem\",\"position\":3,\"name\":\"Bouteille de Gaz d&#8217;exercice \u00e9lectronique\"}]},{\"@type\":\"WebSite\",\"@id\":\"https:\\\/\\\/fireware.nl\\\/fr\\\/#website\",\"url\":\"https:\\\/\\\/fireware.nl\\\/fr\\\/\",\"name\":\"FireWare\",\"description\":\"CREATING REALISTIC  TRAINING ENVIRONMENTS\",\"publisher\":{\"@id\":\"https:\\\/\\\/fireware.nl\\\/fr\\\/#organization\"},\"potentialAction\":[{\"@type\":\"SearchAction\",\"target\":{\"@type\":\"EntryPoint\",\"urlTemplate\":\"https:\\\/\\\/fireware.nl\\\/fr\\\/?s={search_term_string}\"},\"query-input\":{\"@type\":\"PropertyValueSpecification\",\"valueRequired\":true,\"valueName\":\"search_term_string\"}}],\"inLanguage\":\"fr-FR\"},{\"@type\":\"Organization\",\"@id\":\"https:\\\/\\\/fireware.nl\\\/fr\\\/#organization\",\"name\":\"FireWare\",\"url\":\"https:\\\/\\\/fireware.nl\\\/fr\\\/\",\"logo\":{\"@type\":\"ImageObject\",\"inLanguage\":\"fr-FR\",\"@id\":\"https:\\\/\\\/fireware.nl\\\/fr\\\/#\\\/schema\\\/logo\\\/image\\\/\",\"url\":\"https:\\\/\\\/fireware.nl\\\/wp-content\\\/uploads\\\/2018\\\/10\\\/FireWare-logo.jpg\",\"contentUrl\":\"https:\\\/\\\/fireware.nl\\\/wp-content\\\/uploads\\\/2018\\\/10\\\/FireWare-logo.jpg\",\"width\":171,\"height\":70,\"caption\":\"FireWare\"},\"image\":{\"@id\":\"https:\\\/\\\/fireware.nl\\\/fr\\\/#\\\/schema\\\/logo\\\/image\\\/\"},\"sameAs\":[\"https:\\\/\\\/www.facebook.com\\\/FireWareBV\\\/\",\"https:\\\/\\\/x.com\\\/FireWarebv\",\"https:\\\/\\\/www.instagram.com\\\/fireware_nl\\\/\",\"https:\\\/\\\/www.linkedin.com\\\/company\\\/3586017\\\/\",\"https:\\\/\\\/www.youtube.com\\\/user\\\/firesalesrentconsult\"]}]}<\/script>\n<!-- \/ Yoast SEO plugin. -->","yoast_head_json":{"title":"Bouteille de Gaz d'exercice \u00e9lectronique - FireWare","robots":{"index":"index","follow":"follow","max-snippet":"max-snippet:-1","max-image-preview":"max-image-preview:large","max-video-preview":"max-video-preview:-1"},"canonical":"https:\/\/fireware.nl\/fr\/product\/bouteille-de-gaz-dexercice-electronique\/","og_locale":"fr_FR","og_type":"article","og_title":"Bouteille de Gaz d'exercice \u00e9lectronique - FireWare","og_description":"Bouteille de Gaz d\u2019Exercice qui fonctionne avec de l\u2019\u00e9lectronique. Pour simuler une fuite sifflante. Speakers et batterie int\u00e9gr\u00e9s. Le robinet de gaz est le modulateur de volume. Disponible en rouge ou en vert. Livr\u00e9 avec un chargeur.","og_url":"https:\/\/fireware.nl\/fr\/product\/bouteille-de-gaz-dexercice-electronique\/","og_site_name":"FireWare","article_publisher":"https:\/\/www.facebook.com\/FireWareBV\/","article_modified_time":"2024-09-23T12:38:14+00:00","og_image":[{"width":600,"height":600,"url":"https:\/\/fireware.nl\/wp-content\/uploads\/2019\/01\/025-027-004-Sissende-oefengasfles-Rood-Staand.jpg","type":"image\/jpeg"}],"twitter_card":"summary_large_image","twitter_site":"@FireWarebv","twitter_misc":{"Dur\u00e9e de lecture estim\u00e9e":"1 minute"},"schema":{"@context":"https:\/\/schema.org","@graph":[{"@type":"WebPage","@id":"https:\/\/fireware.nl\/fr\/product\/bouteille-de-gaz-dexercice-electronique\/","url":"https:\/\/fireware.nl\/fr\/product\/bouteille-de-gaz-dexercice-electronique\/","name":"Bouteille de Gaz d'exercice \u00e9lectronique - FireWare","isPartOf":{"@id":"https:\/\/fireware.nl\/fr\/#website"},"primaryImageOfPage":{"@id":"https:\/\/fireware.nl\/fr\/product\/bouteille-de-gaz-dexercice-electronique\/#primaryimage"},"image":{"@id":"https:\/\/fireware.nl\/fr\/product\/bouteille-de-gaz-dexercice-electronique\/#primaryimage"},"thumbnailUrl":"https:\/\/fireware.nl\/wp-content\/uploads\/2019\/01\/025-027-004-Sissende-oefengasfles-Rood-Staand.jpg","datePublished":"2019-02-01T10:07:03+00:00","dateModified":"2024-09-23T12:38:14+00:00","breadcrumb":{"@id":"https:\/\/fireware.nl\/fr\/product\/bouteille-de-gaz-dexercice-electronique\/#breadcrumb"},"inLanguage":"fr-FR","potentialAction":[{"@type":"ReadAction","target":["https:\/\/fireware.nl\/fr\/product\/bouteille-de-gaz-dexercice-electronique\/"]}]},{"@type":"ImageObject","inLanguage":"fr-FR","@id":"https:\/\/fireware.nl\/fr\/product\/bouteille-de-gaz-dexercice-electronique\/#primaryimage","url":"https:\/\/fireware.nl\/wp-content\/uploads\/2019\/01\/025-027-004-Sissende-oefengasfles-Rood-Staand.jpg","contentUrl":"https:\/\/fireware.nl\/wp-content\/uploads\/2019\/01\/025-027-004-Sissende-oefengasfles-Rood-Staand.jpg","width":600,"height":600,"caption":"025-027-004 Sissende oefengasfles Rood Staand"},{"@type":"BreadcrumbList","@id":"https:\/\/fireware.nl\/fr\/product\/bouteille-de-gaz-dexercice-electronique\/#breadcrumb","itemListElement":[{"@type":"ListItem","position":1,"name":"Home","item":"https:\/\/fireware.nl\/fr\/"},{"@type":"ListItem","position":2,"name":"Produits","item":"https:\/\/fireware.nl\/fr\/produits\/"},{"@type":"ListItem","position":3,"name":"Bouteille de Gaz d&#8217;exercice \u00e9lectronique"}]},{"@type":"WebSite","@id":"https:\/\/fireware.nl\/fr\/#website","url":"https:\/\/fireware.nl\/fr\/","name":"FireWare","description":"CREATING REALISTIC  TRAINING ENVIRONMENTS","publisher":{"@id":"https:\/\/fireware.nl\/fr\/#organization"},"potentialAction":[{"@type":"SearchAction","target":{"@type":"EntryPoint","urlTemplate":"https:\/\/fireware.nl\/fr\/?s={search_term_string}"},"query-input":{"@type":"PropertyValueSpecification","valueRequired":true,"valueName":"search_term_string"}}],"inLanguage":"fr-FR"},{"@type":"Organization","@id":"https:\/\/fireware.nl\/fr\/#organization","name":"FireWare","url":"https:\/\/fireware.nl\/fr\/","logo":{"@type":"ImageObject","inLanguage":"fr-FR","@id":"https:\/\/fireware.nl\/fr\/#\/schema\/logo\/image\/","url":"https:\/\/fireware.nl\/wp-content\/uploads\/2018\/10\/FireWare-logo.jpg","contentUrl":"https:\/\/fireware.nl\/wp-content\/uploads\/2018\/10\/FireWare-logo.jpg","width":171,"height":70,"caption":"FireWare"},"image":{"@id":"https:\/\/fireware.nl\/fr\/#\/schema\/logo\/image\/"},"sameAs":["https:\/\/www.facebook.com\/FireWareBV\/","https:\/\/x.com\/FireWarebv","https:\/\/www.instagram.com\/fireware_nl\/","https:\/\/www.linkedin.com\/company\/3586017\/","https:\/\/www.youtube.com\/user\/firesalesrentconsult"]}]}},"publishpress_future_workflow_manual_trigger":{"enabledWorkflows":[]},"_links":{"self":[{"href":"https:\/\/fireware.nl\/fr\/wp-json\/wp\/v2\/product\/19228","targetHints":{"allow":["GET"]}}],"collection":[{"href":"https:\/\/fireware.nl\/fr\/wp-json\/wp\/v2\/product"}],"about":[{"href":"https:\/\/fireware.nl\/fr\/wp-json\/wp\/v2\/types\/product"}],"wp:featuredmedia":[{"embeddable":true,"href":"https:\/\/fireware.nl\/fr\/wp-json\/wp\/v2\/media\/21108"}],"wp:attachment":[{"href":"https:\/\/fireware.nl\/fr\/wp-json\/wp\/v2\/media?parent=19228"}],"wp:term":[{"taxonomy":"product_brand","embeddable":true,"href":"https:\/\/fireware.nl\/fr\/wp-json\/wp\/v2\/product_brand?post=19228"},{"taxonomy":"product_cat","embeddable":true,"href":"https:\/\/fireware.nl\/fr\/wp-json\/wp\/v2\/product_cat?post=19228"},{"taxonomy":"product_tag","embeddable":true,"href":"https:\/\/fireware.nl\/fr\/wp-json\/wp\/v2\/product_tag?post=19228"}],"curies":[{"name":"wp","href":"https:\/\/api.w.org\/{rel}","templated":true}]}}