
{"id":19235,"date":"2019-01-23T12:15:31","date_gmt":"2019-02-01T10:08:40","guid":{"rendered":"http:\/\/fireware.sites.hyperhosting.co\/?post_type=product&#038;p=19235"},"modified":"2025-04-08T13:57:48","modified_gmt":"2025-04-08T13:57:48","slug":"electronic-explosion-simulator","status":"publish","type":"product","link":"https:\/\/fireware.nl\/fr\/product\/explosion-simulator\/","title":{"rendered":"Explosion Simulator V2"},"content":{"rendered":"\r\n<h2>Plus facile \u00e0 transporter<\/h2>\r\n<p>Alors que le simulateur d&#8217;explosion V1 devait \u00eatre assembl\u00e9 avant d&#8217;\u00eatre utilis\u00e9, cela n&#8217;est plus n\u00e9cessaire pour le V2. En effet, ce nouvel \u00e9quipement tient enti\u00e8rement dans une caisse en plastique. Celle-ci est rev\u00eatue \u00e0 l&#8217;int\u00e9rieur d&#8217;une mousse appropri\u00e9e afin de garantir que le simulateur est emball\u00e9 de mani\u00e8re s\u00e9curis\u00e9e pendant le transport et le stockage.<\/p>\r\n<h2>Un minimum de pi\u00e8ces d\u00e9tach\u00e9es<\/h2>\r\n<p>Le simulateur d&#8217;explosion V2 ne comporte pratiquement aucune pi\u00e8ce d\u00e9tach\u00e9e\u00a0: la batterie, la base et le canon sont int\u00e9gr\u00e9s dans une unit\u00e9 compacte. Seuls le f\u00fbt, la t\u00e9l\u00e9commande et le chargeur sont encore livr\u00e9s s\u00e9par\u00e9ment.<\/p>\r\n<h2>Volume r\u00e9glable avec le f\u00fbt<\/h2>\r\n<p>Plus le f\u00fbt est long, plus la d\u00e9tonation est forte. Le f\u00fbt r\u00e9glable est fourni s\u00e9par\u00e9ment. Si l&#8217;explosion provenant de l&#8217;\u00e9quipement de base n&#8217;est pas assez forte, vous pouvez monter le f\u00fbt fourni pour augmenter le volume de la d\u00e9flagration. Vous pouvez ainsi atteindre un volume maximal d&#8217;environ 120\u00a0dB.<\/p>\r\n<h2>Retour d&#8217;information via la t\u00e9l\u00e9commande<\/h2>\r\n<p>La t\u00e9l\u00e9commande compacte fournit un retour d&#8217;information lorsque la commande \u00ab\u2009explosion\u2009\u00bb est re\u00e7ue par le r\u00e9cepteur. Si vous avez appuy\u00e9 sur le bouton, n&#8217;avez pas entendu de d\u00e9tonation et avez re\u00e7u un retour d&#8217;information, il vous faut v\u00e9rifier l&#8217;alimentation en gaz.<\/p>\r\n<h2>Explosion unique ou salve<\/h2>\r\n<p>Le simulateur d&#8217;explosion V2 est capable de simuler soit une d\u00e9tonation unique, soit une salve d&#8217;explosions. C&#8217;est le formateur qui d\u00e9cide\u2009!<\/p>\r\n<h2>Chargeur de batterie, interrupteur et r\u00e9ducteur de haute qualit\u00e9<\/h2>\r\n<p>Seuls des composants de haute qualit\u00e9 ont \u00e9t\u00e9 utilis\u00e9s pour la conception du simulateur d&#8217;explosion V2\u00a0: des interrupteurs robustes IP65, un chargeur de batterie intelligent CTEK et un r\u00e9ducteur avec protection contre la rupture du tuyau. Les instructions d&#8217;utilisation sont toujours disponibles au moyen d&#8217;un code QR au dos de l&#8217;appareil.<\/p>\r\n<h2>Usage professionnel uniquement<\/h2>\r\n<p>Ce simulateur d&#8217;explosion provoque une d\u00e9tonation contr\u00f4l\u00e9e d&#8217;un volume sonore d&#8217;environ 120\u00a0dB, avec une onde de pression limit\u00e9e. S&#8217;il n&#8217;est pas utilis\u00e9 correctement, cet \u00e9quipement peut provoquer des troubles auditifs, entre autres. Ce simulateur ne convient donc pas \u00e0 une utilisation en int\u00e9rieur. Le formateur\/l&#8217;op\u00e9rateur est cens\u00e9 poss\u00e9der des connaissances et des comp\u00e9tences suffisantes pour utiliser ce mat\u00e9riel de formation de mani\u00e8re s\u00fbre et efficace.<\/p>\r\n<p><iframe loading=\"lazy\" src=\"https:\/\/player.vimeo.com\/video\/824742914?hl=fr&amp;cc_lang_pref=fr&amp;cc_load_policy=1\" width=\"560\" height=\"315\" frameborder=\"0\" allowfullscreen=\"allowfullscreen\"><\/iframe><\/p>\r\n","protected":false},"excerpt":{"rendered":"<ul>\n<li>Simulation d\u2019explosion jusqu\u2019\u00e0 120 d\u00e9cibels.<\/li>\n<li>Il suffit d\u2019appuyer sur le bouton.<\/li>\n<li>Intervalle et volume r\u00e9glables.<\/li>\n<li>D\u00e9tendeur, batterie et chargeur fournis<\/li>\n<li>Fonctionne au propane.<\/li>\n<li>Ne convient pas pour les utilisations \u00e0 l\u2019int\u00e9rieur.<\/li>\n<li>T\u00e9l\u00e9commande inclusive.<\/li>\n<\/ul>\n","protected":false},"featured_media":78265,"template":"","meta":[],"product_brand":[],"product_cat":[218,95],"product_tag":[],"class_list":{"0":"post-19235","1":"product","2":"type-product","3":"status-publish","4":"has-post-thumbnail","6":"product_cat-nbrce","7":"product_cat-son","9":"first","10":"instock","11":"taxable","12":"shipping-taxable","13":"purchasable","14":"product-type-simple"},"yoast_head":"<!-- This site is optimized with the Yoast SEO plugin v27.5 - https:\/\/yoast.com\/product\/yoast-seo-wordpress\/ -->\n<title>Explosion Simulator V2 - FireWare<\/title>\n<meta name=\"robots\" content=\"index, follow, max-snippet:-1, max-image-preview:large, max-video-preview:-1\" \/>\n<link rel=\"canonical\" href=\"https:\/\/fireware.nl\/fr\/product\/explosion-simulator\/\" \/>\n<meta property=\"og:locale\" content=\"fr_FR\" \/>\n<meta property=\"og:type\" content=\"article\" \/>\n<meta property=\"og:title\" content=\"Explosion Simulator V2 - FireWare\" \/>\n<meta property=\"og:description\" content=\"Simulation d\u2019explosion jusqu\u2019\u00e0 120 d\u00e9cibels. Il suffit d\u2019appuyer sur le bouton. Intervalle et volume r\u00e9glables. D\u00e9tendeur, batterie et chargeur fournis Fonctionne au propane. Ne convient pas pour les utilisations \u00e0 l\u2019int\u00e9rieur. T\u00e9l\u00e9commande inclusive.\" \/>\n<meta property=\"og:url\" content=\"https:\/\/fireware.nl\/fr\/product\/explosion-simulator\/\" \/>\n<meta property=\"og:site_name\" content=\"FireWare\" \/>\n<meta property=\"article:publisher\" content=\"https:\/\/www.facebook.com\/FireWareBV\/\" \/>\n<meta property=\"article:modified_time\" content=\"2025-04-08T13:57:48+00:00\" \/>\n<meta property=\"og:image\" content=\"https:\/\/fireware.nl\/wp-content\/uploads\/2019\/01\/20230309_Explosie_Simulator_V2_fotos_0030_0033_web.jpg\" \/>\n\t<meta property=\"og:image:width\" content=\"600\" \/>\n\t<meta property=\"og:image:height\" content=\"600\" \/>\n\t<meta property=\"og:image:type\" content=\"image\/jpeg\" \/>\n<meta name=\"twitter:card\" content=\"summary_large_image\" \/>\n<meta name=\"twitter:site\" content=\"@FireWarebv\" \/>\n<meta name=\"twitter:label1\" content=\"Dur\u00e9e de lecture estim\u00e9e\" \/>\n\t<meta name=\"twitter:data1\" content=\"2 minutes\" \/>\n<script type=\"application\/ld+json\" class=\"yoast-schema-graph\">{\"@context\":\"https:\\\/\\\/schema.org\",\"@graph\":[{\"@type\":\"WebPage\",\"@id\":\"https:\\\/\\\/fireware.nl\\\/fr\\\/product\\\/explosion-simulator\\\/\",\"url\":\"https:\\\/\\\/fireware.nl\\\/fr\\\/product\\\/explosion-simulator\\\/\",\"name\":\"Explosion Simulator V2 - FireWare\",\"isPartOf\":{\"@id\":\"https:\\\/\\\/fireware.nl\\\/fr\\\/#website\"},\"primaryImageOfPage\":{\"@id\":\"https:\\\/\\\/fireware.nl\\\/fr\\\/product\\\/explosion-simulator\\\/#primaryimage\"},\"image\":{\"@id\":\"https:\\\/\\\/fireware.nl\\\/fr\\\/product\\\/explosion-simulator\\\/#primaryimage\"},\"thumbnailUrl\":\"https:\\\/\\\/fireware.nl\\\/wp-content\\\/uploads\\\/2019\\\/01\\\/20230309_Explosie_Simulator_V2_fotos_0030_0033_web.jpg\",\"datePublished\":\"2019-02-01T10:08:40+00:00\",\"dateModified\":\"2025-04-08T13:57:48+00:00\",\"breadcrumb\":{\"@id\":\"https:\\\/\\\/fireware.nl\\\/fr\\\/product\\\/explosion-simulator\\\/#breadcrumb\"},\"inLanguage\":\"fr-FR\",\"potentialAction\":[{\"@type\":\"ReadAction\",\"target\":[\"https:\\\/\\\/fireware.nl\\\/fr\\\/product\\\/explosion-simulator\\\/\"]}]},{\"@type\":\"ImageObject\",\"inLanguage\":\"fr-FR\",\"@id\":\"https:\\\/\\\/fireware.nl\\\/fr\\\/product\\\/explosion-simulator\\\/#primaryimage\",\"url\":\"https:\\\/\\\/fireware.nl\\\/wp-content\\\/uploads\\\/2019\\\/01\\\/20230309_Explosie_Simulator_V2_fotos_0030_0033_web.jpg\",\"contentUrl\":\"https:\\\/\\\/fireware.nl\\\/wp-content\\\/uploads\\\/2019\\\/01\\\/20230309_Explosie_Simulator_V2_fotos_0030_0033_web.jpg\",\"width\":600,\"height\":600},{\"@type\":\"BreadcrumbList\",\"@id\":\"https:\\\/\\\/fireware.nl\\\/fr\\\/product\\\/explosion-simulator\\\/#breadcrumb\",\"itemListElement\":[{\"@type\":\"ListItem\",\"position\":1,\"name\":\"Home\",\"item\":\"https:\\\/\\\/fireware.nl\\\/fr\\\/\"},{\"@type\":\"ListItem\",\"position\":2,\"name\":\"Produits\",\"item\":\"https:\\\/\\\/fireware.nl\\\/fr\\\/produits\\\/\"},{\"@type\":\"ListItem\",\"position\":3,\"name\":\"Explosion Simulator V2\"}]},{\"@type\":\"WebSite\",\"@id\":\"https:\\\/\\\/fireware.nl\\\/fr\\\/#website\",\"url\":\"https:\\\/\\\/fireware.nl\\\/fr\\\/\",\"name\":\"FireWare\",\"description\":\"CREATING REALISTIC  TRAINING ENVIRONMENTS\",\"publisher\":{\"@id\":\"https:\\\/\\\/fireware.nl\\\/fr\\\/#organization\"},\"potentialAction\":[{\"@type\":\"SearchAction\",\"target\":{\"@type\":\"EntryPoint\",\"urlTemplate\":\"https:\\\/\\\/fireware.nl\\\/fr\\\/?s={search_term_string}\"},\"query-input\":{\"@type\":\"PropertyValueSpecification\",\"valueRequired\":true,\"valueName\":\"search_term_string\"}}],\"inLanguage\":\"fr-FR\"},{\"@type\":\"Organization\",\"@id\":\"https:\\\/\\\/fireware.nl\\\/fr\\\/#organization\",\"name\":\"FireWare\",\"url\":\"https:\\\/\\\/fireware.nl\\\/fr\\\/\",\"logo\":{\"@type\":\"ImageObject\",\"inLanguage\":\"fr-FR\",\"@id\":\"https:\\\/\\\/fireware.nl\\\/fr\\\/#\\\/schema\\\/logo\\\/image\\\/\",\"url\":\"https:\\\/\\\/fireware.nl\\\/wp-content\\\/uploads\\\/2018\\\/10\\\/FireWare-logo.jpg\",\"contentUrl\":\"https:\\\/\\\/fireware.nl\\\/wp-content\\\/uploads\\\/2018\\\/10\\\/FireWare-logo.jpg\",\"width\":171,\"height\":70,\"caption\":\"FireWare\"},\"image\":{\"@id\":\"https:\\\/\\\/fireware.nl\\\/fr\\\/#\\\/schema\\\/logo\\\/image\\\/\"},\"sameAs\":[\"https:\\\/\\\/www.facebook.com\\\/FireWareBV\\\/\",\"https:\\\/\\\/x.com\\\/FireWarebv\",\"https:\\\/\\\/www.instagram.com\\\/fireware_nl\\\/\",\"https:\\\/\\\/www.linkedin.com\\\/company\\\/3586017\\\/\",\"https:\\\/\\\/www.youtube.com\\\/user\\\/firesalesrentconsult\"]}]}<\/script>\n<!-- \/ Yoast SEO plugin. -->","yoast_head_json":{"title":"Explosion Simulator V2 - FireWare","robots":{"index":"index","follow":"follow","max-snippet":"max-snippet:-1","max-image-preview":"max-image-preview:large","max-video-preview":"max-video-preview:-1"},"canonical":"https:\/\/fireware.nl\/fr\/product\/explosion-simulator\/","og_locale":"fr_FR","og_type":"article","og_title":"Explosion Simulator V2 - FireWare","og_description":"Simulation d\u2019explosion jusqu\u2019\u00e0 120 d\u00e9cibels. Il suffit d\u2019appuyer sur le bouton. Intervalle et volume r\u00e9glables. D\u00e9tendeur, batterie et chargeur fournis Fonctionne au propane. Ne convient pas pour les utilisations \u00e0 l\u2019int\u00e9rieur. T\u00e9l\u00e9commande inclusive.","og_url":"https:\/\/fireware.nl\/fr\/product\/explosion-simulator\/","og_site_name":"FireWare","article_publisher":"https:\/\/www.facebook.com\/FireWareBV\/","article_modified_time":"2025-04-08T13:57:48+00:00","og_image":[{"width":600,"height":600,"url":"https:\/\/fireware.nl\/wp-content\/uploads\/2019\/01\/20230309_Explosie_Simulator_V2_fotos_0030_0033_web.jpg","type":"image\/jpeg"}],"twitter_card":"summary_large_image","twitter_site":"@FireWarebv","twitter_misc":{"Dur\u00e9e de lecture estim\u00e9e":"2 minutes"},"schema":{"@context":"https:\/\/schema.org","@graph":[{"@type":"WebPage","@id":"https:\/\/fireware.nl\/fr\/product\/explosion-simulator\/","url":"https:\/\/fireware.nl\/fr\/product\/explosion-simulator\/","name":"Explosion Simulator V2 - FireWare","isPartOf":{"@id":"https:\/\/fireware.nl\/fr\/#website"},"primaryImageOfPage":{"@id":"https:\/\/fireware.nl\/fr\/product\/explosion-simulator\/#primaryimage"},"image":{"@id":"https:\/\/fireware.nl\/fr\/product\/explosion-simulator\/#primaryimage"},"thumbnailUrl":"https:\/\/fireware.nl\/wp-content\/uploads\/2019\/01\/20230309_Explosie_Simulator_V2_fotos_0030_0033_web.jpg","datePublished":"2019-02-01T10:08:40+00:00","dateModified":"2025-04-08T13:57:48+00:00","breadcrumb":{"@id":"https:\/\/fireware.nl\/fr\/product\/explosion-simulator\/#breadcrumb"},"inLanguage":"fr-FR","potentialAction":[{"@type":"ReadAction","target":["https:\/\/fireware.nl\/fr\/product\/explosion-simulator\/"]}]},{"@type":"ImageObject","inLanguage":"fr-FR","@id":"https:\/\/fireware.nl\/fr\/product\/explosion-simulator\/#primaryimage","url":"https:\/\/fireware.nl\/wp-content\/uploads\/2019\/01\/20230309_Explosie_Simulator_V2_fotos_0030_0033_web.jpg","contentUrl":"https:\/\/fireware.nl\/wp-content\/uploads\/2019\/01\/20230309_Explosie_Simulator_V2_fotos_0030_0033_web.jpg","width":600,"height":600},{"@type":"BreadcrumbList","@id":"https:\/\/fireware.nl\/fr\/product\/explosion-simulator\/#breadcrumb","itemListElement":[{"@type":"ListItem","position":1,"name":"Home","item":"https:\/\/fireware.nl\/fr\/"},{"@type":"ListItem","position":2,"name":"Produits","item":"https:\/\/fireware.nl\/fr\/produits\/"},{"@type":"ListItem","position":3,"name":"Explosion Simulator V2"}]},{"@type":"WebSite","@id":"https:\/\/fireware.nl\/fr\/#website","url":"https:\/\/fireware.nl\/fr\/","name":"FireWare","description":"CREATING REALISTIC  TRAINING ENVIRONMENTS","publisher":{"@id":"https:\/\/fireware.nl\/fr\/#organization"},"potentialAction":[{"@type":"SearchAction","target":{"@type":"EntryPoint","urlTemplate":"https:\/\/fireware.nl\/fr\/?s={search_term_string}"},"query-input":{"@type":"PropertyValueSpecification","valueRequired":true,"valueName":"search_term_string"}}],"inLanguage":"fr-FR"},{"@type":"Organization","@id":"https:\/\/fireware.nl\/fr\/#organization","name":"FireWare","url":"https:\/\/fireware.nl\/fr\/","logo":{"@type":"ImageObject","inLanguage":"fr-FR","@id":"https:\/\/fireware.nl\/fr\/#\/schema\/logo\/image\/","url":"https:\/\/fireware.nl\/wp-content\/uploads\/2018\/10\/FireWare-logo.jpg","contentUrl":"https:\/\/fireware.nl\/wp-content\/uploads\/2018\/10\/FireWare-logo.jpg","width":171,"height":70,"caption":"FireWare"},"image":{"@id":"https:\/\/fireware.nl\/fr\/#\/schema\/logo\/image\/"},"sameAs":["https:\/\/www.facebook.com\/FireWareBV\/","https:\/\/x.com\/FireWarebv","https:\/\/www.instagram.com\/fireware_nl\/","https:\/\/www.linkedin.com\/company\/3586017\/","https:\/\/www.youtube.com\/user\/firesalesrentconsult"]}]}},"publishpress_future_workflow_manual_trigger":{"enabledWorkflows":[]},"_links":{"self":[{"href":"https:\/\/fireware.nl\/fr\/wp-json\/wp\/v2\/product\/19235","targetHints":{"allow":["GET"]}}],"collection":[{"href":"https:\/\/fireware.nl\/fr\/wp-json\/wp\/v2\/product"}],"about":[{"href":"https:\/\/fireware.nl\/fr\/wp-json\/wp\/v2\/types\/product"}],"wp:featuredmedia":[{"embeddable":true,"href":"https:\/\/fireware.nl\/fr\/wp-json\/wp\/v2\/media\/78265"}],"wp:attachment":[{"href":"https:\/\/fireware.nl\/fr\/wp-json\/wp\/v2\/media?parent=19235"}],"wp:term":[{"taxonomy":"product_brand","embeddable":true,"href":"https:\/\/fireware.nl\/fr\/wp-json\/wp\/v2\/product_brand?post=19235"},{"taxonomy":"product_cat","embeddable":true,"href":"https:\/\/fireware.nl\/fr\/wp-json\/wp\/v2\/product_cat?post=19235"},{"taxonomy":"product_tag","embeddable":true,"href":"https:\/\/fireware.nl\/fr\/wp-json\/wp\/v2\/product_tag?post=19235"}],"curies":[{"name":"wp","href":"https:\/\/api.w.org\/{rel}","templated":true}]}}