
{"id":19274,"date":"2019-01-23T12:15:42","date_gmt":"2019-02-01T10:16:43","guid":{"rendered":"http:\/\/fireware.sites.hyperhosting.co\/?post_type=product&#038;p=19274"},"modified":"2025-03-14T15:42:15","modified_gmt":"2025-03-14T15:42:15","slug":"extincteur-de-formation-neptune-a-poignee-a-presser-6-l-pression-permanente","status":"publish","type":"product","link":"https:\/\/fireware.nl\/fr\/product\/extincteur-de-formation-neptune\/","title":{"rendered":"Extincteur de formation Neptune"},"content":{"rendered":"\n\n\t<h2>Neptune extincteur d&#8217;exercice rechargeable avec une poign\u00e9e \u00e0 presser<\/h2>\n<p>L&#8217;Extincteur d&#8217;Exercice Poign\u00e9e \u00e0 presser Neptune projet\u00e9e permet aux participants aux cours de se familiariser avec toutes les proc\u00e9dures qu&#8217;ils doivent conna\u00eetre lorsqu&#8217;ils sont confront\u00e9s \u00e0 un incendie r\u00e9el. La goupille de s\u00e9curit\u00e9 doit \u00eatre retir\u00e9e, apr\u00e8s quoi on peut proc\u00e9der \u00e0 un cours essai. Ensuite, on passe aux exercices portant sur les techniques d&#8217;extinction au moyen du simulateur d&#8217;incendie.<\/p>\n<p>Il peut arriver que de la mousse, et m\u00eame de l&#8217;eau, ne conviennent pas \u00e0 certains exercices. Vous pouvez \u00e9galement ne pas utiliser l&#8217;une des deux recharges ou les deux recharges, et uniquement mettre l&#8217;extincteur sous pression avec de l&#8217;air. Dans ce cas, vous pouvez toujours vous exercer \u00e0 la proc\u00e9dure comprenant l&#8217;\u00e9tape visant \u00e0 choisir le type d&#8217;appareil anti-incendie appropri\u00e9 jusqu&#8217;\u00e0 celle de la tentative d&#8217;extinction d&#8217;incendie. L&#8217;extinction uniquement avec de l&#8217;air est tr\u00e8s efficace en combinaison avec un Silkflame.<\/p>\n<p>Pour remplir l&#8217;extincteur, rien de plus facile : D\u00e9vissez le c\u00f4t\u00e9 sup\u00e9rieur de l&#8217;extincteur au moyen d&#8217;une cl\u00e9. Ensuite (si vous le souhaitez), remplissez-le d&#8217;une couche de mousse polyur\u00e9thane d&#8217;exercice et d&#8217;eau, et mettez-le sous pression au moyen de la valve ou le raccordement au tuyau en utilisant un simple compresseur. Le taux de pression de remplissage appara\u00eetra sur le nanom\u00e8tre.<\/p>\n<h2>Regardez la vid\u00e9o<\/h2>\n\t<iframe width=\"1920\" height=\"1080\" src=https:\/\/player.vimeo.com\/video\/1065485579?hl=nl&#038;cc_lang_pref=nl&#038;cc_load_policy=1 frameborder=\"0\" allow=\"accelerometer; autoplay; clipboard-write; encrypted-media; gyroscope; picture-in-picture\" allowfullscreen><\/iframe>\n\n","protected":false},"excerpt":{"rendered":"<ul>\n<li>Extincteur pour apprendre \u00e0 \u00e9teindre, \u00e9quip\u00e9 d&#8217;une poign\u00e9e \u00e0 pincer sur le dessus ;<\/li>\n<li>Facile \u00e0 remplir avec de l&#8217;air, de l&#8217;air et de l&#8217;eau ou de l&#8217;air, de l&#8217;eau et de la mousse d&#8217;entra\u00eenement ;<\/li>\n<li>Id\u00e9al pour s&#8217;entra\u00eener aux proc\u00e9dures ;<\/li>\n<li>Facile \u00e0 remettre en pression ;<\/li>\n<li>Equip\u00e9 d&#8217;une valve automatique et d&#8217;un raccord de remplissage sur le tuyau ;<\/li>\n<li>Le compresseur n&#8217;est pas inclus ;<\/li>\n<li>Capacit\u00e9 de remplissage 6 litres ;<\/li>\n<li>Inclus : plaque magn\u00e9tique et des autocollants pour mousse et poudre dans 6 langues diff\u00e9rentes;<\/li>\n<li>Deux en un : cet extincteur \u00e0 mousse peut \u00eatre transform\u00e9 en extincteur de CO\u2082 gr\u00e2ce \u00e0 l&#8217;embout <a href=\"https:\/\/fireware.nl\/fr\/product\/buse-neptune-co2-plate\/\" target=\"_blank\" rel=\"noopener\">plate<\/a> ou <a href=\"https:\/\/fireware.nl\/fr\/product\/buse-pour-neptune-co2-ronde\/\" target=\"_blank\" rel=\"noopener\">ronde<\/a> en option.<\/li>\n<\/ul>\n","protected":false},"featured_media":61338,"template":"","meta":[],"product_brand":[],"product_cat":[101],"product_tag":[],"class_list":{"0":"post-19274","1":"product","2":"type-product","3":"status-publish","4":"has-post-thumbnail","6":"product_cat-extincteurs-de-formation","7":"pa_taal-allemand","8":"pa_taal-anglais","9":"pa_taal-espagnol","10":"pa_taal-francais","11":"pa_taal-italien","12":"pa_taal-neerlandais","14":"first","15":"instock","16":"taxable","17":"shipping-taxable","18":"purchasable","19":"product-type-simple"},"yoast_head":"<!-- This site is optimized with the Yoast SEO plugin v27.5 - https:\/\/yoast.com\/product\/yoast-seo-wordpress\/ -->\n<title>Extincteur de formation Neptune - FireWare<\/title>\n<meta name=\"robots\" content=\"index, follow, max-snippet:-1, max-image-preview:large, max-video-preview:-1\" \/>\n<link rel=\"canonical\" href=\"https:\/\/fireware.nl\/fr\/product\/extincteur-de-formation-neptune\/\" \/>\n<meta property=\"og:locale\" content=\"fr_FR\" \/>\n<meta property=\"og:type\" content=\"article\" \/>\n<meta property=\"og:title\" content=\"Extincteur de formation Neptune - FireWare\" \/>\n<meta property=\"og:description\" content=\"Extincteur pour apprendre \u00e0 \u00e9teindre, \u00e9quip\u00e9 d&#039;une poign\u00e9e \u00e0 pincer sur le dessus ; Facile \u00e0 remplir avec de l&#039;air, de l&#039;air et de l&#039;eau ou de l&#039;air, de l&#039;eau et de la mousse d&#039;entra\u00eenement ; Id\u00e9al pour s&#039;entra\u00eener aux proc\u00e9dures ; Facile \u00e0 remettre en pression ; Equip\u00e9 d&#039;une valve automatique et d&#039;un raccord de remplissage sur le tuyau ; Le compresseur n&#039;est pas inclus ; Capacit\u00e9 de remplissage 6 litres ; Inclus : plaque magn\u00e9tique et des autocollants pour mousse et poudre dans 6 langues diff\u00e9rentes; Deux en un : cet extincteur \u00e0 mousse peut \u00eatre transform\u00e9 en extincteur de CO\u2082 gr\u00e2ce \u00e0 l&#039;embout plate ou ronde en option.\" \/>\n<meta property=\"og:url\" content=\"https:\/\/fireware.nl\/fr\/product\/extincteur-de-formation-neptune\/\" \/>\n<meta property=\"og:site_name\" content=\"FireWare\" \/>\n<meta property=\"article:publisher\" content=\"https:\/\/www.facebook.com\/FireWareBV\/\" \/>\n<meta property=\"article:modified_time\" content=\"2025-03-14T15:42:15+00:00\" \/>\n<meta property=\"og:image\" content=\"https:\/\/fireware.nl\/wp-content\/uploads\/2021\/01\/025-100-001-Neptune-oefenblussers-knijphandvat-6-L-slang-vast.jpg\" \/>\n\t<meta property=\"og:image:width\" content=\"600\" \/>\n\t<meta property=\"og:image:height\" content=\"600\" \/>\n\t<meta property=\"og:image:type\" content=\"image\/jpeg\" \/>\n<meta name=\"twitter:card\" content=\"summary_large_image\" \/>\n<meta name=\"twitter:site\" content=\"@FireWarebv\" \/>\n<meta name=\"twitter:label1\" content=\"Dur\u00e9e de lecture estim\u00e9e\" \/>\n\t<meta name=\"twitter:data1\" content=\"2 minutes\" \/>\n<script type=\"application\/ld+json\" class=\"yoast-schema-graph\">{\"@context\":\"https:\\\/\\\/schema.org\",\"@graph\":[{\"@type\":\"WebPage\",\"@id\":\"https:\\\/\\\/fireware.nl\\\/fr\\\/product\\\/extincteur-de-formation-neptune\\\/\",\"url\":\"https:\\\/\\\/fireware.nl\\\/fr\\\/product\\\/extincteur-de-formation-neptune\\\/\",\"name\":\"Extincteur de formation Neptune - FireWare\",\"isPartOf\":{\"@id\":\"https:\\\/\\\/fireware.nl\\\/fr\\\/#website\"},\"primaryImageOfPage\":{\"@id\":\"https:\\\/\\\/fireware.nl\\\/fr\\\/product\\\/extincteur-de-formation-neptune\\\/#primaryimage\"},\"image\":{\"@id\":\"https:\\\/\\\/fireware.nl\\\/fr\\\/product\\\/extincteur-de-formation-neptune\\\/#primaryimage\"},\"thumbnailUrl\":\"https:\\\/\\\/fireware.nl\\\/wp-content\\\/uploads\\\/2021\\\/01\\\/025-100-001-Neptune-oefenblussers-knijphandvat-6-L-slang-vast.jpg\",\"datePublished\":\"2019-02-01T10:16:43+00:00\",\"dateModified\":\"2025-03-14T15:42:15+00:00\",\"breadcrumb\":{\"@id\":\"https:\\\/\\\/fireware.nl\\\/fr\\\/product\\\/extincteur-de-formation-neptune\\\/#breadcrumb\"},\"inLanguage\":\"fr-FR\",\"potentialAction\":[{\"@type\":\"ReadAction\",\"target\":[\"https:\\\/\\\/fireware.nl\\\/fr\\\/product\\\/extincteur-de-formation-neptune\\\/\"]}]},{\"@type\":\"ImageObject\",\"inLanguage\":\"fr-FR\",\"@id\":\"https:\\\/\\\/fireware.nl\\\/fr\\\/product\\\/extincteur-de-formation-neptune\\\/#primaryimage\",\"url\":\"https:\\\/\\\/fireware.nl\\\/wp-content\\\/uploads\\\/2021\\\/01\\\/025-100-001-Neptune-oefenblussers-knijphandvat-6-L-slang-vast.jpg\",\"contentUrl\":\"https:\\\/\\\/fireware.nl\\\/wp-content\\\/uploads\\\/2021\\\/01\\\/025-100-001-Neptune-oefenblussers-knijphandvat-6-L-slang-vast.jpg\",\"width\":600,\"height\":600},{\"@type\":\"BreadcrumbList\",\"@id\":\"https:\\\/\\\/fireware.nl\\\/fr\\\/product\\\/extincteur-de-formation-neptune\\\/#breadcrumb\",\"itemListElement\":[{\"@type\":\"ListItem\",\"position\":1,\"name\":\"Home\",\"item\":\"https:\\\/\\\/fireware.nl\\\/fr\\\/\"},{\"@type\":\"ListItem\",\"position\":2,\"name\":\"Produits\",\"item\":\"https:\\\/\\\/fireware.nl\\\/fr\\\/produits\\\/\"},{\"@type\":\"ListItem\",\"position\":3,\"name\":\"Extincteur de formation Neptune\"}]},{\"@type\":\"WebSite\",\"@id\":\"https:\\\/\\\/fireware.nl\\\/fr\\\/#website\",\"url\":\"https:\\\/\\\/fireware.nl\\\/fr\\\/\",\"name\":\"FireWare\",\"description\":\"CREATING REALISTIC  TRAINING ENVIRONMENTS\",\"publisher\":{\"@id\":\"https:\\\/\\\/fireware.nl\\\/fr\\\/#organization\"},\"potentialAction\":[{\"@type\":\"SearchAction\",\"target\":{\"@type\":\"EntryPoint\",\"urlTemplate\":\"https:\\\/\\\/fireware.nl\\\/fr\\\/?s={search_term_string}\"},\"query-input\":{\"@type\":\"PropertyValueSpecification\",\"valueRequired\":true,\"valueName\":\"search_term_string\"}}],\"inLanguage\":\"fr-FR\"},{\"@type\":\"Organization\",\"@id\":\"https:\\\/\\\/fireware.nl\\\/fr\\\/#organization\",\"name\":\"FireWare\",\"url\":\"https:\\\/\\\/fireware.nl\\\/fr\\\/\",\"logo\":{\"@type\":\"ImageObject\",\"inLanguage\":\"fr-FR\",\"@id\":\"https:\\\/\\\/fireware.nl\\\/fr\\\/#\\\/schema\\\/logo\\\/image\\\/\",\"url\":\"https:\\\/\\\/fireware.nl\\\/wp-content\\\/uploads\\\/2018\\\/10\\\/FireWare-logo.jpg\",\"contentUrl\":\"https:\\\/\\\/fireware.nl\\\/wp-content\\\/uploads\\\/2018\\\/10\\\/FireWare-logo.jpg\",\"width\":171,\"height\":70,\"caption\":\"FireWare\"},\"image\":{\"@id\":\"https:\\\/\\\/fireware.nl\\\/fr\\\/#\\\/schema\\\/logo\\\/image\\\/\"},\"sameAs\":[\"https:\\\/\\\/www.facebook.com\\\/FireWareBV\\\/\",\"https:\\\/\\\/x.com\\\/FireWarebv\",\"https:\\\/\\\/www.instagram.com\\\/fireware_nl\\\/\",\"https:\\\/\\\/www.linkedin.com\\\/company\\\/3586017\\\/\",\"https:\\\/\\\/www.youtube.com\\\/user\\\/firesalesrentconsult\"]}]}<\/script>\n<!-- \/ Yoast SEO plugin. -->","yoast_head_json":{"title":"Extincteur de formation Neptune - FireWare","robots":{"index":"index","follow":"follow","max-snippet":"max-snippet:-1","max-image-preview":"max-image-preview:large","max-video-preview":"max-video-preview:-1"},"canonical":"https:\/\/fireware.nl\/fr\/product\/extincteur-de-formation-neptune\/","og_locale":"fr_FR","og_type":"article","og_title":"Extincteur de formation Neptune - FireWare","og_description":"Extincteur pour apprendre \u00e0 \u00e9teindre, \u00e9quip\u00e9 d'une poign\u00e9e \u00e0 pincer sur le dessus ; Facile \u00e0 remplir avec de l'air, de l'air et de l'eau ou de l'air, de l'eau et de la mousse d'entra\u00eenement ; Id\u00e9al pour s'entra\u00eener aux proc\u00e9dures ; Facile \u00e0 remettre en pression ; Equip\u00e9 d'une valve automatique et d'un raccord de remplissage sur le tuyau ; Le compresseur n'est pas inclus ; Capacit\u00e9 de remplissage 6 litres ; Inclus : plaque magn\u00e9tique et des autocollants pour mousse et poudre dans 6 langues diff\u00e9rentes; Deux en un : cet extincteur \u00e0 mousse peut \u00eatre transform\u00e9 en extincteur de CO\u2082 gr\u00e2ce \u00e0 l'embout plate ou ronde en option.","og_url":"https:\/\/fireware.nl\/fr\/product\/extincteur-de-formation-neptune\/","og_site_name":"FireWare","article_publisher":"https:\/\/www.facebook.com\/FireWareBV\/","article_modified_time":"2025-03-14T15:42:15+00:00","og_image":[{"width":600,"height":600,"url":"https:\/\/fireware.nl\/wp-content\/uploads\/2021\/01\/025-100-001-Neptune-oefenblussers-knijphandvat-6-L-slang-vast.jpg","type":"image\/jpeg"}],"twitter_card":"summary_large_image","twitter_site":"@FireWarebv","twitter_misc":{"Dur\u00e9e de lecture estim\u00e9e":"2 minutes"},"schema":{"@context":"https:\/\/schema.org","@graph":[{"@type":"WebPage","@id":"https:\/\/fireware.nl\/fr\/product\/extincteur-de-formation-neptune\/","url":"https:\/\/fireware.nl\/fr\/product\/extincteur-de-formation-neptune\/","name":"Extincteur de formation Neptune - FireWare","isPartOf":{"@id":"https:\/\/fireware.nl\/fr\/#website"},"primaryImageOfPage":{"@id":"https:\/\/fireware.nl\/fr\/product\/extincteur-de-formation-neptune\/#primaryimage"},"image":{"@id":"https:\/\/fireware.nl\/fr\/product\/extincteur-de-formation-neptune\/#primaryimage"},"thumbnailUrl":"https:\/\/fireware.nl\/wp-content\/uploads\/2021\/01\/025-100-001-Neptune-oefenblussers-knijphandvat-6-L-slang-vast.jpg","datePublished":"2019-02-01T10:16:43+00:00","dateModified":"2025-03-14T15:42:15+00:00","breadcrumb":{"@id":"https:\/\/fireware.nl\/fr\/product\/extincteur-de-formation-neptune\/#breadcrumb"},"inLanguage":"fr-FR","potentialAction":[{"@type":"ReadAction","target":["https:\/\/fireware.nl\/fr\/product\/extincteur-de-formation-neptune\/"]}]},{"@type":"ImageObject","inLanguage":"fr-FR","@id":"https:\/\/fireware.nl\/fr\/product\/extincteur-de-formation-neptune\/#primaryimage","url":"https:\/\/fireware.nl\/wp-content\/uploads\/2021\/01\/025-100-001-Neptune-oefenblussers-knijphandvat-6-L-slang-vast.jpg","contentUrl":"https:\/\/fireware.nl\/wp-content\/uploads\/2021\/01\/025-100-001-Neptune-oefenblussers-knijphandvat-6-L-slang-vast.jpg","width":600,"height":600},{"@type":"BreadcrumbList","@id":"https:\/\/fireware.nl\/fr\/product\/extincteur-de-formation-neptune\/#breadcrumb","itemListElement":[{"@type":"ListItem","position":1,"name":"Home","item":"https:\/\/fireware.nl\/fr\/"},{"@type":"ListItem","position":2,"name":"Produits","item":"https:\/\/fireware.nl\/fr\/produits\/"},{"@type":"ListItem","position":3,"name":"Extincteur de formation Neptune"}]},{"@type":"WebSite","@id":"https:\/\/fireware.nl\/fr\/#website","url":"https:\/\/fireware.nl\/fr\/","name":"FireWare","description":"CREATING REALISTIC  TRAINING ENVIRONMENTS","publisher":{"@id":"https:\/\/fireware.nl\/fr\/#organization"},"potentialAction":[{"@type":"SearchAction","target":{"@type":"EntryPoint","urlTemplate":"https:\/\/fireware.nl\/fr\/?s={search_term_string}"},"query-input":{"@type":"PropertyValueSpecification","valueRequired":true,"valueName":"search_term_string"}}],"inLanguage":"fr-FR"},{"@type":"Organization","@id":"https:\/\/fireware.nl\/fr\/#organization","name":"FireWare","url":"https:\/\/fireware.nl\/fr\/","logo":{"@type":"ImageObject","inLanguage":"fr-FR","@id":"https:\/\/fireware.nl\/fr\/#\/schema\/logo\/image\/","url":"https:\/\/fireware.nl\/wp-content\/uploads\/2018\/10\/FireWare-logo.jpg","contentUrl":"https:\/\/fireware.nl\/wp-content\/uploads\/2018\/10\/FireWare-logo.jpg","width":171,"height":70,"caption":"FireWare"},"image":{"@id":"https:\/\/fireware.nl\/fr\/#\/schema\/logo\/image\/"},"sameAs":["https:\/\/www.facebook.com\/FireWareBV\/","https:\/\/x.com\/FireWarebv","https:\/\/www.instagram.com\/fireware_nl\/","https:\/\/www.linkedin.com\/company\/3586017\/","https:\/\/www.youtube.com\/user\/firesalesrentconsult"]}]}},"publishpress_future_workflow_manual_trigger":{"enabledWorkflows":[]},"_links":{"self":[{"href":"https:\/\/fireware.nl\/fr\/wp-json\/wp\/v2\/product\/19274","targetHints":{"allow":["GET"]}}],"collection":[{"href":"https:\/\/fireware.nl\/fr\/wp-json\/wp\/v2\/product"}],"about":[{"href":"https:\/\/fireware.nl\/fr\/wp-json\/wp\/v2\/types\/product"}],"wp:featuredmedia":[{"embeddable":true,"href":"https:\/\/fireware.nl\/fr\/wp-json\/wp\/v2\/media\/61338"}],"wp:attachment":[{"href":"https:\/\/fireware.nl\/fr\/wp-json\/wp\/v2\/media?parent=19274"}],"wp:term":[{"taxonomy":"product_brand","embeddable":true,"href":"https:\/\/fireware.nl\/fr\/wp-json\/wp\/v2\/product_brand?post=19274"},{"taxonomy":"product_cat","embeddable":true,"href":"https:\/\/fireware.nl\/fr\/wp-json\/wp\/v2\/product_cat?post=19274"},{"taxonomy":"product_tag","embeddable":true,"href":"https:\/\/fireware.nl\/fr\/wp-json\/wp\/v2\/product_tag?post=19274"}],"curies":[{"name":"wp","href":"https:\/\/api.w.org\/{rel}","templated":true}]}}