
{"id":19289,"date":"2019-01-23T12:15:42","date_gmt":"2019-01-23T12:15:42","guid":{"rendered":"http:\/\/fireware.sites.hyperhosting.co\/?post_type=product&#038;p=19289"},"modified":"2026-01-05T11:08:01","modified_gmt":"2026-01-05T11:08:01","slug":"mousse-polyrethane-dexercice","status":"publish","type":"product","link":"https:\/\/fireware.nl\/fr\/product\/mousse-polyrethane-dexercice\/","title":{"rendered":"Mousse Polyr\u00e9thane d&#8217;exercice"},"content":{"rendered":"<h2>Remplir soi-m\u00eame des extincteurs d\u2019exercice avec mousse.<\/h2>\n<p>La mousse polyur\u00e9thane d\u2019exercice est destin\u00e9e \u00e0 \u00eatre utilis\u00e9e dans des extincteurs d\u2019exercice, comme dans l\u2019extincteur d\u2019exercice \u00e0 Mousse Polyur\u00e9thane Projet\u00e9e. La mousse de cabinet ne contient pas de fluorure et convient donc \u00e0 diff\u00e9rents endroits. De plus, elle a \u00e9t\u00e9 soumise \u00e0 des tests dermatologiques et n\u2019engendre pas d\u2019irritations de la peau.<\/p>\n<p>Pour \u00e9teindre un petit incendie \u00e0 l\u2019aide de mousse polyur\u00e9thane d\u2019exercice, le participant au cours doit bien ma\u00eetriser cette technique. En effet, l&#8217;effet extincteur de la mousse est moins efficace que celui de la mousse polyur\u00e9thane projet\u00e9e r\u00e9elle, permettant ainsi de s\u2019exercer plus efficacement \u00e0 la technique d\u2019extinction.<\/p>\n<p>De cette mani\u00e8re, vous pouvez remplir vous-m\u00eame les extincteurs d\u2019exercice. Cependant, apr\u00e8s le remplissage, vous \u00eates tenu de mettre l\u2019extincteur sous pression au moyen d\u2019un compresseur. De plus, gr\u00e2ce \u00e0 la Station de Remplissage, remplir les extincteurs d\u2019exercice devient encore plus facile. Ici aussi vous pouvez utiliser la mousse polyur\u00e9thane d\u2019exercice.<\/p>\n<p>Rapport de m\u00e9lange: 2-3%<\/p>\n","protected":false},"excerpt":{"rendered":"<ul>\n<li>Mousse polyur\u00e9thane d\u2019exercice permettant de remplir soi-m\u00eame des extincteurs d\u2019exercice.<\/li>\n<li>Soumise \u00e0 des tests dermatologiques.<\/li>\n<li>N\u00e9cessite une meilleure ma\u00eetrise de la technique que de la vraie mousse polyur\u00e9thane.<\/li>\n<li>Peut aussi s\u2019utiliser en combinaison avec FireWare Neptune la station de remplissage.<\/li>\n<li>Pas de Fluorure.<\/li>\n<\/ul>\n","protected":false},"featured_media":50793,"template":"","meta":[],"product_brand":[],"product_cat":[101],"product_tag":[],"class_list":{"0":"post-19289","1":"product","2":"type-product","3":"status-publish","4":"has-post-thumbnail","6":"product_cat-extincteurs-de-formation","7":"pa_hoeveelheid-1000-litres","8":"pa_hoeveelheid-20-litres","9":"pa_hoeveelheid-5-litres","11":"first","12":"instock","13":"taxable","14":"shipping-taxable","15":"purchasable","16":"product-type-variable","17":"has-default-attributes"},"yoast_head":"<!-- This site is optimized with the Yoast SEO plugin v27.5 - https:\/\/yoast.com\/product\/yoast-seo-wordpress\/ -->\n<title>Mousse Polyr\u00e9thane d&#039;exercice - FireWare<\/title>\n<meta name=\"robots\" content=\"index, follow, max-snippet:-1, max-image-preview:large, max-video-preview:-1\" \/>\n<link rel=\"canonical\" href=\"https:\/\/fireware.nl\/fr\/product\/mousse-polyrethane-dexercice\/\" \/>\n<meta property=\"og:locale\" content=\"fr_FR\" \/>\n<meta property=\"og:type\" content=\"article\" \/>\n<meta property=\"og:title\" content=\"Mousse Polyr\u00e9thane d&#039;exercice - FireWare\" \/>\n<meta property=\"og:description\" content=\"Mousse polyur\u00e9thane d\u2019exercice permettant de remplir soi-m\u00eame des extincteurs d\u2019exercice.  Soumise \u00e0 des tests dermatologiques.  N\u00e9cessite une meilleure ma\u00eetrise de la technique que de la vraie mousse polyur\u00e9thane.  Peut aussi s\u2019utiliser en combinaison avec FireWare Neptune la station de remplissage.  Pas de Fluorure.\" \/>\n<meta property=\"og:url\" content=\"https:\/\/fireware.nl\/fr\/product\/mousse-polyrethane-dexercice\/\" \/>\n<meta property=\"og:site_name\" content=\"FireWare\" \/>\n<meta property=\"article:publisher\" content=\"https:\/\/www.facebook.com\/FireWareBV\/\" \/>\n<meta property=\"article:modified_time\" content=\"2026-01-05T11:08:01+00:00\" \/>\n<meta property=\"og:image\" content=\"https:\/\/fireware.nl\/wp-content\/uploads\/2019\/01\/025-014-001_025-012-007_FireWare-Neptune-Vulsysteem-oefenschuim-5L.jpg\" \/>\n\t<meta property=\"og:image:width\" content=\"600\" \/>\n\t<meta property=\"og:image:height\" content=\"600\" \/>\n\t<meta property=\"og:image:type\" content=\"image\/jpeg\" \/>\n<meta name=\"twitter:card\" content=\"summary_large_image\" \/>\n<meta name=\"twitter:site\" content=\"@FireWarebv\" \/>\n<meta name=\"twitter:label1\" content=\"Dur\u00e9e de lecture estim\u00e9e\" \/>\n\t<meta name=\"twitter:data1\" content=\"2 minutes\" \/>\n<script type=\"application\/ld+json\" class=\"yoast-schema-graph\">{\"@context\":\"https:\\\/\\\/schema.org\",\"@graph\":[{\"@type\":\"WebPage\",\"@id\":\"https:\\\/\\\/fireware.nl\\\/fr\\\/product\\\/mousse-polyrethane-dexercice\\\/\",\"url\":\"https:\\\/\\\/fireware.nl\\\/fr\\\/product\\\/mousse-polyrethane-dexercice\\\/\",\"name\":\"Mousse Polyr\u00e9thane d'exercice - FireWare\",\"isPartOf\":{\"@id\":\"https:\\\/\\\/fireware.nl\\\/fr\\\/#website\"},\"primaryImageOfPage\":{\"@id\":\"https:\\\/\\\/fireware.nl\\\/fr\\\/product\\\/mousse-polyrethane-dexercice\\\/#primaryimage\"},\"image\":{\"@id\":\"https:\\\/\\\/fireware.nl\\\/fr\\\/product\\\/mousse-polyrethane-dexercice\\\/#primaryimage\"},\"thumbnailUrl\":\"https:\\\/\\\/fireware.nl\\\/wp-content\\\/uploads\\\/2019\\\/01\\\/025-014-001_025-012-007_FireWare-Neptune-Vulsysteem-oefenschuim-5L.jpg\",\"datePublished\":\"2019-01-23T12:15:42+00:00\",\"dateModified\":\"2026-01-05T11:08:01+00:00\",\"breadcrumb\":{\"@id\":\"https:\\\/\\\/fireware.nl\\\/fr\\\/product\\\/mousse-polyrethane-dexercice\\\/#breadcrumb\"},\"inLanguage\":\"fr-FR\",\"potentialAction\":[{\"@type\":\"ReadAction\",\"target\":[\"https:\\\/\\\/fireware.nl\\\/fr\\\/product\\\/mousse-polyrethane-dexercice\\\/\"]}]},{\"@type\":\"ImageObject\",\"inLanguage\":\"fr-FR\",\"@id\":\"https:\\\/\\\/fireware.nl\\\/fr\\\/product\\\/mousse-polyrethane-dexercice\\\/#primaryimage\",\"url\":\"https:\\\/\\\/fireware.nl\\\/wp-content\\\/uploads\\\/2019\\\/01\\\/025-014-001_025-012-007_FireWare-Neptune-Vulsysteem-oefenschuim-5L.jpg\",\"contentUrl\":\"https:\\\/\\\/fireware.nl\\\/wp-content\\\/uploads\\\/2019\\\/01\\\/025-014-001_025-012-007_FireWare-Neptune-Vulsysteem-oefenschuim-5L.jpg\",\"width\":600,\"height\":600},{\"@type\":\"BreadcrumbList\",\"@id\":\"https:\\\/\\\/fireware.nl\\\/fr\\\/product\\\/mousse-polyrethane-dexercice\\\/#breadcrumb\",\"itemListElement\":[{\"@type\":\"ListItem\",\"position\":1,\"name\":\"Home\",\"item\":\"https:\\\/\\\/fireware.nl\\\/fr\\\/\"},{\"@type\":\"ListItem\",\"position\":2,\"name\":\"Produits\",\"item\":\"https:\\\/\\\/fireware.nl\\\/fr\\\/produits\\\/\"},{\"@type\":\"ListItem\",\"position\":3,\"name\":\"Mousse Polyr\u00e9thane d&#8217;exercice\"}]},{\"@type\":\"WebSite\",\"@id\":\"https:\\\/\\\/fireware.nl\\\/fr\\\/#website\",\"url\":\"https:\\\/\\\/fireware.nl\\\/fr\\\/\",\"name\":\"FireWare\",\"description\":\"CREATING REALISTIC  TRAINING ENVIRONMENTS\",\"publisher\":{\"@id\":\"https:\\\/\\\/fireware.nl\\\/fr\\\/#organization\"},\"potentialAction\":[{\"@type\":\"SearchAction\",\"target\":{\"@type\":\"EntryPoint\",\"urlTemplate\":\"https:\\\/\\\/fireware.nl\\\/fr\\\/?s={search_term_string}\"},\"query-input\":{\"@type\":\"PropertyValueSpecification\",\"valueRequired\":true,\"valueName\":\"search_term_string\"}}],\"inLanguage\":\"fr-FR\"},{\"@type\":\"Organization\",\"@id\":\"https:\\\/\\\/fireware.nl\\\/fr\\\/#organization\",\"name\":\"FireWare\",\"url\":\"https:\\\/\\\/fireware.nl\\\/fr\\\/\",\"logo\":{\"@type\":\"ImageObject\",\"inLanguage\":\"fr-FR\",\"@id\":\"https:\\\/\\\/fireware.nl\\\/fr\\\/#\\\/schema\\\/logo\\\/image\\\/\",\"url\":\"https:\\\/\\\/fireware.nl\\\/wp-content\\\/uploads\\\/2018\\\/10\\\/FireWare-logo.jpg\",\"contentUrl\":\"https:\\\/\\\/fireware.nl\\\/wp-content\\\/uploads\\\/2018\\\/10\\\/FireWare-logo.jpg\",\"width\":171,\"height\":70,\"caption\":\"FireWare\"},\"image\":{\"@id\":\"https:\\\/\\\/fireware.nl\\\/fr\\\/#\\\/schema\\\/logo\\\/image\\\/\"},\"sameAs\":[\"https:\\\/\\\/www.facebook.com\\\/FireWareBV\\\/\",\"https:\\\/\\\/x.com\\\/FireWarebv\",\"https:\\\/\\\/www.instagram.com\\\/fireware_nl\\\/\",\"https:\\\/\\\/www.linkedin.com\\\/company\\\/3586017\\\/\",\"https:\\\/\\\/www.youtube.com\\\/user\\\/firesalesrentconsult\"]}]}<\/script>\n<!-- \/ Yoast SEO plugin. -->","yoast_head_json":{"title":"Mousse Polyr\u00e9thane d'exercice - FireWare","robots":{"index":"index","follow":"follow","max-snippet":"max-snippet:-1","max-image-preview":"max-image-preview:large","max-video-preview":"max-video-preview:-1"},"canonical":"https:\/\/fireware.nl\/fr\/product\/mousse-polyrethane-dexercice\/","og_locale":"fr_FR","og_type":"article","og_title":"Mousse Polyr\u00e9thane d'exercice - FireWare","og_description":"Mousse polyur\u00e9thane d\u2019exercice permettant de remplir soi-m\u00eame des extincteurs d\u2019exercice.  Soumise \u00e0 des tests dermatologiques.  N\u00e9cessite une meilleure ma\u00eetrise de la technique que de la vraie mousse polyur\u00e9thane.  Peut aussi s\u2019utiliser en combinaison avec FireWare Neptune la station de remplissage.  Pas de Fluorure.","og_url":"https:\/\/fireware.nl\/fr\/product\/mousse-polyrethane-dexercice\/","og_site_name":"FireWare","article_publisher":"https:\/\/www.facebook.com\/FireWareBV\/","article_modified_time":"2026-01-05T11:08:01+00:00","og_image":[{"width":600,"height":600,"url":"https:\/\/fireware.nl\/wp-content\/uploads\/2019\/01\/025-014-001_025-012-007_FireWare-Neptune-Vulsysteem-oefenschuim-5L.jpg","type":"image\/jpeg"}],"twitter_card":"summary_large_image","twitter_site":"@FireWarebv","twitter_misc":{"Dur\u00e9e de lecture estim\u00e9e":"2 minutes"},"schema":{"@context":"https:\/\/schema.org","@graph":[{"@type":"WebPage","@id":"https:\/\/fireware.nl\/fr\/product\/mousse-polyrethane-dexercice\/","url":"https:\/\/fireware.nl\/fr\/product\/mousse-polyrethane-dexercice\/","name":"Mousse Polyr\u00e9thane d'exercice - FireWare","isPartOf":{"@id":"https:\/\/fireware.nl\/fr\/#website"},"primaryImageOfPage":{"@id":"https:\/\/fireware.nl\/fr\/product\/mousse-polyrethane-dexercice\/#primaryimage"},"image":{"@id":"https:\/\/fireware.nl\/fr\/product\/mousse-polyrethane-dexercice\/#primaryimage"},"thumbnailUrl":"https:\/\/fireware.nl\/wp-content\/uploads\/2019\/01\/025-014-001_025-012-007_FireWare-Neptune-Vulsysteem-oefenschuim-5L.jpg","datePublished":"2019-01-23T12:15:42+00:00","dateModified":"2026-01-05T11:08:01+00:00","breadcrumb":{"@id":"https:\/\/fireware.nl\/fr\/product\/mousse-polyrethane-dexercice\/#breadcrumb"},"inLanguage":"fr-FR","potentialAction":[{"@type":"ReadAction","target":["https:\/\/fireware.nl\/fr\/product\/mousse-polyrethane-dexercice\/"]}]},{"@type":"ImageObject","inLanguage":"fr-FR","@id":"https:\/\/fireware.nl\/fr\/product\/mousse-polyrethane-dexercice\/#primaryimage","url":"https:\/\/fireware.nl\/wp-content\/uploads\/2019\/01\/025-014-001_025-012-007_FireWare-Neptune-Vulsysteem-oefenschuim-5L.jpg","contentUrl":"https:\/\/fireware.nl\/wp-content\/uploads\/2019\/01\/025-014-001_025-012-007_FireWare-Neptune-Vulsysteem-oefenschuim-5L.jpg","width":600,"height":600},{"@type":"BreadcrumbList","@id":"https:\/\/fireware.nl\/fr\/product\/mousse-polyrethane-dexercice\/#breadcrumb","itemListElement":[{"@type":"ListItem","position":1,"name":"Home","item":"https:\/\/fireware.nl\/fr\/"},{"@type":"ListItem","position":2,"name":"Produits","item":"https:\/\/fireware.nl\/fr\/produits\/"},{"@type":"ListItem","position":3,"name":"Mousse Polyr\u00e9thane d&#8217;exercice"}]},{"@type":"WebSite","@id":"https:\/\/fireware.nl\/fr\/#website","url":"https:\/\/fireware.nl\/fr\/","name":"FireWare","description":"CREATING REALISTIC  TRAINING ENVIRONMENTS","publisher":{"@id":"https:\/\/fireware.nl\/fr\/#organization"},"potentialAction":[{"@type":"SearchAction","target":{"@type":"EntryPoint","urlTemplate":"https:\/\/fireware.nl\/fr\/?s={search_term_string}"},"query-input":{"@type":"PropertyValueSpecification","valueRequired":true,"valueName":"search_term_string"}}],"inLanguage":"fr-FR"},{"@type":"Organization","@id":"https:\/\/fireware.nl\/fr\/#organization","name":"FireWare","url":"https:\/\/fireware.nl\/fr\/","logo":{"@type":"ImageObject","inLanguage":"fr-FR","@id":"https:\/\/fireware.nl\/fr\/#\/schema\/logo\/image\/","url":"https:\/\/fireware.nl\/wp-content\/uploads\/2018\/10\/FireWare-logo.jpg","contentUrl":"https:\/\/fireware.nl\/wp-content\/uploads\/2018\/10\/FireWare-logo.jpg","width":171,"height":70,"caption":"FireWare"},"image":{"@id":"https:\/\/fireware.nl\/fr\/#\/schema\/logo\/image\/"},"sameAs":["https:\/\/www.facebook.com\/FireWareBV\/","https:\/\/x.com\/FireWarebv","https:\/\/www.instagram.com\/fireware_nl\/","https:\/\/www.linkedin.com\/company\/3586017\/","https:\/\/www.youtube.com\/user\/firesalesrentconsult"]}]}},"publishpress_future_workflow_manual_trigger":{"enabledWorkflows":[]},"_links":{"self":[{"href":"https:\/\/fireware.nl\/fr\/wp-json\/wp\/v2\/product\/19289","targetHints":{"allow":["GET"]}}],"collection":[{"href":"https:\/\/fireware.nl\/fr\/wp-json\/wp\/v2\/product"}],"about":[{"href":"https:\/\/fireware.nl\/fr\/wp-json\/wp\/v2\/types\/product"}],"wp:featuredmedia":[{"embeddable":true,"href":"https:\/\/fireware.nl\/fr\/wp-json\/wp\/v2\/media\/50793"}],"wp:attachment":[{"href":"https:\/\/fireware.nl\/fr\/wp-json\/wp\/v2\/media?parent=19289"}],"wp:term":[{"taxonomy":"product_brand","embeddable":true,"href":"https:\/\/fireware.nl\/fr\/wp-json\/wp\/v2\/product_brand?post=19289"},{"taxonomy":"product_cat","embeddable":true,"href":"https:\/\/fireware.nl\/fr\/wp-json\/wp\/v2\/product_cat?post=19289"},{"taxonomy":"product_tag","embeddable":true,"href":"https:\/\/fireware.nl\/fr\/wp-json\/wp\/v2\/product_tag?post=19289"}],"curies":[{"name":"wp","href":"https:\/\/api.w.org\/{rel}","templated":true}]}}