
{"id":19375,"date":"2019-01-23T12:16:00","date_gmt":"2019-01-23T12:16:00","guid":{"rendered":"http:\/\/fireware.sites.hyperhosting.co\/?post_type=product&#038;p=19375"},"modified":"2025-05-21T09:40:45","modified_gmt":"2025-05-21T09:40:45","slug":"ppmo-duty-range-80-kg","status":"publish","type":"product","link":"https:\/\/fireware.nl\/fr\/product\/ppmo-duty-range-80-kg\/","title":{"rendered":"Ruth Lee PPMO Duty Range 80 kg"},"content":{"rendered":"<h2>Poup\u00e9es d&#8217;entra\u00eenement Ruth Lee<\/h2>\n<p>Les poup\u00e9es d&#8217;entra\u00eenement Ruth Lee sont con\u00e7ues pour un entra\u00eenement r\u00e9aliste et efficace. Ces poup\u00e9es sont reconnues pour leur durabilit\u00e9 et leur polyvalence, id\u00e9ales pour la formation des pompiers, des services de premiers secours, des \u00e9quipes de sauvetage et d&#8217;autres services d&#8217;urgence. Avec les poup\u00e9es d&#8217;entra\u00eenement Ruth Lee, il est possible de simuler des sc\u00e9narios r\u00e9alistes, permettant ainsi aux secouristes de mieux se pr\u00e9parer aux situations d&#8217;urgence r\u00e9elles. La gamme propose des poup\u00e9es adapt\u00e9es \u00e0 diverses formations, dans diff\u00e9rentes tailles et poids.<\/p>\n<h2>D\u00e9velopp\u00e9 sp\u00e9cialement pour les tests sportifs PPMO<\/h2>\n<p>La Duty Range Extra Heavy Adult poss\u00e8de des proportions r\u00e9alistes d&#8217;un adulte et a \u00e9t\u00e9 sp\u00e9cialement d\u00e9velopp\u00e9e pour les tests sportifs PPMO.<\/p>\n<p>La poup\u00e9e est manipulable de mani\u00e8re r\u00e9aliste : elle permet des sauvetages en prise Rautek ou des soins post-urgence en position lat\u00e9rale de s\u00e9curit\u00e9. De plus, la poup\u00e9e est \u00e9quip\u00e9e d&#8217;un harnais et d&#8217;une boucle au niveau du cou, permettant l&#8217;utilisation de techniques de traction alternatives sp\u00e9cifiques aux objectifs PPMO. Elle est \u00e9galement \u00e9quip\u00e9e d&#8217;une combinaison robuste (version : Adulte) et de bottes en caoutchouc rempla\u00e7ables en cas de dommage.<\/p>\n<p>Cette poup\u00e9e de sauvetage Duty Range de Ruth Lee offre un rapport r\u00e9aliste entre taille et poids. Le rembourrage est fix\u00e9 de mani\u00e8re \u00e0 ce que tous les membres aient un poids r\u00e9aliste qui ne se d\u00e9place pas. La poup\u00e9e est tr\u00e8s robuste et peut \u00eatre \u00e9cras\u00e9e ou tomber de grandes hauteurs sans \u00eatre endommag\u00e9e.<\/p>\n<p>La poup\u00e9e est \u00e9galement utilis\u00e9e dans des environnements d&#8217;entra\u00eenement o\u00f9 le feu est impliqu\u00e9 et peut supporter des temp\u00e9ratures allant jusqu&#8217;\u00e0 100\u00b0C. Pour une protection suppl\u00e9mentaire et pour \u00e9viter l&#8217;usure de la poup\u00e9e, des protections de jambes peuvent \u00eatre utilis\u00e9es en option.<\/p>\n","protected":false},"excerpt":{"rendered":"<ul>\n<li>Taille : 183 cm, poids : 80 kg.<\/li>\n<li>La r\u00e9partition r\u00e9aliste du poids donne la sensation d&#8217;une victime inconsciente.<\/li>\n<li>Le harnais robuste et la boucle permettent une manipulation facile, le tra\u00eenage, le levage, le stockage et la suspension pour le s\u00e9chage.<\/li>\n<li>Assez robuste pour \u00eatre pos\u00e9 sous du b\u00e9ton ou des poutres en acier, \u00e9cras\u00e9e, ou pour tomber sans dommage d&#8217;une fen\u00eatre du deuxi\u00e8me \u00e9tage.<\/li>\n<li>Fabriqu\u00e9 en mat\u00e9riaux r\u00e9sistant \u00e0 l&#8217;eau et ignifuges, ce qui le rend adapt\u00e9 aux sc\u00e9narios mouill\u00e9s ou sales.<\/li>\n<li>Les articulations corporelles souples \u00e9liminent le risque de points de pression et de contusions, des blessures courantes avec les poup\u00e9es d&#8217;entra\u00eenement en plastique.<\/li>\n<li>Un collier cervical peut \u00eatre ajout\u00e9 pour fournir les soins appropri\u00e9s \u00e0 la victime.<\/li>\n<li>Peut r\u00e9sister \u00e0 des temp\u00e9ratures allant jusqu&#8217;\u00e0 100\u00b0C, mais ne doit pas \u00eatre expos\u00e9 \u00e0 des temp\u00e9ratures \u00e9lev\u00e9es prolong\u00e9es ou \u00e0 des flammes nues.<\/li>\n<li>Livr\u00e9 complet avec des bottes et une combinaison. En cas d&#8217;usure, ces \u00e9l\u00e9ments peuvent \u00eatre command\u00e9s s\u00e9par\u00e9ment pour prolonger la dur\u00e9e de vie de la poup\u00e9e d&#8217;entra\u00eenement.<\/li>\n<\/ul>\n","protected":false},"featured_media":46713,"template":"","meta":[],"product_brand":[],"product_cat":[110],"product_tag":[],"class_list":{"0":"post-19375","1":"product","2":"type-product","3":"status-publish","4":"has-post-thumbnail","6":"product_cat-mannequins-de-sauvetage-et-a-levacuation","8":"first","9":"instock","10":"taxable","11":"shipping-taxable","12":"purchasable","13":"product-type-simple"},"yoast_head":"<!-- This site is optimized with the Yoast SEO plugin v27.5 - https:\/\/yoast.com\/product\/yoast-seo-wordpress\/ -->\n<title>Ruth Lee PPMO Duty Range 80 kg - FireWare<\/title>\n<meta name=\"robots\" content=\"index, follow, max-snippet:-1, max-image-preview:large, max-video-preview:-1\" \/>\n<link rel=\"canonical\" href=\"https:\/\/fireware.nl\/fr\/product\/ppmo-duty-range-80-kg\/\" \/>\n<meta property=\"og:locale\" content=\"fr_FR\" \/>\n<meta property=\"og:type\" content=\"article\" \/>\n<meta property=\"og:title\" content=\"Ruth Lee PPMO Duty Range 80 kg - FireWare\" \/>\n<meta property=\"og:description\" content=\"Taille : 183 cm, poids : 80 kg.  La r\u00e9partition r\u00e9aliste du poids donne la sensation d&#039;une victime inconsciente.  Le harnais robuste et la boucle permettent une manipulation facile, le tra\u00eenage, le levage, le stockage et la suspension pour le s\u00e9chage.  Assez robuste pour \u00eatre pos\u00e9 sous du b\u00e9ton ou des poutres en acier, \u00e9cras\u00e9e, ou pour tomber sans dommage d&#039;une fen\u00eatre du deuxi\u00e8me \u00e9tage.  Fabriqu\u00e9 en mat\u00e9riaux r\u00e9sistant \u00e0 l&#039;eau et ignifuges, ce qui le rend adapt\u00e9 aux sc\u00e9narios mouill\u00e9s ou sales.  Les articulations corporelles souples \u00e9liminent le risque de points de pression et de contusions, des blessures courantes avec les poup\u00e9es d&#039;entra\u00eenement en plastique.  Un collier cervical peut \u00eatre ajout\u00e9 pour fournir les soins appropri\u00e9s \u00e0 la victime.  Peut r\u00e9sister \u00e0 des temp\u00e9ratures allant jusqu&#039;\u00e0 100\u00b0C, mais ne doit pas \u00eatre expos\u00e9 \u00e0 des temp\u00e9ratures \u00e9lev\u00e9es prolong\u00e9es ou \u00e0 des flammes nues.  Livr\u00e9 complet avec des bottes et une combinaison. En cas d&#039;usure, ces \u00e9l\u00e9ments peuvent \u00eatre command\u00e9s s\u00e9par\u00e9ment pour prolonger la dur\u00e9e de vie de la poup\u00e9e d&#039;entra\u00eenement.\" \/>\n<meta property=\"og:url\" content=\"https:\/\/fireware.nl\/fr\/product\/ppmo-duty-range-80-kg\/\" \/>\n<meta property=\"og:site_name\" content=\"FireWare\" \/>\n<meta property=\"article:publisher\" content=\"https:\/\/www.facebook.com\/FireWareBV\/\" \/>\n<meta property=\"article:modified_time\" content=\"2025-05-21T09:40:45+00:00\" \/>\n<meta property=\"og:image\" content=\"https:\/\/fireware.nl\/wp-content\/uploads\/2019\/01\/017-043-004-Duty-Range-Adult-5.jpg\" \/>\n\t<meta property=\"og:image:width\" content=\"600\" \/>\n\t<meta property=\"og:image:height\" content=\"600\" \/>\n\t<meta property=\"og:image:type\" content=\"image\/jpeg\" \/>\n<meta name=\"twitter:card\" content=\"summary_large_image\" \/>\n<meta name=\"twitter:site\" content=\"@FireWarebv\" \/>\n<meta name=\"twitter:label1\" content=\"Dur\u00e9e de lecture estim\u00e9e\" \/>\n\t<meta name=\"twitter:data1\" content=\"2 minutes\" \/>\n<script type=\"application\/ld+json\" class=\"yoast-schema-graph\">{\"@context\":\"https:\\\/\\\/schema.org\",\"@graph\":[{\"@type\":\"WebPage\",\"@id\":\"https:\\\/\\\/fireware.nl\\\/fr\\\/product\\\/ppmo-duty-range-80-kg\\\/\",\"url\":\"https:\\\/\\\/fireware.nl\\\/fr\\\/product\\\/ppmo-duty-range-80-kg\\\/\",\"name\":\"Ruth Lee PPMO Duty Range 80 kg - FireWare\",\"isPartOf\":{\"@id\":\"https:\\\/\\\/fireware.nl\\\/fr\\\/#website\"},\"primaryImageOfPage\":{\"@id\":\"https:\\\/\\\/fireware.nl\\\/fr\\\/product\\\/ppmo-duty-range-80-kg\\\/#primaryimage\"},\"image\":{\"@id\":\"https:\\\/\\\/fireware.nl\\\/fr\\\/product\\\/ppmo-duty-range-80-kg\\\/#primaryimage\"},\"thumbnailUrl\":\"https:\\\/\\\/fireware.nl\\\/wp-content\\\/uploads\\\/2019\\\/01\\\/017-043-004-Duty-Range-Adult-5.jpg\",\"datePublished\":\"2019-01-23T12:16:00+00:00\",\"dateModified\":\"2025-05-21T09:40:45+00:00\",\"breadcrumb\":{\"@id\":\"https:\\\/\\\/fireware.nl\\\/fr\\\/product\\\/ppmo-duty-range-80-kg\\\/#breadcrumb\"},\"inLanguage\":\"fr-FR\",\"potentialAction\":[{\"@type\":\"ReadAction\",\"target\":[\"https:\\\/\\\/fireware.nl\\\/fr\\\/product\\\/ppmo-duty-range-80-kg\\\/\"]}]},{\"@type\":\"ImageObject\",\"inLanguage\":\"fr-FR\",\"@id\":\"https:\\\/\\\/fireware.nl\\\/fr\\\/product\\\/ppmo-duty-range-80-kg\\\/#primaryimage\",\"url\":\"https:\\\/\\\/fireware.nl\\\/wp-content\\\/uploads\\\/2019\\\/01\\\/017-043-004-Duty-Range-Adult-5.jpg\",\"contentUrl\":\"https:\\\/\\\/fireware.nl\\\/wp-content\\\/uploads\\\/2019\\\/01\\\/017-043-004-Duty-Range-Adult-5.jpg\",\"width\":600,\"height\":600},{\"@type\":\"BreadcrumbList\",\"@id\":\"https:\\\/\\\/fireware.nl\\\/fr\\\/product\\\/ppmo-duty-range-80-kg\\\/#breadcrumb\",\"itemListElement\":[{\"@type\":\"ListItem\",\"position\":1,\"name\":\"Home\",\"item\":\"https:\\\/\\\/fireware.nl\\\/fr\\\/\"},{\"@type\":\"ListItem\",\"position\":2,\"name\":\"Produits\",\"item\":\"https:\\\/\\\/fireware.nl\\\/fr\\\/produits\\\/\"},{\"@type\":\"ListItem\",\"position\":3,\"name\":\"Ruth Lee PPMO Duty Range 80 kg\"}]},{\"@type\":\"WebSite\",\"@id\":\"https:\\\/\\\/fireware.nl\\\/fr\\\/#website\",\"url\":\"https:\\\/\\\/fireware.nl\\\/fr\\\/\",\"name\":\"FireWare\",\"description\":\"CREATING REALISTIC  TRAINING ENVIRONMENTS\",\"publisher\":{\"@id\":\"https:\\\/\\\/fireware.nl\\\/fr\\\/#organization\"},\"potentialAction\":[{\"@type\":\"SearchAction\",\"target\":{\"@type\":\"EntryPoint\",\"urlTemplate\":\"https:\\\/\\\/fireware.nl\\\/fr\\\/?s={search_term_string}\"},\"query-input\":{\"@type\":\"PropertyValueSpecification\",\"valueRequired\":true,\"valueName\":\"search_term_string\"}}],\"inLanguage\":\"fr-FR\"},{\"@type\":\"Organization\",\"@id\":\"https:\\\/\\\/fireware.nl\\\/fr\\\/#organization\",\"name\":\"FireWare\",\"url\":\"https:\\\/\\\/fireware.nl\\\/fr\\\/\",\"logo\":{\"@type\":\"ImageObject\",\"inLanguage\":\"fr-FR\",\"@id\":\"https:\\\/\\\/fireware.nl\\\/fr\\\/#\\\/schema\\\/logo\\\/image\\\/\",\"url\":\"https:\\\/\\\/fireware.nl\\\/wp-content\\\/uploads\\\/2018\\\/10\\\/FireWare-logo.jpg\",\"contentUrl\":\"https:\\\/\\\/fireware.nl\\\/wp-content\\\/uploads\\\/2018\\\/10\\\/FireWare-logo.jpg\",\"width\":171,\"height\":70,\"caption\":\"FireWare\"},\"image\":{\"@id\":\"https:\\\/\\\/fireware.nl\\\/fr\\\/#\\\/schema\\\/logo\\\/image\\\/\"},\"sameAs\":[\"https:\\\/\\\/www.facebook.com\\\/FireWareBV\\\/\",\"https:\\\/\\\/x.com\\\/FireWarebv\",\"https:\\\/\\\/www.instagram.com\\\/fireware_nl\\\/\",\"https:\\\/\\\/www.linkedin.com\\\/company\\\/3586017\\\/\",\"https:\\\/\\\/www.youtube.com\\\/user\\\/firesalesrentconsult\"]}]}<\/script>\n<!-- \/ Yoast SEO plugin. -->","yoast_head_json":{"title":"Ruth Lee PPMO Duty Range 80 kg - FireWare","robots":{"index":"index","follow":"follow","max-snippet":"max-snippet:-1","max-image-preview":"max-image-preview:large","max-video-preview":"max-video-preview:-1"},"canonical":"https:\/\/fireware.nl\/fr\/product\/ppmo-duty-range-80-kg\/","og_locale":"fr_FR","og_type":"article","og_title":"Ruth Lee PPMO Duty Range 80 kg - FireWare","og_description":"Taille : 183 cm, poids : 80 kg.  La r\u00e9partition r\u00e9aliste du poids donne la sensation d'une victime inconsciente.  Le harnais robuste et la boucle permettent une manipulation facile, le tra\u00eenage, le levage, le stockage et la suspension pour le s\u00e9chage.  Assez robuste pour \u00eatre pos\u00e9 sous du b\u00e9ton ou des poutres en acier, \u00e9cras\u00e9e, ou pour tomber sans dommage d'une fen\u00eatre du deuxi\u00e8me \u00e9tage.  Fabriqu\u00e9 en mat\u00e9riaux r\u00e9sistant \u00e0 l'eau et ignifuges, ce qui le rend adapt\u00e9 aux sc\u00e9narios mouill\u00e9s ou sales.  Les articulations corporelles souples \u00e9liminent le risque de points de pression et de contusions, des blessures courantes avec les poup\u00e9es d'entra\u00eenement en plastique.  Un collier cervical peut \u00eatre ajout\u00e9 pour fournir les soins appropri\u00e9s \u00e0 la victime.  Peut r\u00e9sister \u00e0 des temp\u00e9ratures allant jusqu'\u00e0 100\u00b0C, mais ne doit pas \u00eatre expos\u00e9 \u00e0 des temp\u00e9ratures \u00e9lev\u00e9es prolong\u00e9es ou \u00e0 des flammes nues.  Livr\u00e9 complet avec des bottes et une combinaison. En cas d'usure, ces \u00e9l\u00e9ments peuvent \u00eatre command\u00e9s s\u00e9par\u00e9ment pour prolonger la dur\u00e9e de vie de la poup\u00e9e d'entra\u00eenement.","og_url":"https:\/\/fireware.nl\/fr\/product\/ppmo-duty-range-80-kg\/","og_site_name":"FireWare","article_publisher":"https:\/\/www.facebook.com\/FireWareBV\/","article_modified_time":"2025-05-21T09:40:45+00:00","og_image":[{"width":600,"height":600,"url":"https:\/\/fireware.nl\/wp-content\/uploads\/2019\/01\/017-043-004-Duty-Range-Adult-5.jpg","type":"image\/jpeg"}],"twitter_card":"summary_large_image","twitter_site":"@FireWarebv","twitter_misc":{"Dur\u00e9e de lecture estim\u00e9e":"2 minutes"},"schema":{"@context":"https:\/\/schema.org","@graph":[{"@type":"WebPage","@id":"https:\/\/fireware.nl\/fr\/product\/ppmo-duty-range-80-kg\/","url":"https:\/\/fireware.nl\/fr\/product\/ppmo-duty-range-80-kg\/","name":"Ruth Lee PPMO Duty Range 80 kg - FireWare","isPartOf":{"@id":"https:\/\/fireware.nl\/fr\/#website"},"primaryImageOfPage":{"@id":"https:\/\/fireware.nl\/fr\/product\/ppmo-duty-range-80-kg\/#primaryimage"},"image":{"@id":"https:\/\/fireware.nl\/fr\/product\/ppmo-duty-range-80-kg\/#primaryimage"},"thumbnailUrl":"https:\/\/fireware.nl\/wp-content\/uploads\/2019\/01\/017-043-004-Duty-Range-Adult-5.jpg","datePublished":"2019-01-23T12:16:00+00:00","dateModified":"2025-05-21T09:40:45+00:00","breadcrumb":{"@id":"https:\/\/fireware.nl\/fr\/product\/ppmo-duty-range-80-kg\/#breadcrumb"},"inLanguage":"fr-FR","potentialAction":[{"@type":"ReadAction","target":["https:\/\/fireware.nl\/fr\/product\/ppmo-duty-range-80-kg\/"]}]},{"@type":"ImageObject","inLanguage":"fr-FR","@id":"https:\/\/fireware.nl\/fr\/product\/ppmo-duty-range-80-kg\/#primaryimage","url":"https:\/\/fireware.nl\/wp-content\/uploads\/2019\/01\/017-043-004-Duty-Range-Adult-5.jpg","contentUrl":"https:\/\/fireware.nl\/wp-content\/uploads\/2019\/01\/017-043-004-Duty-Range-Adult-5.jpg","width":600,"height":600},{"@type":"BreadcrumbList","@id":"https:\/\/fireware.nl\/fr\/product\/ppmo-duty-range-80-kg\/#breadcrumb","itemListElement":[{"@type":"ListItem","position":1,"name":"Home","item":"https:\/\/fireware.nl\/fr\/"},{"@type":"ListItem","position":2,"name":"Produits","item":"https:\/\/fireware.nl\/fr\/produits\/"},{"@type":"ListItem","position":3,"name":"Ruth Lee PPMO Duty Range 80 kg"}]},{"@type":"WebSite","@id":"https:\/\/fireware.nl\/fr\/#website","url":"https:\/\/fireware.nl\/fr\/","name":"FireWare","description":"CREATING REALISTIC  TRAINING ENVIRONMENTS","publisher":{"@id":"https:\/\/fireware.nl\/fr\/#organization"},"potentialAction":[{"@type":"SearchAction","target":{"@type":"EntryPoint","urlTemplate":"https:\/\/fireware.nl\/fr\/?s={search_term_string}"},"query-input":{"@type":"PropertyValueSpecification","valueRequired":true,"valueName":"search_term_string"}}],"inLanguage":"fr-FR"},{"@type":"Organization","@id":"https:\/\/fireware.nl\/fr\/#organization","name":"FireWare","url":"https:\/\/fireware.nl\/fr\/","logo":{"@type":"ImageObject","inLanguage":"fr-FR","@id":"https:\/\/fireware.nl\/fr\/#\/schema\/logo\/image\/","url":"https:\/\/fireware.nl\/wp-content\/uploads\/2018\/10\/FireWare-logo.jpg","contentUrl":"https:\/\/fireware.nl\/wp-content\/uploads\/2018\/10\/FireWare-logo.jpg","width":171,"height":70,"caption":"FireWare"},"image":{"@id":"https:\/\/fireware.nl\/fr\/#\/schema\/logo\/image\/"},"sameAs":["https:\/\/www.facebook.com\/FireWareBV\/","https:\/\/x.com\/FireWarebv","https:\/\/www.instagram.com\/fireware_nl\/","https:\/\/www.linkedin.com\/company\/3586017\/","https:\/\/www.youtube.com\/user\/firesalesrentconsult"]}]}},"publishpress_future_workflow_manual_trigger":{"enabledWorkflows":[]},"_links":{"self":[{"href":"https:\/\/fireware.nl\/fr\/wp-json\/wp\/v2\/product\/19375","targetHints":{"allow":["GET"]}}],"collection":[{"href":"https:\/\/fireware.nl\/fr\/wp-json\/wp\/v2\/product"}],"about":[{"href":"https:\/\/fireware.nl\/fr\/wp-json\/wp\/v2\/types\/product"}],"wp:featuredmedia":[{"embeddable":true,"href":"https:\/\/fireware.nl\/fr\/wp-json\/wp\/v2\/media\/46713"}],"wp:attachment":[{"href":"https:\/\/fireware.nl\/fr\/wp-json\/wp\/v2\/media?parent=19375"}],"wp:term":[{"taxonomy":"product_brand","embeddable":true,"href":"https:\/\/fireware.nl\/fr\/wp-json\/wp\/v2\/product_brand?post=19375"},{"taxonomy":"product_cat","embeddable":true,"href":"https:\/\/fireware.nl\/fr\/wp-json\/wp\/v2\/product_cat?post=19375"},{"taxonomy":"product_tag","embeddable":true,"href":"https:\/\/fireware.nl\/fr\/wp-json\/wp\/v2\/product_tag?post=19375"}],"curies":[{"name":"wp","href":"https:\/\/api.w.org\/{rel}","templated":true}]}}