
{"id":19387,"date":"2019-01-23T12:15:51","date_gmt":"2019-01-23T12:15:51","guid":{"rendered":"http:\/\/fireware.sites.hyperhosting.co\/?post_type=product&#038;p=19387"},"modified":"2024-12-11T14:46:02","modified_gmt":"2024-12-11T14:46:02","slug":"multitrauma-mannequin","status":"publish","type":"product","link":"https:\/\/fireware.nl\/fr\/product\/multitrauma-mannequin\/","title":{"rendered":"Ruth Lee Multitrauma Mannequin"},"content":{"rendered":"<h2>Mannequins d&#8217;entra\u00eenement Ruth Lee<\/h2>\n<p>Les mannequins d&#8217;entra\u00eenement Ruth Lee sont con\u00e7us pour un entra\u00eenement r\u00e9aliste et efficace. Ces mannequins sont connus pour leur durabilit\u00e9 et leur polyvalence, id\u00e9aux pour la formation des pompiers, des secouristes, des services de secours et d&#8217;autres \u00e9quipes d&#8217;urgence. Gr\u00e2ce aux mannequins Ruth Lee, vous pouvez simuler des sc\u00e9narios r\u00e9alistes, permettant aux intervenants d&#8217;\u00eatre mieux pr\u00e9par\u00e9s aux situations d&#8217;urgence r\u00e9elles. La gamme comprend des mannequins pour divers types de formations, disponibles en diff\u00e9rentes tailles et poids.<\/p>\n<h2>Simuler divers types de blessures et pratiquer les secours techniques<\/h2>\n<p>Le mannequin Multi-Trauma est sp\u00e9cialement con\u00e7u pour l&#8217;entra\u00eenement aux secours techniques. Il permet de simuler diff\u00e9rents types de blessures, telles que l&#8217;\u00e9crasement entra\u00eenant une amputation totale ou partielle du bras et\/ou de la jambe.<\/p>\n<p>Vous pouvez percer la poitrine du mannequin avec un objet, comme un tuyau en acier. Le mannequin dispose d&#8217;un trou de 7 cm de diam\u00e8tre \u00e0 cet effet. De plus, il est con\u00e7u de mani\u00e8re \u00e0 ce que l&#8217;apprenant puisse appliquer un collier cervical. Vous pouvez \u00e9galement amputer compl\u00e8tement ou partiellement le bras droit et le bas de la jambe droite en d\u00e9vissant les points de fixation.<\/p>\n<p>La poup\u00e9e d&#8217;exercice Multi-Trauma est id\u00e9ale pour les formations dans des sc\u00e9narios tels que les accidents de voiture ou les blessures sportives. Assez robuste pour \u00eatre enterr\u00e9e sous du b\u00e9ton ou des poutres en acier sans dommage (Faites attention \u00e0 la gaine en plastique dans la poitrine) \u2013 ces poup\u00e9es d&#8217;exercice sont extr\u00eamement r\u00e9sistantes ! La poup\u00e9e est fournie avec une combinaison et des bottes, ce qui est pratique car les petits dommages peuvent \u00eatre facilement r\u00e9par\u00e9s en rempla\u00e7ant la combinaison. Le mannequin porte une combinaison et des bottes. L&#8217;avantage de cette conception est que, en cas de l\u00e9ger dommage, seule la combinaison doit \u00eatre remplac\u00e9e.<\/p>\n","protected":false},"excerpt":{"rendered":"<ul>\n<li>Bras et jambe inf\u00e9rieurs amovibles : Permet de simuler des sc\u00e9narios d&#8217;amputation r\u00e9alistes.<\/li>\n<li>Gaine en polycarbonate : Permet l&#8217;insertion d&#8217;objets tels qu&#8217;un tuyau de chantier pour simuler des blessures.<\/li>\n<li>R\u00e9partition r\u00e9aliste du poids : Offre la sensation d&#8217;une victime inconsciente.<\/li>\n<li>Boucle solide : Permet une manipulation, un levage, un stockage et un s\u00e9chage faciles.<\/li>\n<li>Assez solide pour \u00eatre enterr\u00e9 sous des linteaux en b\u00e9ton ou en acier sans dommage (Faites attention \u00e0 la gaine en plastique dans la poitrine).<\/li>\n<li>Mat\u00e9riau r\u00e9sistant \u00e0 l&#8217;eau et ignifuge : Convient pour des sc\u00e9narios humides ou sales.<\/li>\n<li>Articulations corporelles souples : \u00c9limine les risques de pincements et de contusions, blessures courantes avec les mannequins en plastique.<\/li>\n<li>Compatible avec un collier cervical : Les mannequins adultes permettent de poser un collier cervical pour assurer les bons soins de la victime pendant l&#8217;entra\u00eenement.<\/li>\n<li>Fournis avec des bottes et une combinaison : Compl\u00e8tement \u00e9quip\u00e9 avec des bottes et une combinaison, facilement rempla\u00e7ables pour prolonger la dur\u00e9e de vie du mannequin.<\/li>\n<\/ul>\n<p>&nbsp;<\/p>\n","protected":false},"featured_media":105527,"template":"","meta":[],"product_brand":[],"product_cat":[209,110],"product_tag":[],"class_list":{"0":"post-19387","1":"product","2":"type-product","3":"status-publish","4":"has-post-thumbnail","6":"product_cat-mannequins-de-la-assistance-technique","7":"product_cat-mannequins-de-sauvetage-et-a-levacuation","9":"first","10":"instock","11":"taxable","12":"shipping-taxable","13":"purchasable","14":"product-type-variable"},"yoast_head":"<!-- This site is optimized with the Yoast SEO plugin v27.5 - https:\/\/yoast.com\/product\/yoast-seo-wordpress\/ -->\n<title>Ruth Lee Multitrauma Mannequin - FireWare<\/title>\n<meta name=\"robots\" content=\"index, follow, max-snippet:-1, max-image-preview:large, max-video-preview:-1\" \/>\n<link rel=\"canonical\" href=\"https:\/\/fireware.nl\/fr\/product\/multitrauma-mannequin\/\" \/>\n<meta property=\"og:locale\" content=\"fr_FR\" \/>\n<meta property=\"og:type\" content=\"article\" \/>\n<meta property=\"og:title\" content=\"Ruth Lee Multitrauma Mannequin - FireWare\" \/>\n<meta property=\"og:description\" content=\"Bras et jambe inf\u00e9rieurs amovibles : Permet de simuler des sc\u00e9narios d&#039;amputation r\u00e9alistes.  Gaine en polycarbonate : Permet l&#039;insertion d&#039;objets tels qu&#039;un tuyau de chantier pour simuler des blessures.  R\u00e9partition r\u00e9aliste du poids : Offre la sensation d&#039;une victime inconsciente.  Boucle solide : Permet une manipulation, un levage, un stockage et un s\u00e9chage faciles.  Assez solide pour \u00eatre enterr\u00e9 sous des linteaux en b\u00e9ton ou en acier sans dommage (Faites attention \u00e0 la gaine en plastique dans la poitrine).  Mat\u00e9riau r\u00e9sistant \u00e0 l&#039;eau et ignifuge : Convient pour des sc\u00e9narios humides ou sales.  Articulations corporelles souples : \u00c9limine les risques de pincements et de contusions, blessures courantes avec les mannequins en plastique.  Compatible avec un collier cervical : Les mannequins adultes permettent de poser un collier cervical pour assurer les bons soins de la victime pendant l&#039;entra\u00eenement.  Fournis avec des bottes et une combinaison : Compl\u00e8tement \u00e9quip\u00e9 avec des bottes et une combinaison, facilement rempla\u00e7ables pour prolonger la dur\u00e9e de vie du mannequin.  &nbsp;\" \/>\n<meta property=\"og:url\" content=\"https:\/\/fireware.nl\/fr\/product\/multitrauma-mannequin\/\" \/>\n<meta property=\"og:site_name\" content=\"FireWare\" \/>\n<meta property=\"article:publisher\" content=\"https:\/\/www.facebook.com\/FireWareBV\/\" \/>\n<meta property=\"article:modified_time\" content=\"2024-12-11T14:46:02+00:00\" \/>\n<meta property=\"og:image\" content=\"https:\/\/fireware.nl\/wp-content\/uploads\/2019\/01\/017-043-018-Multi-Trauma_30kg-180cm_met-Paal-1.jpg\" \/>\n\t<meta property=\"og:image:width\" content=\"600\" \/>\n\t<meta property=\"og:image:height\" content=\"600\" \/>\n\t<meta property=\"og:image:type\" content=\"image\/jpeg\" \/>\n<meta name=\"twitter:card\" content=\"summary_large_image\" \/>\n<meta name=\"twitter:site\" content=\"@FireWarebv\" \/>\n<meta name=\"twitter:label1\" content=\"Dur\u00e9e de lecture estim\u00e9e\" \/>\n\t<meta name=\"twitter:data1\" content=\"2 minutes\" \/>\n<script type=\"application\/ld+json\" class=\"yoast-schema-graph\">{\"@context\":\"https:\\\/\\\/schema.org\",\"@graph\":[{\"@type\":\"WebPage\",\"@id\":\"https:\\\/\\\/fireware.nl\\\/fr\\\/product\\\/multitrauma-mannequin\\\/\",\"url\":\"https:\\\/\\\/fireware.nl\\\/fr\\\/product\\\/multitrauma-mannequin\\\/\",\"name\":\"Ruth Lee Multitrauma Mannequin - FireWare\",\"isPartOf\":{\"@id\":\"https:\\\/\\\/fireware.nl\\\/fr\\\/#website\"},\"primaryImageOfPage\":{\"@id\":\"https:\\\/\\\/fireware.nl\\\/fr\\\/product\\\/multitrauma-mannequin\\\/#primaryimage\"},\"image\":{\"@id\":\"https:\\\/\\\/fireware.nl\\\/fr\\\/product\\\/multitrauma-mannequin\\\/#primaryimage\"},\"thumbnailUrl\":\"https:\\\/\\\/fireware.nl\\\/wp-content\\\/uploads\\\/2019\\\/01\\\/017-043-018-Multi-Trauma_30kg-180cm_met-Paal-1.jpg\",\"datePublished\":\"2019-01-23T12:15:51+00:00\",\"dateModified\":\"2024-12-11T14:46:02+00:00\",\"breadcrumb\":{\"@id\":\"https:\\\/\\\/fireware.nl\\\/fr\\\/product\\\/multitrauma-mannequin\\\/#breadcrumb\"},\"inLanguage\":\"fr-FR\",\"potentialAction\":[{\"@type\":\"ReadAction\",\"target\":[\"https:\\\/\\\/fireware.nl\\\/fr\\\/product\\\/multitrauma-mannequin\\\/\"]}]},{\"@type\":\"ImageObject\",\"inLanguage\":\"fr-FR\",\"@id\":\"https:\\\/\\\/fireware.nl\\\/fr\\\/product\\\/multitrauma-mannequin\\\/#primaryimage\",\"url\":\"https:\\\/\\\/fireware.nl\\\/wp-content\\\/uploads\\\/2019\\\/01\\\/017-043-018-Multi-Trauma_30kg-180cm_met-Paal-1.jpg\",\"contentUrl\":\"https:\\\/\\\/fireware.nl\\\/wp-content\\\/uploads\\\/2019\\\/01\\\/017-043-018-Multi-Trauma_30kg-180cm_met-Paal-1.jpg\",\"width\":600,\"height\":600},{\"@type\":\"BreadcrumbList\",\"@id\":\"https:\\\/\\\/fireware.nl\\\/fr\\\/product\\\/multitrauma-mannequin\\\/#breadcrumb\",\"itemListElement\":[{\"@type\":\"ListItem\",\"position\":1,\"name\":\"Home\",\"item\":\"https:\\\/\\\/fireware.nl\\\/fr\\\/\"},{\"@type\":\"ListItem\",\"position\":2,\"name\":\"Produits\",\"item\":\"https:\\\/\\\/fireware.nl\\\/fr\\\/produits\\\/\"},{\"@type\":\"ListItem\",\"position\":3,\"name\":\"Ruth Lee Multitrauma Mannequin\"}]},{\"@type\":\"WebSite\",\"@id\":\"https:\\\/\\\/fireware.nl\\\/fr\\\/#website\",\"url\":\"https:\\\/\\\/fireware.nl\\\/fr\\\/\",\"name\":\"FireWare\",\"description\":\"CREATING REALISTIC  TRAINING ENVIRONMENTS\",\"publisher\":{\"@id\":\"https:\\\/\\\/fireware.nl\\\/fr\\\/#organization\"},\"potentialAction\":[{\"@type\":\"SearchAction\",\"target\":{\"@type\":\"EntryPoint\",\"urlTemplate\":\"https:\\\/\\\/fireware.nl\\\/fr\\\/?s={search_term_string}\"},\"query-input\":{\"@type\":\"PropertyValueSpecification\",\"valueRequired\":true,\"valueName\":\"search_term_string\"}}],\"inLanguage\":\"fr-FR\"},{\"@type\":\"Organization\",\"@id\":\"https:\\\/\\\/fireware.nl\\\/fr\\\/#organization\",\"name\":\"FireWare\",\"url\":\"https:\\\/\\\/fireware.nl\\\/fr\\\/\",\"logo\":{\"@type\":\"ImageObject\",\"inLanguage\":\"fr-FR\",\"@id\":\"https:\\\/\\\/fireware.nl\\\/fr\\\/#\\\/schema\\\/logo\\\/image\\\/\",\"url\":\"https:\\\/\\\/fireware.nl\\\/wp-content\\\/uploads\\\/2018\\\/10\\\/FireWare-logo.jpg\",\"contentUrl\":\"https:\\\/\\\/fireware.nl\\\/wp-content\\\/uploads\\\/2018\\\/10\\\/FireWare-logo.jpg\",\"width\":171,\"height\":70,\"caption\":\"FireWare\"},\"image\":{\"@id\":\"https:\\\/\\\/fireware.nl\\\/fr\\\/#\\\/schema\\\/logo\\\/image\\\/\"},\"sameAs\":[\"https:\\\/\\\/www.facebook.com\\\/FireWareBV\\\/\",\"https:\\\/\\\/x.com\\\/FireWarebv\",\"https:\\\/\\\/www.instagram.com\\\/fireware_nl\\\/\",\"https:\\\/\\\/www.linkedin.com\\\/company\\\/3586017\\\/\",\"https:\\\/\\\/www.youtube.com\\\/user\\\/firesalesrentconsult\"]}]}<\/script>\n<!-- \/ Yoast SEO plugin. -->","yoast_head_json":{"title":"Ruth Lee Multitrauma Mannequin - FireWare","robots":{"index":"index","follow":"follow","max-snippet":"max-snippet:-1","max-image-preview":"max-image-preview:large","max-video-preview":"max-video-preview:-1"},"canonical":"https:\/\/fireware.nl\/fr\/product\/multitrauma-mannequin\/","og_locale":"fr_FR","og_type":"article","og_title":"Ruth Lee Multitrauma Mannequin - FireWare","og_description":"Bras et jambe inf\u00e9rieurs amovibles : Permet de simuler des sc\u00e9narios d'amputation r\u00e9alistes.  Gaine en polycarbonate : Permet l'insertion d'objets tels qu'un tuyau de chantier pour simuler des blessures.  R\u00e9partition r\u00e9aliste du poids : Offre la sensation d'une victime inconsciente.  Boucle solide : Permet une manipulation, un levage, un stockage et un s\u00e9chage faciles.  Assez solide pour \u00eatre enterr\u00e9 sous des linteaux en b\u00e9ton ou en acier sans dommage (Faites attention \u00e0 la gaine en plastique dans la poitrine).  Mat\u00e9riau r\u00e9sistant \u00e0 l'eau et ignifuge : Convient pour des sc\u00e9narios humides ou sales.  Articulations corporelles souples : \u00c9limine les risques de pincements et de contusions, blessures courantes avec les mannequins en plastique.  Compatible avec un collier cervical : Les mannequins adultes permettent de poser un collier cervical pour assurer les bons soins de la victime pendant l'entra\u00eenement.  Fournis avec des bottes et une combinaison : Compl\u00e8tement \u00e9quip\u00e9 avec des bottes et une combinaison, facilement rempla\u00e7ables pour prolonger la dur\u00e9e de vie du mannequin.  &nbsp;","og_url":"https:\/\/fireware.nl\/fr\/product\/multitrauma-mannequin\/","og_site_name":"FireWare","article_publisher":"https:\/\/www.facebook.com\/FireWareBV\/","article_modified_time":"2024-12-11T14:46:02+00:00","og_image":[{"width":600,"height":600,"url":"https:\/\/fireware.nl\/wp-content\/uploads\/2019\/01\/017-043-018-Multi-Trauma_30kg-180cm_met-Paal-1.jpg","type":"image\/jpeg"}],"twitter_card":"summary_large_image","twitter_site":"@FireWarebv","twitter_misc":{"Dur\u00e9e de lecture estim\u00e9e":"2 minutes"},"schema":{"@context":"https:\/\/schema.org","@graph":[{"@type":"WebPage","@id":"https:\/\/fireware.nl\/fr\/product\/multitrauma-mannequin\/","url":"https:\/\/fireware.nl\/fr\/product\/multitrauma-mannequin\/","name":"Ruth Lee Multitrauma Mannequin - FireWare","isPartOf":{"@id":"https:\/\/fireware.nl\/fr\/#website"},"primaryImageOfPage":{"@id":"https:\/\/fireware.nl\/fr\/product\/multitrauma-mannequin\/#primaryimage"},"image":{"@id":"https:\/\/fireware.nl\/fr\/product\/multitrauma-mannequin\/#primaryimage"},"thumbnailUrl":"https:\/\/fireware.nl\/wp-content\/uploads\/2019\/01\/017-043-018-Multi-Trauma_30kg-180cm_met-Paal-1.jpg","datePublished":"2019-01-23T12:15:51+00:00","dateModified":"2024-12-11T14:46:02+00:00","breadcrumb":{"@id":"https:\/\/fireware.nl\/fr\/product\/multitrauma-mannequin\/#breadcrumb"},"inLanguage":"fr-FR","potentialAction":[{"@type":"ReadAction","target":["https:\/\/fireware.nl\/fr\/product\/multitrauma-mannequin\/"]}]},{"@type":"ImageObject","inLanguage":"fr-FR","@id":"https:\/\/fireware.nl\/fr\/product\/multitrauma-mannequin\/#primaryimage","url":"https:\/\/fireware.nl\/wp-content\/uploads\/2019\/01\/017-043-018-Multi-Trauma_30kg-180cm_met-Paal-1.jpg","contentUrl":"https:\/\/fireware.nl\/wp-content\/uploads\/2019\/01\/017-043-018-Multi-Trauma_30kg-180cm_met-Paal-1.jpg","width":600,"height":600},{"@type":"BreadcrumbList","@id":"https:\/\/fireware.nl\/fr\/product\/multitrauma-mannequin\/#breadcrumb","itemListElement":[{"@type":"ListItem","position":1,"name":"Home","item":"https:\/\/fireware.nl\/fr\/"},{"@type":"ListItem","position":2,"name":"Produits","item":"https:\/\/fireware.nl\/fr\/produits\/"},{"@type":"ListItem","position":3,"name":"Ruth Lee Multitrauma Mannequin"}]},{"@type":"WebSite","@id":"https:\/\/fireware.nl\/fr\/#website","url":"https:\/\/fireware.nl\/fr\/","name":"FireWare","description":"CREATING REALISTIC  TRAINING ENVIRONMENTS","publisher":{"@id":"https:\/\/fireware.nl\/fr\/#organization"},"potentialAction":[{"@type":"SearchAction","target":{"@type":"EntryPoint","urlTemplate":"https:\/\/fireware.nl\/fr\/?s={search_term_string}"},"query-input":{"@type":"PropertyValueSpecification","valueRequired":true,"valueName":"search_term_string"}}],"inLanguage":"fr-FR"},{"@type":"Organization","@id":"https:\/\/fireware.nl\/fr\/#organization","name":"FireWare","url":"https:\/\/fireware.nl\/fr\/","logo":{"@type":"ImageObject","inLanguage":"fr-FR","@id":"https:\/\/fireware.nl\/fr\/#\/schema\/logo\/image\/","url":"https:\/\/fireware.nl\/wp-content\/uploads\/2018\/10\/FireWare-logo.jpg","contentUrl":"https:\/\/fireware.nl\/wp-content\/uploads\/2018\/10\/FireWare-logo.jpg","width":171,"height":70,"caption":"FireWare"},"image":{"@id":"https:\/\/fireware.nl\/fr\/#\/schema\/logo\/image\/"},"sameAs":["https:\/\/www.facebook.com\/FireWareBV\/","https:\/\/x.com\/FireWarebv","https:\/\/www.instagram.com\/fireware_nl\/","https:\/\/www.linkedin.com\/company\/3586017\/","https:\/\/www.youtube.com\/user\/firesalesrentconsult"]}]}},"publishpress_future_workflow_manual_trigger":{"enabledWorkflows":[]},"_links":{"self":[{"href":"https:\/\/fireware.nl\/fr\/wp-json\/wp\/v2\/product\/19387","targetHints":{"allow":["GET"]}}],"collection":[{"href":"https:\/\/fireware.nl\/fr\/wp-json\/wp\/v2\/product"}],"about":[{"href":"https:\/\/fireware.nl\/fr\/wp-json\/wp\/v2\/types\/product"}],"wp:featuredmedia":[{"embeddable":true,"href":"https:\/\/fireware.nl\/fr\/wp-json\/wp\/v2\/media\/105527"}],"wp:attachment":[{"href":"https:\/\/fireware.nl\/fr\/wp-json\/wp\/v2\/media?parent=19387"}],"wp:term":[{"taxonomy":"product_brand","embeddable":true,"href":"https:\/\/fireware.nl\/fr\/wp-json\/wp\/v2\/product_brand?post=19387"},{"taxonomy":"product_cat","embeddable":true,"href":"https:\/\/fireware.nl\/fr\/wp-json\/wp\/v2\/product_cat?post=19387"},{"taxonomy":"product_tag","embeddable":true,"href":"https:\/\/fireware.nl\/fr\/wp-json\/wp\/v2\/product_tag?post=19387"}],"curies":[{"name":"wp","href":"https:\/\/api.w.org\/{rel}","templated":true}]}}