
{"id":19392,"date":"2019-01-23T12:15:32","date_gmt":"2019-01-23T12:15:32","guid":{"rendered":"http:\/\/fireware.sites.hyperhosting.co\/?post_type=product&#038;p=19392"},"modified":"2026-04-09T10:32:13","modified_gmt":"2026-04-09T10:32:13","slug":"body-for-cpr","status":"publish","type":"product","link":"https:\/\/fireware.nl\/fr\/product\/body-for-cpr\/","title":{"rendered":"Body for CPR"},"content":{"rendered":"\r\n<h2>Manikins d&#8217;entra\u00eenement Ruth Lee<\/h2>\r\n<p>Les Manikins d&#8217;entra\u00eenement Ruth Lee sont con\u00e7ues pour un entra\u00eenement r\u00e9aliste et efficace. Ces Manikins sont reconnues pour leur durabilit\u00e9 et leur polyvalence, id\u00e9ales pour former les pompiers, les sauveteurs, les services de secours et d&#8217;autres services d&#8217;urgence. Avec les Manikins d&#8217;entra\u00eenement Ruth Lee, vous pouvez simuler des sc\u00e9narios r\u00e9alistes, pr\u00e9parant ainsi les intervenants \u00e0 de vraies situations d&#8217;urgence. La gamme comprend des poup\u00e9es pour une vari\u00e9t\u00e9 de formations et dans diff\u00e9rentes tailles et poids.<\/p>\r\n<h2>Changer votre mannequin de r\u00e9animation dans une mannequin \u00e0 tra\u00eener<\/h2>\r\n<p>Pendant des exercices d&#8217;entra\u00eenement, des \u00ab victimes \u00bb sont tra\u00een\u00e9es hors d&#8217;un immeuble, apr\u00e8s quoi les actes de sauvetage sont tr\u00e8s importants. Pour les \u00ab tra\u00eener par terre \u00bb, FireWare propose avec succ\u00e8s, depuis des ann\u00e9es d\u00e9j\u00e0, les mannequins robustes de la s\u00e9rie Ruth Lee, et, pour les exercices de r\u00e9animation, les torses de Simulaids. Le Body for CPR combine la qualit\u00e9 des deux.<\/p>\r\n<p>Dans le body (corps), vous glissez tr\u00e8s facilement le torse de r\u00e9animation de Brad. De cette mani\u00e8re, vous disposez d&#8217;un mannequin d&#8217;exercice, que vous pouvez utiliser pour les exercices les plus divers : la recherche, l&#8217;\u00e9vacuation, et l&#8217;exercice des prises de sauvetage. Le body est \u00e9galement l&#8217;outil parfait pour les le\u00e7ons de premier secours, puisqu&#8217;il permet aux participantx au cours de s&#8217;exercer sur un mannequin de la taille d&#8217;un humain, et de plus, \u00e0 la PLS (Position lat\u00e9rale de s\u00e9curit\u00e9).<\/p>\r\n<p>Le Body for CPR est fourni avec combinaison de travail. \u00c9galement fournis dans une mallette de rangement\/transport r\u00e9sistante, facilitant le stockage et la manipulation du mannequin. Ils prot\u00e8gent \u00e9galement les mannequins et les gardent propres lorsqu&#8217;ils ne sont pas utilis\u00e9s.<\/p>\r\n","protected":false},"excerpt":{"rendered":"<ul>\n<li>Disponible dans les variantes 15 kg et 50 kg.<\/li>\n<li>Corps dans lequel peut se glisser un torse de r\u00e9animation.<\/li>\n<li>Lien entre mannequin \u00e0 tra\u00eener et torse de r\u00e9animation; pour le sauvetage et la r\u00e9animation.<\/li>\n<li>Convient aux mannequins <a href=\"https:\/\/fireware.nl\/fr\/product\/brad\/\" target=\"_blank\" rel=\"noopener\">torse de r\u00e9animation Brad<\/a> ou avec le mannequin Laerdal Little Anne.<\/li>\n<li>Ses dimensions r\u00e9alistes conviennent parfaitement \u00e0 des le\u00e7ons de premier secours.<\/li>\n<li>Fournis avec combinaison et bottes, mais sans torse de r\u00e9animation.<\/li>\n<li>Fourni dans une mallette de rangement\/transport r\u00e9sistante.<\/li>\n<\/ul>\n","protected":false},"featured_media":107164,"template":"","meta":[],"product_brand":[],"product_cat":[2184,2878],"product_tag":[],"class_list":{"0":"post-19392","1":"product","2":"type-product","3":"status-publish","4":"has-post-thumbnail","6":"product_cat-mannequins-de-soins","7":"product_cat-vetements","8":"pa_grootte-15-kg-180-cm-fr-2","9":"pa_grootte-50-kg-180-cm-fr-2","10":"pa_grootte-ambuman-15-kg-180-cm-fr-2","12":"first","13":"instock","14":"taxable","15":"shipping-taxable","16":"purchasable","17":"product-type-variable"},"yoast_head":"<!-- This site is optimized with the Yoast SEO plugin v27.5 - https:\/\/yoast.com\/product\/yoast-seo-wordpress\/ -->\n<title>Body for CPR - FireWare<\/title>\n<meta name=\"robots\" content=\"index, follow, max-snippet:-1, max-image-preview:large, max-video-preview:-1\" \/>\n<link rel=\"canonical\" href=\"https:\/\/fireware.nl\/fr\/product\/body-for-cpr\/\" \/>\n<meta property=\"og:locale\" content=\"fr_FR\" \/>\n<meta property=\"og:type\" content=\"article\" \/>\n<meta property=\"og:title\" content=\"Body for CPR - FireWare\" \/>\n<meta property=\"og:description\" content=\"Disponible dans les variantes 15 kg et 50 kg. Corps dans lequel peut se glisser un torse de r\u00e9animation. Lien entre mannequin \u00e0 tra\u00eener et torse de r\u00e9animation; pour le sauvetage et la r\u00e9animation. Convient aux mannequins torse de r\u00e9animation Brad ou avec le mannequin Laerdal Little Anne. Ses dimensions r\u00e9alistes conviennent parfaitement \u00e0 des le\u00e7ons de premier secours. Fournis avec combinaison et bottes, mais sans torse de r\u00e9animation. Fourni dans une mallette de rangement\/transport r\u00e9sistante.\" \/>\n<meta property=\"og:url\" content=\"https:\/\/fireware.nl\/fr\/product\/body-for-cpr\/\" \/>\n<meta property=\"og:site_name\" content=\"FireWare\" \/>\n<meta property=\"article:publisher\" content=\"https:\/\/www.facebook.com\/FireWareBV\/\" \/>\n<meta property=\"article:modified_time\" content=\"2026-04-09T10:32:13+00:00\" \/>\n<meta property=\"og:image\" content=\"https:\/\/fireware.nl\/wp-content\/uploads\/2019\/01\/Body-for-CPR_002.jpg\" \/>\n\t<meta property=\"og:image:width\" content=\"600\" \/>\n\t<meta property=\"og:image:height\" content=\"600\" \/>\n\t<meta property=\"og:image:type\" content=\"image\/jpeg\" \/>\n<meta name=\"twitter:card\" content=\"summary_large_image\" \/>\n<meta name=\"twitter:site\" content=\"@FireWarebv\" \/>\n<meta name=\"twitter:label1\" content=\"Dur\u00e9e de lecture estim\u00e9e\" \/>\n\t<meta name=\"twitter:data1\" content=\"2 minutes\" \/>\n<script type=\"application\/ld+json\" class=\"yoast-schema-graph\">{\"@context\":\"https:\\\/\\\/schema.org\",\"@graph\":[{\"@type\":\"WebPage\",\"@id\":\"https:\\\/\\\/fireware.nl\\\/fr\\\/product\\\/body-for-cpr\\\/\",\"url\":\"https:\\\/\\\/fireware.nl\\\/fr\\\/product\\\/body-for-cpr\\\/\",\"name\":\"Body for CPR - FireWare\",\"isPartOf\":{\"@id\":\"https:\\\/\\\/fireware.nl\\\/fr\\\/#website\"},\"primaryImageOfPage\":{\"@id\":\"https:\\\/\\\/fireware.nl\\\/fr\\\/product\\\/body-for-cpr\\\/#primaryimage\"},\"image\":{\"@id\":\"https:\\\/\\\/fireware.nl\\\/fr\\\/product\\\/body-for-cpr\\\/#primaryimage\"},\"thumbnailUrl\":\"https:\\\/\\\/fireware.nl\\\/wp-content\\\/uploads\\\/2019\\\/01\\\/Body-for-CPR_002.jpg\",\"datePublished\":\"2019-01-23T12:15:32+00:00\",\"dateModified\":\"2026-04-09T10:32:13+00:00\",\"breadcrumb\":{\"@id\":\"https:\\\/\\\/fireware.nl\\\/fr\\\/product\\\/body-for-cpr\\\/#breadcrumb\"},\"inLanguage\":\"fr-FR\",\"potentialAction\":[{\"@type\":\"ReadAction\",\"target\":[\"https:\\\/\\\/fireware.nl\\\/fr\\\/product\\\/body-for-cpr\\\/\"]}]},{\"@type\":\"ImageObject\",\"inLanguage\":\"fr-FR\",\"@id\":\"https:\\\/\\\/fireware.nl\\\/fr\\\/product\\\/body-for-cpr\\\/#primaryimage\",\"url\":\"https:\\\/\\\/fireware.nl\\\/wp-content\\\/uploads\\\/2019\\\/01\\\/Body-for-CPR_002.jpg\",\"contentUrl\":\"https:\\\/\\\/fireware.nl\\\/wp-content\\\/uploads\\\/2019\\\/01\\\/Body-for-CPR_002.jpg\",\"width\":600,\"height\":600},{\"@type\":\"BreadcrumbList\",\"@id\":\"https:\\\/\\\/fireware.nl\\\/fr\\\/product\\\/body-for-cpr\\\/#breadcrumb\",\"itemListElement\":[{\"@type\":\"ListItem\",\"position\":1,\"name\":\"Home\",\"item\":\"https:\\\/\\\/fireware.nl\\\/fr\\\/\"},{\"@type\":\"ListItem\",\"position\":2,\"name\":\"Produits\",\"item\":\"https:\\\/\\\/fireware.nl\\\/fr\\\/produits\\\/\"},{\"@type\":\"ListItem\",\"position\":3,\"name\":\"Body for CPR\"}]},{\"@type\":\"WebSite\",\"@id\":\"https:\\\/\\\/fireware.nl\\\/fr\\\/#website\",\"url\":\"https:\\\/\\\/fireware.nl\\\/fr\\\/\",\"name\":\"FireWare\",\"description\":\"CREATING REALISTIC  TRAINING ENVIRONMENTS\",\"publisher\":{\"@id\":\"https:\\\/\\\/fireware.nl\\\/fr\\\/#organization\"},\"potentialAction\":[{\"@type\":\"SearchAction\",\"target\":{\"@type\":\"EntryPoint\",\"urlTemplate\":\"https:\\\/\\\/fireware.nl\\\/fr\\\/?s={search_term_string}\"},\"query-input\":{\"@type\":\"PropertyValueSpecification\",\"valueRequired\":true,\"valueName\":\"search_term_string\"}}],\"inLanguage\":\"fr-FR\"},{\"@type\":\"Organization\",\"@id\":\"https:\\\/\\\/fireware.nl\\\/fr\\\/#organization\",\"name\":\"FireWare\",\"url\":\"https:\\\/\\\/fireware.nl\\\/fr\\\/\",\"logo\":{\"@type\":\"ImageObject\",\"inLanguage\":\"fr-FR\",\"@id\":\"https:\\\/\\\/fireware.nl\\\/fr\\\/#\\\/schema\\\/logo\\\/image\\\/\",\"url\":\"https:\\\/\\\/fireware.nl\\\/wp-content\\\/uploads\\\/2018\\\/10\\\/FireWare-logo.jpg\",\"contentUrl\":\"https:\\\/\\\/fireware.nl\\\/wp-content\\\/uploads\\\/2018\\\/10\\\/FireWare-logo.jpg\",\"width\":171,\"height\":70,\"caption\":\"FireWare\"},\"image\":{\"@id\":\"https:\\\/\\\/fireware.nl\\\/fr\\\/#\\\/schema\\\/logo\\\/image\\\/\"},\"sameAs\":[\"https:\\\/\\\/www.facebook.com\\\/FireWareBV\\\/\",\"https:\\\/\\\/x.com\\\/FireWarebv\",\"https:\\\/\\\/www.instagram.com\\\/fireware_nl\\\/\",\"https:\\\/\\\/www.linkedin.com\\\/company\\\/3586017\\\/\",\"https:\\\/\\\/www.youtube.com\\\/user\\\/firesalesrentconsult\"]}]}<\/script>\n<!-- \/ Yoast SEO plugin. -->","yoast_head_json":{"title":"Body for CPR - FireWare","robots":{"index":"index","follow":"follow","max-snippet":"max-snippet:-1","max-image-preview":"max-image-preview:large","max-video-preview":"max-video-preview:-1"},"canonical":"https:\/\/fireware.nl\/fr\/product\/body-for-cpr\/","og_locale":"fr_FR","og_type":"article","og_title":"Body for CPR - FireWare","og_description":"Disponible dans les variantes 15 kg et 50 kg. Corps dans lequel peut se glisser un torse de r\u00e9animation. Lien entre mannequin \u00e0 tra\u00eener et torse de r\u00e9animation; pour le sauvetage et la r\u00e9animation. Convient aux mannequins torse de r\u00e9animation Brad ou avec le mannequin Laerdal Little Anne. Ses dimensions r\u00e9alistes conviennent parfaitement \u00e0 des le\u00e7ons de premier secours. Fournis avec combinaison et bottes, mais sans torse de r\u00e9animation. Fourni dans une mallette de rangement\/transport r\u00e9sistante.","og_url":"https:\/\/fireware.nl\/fr\/product\/body-for-cpr\/","og_site_name":"FireWare","article_publisher":"https:\/\/www.facebook.com\/FireWareBV\/","article_modified_time":"2026-04-09T10:32:13+00:00","og_image":[{"width":600,"height":600,"url":"https:\/\/fireware.nl\/wp-content\/uploads\/2019\/01\/Body-for-CPR_002.jpg","type":"image\/jpeg"}],"twitter_card":"summary_large_image","twitter_site":"@FireWarebv","twitter_misc":{"Dur\u00e9e de lecture estim\u00e9e":"2 minutes"},"schema":{"@context":"https:\/\/schema.org","@graph":[{"@type":"WebPage","@id":"https:\/\/fireware.nl\/fr\/product\/body-for-cpr\/","url":"https:\/\/fireware.nl\/fr\/product\/body-for-cpr\/","name":"Body for CPR - FireWare","isPartOf":{"@id":"https:\/\/fireware.nl\/fr\/#website"},"primaryImageOfPage":{"@id":"https:\/\/fireware.nl\/fr\/product\/body-for-cpr\/#primaryimage"},"image":{"@id":"https:\/\/fireware.nl\/fr\/product\/body-for-cpr\/#primaryimage"},"thumbnailUrl":"https:\/\/fireware.nl\/wp-content\/uploads\/2019\/01\/Body-for-CPR_002.jpg","datePublished":"2019-01-23T12:15:32+00:00","dateModified":"2026-04-09T10:32:13+00:00","breadcrumb":{"@id":"https:\/\/fireware.nl\/fr\/product\/body-for-cpr\/#breadcrumb"},"inLanguage":"fr-FR","potentialAction":[{"@type":"ReadAction","target":["https:\/\/fireware.nl\/fr\/product\/body-for-cpr\/"]}]},{"@type":"ImageObject","inLanguage":"fr-FR","@id":"https:\/\/fireware.nl\/fr\/product\/body-for-cpr\/#primaryimage","url":"https:\/\/fireware.nl\/wp-content\/uploads\/2019\/01\/Body-for-CPR_002.jpg","contentUrl":"https:\/\/fireware.nl\/wp-content\/uploads\/2019\/01\/Body-for-CPR_002.jpg","width":600,"height":600},{"@type":"BreadcrumbList","@id":"https:\/\/fireware.nl\/fr\/product\/body-for-cpr\/#breadcrumb","itemListElement":[{"@type":"ListItem","position":1,"name":"Home","item":"https:\/\/fireware.nl\/fr\/"},{"@type":"ListItem","position":2,"name":"Produits","item":"https:\/\/fireware.nl\/fr\/produits\/"},{"@type":"ListItem","position":3,"name":"Body for CPR"}]},{"@type":"WebSite","@id":"https:\/\/fireware.nl\/fr\/#website","url":"https:\/\/fireware.nl\/fr\/","name":"FireWare","description":"CREATING REALISTIC  TRAINING ENVIRONMENTS","publisher":{"@id":"https:\/\/fireware.nl\/fr\/#organization"},"potentialAction":[{"@type":"SearchAction","target":{"@type":"EntryPoint","urlTemplate":"https:\/\/fireware.nl\/fr\/?s={search_term_string}"},"query-input":{"@type":"PropertyValueSpecification","valueRequired":true,"valueName":"search_term_string"}}],"inLanguage":"fr-FR"},{"@type":"Organization","@id":"https:\/\/fireware.nl\/fr\/#organization","name":"FireWare","url":"https:\/\/fireware.nl\/fr\/","logo":{"@type":"ImageObject","inLanguage":"fr-FR","@id":"https:\/\/fireware.nl\/fr\/#\/schema\/logo\/image\/","url":"https:\/\/fireware.nl\/wp-content\/uploads\/2018\/10\/FireWare-logo.jpg","contentUrl":"https:\/\/fireware.nl\/wp-content\/uploads\/2018\/10\/FireWare-logo.jpg","width":171,"height":70,"caption":"FireWare"},"image":{"@id":"https:\/\/fireware.nl\/fr\/#\/schema\/logo\/image\/"},"sameAs":["https:\/\/www.facebook.com\/FireWareBV\/","https:\/\/x.com\/FireWarebv","https:\/\/www.instagram.com\/fireware_nl\/","https:\/\/www.linkedin.com\/company\/3586017\/","https:\/\/www.youtube.com\/user\/firesalesrentconsult"]}]}},"publishpress_future_workflow_manual_trigger":{"enabledWorkflows":[]},"_links":{"self":[{"href":"https:\/\/fireware.nl\/fr\/wp-json\/wp\/v2\/product\/19392","targetHints":{"allow":["GET"]}}],"collection":[{"href":"https:\/\/fireware.nl\/fr\/wp-json\/wp\/v2\/product"}],"about":[{"href":"https:\/\/fireware.nl\/fr\/wp-json\/wp\/v2\/types\/product"}],"wp:featuredmedia":[{"embeddable":true,"href":"https:\/\/fireware.nl\/fr\/wp-json\/wp\/v2\/media\/107164"}],"wp:attachment":[{"href":"https:\/\/fireware.nl\/fr\/wp-json\/wp\/v2\/media?parent=19392"}],"wp:term":[{"taxonomy":"product_brand","embeddable":true,"href":"https:\/\/fireware.nl\/fr\/wp-json\/wp\/v2\/product_brand?post=19392"},{"taxonomy":"product_cat","embeddable":true,"href":"https:\/\/fireware.nl\/fr\/wp-json\/wp\/v2\/product_cat?post=19392"},{"taxonomy":"product_tag","embeddable":true,"href":"https:\/\/fireware.nl\/fr\/wp-json\/wp\/v2\/product_tag?post=19392"}],"curies":[{"name":"wp","href":"https:\/\/api.w.org\/{rel}","templated":true}]}}