
{"id":19404,"date":"2019-01-23T12:16:46","date_gmt":"2019-02-01T10:37:35","guid":{"rendered":"http:\/\/fireware.sites.hyperhosting.co\/?post_type=product&#038;p=19404"},"modified":"2025-05-28T11:45:26","modified_gmt":"2025-05-28T11:45:26","slug":"brad","status":"publish","type":"product","link":"https:\/\/fireware.nl\/fr\/product\/brad\/","title":{"rendered":"Brad"},"content":{"rendered":"<p>Brad vous permet de vous exercer aux techniques de base de la r\u00e9animation. Si l\u2019on insuffle correctement de l\u2019air dans le mannequin, la cage thoracique se soul\u00e8ve. L\u2019insufflation a lieu dans un\u00a0syst\u00e8me respiratoire\u00a0qui emp\u00eache la contamination des participants au cours entre eux. Vous pouvez donner un\u00a0embout\/embout nasal\u00a0\u00e0 chaque participant au cours, ou d\u00e9sinfecter les accessoires entre chaque exercice.<\/p>\n<p>Le torse est tr\u00e8s r\u00e9aliste au toucher et dispose de diff\u00e9rentes caract\u00e9ristiques anatomiques. Les c\u00f4tes et le sternum se rep\u00e8rent facilement, permettant de savoir exactement \u00e0 quel endroit poser les mains pour effectuer un massage cardiaque. Il est \u00e9galement possible d\u2019utiliser un d\u00e9fibrillateur DAE d\u2019exercice.<\/p>\n<p>Brad ne p\u00e8se que 7 kilos et est facile \u00e0 d\u00e9placer. Le torse est fourni avec 3 syst\u00e8mes respiratoires, 3 embouts\/embouts nasaux et un sac muni de genouill\u00e8res pratiques.<\/p>\n","protected":false},"excerpt":{"rendered":"<ul>\n<li>Mannequin permettant de s\u2019exercer aux techniques de r\u00e9animation de base.<\/li>\n<li>Torse masculin avec couleur de peau blanche.<\/li>\n<li>Points de reconnaissance anatomiques, comme un sternum et des c\u00f4tes.<\/li>\n<li>Peut \u00e9galement s\u2019utiliser avec un d\u00e9fibrillateur DAE d\u2019exercice.<\/li>\n<li>Est livr\u00e9 avec 3 syst\u00e8mes respiratoires et 3 embouts\/embouts nasaux.<\/li>\n<li>Est fourni dans un sac portable d\u00e9pliable avec trois genouill\u00e8res.<\/li>\n<\/ul>\n","protected":false},"featured_media":21274,"template":"","meta":[],"product_brand":[],"product_cat":[2184],"product_tag":[],"class_list":{"0":"post-19404","1":"product","2":"type-product","3":"status-publish","4":"has-post-thumbnail","6":"product_cat-mannequins-de-soins","8":"first","9":"instock","10":"taxable","11":"shipping-taxable","12":"purchasable","13":"product-type-simple"},"yoast_head":"<!-- This site is optimized with the Yoast SEO plugin v27.5 - https:\/\/yoast.com\/product\/yoast-seo-wordpress\/ -->\n<title>Brad - FireWare<\/title>\n<meta name=\"robots\" content=\"index, follow, max-snippet:-1, max-image-preview:large, max-video-preview:-1\" \/>\n<link rel=\"canonical\" href=\"https:\/\/fireware.nl\/fr\/product\/brad\/\" \/>\n<meta property=\"og:locale\" content=\"fr_FR\" \/>\n<meta property=\"og:type\" content=\"article\" \/>\n<meta property=\"og:title\" content=\"Brad - FireWare\" \/>\n<meta property=\"og:description\" content=\"Mannequin permettant de s\u2019exercer aux techniques de r\u00e9animation de base.  Torse masculin avec couleur de peau blanche.  Points de reconnaissance anatomiques, comme un sternum et des c\u00f4tes.  Peut \u00e9galement s\u2019utiliser avec un d\u00e9fibrillateur DAE d\u2019exercice.  Est livr\u00e9 avec 3 syst\u00e8mes respiratoires et 3 embouts\/embouts nasaux.  Est fourni dans un sac portable d\u00e9pliable avec trois genouill\u00e8res.\" \/>\n<meta property=\"og:url\" content=\"https:\/\/fireware.nl\/fr\/product\/brad\/\" \/>\n<meta property=\"og:site_name\" content=\"FireWare\" \/>\n<meta property=\"article:publisher\" content=\"https:\/\/www.facebook.com\/FireWareBV\/\" \/>\n<meta property=\"article:modified_time\" content=\"2025-05-28T11:45:26+00:00\" \/>\n<meta property=\"og:image\" content=\"https:\/\/fireware.nl\/wp-content\/uploads\/2019\/01\/018-022-002-BRAD.jpg\" \/>\n\t<meta property=\"og:image:width\" content=\"600\" \/>\n\t<meta property=\"og:image:height\" content=\"600\" \/>\n\t<meta property=\"og:image:type\" content=\"image\/jpeg\" \/>\n<meta name=\"twitter:card\" content=\"summary_large_image\" \/>\n<meta name=\"twitter:site\" content=\"@FireWarebv\" \/>\n<meta name=\"twitter:label1\" content=\"Dur\u00e9e de lecture estim\u00e9e\" \/>\n\t<meta name=\"twitter:data1\" content=\"1 minute\" \/>\n<script type=\"application\/ld+json\" class=\"yoast-schema-graph\">{\"@context\":\"https:\\\/\\\/schema.org\",\"@graph\":[{\"@type\":\"WebPage\",\"@id\":\"https:\\\/\\\/fireware.nl\\\/fr\\\/product\\\/brad\\\/\",\"url\":\"https:\\\/\\\/fireware.nl\\\/fr\\\/product\\\/brad\\\/\",\"name\":\"Brad - FireWare\",\"isPartOf\":{\"@id\":\"https:\\\/\\\/fireware.nl\\\/fr\\\/#website\"},\"primaryImageOfPage\":{\"@id\":\"https:\\\/\\\/fireware.nl\\\/fr\\\/product\\\/brad\\\/#primaryimage\"},\"image\":{\"@id\":\"https:\\\/\\\/fireware.nl\\\/fr\\\/product\\\/brad\\\/#primaryimage\"},\"thumbnailUrl\":\"https:\\\/\\\/fireware.nl\\\/wp-content\\\/uploads\\\/2019\\\/01\\\/018-022-002-BRAD.jpg\",\"datePublished\":\"2019-02-01T10:37:35+00:00\",\"dateModified\":\"2025-05-28T11:45:26+00:00\",\"breadcrumb\":{\"@id\":\"https:\\\/\\\/fireware.nl\\\/fr\\\/product\\\/brad\\\/#breadcrumb\"},\"inLanguage\":\"fr-FR\",\"potentialAction\":[{\"@type\":\"ReadAction\",\"target\":[\"https:\\\/\\\/fireware.nl\\\/fr\\\/product\\\/brad\\\/\"]}]},{\"@type\":\"ImageObject\",\"inLanguage\":\"fr-FR\",\"@id\":\"https:\\\/\\\/fireware.nl\\\/fr\\\/product\\\/brad\\\/#primaryimage\",\"url\":\"https:\\\/\\\/fireware.nl\\\/wp-content\\\/uploads\\\/2019\\\/01\\\/018-022-002-BRAD.jpg\",\"contentUrl\":\"https:\\\/\\\/fireware.nl\\\/wp-content\\\/uploads\\\/2019\\\/01\\\/018-022-002-BRAD.jpg\",\"width\":600,\"height\":600,\"caption\":\"018-022-002 BRAD\"},{\"@type\":\"BreadcrumbList\",\"@id\":\"https:\\\/\\\/fireware.nl\\\/fr\\\/product\\\/brad\\\/#breadcrumb\",\"itemListElement\":[{\"@type\":\"ListItem\",\"position\":1,\"name\":\"Home\",\"item\":\"https:\\\/\\\/fireware.nl\\\/fr\\\/\"},{\"@type\":\"ListItem\",\"position\":2,\"name\":\"Produits\",\"item\":\"https:\\\/\\\/fireware.nl\\\/fr\\\/produits\\\/\"},{\"@type\":\"ListItem\",\"position\":3,\"name\":\"Brad\"}]},{\"@type\":\"WebSite\",\"@id\":\"https:\\\/\\\/fireware.nl\\\/fr\\\/#website\",\"url\":\"https:\\\/\\\/fireware.nl\\\/fr\\\/\",\"name\":\"FireWare\",\"description\":\"CREATING REALISTIC  TRAINING ENVIRONMENTS\",\"publisher\":{\"@id\":\"https:\\\/\\\/fireware.nl\\\/fr\\\/#organization\"},\"potentialAction\":[{\"@type\":\"SearchAction\",\"target\":{\"@type\":\"EntryPoint\",\"urlTemplate\":\"https:\\\/\\\/fireware.nl\\\/fr\\\/?s={search_term_string}\"},\"query-input\":{\"@type\":\"PropertyValueSpecification\",\"valueRequired\":true,\"valueName\":\"search_term_string\"}}],\"inLanguage\":\"fr-FR\"},{\"@type\":\"Organization\",\"@id\":\"https:\\\/\\\/fireware.nl\\\/fr\\\/#organization\",\"name\":\"FireWare\",\"url\":\"https:\\\/\\\/fireware.nl\\\/fr\\\/\",\"logo\":{\"@type\":\"ImageObject\",\"inLanguage\":\"fr-FR\",\"@id\":\"https:\\\/\\\/fireware.nl\\\/fr\\\/#\\\/schema\\\/logo\\\/image\\\/\",\"url\":\"https:\\\/\\\/fireware.nl\\\/wp-content\\\/uploads\\\/2018\\\/10\\\/FireWare-logo.jpg\",\"contentUrl\":\"https:\\\/\\\/fireware.nl\\\/wp-content\\\/uploads\\\/2018\\\/10\\\/FireWare-logo.jpg\",\"width\":171,\"height\":70,\"caption\":\"FireWare\"},\"image\":{\"@id\":\"https:\\\/\\\/fireware.nl\\\/fr\\\/#\\\/schema\\\/logo\\\/image\\\/\"},\"sameAs\":[\"https:\\\/\\\/www.facebook.com\\\/FireWareBV\\\/\",\"https:\\\/\\\/x.com\\\/FireWarebv\",\"https:\\\/\\\/www.instagram.com\\\/fireware_nl\\\/\",\"https:\\\/\\\/www.linkedin.com\\\/company\\\/3586017\\\/\",\"https:\\\/\\\/www.youtube.com\\\/user\\\/firesalesrentconsult\"]}]}<\/script>\n<!-- \/ Yoast SEO plugin. -->","yoast_head_json":{"title":"Brad - FireWare","robots":{"index":"index","follow":"follow","max-snippet":"max-snippet:-1","max-image-preview":"max-image-preview:large","max-video-preview":"max-video-preview:-1"},"canonical":"https:\/\/fireware.nl\/fr\/product\/brad\/","og_locale":"fr_FR","og_type":"article","og_title":"Brad - FireWare","og_description":"Mannequin permettant de s\u2019exercer aux techniques de r\u00e9animation de base.  Torse masculin avec couleur de peau blanche.  Points de reconnaissance anatomiques, comme un sternum et des c\u00f4tes.  Peut \u00e9galement s\u2019utiliser avec un d\u00e9fibrillateur DAE d\u2019exercice.  Est livr\u00e9 avec 3 syst\u00e8mes respiratoires et 3 embouts\/embouts nasaux.  Est fourni dans un sac portable d\u00e9pliable avec trois genouill\u00e8res.","og_url":"https:\/\/fireware.nl\/fr\/product\/brad\/","og_site_name":"FireWare","article_publisher":"https:\/\/www.facebook.com\/FireWareBV\/","article_modified_time":"2025-05-28T11:45:26+00:00","og_image":[{"width":600,"height":600,"url":"https:\/\/fireware.nl\/wp-content\/uploads\/2019\/01\/018-022-002-BRAD.jpg","type":"image\/jpeg"}],"twitter_card":"summary_large_image","twitter_site":"@FireWarebv","twitter_misc":{"Dur\u00e9e de lecture estim\u00e9e":"1 minute"},"schema":{"@context":"https:\/\/schema.org","@graph":[{"@type":"WebPage","@id":"https:\/\/fireware.nl\/fr\/product\/brad\/","url":"https:\/\/fireware.nl\/fr\/product\/brad\/","name":"Brad - FireWare","isPartOf":{"@id":"https:\/\/fireware.nl\/fr\/#website"},"primaryImageOfPage":{"@id":"https:\/\/fireware.nl\/fr\/product\/brad\/#primaryimage"},"image":{"@id":"https:\/\/fireware.nl\/fr\/product\/brad\/#primaryimage"},"thumbnailUrl":"https:\/\/fireware.nl\/wp-content\/uploads\/2019\/01\/018-022-002-BRAD.jpg","datePublished":"2019-02-01T10:37:35+00:00","dateModified":"2025-05-28T11:45:26+00:00","breadcrumb":{"@id":"https:\/\/fireware.nl\/fr\/product\/brad\/#breadcrumb"},"inLanguage":"fr-FR","potentialAction":[{"@type":"ReadAction","target":["https:\/\/fireware.nl\/fr\/product\/brad\/"]}]},{"@type":"ImageObject","inLanguage":"fr-FR","@id":"https:\/\/fireware.nl\/fr\/product\/brad\/#primaryimage","url":"https:\/\/fireware.nl\/wp-content\/uploads\/2019\/01\/018-022-002-BRAD.jpg","contentUrl":"https:\/\/fireware.nl\/wp-content\/uploads\/2019\/01\/018-022-002-BRAD.jpg","width":600,"height":600,"caption":"018-022-002 BRAD"},{"@type":"BreadcrumbList","@id":"https:\/\/fireware.nl\/fr\/product\/brad\/#breadcrumb","itemListElement":[{"@type":"ListItem","position":1,"name":"Home","item":"https:\/\/fireware.nl\/fr\/"},{"@type":"ListItem","position":2,"name":"Produits","item":"https:\/\/fireware.nl\/fr\/produits\/"},{"@type":"ListItem","position":3,"name":"Brad"}]},{"@type":"WebSite","@id":"https:\/\/fireware.nl\/fr\/#website","url":"https:\/\/fireware.nl\/fr\/","name":"FireWare","description":"CREATING REALISTIC  TRAINING ENVIRONMENTS","publisher":{"@id":"https:\/\/fireware.nl\/fr\/#organization"},"potentialAction":[{"@type":"SearchAction","target":{"@type":"EntryPoint","urlTemplate":"https:\/\/fireware.nl\/fr\/?s={search_term_string}"},"query-input":{"@type":"PropertyValueSpecification","valueRequired":true,"valueName":"search_term_string"}}],"inLanguage":"fr-FR"},{"@type":"Organization","@id":"https:\/\/fireware.nl\/fr\/#organization","name":"FireWare","url":"https:\/\/fireware.nl\/fr\/","logo":{"@type":"ImageObject","inLanguage":"fr-FR","@id":"https:\/\/fireware.nl\/fr\/#\/schema\/logo\/image\/","url":"https:\/\/fireware.nl\/wp-content\/uploads\/2018\/10\/FireWare-logo.jpg","contentUrl":"https:\/\/fireware.nl\/wp-content\/uploads\/2018\/10\/FireWare-logo.jpg","width":171,"height":70,"caption":"FireWare"},"image":{"@id":"https:\/\/fireware.nl\/fr\/#\/schema\/logo\/image\/"},"sameAs":["https:\/\/www.facebook.com\/FireWareBV\/","https:\/\/x.com\/FireWarebv","https:\/\/www.instagram.com\/fireware_nl\/","https:\/\/www.linkedin.com\/company\/3586017\/","https:\/\/www.youtube.com\/user\/firesalesrentconsult"]}]}},"publishpress_future_workflow_manual_trigger":{"enabledWorkflows":[]},"_links":{"self":[{"href":"https:\/\/fireware.nl\/fr\/wp-json\/wp\/v2\/product\/19404","targetHints":{"allow":["GET"]}}],"collection":[{"href":"https:\/\/fireware.nl\/fr\/wp-json\/wp\/v2\/product"}],"about":[{"href":"https:\/\/fireware.nl\/fr\/wp-json\/wp\/v2\/types\/product"}],"wp:featuredmedia":[{"embeddable":true,"href":"https:\/\/fireware.nl\/fr\/wp-json\/wp\/v2\/media\/21274"}],"wp:attachment":[{"href":"https:\/\/fireware.nl\/fr\/wp-json\/wp\/v2\/media?parent=19404"}],"wp:term":[{"taxonomy":"product_brand","embeddable":true,"href":"https:\/\/fireware.nl\/fr\/wp-json\/wp\/v2\/product_brand?post=19404"},{"taxonomy":"product_cat","embeddable":true,"href":"https:\/\/fireware.nl\/fr\/wp-json\/wp\/v2\/product_cat?post=19404"},{"taxonomy":"product_tag","embeddable":true,"href":"https:\/\/fireware.nl\/fr\/wp-json\/wp\/v2\/product_tag?post=19404"}],"curies":[{"name":"wp","href":"https:\/\/api.w.org\/{rel}","templated":true}]}}