
{"id":19420,"date":"2019-01-23T12:16:56","date_gmt":"2019-01-23T12:16:56","guid":{"rendered":"http:\/\/fireware.sites.hyperhosting.co\/?post_type=product&#038;p=19420"},"modified":"2022-01-18T09:15:31","modified_gmt":"2022-01-18T09:15:31","slug":"bottes-en-caoutchouc","status":"publish","type":"product","link":"https:\/\/fireware.nl\/fr\/product\/bottes-en-caoutchouc\/","title":{"rendered":"Bottes en Caoutchouc"},"content":{"rendered":"\r\n<h2>Prot\u00e9gez les pieds et les jambes de votre mannequin<\/h2>\r\n<p>Les bottes de votre mannequin sont-elles us\u00e9es ou cass\u00e9es\u00a0? Remettez alors votre mannequin \u00e0 neuf avec une nouvelle paire de bottes. Ces bottes en caoutchouc existent pour presque toutes les tailles des mannequins Adult et Youth de notre gamme.<\/p>\r\n<p>Pendant qu&#8217;on tra\u00eene ces mannequins par terre, ces bottes prot\u00e8gent leurs pieds et jambes. En les rempla\u00e7ant \u00e0 temps, vous prolongez la durabilit\u00e9 de votre mannequin. Les bottes sont fabriqu\u00e9es en caoutchouc solide.<\/p>\r\n<p>Ces bottes en caoutchouc conviennent pour tous les mannequins de taille Youth, \u00e0 l&#8217;exception des <a href=\"https:\/\/fireware.nl\/fr\/categorie-produit\/mannequins\/mannequins-de-secourisme-dans-leau\/\" target=\"_blank\" rel=\"noopener\">Mannequins Sauvetage aquatique<\/a>, <a href=\"https:\/\/fireware.nl\/fr\/categorie-produit\/mannequins\/fire-house-mannequins\/\" target=\"_blank\" rel=\"noopener\">Fire House<\/a> et <a href=\"https:\/\/fireware.nl\/fr\/categorie-produit\/mannequins\/mannequins-dincendie\/\" target=\"_blank\" rel=\"noopener\">Mannequin d&#8217;extinction<\/a>). Pour les <a href=\"https:\/\/fireware.nl\/fr\/produit\/mannequin-soins-des-patients\/\" target=\"_blank\" rel=\"noopener\">mannequins Soins des patients<\/a> et <a href=\"https:\/\/fireware.nl\/fr\/produit\/mannequin-emergency-evacuation\/\" target=\"_blank\" rel=\"noopener\">Emergency Evacuation<\/a> notre gamme pr\u00e9voit des <a href=\"https:\/\/fireware.nl\/fr\/produit\/bottes-souples\/\" target=\"_blank\" rel=\"noopener\">bottes sp\u00e9ciales souples<\/a>.<\/p>\r\n","protected":false},"excerpt":{"rendered":"<ul>\n<li>Prot\u00e9gez les pieds et les jambes de votre mannequin.<\/li>\n<li>Ces bottes en caoutchouc existent pour presque toutes les tailles des mannequins Adult et Youth (\u00e0 l&#8217;exception des Mannequins Sauvetage aquatique, Fire House et Mannequin d&#8217;extinction).<\/li>\n<li>Fabriqu\u00e9es en caoutchouc solide.<\/li>\n<\/ul>\n","protected":false},"featured_media":59832,"template":"","meta":[],"product_brand":[],"product_cat":[2878],"product_tag":[],"class_list":{"0":"post-19420","1":"product","2":"type-product","3":"status-publish","4":"has-post-thumbnail","6":"product_cat-vetements","7":"pa_grootte-adult-fr","8":"pa_grootte-youth-fr","10":"first","11":"instock","12":"taxable","13":"shipping-taxable","14":"purchasable","15":"product-type-variable"},"yoast_head":"<!-- This site is optimized with the Yoast SEO plugin v27.5 - https:\/\/yoast.com\/product\/yoast-seo-wordpress\/ -->\n<title>Bottes en Caoutchouc - FireWare<\/title>\n<meta name=\"robots\" content=\"index, follow, max-snippet:-1, max-image-preview:large, max-video-preview:-1\" \/>\n<link rel=\"canonical\" href=\"https:\/\/fireware.nl\/fr\/product\/bottes-en-caoutchouc\/\" \/>\n<meta property=\"og:locale\" content=\"fr_FR\" \/>\n<meta property=\"og:type\" content=\"article\" \/>\n<meta property=\"og:title\" content=\"Bottes en Caoutchouc - FireWare\" \/>\n<meta property=\"og:description\" content=\"Prot\u00e9gez les pieds et les jambes de votre mannequin. Ces bottes en caoutchouc existent pour presque toutes les tailles des mannequins Adult et Youth (\u00e0 l&#039;exception des Mannequins Sauvetage aquatique, Fire House et Mannequin d&#039;extinction). Fabriqu\u00e9es en caoutchouc solide.\" \/>\n<meta property=\"og:url\" content=\"https:\/\/fireware.nl\/fr\/product\/bottes-en-caoutchouc\/\" \/>\n<meta property=\"og:site_name\" content=\"FireWare\" \/>\n<meta property=\"article:publisher\" content=\"https:\/\/www.facebook.com\/FireWareBV\/\" \/>\n<meta property=\"article:modified_time\" content=\"2022-01-18T09:15:31+00:00\" \/>\n<meta property=\"og:image\" content=\"https:\/\/fireware.nl\/wp-content\/uploads\/2019\/01\/rubbere-laarzen-voor-oefenpop.jpg\" \/>\n\t<meta property=\"og:image:width\" content=\"600\" \/>\n\t<meta property=\"og:image:height\" content=\"600\" \/>\n\t<meta property=\"og:image:type\" content=\"image\/jpeg\" \/>\n<meta name=\"twitter:card\" content=\"summary_large_image\" \/>\n<meta name=\"twitter:site\" content=\"@FireWarebv\" \/>\n<meta name=\"twitter:label1\" content=\"Dur\u00e9e de lecture estim\u00e9e\" \/>\n\t<meta name=\"twitter:data1\" content=\"1 minute\" \/>\n<script type=\"application\/ld+json\" class=\"yoast-schema-graph\">{\"@context\":\"https:\\\/\\\/schema.org\",\"@graph\":[{\"@type\":\"WebPage\",\"@id\":\"https:\\\/\\\/fireware.nl\\\/fr\\\/product\\\/bottes-en-caoutchouc\\\/\",\"url\":\"https:\\\/\\\/fireware.nl\\\/fr\\\/product\\\/bottes-en-caoutchouc\\\/\",\"name\":\"Bottes en Caoutchouc - FireWare\",\"isPartOf\":{\"@id\":\"https:\\\/\\\/fireware.nl\\\/fr\\\/#website\"},\"primaryImageOfPage\":{\"@id\":\"https:\\\/\\\/fireware.nl\\\/fr\\\/product\\\/bottes-en-caoutchouc\\\/#primaryimage\"},\"image\":{\"@id\":\"https:\\\/\\\/fireware.nl\\\/fr\\\/product\\\/bottes-en-caoutchouc\\\/#primaryimage\"},\"thumbnailUrl\":\"https:\\\/\\\/fireware.nl\\\/wp-content\\\/uploads\\\/2019\\\/01\\\/rubbere-laarzen-voor-oefenpop.jpg\",\"datePublished\":\"2019-01-23T12:16:56+00:00\",\"dateModified\":\"2022-01-18T09:15:31+00:00\",\"breadcrumb\":{\"@id\":\"https:\\\/\\\/fireware.nl\\\/fr\\\/product\\\/bottes-en-caoutchouc\\\/#breadcrumb\"},\"inLanguage\":\"fr-FR\",\"potentialAction\":[{\"@type\":\"ReadAction\",\"target\":[\"https:\\\/\\\/fireware.nl\\\/fr\\\/product\\\/bottes-en-caoutchouc\\\/\"]}]},{\"@type\":\"ImageObject\",\"inLanguage\":\"fr-FR\",\"@id\":\"https:\\\/\\\/fireware.nl\\\/fr\\\/product\\\/bottes-en-caoutchouc\\\/#primaryimage\",\"url\":\"https:\\\/\\\/fireware.nl\\\/wp-content\\\/uploads\\\/2019\\\/01\\\/rubbere-laarzen-voor-oefenpop.jpg\",\"contentUrl\":\"https:\\\/\\\/fireware.nl\\\/wp-content\\\/uploads\\\/2019\\\/01\\\/rubbere-laarzen-voor-oefenpop.jpg\",\"width\":600,\"height\":600},{\"@type\":\"BreadcrumbList\",\"@id\":\"https:\\\/\\\/fireware.nl\\\/fr\\\/product\\\/bottes-en-caoutchouc\\\/#breadcrumb\",\"itemListElement\":[{\"@type\":\"ListItem\",\"position\":1,\"name\":\"Home\",\"item\":\"https:\\\/\\\/fireware.nl\\\/fr\\\/\"},{\"@type\":\"ListItem\",\"position\":2,\"name\":\"Produits\",\"item\":\"https:\\\/\\\/fireware.nl\\\/fr\\\/produits\\\/\"},{\"@type\":\"ListItem\",\"position\":3,\"name\":\"Bottes en Caoutchouc\"}]},{\"@type\":\"WebSite\",\"@id\":\"https:\\\/\\\/fireware.nl\\\/fr\\\/#website\",\"url\":\"https:\\\/\\\/fireware.nl\\\/fr\\\/\",\"name\":\"FireWare\",\"description\":\"CREATING REALISTIC  TRAINING ENVIRONMENTS\",\"publisher\":{\"@id\":\"https:\\\/\\\/fireware.nl\\\/fr\\\/#organization\"},\"potentialAction\":[{\"@type\":\"SearchAction\",\"target\":{\"@type\":\"EntryPoint\",\"urlTemplate\":\"https:\\\/\\\/fireware.nl\\\/fr\\\/?s={search_term_string}\"},\"query-input\":{\"@type\":\"PropertyValueSpecification\",\"valueRequired\":true,\"valueName\":\"search_term_string\"}}],\"inLanguage\":\"fr-FR\"},{\"@type\":\"Organization\",\"@id\":\"https:\\\/\\\/fireware.nl\\\/fr\\\/#organization\",\"name\":\"FireWare\",\"url\":\"https:\\\/\\\/fireware.nl\\\/fr\\\/\",\"logo\":{\"@type\":\"ImageObject\",\"inLanguage\":\"fr-FR\",\"@id\":\"https:\\\/\\\/fireware.nl\\\/fr\\\/#\\\/schema\\\/logo\\\/image\\\/\",\"url\":\"https:\\\/\\\/fireware.nl\\\/wp-content\\\/uploads\\\/2018\\\/10\\\/FireWare-logo.jpg\",\"contentUrl\":\"https:\\\/\\\/fireware.nl\\\/wp-content\\\/uploads\\\/2018\\\/10\\\/FireWare-logo.jpg\",\"width\":171,\"height\":70,\"caption\":\"FireWare\"},\"image\":{\"@id\":\"https:\\\/\\\/fireware.nl\\\/fr\\\/#\\\/schema\\\/logo\\\/image\\\/\"},\"sameAs\":[\"https:\\\/\\\/www.facebook.com\\\/FireWareBV\\\/\",\"https:\\\/\\\/x.com\\\/FireWarebv\",\"https:\\\/\\\/www.instagram.com\\\/fireware_nl\\\/\",\"https:\\\/\\\/www.linkedin.com\\\/company\\\/3586017\\\/\",\"https:\\\/\\\/www.youtube.com\\\/user\\\/firesalesrentconsult\"]}]}<\/script>\n<!-- \/ Yoast SEO plugin. -->","yoast_head_json":{"title":"Bottes en Caoutchouc - FireWare","robots":{"index":"index","follow":"follow","max-snippet":"max-snippet:-1","max-image-preview":"max-image-preview:large","max-video-preview":"max-video-preview:-1"},"canonical":"https:\/\/fireware.nl\/fr\/product\/bottes-en-caoutchouc\/","og_locale":"fr_FR","og_type":"article","og_title":"Bottes en Caoutchouc - FireWare","og_description":"Prot\u00e9gez les pieds et les jambes de votre mannequin. Ces bottes en caoutchouc existent pour presque toutes les tailles des mannequins Adult et Youth (\u00e0 l'exception des Mannequins Sauvetage aquatique, Fire House et Mannequin d'extinction). Fabriqu\u00e9es en caoutchouc solide.","og_url":"https:\/\/fireware.nl\/fr\/product\/bottes-en-caoutchouc\/","og_site_name":"FireWare","article_publisher":"https:\/\/www.facebook.com\/FireWareBV\/","article_modified_time":"2022-01-18T09:15:31+00:00","og_image":[{"width":600,"height":600,"url":"https:\/\/fireware.nl\/wp-content\/uploads\/2019\/01\/rubbere-laarzen-voor-oefenpop.jpg","type":"image\/jpeg"}],"twitter_card":"summary_large_image","twitter_site":"@FireWarebv","twitter_misc":{"Dur\u00e9e de lecture estim\u00e9e":"1 minute"},"schema":{"@context":"https:\/\/schema.org","@graph":[{"@type":"WebPage","@id":"https:\/\/fireware.nl\/fr\/product\/bottes-en-caoutchouc\/","url":"https:\/\/fireware.nl\/fr\/product\/bottes-en-caoutchouc\/","name":"Bottes en Caoutchouc - FireWare","isPartOf":{"@id":"https:\/\/fireware.nl\/fr\/#website"},"primaryImageOfPage":{"@id":"https:\/\/fireware.nl\/fr\/product\/bottes-en-caoutchouc\/#primaryimage"},"image":{"@id":"https:\/\/fireware.nl\/fr\/product\/bottes-en-caoutchouc\/#primaryimage"},"thumbnailUrl":"https:\/\/fireware.nl\/wp-content\/uploads\/2019\/01\/rubbere-laarzen-voor-oefenpop.jpg","datePublished":"2019-01-23T12:16:56+00:00","dateModified":"2022-01-18T09:15:31+00:00","breadcrumb":{"@id":"https:\/\/fireware.nl\/fr\/product\/bottes-en-caoutchouc\/#breadcrumb"},"inLanguage":"fr-FR","potentialAction":[{"@type":"ReadAction","target":["https:\/\/fireware.nl\/fr\/product\/bottes-en-caoutchouc\/"]}]},{"@type":"ImageObject","inLanguage":"fr-FR","@id":"https:\/\/fireware.nl\/fr\/product\/bottes-en-caoutchouc\/#primaryimage","url":"https:\/\/fireware.nl\/wp-content\/uploads\/2019\/01\/rubbere-laarzen-voor-oefenpop.jpg","contentUrl":"https:\/\/fireware.nl\/wp-content\/uploads\/2019\/01\/rubbere-laarzen-voor-oefenpop.jpg","width":600,"height":600},{"@type":"BreadcrumbList","@id":"https:\/\/fireware.nl\/fr\/product\/bottes-en-caoutchouc\/#breadcrumb","itemListElement":[{"@type":"ListItem","position":1,"name":"Home","item":"https:\/\/fireware.nl\/fr\/"},{"@type":"ListItem","position":2,"name":"Produits","item":"https:\/\/fireware.nl\/fr\/produits\/"},{"@type":"ListItem","position":3,"name":"Bottes en Caoutchouc"}]},{"@type":"WebSite","@id":"https:\/\/fireware.nl\/fr\/#website","url":"https:\/\/fireware.nl\/fr\/","name":"FireWare","description":"CREATING REALISTIC  TRAINING ENVIRONMENTS","publisher":{"@id":"https:\/\/fireware.nl\/fr\/#organization"},"potentialAction":[{"@type":"SearchAction","target":{"@type":"EntryPoint","urlTemplate":"https:\/\/fireware.nl\/fr\/?s={search_term_string}"},"query-input":{"@type":"PropertyValueSpecification","valueRequired":true,"valueName":"search_term_string"}}],"inLanguage":"fr-FR"},{"@type":"Organization","@id":"https:\/\/fireware.nl\/fr\/#organization","name":"FireWare","url":"https:\/\/fireware.nl\/fr\/","logo":{"@type":"ImageObject","inLanguage":"fr-FR","@id":"https:\/\/fireware.nl\/fr\/#\/schema\/logo\/image\/","url":"https:\/\/fireware.nl\/wp-content\/uploads\/2018\/10\/FireWare-logo.jpg","contentUrl":"https:\/\/fireware.nl\/wp-content\/uploads\/2018\/10\/FireWare-logo.jpg","width":171,"height":70,"caption":"FireWare"},"image":{"@id":"https:\/\/fireware.nl\/fr\/#\/schema\/logo\/image\/"},"sameAs":["https:\/\/www.facebook.com\/FireWareBV\/","https:\/\/x.com\/FireWarebv","https:\/\/www.instagram.com\/fireware_nl\/","https:\/\/www.linkedin.com\/company\/3586017\/","https:\/\/www.youtube.com\/user\/firesalesrentconsult"]}]}},"publishpress_future_workflow_manual_trigger":{"enabledWorkflows":[]},"_links":{"self":[{"href":"https:\/\/fireware.nl\/fr\/wp-json\/wp\/v2\/product\/19420","targetHints":{"allow":["GET"]}}],"collection":[{"href":"https:\/\/fireware.nl\/fr\/wp-json\/wp\/v2\/product"}],"about":[{"href":"https:\/\/fireware.nl\/fr\/wp-json\/wp\/v2\/types\/product"}],"wp:featuredmedia":[{"embeddable":true,"href":"https:\/\/fireware.nl\/fr\/wp-json\/wp\/v2\/media\/59832"}],"wp:attachment":[{"href":"https:\/\/fireware.nl\/fr\/wp-json\/wp\/v2\/media?parent=19420"}],"wp:term":[{"taxonomy":"product_brand","embeddable":true,"href":"https:\/\/fireware.nl\/fr\/wp-json\/wp\/v2\/product_brand?post=19420"},{"taxonomy":"product_cat","embeddable":true,"href":"https:\/\/fireware.nl\/fr\/wp-json\/wp\/v2\/product_cat?post=19420"},{"taxonomy":"product_tag","embeddable":true,"href":"https:\/\/fireware.nl\/fr\/wp-json\/wp\/v2\/product_tag?post=19420"}],"curies":[{"name":"wp","href":"https:\/\/api.w.org\/{rel}","templated":true}]}}