
{"id":19441,"date":"2019-01-23T12:19:40","date_gmt":"2019-01-23T12:19:40","guid":{"rendered":"http:\/\/fireware.sites.hyperhosting.co\/?post_type=product&#038;p=19441"},"modified":"2025-02-21T16:02:08","modified_gmt":"2025-02-21T16:02:08","slug":"mannequin-de-sauvetage-aquatique-piscine","status":"publish","type":"product","link":"https:\/\/fireware.nl\/fr\/product\/mannequin-de-sauvetage-aquatique-piscine\/","title":{"rendered":"Ruth Lee Mannequin de Sauvetage Aquatique Piscine"},"content":{"rendered":"\n\n\t<h2>Manikins d&#8217;entra\u00eenement Ruth Lee<\/h2>\n<p>Les Manikins d&#8217;entra\u00eenement Ruth Lee sont con\u00e7ues pour un entra\u00eenement r\u00e9aliste et efficace. Ces Manikins sont reconnues pour leur durabilit\u00e9 et leur polyvalence, id\u00e9ales pour former les pompiers, les sauveteurs, les services de secours et d&#8217;autres services d&#8217;urgence. Avec les Manikins d&#8217;entra\u00eenement Ruth Lee, vous pouvez simuler des sc\u00e9narios r\u00e9alistes, pr\u00e9parant ainsi les intervenants \u00e0 de vraies situations d&#8217;urgence. La gamme comprend des poup\u00e9es pour une vari\u00e9t\u00e9 de formations et dans diff\u00e9rentes tailles et poids.<\/p>\n<h2>Apprendre toutes les comp\u00e9tences n\u00e9cessaires.<\/h2>\n<p>Le mannequin de sauvetage aquatique piscine est con\u00e7u sp\u00e9cialement pour entra\u00eener des ma\u00eetres nageurs en training de devenir capable de sortir une personne de la piscine sans danger. Le mannequin permet au ma\u00eetre nageur de perfectionner des diverses techniques de tra\u00een\u00e9e et de levage en utilisant qu&#8217;un seul mannequin. Il n&#8217;y aura plus besoin de se servir de plusieurs mannequins ou m\u00eame d&#8217;une victime Lotus.<\/p>\n<p>Le mannequin dispose de bras flexibles qui peuvent \u00eatre man\u0153uvr\u00e9s en position debout. Ainsi, les ma\u00eetres nageurs peuvent se servir de techniques de levage correctes pour sortir la victime de l&#8217;eau.<\/p>\n<h2>Regarder la vid\u00e9o<\/h2>\n\t<iframe loading=\"lazy\" width=\"560\" height=\"315\" src=\"https:\/\/www.youtube.com\/embed\/WSVKxD7y5RI\" frameborder=\"0\" allow=\"accelerometer; autoplay; encrypted-media; gyroscope; picture-in-picture\" allowfullscreen><\/iframe>\n\n","protected":false},"excerpt":{"rendered":"<ul>\n<li>Capacit\u00e9 flottante r\u00e9aliste<\/li>\n<li>Le mannequin immerge, mais flottera suffisamment pour \u00eatre tra\u00een\u00e9e assez facilement<\/li>\n<li>Une sensation d\u2019une personne \u201cinconsciente\u201d dans l\u2019eau.<\/li>\n<li>L\u2019application de maille assure une bonne ventilation et une \u00e9vacuation d\u2019eau rapide d\u00e8s que le mannequin soit sorti de l\u2019eau<\/li>\n<li>Mat\u00e9riel innovateur, encore 4 fois plus fort que la toile d\u2019auparavant ou les bodies en PVC.<\/li>\n<\/ul>\n","protected":false},"featured_media":37706,"template":"","meta":[],"product_brand":[],"product_cat":[113],"product_tag":[],"class_list":{"0":"post-19441","1":"product","2":"type-product","3":"status-publish","4":"has-post-thumbnail","6":"product_cat-mannequins-de-secourisme-dans-leau","7":"pa_gewicht-lengte-adult-30kg-1-60m-fr","8":"pa_gewicht-lengte-junior-16kg-1-15m-fr","10":"first","11":"instock","12":"taxable","13":"shipping-taxable","14":"purchasable","15":"product-type-variable"},"yoast_head":"<!-- This site is optimized with the Yoast SEO plugin v27.5 - https:\/\/yoast.com\/product\/yoast-seo-wordpress\/ -->\n<title>Ruth Lee Mannequin de Sauvetage Aquatique Piscine - FireWare<\/title>\n<meta name=\"robots\" content=\"index, follow, max-snippet:-1, max-image-preview:large, max-video-preview:-1\" \/>\n<link rel=\"canonical\" href=\"https:\/\/fireware.nl\/fr\/product\/mannequin-de-sauvetage-aquatique-piscine\/\" \/>\n<meta property=\"og:locale\" content=\"fr_FR\" \/>\n<meta property=\"og:type\" content=\"article\" \/>\n<meta property=\"og:title\" content=\"Ruth Lee Mannequin de Sauvetage Aquatique Piscine - FireWare\" \/>\n<meta property=\"og:description\" content=\"Capacit\u00e9 flottante r\u00e9aliste Le mannequin immerge, mais flottera suffisamment pour \u00eatre tra\u00een\u00e9e assez facilement Une sensation d\u2019une personne \u201cinconsciente\u201d dans l\u2019eau. L\u2019application de maille assure une bonne ventilation et une \u00e9vacuation d\u2019eau rapide d\u00e8s que le mannequin soit sorti de l\u2019eau Mat\u00e9riel innovateur, encore 4 fois plus fort que la toile d\u2019auparavant ou les bodies en PVC.\" \/>\n<meta property=\"og:url\" content=\"https:\/\/fireware.nl\/fr\/product\/mannequin-de-sauvetage-aquatique-piscine\/\" \/>\n<meta property=\"og:site_name\" content=\"FireWare\" \/>\n<meta property=\"article:publisher\" content=\"https:\/\/www.facebook.com\/FireWareBV\/\" \/>\n<meta property=\"article:modified_time\" content=\"2025-02-21T16:02:08+00:00\" \/>\n<meta property=\"og:image\" content=\"https:\/\/fireware.nl\/wp-content\/uploads\/2019\/01\/Pool-rescue-manikin.jpg\" \/>\n\t<meta property=\"og:image:width\" content=\"600\" \/>\n\t<meta property=\"og:image:height\" content=\"600\" \/>\n\t<meta property=\"og:image:type\" content=\"image\/jpeg\" \/>\n<meta name=\"twitter:card\" content=\"summary_large_image\" \/>\n<meta name=\"twitter:site\" content=\"@FireWarebv\" \/>\n<meta name=\"twitter:label1\" content=\"Dur\u00e9e de lecture estim\u00e9e\" \/>\n\t<meta name=\"twitter:data1\" content=\"2 minutes\" \/>\n<script type=\"application\/ld+json\" class=\"yoast-schema-graph\">{\"@context\":\"https:\\\/\\\/schema.org\",\"@graph\":[{\"@type\":\"WebPage\",\"@id\":\"https:\\\/\\\/fireware.nl\\\/fr\\\/product\\\/mannequin-de-sauvetage-aquatique-piscine\\\/\",\"url\":\"https:\\\/\\\/fireware.nl\\\/fr\\\/product\\\/mannequin-de-sauvetage-aquatique-piscine\\\/\",\"name\":\"Ruth Lee Mannequin de Sauvetage Aquatique Piscine - FireWare\",\"isPartOf\":{\"@id\":\"https:\\\/\\\/fireware.nl\\\/fr\\\/#website\"},\"primaryImageOfPage\":{\"@id\":\"https:\\\/\\\/fireware.nl\\\/fr\\\/product\\\/mannequin-de-sauvetage-aquatique-piscine\\\/#primaryimage\"},\"image\":{\"@id\":\"https:\\\/\\\/fireware.nl\\\/fr\\\/product\\\/mannequin-de-sauvetage-aquatique-piscine\\\/#primaryimage\"},\"thumbnailUrl\":\"https:\\\/\\\/fireware.nl\\\/wp-content\\\/uploads\\\/2019\\\/01\\\/Pool-rescue-manikin.jpg\",\"datePublished\":\"2019-01-23T12:19:40+00:00\",\"dateModified\":\"2025-02-21T16:02:08+00:00\",\"breadcrumb\":{\"@id\":\"https:\\\/\\\/fireware.nl\\\/fr\\\/product\\\/mannequin-de-sauvetage-aquatique-piscine\\\/#breadcrumb\"},\"inLanguage\":\"fr-FR\",\"potentialAction\":[{\"@type\":\"ReadAction\",\"target\":[\"https:\\\/\\\/fireware.nl\\\/fr\\\/product\\\/mannequin-de-sauvetage-aquatique-piscine\\\/\"]}]},{\"@type\":\"ImageObject\",\"inLanguage\":\"fr-FR\",\"@id\":\"https:\\\/\\\/fireware.nl\\\/fr\\\/product\\\/mannequin-de-sauvetage-aquatique-piscine\\\/#primaryimage\",\"url\":\"https:\\\/\\\/fireware.nl\\\/wp-content\\\/uploads\\\/2019\\\/01\\\/Pool-rescue-manikin.jpg\",\"contentUrl\":\"https:\\\/\\\/fireware.nl\\\/wp-content\\\/uploads\\\/2019\\\/01\\\/Pool-rescue-manikin.jpg\",\"width\":600,\"height\":600},{\"@type\":\"BreadcrumbList\",\"@id\":\"https:\\\/\\\/fireware.nl\\\/fr\\\/product\\\/mannequin-de-sauvetage-aquatique-piscine\\\/#breadcrumb\",\"itemListElement\":[{\"@type\":\"ListItem\",\"position\":1,\"name\":\"Home\",\"item\":\"https:\\\/\\\/fireware.nl\\\/fr\\\/\"},{\"@type\":\"ListItem\",\"position\":2,\"name\":\"Produits\",\"item\":\"https:\\\/\\\/fireware.nl\\\/fr\\\/produits\\\/\"},{\"@type\":\"ListItem\",\"position\":3,\"name\":\"Ruth Lee Mannequin de Sauvetage Aquatique Piscine\"}]},{\"@type\":\"WebSite\",\"@id\":\"https:\\\/\\\/fireware.nl\\\/fr\\\/#website\",\"url\":\"https:\\\/\\\/fireware.nl\\\/fr\\\/\",\"name\":\"FireWare\",\"description\":\"CREATING REALISTIC  TRAINING ENVIRONMENTS\",\"publisher\":{\"@id\":\"https:\\\/\\\/fireware.nl\\\/fr\\\/#organization\"},\"potentialAction\":[{\"@type\":\"SearchAction\",\"target\":{\"@type\":\"EntryPoint\",\"urlTemplate\":\"https:\\\/\\\/fireware.nl\\\/fr\\\/?s={search_term_string}\"},\"query-input\":{\"@type\":\"PropertyValueSpecification\",\"valueRequired\":true,\"valueName\":\"search_term_string\"}}],\"inLanguage\":\"fr-FR\"},{\"@type\":\"Organization\",\"@id\":\"https:\\\/\\\/fireware.nl\\\/fr\\\/#organization\",\"name\":\"FireWare\",\"url\":\"https:\\\/\\\/fireware.nl\\\/fr\\\/\",\"logo\":{\"@type\":\"ImageObject\",\"inLanguage\":\"fr-FR\",\"@id\":\"https:\\\/\\\/fireware.nl\\\/fr\\\/#\\\/schema\\\/logo\\\/image\\\/\",\"url\":\"https:\\\/\\\/fireware.nl\\\/wp-content\\\/uploads\\\/2018\\\/10\\\/FireWare-logo.jpg\",\"contentUrl\":\"https:\\\/\\\/fireware.nl\\\/wp-content\\\/uploads\\\/2018\\\/10\\\/FireWare-logo.jpg\",\"width\":171,\"height\":70,\"caption\":\"FireWare\"},\"image\":{\"@id\":\"https:\\\/\\\/fireware.nl\\\/fr\\\/#\\\/schema\\\/logo\\\/image\\\/\"},\"sameAs\":[\"https:\\\/\\\/www.facebook.com\\\/FireWareBV\\\/\",\"https:\\\/\\\/x.com\\\/FireWarebv\",\"https:\\\/\\\/www.instagram.com\\\/fireware_nl\\\/\",\"https:\\\/\\\/www.linkedin.com\\\/company\\\/3586017\\\/\",\"https:\\\/\\\/www.youtube.com\\\/user\\\/firesalesrentconsult\"]}]}<\/script>\n<!-- \/ Yoast SEO plugin. -->","yoast_head_json":{"title":"Ruth Lee Mannequin de Sauvetage Aquatique Piscine - FireWare","robots":{"index":"index","follow":"follow","max-snippet":"max-snippet:-1","max-image-preview":"max-image-preview:large","max-video-preview":"max-video-preview:-1"},"canonical":"https:\/\/fireware.nl\/fr\/product\/mannequin-de-sauvetage-aquatique-piscine\/","og_locale":"fr_FR","og_type":"article","og_title":"Ruth Lee Mannequin de Sauvetage Aquatique Piscine - FireWare","og_description":"Capacit\u00e9 flottante r\u00e9aliste Le mannequin immerge, mais flottera suffisamment pour \u00eatre tra\u00een\u00e9e assez facilement Une sensation d\u2019une personne \u201cinconsciente\u201d dans l\u2019eau. L\u2019application de maille assure une bonne ventilation et une \u00e9vacuation d\u2019eau rapide d\u00e8s que le mannequin soit sorti de l\u2019eau Mat\u00e9riel innovateur, encore 4 fois plus fort que la toile d\u2019auparavant ou les bodies en PVC.","og_url":"https:\/\/fireware.nl\/fr\/product\/mannequin-de-sauvetage-aquatique-piscine\/","og_site_name":"FireWare","article_publisher":"https:\/\/www.facebook.com\/FireWareBV\/","article_modified_time":"2025-02-21T16:02:08+00:00","og_image":[{"width":600,"height":600,"url":"https:\/\/fireware.nl\/wp-content\/uploads\/2019\/01\/Pool-rescue-manikin.jpg","type":"image\/jpeg"}],"twitter_card":"summary_large_image","twitter_site":"@FireWarebv","twitter_misc":{"Dur\u00e9e de lecture estim\u00e9e":"2 minutes"},"schema":{"@context":"https:\/\/schema.org","@graph":[{"@type":"WebPage","@id":"https:\/\/fireware.nl\/fr\/product\/mannequin-de-sauvetage-aquatique-piscine\/","url":"https:\/\/fireware.nl\/fr\/product\/mannequin-de-sauvetage-aquatique-piscine\/","name":"Ruth Lee Mannequin de Sauvetage Aquatique Piscine - FireWare","isPartOf":{"@id":"https:\/\/fireware.nl\/fr\/#website"},"primaryImageOfPage":{"@id":"https:\/\/fireware.nl\/fr\/product\/mannequin-de-sauvetage-aquatique-piscine\/#primaryimage"},"image":{"@id":"https:\/\/fireware.nl\/fr\/product\/mannequin-de-sauvetage-aquatique-piscine\/#primaryimage"},"thumbnailUrl":"https:\/\/fireware.nl\/wp-content\/uploads\/2019\/01\/Pool-rescue-manikin.jpg","datePublished":"2019-01-23T12:19:40+00:00","dateModified":"2025-02-21T16:02:08+00:00","breadcrumb":{"@id":"https:\/\/fireware.nl\/fr\/product\/mannequin-de-sauvetage-aquatique-piscine\/#breadcrumb"},"inLanguage":"fr-FR","potentialAction":[{"@type":"ReadAction","target":["https:\/\/fireware.nl\/fr\/product\/mannequin-de-sauvetage-aquatique-piscine\/"]}]},{"@type":"ImageObject","inLanguage":"fr-FR","@id":"https:\/\/fireware.nl\/fr\/product\/mannequin-de-sauvetage-aquatique-piscine\/#primaryimage","url":"https:\/\/fireware.nl\/wp-content\/uploads\/2019\/01\/Pool-rescue-manikin.jpg","contentUrl":"https:\/\/fireware.nl\/wp-content\/uploads\/2019\/01\/Pool-rescue-manikin.jpg","width":600,"height":600},{"@type":"BreadcrumbList","@id":"https:\/\/fireware.nl\/fr\/product\/mannequin-de-sauvetage-aquatique-piscine\/#breadcrumb","itemListElement":[{"@type":"ListItem","position":1,"name":"Home","item":"https:\/\/fireware.nl\/fr\/"},{"@type":"ListItem","position":2,"name":"Produits","item":"https:\/\/fireware.nl\/fr\/produits\/"},{"@type":"ListItem","position":3,"name":"Ruth Lee Mannequin de Sauvetage Aquatique Piscine"}]},{"@type":"WebSite","@id":"https:\/\/fireware.nl\/fr\/#website","url":"https:\/\/fireware.nl\/fr\/","name":"FireWare","description":"CREATING REALISTIC  TRAINING ENVIRONMENTS","publisher":{"@id":"https:\/\/fireware.nl\/fr\/#organization"},"potentialAction":[{"@type":"SearchAction","target":{"@type":"EntryPoint","urlTemplate":"https:\/\/fireware.nl\/fr\/?s={search_term_string}"},"query-input":{"@type":"PropertyValueSpecification","valueRequired":true,"valueName":"search_term_string"}}],"inLanguage":"fr-FR"},{"@type":"Organization","@id":"https:\/\/fireware.nl\/fr\/#organization","name":"FireWare","url":"https:\/\/fireware.nl\/fr\/","logo":{"@type":"ImageObject","inLanguage":"fr-FR","@id":"https:\/\/fireware.nl\/fr\/#\/schema\/logo\/image\/","url":"https:\/\/fireware.nl\/wp-content\/uploads\/2018\/10\/FireWare-logo.jpg","contentUrl":"https:\/\/fireware.nl\/wp-content\/uploads\/2018\/10\/FireWare-logo.jpg","width":171,"height":70,"caption":"FireWare"},"image":{"@id":"https:\/\/fireware.nl\/fr\/#\/schema\/logo\/image\/"},"sameAs":["https:\/\/www.facebook.com\/FireWareBV\/","https:\/\/x.com\/FireWarebv","https:\/\/www.instagram.com\/fireware_nl\/","https:\/\/www.linkedin.com\/company\/3586017\/","https:\/\/www.youtube.com\/user\/firesalesrentconsult"]}]}},"publishpress_future_workflow_manual_trigger":{"enabledWorkflows":[]},"_links":{"self":[{"href":"https:\/\/fireware.nl\/fr\/wp-json\/wp\/v2\/product\/19441","targetHints":{"allow":["GET"]}}],"collection":[{"href":"https:\/\/fireware.nl\/fr\/wp-json\/wp\/v2\/product"}],"about":[{"href":"https:\/\/fireware.nl\/fr\/wp-json\/wp\/v2\/types\/product"}],"wp:featuredmedia":[{"embeddable":true,"href":"https:\/\/fireware.nl\/fr\/wp-json\/wp\/v2\/media\/37706"}],"wp:attachment":[{"href":"https:\/\/fireware.nl\/fr\/wp-json\/wp\/v2\/media?parent=19441"}],"wp:term":[{"taxonomy":"product_brand","embeddable":true,"href":"https:\/\/fireware.nl\/fr\/wp-json\/wp\/v2\/product_brand?post=19441"},{"taxonomy":"product_cat","embeddable":true,"href":"https:\/\/fireware.nl\/fr\/wp-json\/wp\/v2\/product_cat?post=19441"},{"taxonomy":"product_tag","embeddable":true,"href":"https:\/\/fireware.nl\/fr\/wp-json\/wp\/v2\/product_tag?post=19441"}],"curies":[{"name":"wp","href":"https:\/\/api.w.org\/{rel}","templated":true}]}}