
{"id":19446,"date":"2019-01-23T12:19:18","date_gmt":"2019-01-23T12:19:18","guid":{"rendered":"http:\/\/fireware.sites.hyperhosting.co\/?post_type=product&#038;p=19446"},"modified":"2025-05-21T12:50:26","modified_gmt":"2025-05-21T12:50:26","slug":"offshore-mannequin-60-kg-180-cm","status":"publish","type":"product","link":"https:\/\/fireware.nl\/fr\/product\/offshore-mannequin-60-kg-180-cm\/","title":{"rendered":"Ruth Lee Offshore Mannequin 60 kg \/ 180 cm"},"content":{"rendered":"<h2>Mannequins d\u2019Entra\u00eenement Ruth Lee<\/h2>\n<p>Les mannequins d&#8217;entra\u00eenement Ruth Lee sont con\u00e7us pour une formation r\u00e9aliste et efficace. Ces mannequins sont r\u00e9put\u00e9s pour leur durabilit\u00e9 et leur polyvalence, id\u00e9aux pour la formation des pompiers, des secouristes, des services de sauvetage et autres \u00e9quipes d\u2019intervention. Avec les mannequins Ruth Lee, il est possible de simuler des sc\u00e9narios r\u00e9alistes, permettant ainsi aux sauveteurs d\u2019\u00eatre mieux pr\u00e9par\u00e9s aux situations d\u2019urgence r\u00e9elles. La gamme comprend des mannequins adapt\u00e9s \u00e0 divers types d&#8217;entra\u00eenement et disponibles en diff\u00e9rentes tailles et poids.<\/p>\n<h2>Sp\u00e9cialement con\u00e7u pour les exercices de sauvetage en milieu maritime<\/h2>\n<p>Le mannequin d\u2019entra\u00eenement Offshore a \u00e9t\u00e9 sp\u00e9cialement con\u00e7u pour les exercices de sauvetage en milieu maritime. Il est id\u00e9al pour des sc\u00e9narios sur des plateformes p\u00e9troli\u00e8res, des parcs \u00e9oliens offshore ou pour simuler des accidents lors du transport de passagers par h\u00e9licopt\u00e8re ou bateau. Ce mannequin hybride tr\u00e8s polyvalent peut \u00eatre utilis\u00e9 pour le remorquage, les sauvetages en hauteur et m\u00eame, de mani\u00e8re limit\u00e9e, en eau libre.<\/p>\n<p>Le corps est fabriqu\u00e9 en tissu maill\u00e9 en nylon, ce qui lui permet d\u2019\u00eatre utilis\u00e9 dans l\u2019eau. Seule la t\u00eate reste au-dessus de l\u2019eau. Toutefois, il est recommand\u00e9 de lui mettre un gilet de sauvetage, car les mannequins &#8220;Homme \u00e0 la mer&#8221; ont une flottabilit\u00e9 plus \u00e9lev\u00e9e en eau libre que ce mod\u00e8le. Son poids \u00e0 sec est d\u2019environ 60 kg, pouvant atteindre environ 95 kg lorsqu\u2019il est compl\u00e8tement satur\u00e9 d\u2019eau.<\/p>\n<p>Le mannequin Offshore est facilement manipulable et adapt\u00e9 aux sauvetages en hauteur avec un harnais. Il porte une combinaison robuste et rempla\u00e7able. Les mannequins d\u2019entra\u00eenement sont \u00e9quip\u00e9s de bottes en caoutchouc solides, qui peuvent \u00eatre remplac\u00e9es en cas de d\u00e9t\u00e9rioration. Ce mannequin Offshore poss\u00e8de un rapport r\u00e9aliste entre la taille et le poids.<\/p>\n","protected":false},"excerpt":{"rendered":"<ul>\n<li>Extr\u00eamement robuste.<\/li>\n<li>Pour une vari\u00e9t\u00e9 d\u2019excercices d\u2019assistance, de pompiers \u00e0 le soins, mais aussie pour la formation des mati\u00e8res dangereuses\/NRBC.<\/li>\n<li>Muni de bottes en caoutchouc robustes.<\/li>\n<li>Se manie de fa\u00e7on tr\u00e8s r\u00e9aliste, il semble une personne inconsciente.<\/li>\n<\/ul>\n","protected":false},"featured_media":60573,"template":"","meta":[],"product_brand":[],"product_cat":[209,113],"product_tag":[],"class_list":{"0":"post-19446","1":"product","2":"type-product","3":"status-publish","4":"has-post-thumbnail","6":"product_cat-mannequins-de-la-assistance-technique","7":"product_cat-mannequins-de-secourisme-dans-leau","8":"pa_gewicht-lengte-60-kg-180-cm-fr","10":"first","11":"instock","12":"taxable","13":"shipping-taxable","14":"purchasable","15":"product-type-simple"},"yoast_head":"<!-- This site is optimized with the Yoast SEO plugin v27.5 - https:\/\/yoast.com\/product\/yoast-seo-wordpress\/ -->\n<title>Ruth Lee Offshore Mannequin 60 kg \/ 180 cm - FireWare<\/title>\n<meta name=\"robots\" content=\"index, follow, max-snippet:-1, max-image-preview:large, max-video-preview:-1\" \/>\n<link rel=\"canonical\" href=\"https:\/\/fireware.nl\/fr\/product\/offshore-mannequin-60-kg-180-cm\/\" \/>\n<meta property=\"og:locale\" content=\"fr_FR\" \/>\n<meta property=\"og:type\" content=\"article\" \/>\n<meta property=\"og:title\" content=\"Ruth Lee Offshore Mannequin 60 kg \/ 180 cm - FireWare\" \/>\n<meta property=\"og:description\" content=\"Extr\u00eamement robuste.  Pour une vari\u00e9t\u00e9 d\u2019excercices d\u2019assistance, de pompiers \u00e0 le soins, mais aussie pour la formation des mati\u00e8res dangereuses\/NRBC.  Muni de bottes en caoutchouc robustes.  Se manie de fa\u00e7on tr\u00e8s r\u00e9aliste, il semble une personne inconsciente.\" \/>\n<meta property=\"og:url\" content=\"https:\/\/fireware.nl\/fr\/product\/offshore-mannequin-60-kg-180-cm\/\" \/>\n<meta property=\"og:site_name\" content=\"FireWare\" \/>\n<meta property=\"article:publisher\" content=\"https:\/\/www.facebook.com\/FireWareBV\/\" \/>\n<meta property=\"article:modified_time\" content=\"2025-05-21T12:50:26+00:00\" \/>\n<meta property=\"og:image\" content=\"https:\/\/fireware.nl\/wp-content\/uploads\/2019\/01\/017-043-061-Offshore-manikin-1.jpg\" \/>\n\t<meta property=\"og:image:width\" content=\"600\" \/>\n\t<meta property=\"og:image:height\" content=\"600\" \/>\n\t<meta property=\"og:image:type\" content=\"image\/jpeg\" \/>\n<meta name=\"twitter:card\" content=\"summary_large_image\" \/>\n<meta name=\"twitter:site\" content=\"@FireWarebv\" \/>\n<meta name=\"twitter:label1\" content=\"Dur\u00e9e de lecture estim\u00e9e\" \/>\n\t<meta name=\"twitter:data1\" content=\"2 minutes\" \/>\n<script type=\"application\/ld+json\" class=\"yoast-schema-graph\">{\"@context\":\"https:\\\/\\\/schema.org\",\"@graph\":[{\"@type\":\"WebPage\",\"@id\":\"https:\\\/\\\/fireware.nl\\\/fr\\\/product\\\/offshore-mannequin-60-kg-180-cm\\\/\",\"url\":\"https:\\\/\\\/fireware.nl\\\/fr\\\/product\\\/offshore-mannequin-60-kg-180-cm\\\/\",\"name\":\"Ruth Lee Offshore Mannequin 60 kg \\\/ 180 cm - FireWare\",\"isPartOf\":{\"@id\":\"https:\\\/\\\/fireware.nl\\\/fr\\\/#website\"},\"primaryImageOfPage\":{\"@id\":\"https:\\\/\\\/fireware.nl\\\/fr\\\/product\\\/offshore-mannequin-60-kg-180-cm\\\/#primaryimage\"},\"image\":{\"@id\":\"https:\\\/\\\/fireware.nl\\\/fr\\\/product\\\/offshore-mannequin-60-kg-180-cm\\\/#primaryimage\"},\"thumbnailUrl\":\"https:\\\/\\\/fireware.nl\\\/wp-content\\\/uploads\\\/2019\\\/01\\\/017-043-061-Offshore-manikin-1.jpg\",\"datePublished\":\"2019-01-23T12:19:18+00:00\",\"dateModified\":\"2025-05-21T12:50:26+00:00\",\"breadcrumb\":{\"@id\":\"https:\\\/\\\/fireware.nl\\\/fr\\\/product\\\/offshore-mannequin-60-kg-180-cm\\\/#breadcrumb\"},\"inLanguage\":\"fr-FR\",\"potentialAction\":[{\"@type\":\"ReadAction\",\"target\":[\"https:\\\/\\\/fireware.nl\\\/fr\\\/product\\\/offshore-mannequin-60-kg-180-cm\\\/\"]}]},{\"@type\":\"ImageObject\",\"inLanguage\":\"fr-FR\",\"@id\":\"https:\\\/\\\/fireware.nl\\\/fr\\\/product\\\/offshore-mannequin-60-kg-180-cm\\\/#primaryimage\",\"url\":\"https:\\\/\\\/fireware.nl\\\/wp-content\\\/uploads\\\/2019\\\/01\\\/017-043-061-Offshore-manikin-1.jpg\",\"contentUrl\":\"https:\\\/\\\/fireware.nl\\\/wp-content\\\/uploads\\\/2019\\\/01\\\/017-043-061-Offshore-manikin-1.jpg\",\"width\":600,\"height\":600},{\"@type\":\"BreadcrumbList\",\"@id\":\"https:\\\/\\\/fireware.nl\\\/fr\\\/product\\\/offshore-mannequin-60-kg-180-cm\\\/#breadcrumb\",\"itemListElement\":[{\"@type\":\"ListItem\",\"position\":1,\"name\":\"Home\",\"item\":\"https:\\\/\\\/fireware.nl\\\/fr\\\/\"},{\"@type\":\"ListItem\",\"position\":2,\"name\":\"Produits\",\"item\":\"https:\\\/\\\/fireware.nl\\\/fr\\\/produits\\\/\"},{\"@type\":\"ListItem\",\"position\":3,\"name\":\"Ruth Lee Offshore Mannequin 60 kg \\\/ 180 cm\"}]},{\"@type\":\"WebSite\",\"@id\":\"https:\\\/\\\/fireware.nl\\\/fr\\\/#website\",\"url\":\"https:\\\/\\\/fireware.nl\\\/fr\\\/\",\"name\":\"FireWare\",\"description\":\"CREATING REALISTIC  TRAINING ENVIRONMENTS\",\"publisher\":{\"@id\":\"https:\\\/\\\/fireware.nl\\\/fr\\\/#organization\"},\"potentialAction\":[{\"@type\":\"SearchAction\",\"target\":{\"@type\":\"EntryPoint\",\"urlTemplate\":\"https:\\\/\\\/fireware.nl\\\/fr\\\/?s={search_term_string}\"},\"query-input\":{\"@type\":\"PropertyValueSpecification\",\"valueRequired\":true,\"valueName\":\"search_term_string\"}}],\"inLanguage\":\"fr-FR\"},{\"@type\":\"Organization\",\"@id\":\"https:\\\/\\\/fireware.nl\\\/fr\\\/#organization\",\"name\":\"FireWare\",\"url\":\"https:\\\/\\\/fireware.nl\\\/fr\\\/\",\"logo\":{\"@type\":\"ImageObject\",\"inLanguage\":\"fr-FR\",\"@id\":\"https:\\\/\\\/fireware.nl\\\/fr\\\/#\\\/schema\\\/logo\\\/image\\\/\",\"url\":\"https:\\\/\\\/fireware.nl\\\/wp-content\\\/uploads\\\/2018\\\/10\\\/FireWare-logo.jpg\",\"contentUrl\":\"https:\\\/\\\/fireware.nl\\\/wp-content\\\/uploads\\\/2018\\\/10\\\/FireWare-logo.jpg\",\"width\":171,\"height\":70,\"caption\":\"FireWare\"},\"image\":{\"@id\":\"https:\\\/\\\/fireware.nl\\\/fr\\\/#\\\/schema\\\/logo\\\/image\\\/\"},\"sameAs\":[\"https:\\\/\\\/www.facebook.com\\\/FireWareBV\\\/\",\"https:\\\/\\\/x.com\\\/FireWarebv\",\"https:\\\/\\\/www.instagram.com\\\/fireware_nl\\\/\",\"https:\\\/\\\/www.linkedin.com\\\/company\\\/3586017\\\/\",\"https:\\\/\\\/www.youtube.com\\\/user\\\/firesalesrentconsult\"]}]}<\/script>\n<!-- \/ Yoast SEO plugin. -->","yoast_head_json":{"title":"Ruth Lee Offshore Mannequin 60 kg \/ 180 cm - FireWare","robots":{"index":"index","follow":"follow","max-snippet":"max-snippet:-1","max-image-preview":"max-image-preview:large","max-video-preview":"max-video-preview:-1"},"canonical":"https:\/\/fireware.nl\/fr\/product\/offshore-mannequin-60-kg-180-cm\/","og_locale":"fr_FR","og_type":"article","og_title":"Ruth Lee Offshore Mannequin 60 kg \/ 180 cm - FireWare","og_description":"Extr\u00eamement robuste.  Pour une vari\u00e9t\u00e9 d\u2019excercices d\u2019assistance, de pompiers \u00e0 le soins, mais aussie pour la formation des mati\u00e8res dangereuses\/NRBC.  Muni de bottes en caoutchouc robustes.  Se manie de fa\u00e7on tr\u00e8s r\u00e9aliste, il semble une personne inconsciente.","og_url":"https:\/\/fireware.nl\/fr\/product\/offshore-mannequin-60-kg-180-cm\/","og_site_name":"FireWare","article_publisher":"https:\/\/www.facebook.com\/FireWareBV\/","article_modified_time":"2025-05-21T12:50:26+00:00","og_image":[{"width":600,"height":600,"url":"https:\/\/fireware.nl\/wp-content\/uploads\/2019\/01\/017-043-061-Offshore-manikin-1.jpg","type":"image\/jpeg"}],"twitter_card":"summary_large_image","twitter_site":"@FireWarebv","twitter_misc":{"Dur\u00e9e de lecture estim\u00e9e":"2 minutes"},"schema":{"@context":"https:\/\/schema.org","@graph":[{"@type":"WebPage","@id":"https:\/\/fireware.nl\/fr\/product\/offshore-mannequin-60-kg-180-cm\/","url":"https:\/\/fireware.nl\/fr\/product\/offshore-mannequin-60-kg-180-cm\/","name":"Ruth Lee Offshore Mannequin 60 kg \/ 180 cm - FireWare","isPartOf":{"@id":"https:\/\/fireware.nl\/fr\/#website"},"primaryImageOfPage":{"@id":"https:\/\/fireware.nl\/fr\/product\/offshore-mannequin-60-kg-180-cm\/#primaryimage"},"image":{"@id":"https:\/\/fireware.nl\/fr\/product\/offshore-mannequin-60-kg-180-cm\/#primaryimage"},"thumbnailUrl":"https:\/\/fireware.nl\/wp-content\/uploads\/2019\/01\/017-043-061-Offshore-manikin-1.jpg","datePublished":"2019-01-23T12:19:18+00:00","dateModified":"2025-05-21T12:50:26+00:00","breadcrumb":{"@id":"https:\/\/fireware.nl\/fr\/product\/offshore-mannequin-60-kg-180-cm\/#breadcrumb"},"inLanguage":"fr-FR","potentialAction":[{"@type":"ReadAction","target":["https:\/\/fireware.nl\/fr\/product\/offshore-mannequin-60-kg-180-cm\/"]}]},{"@type":"ImageObject","inLanguage":"fr-FR","@id":"https:\/\/fireware.nl\/fr\/product\/offshore-mannequin-60-kg-180-cm\/#primaryimage","url":"https:\/\/fireware.nl\/wp-content\/uploads\/2019\/01\/017-043-061-Offshore-manikin-1.jpg","contentUrl":"https:\/\/fireware.nl\/wp-content\/uploads\/2019\/01\/017-043-061-Offshore-manikin-1.jpg","width":600,"height":600},{"@type":"BreadcrumbList","@id":"https:\/\/fireware.nl\/fr\/product\/offshore-mannequin-60-kg-180-cm\/#breadcrumb","itemListElement":[{"@type":"ListItem","position":1,"name":"Home","item":"https:\/\/fireware.nl\/fr\/"},{"@type":"ListItem","position":2,"name":"Produits","item":"https:\/\/fireware.nl\/fr\/produits\/"},{"@type":"ListItem","position":3,"name":"Ruth Lee Offshore Mannequin 60 kg \/ 180 cm"}]},{"@type":"WebSite","@id":"https:\/\/fireware.nl\/fr\/#website","url":"https:\/\/fireware.nl\/fr\/","name":"FireWare","description":"CREATING REALISTIC  TRAINING ENVIRONMENTS","publisher":{"@id":"https:\/\/fireware.nl\/fr\/#organization"},"potentialAction":[{"@type":"SearchAction","target":{"@type":"EntryPoint","urlTemplate":"https:\/\/fireware.nl\/fr\/?s={search_term_string}"},"query-input":{"@type":"PropertyValueSpecification","valueRequired":true,"valueName":"search_term_string"}}],"inLanguage":"fr-FR"},{"@type":"Organization","@id":"https:\/\/fireware.nl\/fr\/#organization","name":"FireWare","url":"https:\/\/fireware.nl\/fr\/","logo":{"@type":"ImageObject","inLanguage":"fr-FR","@id":"https:\/\/fireware.nl\/fr\/#\/schema\/logo\/image\/","url":"https:\/\/fireware.nl\/wp-content\/uploads\/2018\/10\/FireWare-logo.jpg","contentUrl":"https:\/\/fireware.nl\/wp-content\/uploads\/2018\/10\/FireWare-logo.jpg","width":171,"height":70,"caption":"FireWare"},"image":{"@id":"https:\/\/fireware.nl\/fr\/#\/schema\/logo\/image\/"},"sameAs":["https:\/\/www.facebook.com\/FireWareBV\/","https:\/\/x.com\/FireWarebv","https:\/\/www.instagram.com\/fireware_nl\/","https:\/\/www.linkedin.com\/company\/3586017\/","https:\/\/www.youtube.com\/user\/firesalesrentconsult"]}]}},"publishpress_future_workflow_manual_trigger":{"enabledWorkflows":[]},"_links":{"self":[{"href":"https:\/\/fireware.nl\/fr\/wp-json\/wp\/v2\/product\/19446","targetHints":{"allow":["GET"]}}],"collection":[{"href":"https:\/\/fireware.nl\/fr\/wp-json\/wp\/v2\/product"}],"about":[{"href":"https:\/\/fireware.nl\/fr\/wp-json\/wp\/v2\/types\/product"}],"wp:featuredmedia":[{"embeddable":true,"href":"https:\/\/fireware.nl\/fr\/wp-json\/wp\/v2\/media\/60573"}],"wp:attachment":[{"href":"https:\/\/fireware.nl\/fr\/wp-json\/wp\/v2\/media?parent=19446"}],"wp:term":[{"taxonomy":"product_brand","embeddable":true,"href":"https:\/\/fireware.nl\/fr\/wp-json\/wp\/v2\/product_brand?post=19446"},{"taxonomy":"product_cat","embeddable":true,"href":"https:\/\/fireware.nl\/fr\/wp-json\/wp\/v2\/product_cat?post=19446"},{"taxonomy":"product_tag","embeddable":true,"href":"https:\/\/fireware.nl\/fr\/wp-json\/wp\/v2\/product_tag?post=19446"}],"curies":[{"name":"wp","href":"https:\/\/api.w.org\/{rel}","templated":true}]}}