
{"id":19462,"date":"2019-01-23T12:16:55","date_gmt":"2019-01-23T12:16:55","guid":{"rendered":"http:\/\/fireware.sites.hyperhosting.co\/?post_type=product&#038;p=19462"},"modified":"2025-05-21T14:34:49","modified_gmt":"2025-05-21T14:34:49","slug":"mannequin-de-sauvetage-aquatique","status":"publish","type":"product","link":"https:\/\/fireware.nl\/fr\/product\/mannequin-de-sauvetage-aquatique\/","title":{"rendered":"Mannequin de Sauvetage Aquatique"},"content":{"rendered":"<p>Le mannequin de sauvetage aquatique se pr\u00eate \u00e0 toute sorte d\u2019exercice de sauvetage aquatique. Le mannequin flotte spontan\u00e9ment dans l\u2019eau. Les \u00e9paules et la t\u00eate non-immerg\u00e9es flottent sous un angle de 45 degr\u00e9s. Avec son thorax rempli de l\u2019eau, le mannequin flottera horizontalement juste en dessous du surface. Par ajouter un poids de 2,5 au\u00a05 kilogrammes dans la cavit\u00e9 abdominale, le mannequin immergera.<\/p>\n<p>Il en va de soi que le mannequin r\u00e9siste \u00e0 l\u2019eau. La peau est fabriqu\u00e9e en vinyle durable et son squelette et ses articulations sont antirouilles. L\u2019esth\u00e9tique du mannequin est tr\u00e8s r\u00e9aliste et il est habill\u00e9 en un maillot de bain.<\/p>\n<p>Le mannequin de sauvetage aquatique CPR vous permet d\u2019entra\u00eener toutes les proc\u00e9dures avec un seul mannequin ! Le mannequin r\u00e9animation \u00ab\u00a0full body\u00a0\u00bb\u00a0se pr\u00eate aux sauvetages aquatiques suivi par la r\u00e9animation de la victime. Si le mannequin est insuffl\u00e9 de fa\u00e7on correcte, la cage thoracique se soul\u00e8ve visiblement. L\u2019insufflation s\u2019effectue dans un syst\u00e8me respiratoire qui emp\u00eache les participants se contaminer l\u2019un et l\u2019autre. Vous pouvez offrir chaque participant sa propre masque de r\u00e9animation, ou assurer la d\u00e9sinfection des mat\u00e9riaux entre les sessions de r\u00e9animation.<\/p>\n","protected":false},"excerpt":{"rendered":"<ul>\n<li>Le mannequin simule une victime (inconsciente) dans l\u2019eau.<\/li>\n<li>Disponible en variant r\u00e9animation<\/li>\n<li>Permet de s\u2019exercer au sauvetage dans l\u2019eau.<\/li>\n<li>Peut flotter et couler selon le rembourrage.<\/li>\n<li>Avec squelette et articulations antirouille.<\/li>\n<li>Est fourni avec maillot de bain.<\/li>\n<li><\/li>\n<\/ul>\n","protected":false},"featured_media":59877,"template":"","meta":[],"product_brand":[],"product_cat":[113],"product_tag":[],"class_list":{"0":"post-19462","1":"product","2":"type-product","3":"status-publish","4":"has-post-thumbnail","6":"product_cat-mannequins-de-secourisme-dans-leau","7":"pa_optie-avec-option-de-reanimation-165-cm-fr","8":"pa_optie-sans-option-de-reanimation-124-cm-fr","9":"pa_optie-sans-option-de-reanimation-165-cm-fr","11":"first","12":"instock","13":"taxable","14":"shipping-taxable","15":"purchasable","16":"product-type-variable"},"yoast_head":"<!-- This site is optimized with the Yoast SEO plugin v27.5 - https:\/\/yoast.com\/product\/yoast-seo-wordpress\/ -->\n<title>Mannequin de Sauvetage Aquatique - FireWare<\/title>\n<meta name=\"robots\" content=\"index, follow, max-snippet:-1, max-image-preview:large, max-video-preview:-1\" \/>\n<link rel=\"canonical\" href=\"https:\/\/fireware.nl\/fr\/product\/mannequin-de-sauvetage-aquatique\/\" \/>\n<meta property=\"og:locale\" content=\"fr_FR\" \/>\n<meta property=\"og:type\" content=\"article\" \/>\n<meta property=\"og:title\" content=\"Mannequin de Sauvetage Aquatique - FireWare\" \/>\n<meta property=\"og:description\" content=\"Le mannequin simule une victime (inconsciente) dans l\u2019eau.  Disponible en variant r\u00e9animation  Permet de s\u2019exercer au sauvetage dans l\u2019eau.  Peut flotter et couler selon le rembourrage.  Avec squelette et articulations antirouille.  Est fourni avec maillot de bain.\" \/>\n<meta property=\"og:url\" content=\"https:\/\/fireware.nl\/fr\/product\/mannequin-de-sauvetage-aquatique\/\" \/>\n<meta property=\"og:site_name\" content=\"FireWare\" \/>\n<meta property=\"article:publisher\" content=\"https:\/\/www.facebook.com\/FireWareBV\/\" \/>\n<meta property=\"article:modified_time\" content=\"2025-05-21T14:34:49+00:00\" \/>\n<meta property=\"og:image\" content=\"https:\/\/fireware.nl\/wp-content\/uploads\/2019\/01\/019-022-005-Adult-Water-Rescue-Manikin-zonder-reanimatie.jpg\" \/>\n\t<meta property=\"og:image:width\" content=\"600\" \/>\n\t<meta property=\"og:image:height\" content=\"600\" \/>\n\t<meta property=\"og:image:type\" content=\"image\/jpeg\" \/>\n<meta name=\"twitter:card\" content=\"summary_large_image\" \/>\n<meta name=\"twitter:site\" content=\"@FireWarebv\" \/>\n<meta name=\"twitter:label1\" content=\"Dur\u00e9e de lecture estim\u00e9e\" \/>\n\t<meta name=\"twitter:data1\" content=\"2 minutes\" \/>\n<script type=\"application\/ld+json\" class=\"yoast-schema-graph\">{\"@context\":\"https:\\\/\\\/schema.org\",\"@graph\":[{\"@type\":\"WebPage\",\"@id\":\"https:\\\/\\\/fireware.nl\\\/fr\\\/product\\\/mannequin-de-sauvetage-aquatique\\\/\",\"url\":\"https:\\\/\\\/fireware.nl\\\/fr\\\/product\\\/mannequin-de-sauvetage-aquatique\\\/\",\"name\":\"Mannequin de Sauvetage Aquatique - FireWare\",\"isPartOf\":{\"@id\":\"https:\\\/\\\/fireware.nl\\\/fr\\\/#website\"},\"primaryImageOfPage\":{\"@id\":\"https:\\\/\\\/fireware.nl\\\/fr\\\/product\\\/mannequin-de-sauvetage-aquatique\\\/#primaryimage\"},\"image\":{\"@id\":\"https:\\\/\\\/fireware.nl\\\/fr\\\/product\\\/mannequin-de-sauvetage-aquatique\\\/#primaryimage\"},\"thumbnailUrl\":\"https:\\\/\\\/fireware.nl\\\/wp-content\\\/uploads\\\/2019\\\/01\\\/019-022-005-Adult-Water-Rescue-Manikin-zonder-reanimatie.jpg\",\"datePublished\":\"2019-01-23T12:16:55+00:00\",\"dateModified\":\"2025-05-21T14:34:49+00:00\",\"breadcrumb\":{\"@id\":\"https:\\\/\\\/fireware.nl\\\/fr\\\/product\\\/mannequin-de-sauvetage-aquatique\\\/#breadcrumb\"},\"inLanguage\":\"fr-FR\",\"potentialAction\":[{\"@type\":\"ReadAction\",\"target\":[\"https:\\\/\\\/fireware.nl\\\/fr\\\/product\\\/mannequin-de-sauvetage-aquatique\\\/\"]}]},{\"@type\":\"ImageObject\",\"inLanguage\":\"fr-FR\",\"@id\":\"https:\\\/\\\/fireware.nl\\\/fr\\\/product\\\/mannequin-de-sauvetage-aquatique\\\/#primaryimage\",\"url\":\"https:\\\/\\\/fireware.nl\\\/wp-content\\\/uploads\\\/2019\\\/01\\\/019-022-005-Adult-Water-Rescue-Manikin-zonder-reanimatie.jpg\",\"contentUrl\":\"https:\\\/\\\/fireware.nl\\\/wp-content\\\/uploads\\\/2019\\\/01\\\/019-022-005-Adult-Water-Rescue-Manikin-zonder-reanimatie.jpg\",\"width\":600,\"height\":600},{\"@type\":\"BreadcrumbList\",\"@id\":\"https:\\\/\\\/fireware.nl\\\/fr\\\/product\\\/mannequin-de-sauvetage-aquatique\\\/#breadcrumb\",\"itemListElement\":[{\"@type\":\"ListItem\",\"position\":1,\"name\":\"Home\",\"item\":\"https:\\\/\\\/fireware.nl\\\/fr\\\/\"},{\"@type\":\"ListItem\",\"position\":2,\"name\":\"Produits\",\"item\":\"https:\\\/\\\/fireware.nl\\\/fr\\\/produits\\\/\"},{\"@type\":\"ListItem\",\"position\":3,\"name\":\"Mannequin de Sauvetage Aquatique\"}]},{\"@type\":\"WebSite\",\"@id\":\"https:\\\/\\\/fireware.nl\\\/fr\\\/#website\",\"url\":\"https:\\\/\\\/fireware.nl\\\/fr\\\/\",\"name\":\"FireWare\",\"description\":\"CREATING REALISTIC  TRAINING ENVIRONMENTS\",\"publisher\":{\"@id\":\"https:\\\/\\\/fireware.nl\\\/fr\\\/#organization\"},\"potentialAction\":[{\"@type\":\"SearchAction\",\"target\":{\"@type\":\"EntryPoint\",\"urlTemplate\":\"https:\\\/\\\/fireware.nl\\\/fr\\\/?s={search_term_string}\"},\"query-input\":{\"@type\":\"PropertyValueSpecification\",\"valueRequired\":true,\"valueName\":\"search_term_string\"}}],\"inLanguage\":\"fr-FR\"},{\"@type\":\"Organization\",\"@id\":\"https:\\\/\\\/fireware.nl\\\/fr\\\/#organization\",\"name\":\"FireWare\",\"url\":\"https:\\\/\\\/fireware.nl\\\/fr\\\/\",\"logo\":{\"@type\":\"ImageObject\",\"inLanguage\":\"fr-FR\",\"@id\":\"https:\\\/\\\/fireware.nl\\\/fr\\\/#\\\/schema\\\/logo\\\/image\\\/\",\"url\":\"https:\\\/\\\/fireware.nl\\\/wp-content\\\/uploads\\\/2018\\\/10\\\/FireWare-logo.jpg\",\"contentUrl\":\"https:\\\/\\\/fireware.nl\\\/wp-content\\\/uploads\\\/2018\\\/10\\\/FireWare-logo.jpg\",\"width\":171,\"height\":70,\"caption\":\"FireWare\"},\"image\":{\"@id\":\"https:\\\/\\\/fireware.nl\\\/fr\\\/#\\\/schema\\\/logo\\\/image\\\/\"},\"sameAs\":[\"https:\\\/\\\/www.facebook.com\\\/FireWareBV\\\/\",\"https:\\\/\\\/x.com\\\/FireWarebv\",\"https:\\\/\\\/www.instagram.com\\\/fireware_nl\\\/\",\"https:\\\/\\\/www.linkedin.com\\\/company\\\/3586017\\\/\",\"https:\\\/\\\/www.youtube.com\\\/user\\\/firesalesrentconsult\"]}]}<\/script>\n<!-- \/ Yoast SEO plugin. -->","yoast_head_json":{"title":"Mannequin de Sauvetage Aquatique - FireWare","robots":{"index":"index","follow":"follow","max-snippet":"max-snippet:-1","max-image-preview":"max-image-preview:large","max-video-preview":"max-video-preview:-1"},"canonical":"https:\/\/fireware.nl\/fr\/product\/mannequin-de-sauvetage-aquatique\/","og_locale":"fr_FR","og_type":"article","og_title":"Mannequin de Sauvetage Aquatique - FireWare","og_description":"Le mannequin simule une victime (inconsciente) dans l\u2019eau.  Disponible en variant r\u00e9animation  Permet de s\u2019exercer au sauvetage dans l\u2019eau.  Peut flotter et couler selon le rembourrage.  Avec squelette et articulations antirouille.  Est fourni avec maillot de bain.","og_url":"https:\/\/fireware.nl\/fr\/product\/mannequin-de-sauvetage-aquatique\/","og_site_name":"FireWare","article_publisher":"https:\/\/www.facebook.com\/FireWareBV\/","article_modified_time":"2025-05-21T14:34:49+00:00","og_image":[{"width":600,"height":600,"url":"https:\/\/fireware.nl\/wp-content\/uploads\/2019\/01\/019-022-005-Adult-Water-Rescue-Manikin-zonder-reanimatie.jpg","type":"image\/jpeg"}],"twitter_card":"summary_large_image","twitter_site":"@FireWarebv","twitter_misc":{"Dur\u00e9e de lecture estim\u00e9e":"2 minutes"},"schema":{"@context":"https:\/\/schema.org","@graph":[{"@type":"WebPage","@id":"https:\/\/fireware.nl\/fr\/product\/mannequin-de-sauvetage-aquatique\/","url":"https:\/\/fireware.nl\/fr\/product\/mannequin-de-sauvetage-aquatique\/","name":"Mannequin de Sauvetage Aquatique - FireWare","isPartOf":{"@id":"https:\/\/fireware.nl\/fr\/#website"},"primaryImageOfPage":{"@id":"https:\/\/fireware.nl\/fr\/product\/mannequin-de-sauvetage-aquatique\/#primaryimage"},"image":{"@id":"https:\/\/fireware.nl\/fr\/product\/mannequin-de-sauvetage-aquatique\/#primaryimage"},"thumbnailUrl":"https:\/\/fireware.nl\/wp-content\/uploads\/2019\/01\/019-022-005-Adult-Water-Rescue-Manikin-zonder-reanimatie.jpg","datePublished":"2019-01-23T12:16:55+00:00","dateModified":"2025-05-21T14:34:49+00:00","breadcrumb":{"@id":"https:\/\/fireware.nl\/fr\/product\/mannequin-de-sauvetage-aquatique\/#breadcrumb"},"inLanguage":"fr-FR","potentialAction":[{"@type":"ReadAction","target":["https:\/\/fireware.nl\/fr\/product\/mannequin-de-sauvetage-aquatique\/"]}]},{"@type":"ImageObject","inLanguage":"fr-FR","@id":"https:\/\/fireware.nl\/fr\/product\/mannequin-de-sauvetage-aquatique\/#primaryimage","url":"https:\/\/fireware.nl\/wp-content\/uploads\/2019\/01\/019-022-005-Adult-Water-Rescue-Manikin-zonder-reanimatie.jpg","contentUrl":"https:\/\/fireware.nl\/wp-content\/uploads\/2019\/01\/019-022-005-Adult-Water-Rescue-Manikin-zonder-reanimatie.jpg","width":600,"height":600},{"@type":"BreadcrumbList","@id":"https:\/\/fireware.nl\/fr\/product\/mannequin-de-sauvetage-aquatique\/#breadcrumb","itemListElement":[{"@type":"ListItem","position":1,"name":"Home","item":"https:\/\/fireware.nl\/fr\/"},{"@type":"ListItem","position":2,"name":"Produits","item":"https:\/\/fireware.nl\/fr\/produits\/"},{"@type":"ListItem","position":3,"name":"Mannequin de Sauvetage Aquatique"}]},{"@type":"WebSite","@id":"https:\/\/fireware.nl\/fr\/#website","url":"https:\/\/fireware.nl\/fr\/","name":"FireWare","description":"CREATING REALISTIC  TRAINING ENVIRONMENTS","publisher":{"@id":"https:\/\/fireware.nl\/fr\/#organization"},"potentialAction":[{"@type":"SearchAction","target":{"@type":"EntryPoint","urlTemplate":"https:\/\/fireware.nl\/fr\/?s={search_term_string}"},"query-input":{"@type":"PropertyValueSpecification","valueRequired":true,"valueName":"search_term_string"}}],"inLanguage":"fr-FR"},{"@type":"Organization","@id":"https:\/\/fireware.nl\/fr\/#organization","name":"FireWare","url":"https:\/\/fireware.nl\/fr\/","logo":{"@type":"ImageObject","inLanguage":"fr-FR","@id":"https:\/\/fireware.nl\/fr\/#\/schema\/logo\/image\/","url":"https:\/\/fireware.nl\/wp-content\/uploads\/2018\/10\/FireWare-logo.jpg","contentUrl":"https:\/\/fireware.nl\/wp-content\/uploads\/2018\/10\/FireWare-logo.jpg","width":171,"height":70,"caption":"FireWare"},"image":{"@id":"https:\/\/fireware.nl\/fr\/#\/schema\/logo\/image\/"},"sameAs":["https:\/\/www.facebook.com\/FireWareBV\/","https:\/\/x.com\/FireWarebv","https:\/\/www.instagram.com\/fireware_nl\/","https:\/\/www.linkedin.com\/company\/3586017\/","https:\/\/www.youtube.com\/user\/firesalesrentconsult"]}]}},"publishpress_future_workflow_manual_trigger":{"enabledWorkflows":[]},"_links":{"self":[{"href":"https:\/\/fireware.nl\/fr\/wp-json\/wp\/v2\/product\/19462","targetHints":{"allow":["GET"]}}],"collection":[{"href":"https:\/\/fireware.nl\/fr\/wp-json\/wp\/v2\/product"}],"about":[{"href":"https:\/\/fireware.nl\/fr\/wp-json\/wp\/v2\/types\/product"}],"wp:featuredmedia":[{"embeddable":true,"href":"https:\/\/fireware.nl\/fr\/wp-json\/wp\/v2\/media\/59877"}],"wp:attachment":[{"href":"https:\/\/fireware.nl\/fr\/wp-json\/wp\/v2\/media?parent=19462"}],"wp:term":[{"taxonomy":"product_brand","embeddable":true,"href":"https:\/\/fireware.nl\/fr\/wp-json\/wp\/v2\/product_brand?post=19462"},{"taxonomy":"product_cat","embeddable":true,"href":"https:\/\/fireware.nl\/fr\/wp-json\/wp\/v2\/product_cat?post=19462"},{"taxonomy":"product_tag","embeddable":true,"href":"https:\/\/fireware.nl\/fr\/wp-json\/wp\/v2\/product_tag?post=19462"}],"curies":[{"name":"wp","href":"https:\/\/api.w.org\/{rel}","templated":true}]}}