
{"id":19466,"date":"2019-01-23T12:16:55","date_gmt":"2019-02-01T10:48:05","guid":{"rendered":"http:\/\/fireware.sites.hyperhosting.co\/?post_type=product&#038;p=19466"},"modified":"2021-04-30T13:00:47","modified_gmt":"2021-04-30T13:00:47","slug":"dispositif-de-voies-respiratoire-sauvetage-dans-leau","status":"publish","type":"product","link":"https:\/\/fireware.nl\/fr\/produit\/dispositif-de-voies-respiratoire-sauvetage-dans-leau\/","title":{"rendered":"Dispositif de voies respiratoire Sauvetage dans l&#8217;eau"},"content":{"rendered":"<p>Le Dispositif de Voies Respiratoires Sauvetage dans l\u2019Eau convient parfaitement au mannequin \u00e0\u00a0<em>corps complet<\/em>\u00a0<a href=\"https:\/\/fireware.nl\/fr\/produit\/mannequin-de-sauvetage-aquatique\/\" target=\"_blank\" rel=\"noopener\">de R\u00e9animation Sauvetage dans l\u2019Eau<\/a>.<\/p>\n<p>Les voies respiratoires sont munies d\u2019une valve avec filtre, par lequel l\u2019air qui est insuffl\u00e9 dans les poumons est souffl\u00e9 vers l\u2019ext\u00e9rieur au moyen d\u2019un orifice d\u2019\u00e9vacuation de l\u2019air parall\u00e8le. Ce syst\u00e8me permet d\u2019\u00e9viter que les participants au cours se contaminent mutuellement. Les poumons se remplacent facilement, et il est recommand\u00e9 de les remplacer apr\u00e8s chaque journ\u00e9e d\u2019exercice.<\/p>\n<p>Les poumons sont disponibles en lot de 24 pi\u00e8ces.<\/p>\n","protected":false},"excerpt":{"rendered":"<ul>\n<li>Dispositif de voies respiratoires pour le\u00a0<a href=\"https:\/\/fireware.nl\/fr\/produit\/mannequin-de-sauvetage-aquatique\/\" target=\"_blank\" rel=\"noopener\">Mannequin de R\u00e9animation Sauvetage dans l\u2019Eau<\/a>.<\/li>\n<li>Les voies respiratoires sont munies d\u2019une valve avec filtre.<\/li>\n<li>Permet d\u2019\u00e9viter toute contamination r\u00e9ciproque\u00a0\u00e9ventuelle des participants au cours.<\/li>\n<li>Faciles \u00e0 placer.<\/li>\n<\/ul>\n","protected":false},"featured_media":21367,"template":"","meta":[],"product_brand":[],"product_cat":[2880,113],"product_tag":[],"class_list":{"0":"post-19466","1":"product","2":"type-product","3":"status-publish","4":"has-post-thumbnail","6":"product_cat-cpr-fr","7":"product_cat-mannequins-de-secourisme-dans-leau","9":"first","10":"instock","11":"taxable","12":"shipping-taxable","13":"purchasable","14":"product-type-simple"},"yoast_head":"<!-- This site is optimized with the Yoast SEO plugin v27.5 - https:\/\/yoast.com\/product\/yoast-seo-wordpress\/ -->\n<title>Dispositif de voies respiratoire Sauvetage dans l&#039;eau - FireWare<\/title>\n<meta name=\"robots\" content=\"index, follow, max-snippet:-1, max-image-preview:large, max-video-preview:-1\" \/>\n<link rel=\"canonical\" href=\"https:\/\/fireware.nl\/fr\/produit\/dispositif-de-voies-respiratoire-sauvetage-dans-leau\/\" \/>\n<meta property=\"og:locale\" content=\"fr_FR\" \/>\n<meta property=\"og:type\" content=\"article\" \/>\n<meta property=\"og:title\" content=\"Dispositif de voies respiratoire Sauvetage dans l&#039;eau - FireWare\" \/>\n<meta property=\"og:description\" content=\"Dispositif de voies respiratoires pour le\u00a0Mannequin de R\u00e9animation Sauvetage dans l\u2019Eau.  Les voies respiratoires sont munies d\u2019une valve avec filtre.  Permet d\u2019\u00e9viter toute contamination r\u00e9ciproque\u00a0\u00e9ventuelle des participants au cours.  Faciles \u00e0 placer.\" \/>\n<meta property=\"og:url\" content=\"https:\/\/fireware.nl\/fr\/produit\/dispositif-de-voies-respiratoire-sauvetage-dans-leau\/\" \/>\n<meta property=\"og:site_name\" content=\"FireWare\" \/>\n<meta property=\"article:publisher\" content=\"https:\/\/www.facebook.com\/FireWareBV\/\" \/>\n<meta property=\"article:modified_time\" content=\"2021-04-30T13:00:47+00:00\" \/>\n<meta property=\"og:image\" content=\"https:\/\/fireware.nl\/wp-content\/uploads\/2019\/01\/019-022-028-Luchtweg-Systeem-Water-Rescue.jpg\" \/>\n\t<meta property=\"og:image:width\" content=\"600\" \/>\n\t<meta property=\"og:image:height\" content=\"600\" \/>\n\t<meta property=\"og:image:type\" content=\"image\/jpeg\" \/>\n<meta name=\"twitter:card\" content=\"summary_large_image\" \/>\n<meta name=\"twitter:site\" content=\"@FireWarebv\" \/>\n<meta name=\"twitter:label1\" content=\"Dur\u00e9e de lecture estim\u00e9e\" \/>\n\t<meta name=\"twitter:data1\" content=\"1 minute\" \/>\n<script type=\"application\/ld+json\" class=\"yoast-schema-graph\">{\"@context\":\"https:\\\/\\\/schema.org\",\"@graph\":[{\"@type\":\"WebPage\",\"@id\":\"https:\\\/\\\/fireware.nl\\\/fr\\\/produit\\\/dispositif-de-voies-respiratoire-sauvetage-dans-leau\\\/\",\"url\":\"https:\\\/\\\/fireware.nl\\\/fr\\\/produit\\\/dispositif-de-voies-respiratoire-sauvetage-dans-leau\\\/\",\"name\":\"Dispositif de voies respiratoire Sauvetage dans l'eau - FireWare\",\"isPartOf\":{\"@id\":\"https:\\\/\\\/fireware.nl\\\/fr\\\/#website\"},\"primaryImageOfPage\":{\"@id\":\"https:\\\/\\\/fireware.nl\\\/fr\\\/produit\\\/dispositif-de-voies-respiratoire-sauvetage-dans-leau\\\/#primaryimage\"},\"image\":{\"@id\":\"https:\\\/\\\/fireware.nl\\\/fr\\\/produit\\\/dispositif-de-voies-respiratoire-sauvetage-dans-leau\\\/#primaryimage\"},\"thumbnailUrl\":\"https:\\\/\\\/fireware.nl\\\/wp-content\\\/uploads\\\/2019\\\/01\\\/019-022-028-Luchtweg-Systeem-Water-Rescue.jpg\",\"datePublished\":\"2019-02-01T10:48:05+00:00\",\"dateModified\":\"2021-04-30T13:00:47+00:00\",\"breadcrumb\":{\"@id\":\"https:\\\/\\\/fireware.nl\\\/fr\\\/produit\\\/dispositif-de-voies-respiratoire-sauvetage-dans-leau\\\/#breadcrumb\"},\"inLanguage\":\"fr-FR\",\"potentialAction\":[{\"@type\":\"ReadAction\",\"target\":[\"https:\\\/\\\/fireware.nl\\\/fr\\\/produit\\\/dispositif-de-voies-respiratoire-sauvetage-dans-leau\\\/\"]}]},{\"@type\":\"ImageObject\",\"inLanguage\":\"fr-FR\",\"@id\":\"https:\\\/\\\/fireware.nl\\\/fr\\\/produit\\\/dispositif-de-voies-respiratoire-sauvetage-dans-leau\\\/#primaryimage\",\"url\":\"https:\\\/\\\/fireware.nl\\\/wp-content\\\/uploads\\\/2019\\\/01\\\/019-022-028-Luchtweg-Systeem-Water-Rescue.jpg\",\"contentUrl\":\"https:\\\/\\\/fireware.nl\\\/wp-content\\\/uploads\\\/2019\\\/01\\\/019-022-028-Luchtweg-Systeem-Water-Rescue.jpg\",\"width\":600,\"height\":600,\"caption\":\"019-022-028 Luchtweg Systeem Water Rescue\"},{\"@type\":\"BreadcrumbList\",\"@id\":\"https:\\\/\\\/fireware.nl\\\/fr\\\/produit\\\/dispositif-de-voies-respiratoire-sauvetage-dans-leau\\\/#breadcrumb\",\"itemListElement\":[{\"@type\":\"ListItem\",\"position\":1,\"name\":\"Home\",\"item\":\"https:\\\/\\\/fireware.nl\\\/fr\\\/\"},{\"@type\":\"ListItem\",\"position\":2,\"name\":\"Produits\",\"item\":\"https:\\\/\\\/fireware.nl\\\/fr\\\/produits\\\/\"},{\"@type\":\"ListItem\",\"position\":3,\"name\":\"Dispositif de voies respiratoire Sauvetage dans l&#8217;eau\"}]},{\"@type\":\"WebSite\",\"@id\":\"https:\\\/\\\/fireware.nl\\\/fr\\\/#website\",\"url\":\"https:\\\/\\\/fireware.nl\\\/fr\\\/\",\"name\":\"FireWare\",\"description\":\"CREATING REALISTIC  TRAINING ENVIRONMENTS\",\"publisher\":{\"@id\":\"https:\\\/\\\/fireware.nl\\\/fr\\\/#organization\"},\"potentialAction\":[{\"@type\":\"SearchAction\",\"target\":{\"@type\":\"EntryPoint\",\"urlTemplate\":\"https:\\\/\\\/fireware.nl\\\/fr\\\/?s={search_term_string}\"},\"query-input\":{\"@type\":\"PropertyValueSpecification\",\"valueRequired\":true,\"valueName\":\"search_term_string\"}}],\"inLanguage\":\"fr-FR\"},{\"@type\":\"Organization\",\"@id\":\"https:\\\/\\\/fireware.nl\\\/fr\\\/#organization\",\"name\":\"FireWare\",\"url\":\"https:\\\/\\\/fireware.nl\\\/fr\\\/\",\"logo\":{\"@type\":\"ImageObject\",\"inLanguage\":\"fr-FR\",\"@id\":\"https:\\\/\\\/fireware.nl\\\/fr\\\/#\\\/schema\\\/logo\\\/image\\\/\",\"url\":\"https:\\\/\\\/fireware.nl\\\/wp-content\\\/uploads\\\/2018\\\/10\\\/FireWare-logo.jpg\",\"contentUrl\":\"https:\\\/\\\/fireware.nl\\\/wp-content\\\/uploads\\\/2018\\\/10\\\/FireWare-logo.jpg\",\"width\":171,\"height\":70,\"caption\":\"FireWare\"},\"image\":{\"@id\":\"https:\\\/\\\/fireware.nl\\\/fr\\\/#\\\/schema\\\/logo\\\/image\\\/\"},\"sameAs\":[\"https:\\\/\\\/www.facebook.com\\\/FireWareBV\\\/\",\"https:\\\/\\\/x.com\\\/FireWarebv\",\"https:\\\/\\\/www.instagram.com\\\/fireware_nl\\\/\",\"https:\\\/\\\/www.linkedin.com\\\/company\\\/3586017\\\/\",\"https:\\\/\\\/www.youtube.com\\\/user\\\/firesalesrentconsult\"]}]}<\/script>\n<!-- \/ Yoast SEO plugin. -->","yoast_head_json":{"title":"Dispositif de voies respiratoire Sauvetage dans l'eau - FireWare","robots":{"index":"index","follow":"follow","max-snippet":"max-snippet:-1","max-image-preview":"max-image-preview:large","max-video-preview":"max-video-preview:-1"},"canonical":"https:\/\/fireware.nl\/fr\/produit\/dispositif-de-voies-respiratoire-sauvetage-dans-leau\/","og_locale":"fr_FR","og_type":"article","og_title":"Dispositif de voies respiratoire Sauvetage dans l'eau - FireWare","og_description":"Dispositif de voies respiratoires pour le\u00a0Mannequin de R\u00e9animation Sauvetage dans l\u2019Eau.  Les voies respiratoires sont munies d\u2019une valve avec filtre.  Permet d\u2019\u00e9viter toute contamination r\u00e9ciproque\u00a0\u00e9ventuelle des participants au cours.  Faciles \u00e0 placer.","og_url":"https:\/\/fireware.nl\/fr\/produit\/dispositif-de-voies-respiratoire-sauvetage-dans-leau\/","og_site_name":"FireWare","article_publisher":"https:\/\/www.facebook.com\/FireWareBV\/","article_modified_time":"2021-04-30T13:00:47+00:00","og_image":[{"width":600,"height":600,"url":"https:\/\/fireware.nl\/wp-content\/uploads\/2019\/01\/019-022-028-Luchtweg-Systeem-Water-Rescue.jpg","type":"image\/jpeg"}],"twitter_card":"summary_large_image","twitter_site":"@FireWarebv","twitter_misc":{"Dur\u00e9e de lecture estim\u00e9e":"1 minute"},"schema":{"@context":"https:\/\/schema.org","@graph":[{"@type":"WebPage","@id":"https:\/\/fireware.nl\/fr\/produit\/dispositif-de-voies-respiratoire-sauvetage-dans-leau\/","url":"https:\/\/fireware.nl\/fr\/produit\/dispositif-de-voies-respiratoire-sauvetage-dans-leau\/","name":"Dispositif de voies respiratoire Sauvetage dans l'eau - FireWare","isPartOf":{"@id":"https:\/\/fireware.nl\/fr\/#website"},"primaryImageOfPage":{"@id":"https:\/\/fireware.nl\/fr\/produit\/dispositif-de-voies-respiratoire-sauvetage-dans-leau\/#primaryimage"},"image":{"@id":"https:\/\/fireware.nl\/fr\/produit\/dispositif-de-voies-respiratoire-sauvetage-dans-leau\/#primaryimage"},"thumbnailUrl":"https:\/\/fireware.nl\/wp-content\/uploads\/2019\/01\/019-022-028-Luchtweg-Systeem-Water-Rescue.jpg","datePublished":"2019-02-01T10:48:05+00:00","dateModified":"2021-04-30T13:00:47+00:00","breadcrumb":{"@id":"https:\/\/fireware.nl\/fr\/produit\/dispositif-de-voies-respiratoire-sauvetage-dans-leau\/#breadcrumb"},"inLanguage":"fr-FR","potentialAction":[{"@type":"ReadAction","target":["https:\/\/fireware.nl\/fr\/produit\/dispositif-de-voies-respiratoire-sauvetage-dans-leau\/"]}]},{"@type":"ImageObject","inLanguage":"fr-FR","@id":"https:\/\/fireware.nl\/fr\/produit\/dispositif-de-voies-respiratoire-sauvetage-dans-leau\/#primaryimage","url":"https:\/\/fireware.nl\/wp-content\/uploads\/2019\/01\/019-022-028-Luchtweg-Systeem-Water-Rescue.jpg","contentUrl":"https:\/\/fireware.nl\/wp-content\/uploads\/2019\/01\/019-022-028-Luchtweg-Systeem-Water-Rescue.jpg","width":600,"height":600,"caption":"019-022-028 Luchtweg Systeem Water Rescue"},{"@type":"BreadcrumbList","@id":"https:\/\/fireware.nl\/fr\/produit\/dispositif-de-voies-respiratoire-sauvetage-dans-leau\/#breadcrumb","itemListElement":[{"@type":"ListItem","position":1,"name":"Home","item":"https:\/\/fireware.nl\/fr\/"},{"@type":"ListItem","position":2,"name":"Produits","item":"https:\/\/fireware.nl\/fr\/produits\/"},{"@type":"ListItem","position":3,"name":"Dispositif de voies respiratoire Sauvetage dans l&#8217;eau"}]},{"@type":"WebSite","@id":"https:\/\/fireware.nl\/fr\/#website","url":"https:\/\/fireware.nl\/fr\/","name":"FireWare","description":"CREATING REALISTIC  TRAINING ENVIRONMENTS","publisher":{"@id":"https:\/\/fireware.nl\/fr\/#organization"},"potentialAction":[{"@type":"SearchAction","target":{"@type":"EntryPoint","urlTemplate":"https:\/\/fireware.nl\/fr\/?s={search_term_string}"},"query-input":{"@type":"PropertyValueSpecification","valueRequired":true,"valueName":"search_term_string"}}],"inLanguage":"fr-FR"},{"@type":"Organization","@id":"https:\/\/fireware.nl\/fr\/#organization","name":"FireWare","url":"https:\/\/fireware.nl\/fr\/","logo":{"@type":"ImageObject","inLanguage":"fr-FR","@id":"https:\/\/fireware.nl\/fr\/#\/schema\/logo\/image\/","url":"https:\/\/fireware.nl\/wp-content\/uploads\/2018\/10\/FireWare-logo.jpg","contentUrl":"https:\/\/fireware.nl\/wp-content\/uploads\/2018\/10\/FireWare-logo.jpg","width":171,"height":70,"caption":"FireWare"},"image":{"@id":"https:\/\/fireware.nl\/fr\/#\/schema\/logo\/image\/"},"sameAs":["https:\/\/www.facebook.com\/FireWareBV\/","https:\/\/x.com\/FireWarebv","https:\/\/www.instagram.com\/fireware_nl\/","https:\/\/www.linkedin.com\/company\/3586017\/","https:\/\/www.youtube.com\/user\/firesalesrentconsult"]}]}},"publishpress_future_workflow_manual_trigger":{"enabledWorkflows":[]},"_links":{"self":[{"href":"https:\/\/fireware.nl\/fr\/wp-json\/wp\/v2\/product\/19466","targetHints":{"allow":["GET"]}}],"collection":[{"href":"https:\/\/fireware.nl\/fr\/wp-json\/wp\/v2\/product"}],"about":[{"href":"https:\/\/fireware.nl\/fr\/wp-json\/wp\/v2\/types\/product"}],"wp:featuredmedia":[{"embeddable":true,"href":"https:\/\/fireware.nl\/fr\/wp-json\/wp\/v2\/media\/21367"}],"wp:attachment":[{"href":"https:\/\/fireware.nl\/fr\/wp-json\/wp\/v2\/media?parent=19466"}],"wp:term":[{"taxonomy":"product_brand","embeddable":true,"href":"https:\/\/fireware.nl\/fr\/wp-json\/wp\/v2\/product_brand?post=19466"},{"taxonomy":"product_cat","embeddable":true,"href":"https:\/\/fireware.nl\/fr\/wp-json\/wp\/v2\/product_cat?post=19466"},{"taxonomy":"product_tag","embeddable":true,"href":"https:\/\/fireware.nl\/fr\/wp-json\/wp\/v2\/product_tag?post=19466"}],"curies":[{"name":"wp","href":"https:\/\/api.w.org\/{rel}","templated":true}]}}