
{"id":19475,"date":"2019-01-23T12:16:00","date_gmt":"2019-01-23T12:16:00","guid":{"rendered":"http:\/\/fireware.sites.hyperhosting.co\/?post_type=product&#038;p=19475"},"modified":"2025-05-21T14:22:20","modified_gmt":"2025-05-21T14:22:20","slug":"water-rescue-body-recovery","status":"publish","type":"product","link":"https:\/\/fireware.nl\/fr\/product\/water-rescue-body-recovery\/","title":{"rendered":"Ruth Lee Water Rescue Body Recovery"},"content":{"rendered":"\r\n<h2>Manikins d&#8217;entra\u00eenement Ruth Lee<\/h2>\r\n<p>Les Manikins d&#8217;entra\u00eenement Ruth Lee sont con\u00e7ues pour un entra\u00eenement r\u00e9aliste et efficace. Ces Manikins sont reconnues pour leur durabilit\u00e9 et leur polyvalence, id\u00e9ales pour former les pompiers, les sauveteurs, les services de secours et d&#8217;autres services d&#8217;urgence. Avec les Manikins d&#8217;entra\u00eenement Ruth Lee, vous pouvez simuler des sc\u00e9narios r\u00e9alistes, pr\u00e9parant ainsi les intervenants \u00e0 de vraies situations d&#8217;urgence. La gamme comprend des poup\u00e9es pour une vari\u00e9t\u00e9 de formations et dans diff\u00e9rentes tailles et poids.<\/p>\r\n<h2>Simuler une victime inconsciente ou inondante dans l&#8217;eau<\/h2>\r\n<p>Les mannequins pour sauvetage aquatique permettent l&#8217;exercice r\u00e9aliste de sauvetage de personnes inanim\u00e9es dans l&#8217;eau ou de personnes qui risquent de se noyer. Le mannequin coule au fond de l&#8217;eau et ensuite gr\u00e2ce au \u00ab\u00a0body\u00a0\u00bb sp\u00e9cialement con\u00e7ue, son poids dans l&#8217;eau diminue jusqu&#8217;\u00e0 ce qu&#8217;il corresponde avec une personne qui se trouve au fond de l&#8217;eau.\u00a0Le mannequin 50 kg porte une combinaison de travail avec des poches. Les blocs en caoutchouc mousse a\u00e9r\u00e9 livr\u00e9s peuvent \u00eatre mis dans ces poches pour varier le poids du 3 \u00e0 10 kg.<\/p>\r\n<p>Le mannequin porte des v\u00eatements noirs et une cagoule noire sur la t\u00eate. Comme \u00e7a, on ne le remarque pas facilement dans l&#8217;eau. De ce fait, le mannequin est moins appropri\u00e9 pour une utilisation dans de l&#8217;eau avec un fort courant. Le WR Body Recovery a une face et cheveux. Pendant la recherche de l&#8217;eau le mannequin ressemble r\u00e9aliste aux plongeurs.<\/p>\r\n<p>De plus, le Water Rescue est muni de lani\u00e8res plastiques int\u00e9rieures, permettant de le plier de fa\u00e7on r\u00e9aliste, mais pas en deux. Les bottes du mannequin disposent d&#8217;ouvertures pour l&#8217;\u00e9vacuation de l&#8217;eau.<\/p>\r\n<h3>AVERTISSEMENT!<\/h3>\r\n<p>La perruque peut se pi\u00e9ger dans le masque de plong\u00e9e. Veillez \u00e0 ce que des mesures de s\u00e9curit\u00e9 appropri\u00e9es soient prises. Coupez les cheveux courts, ou bien portez un bonnet de bain.<\/p>\r\n","protected":false},"excerpt":{"rendered":"<ul>\n<li>Disponible dans les variantes 10 kg, 30 kg et 50 kg.<\/li>\n<li>Le mannequin simule une victime inconsciente ou inondante dans l\u2019eau.<\/li>\n<li>Convient parfaitement aux exercices de recherche et mise en s\u00e9curit\u00e9.<\/li>\n<li>Fourni avec une face, cheveux et une combinaison.<\/li>\n<li>R\u00e9partition r\u00e9aliste entre le poids \u00e0 terre et dans l\u2019eau.<\/li>\n<li>Convient moins \u00e0 l\u2019utilisation dans de l\u2019eau au courant tr\u00e8s fort.<\/li>\n<\/ul>\n","protected":false},"featured_media":53036,"template":"","meta":[],"product_brand":[],"product_cat":[113],"product_tag":[],"class_list":{"0":"post-19475","1":"product","2":"type-product","3":"status-publish","4":"has-post-thumbnail","6":"product_cat-mannequins-de-secourisme-dans-leau","8":"first","9":"instock","10":"taxable","11":"shipping-taxable","12":"purchasable","13":"product-type-variable"},"yoast_head":"<!-- This site is optimized with the Yoast SEO plugin v27.5 - https:\/\/yoast.com\/product\/yoast-seo-wordpress\/ -->\n<title>Ruth Lee Water Rescue Body Recovery - FireWare<\/title>\n<meta name=\"robots\" content=\"index, follow, max-snippet:-1, max-image-preview:large, max-video-preview:-1\" \/>\n<link rel=\"canonical\" href=\"https:\/\/fireware.nl\/fr\/product\/water-rescue-body-recovery\/\" \/>\n<meta property=\"og:locale\" content=\"fr_FR\" \/>\n<meta property=\"og:type\" content=\"article\" \/>\n<meta property=\"og:title\" content=\"Ruth Lee Water Rescue Body Recovery - FireWare\" \/>\n<meta property=\"og:description\" content=\"Disponible dans les variantes 10 kg, 30 kg et 50 kg. Le mannequin simule une victime inconsciente ou inondante dans l\u2019eau. Convient parfaitement aux exercices de recherche et mise en s\u00e9curit\u00e9. Fourni avec une face, cheveux et une combinaison. R\u00e9partition r\u00e9aliste entre le poids \u00e0 terre et dans l\u2019eau. Convient moins \u00e0 l\u2019utilisation dans de l\u2019eau au courant tr\u00e8s fort.\" \/>\n<meta property=\"og:url\" content=\"https:\/\/fireware.nl\/fr\/product\/water-rescue-body-recovery\/\" \/>\n<meta property=\"og:site_name\" content=\"FireWare\" \/>\n<meta property=\"article:publisher\" content=\"https:\/\/www.facebook.com\/FireWareBV\/\" \/>\n<meta property=\"article:modified_time\" content=\"2025-05-21T14:22:20+00:00\" \/>\n<meta property=\"og:image\" content=\"https:\/\/fireware.nl\/wp-content\/uploads\/2019\/01\/017-043-050-Body-Recovery-zittend.jpg\" \/>\n\t<meta property=\"og:image:width\" content=\"600\" \/>\n\t<meta property=\"og:image:height\" content=\"600\" \/>\n\t<meta property=\"og:image:type\" content=\"image\/jpeg\" \/>\n<meta name=\"twitter:card\" content=\"summary_large_image\" \/>\n<meta name=\"twitter:site\" content=\"@FireWarebv\" \/>\n<meta name=\"twitter:label1\" content=\"Dur\u00e9e de lecture estim\u00e9e\" \/>\n\t<meta name=\"twitter:data1\" content=\"2 minutes\" \/>\n<script type=\"application\/ld+json\" class=\"yoast-schema-graph\">{\"@context\":\"https:\\\/\\\/schema.org\",\"@graph\":[{\"@type\":\"WebPage\",\"@id\":\"https:\\\/\\\/fireware.nl\\\/fr\\\/product\\\/water-rescue-body-recovery\\\/\",\"url\":\"https:\\\/\\\/fireware.nl\\\/fr\\\/product\\\/water-rescue-body-recovery\\\/\",\"name\":\"Ruth Lee Water Rescue Body Recovery - FireWare\",\"isPartOf\":{\"@id\":\"https:\\\/\\\/fireware.nl\\\/fr\\\/#website\"},\"primaryImageOfPage\":{\"@id\":\"https:\\\/\\\/fireware.nl\\\/fr\\\/product\\\/water-rescue-body-recovery\\\/#primaryimage\"},\"image\":{\"@id\":\"https:\\\/\\\/fireware.nl\\\/fr\\\/product\\\/water-rescue-body-recovery\\\/#primaryimage\"},\"thumbnailUrl\":\"https:\\\/\\\/fireware.nl\\\/wp-content\\\/uploads\\\/2019\\\/01\\\/017-043-050-Body-Recovery-zittend.jpg\",\"datePublished\":\"2019-01-23T12:16:00+00:00\",\"dateModified\":\"2025-05-21T14:22:20+00:00\",\"breadcrumb\":{\"@id\":\"https:\\\/\\\/fireware.nl\\\/fr\\\/product\\\/water-rescue-body-recovery\\\/#breadcrumb\"},\"inLanguage\":\"fr-FR\",\"potentialAction\":[{\"@type\":\"ReadAction\",\"target\":[\"https:\\\/\\\/fireware.nl\\\/fr\\\/product\\\/water-rescue-body-recovery\\\/\"]}]},{\"@type\":\"ImageObject\",\"inLanguage\":\"fr-FR\",\"@id\":\"https:\\\/\\\/fireware.nl\\\/fr\\\/product\\\/water-rescue-body-recovery\\\/#primaryimage\",\"url\":\"https:\\\/\\\/fireware.nl\\\/wp-content\\\/uploads\\\/2019\\\/01\\\/017-043-050-Body-Recovery-zittend.jpg\",\"contentUrl\":\"https:\\\/\\\/fireware.nl\\\/wp-content\\\/uploads\\\/2019\\\/01\\\/017-043-050-Body-Recovery-zittend.jpg\",\"width\":600,\"height\":600},{\"@type\":\"BreadcrumbList\",\"@id\":\"https:\\\/\\\/fireware.nl\\\/fr\\\/product\\\/water-rescue-body-recovery\\\/#breadcrumb\",\"itemListElement\":[{\"@type\":\"ListItem\",\"position\":1,\"name\":\"Home\",\"item\":\"https:\\\/\\\/fireware.nl\\\/fr\\\/\"},{\"@type\":\"ListItem\",\"position\":2,\"name\":\"Produits\",\"item\":\"https:\\\/\\\/fireware.nl\\\/fr\\\/produits\\\/\"},{\"@type\":\"ListItem\",\"position\":3,\"name\":\"Ruth Lee Water Rescue Body Recovery\"}]},{\"@type\":\"WebSite\",\"@id\":\"https:\\\/\\\/fireware.nl\\\/fr\\\/#website\",\"url\":\"https:\\\/\\\/fireware.nl\\\/fr\\\/\",\"name\":\"FireWare\",\"description\":\"CREATING REALISTIC  TRAINING ENVIRONMENTS\",\"publisher\":{\"@id\":\"https:\\\/\\\/fireware.nl\\\/fr\\\/#organization\"},\"potentialAction\":[{\"@type\":\"SearchAction\",\"target\":{\"@type\":\"EntryPoint\",\"urlTemplate\":\"https:\\\/\\\/fireware.nl\\\/fr\\\/?s={search_term_string}\"},\"query-input\":{\"@type\":\"PropertyValueSpecification\",\"valueRequired\":true,\"valueName\":\"search_term_string\"}}],\"inLanguage\":\"fr-FR\"},{\"@type\":\"Organization\",\"@id\":\"https:\\\/\\\/fireware.nl\\\/fr\\\/#organization\",\"name\":\"FireWare\",\"url\":\"https:\\\/\\\/fireware.nl\\\/fr\\\/\",\"logo\":{\"@type\":\"ImageObject\",\"inLanguage\":\"fr-FR\",\"@id\":\"https:\\\/\\\/fireware.nl\\\/fr\\\/#\\\/schema\\\/logo\\\/image\\\/\",\"url\":\"https:\\\/\\\/fireware.nl\\\/wp-content\\\/uploads\\\/2018\\\/10\\\/FireWare-logo.jpg\",\"contentUrl\":\"https:\\\/\\\/fireware.nl\\\/wp-content\\\/uploads\\\/2018\\\/10\\\/FireWare-logo.jpg\",\"width\":171,\"height\":70,\"caption\":\"FireWare\"},\"image\":{\"@id\":\"https:\\\/\\\/fireware.nl\\\/fr\\\/#\\\/schema\\\/logo\\\/image\\\/\"},\"sameAs\":[\"https:\\\/\\\/www.facebook.com\\\/FireWareBV\\\/\",\"https:\\\/\\\/x.com\\\/FireWarebv\",\"https:\\\/\\\/www.instagram.com\\\/fireware_nl\\\/\",\"https:\\\/\\\/www.linkedin.com\\\/company\\\/3586017\\\/\",\"https:\\\/\\\/www.youtube.com\\\/user\\\/firesalesrentconsult\"]}]}<\/script>\n<!-- \/ Yoast SEO plugin. -->","yoast_head_json":{"title":"Ruth Lee Water Rescue Body Recovery - FireWare","robots":{"index":"index","follow":"follow","max-snippet":"max-snippet:-1","max-image-preview":"max-image-preview:large","max-video-preview":"max-video-preview:-1"},"canonical":"https:\/\/fireware.nl\/fr\/product\/water-rescue-body-recovery\/","og_locale":"fr_FR","og_type":"article","og_title":"Ruth Lee Water Rescue Body Recovery - FireWare","og_description":"Disponible dans les variantes 10 kg, 30 kg et 50 kg. Le mannequin simule une victime inconsciente ou inondante dans l\u2019eau. Convient parfaitement aux exercices de recherche et mise en s\u00e9curit\u00e9. Fourni avec une face, cheveux et une combinaison. R\u00e9partition r\u00e9aliste entre le poids \u00e0 terre et dans l\u2019eau. Convient moins \u00e0 l\u2019utilisation dans de l\u2019eau au courant tr\u00e8s fort.","og_url":"https:\/\/fireware.nl\/fr\/product\/water-rescue-body-recovery\/","og_site_name":"FireWare","article_publisher":"https:\/\/www.facebook.com\/FireWareBV\/","article_modified_time":"2025-05-21T14:22:20+00:00","og_image":[{"width":600,"height":600,"url":"https:\/\/fireware.nl\/wp-content\/uploads\/2019\/01\/017-043-050-Body-Recovery-zittend.jpg","type":"image\/jpeg"}],"twitter_card":"summary_large_image","twitter_site":"@FireWarebv","twitter_misc":{"Dur\u00e9e de lecture estim\u00e9e":"2 minutes"},"schema":{"@context":"https:\/\/schema.org","@graph":[{"@type":"WebPage","@id":"https:\/\/fireware.nl\/fr\/product\/water-rescue-body-recovery\/","url":"https:\/\/fireware.nl\/fr\/product\/water-rescue-body-recovery\/","name":"Ruth Lee Water Rescue Body Recovery - FireWare","isPartOf":{"@id":"https:\/\/fireware.nl\/fr\/#website"},"primaryImageOfPage":{"@id":"https:\/\/fireware.nl\/fr\/product\/water-rescue-body-recovery\/#primaryimage"},"image":{"@id":"https:\/\/fireware.nl\/fr\/product\/water-rescue-body-recovery\/#primaryimage"},"thumbnailUrl":"https:\/\/fireware.nl\/wp-content\/uploads\/2019\/01\/017-043-050-Body-Recovery-zittend.jpg","datePublished":"2019-01-23T12:16:00+00:00","dateModified":"2025-05-21T14:22:20+00:00","breadcrumb":{"@id":"https:\/\/fireware.nl\/fr\/product\/water-rescue-body-recovery\/#breadcrumb"},"inLanguage":"fr-FR","potentialAction":[{"@type":"ReadAction","target":["https:\/\/fireware.nl\/fr\/product\/water-rescue-body-recovery\/"]}]},{"@type":"ImageObject","inLanguage":"fr-FR","@id":"https:\/\/fireware.nl\/fr\/product\/water-rescue-body-recovery\/#primaryimage","url":"https:\/\/fireware.nl\/wp-content\/uploads\/2019\/01\/017-043-050-Body-Recovery-zittend.jpg","contentUrl":"https:\/\/fireware.nl\/wp-content\/uploads\/2019\/01\/017-043-050-Body-Recovery-zittend.jpg","width":600,"height":600},{"@type":"BreadcrumbList","@id":"https:\/\/fireware.nl\/fr\/product\/water-rescue-body-recovery\/#breadcrumb","itemListElement":[{"@type":"ListItem","position":1,"name":"Home","item":"https:\/\/fireware.nl\/fr\/"},{"@type":"ListItem","position":2,"name":"Produits","item":"https:\/\/fireware.nl\/fr\/produits\/"},{"@type":"ListItem","position":3,"name":"Ruth Lee Water Rescue Body Recovery"}]},{"@type":"WebSite","@id":"https:\/\/fireware.nl\/fr\/#website","url":"https:\/\/fireware.nl\/fr\/","name":"FireWare","description":"CREATING REALISTIC  TRAINING ENVIRONMENTS","publisher":{"@id":"https:\/\/fireware.nl\/fr\/#organization"},"potentialAction":[{"@type":"SearchAction","target":{"@type":"EntryPoint","urlTemplate":"https:\/\/fireware.nl\/fr\/?s={search_term_string}"},"query-input":{"@type":"PropertyValueSpecification","valueRequired":true,"valueName":"search_term_string"}}],"inLanguage":"fr-FR"},{"@type":"Organization","@id":"https:\/\/fireware.nl\/fr\/#organization","name":"FireWare","url":"https:\/\/fireware.nl\/fr\/","logo":{"@type":"ImageObject","inLanguage":"fr-FR","@id":"https:\/\/fireware.nl\/fr\/#\/schema\/logo\/image\/","url":"https:\/\/fireware.nl\/wp-content\/uploads\/2018\/10\/FireWare-logo.jpg","contentUrl":"https:\/\/fireware.nl\/wp-content\/uploads\/2018\/10\/FireWare-logo.jpg","width":171,"height":70,"caption":"FireWare"},"image":{"@id":"https:\/\/fireware.nl\/fr\/#\/schema\/logo\/image\/"},"sameAs":["https:\/\/www.facebook.com\/FireWareBV\/","https:\/\/x.com\/FireWarebv","https:\/\/www.instagram.com\/fireware_nl\/","https:\/\/www.linkedin.com\/company\/3586017\/","https:\/\/www.youtube.com\/user\/firesalesrentconsult"]}]}},"publishpress_future_workflow_manual_trigger":{"enabledWorkflows":[]},"_links":{"self":[{"href":"https:\/\/fireware.nl\/fr\/wp-json\/wp\/v2\/product\/19475","targetHints":{"allow":["GET"]}}],"collection":[{"href":"https:\/\/fireware.nl\/fr\/wp-json\/wp\/v2\/product"}],"about":[{"href":"https:\/\/fireware.nl\/fr\/wp-json\/wp\/v2\/types\/product"}],"wp:featuredmedia":[{"embeddable":true,"href":"https:\/\/fireware.nl\/fr\/wp-json\/wp\/v2\/media\/53036"}],"wp:attachment":[{"href":"https:\/\/fireware.nl\/fr\/wp-json\/wp\/v2\/media?parent=19475"}],"wp:term":[{"taxonomy":"product_brand","embeddable":true,"href":"https:\/\/fireware.nl\/fr\/wp-json\/wp\/v2\/product_brand?post=19475"},{"taxonomy":"product_cat","embeddable":true,"href":"https:\/\/fireware.nl\/fr\/wp-json\/wp\/v2\/product_cat?post=19475"},{"taxonomy":"product_tag","embeddable":true,"href":"https:\/\/fireware.nl\/fr\/wp-json\/wp\/v2\/product_tag?post=19475"}],"curies":[{"name":"wp","href":"https:\/\/api.w.org\/{rel}","templated":true}]}}