
{"id":19488,"date":"2019-01-23T12:16:00","date_gmt":"2019-01-23T12:16:00","guid":{"rendered":"http:\/\/fireware.sites.hyperhosting.co\/?post_type=product&#038;p=19488"},"modified":"2025-05-21T14:15:57","modified_gmt":"2025-05-21T14:15:57","slug":"water-rescue-mob-manikin","status":"publish","type":"product","link":"https:\/\/fireware.nl\/fr\/product\/water-rescue-mob-manikin\/","title":{"rendered":"Ruth Lee Water Rescue MOB Manikin"},"content":{"rendered":"\r\n<h2>Mannequins d&#8217;entra\u00eenement Ruth Lee<\/h2>\r\n<p>Les mannequins d&#8217;entra\u00eenement Ruth Lee sont con\u00e7us pour une formation r\u00e9aliste et efficace. Ces mannequins sont connus pour leur durabilit\u00e9 et leur polyvalence, ce qui les rend id\u00e9aux pour la formation des pompiers, des secouristes, des services de sauvetage et autres services d&#8217;urgence. Avec les mannequins Ruth Lee, vous pouvez simuler des sc\u00e9narios r\u00e9alistes, permettant ainsi aux intervenants d&#8217;\u00eatre mieux pr\u00e9par\u00e9s aux situations d&#8217;urgence r\u00e9elles. La gamme comprend des mannequins pour diff\u00e9rents types de formation et dans diff\u00e9rentes tailles et poids.<\/p>\r\n<h2>Simuler une personne inconsciente dans l&#8217;eau<\/h2>\r\n<p>Le Mannequin de sauvetage en mer Man Overboard (MOB) simule de mani\u00e8re r\u00e9aliste une personne (inconsciente) dans l&#8217;eau. Par lui-m\u00eame, le mannequin flotte avec les \u00e9paules et la t\u00eate au-dessus de l&#8217;eau sous un angle de 45 degr\u00e9s. En d\u00e9pla\u00e7ant de la mousse de la poitrine vers les jambes, le mannequin peut flotter horizontalement.<\/p>\r\n<h2>Adapt\u00e9 aux conditions difficiles<\/h2>\r\n<p>Le Man Overboard est tr\u00e8s visible ; il porte une combinaison orange vif et est \u00e9quip\u00e9 de SOLAS bandes r\u00e9fl\u00e9chissantes. Les sauveteurs peuvent ainsi rapidement distinguer le mannequin de l&#8217;eau et le sauver. Il est \u00e9galement adapt\u00e9 pour une utilisation dans des eaux avec des courants tr\u00e8s forts.<\/p>\r\n<h2>Manipulation r\u00e9aliste<\/h2>\r\n<p>Le mannequin poss\u00e8de des bandes plastiques internes, ce qui permet au mannequin de se plier de mani\u00e8re r\u00e9aliste, mais il ne peut pas se plier compl\u00e8tement. Les versions de 20 kg et 40 kg sont \u00e9quip\u00e9es de bottes. Les bottes du Man Overboard poss\u00e8dent des ouvertures de drainage permettant \u00e0 l&#8217;eau de s&#8217;\u00e9couler. Les bottes prot\u00e8gent les jambes, vous permettant de tirer le mannequin sur divers types de surfaces, telles que la plage ou les rochers.<\/p>\r\n<h2>Voir la video<\/h2>\r\n<p><iframe loading=\"lazy\" src=\"https:\/\/player.vimeo.com\/video\/493742868\" width=\"640\" height=\"360\" frameborder=\"0\" allowfullscreen=\"allowfullscreen\"><\/iframe><\/p>\r\n","protected":false},"excerpt":{"rendered":"<ul>\n<li>Le mannequin de formation simule une victime (inconsciente) dans l&#8217;eau.<\/li>\n<li>Adapt\u00e9 pour les sauvetages par prise.<\/li>\n<li>Le mannequin flotte \u00e0 un angle de 45 degr\u00e9s.<\/li>\n<li>Peut aussi flotter horizontalement en d\u00e9pla\u00e7ant de la mousse.<\/li>\n<li>\u00c9quip\u00e9 de SOLAS bandes r\u00e9fl\u00e9chissantes sur la t\u00eate.<\/li>\n<li>Adapt\u00e9 pour les eaux avec des courants tr\u00e8s forts.<\/li>\n<\/ul>\n","protected":false},"featured_media":105586,"template":"","meta":[],"product_brand":[],"product_cat":[113],"product_tag":[],"class_list":{"0":"post-19488","1":"product","2":"type-product","3":"status-publish","4":"has-post-thumbnail","6":"product_cat-mannequins-de-secourisme-dans-leau","8":"first","9":"instock","10":"taxable","11":"shipping-taxable","12":"purchasable","13":"product-type-variable"},"yoast_head":"<!-- This site is optimized with the Yoast SEO plugin v27.5 - https:\/\/yoast.com\/product\/yoast-seo-wordpress\/ -->\n<title>Ruth Lee Water Rescue MOB Manikin - FireWare<\/title>\n<meta name=\"robots\" content=\"index, follow, max-snippet:-1, max-image-preview:large, max-video-preview:-1\" \/>\n<link rel=\"canonical\" href=\"https:\/\/fireware.nl\/fr\/product\/water-rescue-mob-manikin\/\" \/>\n<meta property=\"og:locale\" content=\"fr_FR\" \/>\n<meta property=\"og:type\" content=\"article\" \/>\n<meta property=\"og:title\" content=\"Ruth Lee Water Rescue MOB Manikin - FireWare\" \/>\n<meta property=\"og:description\" content=\"Le mannequin de formation simule une victime (inconsciente) dans l&#039;eau. Adapt\u00e9 pour les sauvetages par prise. Le mannequin flotte \u00e0 un angle de 45 degr\u00e9s. Peut aussi flotter horizontalement en d\u00e9pla\u00e7ant de la mousse. \u00c9quip\u00e9 de SOLAS bandes r\u00e9fl\u00e9chissantes sur la t\u00eate. Adapt\u00e9 pour les eaux avec des courants tr\u00e8s forts.\" \/>\n<meta property=\"og:url\" content=\"https:\/\/fireware.nl\/fr\/product\/water-rescue-mob-manikin\/\" \/>\n<meta property=\"og:site_name\" content=\"FireWare\" \/>\n<meta property=\"article:publisher\" content=\"https:\/\/www.facebook.com\/FireWareBV\/\" \/>\n<meta property=\"article:modified_time\" content=\"2025-05-21T14:15:57+00:00\" \/>\n<meta property=\"og:image\" content=\"https:\/\/fireware.nl\/wp-content\/uploads\/2019\/01\/Ruth-Lee-Water-rescue-MOB-oefenpop.jpg\" \/>\n\t<meta property=\"og:image:width\" content=\"600\" \/>\n\t<meta property=\"og:image:height\" content=\"600\" \/>\n\t<meta property=\"og:image:type\" content=\"image\/jpeg\" \/>\n<meta name=\"twitter:card\" content=\"summary_large_image\" \/>\n<meta name=\"twitter:site\" content=\"@FireWarebv\" \/>\n<meta name=\"twitter:label1\" content=\"Dur\u00e9e de lecture estim\u00e9e\" \/>\n\t<meta name=\"twitter:data1\" content=\"2 minutes\" \/>\n<script type=\"application\/ld+json\" class=\"yoast-schema-graph\">{\"@context\":\"https:\\\/\\\/schema.org\",\"@graph\":[{\"@type\":\"WebPage\",\"@id\":\"https:\\\/\\\/fireware.nl\\\/fr\\\/product\\\/water-rescue-mob-manikin\\\/\",\"url\":\"https:\\\/\\\/fireware.nl\\\/fr\\\/product\\\/water-rescue-mob-manikin\\\/\",\"name\":\"Ruth Lee Water Rescue MOB Manikin - FireWare\",\"isPartOf\":{\"@id\":\"https:\\\/\\\/fireware.nl\\\/fr\\\/#website\"},\"primaryImageOfPage\":{\"@id\":\"https:\\\/\\\/fireware.nl\\\/fr\\\/product\\\/water-rescue-mob-manikin\\\/#primaryimage\"},\"image\":{\"@id\":\"https:\\\/\\\/fireware.nl\\\/fr\\\/product\\\/water-rescue-mob-manikin\\\/#primaryimage\"},\"thumbnailUrl\":\"https:\\\/\\\/fireware.nl\\\/wp-content\\\/uploads\\\/2019\\\/01\\\/Ruth-Lee-Water-rescue-MOB-oefenpop.jpg\",\"datePublished\":\"2019-01-23T12:16:00+00:00\",\"dateModified\":\"2025-05-21T14:15:57+00:00\",\"breadcrumb\":{\"@id\":\"https:\\\/\\\/fireware.nl\\\/fr\\\/product\\\/water-rescue-mob-manikin\\\/#breadcrumb\"},\"inLanguage\":\"fr-FR\",\"potentialAction\":[{\"@type\":\"ReadAction\",\"target\":[\"https:\\\/\\\/fireware.nl\\\/fr\\\/product\\\/water-rescue-mob-manikin\\\/\"]}]},{\"@type\":\"ImageObject\",\"inLanguage\":\"fr-FR\",\"@id\":\"https:\\\/\\\/fireware.nl\\\/fr\\\/product\\\/water-rescue-mob-manikin\\\/#primaryimage\",\"url\":\"https:\\\/\\\/fireware.nl\\\/wp-content\\\/uploads\\\/2019\\\/01\\\/Ruth-Lee-Water-rescue-MOB-oefenpop.jpg\",\"contentUrl\":\"https:\\\/\\\/fireware.nl\\\/wp-content\\\/uploads\\\/2019\\\/01\\\/Ruth-Lee-Water-rescue-MOB-oefenpop.jpg\",\"width\":600,\"height\":600},{\"@type\":\"BreadcrumbList\",\"@id\":\"https:\\\/\\\/fireware.nl\\\/fr\\\/product\\\/water-rescue-mob-manikin\\\/#breadcrumb\",\"itemListElement\":[{\"@type\":\"ListItem\",\"position\":1,\"name\":\"Home\",\"item\":\"https:\\\/\\\/fireware.nl\\\/fr\\\/\"},{\"@type\":\"ListItem\",\"position\":2,\"name\":\"Produits\",\"item\":\"https:\\\/\\\/fireware.nl\\\/fr\\\/produits\\\/\"},{\"@type\":\"ListItem\",\"position\":3,\"name\":\"Ruth Lee Water Rescue MOB Manikin\"}]},{\"@type\":\"WebSite\",\"@id\":\"https:\\\/\\\/fireware.nl\\\/fr\\\/#website\",\"url\":\"https:\\\/\\\/fireware.nl\\\/fr\\\/\",\"name\":\"FireWare\",\"description\":\"CREATING REALISTIC  TRAINING ENVIRONMENTS\",\"publisher\":{\"@id\":\"https:\\\/\\\/fireware.nl\\\/fr\\\/#organization\"},\"potentialAction\":[{\"@type\":\"SearchAction\",\"target\":{\"@type\":\"EntryPoint\",\"urlTemplate\":\"https:\\\/\\\/fireware.nl\\\/fr\\\/?s={search_term_string}\"},\"query-input\":{\"@type\":\"PropertyValueSpecification\",\"valueRequired\":true,\"valueName\":\"search_term_string\"}}],\"inLanguage\":\"fr-FR\"},{\"@type\":\"Organization\",\"@id\":\"https:\\\/\\\/fireware.nl\\\/fr\\\/#organization\",\"name\":\"FireWare\",\"url\":\"https:\\\/\\\/fireware.nl\\\/fr\\\/\",\"logo\":{\"@type\":\"ImageObject\",\"inLanguage\":\"fr-FR\",\"@id\":\"https:\\\/\\\/fireware.nl\\\/fr\\\/#\\\/schema\\\/logo\\\/image\\\/\",\"url\":\"https:\\\/\\\/fireware.nl\\\/wp-content\\\/uploads\\\/2018\\\/10\\\/FireWare-logo.jpg\",\"contentUrl\":\"https:\\\/\\\/fireware.nl\\\/wp-content\\\/uploads\\\/2018\\\/10\\\/FireWare-logo.jpg\",\"width\":171,\"height\":70,\"caption\":\"FireWare\"},\"image\":{\"@id\":\"https:\\\/\\\/fireware.nl\\\/fr\\\/#\\\/schema\\\/logo\\\/image\\\/\"},\"sameAs\":[\"https:\\\/\\\/www.facebook.com\\\/FireWareBV\\\/\",\"https:\\\/\\\/x.com\\\/FireWarebv\",\"https:\\\/\\\/www.instagram.com\\\/fireware_nl\\\/\",\"https:\\\/\\\/www.linkedin.com\\\/company\\\/3586017\\\/\",\"https:\\\/\\\/www.youtube.com\\\/user\\\/firesalesrentconsult\"]}]}<\/script>\n<!-- \/ Yoast SEO plugin. -->","yoast_head_json":{"title":"Ruth Lee Water Rescue MOB Manikin - FireWare","robots":{"index":"index","follow":"follow","max-snippet":"max-snippet:-1","max-image-preview":"max-image-preview:large","max-video-preview":"max-video-preview:-1"},"canonical":"https:\/\/fireware.nl\/fr\/product\/water-rescue-mob-manikin\/","og_locale":"fr_FR","og_type":"article","og_title":"Ruth Lee Water Rescue MOB Manikin - FireWare","og_description":"Le mannequin de formation simule une victime (inconsciente) dans l'eau. Adapt\u00e9 pour les sauvetages par prise. Le mannequin flotte \u00e0 un angle de 45 degr\u00e9s. Peut aussi flotter horizontalement en d\u00e9pla\u00e7ant de la mousse. \u00c9quip\u00e9 de SOLAS bandes r\u00e9fl\u00e9chissantes sur la t\u00eate. Adapt\u00e9 pour les eaux avec des courants tr\u00e8s forts.","og_url":"https:\/\/fireware.nl\/fr\/product\/water-rescue-mob-manikin\/","og_site_name":"FireWare","article_publisher":"https:\/\/www.facebook.com\/FireWareBV\/","article_modified_time":"2025-05-21T14:15:57+00:00","og_image":[{"width":600,"height":600,"url":"https:\/\/fireware.nl\/wp-content\/uploads\/2019\/01\/Ruth-Lee-Water-rescue-MOB-oefenpop.jpg","type":"image\/jpeg"}],"twitter_card":"summary_large_image","twitter_site":"@FireWarebv","twitter_misc":{"Dur\u00e9e de lecture estim\u00e9e":"2 minutes"},"schema":{"@context":"https:\/\/schema.org","@graph":[{"@type":"WebPage","@id":"https:\/\/fireware.nl\/fr\/product\/water-rescue-mob-manikin\/","url":"https:\/\/fireware.nl\/fr\/product\/water-rescue-mob-manikin\/","name":"Ruth Lee Water Rescue MOB Manikin - FireWare","isPartOf":{"@id":"https:\/\/fireware.nl\/fr\/#website"},"primaryImageOfPage":{"@id":"https:\/\/fireware.nl\/fr\/product\/water-rescue-mob-manikin\/#primaryimage"},"image":{"@id":"https:\/\/fireware.nl\/fr\/product\/water-rescue-mob-manikin\/#primaryimage"},"thumbnailUrl":"https:\/\/fireware.nl\/wp-content\/uploads\/2019\/01\/Ruth-Lee-Water-rescue-MOB-oefenpop.jpg","datePublished":"2019-01-23T12:16:00+00:00","dateModified":"2025-05-21T14:15:57+00:00","breadcrumb":{"@id":"https:\/\/fireware.nl\/fr\/product\/water-rescue-mob-manikin\/#breadcrumb"},"inLanguage":"fr-FR","potentialAction":[{"@type":"ReadAction","target":["https:\/\/fireware.nl\/fr\/product\/water-rescue-mob-manikin\/"]}]},{"@type":"ImageObject","inLanguage":"fr-FR","@id":"https:\/\/fireware.nl\/fr\/product\/water-rescue-mob-manikin\/#primaryimage","url":"https:\/\/fireware.nl\/wp-content\/uploads\/2019\/01\/Ruth-Lee-Water-rescue-MOB-oefenpop.jpg","contentUrl":"https:\/\/fireware.nl\/wp-content\/uploads\/2019\/01\/Ruth-Lee-Water-rescue-MOB-oefenpop.jpg","width":600,"height":600},{"@type":"BreadcrumbList","@id":"https:\/\/fireware.nl\/fr\/product\/water-rescue-mob-manikin\/#breadcrumb","itemListElement":[{"@type":"ListItem","position":1,"name":"Home","item":"https:\/\/fireware.nl\/fr\/"},{"@type":"ListItem","position":2,"name":"Produits","item":"https:\/\/fireware.nl\/fr\/produits\/"},{"@type":"ListItem","position":3,"name":"Ruth Lee Water Rescue MOB Manikin"}]},{"@type":"WebSite","@id":"https:\/\/fireware.nl\/fr\/#website","url":"https:\/\/fireware.nl\/fr\/","name":"FireWare","description":"CREATING REALISTIC  TRAINING ENVIRONMENTS","publisher":{"@id":"https:\/\/fireware.nl\/fr\/#organization"},"potentialAction":[{"@type":"SearchAction","target":{"@type":"EntryPoint","urlTemplate":"https:\/\/fireware.nl\/fr\/?s={search_term_string}"},"query-input":{"@type":"PropertyValueSpecification","valueRequired":true,"valueName":"search_term_string"}}],"inLanguage":"fr-FR"},{"@type":"Organization","@id":"https:\/\/fireware.nl\/fr\/#organization","name":"FireWare","url":"https:\/\/fireware.nl\/fr\/","logo":{"@type":"ImageObject","inLanguage":"fr-FR","@id":"https:\/\/fireware.nl\/fr\/#\/schema\/logo\/image\/","url":"https:\/\/fireware.nl\/wp-content\/uploads\/2018\/10\/FireWare-logo.jpg","contentUrl":"https:\/\/fireware.nl\/wp-content\/uploads\/2018\/10\/FireWare-logo.jpg","width":171,"height":70,"caption":"FireWare"},"image":{"@id":"https:\/\/fireware.nl\/fr\/#\/schema\/logo\/image\/"},"sameAs":["https:\/\/www.facebook.com\/FireWareBV\/","https:\/\/x.com\/FireWarebv","https:\/\/www.instagram.com\/fireware_nl\/","https:\/\/www.linkedin.com\/company\/3586017\/","https:\/\/www.youtube.com\/user\/firesalesrentconsult"]}]}},"publishpress_future_workflow_manual_trigger":{"enabledWorkflows":[]},"_links":{"self":[{"href":"https:\/\/fireware.nl\/fr\/wp-json\/wp\/v2\/product\/19488","targetHints":{"allow":["GET"]}}],"collection":[{"href":"https:\/\/fireware.nl\/fr\/wp-json\/wp\/v2\/product"}],"about":[{"href":"https:\/\/fireware.nl\/fr\/wp-json\/wp\/v2\/types\/product"}],"wp:featuredmedia":[{"embeddable":true,"href":"https:\/\/fireware.nl\/fr\/wp-json\/wp\/v2\/media\/105586"}],"wp:attachment":[{"href":"https:\/\/fireware.nl\/fr\/wp-json\/wp\/v2\/media?parent=19488"}],"wp:term":[{"taxonomy":"product_brand","embeddable":true,"href":"https:\/\/fireware.nl\/fr\/wp-json\/wp\/v2\/product_brand?post=19488"},{"taxonomy":"product_cat","embeddable":true,"href":"https:\/\/fireware.nl\/fr\/wp-json\/wp\/v2\/product_cat?post=19488"},{"taxonomy":"product_tag","embeddable":true,"href":"https:\/\/fireware.nl\/fr\/wp-json\/wp\/v2\/product_tag?post=19488"}],"curies":[{"name":"wp","href":"https:\/\/api.w.org\/{rel}","templated":true}]}}