
{"id":19511,"date":"2019-01-23T12:15:51","date_gmt":"2019-01-23T12:15:51","guid":{"rendered":"http:\/\/fireware.sites.hyperhosting.co\/?post_type=product&#038;p=19511"},"modified":"2025-05-28T10:31:27","modified_gmt":"2025-05-28T10:31:27","slug":"firehouse-mannequin","status":"publish","type":"product","link":"https:\/\/fireware.nl\/fr\/product\/firehouse-mannequin\/","title":{"rendered":"Ruth Lee Firehouse Mannequin"},"content":{"rendered":"\r\n<h2>Manikins d&#8217;entra\u00eenement Ruth Lee<\/h2>\r\n<p>Les Manikins d&#8217;entra\u00eenement Ruth Lee sont con\u00e7ues pour un entra\u00eenement r\u00e9aliste et efficace. Ces Manikins sont reconnues pour leur durabilit\u00e9 et leur polyvalence, id\u00e9ales pour former les pompiers, les sauveteurs, les services de secours et d&#8217;autres services d&#8217;urgence. Avec les Manikins d&#8217;entra\u00eenement Ruth Lee, vous pouvez simuler des sc\u00e9narios r\u00e9alistes, pr\u00e9parant ainsi les intervenants \u00e0 de vraies situations d&#8217;urgence. La gamme comprend des poup\u00e9es pour une vari\u00e9t\u00e9 de formations et dans diff\u00e9rentes tailles et poids.<\/p>\r\n<h2>Mannequin robuste, r\u00e9sistant \u00e0 des temp\u00e9ratures \u00e9lev\u00e9es<\/h2>\r\n<p>Disponible dans les poids de 10 kg, 20 kg, 30 kg, 50 kg et 70 kg.\u00a0Ce mannequin est fabriqu\u00e9 de Nomex d&#8217;une qualit\u00e9 excellente. Le Nomex est fr\u00e9quemment utilis\u00e9 dans les v\u00eatements protecteurs et r\u00e9siste tr\u00e8s bien les temp\u00e9ratures tr\u00e8s \u00e9lev\u00e9es.\u00a0Le mannequin peut facilement supporter des temp\u00e9ratures allant de 160 degr\u00e9s Celsius au sol \u00e0 400 degr\u00e9s Celsius au plafond, et convient parfaitement \u00e0 des man\u0153uvres de sauvetage rapides,\u00a0 effectu\u00e9es dans des locaux d&#8217;exercice o\u00f9 r\u00e8gnent des temp\u00e9ratures \u00e9lev\u00e9es. Le mannequin peut \u00eatre plac\u00e9 tout pr\u00e8s d&#8217;une source de chaleur sans prendre feu. Le mannequin est m\u00eame en mesure de supporter, pendant une courte p\u00e9riode, des temp\u00e9ratures de plus de 1000 degr\u00e9s Celsius dues \u00e0 une\u00a0inflammation instantan\u00e9e.\u00a0Cependant, si le mannequin est expos\u00e9 pendant trop longtemps au feu ou est plac\u00e9 trop pr\u00e8s du feu, il risque de se d\u00e9t\u00e9riorer, de m\u00eame que si l&#8217;on y met le feu\u00a0!<\/p>\r\n<p>La longueur et le poids du mannequin sont r\u00e9partis de mani\u00e8re r\u00e9aliste. Le rembourrage qu&#8217;il contient est attach\u00e9, de sorte que tous ses membres renferment un poids r\u00e9el qui reste en place. Le mannequin FireHouse porte des bottes de s\u00e9curit\u00e9 haute thermor\u00e9sistantes (hormis le variant de 5 &amp; 10 kg).<\/p>\r\n","protected":false},"excerpt":{"rendered":"<ul>\n<li>Mannequin robuste fait \u00e0 base de mat\u00e9riau retardateur de flammes.<\/li>\n<li>R\u00e9siste \u00e0 la chaleur.<\/li>\n<li>Parfait pour les sauvetages rapides.<\/li>\n<li>Supporte des temp\u00e9ratures allant de 160 \u00e0 400 degr\u00e9s Celsius.<\/li>\n<li>20 kg, 30 kg, 50 kg et le 70 kg sont muni de bottes de s\u00e9curit\u00e9 r\u00e9sistantes \u00e0 la chaleur.<\/li>\n<\/ul>\n","protected":false},"featured_media":21430,"template":"","meta":[],"product_brand":[],"product_cat":[116,104],"product_tag":[],"class_list":{"0":"post-19511","1":"product","2":"type-product","3":"status-publish","4":"has-post-thumbnail","6":"product_cat-fire-house-mannequins","7":"product_cat-mannequins","8":"pa_gewicht-lengte-10-kg-90cm-fr-2","9":"pa_gewicht-lengte-20-kg-130cm-fr","10":"pa_gewicht-lengte-20-kg-180cm-fr","11":"pa_gewicht-lengte-30kg-180cm-fr","12":"pa_gewicht-lengte-50kg-180cm-fr","13":"pa_gewicht-lengte-5kg-70cm-fr","14":"pa_gewicht-lengte-70kg-180cm-fr","16":"first","17":"instock","18":"taxable","19":"shipping-taxable","20":"purchasable","21":"product-type-variable"},"yoast_head":"<!-- This site is optimized with the Yoast SEO plugin v27.5 - https:\/\/yoast.com\/product\/yoast-seo-wordpress\/ -->\n<title>Ruth Lee Firehouse Mannequin - FireWare<\/title>\n<meta name=\"robots\" content=\"index, follow, max-snippet:-1, max-image-preview:large, max-video-preview:-1\" \/>\n<link rel=\"canonical\" href=\"https:\/\/fireware.nl\/fr\/product\/firehouse-mannequin\/\" \/>\n<meta property=\"og:locale\" content=\"fr_FR\" \/>\n<meta property=\"og:type\" content=\"article\" \/>\n<meta property=\"og:title\" content=\"Ruth Lee Firehouse Mannequin - FireWare\" \/>\n<meta property=\"og:description\" content=\"Mannequin robuste fait \u00e0 base de mat\u00e9riau retardateur de flammes. R\u00e9siste \u00e0 la chaleur. Parfait pour les sauvetages rapides. Supporte des temp\u00e9ratures allant de 160 \u00e0 400 degr\u00e9s Celsius. 20 kg, 30 kg, 50 kg et le 70 kg sont muni de bottes de s\u00e9curit\u00e9 r\u00e9sistantes \u00e0 la chaleur.\" \/>\n<meta property=\"og:url\" content=\"https:\/\/fireware.nl\/fr\/product\/firehouse-mannequin\/\" \/>\n<meta property=\"og:site_name\" content=\"FireWare\" \/>\n<meta property=\"article:publisher\" content=\"https:\/\/www.facebook.com\/FireWareBV\/\" \/>\n<meta property=\"article:modified_time\" content=\"2025-05-28T10:31:27+00:00\" \/>\n<meta property=\"og:image\" content=\"https:\/\/fireware.nl\/wp-content\/uploads\/2019\/01\/017-043-034-FirehouseOefenpop.jpg\" \/>\n\t<meta property=\"og:image:width\" content=\"600\" \/>\n\t<meta property=\"og:image:height\" content=\"600\" \/>\n\t<meta property=\"og:image:type\" content=\"image\/jpeg\" \/>\n<meta name=\"twitter:card\" content=\"summary_large_image\" \/>\n<meta name=\"twitter:site\" content=\"@FireWarebv\" \/>\n<meta name=\"twitter:label1\" content=\"Dur\u00e9e de lecture estim\u00e9e\" \/>\n\t<meta name=\"twitter:data1\" content=\"2 minutes\" \/>\n<script type=\"application\/ld+json\" class=\"yoast-schema-graph\">{\"@context\":\"https:\\\/\\\/schema.org\",\"@graph\":[{\"@type\":\"WebPage\",\"@id\":\"https:\\\/\\\/fireware.nl\\\/fr\\\/product\\\/firehouse-mannequin\\\/\",\"url\":\"https:\\\/\\\/fireware.nl\\\/fr\\\/product\\\/firehouse-mannequin\\\/\",\"name\":\"Ruth Lee Firehouse Mannequin - FireWare\",\"isPartOf\":{\"@id\":\"https:\\\/\\\/fireware.nl\\\/fr\\\/#website\"},\"primaryImageOfPage\":{\"@id\":\"https:\\\/\\\/fireware.nl\\\/fr\\\/product\\\/firehouse-mannequin\\\/#primaryimage\"},\"image\":{\"@id\":\"https:\\\/\\\/fireware.nl\\\/fr\\\/product\\\/firehouse-mannequin\\\/#primaryimage\"},\"thumbnailUrl\":\"https:\\\/\\\/fireware.nl\\\/wp-content\\\/uploads\\\/2019\\\/01\\\/017-043-034-FirehouseOefenpop.jpg\",\"datePublished\":\"2019-01-23T12:15:51+00:00\",\"dateModified\":\"2025-05-28T10:31:27+00:00\",\"breadcrumb\":{\"@id\":\"https:\\\/\\\/fireware.nl\\\/fr\\\/product\\\/firehouse-mannequin\\\/#breadcrumb\"},\"inLanguage\":\"fr-FR\",\"potentialAction\":[{\"@type\":\"ReadAction\",\"target\":[\"https:\\\/\\\/fireware.nl\\\/fr\\\/product\\\/firehouse-mannequin\\\/\"]}]},{\"@type\":\"ImageObject\",\"inLanguage\":\"fr-FR\",\"@id\":\"https:\\\/\\\/fireware.nl\\\/fr\\\/product\\\/firehouse-mannequin\\\/#primaryimage\",\"url\":\"https:\\\/\\\/fireware.nl\\\/wp-content\\\/uploads\\\/2019\\\/01\\\/017-043-034-FirehouseOefenpop.jpg\",\"contentUrl\":\"https:\\\/\\\/fireware.nl\\\/wp-content\\\/uploads\\\/2019\\\/01\\\/017-043-034-FirehouseOefenpop.jpg\",\"width\":600,\"height\":600,\"caption\":\"017-043-034 FirehouseOefenpop\"},{\"@type\":\"BreadcrumbList\",\"@id\":\"https:\\\/\\\/fireware.nl\\\/fr\\\/product\\\/firehouse-mannequin\\\/#breadcrumb\",\"itemListElement\":[{\"@type\":\"ListItem\",\"position\":1,\"name\":\"Home\",\"item\":\"https:\\\/\\\/fireware.nl\\\/fr\\\/\"},{\"@type\":\"ListItem\",\"position\":2,\"name\":\"Produits\",\"item\":\"https:\\\/\\\/fireware.nl\\\/fr\\\/produits\\\/\"},{\"@type\":\"ListItem\",\"position\":3,\"name\":\"Ruth Lee Firehouse Mannequin\"}]},{\"@type\":\"WebSite\",\"@id\":\"https:\\\/\\\/fireware.nl\\\/fr\\\/#website\",\"url\":\"https:\\\/\\\/fireware.nl\\\/fr\\\/\",\"name\":\"FireWare\",\"description\":\"CREATING REALISTIC  TRAINING ENVIRONMENTS\",\"publisher\":{\"@id\":\"https:\\\/\\\/fireware.nl\\\/fr\\\/#organization\"},\"potentialAction\":[{\"@type\":\"SearchAction\",\"target\":{\"@type\":\"EntryPoint\",\"urlTemplate\":\"https:\\\/\\\/fireware.nl\\\/fr\\\/?s={search_term_string}\"},\"query-input\":{\"@type\":\"PropertyValueSpecification\",\"valueRequired\":true,\"valueName\":\"search_term_string\"}}],\"inLanguage\":\"fr-FR\"},{\"@type\":\"Organization\",\"@id\":\"https:\\\/\\\/fireware.nl\\\/fr\\\/#organization\",\"name\":\"FireWare\",\"url\":\"https:\\\/\\\/fireware.nl\\\/fr\\\/\",\"logo\":{\"@type\":\"ImageObject\",\"inLanguage\":\"fr-FR\",\"@id\":\"https:\\\/\\\/fireware.nl\\\/fr\\\/#\\\/schema\\\/logo\\\/image\\\/\",\"url\":\"https:\\\/\\\/fireware.nl\\\/wp-content\\\/uploads\\\/2018\\\/10\\\/FireWare-logo.jpg\",\"contentUrl\":\"https:\\\/\\\/fireware.nl\\\/wp-content\\\/uploads\\\/2018\\\/10\\\/FireWare-logo.jpg\",\"width\":171,\"height\":70,\"caption\":\"FireWare\"},\"image\":{\"@id\":\"https:\\\/\\\/fireware.nl\\\/fr\\\/#\\\/schema\\\/logo\\\/image\\\/\"},\"sameAs\":[\"https:\\\/\\\/www.facebook.com\\\/FireWareBV\\\/\",\"https:\\\/\\\/x.com\\\/FireWarebv\",\"https:\\\/\\\/www.instagram.com\\\/fireware_nl\\\/\",\"https:\\\/\\\/www.linkedin.com\\\/company\\\/3586017\\\/\",\"https:\\\/\\\/www.youtube.com\\\/user\\\/firesalesrentconsult\"]}]}<\/script>\n<!-- \/ Yoast SEO plugin. -->","yoast_head_json":{"title":"Ruth Lee Firehouse Mannequin - FireWare","robots":{"index":"index","follow":"follow","max-snippet":"max-snippet:-1","max-image-preview":"max-image-preview:large","max-video-preview":"max-video-preview:-1"},"canonical":"https:\/\/fireware.nl\/fr\/product\/firehouse-mannequin\/","og_locale":"fr_FR","og_type":"article","og_title":"Ruth Lee Firehouse Mannequin - FireWare","og_description":"Mannequin robuste fait \u00e0 base de mat\u00e9riau retardateur de flammes. R\u00e9siste \u00e0 la chaleur. Parfait pour les sauvetages rapides. Supporte des temp\u00e9ratures allant de 160 \u00e0 400 degr\u00e9s Celsius. 20 kg, 30 kg, 50 kg et le 70 kg sont muni de bottes de s\u00e9curit\u00e9 r\u00e9sistantes \u00e0 la chaleur.","og_url":"https:\/\/fireware.nl\/fr\/product\/firehouse-mannequin\/","og_site_name":"FireWare","article_publisher":"https:\/\/www.facebook.com\/FireWareBV\/","article_modified_time":"2025-05-28T10:31:27+00:00","og_image":[{"width":600,"height":600,"url":"https:\/\/fireware.nl\/wp-content\/uploads\/2019\/01\/017-043-034-FirehouseOefenpop.jpg","type":"image\/jpeg"}],"twitter_card":"summary_large_image","twitter_site":"@FireWarebv","twitter_misc":{"Dur\u00e9e de lecture estim\u00e9e":"2 minutes"},"schema":{"@context":"https:\/\/schema.org","@graph":[{"@type":"WebPage","@id":"https:\/\/fireware.nl\/fr\/product\/firehouse-mannequin\/","url":"https:\/\/fireware.nl\/fr\/product\/firehouse-mannequin\/","name":"Ruth Lee Firehouse Mannequin - FireWare","isPartOf":{"@id":"https:\/\/fireware.nl\/fr\/#website"},"primaryImageOfPage":{"@id":"https:\/\/fireware.nl\/fr\/product\/firehouse-mannequin\/#primaryimage"},"image":{"@id":"https:\/\/fireware.nl\/fr\/product\/firehouse-mannequin\/#primaryimage"},"thumbnailUrl":"https:\/\/fireware.nl\/wp-content\/uploads\/2019\/01\/017-043-034-FirehouseOefenpop.jpg","datePublished":"2019-01-23T12:15:51+00:00","dateModified":"2025-05-28T10:31:27+00:00","breadcrumb":{"@id":"https:\/\/fireware.nl\/fr\/product\/firehouse-mannequin\/#breadcrumb"},"inLanguage":"fr-FR","potentialAction":[{"@type":"ReadAction","target":["https:\/\/fireware.nl\/fr\/product\/firehouse-mannequin\/"]}]},{"@type":"ImageObject","inLanguage":"fr-FR","@id":"https:\/\/fireware.nl\/fr\/product\/firehouse-mannequin\/#primaryimage","url":"https:\/\/fireware.nl\/wp-content\/uploads\/2019\/01\/017-043-034-FirehouseOefenpop.jpg","contentUrl":"https:\/\/fireware.nl\/wp-content\/uploads\/2019\/01\/017-043-034-FirehouseOefenpop.jpg","width":600,"height":600,"caption":"017-043-034 FirehouseOefenpop"},{"@type":"BreadcrumbList","@id":"https:\/\/fireware.nl\/fr\/product\/firehouse-mannequin\/#breadcrumb","itemListElement":[{"@type":"ListItem","position":1,"name":"Home","item":"https:\/\/fireware.nl\/fr\/"},{"@type":"ListItem","position":2,"name":"Produits","item":"https:\/\/fireware.nl\/fr\/produits\/"},{"@type":"ListItem","position":3,"name":"Ruth Lee Firehouse Mannequin"}]},{"@type":"WebSite","@id":"https:\/\/fireware.nl\/fr\/#website","url":"https:\/\/fireware.nl\/fr\/","name":"FireWare","description":"CREATING REALISTIC  TRAINING ENVIRONMENTS","publisher":{"@id":"https:\/\/fireware.nl\/fr\/#organization"},"potentialAction":[{"@type":"SearchAction","target":{"@type":"EntryPoint","urlTemplate":"https:\/\/fireware.nl\/fr\/?s={search_term_string}"},"query-input":{"@type":"PropertyValueSpecification","valueRequired":true,"valueName":"search_term_string"}}],"inLanguage":"fr-FR"},{"@type":"Organization","@id":"https:\/\/fireware.nl\/fr\/#organization","name":"FireWare","url":"https:\/\/fireware.nl\/fr\/","logo":{"@type":"ImageObject","inLanguage":"fr-FR","@id":"https:\/\/fireware.nl\/fr\/#\/schema\/logo\/image\/","url":"https:\/\/fireware.nl\/wp-content\/uploads\/2018\/10\/FireWare-logo.jpg","contentUrl":"https:\/\/fireware.nl\/wp-content\/uploads\/2018\/10\/FireWare-logo.jpg","width":171,"height":70,"caption":"FireWare"},"image":{"@id":"https:\/\/fireware.nl\/fr\/#\/schema\/logo\/image\/"},"sameAs":["https:\/\/www.facebook.com\/FireWareBV\/","https:\/\/x.com\/FireWarebv","https:\/\/www.instagram.com\/fireware_nl\/","https:\/\/www.linkedin.com\/company\/3586017\/","https:\/\/www.youtube.com\/user\/firesalesrentconsult"]}]}},"publishpress_future_workflow_manual_trigger":{"enabledWorkflows":[]},"_links":{"self":[{"href":"https:\/\/fireware.nl\/fr\/wp-json\/wp\/v2\/product\/19511","targetHints":{"allow":["GET"]}}],"collection":[{"href":"https:\/\/fireware.nl\/fr\/wp-json\/wp\/v2\/product"}],"about":[{"href":"https:\/\/fireware.nl\/fr\/wp-json\/wp\/v2\/types\/product"}],"wp:featuredmedia":[{"embeddable":true,"href":"https:\/\/fireware.nl\/fr\/wp-json\/wp\/v2\/media\/21430"}],"wp:attachment":[{"href":"https:\/\/fireware.nl\/fr\/wp-json\/wp\/v2\/media?parent=19511"}],"wp:term":[{"taxonomy":"product_brand","embeddable":true,"href":"https:\/\/fireware.nl\/fr\/wp-json\/wp\/v2\/product_brand?post=19511"},{"taxonomy":"product_cat","embeddable":true,"href":"https:\/\/fireware.nl\/fr\/wp-json\/wp\/v2\/product_cat?post=19511"},{"taxonomy":"product_tag","embeddable":true,"href":"https:\/\/fireware.nl\/fr\/wp-json\/wp\/v2\/product_tag?post=19511"}],"curies":[{"name":"wp","href":"https:\/\/api.w.org\/{rel}","templated":true}]}}