
{"id":19525,"date":"2019-01-23T12:18:59","date_gmt":"2019-01-23T12:18:59","guid":{"rendered":"http:\/\/fireware.sites.hyperhosting.co\/?post_type=product&#038;p=19525"},"modified":"2025-05-28T12:01:05","modified_gmt":"2025-05-28T12:01:05","slug":"prisoner-security-mannequin","status":"publish","type":"product","link":"https:\/\/fireware.nl\/fr\/product\/prisoner-security-mannequin\/","title":{"rendered":"Ruth Lee Prisoner Security Mannequin"},"content":{"rendered":"<h2>Manikins d\u2019entra\u00eenement Ruth Lee<\/h2>\n<p>Les Manikins d&#8217;entra\u00eenement Ruth Lee sont con\u00e7ues pour un entra\u00eenement r\u00e9aliste et efficace. Ces Manikins sont reconnues pour leur durabilit\u00e9 et leur polyvalence, id\u00e9ales pour former les pompiers, les sauveteurs, les services de secours et d&#8217;autres services d&#8217;urgence. Avec les Manikins d&#8217;entra\u00eenement Ruth Lee, vous pouvez simuler des sc\u00e9narios r\u00e9alistes, pr\u00e9parant ainsi les intervenants \u00e0 de vraies situations d&#8217;urgence. La gamme comprend des poup\u00e9es pour une vari\u00e9t\u00e9 de formations et dans diff\u00e9rentes tailles et poids.<\/p>\n<h2>\u00c9vacuation de prisonniers menott\u00e9s ou inconscients<\/h2>\n<p>Le mannequin Prisoner Security est utilis\u00e9 pour s&#8217;entra\u00eener \u00e0 l&#8217;\u00e9vacuation, dans une situation d&#8217;urgence, de prisonniers menott\u00e9s ou inconscients. Le mannequin a des poignets fins, pour mettre facilement des menottes. Ainsi, les participants peuvent s&#8217;entra\u00eener \u00e0 l&#8217;utilisation de menottes. Le mannequin Prisoner Security a un cou renforc\u00e9 et convient donc parfaitement \u00e0 la simulation d&#8217;un suicide (par pendaison). Par exemple, demandez aux participants de r\u00e9cup\u00e9rer le corps ou d&#8217;examiner la sc\u00e8ne du crime pour y trouver des preuves.<\/p>\n<h2>Con\u00e7u sp\u00e9cialement pour les institutions p\u00e9nitentiaires<\/h2>\n<p>Le mannequin Prisoner Security est fabriqu\u00e9 avec le m\u00eame mat\u00e9riau ignifuge utilis\u00e9 dans les vestes de la police. Le mat\u00e9riau est renforc\u00e9 avec un tissu en polypropyl\u00e8ne, ce que lui donne une solidit\u00e9 et une r\u00e9sistance \u00e0 l&#8217;usure jusqu&#8217;\u00e0 quatre fois sup\u00e9rieure \u00e0 celles de la toile 16 oz ou du PVC. En plus, ce mannequin est fabriqu\u00e9 avec un mat\u00e9riau hydrofuge. Cela permet des entra\u00eenements dans des environnements humides et sales Le mannequin est dot\u00e9 d&#8217;une boucle dans le cou pour faciliter le levage et le rangement. Les articulations du corps sont faites d&#8217;un mat\u00e9riau souple, qui r\u00e9duit les risques de blessures.<\/p>\n<p>Le mannequin Prisoner Security a un longueur de 180 cm et est disponible dans des versions de 50 et de 70 kilogrammes. Le mannequin a un rapport r\u00e9aliste entre sa longueur et son poids. Mettez une minerve autour du cou du mannequin pour encourager la dispensation des soins appropri\u00e9s aux victimes. Ce mannequin est toujours fourni avec des bottes et une combinaison. Quand ils sont endommag\u00e9s, ces accessoires peuvent facilement \u00eatre remplac\u00e9s.<\/p>\n","protected":false},"excerpt":{"rendered":"<ul>\n<li>D\u00e9velopp\u00e9 sp\u00e9cialement pour s&#8217;entra\u00eener \u00e0 l&#8217;\u00e9vacuation de prisonniers menott\u00e9s ou inconscients dans une situation d&#8217;urgence.<\/li>\n<li>Les poignets fins conviennent pour l&#8217;utilisation de menottes.<\/li>\n<li>Mat\u00e9riau renforc\u00e9 dans le cou pour la simulation d&#8217;un suicide (par pendaison).<\/li>\n<li>Fabriqu\u00e9 avec le m\u00eame mat\u00e9riau que les vestes de la police, renforc\u00e9 avec du tissu en polypropyl\u00e8ne.<\/li>\n<li>Dot\u00e9 d&#8217;une boucle dans le cou pour faciliter le levage et le rangement.<\/li>\n<li>Toujours fourni avec des bottes et une combinaison.<\/li>\n<\/ul>\n","protected":false},"featured_media":59967,"template":"","meta":[],"product_brand":[],"product_cat":[119],"product_tag":[],"class_list":{"0":"post-19525","1":"product","2":"type-product","3":"status-publish","4":"has-post-thumbnail","6":"product_cat-mannequins-de-police","7":"pa_gewicht-lengte-50kg-180cm-fr","8":"pa_gewicht-lengte-70kg-180cm-fr","10":"first","11":"instock","12":"taxable","13":"shipping-taxable","14":"purchasable","15":"product-type-variable"},"yoast_head":"<!-- This site is optimized with the Yoast SEO plugin v27.5 - https:\/\/yoast.com\/product\/yoast-seo-wordpress\/ -->\n<title>Ruth Lee Prisoner Security Mannequin - FireWare<\/title>\n<meta name=\"robots\" content=\"index, follow, max-snippet:-1, max-image-preview:large, max-video-preview:-1\" \/>\n<link rel=\"canonical\" href=\"https:\/\/fireware.nl\/fr\/product\/prisoner-security-mannequin\/\" \/>\n<meta property=\"og:locale\" content=\"fr_FR\" \/>\n<meta property=\"og:type\" content=\"article\" \/>\n<meta property=\"og:title\" content=\"Ruth Lee Prisoner Security Mannequin - FireWare\" \/>\n<meta property=\"og:description\" content=\"D\u00e9velopp\u00e9 sp\u00e9cialement pour s&#039;entra\u00eener \u00e0 l&#039;\u00e9vacuation de prisonniers menott\u00e9s ou inconscients dans une situation d&#039;urgence.  Les poignets fins conviennent pour l&#039;utilisation de menottes.  Mat\u00e9riau renforc\u00e9 dans le cou pour la simulation d&#039;un suicide (par pendaison).  Fabriqu\u00e9 avec le m\u00eame mat\u00e9riau que les vestes de la police, renforc\u00e9 avec du tissu en polypropyl\u00e8ne.  Dot\u00e9 d&#039;une boucle dans le cou pour faciliter le levage et le rangement.  Toujours fourni avec des bottes et une combinaison.\" \/>\n<meta property=\"og:url\" content=\"https:\/\/fireware.nl\/fr\/product\/prisoner-security-mannequin\/\" \/>\n<meta property=\"og:site_name\" content=\"FireWare\" \/>\n<meta property=\"article:publisher\" content=\"https:\/\/www.facebook.com\/FireWareBV\/\" \/>\n<meta property=\"article:modified_time\" content=\"2025-05-28T12:01:05+00:00\" \/>\n<meta property=\"og:image\" content=\"https:\/\/fireware.nl\/wp-content\/uploads\/2021\/05\/017-043-125-Prisoner-Security-manikin.jpg\" \/>\n\t<meta property=\"og:image:width\" content=\"600\" \/>\n\t<meta property=\"og:image:height\" content=\"600\" \/>\n\t<meta property=\"og:image:type\" content=\"image\/jpeg\" \/>\n<meta name=\"twitter:card\" content=\"summary_large_image\" \/>\n<meta name=\"twitter:site\" content=\"@FireWarebv\" \/>\n<meta name=\"twitter:label1\" content=\"Dur\u00e9e de lecture estim\u00e9e\" \/>\n\t<meta name=\"twitter:data1\" content=\"2 minutes\" \/>\n<script type=\"application\/ld+json\" class=\"yoast-schema-graph\">{\"@context\":\"https:\\\/\\\/schema.org\",\"@graph\":[{\"@type\":\"WebPage\",\"@id\":\"https:\\\/\\\/fireware.nl\\\/fr\\\/product\\\/prisoner-security-mannequin\\\/\",\"url\":\"https:\\\/\\\/fireware.nl\\\/fr\\\/product\\\/prisoner-security-mannequin\\\/\",\"name\":\"Ruth Lee Prisoner Security Mannequin - FireWare\",\"isPartOf\":{\"@id\":\"https:\\\/\\\/fireware.nl\\\/fr\\\/#website\"},\"primaryImageOfPage\":{\"@id\":\"https:\\\/\\\/fireware.nl\\\/fr\\\/product\\\/prisoner-security-mannequin\\\/#primaryimage\"},\"image\":{\"@id\":\"https:\\\/\\\/fireware.nl\\\/fr\\\/product\\\/prisoner-security-mannequin\\\/#primaryimage\"},\"thumbnailUrl\":\"https:\\\/\\\/fireware.nl\\\/wp-content\\\/uploads\\\/2021\\\/05\\\/017-043-125-Prisoner-Security-manikin.jpg\",\"datePublished\":\"2019-01-23T12:18:59+00:00\",\"dateModified\":\"2025-05-28T12:01:05+00:00\",\"breadcrumb\":{\"@id\":\"https:\\\/\\\/fireware.nl\\\/fr\\\/product\\\/prisoner-security-mannequin\\\/#breadcrumb\"},\"inLanguage\":\"fr-FR\",\"potentialAction\":[{\"@type\":\"ReadAction\",\"target\":[\"https:\\\/\\\/fireware.nl\\\/fr\\\/product\\\/prisoner-security-mannequin\\\/\"]}]},{\"@type\":\"ImageObject\",\"inLanguage\":\"fr-FR\",\"@id\":\"https:\\\/\\\/fireware.nl\\\/fr\\\/product\\\/prisoner-security-mannequin\\\/#primaryimage\",\"url\":\"https:\\\/\\\/fireware.nl\\\/wp-content\\\/uploads\\\/2021\\\/05\\\/017-043-125-Prisoner-Security-manikin.jpg\",\"contentUrl\":\"https:\\\/\\\/fireware.nl\\\/wp-content\\\/uploads\\\/2021\\\/05\\\/017-043-125-Prisoner-Security-manikin.jpg\",\"width\":600,\"height\":600},{\"@type\":\"BreadcrumbList\",\"@id\":\"https:\\\/\\\/fireware.nl\\\/fr\\\/product\\\/prisoner-security-mannequin\\\/#breadcrumb\",\"itemListElement\":[{\"@type\":\"ListItem\",\"position\":1,\"name\":\"Home\",\"item\":\"https:\\\/\\\/fireware.nl\\\/fr\\\/\"},{\"@type\":\"ListItem\",\"position\":2,\"name\":\"Produits\",\"item\":\"https:\\\/\\\/fireware.nl\\\/fr\\\/produits\\\/\"},{\"@type\":\"ListItem\",\"position\":3,\"name\":\"Ruth Lee Prisoner Security Mannequin\"}]},{\"@type\":\"WebSite\",\"@id\":\"https:\\\/\\\/fireware.nl\\\/fr\\\/#website\",\"url\":\"https:\\\/\\\/fireware.nl\\\/fr\\\/\",\"name\":\"FireWare\",\"description\":\"CREATING REALISTIC  TRAINING ENVIRONMENTS\",\"publisher\":{\"@id\":\"https:\\\/\\\/fireware.nl\\\/fr\\\/#organization\"},\"potentialAction\":[{\"@type\":\"SearchAction\",\"target\":{\"@type\":\"EntryPoint\",\"urlTemplate\":\"https:\\\/\\\/fireware.nl\\\/fr\\\/?s={search_term_string}\"},\"query-input\":{\"@type\":\"PropertyValueSpecification\",\"valueRequired\":true,\"valueName\":\"search_term_string\"}}],\"inLanguage\":\"fr-FR\"},{\"@type\":\"Organization\",\"@id\":\"https:\\\/\\\/fireware.nl\\\/fr\\\/#organization\",\"name\":\"FireWare\",\"url\":\"https:\\\/\\\/fireware.nl\\\/fr\\\/\",\"logo\":{\"@type\":\"ImageObject\",\"inLanguage\":\"fr-FR\",\"@id\":\"https:\\\/\\\/fireware.nl\\\/fr\\\/#\\\/schema\\\/logo\\\/image\\\/\",\"url\":\"https:\\\/\\\/fireware.nl\\\/wp-content\\\/uploads\\\/2018\\\/10\\\/FireWare-logo.jpg\",\"contentUrl\":\"https:\\\/\\\/fireware.nl\\\/wp-content\\\/uploads\\\/2018\\\/10\\\/FireWare-logo.jpg\",\"width\":171,\"height\":70,\"caption\":\"FireWare\"},\"image\":{\"@id\":\"https:\\\/\\\/fireware.nl\\\/fr\\\/#\\\/schema\\\/logo\\\/image\\\/\"},\"sameAs\":[\"https:\\\/\\\/www.facebook.com\\\/FireWareBV\\\/\",\"https:\\\/\\\/x.com\\\/FireWarebv\",\"https:\\\/\\\/www.instagram.com\\\/fireware_nl\\\/\",\"https:\\\/\\\/www.linkedin.com\\\/company\\\/3586017\\\/\",\"https:\\\/\\\/www.youtube.com\\\/user\\\/firesalesrentconsult\"]}]}<\/script>\n<!-- \/ Yoast SEO plugin. -->","yoast_head_json":{"title":"Ruth Lee Prisoner Security Mannequin - FireWare","robots":{"index":"index","follow":"follow","max-snippet":"max-snippet:-1","max-image-preview":"max-image-preview:large","max-video-preview":"max-video-preview:-1"},"canonical":"https:\/\/fireware.nl\/fr\/product\/prisoner-security-mannequin\/","og_locale":"fr_FR","og_type":"article","og_title":"Ruth Lee Prisoner Security Mannequin - FireWare","og_description":"D\u00e9velopp\u00e9 sp\u00e9cialement pour s'entra\u00eener \u00e0 l'\u00e9vacuation de prisonniers menott\u00e9s ou inconscients dans une situation d'urgence.  Les poignets fins conviennent pour l'utilisation de menottes.  Mat\u00e9riau renforc\u00e9 dans le cou pour la simulation d'un suicide (par pendaison).  Fabriqu\u00e9 avec le m\u00eame mat\u00e9riau que les vestes de la police, renforc\u00e9 avec du tissu en polypropyl\u00e8ne.  Dot\u00e9 d'une boucle dans le cou pour faciliter le levage et le rangement.  Toujours fourni avec des bottes et une combinaison.","og_url":"https:\/\/fireware.nl\/fr\/product\/prisoner-security-mannequin\/","og_site_name":"FireWare","article_publisher":"https:\/\/www.facebook.com\/FireWareBV\/","article_modified_time":"2025-05-28T12:01:05+00:00","og_image":[{"width":600,"height":600,"url":"https:\/\/fireware.nl\/wp-content\/uploads\/2021\/05\/017-043-125-Prisoner-Security-manikin.jpg","type":"image\/jpeg"}],"twitter_card":"summary_large_image","twitter_site":"@FireWarebv","twitter_misc":{"Dur\u00e9e de lecture estim\u00e9e":"2 minutes"},"schema":{"@context":"https:\/\/schema.org","@graph":[{"@type":"WebPage","@id":"https:\/\/fireware.nl\/fr\/product\/prisoner-security-mannequin\/","url":"https:\/\/fireware.nl\/fr\/product\/prisoner-security-mannequin\/","name":"Ruth Lee Prisoner Security Mannequin - FireWare","isPartOf":{"@id":"https:\/\/fireware.nl\/fr\/#website"},"primaryImageOfPage":{"@id":"https:\/\/fireware.nl\/fr\/product\/prisoner-security-mannequin\/#primaryimage"},"image":{"@id":"https:\/\/fireware.nl\/fr\/product\/prisoner-security-mannequin\/#primaryimage"},"thumbnailUrl":"https:\/\/fireware.nl\/wp-content\/uploads\/2021\/05\/017-043-125-Prisoner-Security-manikin.jpg","datePublished":"2019-01-23T12:18:59+00:00","dateModified":"2025-05-28T12:01:05+00:00","breadcrumb":{"@id":"https:\/\/fireware.nl\/fr\/product\/prisoner-security-mannequin\/#breadcrumb"},"inLanguage":"fr-FR","potentialAction":[{"@type":"ReadAction","target":["https:\/\/fireware.nl\/fr\/product\/prisoner-security-mannequin\/"]}]},{"@type":"ImageObject","inLanguage":"fr-FR","@id":"https:\/\/fireware.nl\/fr\/product\/prisoner-security-mannequin\/#primaryimage","url":"https:\/\/fireware.nl\/wp-content\/uploads\/2021\/05\/017-043-125-Prisoner-Security-manikin.jpg","contentUrl":"https:\/\/fireware.nl\/wp-content\/uploads\/2021\/05\/017-043-125-Prisoner-Security-manikin.jpg","width":600,"height":600},{"@type":"BreadcrumbList","@id":"https:\/\/fireware.nl\/fr\/product\/prisoner-security-mannequin\/#breadcrumb","itemListElement":[{"@type":"ListItem","position":1,"name":"Home","item":"https:\/\/fireware.nl\/fr\/"},{"@type":"ListItem","position":2,"name":"Produits","item":"https:\/\/fireware.nl\/fr\/produits\/"},{"@type":"ListItem","position":3,"name":"Ruth Lee Prisoner Security Mannequin"}]},{"@type":"WebSite","@id":"https:\/\/fireware.nl\/fr\/#website","url":"https:\/\/fireware.nl\/fr\/","name":"FireWare","description":"CREATING REALISTIC  TRAINING ENVIRONMENTS","publisher":{"@id":"https:\/\/fireware.nl\/fr\/#organization"},"potentialAction":[{"@type":"SearchAction","target":{"@type":"EntryPoint","urlTemplate":"https:\/\/fireware.nl\/fr\/?s={search_term_string}"},"query-input":{"@type":"PropertyValueSpecification","valueRequired":true,"valueName":"search_term_string"}}],"inLanguage":"fr-FR"},{"@type":"Organization","@id":"https:\/\/fireware.nl\/fr\/#organization","name":"FireWare","url":"https:\/\/fireware.nl\/fr\/","logo":{"@type":"ImageObject","inLanguage":"fr-FR","@id":"https:\/\/fireware.nl\/fr\/#\/schema\/logo\/image\/","url":"https:\/\/fireware.nl\/wp-content\/uploads\/2018\/10\/FireWare-logo.jpg","contentUrl":"https:\/\/fireware.nl\/wp-content\/uploads\/2018\/10\/FireWare-logo.jpg","width":171,"height":70,"caption":"FireWare"},"image":{"@id":"https:\/\/fireware.nl\/fr\/#\/schema\/logo\/image\/"},"sameAs":["https:\/\/www.facebook.com\/FireWareBV\/","https:\/\/x.com\/FireWarebv","https:\/\/www.instagram.com\/fireware_nl\/","https:\/\/www.linkedin.com\/company\/3586017\/","https:\/\/www.youtube.com\/user\/firesalesrentconsult"]}]}},"publishpress_future_workflow_manual_trigger":{"enabledWorkflows":[]},"_links":{"self":[{"href":"https:\/\/fireware.nl\/fr\/wp-json\/wp\/v2\/product\/19525","targetHints":{"allow":["GET"]}}],"collection":[{"href":"https:\/\/fireware.nl\/fr\/wp-json\/wp\/v2\/product"}],"about":[{"href":"https:\/\/fireware.nl\/fr\/wp-json\/wp\/v2\/types\/product"}],"wp:featuredmedia":[{"embeddable":true,"href":"https:\/\/fireware.nl\/fr\/wp-json\/wp\/v2\/media\/59967"}],"wp:attachment":[{"href":"https:\/\/fireware.nl\/fr\/wp-json\/wp\/v2\/media?parent=19525"}],"wp:term":[{"taxonomy":"product_brand","embeddable":true,"href":"https:\/\/fireware.nl\/fr\/wp-json\/wp\/v2\/product_brand?post=19525"},{"taxonomy":"product_cat","embeddable":true,"href":"https:\/\/fireware.nl\/fr\/wp-json\/wp\/v2\/product_cat?post=19525"},{"taxonomy":"product_tag","embeddable":true,"href":"https:\/\/fireware.nl\/fr\/wp-json\/wp\/v2\/product_tag?post=19525"}],"curies":[{"name":"wp","href":"https:\/\/api.w.org\/{rel}","templated":true}]}}