
{"id":19559,"date":"2019-01-23T12:19:00","date_gmt":"2019-01-23T12:19:00","guid":{"rendered":"http:\/\/fireware.sites.hyperhosting.co\/?post_type=product&#038;p=19559"},"modified":"2025-05-21T15:08:27","modified_gmt":"2025-05-21T15:08:27","slug":"drop-test-training-mannequin","status":"publish","type":"product","link":"https:\/\/fireware.nl\/fr\/product\/drop-test-training-mannequin\/","title":{"rendered":"Ruth Lee Drop test Training Mannequin"},"content":{"rendered":"\r\n<h2>Manikins d&#8217;entra\u00eenement Ruth Lee<\/h2>\r\n<p>Les Manikins d&#8217;entra\u00eenement Ruth Lee sont con\u00e7ues pour un entra\u00eenement r\u00e9aliste et efficace. Ces Manikins sont reconnues pour leur durabilit\u00e9 et leur polyvalence, id\u00e9ales pour former les pompiers, les sauveteurs, les services de secours et d&#8217;autres services d&#8217;urgence. Avec les Manikins d&#8217;entra\u00eenement Ruth Lee, vous pouvez simuler des sc\u00e9narios r\u00e9alistes, pr\u00e9parant ainsi les intervenants \u00e0 de vraies situations d&#8217;urgence. La gamme comprend des poup\u00e9es pour une vari\u00e9t\u00e9 de formations et dans diff\u00e9rentes tailles et poids.<\/p>\r\n<h2>Mannequin \u00e0 tra\u00eener extr\u00eamement robuste.<\/h2>\r\n<p>Le mannequin peut se manier de fa\u00e7on r\u00e9aliste. La poup\u00e9e mesure 180cm et p\u00e8se 100kg, muni de bottes en caoutchouc robustes.<\/p>\r\n<p>La longueur et le poids de ce mannequin \u00e0 tra\u00eener Drop Test Training Mannequin (toutes applications) de la s\u00e9rie Ruth Lee sont r\u00e9partis de mani\u00e8re r\u00e9aliste. Il contient une\u00a0 mati\u00e8re solide fixe. De ce fait, tous ses membres renferment un poids r\u00e9el qui reste en place. Le mannequin est tr\u00e8s robuste et peut \u00eatre \u00e9cras\u00e9 par un v\u00e9hicule ou tomber de haut, sans qu&#8217;il soit endommag\u00e9. Son dos est muni d&#8217;une anse solide permettant de l&#8217;empoigner facilement pendant des op\u00e9rations pr\u00e9paratoires.<\/p>\r\n<h2>Voir la vid\u00e9o<\/h2>\r\n<p><iframe loading=\"lazy\" src=\"https:\/\/player.vimeo.com\/video\/452132482\" width=\"640\" height=\"480\" frameborder=\"0\" allowfullscreen=\"allowfullscreen\"><\/iframe><\/p>\r\n","protected":false},"excerpt":{"rendered":"<ul>\n<li>Pour tester la protection antichute et les harnais d&#8217;escalade.<\/li>\n<li>Id\u00e9al pour les exercices de sauvetage en hauteur.<\/li>\n<li>Simule un adulte inconscient.<\/li>\n<li>Rapport taille \/ poids r\u00e9aliste.<\/li>\n<li>L&#8217;\u00e9quipement rigide dans la coque, r\u00e9duit le risque d&#8217;affaissement de la sellette.<\/li>\n<li>Fabriqu\u00e9 en polyester ignifuge.<\/li>\n<li>Extr\u00eamement robuste.<\/li>\n<li>Equip\u00e9 de bottes en caoutchouc robustes.<\/li>\n<\/ul>\n","protected":false},"featured_media":60568,"template":"","meta":[],"product_brand":[],"product_cat":[209],"product_tag":[],"class_list":{"0":"post-19559","1":"product","2":"type-product","3":"status-publish","4":"has-post-thumbnail","6":"product_cat-mannequins-de-la-assistance-technique","7":"pa_gewicht-lengte-100-kg-180-cm-fr","9":"first","10":"instock","11":"taxable","12":"shipping-taxable","13":"purchasable","14":"product-type-simple"},"yoast_head":"<!-- This site is optimized with the Yoast SEO plugin v27.5 - https:\/\/yoast.com\/product\/yoast-seo-wordpress\/ -->\n<title>Ruth Lee Drop test Training Mannequin - FireWare<\/title>\n<meta name=\"robots\" content=\"index, follow, max-snippet:-1, max-image-preview:large, max-video-preview:-1\" \/>\n<link rel=\"canonical\" href=\"https:\/\/fireware.nl\/fr\/product\/drop-test-training-mannequin\/\" \/>\n<meta property=\"og:locale\" content=\"fr_FR\" \/>\n<meta property=\"og:type\" content=\"article\" \/>\n<meta property=\"og:title\" content=\"Ruth Lee Drop test Training Mannequin - FireWare\" \/>\n<meta property=\"og:description\" content=\"Pour tester la protection antichute et les harnais d&#039;escalade. Id\u00e9al pour les exercices de sauvetage en hauteur. Simule un adulte inconscient. Rapport taille \/ poids r\u00e9aliste. L&#039;\u00e9quipement rigide dans la coque, r\u00e9duit le risque d&#039;affaissement de la sellette. Fabriqu\u00e9 en polyester ignifuge. Extr\u00eamement robuste. Equip\u00e9 de bottes en caoutchouc robustes.\" \/>\n<meta property=\"og:url\" content=\"https:\/\/fireware.nl\/fr\/product\/drop-test-training-mannequin\/\" \/>\n<meta property=\"og:site_name\" content=\"FireWare\" \/>\n<meta property=\"article:publisher\" content=\"https:\/\/www.facebook.com\/FireWareBV\/\" \/>\n<meta property=\"article:modified_time\" content=\"2025-05-21T15:08:27+00:00\" \/>\n<meta property=\"og:image\" content=\"https:\/\/fireware.nl\/wp-content\/uploads\/2019\/01\/017-043-060-Droptest-Oefenpop-1.jpg\" \/>\n\t<meta property=\"og:image:width\" content=\"600\" \/>\n\t<meta property=\"og:image:height\" content=\"600\" \/>\n\t<meta property=\"og:image:type\" content=\"image\/jpeg\" \/>\n<meta name=\"twitter:card\" content=\"summary_large_image\" \/>\n<meta name=\"twitter:site\" content=\"@FireWarebv\" \/>\n<meta name=\"twitter:label1\" content=\"Dur\u00e9e de lecture estim\u00e9e\" \/>\n\t<meta name=\"twitter:data1\" content=\"1 minute\" \/>\n<script type=\"application\/ld+json\" class=\"yoast-schema-graph\">{\"@context\":\"https:\\\/\\\/schema.org\",\"@graph\":[{\"@type\":\"WebPage\",\"@id\":\"https:\\\/\\\/fireware.nl\\\/fr\\\/product\\\/drop-test-training-mannequin\\\/\",\"url\":\"https:\\\/\\\/fireware.nl\\\/fr\\\/product\\\/drop-test-training-mannequin\\\/\",\"name\":\"Ruth Lee Drop test Training Mannequin - FireWare\",\"isPartOf\":{\"@id\":\"https:\\\/\\\/fireware.nl\\\/fr\\\/#website\"},\"primaryImageOfPage\":{\"@id\":\"https:\\\/\\\/fireware.nl\\\/fr\\\/product\\\/drop-test-training-mannequin\\\/#primaryimage\"},\"image\":{\"@id\":\"https:\\\/\\\/fireware.nl\\\/fr\\\/product\\\/drop-test-training-mannequin\\\/#primaryimage\"},\"thumbnailUrl\":\"https:\\\/\\\/fireware.nl\\\/wp-content\\\/uploads\\\/2019\\\/01\\\/017-043-060-Droptest-Oefenpop-1.jpg\",\"datePublished\":\"2019-01-23T12:19:00+00:00\",\"dateModified\":\"2025-05-21T15:08:27+00:00\",\"breadcrumb\":{\"@id\":\"https:\\\/\\\/fireware.nl\\\/fr\\\/product\\\/drop-test-training-mannequin\\\/#breadcrumb\"},\"inLanguage\":\"fr-FR\",\"potentialAction\":[{\"@type\":\"ReadAction\",\"target\":[\"https:\\\/\\\/fireware.nl\\\/fr\\\/product\\\/drop-test-training-mannequin\\\/\"]}]},{\"@type\":\"ImageObject\",\"inLanguage\":\"fr-FR\",\"@id\":\"https:\\\/\\\/fireware.nl\\\/fr\\\/product\\\/drop-test-training-mannequin\\\/#primaryimage\",\"url\":\"https:\\\/\\\/fireware.nl\\\/wp-content\\\/uploads\\\/2019\\\/01\\\/017-043-060-Droptest-Oefenpop-1.jpg\",\"contentUrl\":\"https:\\\/\\\/fireware.nl\\\/wp-content\\\/uploads\\\/2019\\\/01\\\/017-043-060-Droptest-Oefenpop-1.jpg\",\"width\":600,\"height\":600},{\"@type\":\"BreadcrumbList\",\"@id\":\"https:\\\/\\\/fireware.nl\\\/fr\\\/product\\\/drop-test-training-mannequin\\\/#breadcrumb\",\"itemListElement\":[{\"@type\":\"ListItem\",\"position\":1,\"name\":\"Home\",\"item\":\"https:\\\/\\\/fireware.nl\\\/fr\\\/\"},{\"@type\":\"ListItem\",\"position\":2,\"name\":\"Produits\",\"item\":\"https:\\\/\\\/fireware.nl\\\/fr\\\/produits\\\/\"},{\"@type\":\"ListItem\",\"position\":3,\"name\":\"Ruth Lee Drop test Training Mannequin\"}]},{\"@type\":\"WebSite\",\"@id\":\"https:\\\/\\\/fireware.nl\\\/fr\\\/#website\",\"url\":\"https:\\\/\\\/fireware.nl\\\/fr\\\/\",\"name\":\"FireWare\",\"description\":\"CREATING REALISTIC  TRAINING ENVIRONMENTS\",\"publisher\":{\"@id\":\"https:\\\/\\\/fireware.nl\\\/fr\\\/#organization\"},\"potentialAction\":[{\"@type\":\"SearchAction\",\"target\":{\"@type\":\"EntryPoint\",\"urlTemplate\":\"https:\\\/\\\/fireware.nl\\\/fr\\\/?s={search_term_string}\"},\"query-input\":{\"@type\":\"PropertyValueSpecification\",\"valueRequired\":true,\"valueName\":\"search_term_string\"}}],\"inLanguage\":\"fr-FR\"},{\"@type\":\"Organization\",\"@id\":\"https:\\\/\\\/fireware.nl\\\/fr\\\/#organization\",\"name\":\"FireWare\",\"url\":\"https:\\\/\\\/fireware.nl\\\/fr\\\/\",\"logo\":{\"@type\":\"ImageObject\",\"inLanguage\":\"fr-FR\",\"@id\":\"https:\\\/\\\/fireware.nl\\\/fr\\\/#\\\/schema\\\/logo\\\/image\\\/\",\"url\":\"https:\\\/\\\/fireware.nl\\\/wp-content\\\/uploads\\\/2018\\\/10\\\/FireWare-logo.jpg\",\"contentUrl\":\"https:\\\/\\\/fireware.nl\\\/wp-content\\\/uploads\\\/2018\\\/10\\\/FireWare-logo.jpg\",\"width\":171,\"height\":70,\"caption\":\"FireWare\"},\"image\":{\"@id\":\"https:\\\/\\\/fireware.nl\\\/fr\\\/#\\\/schema\\\/logo\\\/image\\\/\"},\"sameAs\":[\"https:\\\/\\\/www.facebook.com\\\/FireWareBV\\\/\",\"https:\\\/\\\/x.com\\\/FireWarebv\",\"https:\\\/\\\/www.instagram.com\\\/fireware_nl\\\/\",\"https:\\\/\\\/www.linkedin.com\\\/company\\\/3586017\\\/\",\"https:\\\/\\\/www.youtube.com\\\/user\\\/firesalesrentconsult\"]}]}<\/script>\n<!-- \/ Yoast SEO plugin. -->","yoast_head_json":{"title":"Ruth Lee Drop test Training Mannequin - FireWare","robots":{"index":"index","follow":"follow","max-snippet":"max-snippet:-1","max-image-preview":"max-image-preview:large","max-video-preview":"max-video-preview:-1"},"canonical":"https:\/\/fireware.nl\/fr\/product\/drop-test-training-mannequin\/","og_locale":"fr_FR","og_type":"article","og_title":"Ruth Lee Drop test Training Mannequin - FireWare","og_description":"Pour tester la protection antichute et les harnais d'escalade. Id\u00e9al pour les exercices de sauvetage en hauteur. Simule un adulte inconscient. Rapport taille \/ poids r\u00e9aliste. L'\u00e9quipement rigide dans la coque, r\u00e9duit le risque d'affaissement de la sellette. Fabriqu\u00e9 en polyester ignifuge. Extr\u00eamement robuste. Equip\u00e9 de bottes en caoutchouc robustes.","og_url":"https:\/\/fireware.nl\/fr\/product\/drop-test-training-mannequin\/","og_site_name":"FireWare","article_publisher":"https:\/\/www.facebook.com\/FireWareBV\/","article_modified_time":"2025-05-21T15:08:27+00:00","og_image":[{"width":600,"height":600,"url":"https:\/\/fireware.nl\/wp-content\/uploads\/2019\/01\/017-043-060-Droptest-Oefenpop-1.jpg","type":"image\/jpeg"}],"twitter_card":"summary_large_image","twitter_site":"@FireWarebv","twitter_misc":{"Dur\u00e9e de lecture estim\u00e9e":"1 minute"},"schema":{"@context":"https:\/\/schema.org","@graph":[{"@type":"WebPage","@id":"https:\/\/fireware.nl\/fr\/product\/drop-test-training-mannequin\/","url":"https:\/\/fireware.nl\/fr\/product\/drop-test-training-mannequin\/","name":"Ruth Lee Drop test Training Mannequin - FireWare","isPartOf":{"@id":"https:\/\/fireware.nl\/fr\/#website"},"primaryImageOfPage":{"@id":"https:\/\/fireware.nl\/fr\/product\/drop-test-training-mannequin\/#primaryimage"},"image":{"@id":"https:\/\/fireware.nl\/fr\/product\/drop-test-training-mannequin\/#primaryimage"},"thumbnailUrl":"https:\/\/fireware.nl\/wp-content\/uploads\/2019\/01\/017-043-060-Droptest-Oefenpop-1.jpg","datePublished":"2019-01-23T12:19:00+00:00","dateModified":"2025-05-21T15:08:27+00:00","breadcrumb":{"@id":"https:\/\/fireware.nl\/fr\/product\/drop-test-training-mannequin\/#breadcrumb"},"inLanguage":"fr-FR","potentialAction":[{"@type":"ReadAction","target":["https:\/\/fireware.nl\/fr\/product\/drop-test-training-mannequin\/"]}]},{"@type":"ImageObject","inLanguage":"fr-FR","@id":"https:\/\/fireware.nl\/fr\/product\/drop-test-training-mannequin\/#primaryimage","url":"https:\/\/fireware.nl\/wp-content\/uploads\/2019\/01\/017-043-060-Droptest-Oefenpop-1.jpg","contentUrl":"https:\/\/fireware.nl\/wp-content\/uploads\/2019\/01\/017-043-060-Droptest-Oefenpop-1.jpg","width":600,"height":600},{"@type":"BreadcrumbList","@id":"https:\/\/fireware.nl\/fr\/product\/drop-test-training-mannequin\/#breadcrumb","itemListElement":[{"@type":"ListItem","position":1,"name":"Home","item":"https:\/\/fireware.nl\/fr\/"},{"@type":"ListItem","position":2,"name":"Produits","item":"https:\/\/fireware.nl\/fr\/produits\/"},{"@type":"ListItem","position":3,"name":"Ruth Lee Drop test Training Mannequin"}]},{"@type":"WebSite","@id":"https:\/\/fireware.nl\/fr\/#website","url":"https:\/\/fireware.nl\/fr\/","name":"FireWare","description":"CREATING REALISTIC  TRAINING ENVIRONMENTS","publisher":{"@id":"https:\/\/fireware.nl\/fr\/#organization"},"potentialAction":[{"@type":"SearchAction","target":{"@type":"EntryPoint","urlTemplate":"https:\/\/fireware.nl\/fr\/?s={search_term_string}"},"query-input":{"@type":"PropertyValueSpecification","valueRequired":true,"valueName":"search_term_string"}}],"inLanguage":"fr-FR"},{"@type":"Organization","@id":"https:\/\/fireware.nl\/fr\/#organization","name":"FireWare","url":"https:\/\/fireware.nl\/fr\/","logo":{"@type":"ImageObject","inLanguage":"fr-FR","@id":"https:\/\/fireware.nl\/fr\/#\/schema\/logo\/image\/","url":"https:\/\/fireware.nl\/wp-content\/uploads\/2018\/10\/FireWare-logo.jpg","contentUrl":"https:\/\/fireware.nl\/wp-content\/uploads\/2018\/10\/FireWare-logo.jpg","width":171,"height":70,"caption":"FireWare"},"image":{"@id":"https:\/\/fireware.nl\/fr\/#\/schema\/logo\/image\/"},"sameAs":["https:\/\/www.facebook.com\/FireWareBV\/","https:\/\/x.com\/FireWarebv","https:\/\/www.instagram.com\/fireware_nl\/","https:\/\/www.linkedin.com\/company\/3586017\/","https:\/\/www.youtube.com\/user\/firesalesrentconsult"]}]}},"publishpress_future_workflow_manual_trigger":{"enabledWorkflows":[]},"_links":{"self":[{"href":"https:\/\/fireware.nl\/fr\/wp-json\/wp\/v2\/product\/19559","targetHints":{"allow":["GET"]}}],"collection":[{"href":"https:\/\/fireware.nl\/fr\/wp-json\/wp\/v2\/product"}],"about":[{"href":"https:\/\/fireware.nl\/fr\/wp-json\/wp\/v2\/types\/product"}],"wp:featuredmedia":[{"embeddable":true,"href":"https:\/\/fireware.nl\/fr\/wp-json\/wp\/v2\/media\/60568"}],"wp:attachment":[{"href":"https:\/\/fireware.nl\/fr\/wp-json\/wp\/v2\/media?parent=19559"}],"wp:term":[{"taxonomy":"product_brand","embeddable":true,"href":"https:\/\/fireware.nl\/fr\/wp-json\/wp\/v2\/product_brand?post=19559"},{"taxonomy":"product_cat","embeddable":true,"href":"https:\/\/fireware.nl\/fr\/wp-json\/wp\/v2\/product_cat?post=19559"},{"taxonomy":"product_tag","embeddable":true,"href":"https:\/\/fireware.nl\/fr\/wp-json\/wp\/v2\/product_tag?post=19559"}],"curies":[{"name":"wp","href":"https:\/\/api.w.org\/{rel}","templated":true}]}}