
{"id":19573,"date":"2019-01-23T12:18:49","date_gmt":"2019-01-23T12:18:49","guid":{"rendered":"http:\/\/fireware.sites.hyperhosting.co\/?post_type=product&#038;p=19573"},"modified":"2025-05-21T14:59:59","modified_gmt":"2025-05-21T14:59:59","slug":"working-at-height-mannequin","status":"publish","type":"product","link":"https:\/\/fireware.nl\/fr\/product\/working-at-height-mannequin\/","title":{"rendered":"Ruth Lee Working at height Mannequin"},"content":{"rendered":"\r\n<h2>Manikins d&#8217;entra\u00eenement Ruth Lee<\/h2>\r\n<p>Les Manikins d&#8217;entra\u00eenement Ruth Lee sont con\u00e7ues pour un entra\u00eenement r\u00e9aliste et efficace. Ces Manikins sont reconnues pour leur durabilit\u00e9 et leur polyvalence, id\u00e9ales pour former les pompiers, les sauveteurs, les services de secours et d&#8217;autres services d&#8217;urgence. Avec les Manikins d&#8217;entra\u00eenement Ruth Lee, vous pouvez simuler des sc\u00e9narios r\u00e9alistes, pr\u00e9parant ainsi les intervenants \u00e0 de vraies situations d&#8217;urgence. La gamme comprend des poup\u00e9es pour une vari\u00e9t\u00e9 de formations et dans diff\u00e9rentes tailles et poids.<\/p>\r\n<h2>Mannequin \u00e0 tra\u00eener extr\u00eamement robuste pour diverses applications.<\/h2>\r\n<p>Le Working at Heigt Mannequin pr\u00e9sente les proportions r\u00e9alistes d&#8217;un adulte et est disponible en plusieurs formats : 30 kilogramme, 50 kilogramme, et 70 kilogramme. Ces variantes sont fournies sans casque ni armure.<\/p>\r\n<p>Le mannequin peut se manier de fa\u00e7on r\u00e9aliste : Il convient \u00e0 des exercices de sauvetage pendant lesquels on recourt \u00e0 la prise de Rautek ou \u00e0 des soins apport\u00e9s apr\u00e8s le sauvetage, comme la position lat\u00e9rale de s\u00e9curit\u00e9. De plus, l&#8217;Adult convient aux op\u00e9rations de sauvetage en hauteur, impliquant l&#8217;utilisation d&#8217;un harnais. Le 30 kg, 50 kg et 70 kg Muni de bottes en caoutchouc robustes. Le Working at Height Mannequin est utilis\u00e9 dans le monde entier par les \u00e9quipes de secours sur corde, les arboristes, les formateurs en sant\u00e9 et s\u00e9curit\u00e9, les \u00e9quipes de sauvetage industriel et bien d&#8217;autres !<\/p>\r\n<p>La longueur et le poids de ce mannequin \u00e0 tra\u00eener\u00a0 (toutes applications) de la s\u00e9rie Ruth Lee sont r\u00e9partis de mani\u00e8re r\u00e9aliste. Il contient une\u00a0 mati\u00e8re solide fixe. De ce fait, tous ses membres renferment un poids r\u00e9el qui reste en place.<\/p>\r\n<h2>Regardez la vid\u00e9o<\/h2>\r\n<p><iframe loading=\"lazy\" src=\"https:\/\/www.youtube.com\/embed\/TuBFIrsiSIw?hl=fr&amp;cc_lang_pref=fr&amp;cc_load_policy=1\" width=\"560\" height=\"315\" frameborder=\"0\" allowfullscreen=\"allowfullscreen\"><\/iframe><\/p>\r\n","protected":false},"excerpt":{"rendered":"<ul>\n<li>Disponible dans les variantes 30 kg, 50 kg et 70 kg.<\/li>\n<li>Extr\u00eamement robuste.<\/li>\n<li>Pour une vari\u00e9t\u00e9 d\u2019excercices d\u2019assistance, de pompiers \u00e0 le soins, mais aussie pour la formation des mati\u00e8res dangereuses\/NRBC.<\/li>\n<li>Le 30 kg, 50 kg et 70 kg Muni de bottes en caoutchouc robustes.<\/li>\n<li>Se manie de fa\u00e7on tr\u00e8s r\u00e9aliste, il semble une personne inconsciente.<\/li>\n<li>Con\u00e7u pour une rigidit\u00e9 suppl\u00e9mentaire.<\/li>\n<li>R\u00e9duction de l&#8217;affaissement lors de l&#8217;utilisation d&#8217;un harnais de sauvetage.<\/li>\n<li>Ces variantes sont fournies sans casque ni armure.<\/li>\n<\/ul>\n","protected":false},"featured_media":61046,"template":"","meta":[],"product_brand":[],"product_cat":[209],"product_tag":[],"class_list":{"0":"post-19573","1":"product","2":"type-product","3":"status-publish","4":"has-post-thumbnail","6":"product_cat-mannequins-de-la-assistance-technique","8":"first","9":"instock","10":"taxable","11":"shipping-taxable","12":"purchasable","13":"product-type-variable"},"yoast_head":"<!-- This site is optimized with the Yoast SEO plugin v27.5 - https:\/\/yoast.com\/product\/yoast-seo-wordpress\/ -->\n<title>Ruth Lee Working at height Mannequin - FireWare<\/title>\n<meta name=\"robots\" content=\"index, follow, max-snippet:-1, max-image-preview:large, max-video-preview:-1\" \/>\n<link rel=\"canonical\" href=\"https:\/\/fireware.nl\/fr\/product\/working-at-height-mannequin\/\" \/>\n<meta property=\"og:locale\" content=\"fr_FR\" \/>\n<meta property=\"og:type\" content=\"article\" \/>\n<meta property=\"og:title\" content=\"Ruth Lee Working at height Mannequin - FireWare\" \/>\n<meta property=\"og:description\" content=\"Disponible dans les variantes 30 kg, 50 kg et 70 kg. Extr\u00eamement robuste. Pour une vari\u00e9t\u00e9 d\u2019excercices d\u2019assistance, de pompiers \u00e0 le soins, mais aussie pour la formation des mati\u00e8res dangereuses\/NRBC. Le 30 kg, 50 kg et 70 kg Muni de bottes en caoutchouc robustes. Se manie de fa\u00e7on tr\u00e8s r\u00e9aliste, il semble une personne inconsciente. Con\u00e7u pour une rigidit\u00e9 suppl\u00e9mentaire. R\u00e9duction de l&#039;affaissement lors de l&#039;utilisation d&#039;un harnais de sauvetage. Ces variantes sont fournies sans casque ni armure.\" \/>\n<meta property=\"og:url\" content=\"https:\/\/fireware.nl\/fr\/product\/working-at-height-mannequin\/\" \/>\n<meta property=\"og:site_name\" content=\"FireWare\" \/>\n<meta property=\"article:publisher\" content=\"https:\/\/www.facebook.com\/FireWareBV\/\" \/>\n<meta property=\"article:modified_time\" content=\"2025-05-21T14:59:59+00:00\" \/>\n<meta property=\"og:image\" content=\"https:\/\/fireware.nl\/wp-content\/uploads\/2019\/01\/017-043-067-Working-At-Height-Oefenpop.png\" \/>\n\t<meta property=\"og:image:width\" content=\"600\" \/>\n\t<meta property=\"og:image:height\" content=\"600\" \/>\n\t<meta property=\"og:image:type\" content=\"image\/png\" \/>\n<meta name=\"twitter:card\" content=\"summary_large_image\" \/>\n<meta name=\"twitter:site\" content=\"@FireWarebv\" \/>\n<meta name=\"twitter:label1\" content=\"Dur\u00e9e de lecture estim\u00e9e\" \/>\n\t<meta name=\"twitter:data1\" content=\"2 minutes\" \/>\n<script type=\"application\/ld+json\" class=\"yoast-schema-graph\">{\"@context\":\"https:\\\/\\\/schema.org\",\"@graph\":[{\"@type\":\"WebPage\",\"@id\":\"https:\\\/\\\/fireware.nl\\\/fr\\\/product\\\/working-at-height-mannequin\\\/\",\"url\":\"https:\\\/\\\/fireware.nl\\\/fr\\\/product\\\/working-at-height-mannequin\\\/\",\"name\":\"Ruth Lee Working at height Mannequin - FireWare\",\"isPartOf\":{\"@id\":\"https:\\\/\\\/fireware.nl\\\/fr\\\/#website\"},\"primaryImageOfPage\":{\"@id\":\"https:\\\/\\\/fireware.nl\\\/fr\\\/product\\\/working-at-height-mannequin\\\/#primaryimage\"},\"image\":{\"@id\":\"https:\\\/\\\/fireware.nl\\\/fr\\\/product\\\/working-at-height-mannequin\\\/#primaryimage\"},\"thumbnailUrl\":\"https:\\\/\\\/fireware.nl\\\/wp-content\\\/uploads\\\/2019\\\/01\\\/017-043-067-Working-At-Height-Oefenpop.png\",\"datePublished\":\"2019-01-23T12:18:49+00:00\",\"dateModified\":\"2025-05-21T14:59:59+00:00\",\"breadcrumb\":{\"@id\":\"https:\\\/\\\/fireware.nl\\\/fr\\\/product\\\/working-at-height-mannequin\\\/#breadcrumb\"},\"inLanguage\":\"fr-FR\",\"potentialAction\":[{\"@type\":\"ReadAction\",\"target\":[\"https:\\\/\\\/fireware.nl\\\/fr\\\/product\\\/working-at-height-mannequin\\\/\"]}]},{\"@type\":\"ImageObject\",\"inLanguage\":\"fr-FR\",\"@id\":\"https:\\\/\\\/fireware.nl\\\/fr\\\/product\\\/working-at-height-mannequin\\\/#primaryimage\",\"url\":\"https:\\\/\\\/fireware.nl\\\/wp-content\\\/uploads\\\/2019\\\/01\\\/017-043-067-Working-At-Height-Oefenpop.png\",\"contentUrl\":\"https:\\\/\\\/fireware.nl\\\/wp-content\\\/uploads\\\/2019\\\/01\\\/017-043-067-Working-At-Height-Oefenpop.png\",\"width\":600,\"height\":600},{\"@type\":\"BreadcrumbList\",\"@id\":\"https:\\\/\\\/fireware.nl\\\/fr\\\/product\\\/working-at-height-mannequin\\\/#breadcrumb\",\"itemListElement\":[{\"@type\":\"ListItem\",\"position\":1,\"name\":\"Home\",\"item\":\"https:\\\/\\\/fireware.nl\\\/fr\\\/\"},{\"@type\":\"ListItem\",\"position\":2,\"name\":\"Produits\",\"item\":\"https:\\\/\\\/fireware.nl\\\/fr\\\/produits\\\/\"},{\"@type\":\"ListItem\",\"position\":3,\"name\":\"Ruth Lee Working at height Mannequin\"}]},{\"@type\":\"WebSite\",\"@id\":\"https:\\\/\\\/fireware.nl\\\/fr\\\/#website\",\"url\":\"https:\\\/\\\/fireware.nl\\\/fr\\\/\",\"name\":\"FireWare\",\"description\":\"CREATING REALISTIC  TRAINING ENVIRONMENTS\",\"publisher\":{\"@id\":\"https:\\\/\\\/fireware.nl\\\/fr\\\/#organization\"},\"potentialAction\":[{\"@type\":\"SearchAction\",\"target\":{\"@type\":\"EntryPoint\",\"urlTemplate\":\"https:\\\/\\\/fireware.nl\\\/fr\\\/?s={search_term_string}\"},\"query-input\":{\"@type\":\"PropertyValueSpecification\",\"valueRequired\":true,\"valueName\":\"search_term_string\"}}],\"inLanguage\":\"fr-FR\"},{\"@type\":\"Organization\",\"@id\":\"https:\\\/\\\/fireware.nl\\\/fr\\\/#organization\",\"name\":\"FireWare\",\"url\":\"https:\\\/\\\/fireware.nl\\\/fr\\\/\",\"logo\":{\"@type\":\"ImageObject\",\"inLanguage\":\"fr-FR\",\"@id\":\"https:\\\/\\\/fireware.nl\\\/fr\\\/#\\\/schema\\\/logo\\\/image\\\/\",\"url\":\"https:\\\/\\\/fireware.nl\\\/wp-content\\\/uploads\\\/2018\\\/10\\\/FireWare-logo.jpg\",\"contentUrl\":\"https:\\\/\\\/fireware.nl\\\/wp-content\\\/uploads\\\/2018\\\/10\\\/FireWare-logo.jpg\",\"width\":171,\"height\":70,\"caption\":\"FireWare\"},\"image\":{\"@id\":\"https:\\\/\\\/fireware.nl\\\/fr\\\/#\\\/schema\\\/logo\\\/image\\\/\"},\"sameAs\":[\"https:\\\/\\\/www.facebook.com\\\/FireWareBV\\\/\",\"https:\\\/\\\/x.com\\\/FireWarebv\",\"https:\\\/\\\/www.instagram.com\\\/fireware_nl\\\/\",\"https:\\\/\\\/www.linkedin.com\\\/company\\\/3586017\\\/\",\"https:\\\/\\\/www.youtube.com\\\/user\\\/firesalesrentconsult\"]}]}<\/script>\n<!-- \/ Yoast SEO plugin. -->","yoast_head_json":{"title":"Ruth Lee Working at height Mannequin - FireWare","robots":{"index":"index","follow":"follow","max-snippet":"max-snippet:-1","max-image-preview":"max-image-preview:large","max-video-preview":"max-video-preview:-1"},"canonical":"https:\/\/fireware.nl\/fr\/product\/working-at-height-mannequin\/","og_locale":"fr_FR","og_type":"article","og_title":"Ruth Lee Working at height Mannequin - FireWare","og_description":"Disponible dans les variantes 30 kg, 50 kg et 70 kg. Extr\u00eamement robuste. Pour une vari\u00e9t\u00e9 d\u2019excercices d\u2019assistance, de pompiers \u00e0 le soins, mais aussie pour la formation des mati\u00e8res dangereuses\/NRBC. Le 30 kg, 50 kg et 70 kg Muni de bottes en caoutchouc robustes. Se manie de fa\u00e7on tr\u00e8s r\u00e9aliste, il semble une personne inconsciente. Con\u00e7u pour une rigidit\u00e9 suppl\u00e9mentaire. R\u00e9duction de l'affaissement lors de l'utilisation d'un harnais de sauvetage. Ces variantes sont fournies sans casque ni armure.","og_url":"https:\/\/fireware.nl\/fr\/product\/working-at-height-mannequin\/","og_site_name":"FireWare","article_publisher":"https:\/\/www.facebook.com\/FireWareBV\/","article_modified_time":"2025-05-21T14:59:59+00:00","og_image":[{"width":600,"height":600,"url":"https:\/\/fireware.nl\/wp-content\/uploads\/2019\/01\/017-043-067-Working-At-Height-Oefenpop.png","type":"image\/png"}],"twitter_card":"summary_large_image","twitter_site":"@FireWarebv","twitter_misc":{"Dur\u00e9e de lecture estim\u00e9e":"2 minutes"},"schema":{"@context":"https:\/\/schema.org","@graph":[{"@type":"WebPage","@id":"https:\/\/fireware.nl\/fr\/product\/working-at-height-mannequin\/","url":"https:\/\/fireware.nl\/fr\/product\/working-at-height-mannequin\/","name":"Ruth Lee Working at height Mannequin - FireWare","isPartOf":{"@id":"https:\/\/fireware.nl\/fr\/#website"},"primaryImageOfPage":{"@id":"https:\/\/fireware.nl\/fr\/product\/working-at-height-mannequin\/#primaryimage"},"image":{"@id":"https:\/\/fireware.nl\/fr\/product\/working-at-height-mannequin\/#primaryimage"},"thumbnailUrl":"https:\/\/fireware.nl\/wp-content\/uploads\/2019\/01\/017-043-067-Working-At-Height-Oefenpop.png","datePublished":"2019-01-23T12:18:49+00:00","dateModified":"2025-05-21T14:59:59+00:00","breadcrumb":{"@id":"https:\/\/fireware.nl\/fr\/product\/working-at-height-mannequin\/#breadcrumb"},"inLanguage":"fr-FR","potentialAction":[{"@type":"ReadAction","target":["https:\/\/fireware.nl\/fr\/product\/working-at-height-mannequin\/"]}]},{"@type":"ImageObject","inLanguage":"fr-FR","@id":"https:\/\/fireware.nl\/fr\/product\/working-at-height-mannequin\/#primaryimage","url":"https:\/\/fireware.nl\/wp-content\/uploads\/2019\/01\/017-043-067-Working-At-Height-Oefenpop.png","contentUrl":"https:\/\/fireware.nl\/wp-content\/uploads\/2019\/01\/017-043-067-Working-At-Height-Oefenpop.png","width":600,"height":600},{"@type":"BreadcrumbList","@id":"https:\/\/fireware.nl\/fr\/product\/working-at-height-mannequin\/#breadcrumb","itemListElement":[{"@type":"ListItem","position":1,"name":"Home","item":"https:\/\/fireware.nl\/fr\/"},{"@type":"ListItem","position":2,"name":"Produits","item":"https:\/\/fireware.nl\/fr\/produits\/"},{"@type":"ListItem","position":3,"name":"Ruth Lee Working at height Mannequin"}]},{"@type":"WebSite","@id":"https:\/\/fireware.nl\/fr\/#website","url":"https:\/\/fireware.nl\/fr\/","name":"FireWare","description":"CREATING REALISTIC  TRAINING ENVIRONMENTS","publisher":{"@id":"https:\/\/fireware.nl\/fr\/#organization"},"potentialAction":[{"@type":"SearchAction","target":{"@type":"EntryPoint","urlTemplate":"https:\/\/fireware.nl\/fr\/?s={search_term_string}"},"query-input":{"@type":"PropertyValueSpecification","valueRequired":true,"valueName":"search_term_string"}}],"inLanguage":"fr-FR"},{"@type":"Organization","@id":"https:\/\/fireware.nl\/fr\/#organization","name":"FireWare","url":"https:\/\/fireware.nl\/fr\/","logo":{"@type":"ImageObject","inLanguage":"fr-FR","@id":"https:\/\/fireware.nl\/fr\/#\/schema\/logo\/image\/","url":"https:\/\/fireware.nl\/wp-content\/uploads\/2018\/10\/FireWare-logo.jpg","contentUrl":"https:\/\/fireware.nl\/wp-content\/uploads\/2018\/10\/FireWare-logo.jpg","width":171,"height":70,"caption":"FireWare"},"image":{"@id":"https:\/\/fireware.nl\/fr\/#\/schema\/logo\/image\/"},"sameAs":["https:\/\/www.facebook.com\/FireWareBV\/","https:\/\/x.com\/FireWarebv","https:\/\/www.instagram.com\/fireware_nl\/","https:\/\/www.linkedin.com\/company\/3586017\/","https:\/\/www.youtube.com\/user\/firesalesrentconsult"]}]}},"publishpress_future_workflow_manual_trigger":{"enabledWorkflows":[]},"_links":{"self":[{"href":"https:\/\/fireware.nl\/fr\/wp-json\/wp\/v2\/product\/19573","targetHints":{"allow":["GET"]}}],"collection":[{"href":"https:\/\/fireware.nl\/fr\/wp-json\/wp\/v2\/product"}],"about":[{"href":"https:\/\/fireware.nl\/fr\/wp-json\/wp\/v2\/types\/product"}],"wp:featuredmedia":[{"embeddable":true,"href":"https:\/\/fireware.nl\/fr\/wp-json\/wp\/v2\/media\/61046"}],"wp:attachment":[{"href":"https:\/\/fireware.nl\/fr\/wp-json\/wp\/v2\/media?parent=19573"}],"wp:term":[{"taxonomy":"product_brand","embeddable":true,"href":"https:\/\/fireware.nl\/fr\/wp-json\/wp\/v2\/product_brand?post=19573"},{"taxonomy":"product_cat","embeddable":true,"href":"https:\/\/fireware.nl\/fr\/wp-json\/wp\/v2\/product_cat?post=19573"},{"taxonomy":"product_tag","embeddable":true,"href":"https:\/\/fireware.nl\/fr\/wp-json\/wp\/v2\/product_tag?post=19573"}],"curies":[{"name":"wp","href":"https:\/\/api.w.org\/{rel}","templated":true}]}}