
{"id":19605,"date":"2019-01-23T12:16:01","date_gmt":"2019-02-01T11:18:50","guid":{"rendered":"http:\/\/fireware.sites.hyperhosting.co\/?post_type=product&#038;p=19605"},"modified":"2025-02-14T13:39:42","modified_gmt":"2025-02-14T13:39:42","slug":"chaufferette-kit","status":"publish","type":"product","link":"https:\/\/fireware.nl\/fr\/product\/chaufferette-kit\/","title":{"rendered":"Chaufferette kit"},"content":{"rendered":"<h2>Exercer avec cam\u00e9ra thermique.<\/h2>\n<p>Dans une Chaufferette se trouvent un liquide sp\u00e9cial et une pi\u00e8ce en m\u00e9tal. En pressant celle-ci, de la chaleur se d\u00e9gage et le liquide se durcit et devient chaud. La temp\u00e9rature d\u2019une chaufferette atteint environ 40 degr\u00e9s et cette chaleur dure longtemps. En utilisant une chaufferette dans une mise en sc\u00e8ne, on peut cr\u00e9er de la chaleur.<\/p>\n<p>Vous pouvez utilisez des chaufferettes dans une\u00a0Veste Calorif\u00e8re\u00a0ou ind\u00e9pendamment dans les v\u00eatements de votre mannequin. Dans la veste, la chaleur est r\u00e9partie ce qui rend l\u2019effet r\u00e9aliste. Les chaufferettes sont visibles quand une cam\u00e9ra thermique est utilis\u00e9e pendant un exercice.\u00a0Apr\u00e8s utilisation, vous pouvez \u00ab recharger \u00bb les chaufferettes en les plongeant dans de l\u2019eau bouillante. Elles retrouvent ainsi leur \u00e9tat original et peuvent \u00eatre r\u00e9utilis\u00e9es.<\/p>\n","protected":false},"excerpt":{"rendered":"<ul>\n<li><strong>Temporairement disponible uniquement en rouge.<\/strong><\/li>\n<li>Id\u00e9al pour des exercices avec cam\u00e9ra thermique.<\/li>\n<li>Convient pour une Veste Calorif\u00e8re et pour un usage ind\u00e9pendant.<\/li>\n<li>Atteint une temp\u00e9rature d\u2019environ 40 degr\u00e9s.<\/li>\n<li>Apr\u00e8s utilisation, plonger dans l\u2019eau bouillante pour r\u00e9utilisation.<\/li>\n<li>Jeu de douze pi\u00e8ces en Caisson en plastique de 20*15*12 cm.<\/li>\n<\/ul>\n","protected":false},"featured_media":115116,"template":"","meta":[],"product_brand":[],"product_cat":[2877],"product_tag":[],"class_list":{"0":"post-19605","1":"product","2":"type-product","3":"status-publish","4":"has-post-thumbnail","6":"product_cat-signature-thermique","8":"first","9":"instock","10":"taxable","11":"shipping-taxable","12":"purchasable","13":"product-type-simple"},"yoast_head":"<!-- This site is optimized with the Yoast SEO plugin v27.5 - https:\/\/yoast.com\/product\/yoast-seo-wordpress\/ -->\n<title>Chaufferette kit - FireWare<\/title>\n<meta name=\"robots\" content=\"index, follow, max-snippet:-1, max-image-preview:large, max-video-preview:-1\" \/>\n<link rel=\"canonical\" href=\"https:\/\/fireware.nl\/fr\/product\/chaufferette-kit\/\" \/>\n<meta property=\"og:locale\" content=\"fr_FR\" \/>\n<meta property=\"og:type\" content=\"article\" \/>\n<meta property=\"og:title\" content=\"Chaufferette kit - FireWare\" \/>\n<meta property=\"og:description\" content=\"Temporairement disponible uniquement en rouge.  Id\u00e9al pour des exercices avec cam\u00e9ra thermique.  Convient pour une Veste Calorif\u00e8re et pour un usage ind\u00e9pendant.  Atteint une temp\u00e9rature d\u2019environ 40 degr\u00e9s.  Apr\u00e8s utilisation, plonger dans l\u2019eau bouillante pour r\u00e9utilisation.  Jeu de douze pi\u00e8ces en Caisson en plastique de 20*15*12 cm.\" \/>\n<meta property=\"og:url\" content=\"https:\/\/fireware.nl\/fr\/product\/chaufferette-kit\/\" \/>\n<meta property=\"og:site_name\" content=\"FireWare\" \/>\n<meta property=\"article:publisher\" content=\"https:\/\/www.facebook.com\/FireWareBV\/\" \/>\n<meta property=\"article:modified_time\" content=\"2025-02-14T13:39:42+00:00\" \/>\n<meta property=\"og:image\" content=\"https:\/\/fireware.nl\/wp-content\/uploads\/2019\/01\/025-030-010-Hitte-pack-Kit-Doos-rood_web.jpg\" \/>\n\t<meta property=\"og:image:width\" content=\"600\" \/>\n\t<meta property=\"og:image:height\" content=\"600\" \/>\n\t<meta property=\"og:image:type\" content=\"image\/jpeg\" \/>\n<meta name=\"twitter:card\" content=\"summary_large_image\" \/>\n<meta name=\"twitter:site\" content=\"@FireWarebv\" \/>\n<meta name=\"twitter:label1\" content=\"Dur\u00e9e de lecture estim\u00e9e\" \/>\n\t<meta name=\"twitter:data1\" content=\"1 minute\" \/>\n<script type=\"application\/ld+json\" class=\"yoast-schema-graph\">{\"@context\":\"https:\\\/\\\/schema.org\",\"@graph\":[{\"@type\":\"WebPage\",\"@id\":\"https:\\\/\\\/fireware.nl\\\/fr\\\/product\\\/chaufferette-kit\\\/\",\"url\":\"https:\\\/\\\/fireware.nl\\\/fr\\\/product\\\/chaufferette-kit\\\/\",\"name\":\"Chaufferette kit - FireWare\",\"isPartOf\":{\"@id\":\"https:\\\/\\\/fireware.nl\\\/fr\\\/#website\"},\"primaryImageOfPage\":{\"@id\":\"https:\\\/\\\/fireware.nl\\\/fr\\\/product\\\/chaufferette-kit\\\/#primaryimage\"},\"image\":{\"@id\":\"https:\\\/\\\/fireware.nl\\\/fr\\\/product\\\/chaufferette-kit\\\/#primaryimage\"},\"thumbnailUrl\":\"https:\\\/\\\/fireware.nl\\\/wp-content\\\/uploads\\\/2019\\\/01\\\/025-030-010-Hitte-pack-Kit-Doos-rood_web.jpg\",\"datePublished\":\"2019-02-01T11:18:50+00:00\",\"dateModified\":\"2025-02-14T13:39:42+00:00\",\"breadcrumb\":{\"@id\":\"https:\\\/\\\/fireware.nl\\\/fr\\\/product\\\/chaufferette-kit\\\/#breadcrumb\"},\"inLanguage\":\"fr-FR\",\"potentialAction\":[{\"@type\":\"ReadAction\",\"target\":[\"https:\\\/\\\/fireware.nl\\\/fr\\\/product\\\/chaufferette-kit\\\/\"]}]},{\"@type\":\"ImageObject\",\"inLanguage\":\"fr-FR\",\"@id\":\"https:\\\/\\\/fireware.nl\\\/fr\\\/product\\\/chaufferette-kit\\\/#primaryimage\",\"url\":\"https:\\\/\\\/fireware.nl\\\/wp-content\\\/uploads\\\/2019\\\/01\\\/025-030-010-Hitte-pack-Kit-Doos-rood_web.jpg\",\"contentUrl\":\"https:\\\/\\\/fireware.nl\\\/wp-content\\\/uploads\\\/2019\\\/01\\\/025-030-010-Hitte-pack-Kit-Doos-rood_web.jpg\",\"width\":600,\"height\":600},{\"@type\":\"BreadcrumbList\",\"@id\":\"https:\\\/\\\/fireware.nl\\\/fr\\\/product\\\/chaufferette-kit\\\/#breadcrumb\",\"itemListElement\":[{\"@type\":\"ListItem\",\"position\":1,\"name\":\"Home\",\"item\":\"https:\\\/\\\/fireware.nl\\\/fr\\\/\"},{\"@type\":\"ListItem\",\"position\":2,\"name\":\"Produits\",\"item\":\"https:\\\/\\\/fireware.nl\\\/fr\\\/produits\\\/\"},{\"@type\":\"ListItem\",\"position\":3,\"name\":\"Chaufferette kit\"}]},{\"@type\":\"WebSite\",\"@id\":\"https:\\\/\\\/fireware.nl\\\/fr\\\/#website\",\"url\":\"https:\\\/\\\/fireware.nl\\\/fr\\\/\",\"name\":\"FireWare\",\"description\":\"CREATING REALISTIC  TRAINING ENVIRONMENTS\",\"publisher\":{\"@id\":\"https:\\\/\\\/fireware.nl\\\/fr\\\/#organization\"},\"potentialAction\":[{\"@type\":\"SearchAction\",\"target\":{\"@type\":\"EntryPoint\",\"urlTemplate\":\"https:\\\/\\\/fireware.nl\\\/fr\\\/?s={search_term_string}\"},\"query-input\":{\"@type\":\"PropertyValueSpecification\",\"valueRequired\":true,\"valueName\":\"search_term_string\"}}],\"inLanguage\":\"fr-FR\"},{\"@type\":\"Organization\",\"@id\":\"https:\\\/\\\/fireware.nl\\\/fr\\\/#organization\",\"name\":\"FireWare\",\"url\":\"https:\\\/\\\/fireware.nl\\\/fr\\\/\",\"logo\":{\"@type\":\"ImageObject\",\"inLanguage\":\"fr-FR\",\"@id\":\"https:\\\/\\\/fireware.nl\\\/fr\\\/#\\\/schema\\\/logo\\\/image\\\/\",\"url\":\"https:\\\/\\\/fireware.nl\\\/wp-content\\\/uploads\\\/2018\\\/10\\\/FireWare-logo.jpg\",\"contentUrl\":\"https:\\\/\\\/fireware.nl\\\/wp-content\\\/uploads\\\/2018\\\/10\\\/FireWare-logo.jpg\",\"width\":171,\"height\":70,\"caption\":\"FireWare\"},\"image\":{\"@id\":\"https:\\\/\\\/fireware.nl\\\/fr\\\/#\\\/schema\\\/logo\\\/image\\\/\"},\"sameAs\":[\"https:\\\/\\\/www.facebook.com\\\/FireWareBV\\\/\",\"https:\\\/\\\/x.com\\\/FireWarebv\",\"https:\\\/\\\/www.instagram.com\\\/fireware_nl\\\/\",\"https:\\\/\\\/www.linkedin.com\\\/company\\\/3586017\\\/\",\"https:\\\/\\\/www.youtube.com\\\/user\\\/firesalesrentconsult\"]}]}<\/script>\n<!-- \/ Yoast SEO plugin. -->","yoast_head_json":{"title":"Chaufferette kit - FireWare","robots":{"index":"index","follow":"follow","max-snippet":"max-snippet:-1","max-image-preview":"max-image-preview:large","max-video-preview":"max-video-preview:-1"},"canonical":"https:\/\/fireware.nl\/fr\/product\/chaufferette-kit\/","og_locale":"fr_FR","og_type":"article","og_title":"Chaufferette kit - FireWare","og_description":"Temporairement disponible uniquement en rouge.  Id\u00e9al pour des exercices avec cam\u00e9ra thermique.  Convient pour une Veste Calorif\u00e8re et pour un usage ind\u00e9pendant.  Atteint une temp\u00e9rature d\u2019environ 40 degr\u00e9s.  Apr\u00e8s utilisation, plonger dans l\u2019eau bouillante pour r\u00e9utilisation.  Jeu de douze pi\u00e8ces en Caisson en plastique de 20*15*12 cm.","og_url":"https:\/\/fireware.nl\/fr\/product\/chaufferette-kit\/","og_site_name":"FireWare","article_publisher":"https:\/\/www.facebook.com\/FireWareBV\/","article_modified_time":"2025-02-14T13:39:42+00:00","og_image":[{"width":600,"height":600,"url":"https:\/\/fireware.nl\/wp-content\/uploads\/2019\/01\/025-030-010-Hitte-pack-Kit-Doos-rood_web.jpg","type":"image\/jpeg"}],"twitter_card":"summary_large_image","twitter_site":"@FireWarebv","twitter_misc":{"Dur\u00e9e de lecture estim\u00e9e":"1 minute"},"schema":{"@context":"https:\/\/schema.org","@graph":[{"@type":"WebPage","@id":"https:\/\/fireware.nl\/fr\/product\/chaufferette-kit\/","url":"https:\/\/fireware.nl\/fr\/product\/chaufferette-kit\/","name":"Chaufferette kit - FireWare","isPartOf":{"@id":"https:\/\/fireware.nl\/fr\/#website"},"primaryImageOfPage":{"@id":"https:\/\/fireware.nl\/fr\/product\/chaufferette-kit\/#primaryimage"},"image":{"@id":"https:\/\/fireware.nl\/fr\/product\/chaufferette-kit\/#primaryimage"},"thumbnailUrl":"https:\/\/fireware.nl\/wp-content\/uploads\/2019\/01\/025-030-010-Hitte-pack-Kit-Doos-rood_web.jpg","datePublished":"2019-02-01T11:18:50+00:00","dateModified":"2025-02-14T13:39:42+00:00","breadcrumb":{"@id":"https:\/\/fireware.nl\/fr\/product\/chaufferette-kit\/#breadcrumb"},"inLanguage":"fr-FR","potentialAction":[{"@type":"ReadAction","target":["https:\/\/fireware.nl\/fr\/product\/chaufferette-kit\/"]}]},{"@type":"ImageObject","inLanguage":"fr-FR","@id":"https:\/\/fireware.nl\/fr\/product\/chaufferette-kit\/#primaryimage","url":"https:\/\/fireware.nl\/wp-content\/uploads\/2019\/01\/025-030-010-Hitte-pack-Kit-Doos-rood_web.jpg","contentUrl":"https:\/\/fireware.nl\/wp-content\/uploads\/2019\/01\/025-030-010-Hitte-pack-Kit-Doos-rood_web.jpg","width":600,"height":600},{"@type":"BreadcrumbList","@id":"https:\/\/fireware.nl\/fr\/product\/chaufferette-kit\/#breadcrumb","itemListElement":[{"@type":"ListItem","position":1,"name":"Home","item":"https:\/\/fireware.nl\/fr\/"},{"@type":"ListItem","position":2,"name":"Produits","item":"https:\/\/fireware.nl\/fr\/produits\/"},{"@type":"ListItem","position":3,"name":"Chaufferette kit"}]},{"@type":"WebSite","@id":"https:\/\/fireware.nl\/fr\/#website","url":"https:\/\/fireware.nl\/fr\/","name":"FireWare","description":"CREATING REALISTIC  TRAINING ENVIRONMENTS","publisher":{"@id":"https:\/\/fireware.nl\/fr\/#organization"},"potentialAction":[{"@type":"SearchAction","target":{"@type":"EntryPoint","urlTemplate":"https:\/\/fireware.nl\/fr\/?s={search_term_string}"},"query-input":{"@type":"PropertyValueSpecification","valueRequired":true,"valueName":"search_term_string"}}],"inLanguage":"fr-FR"},{"@type":"Organization","@id":"https:\/\/fireware.nl\/fr\/#organization","name":"FireWare","url":"https:\/\/fireware.nl\/fr\/","logo":{"@type":"ImageObject","inLanguage":"fr-FR","@id":"https:\/\/fireware.nl\/fr\/#\/schema\/logo\/image\/","url":"https:\/\/fireware.nl\/wp-content\/uploads\/2018\/10\/FireWare-logo.jpg","contentUrl":"https:\/\/fireware.nl\/wp-content\/uploads\/2018\/10\/FireWare-logo.jpg","width":171,"height":70,"caption":"FireWare"},"image":{"@id":"https:\/\/fireware.nl\/fr\/#\/schema\/logo\/image\/"},"sameAs":["https:\/\/www.facebook.com\/FireWareBV\/","https:\/\/x.com\/FireWarebv","https:\/\/www.instagram.com\/fireware_nl\/","https:\/\/www.linkedin.com\/company\/3586017\/","https:\/\/www.youtube.com\/user\/firesalesrentconsult"]}]}},"publishpress_future_workflow_manual_trigger":{"enabledWorkflows":[]},"_links":{"self":[{"href":"https:\/\/fireware.nl\/fr\/wp-json\/wp\/v2\/product\/19605","targetHints":{"allow":["GET"]}}],"collection":[{"href":"https:\/\/fireware.nl\/fr\/wp-json\/wp\/v2\/product"}],"about":[{"href":"https:\/\/fireware.nl\/fr\/wp-json\/wp\/v2\/types\/product"}],"wp:featuredmedia":[{"embeddable":true,"href":"https:\/\/fireware.nl\/fr\/wp-json\/wp\/v2\/media\/115116"}],"wp:attachment":[{"href":"https:\/\/fireware.nl\/fr\/wp-json\/wp\/v2\/media?parent=19605"}],"wp:term":[{"taxonomy":"product_brand","embeddable":true,"href":"https:\/\/fireware.nl\/fr\/wp-json\/wp\/v2\/product_brand?post=19605"},{"taxonomy":"product_cat","embeddable":true,"href":"https:\/\/fireware.nl\/fr\/wp-json\/wp\/v2\/product_cat?post=19605"},{"taxonomy":"product_tag","embeddable":true,"href":"https:\/\/fireware.nl\/fr\/wp-json\/wp\/v2\/product_tag?post=19605"}],"curies":[{"name":"wp","href":"https:\/\/api.w.org\/{rel}","templated":true}]}}