
{"id":19618,"date":"2019-01-23T12:16:20","date_gmt":"2019-02-01T11:23:26","guid":{"rendered":"http:\/\/fireware.sites.hyperhosting.co\/?post_type=product&#038;p=19618"},"modified":"2021-09-30T15:04:53","modified_gmt":"2021-09-30T15:04:53","slug":"le-panneau-dexercice-de-pompiers-dans-une-boite-en-plastic-en-bref","status":"publish","type":"product","link":"https:\/\/fireware.nl\/fr\/product\/le-panneau-dexercice-de-pompiers-dans-une-boite-en-plastic-en-bref\/","title":{"rendered":"Le Panneau d&#8217;exercice de pompiers dans une bo\u00eete en plastic en bref"},"content":{"rendered":"<h2>Signalisation pendant des exercices de pompiers<\/h2>\n<p>En collaboration avec Veiligheidsregio Noord Holland Noord (l\u2019Organisme de s\u00e9curit\u00e9 r\u00e9gional du nord de la province de Hollande du Nord), Fireware a con\u00e7u ce nouveau panneau \u00ab Exercice de pompiers \u00bb.\u00a0L\u2019inconv\u00e9nient des panneaux traditionnels est qu\u2019ils se transportent et s\u2019entreposent difficilement.<\/p>\n<p>Ce nouveau panneau se range parfaitement dans les bo\u00eetes de dimension standard de Fireware. Le panneau est fix\u00e9 au couvercle de la bo\u00eete au moyen de ventouses puissantes. Le harnais pratique permet ensuite d\u2019utiliser la bo\u00eete comme support. Le panneau peut \u00e9ventuellement \u00eatre plac\u00e9 en hauteur en empilant d\u2019autres caisses.<\/p>\n<p>Le panneau peut aussi s\u2019utiliser s\u00e9par\u00e9ment et \u00eatre plac\u00e9 sur l\u2019\u00e9pave d\u2019une voiture, sur une porte ou une fa\u00e7ade gr\u00e2ce aux ventouses. Mais en retournant les ventouses, le panneau peut aussi \u00eatre plac\u00e9 derri\u00e8re une vitre (de voiture). C\u2019est pratique lorsque la mise en sc\u00e8ne de vos exercices dure plus longtemps.<\/p>\n<p>Bien entendu, le set est livr\u00e9 au complet avec la bo\u00eete, le panneau r\u00e9fl\u00e9chissant de haute qualit\u00e9, les ventouses et un support en acier inoxydable.<\/p>\n","protected":false},"excerpt":{"rendered":"<ul>\n<li>Mat\u00e9riau r\u00e9fl\u00e9chissant.<\/li>\n<li>Avec ventouses pour une fixation simple.<\/li>\n<li>Peut aussi se placer derri\u00e8re une fen\u00eatre ou sur des objets.<\/li>\n<li>S\u2019utilise \u00e0 l\u2019int\u00e9rieur et \u00e0 l\u2019ext\u00e9rieur.<\/li>\n<li>Including a plastic box measuring 60 x 40 x 9 cm.<\/li>\n<\/ul>\n","protected":false},"featured_media":21546,"template":"","meta":[],"product_brand":[],"product_cat":[215,241],"product_tag":[],"class_list":{"0":"post-19618","1":"product","2":"type-product","3":"status-publish","4":"has-post-thumbnail","6":"product_cat-feu-simule","7":"product_cat-signalisation","8":"pa_taal-allemand","9":"pa_taal-anglais","10":"pa_taal-francais","11":"pa_taal-neerlandais","13":"first","14":"instock","15":"taxable","16":"shipping-taxable","17":"purchasable","18":"product-type-variable"},"yoast_head":"<!-- This site is optimized with the Yoast SEO plugin v27.5 - https:\/\/yoast.com\/product\/yoast-seo-wordpress\/ -->\n<title>Le Panneau d&#039;exercice de pompiers dans une bo\u00eete en plastic en bref - FireWare<\/title>\n<meta name=\"robots\" content=\"index, follow, max-snippet:-1, max-image-preview:large, max-video-preview:-1\" \/>\n<link rel=\"canonical\" href=\"https:\/\/fireware.nl\/fr\/product\/le-panneau-dexercice-de-pompiers-dans-une-boite-en-plastic-en-bref\/\" \/>\n<meta property=\"og:locale\" content=\"fr_FR\" \/>\n<meta property=\"og:type\" content=\"article\" \/>\n<meta property=\"og:title\" content=\"Le Panneau d&#039;exercice de pompiers dans une bo\u00eete en plastic en bref - FireWare\" \/>\n<meta property=\"og:description\" content=\"Mat\u00e9riau r\u00e9fl\u00e9chissant.  Avec ventouses pour une fixation simple.  Peut aussi se placer derri\u00e8re une fen\u00eatre ou sur des objets.  S\u2019utilise \u00e0 l\u2019int\u00e9rieur et \u00e0 l\u2019ext\u00e9rieur.  Including a plastic box measuring 60 x 40 x 9 cm.\" \/>\n<meta property=\"og:url\" content=\"https:\/\/fireware.nl\/fr\/product\/le-panneau-dexercice-de-pompiers-dans-une-boite-en-plastic-en-bref\/\" \/>\n<meta property=\"og:site_name\" content=\"FireWare\" \/>\n<meta property=\"article:publisher\" content=\"https:\/\/www.facebook.com\/FireWareBV\/\" \/>\n<meta property=\"article:modified_time\" content=\"2021-09-30T15:04:53+00:00\" \/>\n<meta property=\"og:image\" content=\"https:\/\/fireware.nl\/wp-content\/uploads\/2019\/01\/028-012-003-Bord-Brandweeroefening-Voorkant.jpg\" \/>\n\t<meta property=\"og:image:width\" content=\"600\" \/>\n\t<meta property=\"og:image:height\" content=\"600\" \/>\n\t<meta property=\"og:image:type\" content=\"image\/jpeg\" \/>\n<meta name=\"twitter:card\" content=\"summary_large_image\" \/>\n<meta name=\"twitter:site\" content=\"@FireWarebv\" \/>\n<meta name=\"twitter:label1\" content=\"Dur\u00e9e de lecture estim\u00e9e\" \/>\n\t<meta name=\"twitter:data1\" content=\"1 minute\" \/>\n<script type=\"application\/ld+json\" class=\"yoast-schema-graph\">{\"@context\":\"https:\\\/\\\/schema.org\",\"@graph\":[{\"@type\":\"WebPage\",\"@id\":\"https:\\\/\\\/fireware.nl\\\/fr\\\/product\\\/le-panneau-dexercice-de-pompiers-dans-une-boite-en-plastic-en-bref\\\/\",\"url\":\"https:\\\/\\\/fireware.nl\\\/fr\\\/product\\\/le-panneau-dexercice-de-pompiers-dans-une-boite-en-plastic-en-bref\\\/\",\"name\":\"Le Panneau d'exercice de pompiers dans une bo\u00eete en plastic en bref - FireWare\",\"isPartOf\":{\"@id\":\"https:\\\/\\\/fireware.nl\\\/fr\\\/#website\"},\"primaryImageOfPage\":{\"@id\":\"https:\\\/\\\/fireware.nl\\\/fr\\\/product\\\/le-panneau-dexercice-de-pompiers-dans-une-boite-en-plastic-en-bref\\\/#primaryimage\"},\"image\":{\"@id\":\"https:\\\/\\\/fireware.nl\\\/fr\\\/product\\\/le-panneau-dexercice-de-pompiers-dans-une-boite-en-plastic-en-bref\\\/#primaryimage\"},\"thumbnailUrl\":\"https:\\\/\\\/fireware.nl\\\/wp-content\\\/uploads\\\/2019\\\/01\\\/028-012-003-Bord-Brandweeroefening-Voorkant.jpg\",\"datePublished\":\"2019-02-01T11:23:26+00:00\",\"dateModified\":\"2021-09-30T15:04:53+00:00\",\"breadcrumb\":{\"@id\":\"https:\\\/\\\/fireware.nl\\\/fr\\\/product\\\/le-panneau-dexercice-de-pompiers-dans-une-boite-en-plastic-en-bref\\\/#breadcrumb\"},\"inLanguage\":\"fr-FR\",\"potentialAction\":[{\"@type\":\"ReadAction\",\"target\":[\"https:\\\/\\\/fireware.nl\\\/fr\\\/product\\\/le-panneau-dexercice-de-pompiers-dans-une-boite-en-plastic-en-bref\\\/\"]}]},{\"@type\":\"ImageObject\",\"inLanguage\":\"fr-FR\",\"@id\":\"https:\\\/\\\/fireware.nl\\\/fr\\\/product\\\/le-panneau-dexercice-de-pompiers-dans-une-boite-en-plastic-en-bref\\\/#primaryimage\",\"url\":\"https:\\\/\\\/fireware.nl\\\/wp-content\\\/uploads\\\/2019\\\/01\\\/028-012-003-Bord-Brandweeroefening-Voorkant.jpg\",\"contentUrl\":\"https:\\\/\\\/fireware.nl\\\/wp-content\\\/uploads\\\/2019\\\/01\\\/028-012-003-Bord-Brandweeroefening-Voorkant.jpg\",\"width\":600,\"height\":600,\"caption\":\"028-012-003 Bord Brandweeroefening Voorkant\"},{\"@type\":\"BreadcrumbList\",\"@id\":\"https:\\\/\\\/fireware.nl\\\/fr\\\/product\\\/le-panneau-dexercice-de-pompiers-dans-une-boite-en-plastic-en-bref\\\/#breadcrumb\",\"itemListElement\":[{\"@type\":\"ListItem\",\"position\":1,\"name\":\"Home\",\"item\":\"https:\\\/\\\/fireware.nl\\\/fr\\\/\"},{\"@type\":\"ListItem\",\"position\":2,\"name\":\"Produits\",\"item\":\"https:\\\/\\\/fireware.nl\\\/fr\\\/produits\\\/\"},{\"@type\":\"ListItem\",\"position\":3,\"name\":\"Le Panneau d&#8217;exercice de pompiers dans une bo\u00eete en plastic en bref\"}]},{\"@type\":\"WebSite\",\"@id\":\"https:\\\/\\\/fireware.nl\\\/fr\\\/#website\",\"url\":\"https:\\\/\\\/fireware.nl\\\/fr\\\/\",\"name\":\"FireWare\",\"description\":\"CREATING REALISTIC  TRAINING ENVIRONMENTS\",\"publisher\":{\"@id\":\"https:\\\/\\\/fireware.nl\\\/fr\\\/#organization\"},\"potentialAction\":[{\"@type\":\"SearchAction\",\"target\":{\"@type\":\"EntryPoint\",\"urlTemplate\":\"https:\\\/\\\/fireware.nl\\\/fr\\\/?s={search_term_string}\"},\"query-input\":{\"@type\":\"PropertyValueSpecification\",\"valueRequired\":true,\"valueName\":\"search_term_string\"}}],\"inLanguage\":\"fr-FR\"},{\"@type\":\"Organization\",\"@id\":\"https:\\\/\\\/fireware.nl\\\/fr\\\/#organization\",\"name\":\"FireWare\",\"url\":\"https:\\\/\\\/fireware.nl\\\/fr\\\/\",\"logo\":{\"@type\":\"ImageObject\",\"inLanguage\":\"fr-FR\",\"@id\":\"https:\\\/\\\/fireware.nl\\\/fr\\\/#\\\/schema\\\/logo\\\/image\\\/\",\"url\":\"https:\\\/\\\/fireware.nl\\\/wp-content\\\/uploads\\\/2018\\\/10\\\/FireWare-logo.jpg\",\"contentUrl\":\"https:\\\/\\\/fireware.nl\\\/wp-content\\\/uploads\\\/2018\\\/10\\\/FireWare-logo.jpg\",\"width\":171,\"height\":70,\"caption\":\"FireWare\"},\"image\":{\"@id\":\"https:\\\/\\\/fireware.nl\\\/fr\\\/#\\\/schema\\\/logo\\\/image\\\/\"},\"sameAs\":[\"https:\\\/\\\/www.facebook.com\\\/FireWareBV\\\/\",\"https:\\\/\\\/x.com\\\/FireWarebv\",\"https:\\\/\\\/www.instagram.com\\\/fireware_nl\\\/\",\"https:\\\/\\\/www.linkedin.com\\\/company\\\/3586017\\\/\",\"https:\\\/\\\/www.youtube.com\\\/user\\\/firesalesrentconsult\"]}]}<\/script>\n<!-- \/ Yoast SEO plugin. -->","yoast_head_json":{"title":"Le Panneau d'exercice de pompiers dans une bo\u00eete en plastic en bref - FireWare","robots":{"index":"index","follow":"follow","max-snippet":"max-snippet:-1","max-image-preview":"max-image-preview:large","max-video-preview":"max-video-preview:-1"},"canonical":"https:\/\/fireware.nl\/fr\/product\/le-panneau-dexercice-de-pompiers-dans-une-boite-en-plastic-en-bref\/","og_locale":"fr_FR","og_type":"article","og_title":"Le Panneau d'exercice de pompiers dans une bo\u00eete en plastic en bref - FireWare","og_description":"Mat\u00e9riau r\u00e9fl\u00e9chissant.  Avec ventouses pour une fixation simple.  Peut aussi se placer derri\u00e8re une fen\u00eatre ou sur des objets.  S\u2019utilise \u00e0 l\u2019int\u00e9rieur et \u00e0 l\u2019ext\u00e9rieur.  Including a plastic box measuring 60 x 40 x 9 cm.","og_url":"https:\/\/fireware.nl\/fr\/product\/le-panneau-dexercice-de-pompiers-dans-une-boite-en-plastic-en-bref\/","og_site_name":"FireWare","article_publisher":"https:\/\/www.facebook.com\/FireWareBV\/","article_modified_time":"2021-09-30T15:04:53+00:00","og_image":[{"width":600,"height":600,"url":"https:\/\/fireware.nl\/wp-content\/uploads\/2019\/01\/028-012-003-Bord-Brandweeroefening-Voorkant.jpg","type":"image\/jpeg"}],"twitter_card":"summary_large_image","twitter_site":"@FireWarebv","twitter_misc":{"Dur\u00e9e de lecture estim\u00e9e":"1 minute"},"schema":{"@context":"https:\/\/schema.org","@graph":[{"@type":"WebPage","@id":"https:\/\/fireware.nl\/fr\/product\/le-panneau-dexercice-de-pompiers-dans-une-boite-en-plastic-en-bref\/","url":"https:\/\/fireware.nl\/fr\/product\/le-panneau-dexercice-de-pompiers-dans-une-boite-en-plastic-en-bref\/","name":"Le Panneau d'exercice de pompiers dans une bo\u00eete en plastic en bref - FireWare","isPartOf":{"@id":"https:\/\/fireware.nl\/fr\/#website"},"primaryImageOfPage":{"@id":"https:\/\/fireware.nl\/fr\/product\/le-panneau-dexercice-de-pompiers-dans-une-boite-en-plastic-en-bref\/#primaryimage"},"image":{"@id":"https:\/\/fireware.nl\/fr\/product\/le-panneau-dexercice-de-pompiers-dans-une-boite-en-plastic-en-bref\/#primaryimage"},"thumbnailUrl":"https:\/\/fireware.nl\/wp-content\/uploads\/2019\/01\/028-012-003-Bord-Brandweeroefening-Voorkant.jpg","datePublished":"2019-02-01T11:23:26+00:00","dateModified":"2021-09-30T15:04:53+00:00","breadcrumb":{"@id":"https:\/\/fireware.nl\/fr\/product\/le-panneau-dexercice-de-pompiers-dans-une-boite-en-plastic-en-bref\/#breadcrumb"},"inLanguage":"fr-FR","potentialAction":[{"@type":"ReadAction","target":["https:\/\/fireware.nl\/fr\/product\/le-panneau-dexercice-de-pompiers-dans-une-boite-en-plastic-en-bref\/"]}]},{"@type":"ImageObject","inLanguage":"fr-FR","@id":"https:\/\/fireware.nl\/fr\/product\/le-panneau-dexercice-de-pompiers-dans-une-boite-en-plastic-en-bref\/#primaryimage","url":"https:\/\/fireware.nl\/wp-content\/uploads\/2019\/01\/028-012-003-Bord-Brandweeroefening-Voorkant.jpg","contentUrl":"https:\/\/fireware.nl\/wp-content\/uploads\/2019\/01\/028-012-003-Bord-Brandweeroefening-Voorkant.jpg","width":600,"height":600,"caption":"028-012-003 Bord Brandweeroefening Voorkant"},{"@type":"BreadcrumbList","@id":"https:\/\/fireware.nl\/fr\/product\/le-panneau-dexercice-de-pompiers-dans-une-boite-en-plastic-en-bref\/#breadcrumb","itemListElement":[{"@type":"ListItem","position":1,"name":"Home","item":"https:\/\/fireware.nl\/fr\/"},{"@type":"ListItem","position":2,"name":"Produits","item":"https:\/\/fireware.nl\/fr\/produits\/"},{"@type":"ListItem","position":3,"name":"Le Panneau d&#8217;exercice de pompiers dans une bo\u00eete en plastic en bref"}]},{"@type":"WebSite","@id":"https:\/\/fireware.nl\/fr\/#website","url":"https:\/\/fireware.nl\/fr\/","name":"FireWare","description":"CREATING REALISTIC  TRAINING ENVIRONMENTS","publisher":{"@id":"https:\/\/fireware.nl\/fr\/#organization"},"potentialAction":[{"@type":"SearchAction","target":{"@type":"EntryPoint","urlTemplate":"https:\/\/fireware.nl\/fr\/?s={search_term_string}"},"query-input":{"@type":"PropertyValueSpecification","valueRequired":true,"valueName":"search_term_string"}}],"inLanguage":"fr-FR"},{"@type":"Organization","@id":"https:\/\/fireware.nl\/fr\/#organization","name":"FireWare","url":"https:\/\/fireware.nl\/fr\/","logo":{"@type":"ImageObject","inLanguage":"fr-FR","@id":"https:\/\/fireware.nl\/fr\/#\/schema\/logo\/image\/","url":"https:\/\/fireware.nl\/wp-content\/uploads\/2018\/10\/FireWare-logo.jpg","contentUrl":"https:\/\/fireware.nl\/wp-content\/uploads\/2018\/10\/FireWare-logo.jpg","width":171,"height":70,"caption":"FireWare"},"image":{"@id":"https:\/\/fireware.nl\/fr\/#\/schema\/logo\/image\/"},"sameAs":["https:\/\/www.facebook.com\/FireWareBV\/","https:\/\/x.com\/FireWarebv","https:\/\/www.instagram.com\/fireware_nl\/","https:\/\/www.linkedin.com\/company\/3586017\/","https:\/\/www.youtube.com\/user\/firesalesrentconsult"]}]}},"publishpress_future_workflow_manual_trigger":{"enabledWorkflows":[]},"_links":{"self":[{"href":"https:\/\/fireware.nl\/fr\/wp-json\/wp\/v2\/product\/19618","targetHints":{"allow":["GET"]}}],"collection":[{"href":"https:\/\/fireware.nl\/fr\/wp-json\/wp\/v2\/product"}],"about":[{"href":"https:\/\/fireware.nl\/fr\/wp-json\/wp\/v2\/types\/product"}],"wp:featuredmedia":[{"embeddable":true,"href":"https:\/\/fireware.nl\/fr\/wp-json\/wp\/v2\/media\/21546"}],"wp:attachment":[{"href":"https:\/\/fireware.nl\/fr\/wp-json\/wp\/v2\/media?parent=19618"}],"wp:term":[{"taxonomy":"product_brand","embeddable":true,"href":"https:\/\/fireware.nl\/fr\/wp-json\/wp\/v2\/product_brand?post=19618"},{"taxonomy":"product_cat","embeddable":true,"href":"https:\/\/fireware.nl\/fr\/wp-json\/wp\/v2\/product_cat?post=19618"},{"taxonomy":"product_tag","embeddable":true,"href":"https:\/\/fireware.nl\/fr\/wp-json\/wp\/v2\/product_tag?post=19618"}],"curies":[{"name":"wp","href":"https:\/\/api.w.org\/{rel}","templated":true}]}}