
{"id":19659,"date":"2019-01-23T12:15:24","date_gmt":"2019-01-23T12:15:24","guid":{"rendered":"http:\/\/fireware.sites.hyperhosting.co\/?post_type=product&#038;p=19659"},"modified":"2026-04-13T14:40:57","modified_gmt":"2026-04-13T14:40:57","slug":"phoenix","status":"publish","type":"product","link":"https:\/\/fireware.nl\/fr\/product\/phoenix\/","title":{"rendered":"Phoenix Silkflame"},"content":{"rendered":"\n\n\t<h2>Cr\u00e9ez une image de flamme r\u00e9aliste<\/h2>\n<p>Le Phoenix Silkflame de FireWare a \u00e9tt\u00e9 sp\u00e9cialement d\u00e9velopp\u00e9 pour les exercices de pompiers. Le puissant ventilateur peut s&#8217;utiliser avec de hautes concentrations de fum\u00e9e d&#8217;exercice. Outre verticalement, ce Silkflame peut aussi s&#8217;utiliser horizontalement. Id\u00e9al pour simuler des incendies plus complexes dans des situations o\u00f9 aucun v\u00e9ritable incendie n&#8217;est souhait\u00e9.<\/p>\n<p>Le syst\u00e8me d&#8217;enroulement de la toile \u00e0 flammes est unique. La hauteur de la flamme est ajustable de 0 (hauteur minimum) \u00e0 200 cm (hauteur maximum). La lampe LED est facile \u00e0 faire pivoter pour que chaque hauteur de flamme fournisse le meilleur r\u00e9sultat. Les \u00e9l\u00e9ments m\u00e9talliques sont constitu\u00e9s d&#8217;acier en inox d&#8217;excellente qualit\u00e9. L&#8217;ensemble du Silkflame est int\u00e9gr\u00e9 d&#8217;office \u00e0 un caisson Euronorm. Cela facilite consid\u00e9rablement l&#8217;entreposage et le transport. Ouvrez le couvercle, et c&#8217;est parti ! Le cordon d&#8217;alimentation amovible est facile \u00e0 remplacer en cas, par exemple, de rupture du c\u00e2ble. Dimensions du caisson : 60x 40x 32,5 cm.<\/p>\n<p>Le CO2, l&#8217;air ou le <a href=\"https:\/\/fireware.nl\/fr\/categorie-produit\/extincteurs-dexercice\/\" target=\"_blank\" rel=\"noopener noreferrer\">FireWare Apollo LED Extincteurs \u00e0 mousse d&#8217;exercice<\/a> peuvent \u00eatre utilis\u00e9s pour un exercice d&#8217;extinction. Avec une t\u00e9l\u00e9commande plug on \/ off en option, le Phoenix peut \u00e9galement fonctionner sans fil.<\/p>\n<h3>Regardez les vid\u00e9os<\/h3>\n\t\t<iframe loading=\"lazy\" src=\"https:\/\/player.vimeo.com\/video\/241522851\" width=\"640\" height=\"360\" frameborder=\"0\" allow=\"autoplay; fullscreen\" allowfullscreen><\/iframe>\t\n\t\t<iframe width=\"560\" height=\"315\" src=https:\/\/player.vimeo.com\/video\/1162488985?hl=nl&#038;cc_lang_pref=nl&#038;cc_load_policy=1 frameborder=\"0\" allow=\"accelerometer; autoplay; clipboard-write; encrypted-media; gyroscope; picture-in-picture\" \nallowfullscreen><\/iframe>\n\n","protected":false},"excerpt":{"rendered":"<ul>\n<li>Hauteur de la flamme r\u00e9glable entre 0 et 200 cm<\/li>\n<li>Equip\u00e9 d\u2019un tissu de soie orange, \u00e9galement agr\u00e9able en plein jour<\/li>\n<li>Images \u00e0 flammes multiples par placement horizontal et vertical<\/li>\n<li>Ventilateur tr\u00e8s puissant<\/li>\n<li>\u00c9clairage LED inclinable<\/li>\n<li>Construit dans une bo\u00eete en plastique de 60 * 40 * 32,5 cm<\/li>\n<\/ul>\n","protected":false},"featured_media":31183,"template":"","meta":[],"product_brand":[],"product_cat":[215],"product_tag":[],"class_list":{"0":"post-19659","1":"product","2":"type-product","3":"status-publish","4":"has-post-thumbnail","6":"product_cat-feu-simule","8":"first","9":"instock","10":"taxable","11":"shipping-taxable","12":"purchasable","13":"product-type-simple"},"yoast_head":"<!-- This site is optimized with the Yoast SEO plugin v27.5 - https:\/\/yoast.com\/product\/yoast-seo-wordpress\/ -->\n<title>Phoenix Silkflame - FireWare<\/title>\n<meta name=\"robots\" content=\"index, follow, max-snippet:-1, max-image-preview:large, max-video-preview:-1\" \/>\n<link rel=\"canonical\" href=\"https:\/\/fireware.nl\/fr\/product\/phoenix\/\" \/>\n<meta property=\"og:locale\" content=\"fr_FR\" \/>\n<meta property=\"og:type\" content=\"article\" \/>\n<meta property=\"og:title\" content=\"Phoenix Silkflame - FireWare\" \/>\n<meta property=\"og:description\" content=\"Hauteur de la flamme r\u00e9glable entre 0 et 200 cm Equip\u00e9 d\u2019un tissu de soie orange, \u00e9galement agr\u00e9able en plein jour Images \u00e0 flammes multiples par placement horizontal et vertical Ventilateur tr\u00e8s puissant \u00c9clairage LED inclinable Construit dans une bo\u00eete en plastique de 60 * 40 * 32,5 cm\" \/>\n<meta property=\"og:url\" content=\"https:\/\/fireware.nl\/fr\/product\/phoenix\/\" \/>\n<meta property=\"og:site_name\" content=\"FireWare\" \/>\n<meta property=\"article:publisher\" content=\"https:\/\/www.facebook.com\/FireWareBV\/\" \/>\n<meta property=\"article:modified_time\" content=\"2026-04-13T14:40:57+00:00\" \/>\n<meta property=\"og:image\" content=\"https:\/\/fireware.nl\/wp-content\/uploads\/2019\/01\/011-012-005-Phoenix-Silkflame.jpg\" \/>\n\t<meta property=\"og:image:width\" content=\"600\" \/>\n\t<meta property=\"og:image:height\" content=\"600\" \/>\n\t<meta property=\"og:image:type\" content=\"image\/jpeg\" \/>\n<meta name=\"twitter:card\" content=\"summary_large_image\" \/>\n<meta name=\"twitter:site\" content=\"@FireWarebv\" \/>\n<meta name=\"twitter:label1\" content=\"Dur\u00e9e de lecture estim\u00e9e\" \/>\n\t<meta name=\"twitter:data1\" content=\"1 minute\" \/>\n<script type=\"application\/ld+json\" class=\"yoast-schema-graph\">{\"@context\":\"https:\\\/\\\/schema.org\",\"@graph\":[{\"@type\":\"WebPage\",\"@id\":\"https:\\\/\\\/fireware.nl\\\/fr\\\/product\\\/phoenix\\\/\",\"url\":\"https:\\\/\\\/fireware.nl\\\/fr\\\/product\\\/phoenix\\\/\",\"name\":\"Phoenix Silkflame - FireWare\",\"isPartOf\":{\"@id\":\"https:\\\/\\\/fireware.nl\\\/fr\\\/#website\"},\"primaryImageOfPage\":{\"@id\":\"https:\\\/\\\/fireware.nl\\\/fr\\\/product\\\/phoenix\\\/#primaryimage\"},\"image\":{\"@id\":\"https:\\\/\\\/fireware.nl\\\/fr\\\/product\\\/phoenix\\\/#primaryimage\"},\"thumbnailUrl\":\"https:\\\/\\\/fireware.nl\\\/wp-content\\\/uploads\\\/2019\\\/01\\\/011-012-005-Phoenix-Silkflame.jpg\",\"datePublished\":\"2019-01-23T12:15:24+00:00\",\"dateModified\":\"2026-04-13T14:40:57+00:00\",\"breadcrumb\":{\"@id\":\"https:\\\/\\\/fireware.nl\\\/fr\\\/product\\\/phoenix\\\/#breadcrumb\"},\"inLanguage\":\"fr-FR\",\"potentialAction\":[{\"@type\":\"ReadAction\",\"target\":[\"https:\\\/\\\/fireware.nl\\\/fr\\\/product\\\/phoenix\\\/\"]}]},{\"@type\":\"ImageObject\",\"inLanguage\":\"fr-FR\",\"@id\":\"https:\\\/\\\/fireware.nl\\\/fr\\\/product\\\/phoenix\\\/#primaryimage\",\"url\":\"https:\\\/\\\/fireware.nl\\\/wp-content\\\/uploads\\\/2019\\\/01\\\/011-012-005-Phoenix-Silkflame.jpg\",\"contentUrl\":\"https:\\\/\\\/fireware.nl\\\/wp-content\\\/uploads\\\/2019\\\/01\\\/011-012-005-Phoenix-Silkflame.jpg\",\"width\":600,\"height\":600},{\"@type\":\"BreadcrumbList\",\"@id\":\"https:\\\/\\\/fireware.nl\\\/fr\\\/product\\\/phoenix\\\/#breadcrumb\",\"itemListElement\":[{\"@type\":\"ListItem\",\"position\":1,\"name\":\"Home\",\"item\":\"https:\\\/\\\/fireware.nl\\\/fr\\\/\"},{\"@type\":\"ListItem\",\"position\":2,\"name\":\"Produits\",\"item\":\"https:\\\/\\\/fireware.nl\\\/fr\\\/produits\\\/\"},{\"@type\":\"ListItem\",\"position\":3,\"name\":\"Phoenix Silkflame\"}]},{\"@type\":\"WebSite\",\"@id\":\"https:\\\/\\\/fireware.nl\\\/fr\\\/#website\",\"url\":\"https:\\\/\\\/fireware.nl\\\/fr\\\/\",\"name\":\"FireWare\",\"description\":\"CREATING REALISTIC  TRAINING ENVIRONMENTS\",\"publisher\":{\"@id\":\"https:\\\/\\\/fireware.nl\\\/fr\\\/#organization\"},\"potentialAction\":[{\"@type\":\"SearchAction\",\"target\":{\"@type\":\"EntryPoint\",\"urlTemplate\":\"https:\\\/\\\/fireware.nl\\\/fr\\\/?s={search_term_string}\"},\"query-input\":{\"@type\":\"PropertyValueSpecification\",\"valueRequired\":true,\"valueName\":\"search_term_string\"}}],\"inLanguage\":\"fr-FR\"},{\"@type\":\"Organization\",\"@id\":\"https:\\\/\\\/fireware.nl\\\/fr\\\/#organization\",\"name\":\"FireWare\",\"url\":\"https:\\\/\\\/fireware.nl\\\/fr\\\/\",\"logo\":{\"@type\":\"ImageObject\",\"inLanguage\":\"fr-FR\",\"@id\":\"https:\\\/\\\/fireware.nl\\\/fr\\\/#\\\/schema\\\/logo\\\/image\\\/\",\"url\":\"https:\\\/\\\/fireware.nl\\\/wp-content\\\/uploads\\\/2018\\\/10\\\/FireWare-logo.jpg\",\"contentUrl\":\"https:\\\/\\\/fireware.nl\\\/wp-content\\\/uploads\\\/2018\\\/10\\\/FireWare-logo.jpg\",\"width\":171,\"height\":70,\"caption\":\"FireWare\"},\"image\":{\"@id\":\"https:\\\/\\\/fireware.nl\\\/fr\\\/#\\\/schema\\\/logo\\\/image\\\/\"},\"sameAs\":[\"https:\\\/\\\/www.facebook.com\\\/FireWareBV\\\/\",\"https:\\\/\\\/x.com\\\/FireWarebv\",\"https:\\\/\\\/www.instagram.com\\\/fireware_nl\\\/\",\"https:\\\/\\\/www.linkedin.com\\\/company\\\/3586017\\\/\",\"https:\\\/\\\/www.youtube.com\\\/user\\\/firesalesrentconsult\"]}]}<\/script>\n<!-- \/ Yoast SEO plugin. -->","yoast_head_json":{"title":"Phoenix Silkflame - FireWare","robots":{"index":"index","follow":"follow","max-snippet":"max-snippet:-1","max-image-preview":"max-image-preview:large","max-video-preview":"max-video-preview:-1"},"canonical":"https:\/\/fireware.nl\/fr\/product\/phoenix\/","og_locale":"fr_FR","og_type":"article","og_title":"Phoenix Silkflame - FireWare","og_description":"Hauteur de la flamme r\u00e9glable entre 0 et 200 cm Equip\u00e9 d\u2019un tissu de soie orange, \u00e9galement agr\u00e9able en plein jour Images \u00e0 flammes multiples par placement horizontal et vertical Ventilateur tr\u00e8s puissant \u00c9clairage LED inclinable Construit dans une bo\u00eete en plastique de 60 * 40 * 32,5 cm","og_url":"https:\/\/fireware.nl\/fr\/product\/phoenix\/","og_site_name":"FireWare","article_publisher":"https:\/\/www.facebook.com\/FireWareBV\/","article_modified_time":"2026-04-13T14:40:57+00:00","og_image":[{"width":600,"height":600,"url":"https:\/\/fireware.nl\/wp-content\/uploads\/2019\/01\/011-012-005-Phoenix-Silkflame.jpg","type":"image\/jpeg"}],"twitter_card":"summary_large_image","twitter_site":"@FireWarebv","twitter_misc":{"Dur\u00e9e de lecture estim\u00e9e":"1 minute"},"schema":{"@context":"https:\/\/schema.org","@graph":[{"@type":"WebPage","@id":"https:\/\/fireware.nl\/fr\/product\/phoenix\/","url":"https:\/\/fireware.nl\/fr\/product\/phoenix\/","name":"Phoenix Silkflame - FireWare","isPartOf":{"@id":"https:\/\/fireware.nl\/fr\/#website"},"primaryImageOfPage":{"@id":"https:\/\/fireware.nl\/fr\/product\/phoenix\/#primaryimage"},"image":{"@id":"https:\/\/fireware.nl\/fr\/product\/phoenix\/#primaryimage"},"thumbnailUrl":"https:\/\/fireware.nl\/wp-content\/uploads\/2019\/01\/011-012-005-Phoenix-Silkflame.jpg","datePublished":"2019-01-23T12:15:24+00:00","dateModified":"2026-04-13T14:40:57+00:00","breadcrumb":{"@id":"https:\/\/fireware.nl\/fr\/product\/phoenix\/#breadcrumb"},"inLanguage":"fr-FR","potentialAction":[{"@type":"ReadAction","target":["https:\/\/fireware.nl\/fr\/product\/phoenix\/"]}]},{"@type":"ImageObject","inLanguage":"fr-FR","@id":"https:\/\/fireware.nl\/fr\/product\/phoenix\/#primaryimage","url":"https:\/\/fireware.nl\/wp-content\/uploads\/2019\/01\/011-012-005-Phoenix-Silkflame.jpg","contentUrl":"https:\/\/fireware.nl\/wp-content\/uploads\/2019\/01\/011-012-005-Phoenix-Silkflame.jpg","width":600,"height":600},{"@type":"BreadcrumbList","@id":"https:\/\/fireware.nl\/fr\/product\/phoenix\/#breadcrumb","itemListElement":[{"@type":"ListItem","position":1,"name":"Home","item":"https:\/\/fireware.nl\/fr\/"},{"@type":"ListItem","position":2,"name":"Produits","item":"https:\/\/fireware.nl\/fr\/produits\/"},{"@type":"ListItem","position":3,"name":"Phoenix Silkflame"}]},{"@type":"WebSite","@id":"https:\/\/fireware.nl\/fr\/#website","url":"https:\/\/fireware.nl\/fr\/","name":"FireWare","description":"CREATING REALISTIC  TRAINING ENVIRONMENTS","publisher":{"@id":"https:\/\/fireware.nl\/fr\/#organization"},"potentialAction":[{"@type":"SearchAction","target":{"@type":"EntryPoint","urlTemplate":"https:\/\/fireware.nl\/fr\/?s={search_term_string}"},"query-input":{"@type":"PropertyValueSpecification","valueRequired":true,"valueName":"search_term_string"}}],"inLanguage":"fr-FR"},{"@type":"Organization","@id":"https:\/\/fireware.nl\/fr\/#organization","name":"FireWare","url":"https:\/\/fireware.nl\/fr\/","logo":{"@type":"ImageObject","inLanguage":"fr-FR","@id":"https:\/\/fireware.nl\/fr\/#\/schema\/logo\/image\/","url":"https:\/\/fireware.nl\/wp-content\/uploads\/2018\/10\/FireWare-logo.jpg","contentUrl":"https:\/\/fireware.nl\/wp-content\/uploads\/2018\/10\/FireWare-logo.jpg","width":171,"height":70,"caption":"FireWare"},"image":{"@id":"https:\/\/fireware.nl\/fr\/#\/schema\/logo\/image\/"},"sameAs":["https:\/\/www.facebook.com\/FireWareBV\/","https:\/\/x.com\/FireWarebv","https:\/\/www.instagram.com\/fireware_nl\/","https:\/\/www.linkedin.com\/company\/3586017\/","https:\/\/www.youtube.com\/user\/firesalesrentconsult"]}]}},"publishpress_future_workflow_manual_trigger":{"enabledWorkflows":[]},"_links":{"self":[{"href":"https:\/\/fireware.nl\/fr\/wp-json\/wp\/v2\/product\/19659","targetHints":{"allow":["GET"]}}],"collection":[{"href":"https:\/\/fireware.nl\/fr\/wp-json\/wp\/v2\/product"}],"about":[{"href":"https:\/\/fireware.nl\/fr\/wp-json\/wp\/v2\/types\/product"}],"wp:featuredmedia":[{"embeddable":true,"href":"https:\/\/fireware.nl\/fr\/wp-json\/wp\/v2\/media\/31183"}],"wp:attachment":[{"href":"https:\/\/fireware.nl\/fr\/wp-json\/wp\/v2\/media?parent=19659"}],"wp:term":[{"taxonomy":"product_brand","embeddable":true,"href":"https:\/\/fireware.nl\/fr\/wp-json\/wp\/v2\/product_brand?post=19659"},{"taxonomy":"product_cat","embeddable":true,"href":"https:\/\/fireware.nl\/fr\/wp-json\/wp\/v2\/product_cat?post=19659"},{"taxonomy":"product_tag","embeddable":true,"href":"https:\/\/fireware.nl\/fr\/wp-json\/wp\/v2\/product_tag?post=19659"}],"curies":[{"name":"wp","href":"https:\/\/api.w.org\/{rel}","templated":true}]}}