
{"id":19680,"date":"2019-01-23T12:16:42","date_gmt":"2019-01-23T12:16:42","guid":{"rendered":"http:\/\/fireware.sites.hyperhosting.co\/?post_type=product&#038;p=19680"},"modified":"2022-12-23T08:25:21","modified_gmt":"2022-12-23T08:25:21","slug":"toile-a-effet-flamme","status":"publish","type":"product","link":"https:\/\/fireware.nl\/fr\/product\/toile-a-effet-flamme\/","title":{"rendered":"Toile \u00e0 effet flamme"},"content":{"rendered":"<p>La toile \u00e0 effet flamme convient parfaitement \u00e0 la simulation de flammes en plein air ou dans de grands b\u00e2timents. En effet, la toile peut couvrir en une fois une surface importante, et son motif est visible des deux c\u00f4t\u00e9s.<\/p>\n<p>La toile est r\u00e9sistante au feu et imperm\u00e9able, c\u2019est pourquoi elle s\u2019utilise sans probl\u00e8me \u00e0 l\u2019ext\u00e9rieur. Pour un effet encore plus r\u00e9aliste, vous pouvez utiliser la toile en m\u00eame temps que des projecteurs incandescents et une machine \u00e0 fum\u00e9e. De cette mani\u00e8re vous simulez rapidement un foyer d\u2019incendie important. De plus, la toile peut servir \u00e0 bloquer un couloir pendant un exercice au cours duquel des gens doivent se d\u00e9placer dans un endroit enfum\u00e9.<\/p>\n<p>Des anneaux sont accroch\u00e9s \u00e0 chaque extr\u00e9mit\u00e9 de la toile, ce qui vous permet de l\u2019attacher facilement \u00e0 l\u2019aide des \u00e9lastiques fournis avec la toile. La toile \u00e0 effet flamme est livr\u00e9e dans une valise.<\/p>\n","protected":false},"excerpt":{"rendered":"<ul>\n<li>Permet de simuler des flammes.<\/li>\n<li>Motif imprim\u00e9 sur une seule face.<\/li>\n<li>Motif pourtant visible des deux c\u00f4t\u00e9s.<\/li>\n<li>R\u00e9sistant au feu et imperm\u00e9able.<\/li>\n<li>Peut s\u2019utiliser \u00e0 l\u2019ext\u00e9rieur.<\/li>\n<li>Caisson en mati\u00e8re synth\u00e9tique de 40*30*8 cm<\/li>\n<\/ul>\n","protected":false},"featured_media":49365,"template":"","meta":[],"product_brand":[],"product_cat":[215],"product_tag":[],"class_list":{"0":"post-19680","1":"product","2":"type-product","3":"status-publish","4":"has-post-thumbnail","6":"product_cat-feu-simule","7":"pa_afmeting-2-90-x-1-40-metres","9":"first","10":"instock","11":"taxable","12":"shipping-taxable","13":"purchasable","14":"product-type-simple"},"yoast_head":"<!-- This site is optimized with the Yoast SEO plugin v27.5 - https:\/\/yoast.com\/product\/yoast-seo-wordpress\/ -->\n<title>Toile \u00e0 effet flamme - FireWare<\/title>\n<meta name=\"robots\" content=\"index, follow, max-snippet:-1, max-image-preview:large, max-video-preview:-1\" \/>\n<link rel=\"canonical\" href=\"https:\/\/fireware.nl\/fr\/product\/toile-a-effet-flamme\/\" \/>\n<meta property=\"og:locale\" content=\"fr_FR\" \/>\n<meta property=\"og:type\" content=\"article\" \/>\n<meta property=\"og:title\" content=\"Toile \u00e0 effet flamme - FireWare\" \/>\n<meta property=\"og:description\" content=\"Permet de simuler des flammes.  Motif imprim\u00e9 sur une seule face.  Motif pourtant visible des deux c\u00f4t\u00e9s.  R\u00e9sistant au feu et imperm\u00e9able.  Peut s\u2019utiliser \u00e0 l\u2019ext\u00e9rieur.  Caisson en mati\u00e8re synth\u00e9tique de 40*30*8 cm\" \/>\n<meta property=\"og:url\" content=\"https:\/\/fireware.nl\/fr\/product\/toile-a-effet-flamme\/\" \/>\n<meta property=\"og:site_name\" content=\"FireWare\" \/>\n<meta property=\"article:publisher\" content=\"https:\/\/www.facebook.com\/FireWareBV\/\" \/>\n<meta property=\"article:modified_time\" content=\"2022-12-23T08:25:21+00:00\" \/>\n<meta property=\"og:image\" content=\"https:\/\/fireware.nl\/wp-content\/uploads\/2019\/01\/027-028-005-vlammendoek-bevestigingsmateriaal.jpg\" \/>\n\t<meta property=\"og:image:width\" content=\"600\" \/>\n\t<meta property=\"og:image:height\" content=\"600\" \/>\n\t<meta property=\"og:image:type\" content=\"image\/jpeg\" \/>\n<meta name=\"twitter:card\" content=\"summary_large_image\" \/>\n<meta name=\"twitter:site\" content=\"@FireWarebv\" \/>\n<meta name=\"twitter:label1\" content=\"Dur\u00e9e de lecture estim\u00e9e\" \/>\n\t<meta name=\"twitter:data1\" content=\"1 minute\" \/>\n<script type=\"application\/ld+json\" class=\"yoast-schema-graph\">{\"@context\":\"https:\\\/\\\/schema.org\",\"@graph\":[{\"@type\":\"WebPage\",\"@id\":\"https:\\\/\\\/fireware.nl\\\/fr\\\/product\\\/toile-a-effet-flamme\\\/\",\"url\":\"https:\\\/\\\/fireware.nl\\\/fr\\\/product\\\/toile-a-effet-flamme\\\/\",\"name\":\"Toile \u00e0 effet flamme - FireWare\",\"isPartOf\":{\"@id\":\"https:\\\/\\\/fireware.nl\\\/fr\\\/#website\"},\"primaryImageOfPage\":{\"@id\":\"https:\\\/\\\/fireware.nl\\\/fr\\\/product\\\/toile-a-effet-flamme\\\/#primaryimage\"},\"image\":{\"@id\":\"https:\\\/\\\/fireware.nl\\\/fr\\\/product\\\/toile-a-effet-flamme\\\/#primaryimage\"},\"thumbnailUrl\":\"https:\\\/\\\/fireware.nl\\\/wp-content\\\/uploads\\\/2019\\\/01\\\/027-028-005-vlammendoek-bevestigingsmateriaal.jpg\",\"datePublished\":\"2019-01-23T12:16:42+00:00\",\"dateModified\":\"2022-12-23T08:25:21+00:00\",\"breadcrumb\":{\"@id\":\"https:\\\/\\\/fireware.nl\\\/fr\\\/product\\\/toile-a-effet-flamme\\\/#breadcrumb\"},\"inLanguage\":\"fr-FR\",\"potentialAction\":[{\"@type\":\"ReadAction\",\"target\":[\"https:\\\/\\\/fireware.nl\\\/fr\\\/product\\\/toile-a-effet-flamme\\\/\"]}]},{\"@type\":\"ImageObject\",\"inLanguage\":\"fr-FR\",\"@id\":\"https:\\\/\\\/fireware.nl\\\/fr\\\/product\\\/toile-a-effet-flamme\\\/#primaryimage\",\"url\":\"https:\\\/\\\/fireware.nl\\\/wp-content\\\/uploads\\\/2019\\\/01\\\/027-028-005-vlammendoek-bevestigingsmateriaal.jpg\",\"contentUrl\":\"https:\\\/\\\/fireware.nl\\\/wp-content\\\/uploads\\\/2019\\\/01\\\/027-028-005-vlammendoek-bevestigingsmateriaal.jpg\",\"width\":600,\"height\":600},{\"@type\":\"BreadcrumbList\",\"@id\":\"https:\\\/\\\/fireware.nl\\\/fr\\\/product\\\/toile-a-effet-flamme\\\/#breadcrumb\",\"itemListElement\":[{\"@type\":\"ListItem\",\"position\":1,\"name\":\"Home\",\"item\":\"https:\\\/\\\/fireware.nl\\\/fr\\\/\"},{\"@type\":\"ListItem\",\"position\":2,\"name\":\"Produits\",\"item\":\"https:\\\/\\\/fireware.nl\\\/fr\\\/produits\\\/\"},{\"@type\":\"ListItem\",\"position\":3,\"name\":\"Toile \u00e0 effet flamme\"}]},{\"@type\":\"WebSite\",\"@id\":\"https:\\\/\\\/fireware.nl\\\/fr\\\/#website\",\"url\":\"https:\\\/\\\/fireware.nl\\\/fr\\\/\",\"name\":\"FireWare\",\"description\":\"CREATING REALISTIC  TRAINING ENVIRONMENTS\",\"publisher\":{\"@id\":\"https:\\\/\\\/fireware.nl\\\/fr\\\/#organization\"},\"potentialAction\":[{\"@type\":\"SearchAction\",\"target\":{\"@type\":\"EntryPoint\",\"urlTemplate\":\"https:\\\/\\\/fireware.nl\\\/fr\\\/?s={search_term_string}\"},\"query-input\":{\"@type\":\"PropertyValueSpecification\",\"valueRequired\":true,\"valueName\":\"search_term_string\"}}],\"inLanguage\":\"fr-FR\"},{\"@type\":\"Organization\",\"@id\":\"https:\\\/\\\/fireware.nl\\\/fr\\\/#organization\",\"name\":\"FireWare\",\"url\":\"https:\\\/\\\/fireware.nl\\\/fr\\\/\",\"logo\":{\"@type\":\"ImageObject\",\"inLanguage\":\"fr-FR\",\"@id\":\"https:\\\/\\\/fireware.nl\\\/fr\\\/#\\\/schema\\\/logo\\\/image\\\/\",\"url\":\"https:\\\/\\\/fireware.nl\\\/wp-content\\\/uploads\\\/2018\\\/10\\\/FireWare-logo.jpg\",\"contentUrl\":\"https:\\\/\\\/fireware.nl\\\/wp-content\\\/uploads\\\/2018\\\/10\\\/FireWare-logo.jpg\",\"width\":171,\"height\":70,\"caption\":\"FireWare\"},\"image\":{\"@id\":\"https:\\\/\\\/fireware.nl\\\/fr\\\/#\\\/schema\\\/logo\\\/image\\\/\"},\"sameAs\":[\"https:\\\/\\\/www.facebook.com\\\/FireWareBV\\\/\",\"https:\\\/\\\/x.com\\\/FireWarebv\",\"https:\\\/\\\/www.instagram.com\\\/fireware_nl\\\/\",\"https:\\\/\\\/www.linkedin.com\\\/company\\\/3586017\\\/\",\"https:\\\/\\\/www.youtube.com\\\/user\\\/firesalesrentconsult\"]}]}<\/script>\n<!-- \/ Yoast SEO plugin. -->","yoast_head_json":{"title":"Toile \u00e0 effet flamme - FireWare","robots":{"index":"index","follow":"follow","max-snippet":"max-snippet:-1","max-image-preview":"max-image-preview:large","max-video-preview":"max-video-preview:-1"},"canonical":"https:\/\/fireware.nl\/fr\/product\/toile-a-effet-flamme\/","og_locale":"fr_FR","og_type":"article","og_title":"Toile \u00e0 effet flamme - FireWare","og_description":"Permet de simuler des flammes.  Motif imprim\u00e9 sur une seule face.  Motif pourtant visible des deux c\u00f4t\u00e9s.  R\u00e9sistant au feu et imperm\u00e9able.  Peut s\u2019utiliser \u00e0 l\u2019ext\u00e9rieur.  Caisson en mati\u00e8re synth\u00e9tique de 40*30*8 cm","og_url":"https:\/\/fireware.nl\/fr\/product\/toile-a-effet-flamme\/","og_site_name":"FireWare","article_publisher":"https:\/\/www.facebook.com\/FireWareBV\/","article_modified_time":"2022-12-23T08:25:21+00:00","og_image":[{"width":600,"height":600,"url":"https:\/\/fireware.nl\/wp-content\/uploads\/2019\/01\/027-028-005-vlammendoek-bevestigingsmateriaal.jpg","type":"image\/jpeg"}],"twitter_card":"summary_large_image","twitter_site":"@FireWarebv","twitter_misc":{"Dur\u00e9e de lecture estim\u00e9e":"1 minute"},"schema":{"@context":"https:\/\/schema.org","@graph":[{"@type":"WebPage","@id":"https:\/\/fireware.nl\/fr\/product\/toile-a-effet-flamme\/","url":"https:\/\/fireware.nl\/fr\/product\/toile-a-effet-flamme\/","name":"Toile \u00e0 effet flamme - FireWare","isPartOf":{"@id":"https:\/\/fireware.nl\/fr\/#website"},"primaryImageOfPage":{"@id":"https:\/\/fireware.nl\/fr\/product\/toile-a-effet-flamme\/#primaryimage"},"image":{"@id":"https:\/\/fireware.nl\/fr\/product\/toile-a-effet-flamme\/#primaryimage"},"thumbnailUrl":"https:\/\/fireware.nl\/wp-content\/uploads\/2019\/01\/027-028-005-vlammendoek-bevestigingsmateriaal.jpg","datePublished":"2019-01-23T12:16:42+00:00","dateModified":"2022-12-23T08:25:21+00:00","breadcrumb":{"@id":"https:\/\/fireware.nl\/fr\/product\/toile-a-effet-flamme\/#breadcrumb"},"inLanguage":"fr-FR","potentialAction":[{"@type":"ReadAction","target":["https:\/\/fireware.nl\/fr\/product\/toile-a-effet-flamme\/"]}]},{"@type":"ImageObject","inLanguage":"fr-FR","@id":"https:\/\/fireware.nl\/fr\/product\/toile-a-effet-flamme\/#primaryimage","url":"https:\/\/fireware.nl\/wp-content\/uploads\/2019\/01\/027-028-005-vlammendoek-bevestigingsmateriaal.jpg","contentUrl":"https:\/\/fireware.nl\/wp-content\/uploads\/2019\/01\/027-028-005-vlammendoek-bevestigingsmateriaal.jpg","width":600,"height":600},{"@type":"BreadcrumbList","@id":"https:\/\/fireware.nl\/fr\/product\/toile-a-effet-flamme\/#breadcrumb","itemListElement":[{"@type":"ListItem","position":1,"name":"Home","item":"https:\/\/fireware.nl\/fr\/"},{"@type":"ListItem","position":2,"name":"Produits","item":"https:\/\/fireware.nl\/fr\/produits\/"},{"@type":"ListItem","position":3,"name":"Toile \u00e0 effet flamme"}]},{"@type":"WebSite","@id":"https:\/\/fireware.nl\/fr\/#website","url":"https:\/\/fireware.nl\/fr\/","name":"FireWare","description":"CREATING REALISTIC  TRAINING ENVIRONMENTS","publisher":{"@id":"https:\/\/fireware.nl\/fr\/#organization"},"potentialAction":[{"@type":"SearchAction","target":{"@type":"EntryPoint","urlTemplate":"https:\/\/fireware.nl\/fr\/?s={search_term_string}"},"query-input":{"@type":"PropertyValueSpecification","valueRequired":true,"valueName":"search_term_string"}}],"inLanguage":"fr-FR"},{"@type":"Organization","@id":"https:\/\/fireware.nl\/fr\/#organization","name":"FireWare","url":"https:\/\/fireware.nl\/fr\/","logo":{"@type":"ImageObject","inLanguage":"fr-FR","@id":"https:\/\/fireware.nl\/fr\/#\/schema\/logo\/image\/","url":"https:\/\/fireware.nl\/wp-content\/uploads\/2018\/10\/FireWare-logo.jpg","contentUrl":"https:\/\/fireware.nl\/wp-content\/uploads\/2018\/10\/FireWare-logo.jpg","width":171,"height":70,"caption":"FireWare"},"image":{"@id":"https:\/\/fireware.nl\/fr\/#\/schema\/logo\/image\/"},"sameAs":["https:\/\/www.facebook.com\/FireWareBV\/","https:\/\/x.com\/FireWarebv","https:\/\/www.instagram.com\/fireware_nl\/","https:\/\/www.linkedin.com\/company\/3586017\/","https:\/\/www.youtube.com\/user\/firesalesrentconsult"]}]}},"publishpress_future_workflow_manual_trigger":{"enabledWorkflows":[]},"_links":{"self":[{"href":"https:\/\/fireware.nl\/fr\/wp-json\/wp\/v2\/product\/19680","targetHints":{"allow":["GET"]}}],"collection":[{"href":"https:\/\/fireware.nl\/fr\/wp-json\/wp\/v2\/product"}],"about":[{"href":"https:\/\/fireware.nl\/fr\/wp-json\/wp\/v2\/types\/product"}],"wp:featuredmedia":[{"embeddable":true,"href":"https:\/\/fireware.nl\/fr\/wp-json\/wp\/v2\/media\/49365"}],"wp:attachment":[{"href":"https:\/\/fireware.nl\/fr\/wp-json\/wp\/v2\/media?parent=19680"}],"wp:term":[{"taxonomy":"product_brand","embeddable":true,"href":"https:\/\/fireware.nl\/fr\/wp-json\/wp\/v2\/product_brand?post=19680"},{"taxonomy":"product_cat","embeddable":true,"href":"https:\/\/fireware.nl\/fr\/wp-json\/wp\/v2\/product_cat?post=19680"},{"taxonomy":"product_tag","embeddable":true,"href":"https:\/\/fireware.nl\/fr\/wp-json\/wp\/v2\/product_tag?post=19680"}],"curies":[{"name":"wp","href":"https:\/\/api.w.org\/{rel}","templated":true}]}}