
{"id":19683,"date":"2019-01-23T12:16:31","date_gmt":"2019-01-23T12:16:31","guid":{"rendered":"http:\/\/fireware.sites.hyperhosting.co\/?post_type=product&#038;p=19683"},"modified":"2025-11-27T14:26:37","modified_gmt":"2025-11-27T14:26:37","slug":"silkflame-de-reserve","status":"publish","type":"product","link":"https:\/\/fireware.nl\/fr\/product\/silkflame-de-reserve\/","title":{"rendered":"Silkflame de r\u00e9serve"},"content":{"rendered":"<p>Apr\u00e8s quelques temps, les Silkflames peuvent s\u2019allourdir ou se salir, surtout si vous utilisez r\u00e9guli\u00e8rement de la fum\u00e9e avec la flamme. En passant, apr\u00e8s un exercice, les toiles \u00e0 l\u2019eau ti\u00e8de, vous continuerez d\u2019obtenir un effet ad\u00e9quat.<\/p>\n<p>Mais \u00e0 la longue, la toile se d\u00e9t\u00e9riore quand-m\u00eame. Dans le cas d\u2019usure ou de d\u00e9t\u00e9rioration de la flamme, vous n\u2019avez pas besoin de faire l\u2019achat d\u2019un nouvel appareil, puisqu\u2019il vous suffit de commander une flamme individuelle.<\/p>\n<p>La flamme est disponible en diff\u00e9rents formats et en deux couleurs. Une flamme blanche convient le mieux aux endroits peu \u00e9clair\u00e9s ou sombres, parce que, dans ces cas-l\u00e0, la flamme se colore \u00e0 la lumi\u00e8re. Cependant, cette lumi\u00e8re peut \u00eatre peu visible la journ\u00e9e, ce qui fait que, pour un usage \u00e0 la lumi\u00e8re du jour, certaines versions sont disponibles en orange.<\/p>\n","protected":false},"excerpt":{"rendered":"<ul>\n<li data-start=\"162\" data-end=\"251\">Toile de soie pour un silkflame.<\/li>\n<li>Disponible en diff\u00e9rents formats.<\/li>\n<li>Disponible en blanc pour \u00eatre utilis\u00e9e dans un endroit peu \u00e9clair\u00e9 ou dans le noir.<\/li>\n<li>Certaines versions existent aussi en orange pour \u00eatre utilis\u00e9es \u00e0 la lumi\u00e8re du jour.<\/li>\n<\/ul>\n","protected":false},"featured_media":21661,"template":"","meta":[],"product_brand":[],"product_cat":[215],"product_tag":[],"class_list":{"0":"post-19683","1":"product","2":"type-product","3":"status-publish","4":"has-post-thumbnail","6":"product_cat-feu-simule","8":"first","9":"instock","10":"taxable","11":"shipping-taxable","12":"purchasable","13":"product-type-variable"},"yoast_head":"<!-- This site is optimized with the Yoast SEO plugin v27.5 - https:\/\/yoast.com\/product\/yoast-seo-wordpress\/ -->\n<title>Silkflame de r\u00e9serve - FireWare<\/title>\n<meta name=\"robots\" content=\"index, follow, max-snippet:-1, max-image-preview:large, max-video-preview:-1\" \/>\n<link rel=\"canonical\" href=\"https:\/\/fireware.nl\/fr\/product\/silkflame-de-reserve\/\" \/>\n<meta property=\"og:locale\" content=\"fr_FR\" \/>\n<meta property=\"og:type\" content=\"article\" \/>\n<meta property=\"og:title\" content=\"Silkflame de r\u00e9serve - FireWare\" \/>\n<meta property=\"og:description\" content=\"Toile de soie pour un silkflame.  Disponible en diff\u00e9rents formats.  Disponible en blanc pour \u00eatre utilis\u00e9e dans un endroit peu \u00e9clair\u00e9 ou dans le noir.  Certaines versions existent aussi en orange pour \u00eatre utilis\u00e9es \u00e0 la lumi\u00e8re du jour.\" \/>\n<meta property=\"og:url\" content=\"https:\/\/fireware.nl\/fr\/product\/silkflame-de-reserve\/\" \/>\n<meta property=\"og:site_name\" content=\"FireWare\" \/>\n<meta property=\"article:publisher\" content=\"https:\/\/www.facebook.com\/FireWareBV\/\" \/>\n<meta property=\"article:modified_time\" content=\"2025-11-27T14:26:37+00:00\" \/>\n<meta property=\"og:image\" content=\"https:\/\/fireware.nl\/wp-content\/uploads\/2019\/01\/013-004-001-Reserve-silk-Mini-silkflame.jpg\" \/>\n\t<meta property=\"og:image:width\" content=\"600\" \/>\n\t<meta property=\"og:image:height\" content=\"600\" \/>\n\t<meta property=\"og:image:type\" content=\"image\/jpeg\" \/>\n<meta name=\"twitter:card\" content=\"summary_large_image\" \/>\n<meta name=\"twitter:site\" content=\"@FireWarebv\" \/>\n<meta name=\"twitter:label1\" content=\"Dur\u00e9e de lecture estim\u00e9e\" \/>\n\t<meta name=\"twitter:data1\" content=\"1 minute\" \/>\n<script type=\"application\/ld+json\" class=\"yoast-schema-graph\">{\"@context\":\"https:\\\/\\\/schema.org\",\"@graph\":[{\"@type\":\"WebPage\",\"@id\":\"https:\\\/\\\/fireware.nl\\\/fr\\\/product\\\/silkflame-de-reserve\\\/\",\"url\":\"https:\\\/\\\/fireware.nl\\\/fr\\\/product\\\/silkflame-de-reserve\\\/\",\"name\":\"Silkflame de r\u00e9serve - FireWare\",\"isPartOf\":{\"@id\":\"https:\\\/\\\/fireware.nl\\\/fr\\\/#website\"},\"primaryImageOfPage\":{\"@id\":\"https:\\\/\\\/fireware.nl\\\/fr\\\/product\\\/silkflame-de-reserve\\\/#primaryimage\"},\"image\":{\"@id\":\"https:\\\/\\\/fireware.nl\\\/fr\\\/product\\\/silkflame-de-reserve\\\/#primaryimage\"},\"thumbnailUrl\":\"https:\\\/\\\/fireware.nl\\\/wp-content\\\/uploads\\\/2019\\\/01\\\/013-004-001-Reserve-silk-Mini-silkflame.jpg\",\"datePublished\":\"2019-01-23T12:16:31+00:00\",\"dateModified\":\"2025-11-27T14:26:37+00:00\",\"breadcrumb\":{\"@id\":\"https:\\\/\\\/fireware.nl\\\/fr\\\/product\\\/silkflame-de-reserve\\\/#breadcrumb\"},\"inLanguage\":\"fr-FR\",\"potentialAction\":[{\"@type\":\"ReadAction\",\"target\":[\"https:\\\/\\\/fireware.nl\\\/fr\\\/product\\\/silkflame-de-reserve\\\/\"]}]},{\"@type\":\"ImageObject\",\"inLanguage\":\"fr-FR\",\"@id\":\"https:\\\/\\\/fireware.nl\\\/fr\\\/product\\\/silkflame-de-reserve\\\/#primaryimage\",\"url\":\"https:\\\/\\\/fireware.nl\\\/wp-content\\\/uploads\\\/2019\\\/01\\\/013-004-001-Reserve-silk-Mini-silkflame.jpg\",\"contentUrl\":\"https:\\\/\\\/fireware.nl\\\/wp-content\\\/uploads\\\/2019\\\/01\\\/013-004-001-Reserve-silk-Mini-silkflame.jpg\",\"width\":600,\"height\":600,\"caption\":\"013-004-001 Reserve silk Mini silkflame\"},{\"@type\":\"BreadcrumbList\",\"@id\":\"https:\\\/\\\/fireware.nl\\\/fr\\\/product\\\/silkflame-de-reserve\\\/#breadcrumb\",\"itemListElement\":[{\"@type\":\"ListItem\",\"position\":1,\"name\":\"Home\",\"item\":\"https:\\\/\\\/fireware.nl\\\/fr\\\/\"},{\"@type\":\"ListItem\",\"position\":2,\"name\":\"Produits\",\"item\":\"https:\\\/\\\/fireware.nl\\\/fr\\\/produits\\\/\"},{\"@type\":\"ListItem\",\"position\":3,\"name\":\"Silkflame de r\u00e9serve\"}]},{\"@type\":\"WebSite\",\"@id\":\"https:\\\/\\\/fireware.nl\\\/fr\\\/#website\",\"url\":\"https:\\\/\\\/fireware.nl\\\/fr\\\/\",\"name\":\"FireWare\",\"description\":\"CREATING REALISTIC  TRAINING ENVIRONMENTS\",\"publisher\":{\"@id\":\"https:\\\/\\\/fireware.nl\\\/fr\\\/#organization\"},\"potentialAction\":[{\"@type\":\"SearchAction\",\"target\":{\"@type\":\"EntryPoint\",\"urlTemplate\":\"https:\\\/\\\/fireware.nl\\\/fr\\\/?s={search_term_string}\"},\"query-input\":{\"@type\":\"PropertyValueSpecification\",\"valueRequired\":true,\"valueName\":\"search_term_string\"}}],\"inLanguage\":\"fr-FR\"},{\"@type\":\"Organization\",\"@id\":\"https:\\\/\\\/fireware.nl\\\/fr\\\/#organization\",\"name\":\"FireWare\",\"url\":\"https:\\\/\\\/fireware.nl\\\/fr\\\/\",\"logo\":{\"@type\":\"ImageObject\",\"inLanguage\":\"fr-FR\",\"@id\":\"https:\\\/\\\/fireware.nl\\\/fr\\\/#\\\/schema\\\/logo\\\/image\\\/\",\"url\":\"https:\\\/\\\/fireware.nl\\\/wp-content\\\/uploads\\\/2018\\\/10\\\/FireWare-logo.jpg\",\"contentUrl\":\"https:\\\/\\\/fireware.nl\\\/wp-content\\\/uploads\\\/2018\\\/10\\\/FireWare-logo.jpg\",\"width\":171,\"height\":70,\"caption\":\"FireWare\"},\"image\":{\"@id\":\"https:\\\/\\\/fireware.nl\\\/fr\\\/#\\\/schema\\\/logo\\\/image\\\/\"},\"sameAs\":[\"https:\\\/\\\/www.facebook.com\\\/FireWareBV\\\/\",\"https:\\\/\\\/x.com\\\/FireWarebv\",\"https:\\\/\\\/www.instagram.com\\\/fireware_nl\\\/\",\"https:\\\/\\\/www.linkedin.com\\\/company\\\/3586017\\\/\",\"https:\\\/\\\/www.youtube.com\\\/user\\\/firesalesrentconsult\"]}]}<\/script>\n<!-- \/ Yoast SEO plugin. -->","yoast_head_json":{"title":"Silkflame de r\u00e9serve - FireWare","robots":{"index":"index","follow":"follow","max-snippet":"max-snippet:-1","max-image-preview":"max-image-preview:large","max-video-preview":"max-video-preview:-1"},"canonical":"https:\/\/fireware.nl\/fr\/product\/silkflame-de-reserve\/","og_locale":"fr_FR","og_type":"article","og_title":"Silkflame de r\u00e9serve - FireWare","og_description":"Toile de soie pour un silkflame.  Disponible en diff\u00e9rents formats.  Disponible en blanc pour \u00eatre utilis\u00e9e dans un endroit peu \u00e9clair\u00e9 ou dans le noir.  Certaines versions existent aussi en orange pour \u00eatre utilis\u00e9es \u00e0 la lumi\u00e8re du jour.","og_url":"https:\/\/fireware.nl\/fr\/product\/silkflame-de-reserve\/","og_site_name":"FireWare","article_publisher":"https:\/\/www.facebook.com\/FireWareBV\/","article_modified_time":"2025-11-27T14:26:37+00:00","og_image":[{"width":600,"height":600,"url":"https:\/\/fireware.nl\/wp-content\/uploads\/2019\/01\/013-004-001-Reserve-silk-Mini-silkflame.jpg","type":"image\/jpeg"}],"twitter_card":"summary_large_image","twitter_site":"@FireWarebv","twitter_misc":{"Dur\u00e9e de lecture estim\u00e9e":"1 minute"},"schema":{"@context":"https:\/\/schema.org","@graph":[{"@type":"WebPage","@id":"https:\/\/fireware.nl\/fr\/product\/silkflame-de-reserve\/","url":"https:\/\/fireware.nl\/fr\/product\/silkflame-de-reserve\/","name":"Silkflame de r\u00e9serve - FireWare","isPartOf":{"@id":"https:\/\/fireware.nl\/fr\/#website"},"primaryImageOfPage":{"@id":"https:\/\/fireware.nl\/fr\/product\/silkflame-de-reserve\/#primaryimage"},"image":{"@id":"https:\/\/fireware.nl\/fr\/product\/silkflame-de-reserve\/#primaryimage"},"thumbnailUrl":"https:\/\/fireware.nl\/wp-content\/uploads\/2019\/01\/013-004-001-Reserve-silk-Mini-silkflame.jpg","datePublished":"2019-01-23T12:16:31+00:00","dateModified":"2025-11-27T14:26:37+00:00","breadcrumb":{"@id":"https:\/\/fireware.nl\/fr\/product\/silkflame-de-reserve\/#breadcrumb"},"inLanguage":"fr-FR","potentialAction":[{"@type":"ReadAction","target":["https:\/\/fireware.nl\/fr\/product\/silkflame-de-reserve\/"]}]},{"@type":"ImageObject","inLanguage":"fr-FR","@id":"https:\/\/fireware.nl\/fr\/product\/silkflame-de-reserve\/#primaryimage","url":"https:\/\/fireware.nl\/wp-content\/uploads\/2019\/01\/013-004-001-Reserve-silk-Mini-silkflame.jpg","contentUrl":"https:\/\/fireware.nl\/wp-content\/uploads\/2019\/01\/013-004-001-Reserve-silk-Mini-silkflame.jpg","width":600,"height":600,"caption":"013-004-001 Reserve silk Mini silkflame"},{"@type":"BreadcrumbList","@id":"https:\/\/fireware.nl\/fr\/product\/silkflame-de-reserve\/#breadcrumb","itemListElement":[{"@type":"ListItem","position":1,"name":"Home","item":"https:\/\/fireware.nl\/fr\/"},{"@type":"ListItem","position":2,"name":"Produits","item":"https:\/\/fireware.nl\/fr\/produits\/"},{"@type":"ListItem","position":3,"name":"Silkflame de r\u00e9serve"}]},{"@type":"WebSite","@id":"https:\/\/fireware.nl\/fr\/#website","url":"https:\/\/fireware.nl\/fr\/","name":"FireWare","description":"CREATING REALISTIC  TRAINING ENVIRONMENTS","publisher":{"@id":"https:\/\/fireware.nl\/fr\/#organization"},"potentialAction":[{"@type":"SearchAction","target":{"@type":"EntryPoint","urlTemplate":"https:\/\/fireware.nl\/fr\/?s={search_term_string}"},"query-input":{"@type":"PropertyValueSpecification","valueRequired":true,"valueName":"search_term_string"}}],"inLanguage":"fr-FR"},{"@type":"Organization","@id":"https:\/\/fireware.nl\/fr\/#organization","name":"FireWare","url":"https:\/\/fireware.nl\/fr\/","logo":{"@type":"ImageObject","inLanguage":"fr-FR","@id":"https:\/\/fireware.nl\/fr\/#\/schema\/logo\/image\/","url":"https:\/\/fireware.nl\/wp-content\/uploads\/2018\/10\/FireWare-logo.jpg","contentUrl":"https:\/\/fireware.nl\/wp-content\/uploads\/2018\/10\/FireWare-logo.jpg","width":171,"height":70,"caption":"FireWare"},"image":{"@id":"https:\/\/fireware.nl\/fr\/#\/schema\/logo\/image\/"},"sameAs":["https:\/\/www.facebook.com\/FireWareBV\/","https:\/\/x.com\/FireWarebv","https:\/\/www.instagram.com\/fireware_nl\/","https:\/\/www.linkedin.com\/company\/3586017\/","https:\/\/www.youtube.com\/user\/firesalesrentconsult"]}]}},"publishpress_future_workflow_manual_trigger":{"enabledWorkflows":[]},"_links":{"self":[{"href":"https:\/\/fireware.nl\/fr\/wp-json\/wp\/v2\/product\/19683","targetHints":{"allow":["GET"]}}],"collection":[{"href":"https:\/\/fireware.nl\/fr\/wp-json\/wp\/v2\/product"}],"about":[{"href":"https:\/\/fireware.nl\/fr\/wp-json\/wp\/v2\/types\/product"}],"wp:featuredmedia":[{"embeddable":true,"href":"https:\/\/fireware.nl\/fr\/wp-json\/wp\/v2\/media\/21661"}],"wp:attachment":[{"href":"https:\/\/fireware.nl\/fr\/wp-json\/wp\/v2\/media?parent=19683"}],"wp:term":[{"taxonomy":"product_brand","embeddable":true,"href":"https:\/\/fireware.nl\/fr\/wp-json\/wp\/v2\/product_brand?post=19683"},{"taxonomy":"product_cat","embeddable":true,"href":"https:\/\/fireware.nl\/fr\/wp-json\/wp\/v2\/product_cat?post=19683"},{"taxonomy":"product_tag","embeddable":true,"href":"https:\/\/fireware.nl\/fr\/wp-json\/wp\/v2\/product_tag?post=19683"}],"curies":[{"name":"wp","href":"https:\/\/api.w.org\/{rel}","templated":true}]}}