
{"id":19696,"date":"2019-01-23T12:15:41","date_gmt":"2019-02-01T11:39:49","guid":{"rendered":"http:\/\/fireware.sites.hyperhosting.co\/?post_type=product&#038;p=19696"},"modified":"2022-07-12T06:54:18","modified_gmt":"2022-07-12T06:54:18","slug":"panneau-indicator-flammes-perpendiculaire","status":"publish","type":"product","link":"https:\/\/fireware.nl\/fr\/produit\/panneau-indicator-flammes-perpendiculaire\/","title":{"rendered":"Panneau Indicator Flammes Perpendiculaire"},"content":{"rendered":"<h2>Panneau indicateur flammes perpendiculaire<\/h2>\n<p>Le Panneau\u00a0Traditionnel\u00a0Indicateur de Flammes est un panneau sur lequel est repr\u00e9sent\u00e9e une flamme et qui indique la pr\u00e9sence d\u2019un feu \u00e0 un certain endroit. Il convient parfaitement aux exercices effectu\u00e9s sur base d\u2019un arrangement. Le panneau peut \u00e9galement \u00eatre utilis\u00e9 \u00e0 des endroits o\u00f9 aucune autre forme de feu simul\u00e9 n\u2019est requise, comme, par exemple, dans un environnement ATEX.<\/p>\n<p>Le panneau consiste de 2 panneaux s\u00e9par\u00e9s qui s\u2019accrochent perpendiculairement, pour le permettre de rester debout de fa\u00e7on isol\u00e9. L\u2019image est visible de 4 cot\u00e9s.<\/p>\n<p>5 pi\u00e8ces faciles \u00e0 placer dans la bo\u00eete 60 * 40 * 9 cm.<\/p>\n","protected":false},"excerpt":{"rendered":"<ul>\n<li>Panneau indiquant un incendie.<\/li>\n<li>Convient aux exercices effectu\u00e9s sur base d\u2019un arrangement<\/li>\n<li>S\u2019utilise dans des situations ne n\u00e9cessitant pas la simulation r\u00e9aliste d\u2019un incendie.<\/li>\n<li>Muni d\u2019une s\u00e9rigraphie r\u00e9sistante aux griffes et au mauvais temps.<\/li>\n<li>34 * 54 cm, de l\u2019emballage dans la bo\u00eete (exclusif) possible.<\/li>\n<li>Facile \u00e0 mettre debout isol\u00e9.<\/li>\n<li>Visible de 4 cot\u00e9s.<\/li>\n<\/ul>\n","protected":false},"featured_media":50743,"template":"","meta":[],"product_brand":[],"product_cat":[215],"product_tag":[],"class_list":{"0":"post-19696","1":"product","2":"type-product","3":"status-publish","4":"has-post-thumbnail","6":"product_cat-feu-simule","8":"first","9":"instock","10":"taxable","11":"shipping-taxable","12":"purchasable","13":"product-type-simple"},"yoast_head":"<!-- This site is optimized with the Yoast SEO plugin v27.5 - https:\/\/yoast.com\/product\/yoast-seo-wordpress\/ -->\n<title>Panneau Indicator Flammes Perpendiculaire - FireWare<\/title>\n<meta name=\"robots\" content=\"index, follow, max-snippet:-1, max-image-preview:large, max-video-preview:-1\" \/>\n<link rel=\"canonical\" href=\"https:\/\/fireware.nl\/fr\/produit\/panneau-indicator-flammes-perpendiculaire\/\" \/>\n<meta property=\"og:locale\" content=\"fr_FR\" \/>\n<meta property=\"og:type\" content=\"article\" \/>\n<meta property=\"og:title\" content=\"Panneau Indicator Flammes Perpendiculaire - FireWare\" \/>\n<meta property=\"og:description\" content=\"Panneau indiquant un incendie.  Convient aux exercices effectu\u00e9s sur base d\u2019un arrangement  S\u2019utilise dans des situations ne n\u00e9cessitant pas la simulation r\u00e9aliste d\u2019un incendie.  Muni d\u2019une s\u00e9rigraphie r\u00e9sistante aux griffes et au mauvais temps.  34 * 54 cm, de l\u2019emballage dans la bo\u00eete (exclusif) possible.  Facile \u00e0 mettre debout isol\u00e9.  Visible de 4 cot\u00e9s.\" \/>\n<meta property=\"og:url\" content=\"https:\/\/fireware.nl\/fr\/produit\/panneau-indicator-flammes-perpendiculaire\/\" \/>\n<meta property=\"og:site_name\" content=\"FireWare\" \/>\n<meta property=\"article:publisher\" content=\"https:\/\/www.facebook.com\/FireWareBV\/\" \/>\n<meta property=\"article:modified_time\" content=\"2022-07-12T06:54:18+00:00\" \/>\n<meta property=\"og:image\" content=\"https:\/\/fireware.nl\/wp-content\/uploads\/2019\/01\/027-028-011-Vlammenbord-Haaks-1.jpg\" \/>\n\t<meta property=\"og:image:width\" content=\"600\" \/>\n\t<meta property=\"og:image:height\" content=\"600\" \/>\n\t<meta property=\"og:image:type\" content=\"image\/jpeg\" \/>\n<meta name=\"twitter:card\" content=\"summary_large_image\" \/>\n<meta name=\"twitter:site\" content=\"@FireWarebv\" \/>\n<meta name=\"twitter:label1\" content=\"Dur\u00e9e de lecture estim\u00e9e\" \/>\n\t<meta name=\"twitter:data1\" content=\"1 minute\" \/>\n<script type=\"application\/ld+json\" class=\"yoast-schema-graph\">{\"@context\":\"https:\\\/\\\/schema.org\",\"@graph\":[{\"@type\":\"WebPage\",\"@id\":\"https:\\\/\\\/fireware.nl\\\/fr\\\/produit\\\/panneau-indicator-flammes-perpendiculaire\\\/\",\"url\":\"https:\\\/\\\/fireware.nl\\\/fr\\\/produit\\\/panneau-indicator-flammes-perpendiculaire\\\/\",\"name\":\"Panneau Indicator Flammes Perpendiculaire - FireWare\",\"isPartOf\":{\"@id\":\"https:\\\/\\\/fireware.nl\\\/fr\\\/#website\"},\"primaryImageOfPage\":{\"@id\":\"https:\\\/\\\/fireware.nl\\\/fr\\\/produit\\\/panneau-indicator-flammes-perpendiculaire\\\/#primaryimage\"},\"image\":{\"@id\":\"https:\\\/\\\/fireware.nl\\\/fr\\\/produit\\\/panneau-indicator-flammes-perpendiculaire\\\/#primaryimage\"},\"thumbnailUrl\":\"https:\\\/\\\/fireware.nl\\\/wp-content\\\/uploads\\\/2019\\\/01\\\/027-028-011-Vlammenbord-Haaks-1.jpg\",\"datePublished\":\"2019-02-01T11:39:49+00:00\",\"dateModified\":\"2022-07-12T06:54:18+00:00\",\"breadcrumb\":{\"@id\":\"https:\\\/\\\/fireware.nl\\\/fr\\\/produit\\\/panneau-indicator-flammes-perpendiculaire\\\/#breadcrumb\"},\"inLanguage\":\"fr-FR\",\"potentialAction\":[{\"@type\":\"ReadAction\",\"target\":[\"https:\\\/\\\/fireware.nl\\\/fr\\\/produit\\\/panneau-indicator-flammes-perpendiculaire\\\/\"]}]},{\"@type\":\"ImageObject\",\"inLanguage\":\"fr-FR\",\"@id\":\"https:\\\/\\\/fireware.nl\\\/fr\\\/produit\\\/panneau-indicator-flammes-perpendiculaire\\\/#primaryimage\",\"url\":\"https:\\\/\\\/fireware.nl\\\/wp-content\\\/uploads\\\/2019\\\/01\\\/027-028-011-Vlammenbord-Haaks-1.jpg\",\"contentUrl\":\"https:\\\/\\\/fireware.nl\\\/wp-content\\\/uploads\\\/2019\\\/01\\\/027-028-011-Vlammenbord-Haaks-1.jpg\",\"width\":600,\"height\":600},{\"@type\":\"BreadcrumbList\",\"@id\":\"https:\\\/\\\/fireware.nl\\\/fr\\\/produit\\\/panneau-indicator-flammes-perpendiculaire\\\/#breadcrumb\",\"itemListElement\":[{\"@type\":\"ListItem\",\"position\":1,\"name\":\"Home\",\"item\":\"https:\\\/\\\/fireware.nl\\\/fr\\\/\"},{\"@type\":\"ListItem\",\"position\":2,\"name\":\"Produits\",\"item\":\"https:\\\/\\\/fireware.nl\\\/fr\\\/produits\\\/\"},{\"@type\":\"ListItem\",\"position\":3,\"name\":\"Panneau Indicator Flammes Perpendiculaire\"}]},{\"@type\":\"WebSite\",\"@id\":\"https:\\\/\\\/fireware.nl\\\/fr\\\/#website\",\"url\":\"https:\\\/\\\/fireware.nl\\\/fr\\\/\",\"name\":\"FireWare\",\"description\":\"CREATING REALISTIC  TRAINING ENVIRONMENTS\",\"publisher\":{\"@id\":\"https:\\\/\\\/fireware.nl\\\/fr\\\/#organization\"},\"potentialAction\":[{\"@type\":\"SearchAction\",\"target\":{\"@type\":\"EntryPoint\",\"urlTemplate\":\"https:\\\/\\\/fireware.nl\\\/fr\\\/?s={search_term_string}\"},\"query-input\":{\"@type\":\"PropertyValueSpecification\",\"valueRequired\":true,\"valueName\":\"search_term_string\"}}],\"inLanguage\":\"fr-FR\"},{\"@type\":\"Organization\",\"@id\":\"https:\\\/\\\/fireware.nl\\\/fr\\\/#organization\",\"name\":\"FireWare\",\"url\":\"https:\\\/\\\/fireware.nl\\\/fr\\\/\",\"logo\":{\"@type\":\"ImageObject\",\"inLanguage\":\"fr-FR\",\"@id\":\"https:\\\/\\\/fireware.nl\\\/fr\\\/#\\\/schema\\\/logo\\\/image\\\/\",\"url\":\"https:\\\/\\\/fireware.nl\\\/wp-content\\\/uploads\\\/2018\\\/10\\\/FireWare-logo.jpg\",\"contentUrl\":\"https:\\\/\\\/fireware.nl\\\/wp-content\\\/uploads\\\/2018\\\/10\\\/FireWare-logo.jpg\",\"width\":171,\"height\":70,\"caption\":\"FireWare\"},\"image\":{\"@id\":\"https:\\\/\\\/fireware.nl\\\/fr\\\/#\\\/schema\\\/logo\\\/image\\\/\"},\"sameAs\":[\"https:\\\/\\\/www.facebook.com\\\/FireWareBV\\\/\",\"https:\\\/\\\/x.com\\\/FireWarebv\",\"https:\\\/\\\/www.instagram.com\\\/fireware_nl\\\/\",\"https:\\\/\\\/www.linkedin.com\\\/company\\\/3586017\\\/\",\"https:\\\/\\\/www.youtube.com\\\/user\\\/firesalesrentconsult\"]}]}<\/script>\n<!-- \/ Yoast SEO plugin. -->","yoast_head_json":{"title":"Panneau Indicator Flammes Perpendiculaire - FireWare","robots":{"index":"index","follow":"follow","max-snippet":"max-snippet:-1","max-image-preview":"max-image-preview:large","max-video-preview":"max-video-preview:-1"},"canonical":"https:\/\/fireware.nl\/fr\/produit\/panneau-indicator-flammes-perpendiculaire\/","og_locale":"fr_FR","og_type":"article","og_title":"Panneau Indicator Flammes Perpendiculaire - FireWare","og_description":"Panneau indiquant un incendie.  Convient aux exercices effectu\u00e9s sur base d\u2019un arrangement  S\u2019utilise dans des situations ne n\u00e9cessitant pas la simulation r\u00e9aliste d\u2019un incendie.  Muni d\u2019une s\u00e9rigraphie r\u00e9sistante aux griffes et au mauvais temps.  34 * 54 cm, de l\u2019emballage dans la bo\u00eete (exclusif) possible.  Facile \u00e0 mettre debout isol\u00e9.  Visible de 4 cot\u00e9s.","og_url":"https:\/\/fireware.nl\/fr\/produit\/panneau-indicator-flammes-perpendiculaire\/","og_site_name":"FireWare","article_publisher":"https:\/\/www.facebook.com\/FireWareBV\/","article_modified_time":"2022-07-12T06:54:18+00:00","og_image":[{"width":600,"height":600,"url":"https:\/\/fireware.nl\/wp-content\/uploads\/2019\/01\/027-028-011-Vlammenbord-Haaks-1.jpg","type":"image\/jpeg"}],"twitter_card":"summary_large_image","twitter_site":"@FireWarebv","twitter_misc":{"Dur\u00e9e de lecture estim\u00e9e":"1 minute"},"schema":{"@context":"https:\/\/schema.org","@graph":[{"@type":"WebPage","@id":"https:\/\/fireware.nl\/fr\/produit\/panneau-indicator-flammes-perpendiculaire\/","url":"https:\/\/fireware.nl\/fr\/produit\/panneau-indicator-flammes-perpendiculaire\/","name":"Panneau Indicator Flammes Perpendiculaire - FireWare","isPartOf":{"@id":"https:\/\/fireware.nl\/fr\/#website"},"primaryImageOfPage":{"@id":"https:\/\/fireware.nl\/fr\/produit\/panneau-indicator-flammes-perpendiculaire\/#primaryimage"},"image":{"@id":"https:\/\/fireware.nl\/fr\/produit\/panneau-indicator-flammes-perpendiculaire\/#primaryimage"},"thumbnailUrl":"https:\/\/fireware.nl\/wp-content\/uploads\/2019\/01\/027-028-011-Vlammenbord-Haaks-1.jpg","datePublished":"2019-02-01T11:39:49+00:00","dateModified":"2022-07-12T06:54:18+00:00","breadcrumb":{"@id":"https:\/\/fireware.nl\/fr\/produit\/panneau-indicator-flammes-perpendiculaire\/#breadcrumb"},"inLanguage":"fr-FR","potentialAction":[{"@type":"ReadAction","target":["https:\/\/fireware.nl\/fr\/produit\/panneau-indicator-flammes-perpendiculaire\/"]}]},{"@type":"ImageObject","inLanguage":"fr-FR","@id":"https:\/\/fireware.nl\/fr\/produit\/panneau-indicator-flammes-perpendiculaire\/#primaryimage","url":"https:\/\/fireware.nl\/wp-content\/uploads\/2019\/01\/027-028-011-Vlammenbord-Haaks-1.jpg","contentUrl":"https:\/\/fireware.nl\/wp-content\/uploads\/2019\/01\/027-028-011-Vlammenbord-Haaks-1.jpg","width":600,"height":600},{"@type":"BreadcrumbList","@id":"https:\/\/fireware.nl\/fr\/produit\/panneau-indicator-flammes-perpendiculaire\/#breadcrumb","itemListElement":[{"@type":"ListItem","position":1,"name":"Home","item":"https:\/\/fireware.nl\/fr\/"},{"@type":"ListItem","position":2,"name":"Produits","item":"https:\/\/fireware.nl\/fr\/produits\/"},{"@type":"ListItem","position":3,"name":"Panneau Indicator Flammes Perpendiculaire"}]},{"@type":"WebSite","@id":"https:\/\/fireware.nl\/fr\/#website","url":"https:\/\/fireware.nl\/fr\/","name":"FireWare","description":"CREATING REALISTIC  TRAINING ENVIRONMENTS","publisher":{"@id":"https:\/\/fireware.nl\/fr\/#organization"},"potentialAction":[{"@type":"SearchAction","target":{"@type":"EntryPoint","urlTemplate":"https:\/\/fireware.nl\/fr\/?s={search_term_string}"},"query-input":{"@type":"PropertyValueSpecification","valueRequired":true,"valueName":"search_term_string"}}],"inLanguage":"fr-FR"},{"@type":"Organization","@id":"https:\/\/fireware.nl\/fr\/#organization","name":"FireWare","url":"https:\/\/fireware.nl\/fr\/","logo":{"@type":"ImageObject","inLanguage":"fr-FR","@id":"https:\/\/fireware.nl\/fr\/#\/schema\/logo\/image\/","url":"https:\/\/fireware.nl\/wp-content\/uploads\/2018\/10\/FireWare-logo.jpg","contentUrl":"https:\/\/fireware.nl\/wp-content\/uploads\/2018\/10\/FireWare-logo.jpg","width":171,"height":70,"caption":"FireWare"},"image":{"@id":"https:\/\/fireware.nl\/fr\/#\/schema\/logo\/image\/"},"sameAs":["https:\/\/www.facebook.com\/FireWareBV\/","https:\/\/x.com\/FireWarebv","https:\/\/www.instagram.com\/fireware_nl\/","https:\/\/www.linkedin.com\/company\/3586017\/","https:\/\/www.youtube.com\/user\/firesalesrentconsult"]}]}},"publishpress_future_workflow_manual_trigger":{"enabledWorkflows":[]},"_links":{"self":[{"href":"https:\/\/fireware.nl\/fr\/wp-json\/wp\/v2\/product\/19696","targetHints":{"allow":["GET"]}}],"collection":[{"href":"https:\/\/fireware.nl\/fr\/wp-json\/wp\/v2\/product"}],"about":[{"href":"https:\/\/fireware.nl\/fr\/wp-json\/wp\/v2\/types\/product"}],"wp:featuredmedia":[{"embeddable":true,"href":"https:\/\/fireware.nl\/fr\/wp-json\/wp\/v2\/media\/50743"}],"wp:attachment":[{"href":"https:\/\/fireware.nl\/fr\/wp-json\/wp\/v2\/media?parent=19696"}],"wp:term":[{"taxonomy":"product_brand","embeddable":true,"href":"https:\/\/fireware.nl\/fr\/wp-json\/wp\/v2\/product_brand?post=19696"},{"taxonomy":"product_cat","embeddable":true,"href":"https:\/\/fireware.nl\/fr\/wp-json\/wp\/v2\/product_cat?post=19696"},{"taxonomy":"product_tag","embeddable":true,"href":"https:\/\/fireware.nl\/fr\/wp-json\/wp\/v2\/product_tag?post=19696"}],"curies":[{"name":"wp","href":"https:\/\/api.w.org\/{rel}","templated":true}]}}