
{"id":19764,"date":"2019-01-23T12:16:20","date_gmt":"2019-01-23T12:16:20","guid":{"rendered":"http:\/\/fireware.sites.hyperhosting.co\/?post_type=product&#038;p=19764"},"modified":"2022-11-24T10:08:06","modified_gmt":"2022-11-24T10:08:06","slug":"boites-en-plastique","status":"publish","type":"product","link":"https:\/\/fireware.nl\/fr\/produit\/boites-en-plastique\/","title":{"rendered":"Bo\u00eetes en Plastique"},"content":{"rendered":"\r\n<h2>Pour le rangement et le transport votre \u00e9quipement<\/h2>\r\n<p>FireWare plusieurs caisses en plastique pour le transport et le stockage dans la gamme. Toutes les bo\u00eetes sont empilables et les dimensions sont tir\u00e9es d&#8217;une euro-palette.\u00a0Beaucoup de produits de vente de feu sont d\u00e9j\u00e0 fournis, y compris Box. Si vous souhaitez emballer tous les mat\u00e9riaux de votre mise en sc\u00e8ne dans une bo\u00eete en plastique? Afin que simplement un vide. Chacun d&#8217;entre eux sont munies d&#8217;un couvercle.<\/p>\r\n<p>Lors du d\u00e9placement d&#8217;un lot ou lourdes peut \u00eatre la plaque roues Base de pratique.<\/p>\r\n<p>Remarque: Les dimensions sont des dimensions ext\u00e9rieures.<\/p>\r\n<p><strong>Variations<\/strong><br \/>Bo\u00eetes en plastique avec du couvercle, poign\u00e9e ferm\u00e9e 30x20x13 cm<br \/>Bo\u00eetes en plastique avec du couvercle, poign\u00e9e ferm\u00e9e 20x15x12 cm<br \/>Bo\u00eetes en plastique avec du couvercle, poign\u00e9e ferm\u00e9e 40x30x23,5 cm<br \/>Bo\u00eetes en plastique avec du couvercle, poign\u00e9e ferm\u00e9e 80x60x32 cm<br \/>Bo\u00eetes en plastique avec du couvercle, poign\u00e9e ouverte 60x40x32,5 cm<br \/>Bo\u00eetes en plastique avec du couvercle, poign\u00e9e ferm\u00e9e 40x30x8 cm<br \/>Bo\u00eetes en plastique avec du couvercle, poign\u00e9e ferm\u00e9e 60x40x9 cm<br \/>Bo\u00eetes en plastique avec du couvercle, poign\u00e9e ferm\u00e9e ouverte 60x40x44 cm<br \/>Bo\u00eetes en plastique avec du couvercle, poign\u00e9e ferm\u00e9e 30x20x22 cm<br \/>Bo\u00eetes en plastique avec du couvercle, poign\u00e9e ferm\u00e9e 80x60x44 cm<\/p>\r\n","protected":false},"excerpt":{"rendered":"<ul>\n<li>Bo\u00eete en plastique avec couvercle.<\/li>\n<li>Tr\u00e8s pratique pour le rangement et le transport.<\/li>\n<li>Empilable avec d\u2019autres caisses en plastique<\/li>\n<li>Taille est d\u00e9riv\u00e9e d\u2019une palette Euro de 80 * 120 cm<\/li>\n<\/ul>\n","protected":false},"featured_media":21740,"template":"","meta":[],"product_brand":[],"product_cat":[224],"product_tag":[],"class_list":{"0":"post-19764","1":"product","2":"type-product","3":"status-publish","4":"has-post-thumbnail","6":"product_cat-transport-et-stockage","8":"first","9":"instock","10":"taxable","11":"shipping-taxable","12":"purchasable","13":"product-type-variable"},"yoast_head":"<!-- This site is optimized with the Yoast SEO plugin v27.5 - https:\/\/yoast.com\/product\/yoast-seo-wordpress\/ -->\n<title>Bo\u00eetes en Plastique - FireWare<\/title>\n<meta name=\"robots\" content=\"index, follow, max-snippet:-1, max-image-preview:large, max-video-preview:-1\" \/>\n<link rel=\"canonical\" href=\"https:\/\/fireware.nl\/fr\/produit\/boites-en-plastique\/\" \/>\n<meta property=\"og:locale\" content=\"fr_FR\" \/>\n<meta property=\"og:type\" content=\"article\" \/>\n<meta property=\"og:title\" content=\"Bo\u00eetes en Plastique - FireWare\" \/>\n<meta property=\"og:description\" content=\"Bo\u00eete en plastique avec couvercle. Tr\u00e8s pratique pour le rangement et le transport. Empilable avec d\u2019autres caisses en plastique Taille est d\u00e9riv\u00e9e d\u2019une palette Euro de 80 * 120 cm\" \/>\n<meta property=\"og:url\" content=\"https:\/\/fireware.nl\/fr\/produit\/boites-en-plastique\/\" \/>\n<meta property=\"og:site_name\" content=\"FireWare\" \/>\n<meta property=\"article:publisher\" content=\"https:\/\/www.facebook.com\/FireWareBV\/\" \/>\n<meta property=\"article:modified_time\" content=\"2022-11-24T10:08:06+00:00\" \/>\n<meta property=\"og:image\" content=\"https:\/\/fireware.nl\/wp-content\/uploads\/2019\/01\/038-091-001-Kunststof-kisten.jpg\" \/>\n\t<meta property=\"og:image:width\" content=\"600\" \/>\n\t<meta property=\"og:image:height\" content=\"600\" \/>\n\t<meta property=\"og:image:type\" content=\"image\/jpeg\" \/>\n<meta name=\"twitter:card\" content=\"summary_large_image\" \/>\n<meta name=\"twitter:site\" content=\"@FireWarebv\" \/>\n<meta name=\"twitter:label1\" content=\"Dur\u00e9e de lecture estim\u00e9e\" \/>\n\t<meta name=\"twitter:data1\" content=\"1 minute\" \/>\n<script type=\"application\/ld+json\" class=\"yoast-schema-graph\">{\"@context\":\"https:\\\/\\\/schema.org\",\"@graph\":[{\"@type\":\"WebPage\",\"@id\":\"https:\\\/\\\/fireware.nl\\\/fr\\\/produit\\\/boites-en-plastique\\\/\",\"url\":\"https:\\\/\\\/fireware.nl\\\/fr\\\/produit\\\/boites-en-plastique\\\/\",\"name\":\"Bo\u00eetes en Plastique - FireWare\",\"isPartOf\":{\"@id\":\"https:\\\/\\\/fireware.nl\\\/fr\\\/#website\"},\"primaryImageOfPage\":{\"@id\":\"https:\\\/\\\/fireware.nl\\\/fr\\\/produit\\\/boites-en-plastique\\\/#primaryimage\"},\"image\":{\"@id\":\"https:\\\/\\\/fireware.nl\\\/fr\\\/produit\\\/boites-en-plastique\\\/#primaryimage\"},\"thumbnailUrl\":\"https:\\\/\\\/fireware.nl\\\/wp-content\\\/uploads\\\/2019\\\/01\\\/038-091-001-Kunststof-kisten.jpg\",\"datePublished\":\"2019-01-23T12:16:20+00:00\",\"dateModified\":\"2022-11-24T10:08:06+00:00\",\"breadcrumb\":{\"@id\":\"https:\\\/\\\/fireware.nl\\\/fr\\\/produit\\\/boites-en-plastique\\\/#breadcrumb\"},\"inLanguage\":\"fr-FR\",\"potentialAction\":[{\"@type\":\"ReadAction\",\"target\":[\"https:\\\/\\\/fireware.nl\\\/fr\\\/produit\\\/boites-en-plastique\\\/\"]}]},{\"@type\":\"ImageObject\",\"inLanguage\":\"fr-FR\",\"@id\":\"https:\\\/\\\/fireware.nl\\\/fr\\\/produit\\\/boites-en-plastique\\\/#primaryimage\",\"url\":\"https:\\\/\\\/fireware.nl\\\/wp-content\\\/uploads\\\/2019\\\/01\\\/038-091-001-Kunststof-kisten.jpg\",\"contentUrl\":\"https:\\\/\\\/fireware.nl\\\/wp-content\\\/uploads\\\/2019\\\/01\\\/038-091-001-Kunststof-kisten.jpg\",\"width\":600,\"height\":600,\"caption\":\"038-091-001 Kunststof kisten\"},{\"@type\":\"BreadcrumbList\",\"@id\":\"https:\\\/\\\/fireware.nl\\\/fr\\\/produit\\\/boites-en-plastique\\\/#breadcrumb\",\"itemListElement\":[{\"@type\":\"ListItem\",\"position\":1,\"name\":\"Home\",\"item\":\"https:\\\/\\\/fireware.nl\\\/fr\\\/\"},{\"@type\":\"ListItem\",\"position\":2,\"name\":\"Produits\",\"item\":\"https:\\\/\\\/fireware.nl\\\/fr\\\/produits\\\/\"},{\"@type\":\"ListItem\",\"position\":3,\"name\":\"Bo\u00eetes en Plastique\"}]},{\"@type\":\"WebSite\",\"@id\":\"https:\\\/\\\/fireware.nl\\\/fr\\\/#website\",\"url\":\"https:\\\/\\\/fireware.nl\\\/fr\\\/\",\"name\":\"FireWare\",\"description\":\"CREATING REALISTIC  TRAINING ENVIRONMENTS\",\"publisher\":{\"@id\":\"https:\\\/\\\/fireware.nl\\\/fr\\\/#organization\"},\"potentialAction\":[{\"@type\":\"SearchAction\",\"target\":{\"@type\":\"EntryPoint\",\"urlTemplate\":\"https:\\\/\\\/fireware.nl\\\/fr\\\/?s={search_term_string}\"},\"query-input\":{\"@type\":\"PropertyValueSpecification\",\"valueRequired\":true,\"valueName\":\"search_term_string\"}}],\"inLanguage\":\"fr-FR\"},{\"@type\":\"Organization\",\"@id\":\"https:\\\/\\\/fireware.nl\\\/fr\\\/#organization\",\"name\":\"FireWare\",\"url\":\"https:\\\/\\\/fireware.nl\\\/fr\\\/\",\"logo\":{\"@type\":\"ImageObject\",\"inLanguage\":\"fr-FR\",\"@id\":\"https:\\\/\\\/fireware.nl\\\/fr\\\/#\\\/schema\\\/logo\\\/image\\\/\",\"url\":\"https:\\\/\\\/fireware.nl\\\/wp-content\\\/uploads\\\/2018\\\/10\\\/FireWare-logo.jpg\",\"contentUrl\":\"https:\\\/\\\/fireware.nl\\\/wp-content\\\/uploads\\\/2018\\\/10\\\/FireWare-logo.jpg\",\"width\":171,\"height\":70,\"caption\":\"FireWare\"},\"image\":{\"@id\":\"https:\\\/\\\/fireware.nl\\\/fr\\\/#\\\/schema\\\/logo\\\/image\\\/\"},\"sameAs\":[\"https:\\\/\\\/www.facebook.com\\\/FireWareBV\\\/\",\"https:\\\/\\\/x.com\\\/FireWarebv\",\"https:\\\/\\\/www.instagram.com\\\/fireware_nl\\\/\",\"https:\\\/\\\/www.linkedin.com\\\/company\\\/3586017\\\/\",\"https:\\\/\\\/www.youtube.com\\\/user\\\/firesalesrentconsult\"]}]}<\/script>\n<!-- \/ Yoast SEO plugin. -->","yoast_head_json":{"title":"Bo\u00eetes en Plastique - FireWare","robots":{"index":"index","follow":"follow","max-snippet":"max-snippet:-1","max-image-preview":"max-image-preview:large","max-video-preview":"max-video-preview:-1"},"canonical":"https:\/\/fireware.nl\/fr\/produit\/boites-en-plastique\/","og_locale":"fr_FR","og_type":"article","og_title":"Bo\u00eetes en Plastique - FireWare","og_description":"Bo\u00eete en plastique avec couvercle. Tr\u00e8s pratique pour le rangement et le transport. Empilable avec d\u2019autres caisses en plastique Taille est d\u00e9riv\u00e9e d\u2019une palette Euro de 80 * 120 cm","og_url":"https:\/\/fireware.nl\/fr\/produit\/boites-en-plastique\/","og_site_name":"FireWare","article_publisher":"https:\/\/www.facebook.com\/FireWareBV\/","article_modified_time":"2022-11-24T10:08:06+00:00","og_image":[{"width":600,"height":600,"url":"https:\/\/fireware.nl\/wp-content\/uploads\/2019\/01\/038-091-001-Kunststof-kisten.jpg","type":"image\/jpeg"}],"twitter_card":"summary_large_image","twitter_site":"@FireWarebv","twitter_misc":{"Dur\u00e9e de lecture estim\u00e9e":"1 minute"},"schema":{"@context":"https:\/\/schema.org","@graph":[{"@type":"WebPage","@id":"https:\/\/fireware.nl\/fr\/produit\/boites-en-plastique\/","url":"https:\/\/fireware.nl\/fr\/produit\/boites-en-plastique\/","name":"Bo\u00eetes en Plastique - FireWare","isPartOf":{"@id":"https:\/\/fireware.nl\/fr\/#website"},"primaryImageOfPage":{"@id":"https:\/\/fireware.nl\/fr\/produit\/boites-en-plastique\/#primaryimage"},"image":{"@id":"https:\/\/fireware.nl\/fr\/produit\/boites-en-plastique\/#primaryimage"},"thumbnailUrl":"https:\/\/fireware.nl\/wp-content\/uploads\/2019\/01\/038-091-001-Kunststof-kisten.jpg","datePublished":"2019-01-23T12:16:20+00:00","dateModified":"2022-11-24T10:08:06+00:00","breadcrumb":{"@id":"https:\/\/fireware.nl\/fr\/produit\/boites-en-plastique\/#breadcrumb"},"inLanguage":"fr-FR","potentialAction":[{"@type":"ReadAction","target":["https:\/\/fireware.nl\/fr\/produit\/boites-en-plastique\/"]}]},{"@type":"ImageObject","inLanguage":"fr-FR","@id":"https:\/\/fireware.nl\/fr\/produit\/boites-en-plastique\/#primaryimage","url":"https:\/\/fireware.nl\/wp-content\/uploads\/2019\/01\/038-091-001-Kunststof-kisten.jpg","contentUrl":"https:\/\/fireware.nl\/wp-content\/uploads\/2019\/01\/038-091-001-Kunststof-kisten.jpg","width":600,"height":600,"caption":"038-091-001 Kunststof kisten"},{"@type":"BreadcrumbList","@id":"https:\/\/fireware.nl\/fr\/produit\/boites-en-plastique\/#breadcrumb","itemListElement":[{"@type":"ListItem","position":1,"name":"Home","item":"https:\/\/fireware.nl\/fr\/"},{"@type":"ListItem","position":2,"name":"Produits","item":"https:\/\/fireware.nl\/fr\/produits\/"},{"@type":"ListItem","position":3,"name":"Bo\u00eetes en Plastique"}]},{"@type":"WebSite","@id":"https:\/\/fireware.nl\/fr\/#website","url":"https:\/\/fireware.nl\/fr\/","name":"FireWare","description":"CREATING REALISTIC  TRAINING ENVIRONMENTS","publisher":{"@id":"https:\/\/fireware.nl\/fr\/#organization"},"potentialAction":[{"@type":"SearchAction","target":{"@type":"EntryPoint","urlTemplate":"https:\/\/fireware.nl\/fr\/?s={search_term_string}"},"query-input":{"@type":"PropertyValueSpecification","valueRequired":true,"valueName":"search_term_string"}}],"inLanguage":"fr-FR"},{"@type":"Organization","@id":"https:\/\/fireware.nl\/fr\/#organization","name":"FireWare","url":"https:\/\/fireware.nl\/fr\/","logo":{"@type":"ImageObject","inLanguage":"fr-FR","@id":"https:\/\/fireware.nl\/fr\/#\/schema\/logo\/image\/","url":"https:\/\/fireware.nl\/wp-content\/uploads\/2018\/10\/FireWare-logo.jpg","contentUrl":"https:\/\/fireware.nl\/wp-content\/uploads\/2018\/10\/FireWare-logo.jpg","width":171,"height":70,"caption":"FireWare"},"image":{"@id":"https:\/\/fireware.nl\/fr\/#\/schema\/logo\/image\/"},"sameAs":["https:\/\/www.facebook.com\/FireWareBV\/","https:\/\/x.com\/FireWarebv","https:\/\/www.instagram.com\/fireware_nl\/","https:\/\/www.linkedin.com\/company\/3586017\/","https:\/\/www.youtube.com\/user\/firesalesrentconsult"]}]}},"publishpress_future_workflow_manual_trigger":{"enabledWorkflows":[]},"_links":{"self":[{"href":"https:\/\/fireware.nl\/fr\/wp-json\/wp\/v2\/product\/19764","targetHints":{"allow":["GET"]}}],"collection":[{"href":"https:\/\/fireware.nl\/fr\/wp-json\/wp\/v2\/product"}],"about":[{"href":"https:\/\/fireware.nl\/fr\/wp-json\/wp\/v2\/types\/product"}],"wp:featuredmedia":[{"embeddable":true,"href":"https:\/\/fireware.nl\/fr\/wp-json\/wp\/v2\/media\/21740"}],"wp:attachment":[{"href":"https:\/\/fireware.nl\/fr\/wp-json\/wp\/v2\/media?parent=19764"}],"wp:term":[{"taxonomy":"product_brand","embeddable":true,"href":"https:\/\/fireware.nl\/fr\/wp-json\/wp\/v2\/product_brand?post=19764"},{"taxonomy":"product_cat","embeddable":true,"href":"https:\/\/fireware.nl\/fr\/wp-json\/wp\/v2\/product_cat?post=19764"},{"taxonomy":"product_tag","embeddable":true,"href":"https:\/\/fireware.nl\/fr\/wp-json\/wp\/v2\/product_tag?post=19764"}],"curies":[{"name":"wp","href":"https:\/\/api.w.org\/{rel}","templated":true}]}}