
{"id":19806,"date":"2019-01-23T12:15:41","date_gmt":"2019-02-01T12:41:44","guid":{"rendered":"http:\/\/fireware.sites.hyperhosting.co\/?post_type=product&#038;p=19806"},"modified":"2022-01-18T11:12:28","modified_gmt":"2022-01-18T11:12:28","slug":"fini-fini-fireware-plaque-dimmatriculation-crs-eu","status":"publish","type":"product","link":"https:\/\/fireware.nl\/fr\/product\/plaque-dimmatriculation-crs-eu\/","title":{"rendered":"Plaque d&#8217;Immatriculation CRS EU"},"content":{"rendered":"<h2>Devenir une autre plaque<\/h2>\n<p>La Plaque d&#8217;immatriculation CRS EU blanche en jeune vous permet d&#8217;y inscrire vous-m\u00eame un num\u00e9ro d&#8217;immatriculation au moyen d&#8217;un feutre pour tableau blanc, de sorte qu&#8217;\u00e0 chaque exercice, vous pouvez la r\u00e9utiliser avec un autre num\u00e9ro d&#8217;immatriculation. La plaque d&#8217;immatriculation est toute indiqu\u00e9e pour des exercices incluant le syst\u00e8me Crash Recovery System (CRS, Syst\u00e8me de localisation apr\u00e8s accident). Le CRS consiste \u00e0 introduire les donn\u00e9es d&#8217;une plaque d&#8217;immatriculation. \u00c0 l&#8217;endroit d&#8217;un accident, il permet de localiser directement les zones dangereuses d&#8217;un v\u00e9hicule et certains \u00e9l\u00e9ments tels que des composants \u00e9lectroniques, airbags et attache-ceintures. En pla\u00e7ant \u00e0 chaque fois un autre num\u00e9ro d&#8217;immatriculation, il est possible de s&#8217;exercer avec un autre v\u00e9hicule, et, par cons\u00e9quent, \u00e0 une autre proc\u00e9dure.<\/p>\n<p>La Plaque d&#8217;immatriculation CRS EU est fournie par jeu de 2 blanche et 2 jeune, l&#8217;une pour l&#8217;avant et l&#8217;autre pour l&#8217;arri\u00e8re d&#8217;un v\u00e9hicule, et est munie d&#8217;un\u00a0dos magn\u00e9tique. Cela signifie qu&#8217;il vous suffit d&#8217;un seul mouvement pour fixer la plaque en la cliquant sur, par exemple, une auto destin\u00e9e \u00e0 la d\u00e9molition. Contient deux feutres pour tableau blanc.<\/p>\n","protected":false},"excerpt":{"rendered":"<ul>\n<li>Jeu de 2 plaques d\u2019immatriculation blanches et 2 jeunes.<\/li>\n<li>Permet d\u2019y \u00e9crire soi-m\u00eame un num\u00e9ro d\u2019immatriculation.<\/li>\n<li>Pour s\u2019exercer au Crash Recovery System.<\/li>\n<li>Contient deux feutres pour tableau blanc: rouge et noir.<\/li>\n<li>Caisson en mati\u00e8re synth\u00e9tique de 60 x 40 x 9 cm.<\/li>\n<\/ul>\n","protected":false},"featured_media":21843,"template":"","meta":[],"product_brand":[],"product_cat":[241],"product_tag":[],"class_list":{"0":"post-19806","1":"product","2":"type-product","3":"status-publish","4":"has-post-thumbnail","6":"product_cat-signalisation","8":"first","9":"instock","10":"taxable","11":"shipping-taxable","12":"purchasable","13":"product-type-simple"},"yoast_head":"<!-- This site is optimized with the Yoast SEO plugin v27.5 - https:\/\/yoast.com\/product\/yoast-seo-wordpress\/ -->\n<title>Plaque d&#039;Immatriculation CRS EU - FireWare<\/title>\n<meta name=\"robots\" content=\"index, follow, max-snippet:-1, max-image-preview:large, max-video-preview:-1\" \/>\n<link rel=\"canonical\" href=\"https:\/\/fireware.nl\/fr\/product\/plaque-dimmatriculation-crs-eu\/\" \/>\n<meta property=\"og:locale\" content=\"fr_FR\" \/>\n<meta property=\"og:type\" content=\"article\" \/>\n<meta property=\"og:title\" content=\"Plaque d&#039;Immatriculation CRS EU - FireWare\" \/>\n<meta property=\"og:description\" content=\"Jeu de 2 plaques d\u2019immatriculation blanches et 2 jeunes.  Permet d\u2019y \u00e9crire soi-m\u00eame un num\u00e9ro d\u2019immatriculation.  Pour s\u2019exercer au Crash Recovery System.  Contient deux feutres pour tableau blanc: rouge et noir.  Caisson en mati\u00e8re synth\u00e9tique de 60 x 40 x 9 cm.\" \/>\n<meta property=\"og:url\" content=\"https:\/\/fireware.nl\/fr\/product\/plaque-dimmatriculation-crs-eu\/\" \/>\n<meta property=\"og:site_name\" content=\"FireWare\" \/>\n<meta property=\"article:publisher\" content=\"https:\/\/www.facebook.com\/FireWareBV\/\" \/>\n<meta property=\"article:modified_time\" content=\"2022-01-18T11:12:28+00:00\" \/>\n<meta property=\"og:image\" content=\"https:\/\/fireware.nl\/wp-content\/uploads\/2019\/01\/028-030-001-CRS-EU-Kentekenplaat.jpg\" \/>\n\t<meta property=\"og:image:width\" content=\"600\" \/>\n\t<meta property=\"og:image:height\" content=\"600\" \/>\n\t<meta property=\"og:image:type\" content=\"image\/jpeg\" \/>\n<meta name=\"twitter:card\" content=\"summary_large_image\" \/>\n<meta name=\"twitter:site\" content=\"@FireWarebv\" \/>\n<meta name=\"twitter:label1\" content=\"Dur\u00e9e de lecture estim\u00e9e\" \/>\n\t<meta name=\"twitter:data1\" content=\"1 minute\" \/>\n<script type=\"application\/ld+json\" class=\"yoast-schema-graph\">{\"@context\":\"https:\\\/\\\/schema.org\",\"@graph\":[{\"@type\":\"WebPage\",\"@id\":\"https:\\\/\\\/fireware.nl\\\/fr\\\/product\\\/plaque-dimmatriculation-crs-eu\\\/\",\"url\":\"https:\\\/\\\/fireware.nl\\\/fr\\\/product\\\/plaque-dimmatriculation-crs-eu\\\/\",\"name\":\"Plaque d'Immatriculation CRS EU - FireWare\",\"isPartOf\":{\"@id\":\"https:\\\/\\\/fireware.nl\\\/fr\\\/#website\"},\"primaryImageOfPage\":{\"@id\":\"https:\\\/\\\/fireware.nl\\\/fr\\\/product\\\/plaque-dimmatriculation-crs-eu\\\/#primaryimage\"},\"image\":{\"@id\":\"https:\\\/\\\/fireware.nl\\\/fr\\\/product\\\/plaque-dimmatriculation-crs-eu\\\/#primaryimage\"},\"thumbnailUrl\":\"https:\\\/\\\/fireware.nl\\\/wp-content\\\/uploads\\\/2019\\\/01\\\/028-030-001-CRS-EU-Kentekenplaat.jpg\",\"datePublished\":\"2019-02-01T12:41:44+00:00\",\"dateModified\":\"2022-01-18T11:12:28+00:00\",\"breadcrumb\":{\"@id\":\"https:\\\/\\\/fireware.nl\\\/fr\\\/product\\\/plaque-dimmatriculation-crs-eu\\\/#breadcrumb\"},\"inLanguage\":\"fr-FR\",\"potentialAction\":[{\"@type\":\"ReadAction\",\"target\":[\"https:\\\/\\\/fireware.nl\\\/fr\\\/product\\\/plaque-dimmatriculation-crs-eu\\\/\"]}]},{\"@type\":\"ImageObject\",\"inLanguage\":\"fr-FR\",\"@id\":\"https:\\\/\\\/fireware.nl\\\/fr\\\/product\\\/plaque-dimmatriculation-crs-eu\\\/#primaryimage\",\"url\":\"https:\\\/\\\/fireware.nl\\\/wp-content\\\/uploads\\\/2019\\\/01\\\/028-030-001-CRS-EU-Kentekenplaat.jpg\",\"contentUrl\":\"https:\\\/\\\/fireware.nl\\\/wp-content\\\/uploads\\\/2019\\\/01\\\/028-030-001-CRS-EU-Kentekenplaat.jpg\",\"width\":600,\"height\":600,\"caption\":\"028-030-001 CRS EU Kentekenplaat\"},{\"@type\":\"BreadcrumbList\",\"@id\":\"https:\\\/\\\/fireware.nl\\\/fr\\\/product\\\/plaque-dimmatriculation-crs-eu\\\/#breadcrumb\",\"itemListElement\":[{\"@type\":\"ListItem\",\"position\":1,\"name\":\"Home\",\"item\":\"https:\\\/\\\/fireware.nl\\\/fr\\\/\"},{\"@type\":\"ListItem\",\"position\":2,\"name\":\"Produits\",\"item\":\"https:\\\/\\\/fireware.nl\\\/fr\\\/produits\\\/\"},{\"@type\":\"ListItem\",\"position\":3,\"name\":\"Plaque d&#8217;Immatriculation CRS EU\"}]},{\"@type\":\"WebSite\",\"@id\":\"https:\\\/\\\/fireware.nl\\\/fr\\\/#website\",\"url\":\"https:\\\/\\\/fireware.nl\\\/fr\\\/\",\"name\":\"FireWare\",\"description\":\"CREATING REALISTIC  TRAINING ENVIRONMENTS\",\"publisher\":{\"@id\":\"https:\\\/\\\/fireware.nl\\\/fr\\\/#organization\"},\"potentialAction\":[{\"@type\":\"SearchAction\",\"target\":{\"@type\":\"EntryPoint\",\"urlTemplate\":\"https:\\\/\\\/fireware.nl\\\/fr\\\/?s={search_term_string}\"},\"query-input\":{\"@type\":\"PropertyValueSpecification\",\"valueRequired\":true,\"valueName\":\"search_term_string\"}}],\"inLanguage\":\"fr-FR\"},{\"@type\":\"Organization\",\"@id\":\"https:\\\/\\\/fireware.nl\\\/fr\\\/#organization\",\"name\":\"FireWare\",\"url\":\"https:\\\/\\\/fireware.nl\\\/fr\\\/\",\"logo\":{\"@type\":\"ImageObject\",\"inLanguage\":\"fr-FR\",\"@id\":\"https:\\\/\\\/fireware.nl\\\/fr\\\/#\\\/schema\\\/logo\\\/image\\\/\",\"url\":\"https:\\\/\\\/fireware.nl\\\/wp-content\\\/uploads\\\/2018\\\/10\\\/FireWare-logo.jpg\",\"contentUrl\":\"https:\\\/\\\/fireware.nl\\\/wp-content\\\/uploads\\\/2018\\\/10\\\/FireWare-logo.jpg\",\"width\":171,\"height\":70,\"caption\":\"FireWare\"},\"image\":{\"@id\":\"https:\\\/\\\/fireware.nl\\\/fr\\\/#\\\/schema\\\/logo\\\/image\\\/\"},\"sameAs\":[\"https:\\\/\\\/www.facebook.com\\\/FireWareBV\\\/\",\"https:\\\/\\\/x.com\\\/FireWarebv\",\"https:\\\/\\\/www.instagram.com\\\/fireware_nl\\\/\",\"https:\\\/\\\/www.linkedin.com\\\/company\\\/3586017\\\/\",\"https:\\\/\\\/www.youtube.com\\\/user\\\/firesalesrentconsult\"]}]}<\/script>\n<!-- \/ Yoast SEO plugin. -->","yoast_head_json":{"title":"Plaque d'Immatriculation CRS EU - FireWare","robots":{"index":"index","follow":"follow","max-snippet":"max-snippet:-1","max-image-preview":"max-image-preview:large","max-video-preview":"max-video-preview:-1"},"canonical":"https:\/\/fireware.nl\/fr\/product\/plaque-dimmatriculation-crs-eu\/","og_locale":"fr_FR","og_type":"article","og_title":"Plaque d'Immatriculation CRS EU - FireWare","og_description":"Jeu de 2 plaques d\u2019immatriculation blanches et 2 jeunes.  Permet d\u2019y \u00e9crire soi-m\u00eame un num\u00e9ro d\u2019immatriculation.  Pour s\u2019exercer au Crash Recovery System.  Contient deux feutres pour tableau blanc: rouge et noir.  Caisson en mati\u00e8re synth\u00e9tique de 60 x 40 x 9 cm.","og_url":"https:\/\/fireware.nl\/fr\/product\/plaque-dimmatriculation-crs-eu\/","og_site_name":"FireWare","article_publisher":"https:\/\/www.facebook.com\/FireWareBV\/","article_modified_time":"2022-01-18T11:12:28+00:00","og_image":[{"width":600,"height":600,"url":"https:\/\/fireware.nl\/wp-content\/uploads\/2019\/01\/028-030-001-CRS-EU-Kentekenplaat.jpg","type":"image\/jpeg"}],"twitter_card":"summary_large_image","twitter_site":"@FireWarebv","twitter_misc":{"Dur\u00e9e de lecture estim\u00e9e":"1 minute"},"schema":{"@context":"https:\/\/schema.org","@graph":[{"@type":"WebPage","@id":"https:\/\/fireware.nl\/fr\/product\/plaque-dimmatriculation-crs-eu\/","url":"https:\/\/fireware.nl\/fr\/product\/plaque-dimmatriculation-crs-eu\/","name":"Plaque d'Immatriculation CRS EU - FireWare","isPartOf":{"@id":"https:\/\/fireware.nl\/fr\/#website"},"primaryImageOfPage":{"@id":"https:\/\/fireware.nl\/fr\/product\/plaque-dimmatriculation-crs-eu\/#primaryimage"},"image":{"@id":"https:\/\/fireware.nl\/fr\/product\/plaque-dimmatriculation-crs-eu\/#primaryimage"},"thumbnailUrl":"https:\/\/fireware.nl\/wp-content\/uploads\/2019\/01\/028-030-001-CRS-EU-Kentekenplaat.jpg","datePublished":"2019-02-01T12:41:44+00:00","dateModified":"2022-01-18T11:12:28+00:00","breadcrumb":{"@id":"https:\/\/fireware.nl\/fr\/product\/plaque-dimmatriculation-crs-eu\/#breadcrumb"},"inLanguage":"fr-FR","potentialAction":[{"@type":"ReadAction","target":["https:\/\/fireware.nl\/fr\/product\/plaque-dimmatriculation-crs-eu\/"]}]},{"@type":"ImageObject","inLanguage":"fr-FR","@id":"https:\/\/fireware.nl\/fr\/product\/plaque-dimmatriculation-crs-eu\/#primaryimage","url":"https:\/\/fireware.nl\/wp-content\/uploads\/2019\/01\/028-030-001-CRS-EU-Kentekenplaat.jpg","contentUrl":"https:\/\/fireware.nl\/wp-content\/uploads\/2019\/01\/028-030-001-CRS-EU-Kentekenplaat.jpg","width":600,"height":600,"caption":"028-030-001 CRS EU Kentekenplaat"},{"@type":"BreadcrumbList","@id":"https:\/\/fireware.nl\/fr\/product\/plaque-dimmatriculation-crs-eu\/#breadcrumb","itemListElement":[{"@type":"ListItem","position":1,"name":"Home","item":"https:\/\/fireware.nl\/fr\/"},{"@type":"ListItem","position":2,"name":"Produits","item":"https:\/\/fireware.nl\/fr\/produits\/"},{"@type":"ListItem","position":3,"name":"Plaque d&#8217;Immatriculation CRS EU"}]},{"@type":"WebSite","@id":"https:\/\/fireware.nl\/fr\/#website","url":"https:\/\/fireware.nl\/fr\/","name":"FireWare","description":"CREATING REALISTIC  TRAINING ENVIRONMENTS","publisher":{"@id":"https:\/\/fireware.nl\/fr\/#organization"},"potentialAction":[{"@type":"SearchAction","target":{"@type":"EntryPoint","urlTemplate":"https:\/\/fireware.nl\/fr\/?s={search_term_string}"},"query-input":{"@type":"PropertyValueSpecification","valueRequired":true,"valueName":"search_term_string"}}],"inLanguage":"fr-FR"},{"@type":"Organization","@id":"https:\/\/fireware.nl\/fr\/#organization","name":"FireWare","url":"https:\/\/fireware.nl\/fr\/","logo":{"@type":"ImageObject","inLanguage":"fr-FR","@id":"https:\/\/fireware.nl\/fr\/#\/schema\/logo\/image\/","url":"https:\/\/fireware.nl\/wp-content\/uploads\/2018\/10\/FireWare-logo.jpg","contentUrl":"https:\/\/fireware.nl\/wp-content\/uploads\/2018\/10\/FireWare-logo.jpg","width":171,"height":70,"caption":"FireWare"},"image":{"@id":"https:\/\/fireware.nl\/fr\/#\/schema\/logo\/image\/"},"sameAs":["https:\/\/www.facebook.com\/FireWareBV\/","https:\/\/x.com\/FireWarebv","https:\/\/www.instagram.com\/fireware_nl\/","https:\/\/www.linkedin.com\/company\/3586017\/","https:\/\/www.youtube.com\/user\/firesalesrentconsult"]}]}},"publishpress_future_workflow_manual_trigger":{"enabledWorkflows":[]},"_links":{"self":[{"href":"https:\/\/fireware.nl\/fr\/wp-json\/wp\/v2\/product\/19806","targetHints":{"allow":["GET"]}}],"collection":[{"href":"https:\/\/fireware.nl\/fr\/wp-json\/wp\/v2\/product"}],"about":[{"href":"https:\/\/fireware.nl\/fr\/wp-json\/wp\/v2\/types\/product"}],"wp:featuredmedia":[{"embeddable":true,"href":"https:\/\/fireware.nl\/fr\/wp-json\/wp\/v2\/media\/21843"}],"wp:attachment":[{"href":"https:\/\/fireware.nl\/fr\/wp-json\/wp\/v2\/media?parent=19806"}],"wp:term":[{"taxonomy":"product_brand","embeddable":true,"href":"https:\/\/fireware.nl\/fr\/wp-json\/wp\/v2\/product_brand?post=19806"},{"taxonomy":"product_cat","embeddable":true,"href":"https:\/\/fireware.nl\/fr\/wp-json\/wp\/v2\/product_cat?post=19806"},{"taxonomy":"product_tag","embeddable":true,"href":"https:\/\/fireware.nl\/fr\/wp-json\/wp\/v2\/product_tag?post=19806"}],"curies":[{"name":"wp","href":"https:\/\/api.w.org\/{rel}","templated":true}]}}