
{"id":19828,"date":"2019-01-23T12:17:07","date_gmt":"2019-02-01T12:43:12","guid":{"rendered":"http:\/\/fireware.sites.hyperhosting.co\/?post_type=product&#038;p=19828"},"modified":"2022-08-15T08:31:17","modified_gmt":"2022-08-15T08:31:17","slug":"gilet-de-signalisation-imprimees","status":"publish","type":"product","link":"https:\/\/fireware.nl\/fr\/product\/gilet-de-signalisation-imprimees\/","title":{"rendered":"Gilet de Signalisation Imprim\u00e9es"},"content":{"rendered":"<p>Un Gilet de Signalisation permet d\u2019augmenter la visibilit\u00e9 ou, par exemple, indiquer pendant un exercice le r\u00f4le que joue une personne. Vous pouvez utiliser diff\u00e9rentes couleurs de gilet afin de souligner les fonctions des participants \u00e0 l\u2019exercice et de faire la distinction entre le responsable de l\u2019exercice et les spectateurs.<\/p>\n<p>Le Gilet de Signalisation est muni de bandes r\u00e9fl\u00e9chissantes qui vous rendent bien visible lorsque vous le portez. Le gilet orange et le gilet jaune r\u00e9pondent \u00e0 la norme NEN-EN 471 pour une visibilit\u00e9 accrue.<\/p>\n<p>Le gilet est disponible en taille unique et dans les couleurs orange, jaune, bleue, rouge, verte, verte limon, rose, mauve et blanche.\u00a0<strong>Tous les gilets disposent d\u2019une fermeture adh\u00e9sive, et vous pouvez, par exemple, faire imprimer sur l\u2019avant et l\u2019arri\u00e8re du gilet le nom de votre fonction.<\/strong><\/p>\n","protected":false},"excerpt":{"rendered":"<ul>\n<li>Est muni de bandes r\u00e9fl\u00e9chissantes.<\/li>\n<li>Est muni d\u2019une fermeture adh\u00e9sive.<\/li>\n<li>Disponible en plusieurs couleurs.<\/li>\n<li>Faire imprimer sur l\u2019avant et l\u2019arri\u00e8re du gilet le nom de votre fonction.<\/li>\n<li>Impression possible devant et derri\u00e8re.<\/li>\n<li>Le jaune et l\u2019orange r\u00e9pondent \u00e0 la norme NEN-EN 471.<\/li>\n<\/ul>\n","protected":false},"featured_media":21867,"template":"","meta":[],"product_brand":[],"product_cat":[221,241],"product_tag":[],"class_list":{"0":"post-19828","1":"product","2":"type-product","3":"status-publish","4":"has-post-thumbnail","6":"product_cat-des-outils-utiles","7":"product_cat-signalisation","9":"first","10":"instock","11":"taxable","12":"shipping-taxable","13":"purchasable","14":"product-type-variable"},"yoast_head":"<!-- This site is optimized with the Yoast SEO plugin v27.5 - https:\/\/yoast.com\/product\/yoast-seo-wordpress\/ -->\n<title>Gilet de Signalisation Imprim\u00e9es - FireWare<\/title>\n<meta name=\"robots\" content=\"index, follow, max-snippet:-1, max-image-preview:large, max-video-preview:-1\" \/>\n<link rel=\"canonical\" href=\"https:\/\/fireware.nl\/fr\/product\/gilet-de-signalisation-imprimees\/\" \/>\n<meta property=\"og:locale\" content=\"fr_FR\" \/>\n<meta property=\"og:type\" content=\"article\" \/>\n<meta property=\"og:title\" content=\"Gilet de Signalisation Imprim\u00e9es - FireWare\" \/>\n<meta property=\"og:description\" content=\"Est muni de bandes r\u00e9fl\u00e9chissantes.  Est muni d\u2019une fermeture adh\u00e9sive.  Disponible en plusieurs couleurs.  Faire imprimer sur l\u2019avant et l\u2019arri\u00e8re du gilet le nom de votre fonction.  Impression possible devant et derri\u00e8re.  Le jaune et l\u2019orange r\u00e9pondent \u00e0 la norme NEN-EN 471.\" \/>\n<meta property=\"og:url\" content=\"https:\/\/fireware.nl\/fr\/product\/gilet-de-signalisation-imprimees\/\" \/>\n<meta property=\"og:site_name\" content=\"FireWare\" \/>\n<meta property=\"article:publisher\" content=\"https:\/\/www.facebook.com\/FireWareBV\/\" \/>\n<meta property=\"article:modified_time\" content=\"2022-08-15T08:31:17+00:00\" \/>\n<meta property=\"og:image\" content=\"https:\/\/fireware.nl\/wp-content\/uploads\/2019\/01\/046-076-002-Signaalvest-bedrukt-BHV-geel.jpg\" \/>\n\t<meta property=\"og:image:width\" content=\"600\" \/>\n\t<meta property=\"og:image:height\" content=\"600\" \/>\n\t<meta property=\"og:image:type\" content=\"image\/jpeg\" \/>\n<meta name=\"twitter:card\" content=\"summary_large_image\" \/>\n<meta name=\"twitter:site\" content=\"@FireWarebv\" \/>\n<meta name=\"twitter:label1\" content=\"Dur\u00e9e de lecture estim\u00e9e\" \/>\n\t<meta name=\"twitter:data1\" content=\"1 minute\" \/>\n<script type=\"application\/ld+json\" class=\"yoast-schema-graph\">{\"@context\":\"https:\\\/\\\/schema.org\",\"@graph\":[{\"@type\":\"WebPage\",\"@id\":\"https:\\\/\\\/fireware.nl\\\/fr\\\/product\\\/gilet-de-signalisation-imprimees\\\/\",\"url\":\"https:\\\/\\\/fireware.nl\\\/fr\\\/product\\\/gilet-de-signalisation-imprimees\\\/\",\"name\":\"Gilet de Signalisation Imprim\u00e9es - FireWare\",\"isPartOf\":{\"@id\":\"https:\\\/\\\/fireware.nl\\\/fr\\\/#website\"},\"primaryImageOfPage\":{\"@id\":\"https:\\\/\\\/fireware.nl\\\/fr\\\/product\\\/gilet-de-signalisation-imprimees\\\/#primaryimage\"},\"image\":{\"@id\":\"https:\\\/\\\/fireware.nl\\\/fr\\\/product\\\/gilet-de-signalisation-imprimees\\\/#primaryimage\"},\"thumbnailUrl\":\"https:\\\/\\\/fireware.nl\\\/wp-content\\\/uploads\\\/2019\\\/01\\\/046-076-002-Signaalvest-bedrukt-BHV-geel.jpg\",\"datePublished\":\"2019-02-01T12:43:12+00:00\",\"dateModified\":\"2022-08-15T08:31:17+00:00\",\"breadcrumb\":{\"@id\":\"https:\\\/\\\/fireware.nl\\\/fr\\\/product\\\/gilet-de-signalisation-imprimees\\\/#breadcrumb\"},\"inLanguage\":\"fr-FR\",\"potentialAction\":[{\"@type\":\"ReadAction\",\"target\":[\"https:\\\/\\\/fireware.nl\\\/fr\\\/product\\\/gilet-de-signalisation-imprimees\\\/\"]}]},{\"@type\":\"ImageObject\",\"inLanguage\":\"fr-FR\",\"@id\":\"https:\\\/\\\/fireware.nl\\\/fr\\\/product\\\/gilet-de-signalisation-imprimees\\\/#primaryimage\",\"url\":\"https:\\\/\\\/fireware.nl\\\/wp-content\\\/uploads\\\/2019\\\/01\\\/046-076-002-Signaalvest-bedrukt-BHV-geel.jpg\",\"contentUrl\":\"https:\\\/\\\/fireware.nl\\\/wp-content\\\/uploads\\\/2019\\\/01\\\/046-076-002-Signaalvest-bedrukt-BHV-geel.jpg\",\"width\":600,\"height\":600,\"caption\":\"046-076-002 Signaalvest bedrukt BHV geel\"},{\"@type\":\"BreadcrumbList\",\"@id\":\"https:\\\/\\\/fireware.nl\\\/fr\\\/product\\\/gilet-de-signalisation-imprimees\\\/#breadcrumb\",\"itemListElement\":[{\"@type\":\"ListItem\",\"position\":1,\"name\":\"Home\",\"item\":\"https:\\\/\\\/fireware.nl\\\/fr\\\/\"},{\"@type\":\"ListItem\",\"position\":2,\"name\":\"Produits\",\"item\":\"https:\\\/\\\/fireware.nl\\\/fr\\\/produits\\\/\"},{\"@type\":\"ListItem\",\"position\":3,\"name\":\"Gilet de Signalisation Imprim\u00e9es\"}]},{\"@type\":\"WebSite\",\"@id\":\"https:\\\/\\\/fireware.nl\\\/fr\\\/#website\",\"url\":\"https:\\\/\\\/fireware.nl\\\/fr\\\/\",\"name\":\"FireWare\",\"description\":\"CREATING REALISTIC  TRAINING ENVIRONMENTS\",\"publisher\":{\"@id\":\"https:\\\/\\\/fireware.nl\\\/fr\\\/#organization\"},\"potentialAction\":[{\"@type\":\"SearchAction\",\"target\":{\"@type\":\"EntryPoint\",\"urlTemplate\":\"https:\\\/\\\/fireware.nl\\\/fr\\\/?s={search_term_string}\"},\"query-input\":{\"@type\":\"PropertyValueSpecification\",\"valueRequired\":true,\"valueName\":\"search_term_string\"}}],\"inLanguage\":\"fr-FR\"},{\"@type\":\"Organization\",\"@id\":\"https:\\\/\\\/fireware.nl\\\/fr\\\/#organization\",\"name\":\"FireWare\",\"url\":\"https:\\\/\\\/fireware.nl\\\/fr\\\/\",\"logo\":{\"@type\":\"ImageObject\",\"inLanguage\":\"fr-FR\",\"@id\":\"https:\\\/\\\/fireware.nl\\\/fr\\\/#\\\/schema\\\/logo\\\/image\\\/\",\"url\":\"https:\\\/\\\/fireware.nl\\\/wp-content\\\/uploads\\\/2018\\\/10\\\/FireWare-logo.jpg\",\"contentUrl\":\"https:\\\/\\\/fireware.nl\\\/wp-content\\\/uploads\\\/2018\\\/10\\\/FireWare-logo.jpg\",\"width\":171,\"height\":70,\"caption\":\"FireWare\"},\"image\":{\"@id\":\"https:\\\/\\\/fireware.nl\\\/fr\\\/#\\\/schema\\\/logo\\\/image\\\/\"},\"sameAs\":[\"https:\\\/\\\/www.facebook.com\\\/FireWareBV\\\/\",\"https:\\\/\\\/x.com\\\/FireWarebv\",\"https:\\\/\\\/www.instagram.com\\\/fireware_nl\\\/\",\"https:\\\/\\\/www.linkedin.com\\\/company\\\/3586017\\\/\",\"https:\\\/\\\/www.youtube.com\\\/user\\\/firesalesrentconsult\"]}]}<\/script>\n<!-- \/ Yoast SEO plugin. -->","yoast_head_json":{"title":"Gilet de Signalisation Imprim\u00e9es - FireWare","robots":{"index":"index","follow":"follow","max-snippet":"max-snippet:-1","max-image-preview":"max-image-preview:large","max-video-preview":"max-video-preview:-1"},"canonical":"https:\/\/fireware.nl\/fr\/product\/gilet-de-signalisation-imprimees\/","og_locale":"fr_FR","og_type":"article","og_title":"Gilet de Signalisation Imprim\u00e9es - FireWare","og_description":"Est muni de bandes r\u00e9fl\u00e9chissantes.  Est muni d\u2019une fermeture adh\u00e9sive.  Disponible en plusieurs couleurs.  Faire imprimer sur l\u2019avant et l\u2019arri\u00e8re du gilet le nom de votre fonction.  Impression possible devant et derri\u00e8re.  Le jaune et l\u2019orange r\u00e9pondent \u00e0 la norme NEN-EN 471.","og_url":"https:\/\/fireware.nl\/fr\/product\/gilet-de-signalisation-imprimees\/","og_site_name":"FireWare","article_publisher":"https:\/\/www.facebook.com\/FireWareBV\/","article_modified_time":"2022-08-15T08:31:17+00:00","og_image":[{"width":600,"height":600,"url":"https:\/\/fireware.nl\/wp-content\/uploads\/2019\/01\/046-076-002-Signaalvest-bedrukt-BHV-geel.jpg","type":"image\/jpeg"}],"twitter_card":"summary_large_image","twitter_site":"@FireWarebv","twitter_misc":{"Dur\u00e9e de lecture estim\u00e9e":"1 minute"},"schema":{"@context":"https:\/\/schema.org","@graph":[{"@type":"WebPage","@id":"https:\/\/fireware.nl\/fr\/product\/gilet-de-signalisation-imprimees\/","url":"https:\/\/fireware.nl\/fr\/product\/gilet-de-signalisation-imprimees\/","name":"Gilet de Signalisation Imprim\u00e9es - FireWare","isPartOf":{"@id":"https:\/\/fireware.nl\/fr\/#website"},"primaryImageOfPage":{"@id":"https:\/\/fireware.nl\/fr\/product\/gilet-de-signalisation-imprimees\/#primaryimage"},"image":{"@id":"https:\/\/fireware.nl\/fr\/product\/gilet-de-signalisation-imprimees\/#primaryimage"},"thumbnailUrl":"https:\/\/fireware.nl\/wp-content\/uploads\/2019\/01\/046-076-002-Signaalvest-bedrukt-BHV-geel.jpg","datePublished":"2019-02-01T12:43:12+00:00","dateModified":"2022-08-15T08:31:17+00:00","breadcrumb":{"@id":"https:\/\/fireware.nl\/fr\/product\/gilet-de-signalisation-imprimees\/#breadcrumb"},"inLanguage":"fr-FR","potentialAction":[{"@type":"ReadAction","target":["https:\/\/fireware.nl\/fr\/product\/gilet-de-signalisation-imprimees\/"]}]},{"@type":"ImageObject","inLanguage":"fr-FR","@id":"https:\/\/fireware.nl\/fr\/product\/gilet-de-signalisation-imprimees\/#primaryimage","url":"https:\/\/fireware.nl\/wp-content\/uploads\/2019\/01\/046-076-002-Signaalvest-bedrukt-BHV-geel.jpg","contentUrl":"https:\/\/fireware.nl\/wp-content\/uploads\/2019\/01\/046-076-002-Signaalvest-bedrukt-BHV-geel.jpg","width":600,"height":600,"caption":"046-076-002 Signaalvest bedrukt BHV geel"},{"@type":"BreadcrumbList","@id":"https:\/\/fireware.nl\/fr\/product\/gilet-de-signalisation-imprimees\/#breadcrumb","itemListElement":[{"@type":"ListItem","position":1,"name":"Home","item":"https:\/\/fireware.nl\/fr\/"},{"@type":"ListItem","position":2,"name":"Produits","item":"https:\/\/fireware.nl\/fr\/produits\/"},{"@type":"ListItem","position":3,"name":"Gilet de Signalisation Imprim\u00e9es"}]},{"@type":"WebSite","@id":"https:\/\/fireware.nl\/fr\/#website","url":"https:\/\/fireware.nl\/fr\/","name":"FireWare","description":"CREATING REALISTIC  TRAINING ENVIRONMENTS","publisher":{"@id":"https:\/\/fireware.nl\/fr\/#organization"},"potentialAction":[{"@type":"SearchAction","target":{"@type":"EntryPoint","urlTemplate":"https:\/\/fireware.nl\/fr\/?s={search_term_string}"},"query-input":{"@type":"PropertyValueSpecification","valueRequired":true,"valueName":"search_term_string"}}],"inLanguage":"fr-FR"},{"@type":"Organization","@id":"https:\/\/fireware.nl\/fr\/#organization","name":"FireWare","url":"https:\/\/fireware.nl\/fr\/","logo":{"@type":"ImageObject","inLanguage":"fr-FR","@id":"https:\/\/fireware.nl\/fr\/#\/schema\/logo\/image\/","url":"https:\/\/fireware.nl\/wp-content\/uploads\/2018\/10\/FireWare-logo.jpg","contentUrl":"https:\/\/fireware.nl\/wp-content\/uploads\/2018\/10\/FireWare-logo.jpg","width":171,"height":70,"caption":"FireWare"},"image":{"@id":"https:\/\/fireware.nl\/fr\/#\/schema\/logo\/image\/"},"sameAs":["https:\/\/www.facebook.com\/FireWareBV\/","https:\/\/x.com\/FireWarebv","https:\/\/www.instagram.com\/fireware_nl\/","https:\/\/www.linkedin.com\/company\/3586017\/","https:\/\/www.youtube.com\/user\/firesalesrentconsult"]}]}},"publishpress_future_workflow_manual_trigger":{"enabledWorkflows":[]},"_links":{"self":[{"href":"https:\/\/fireware.nl\/fr\/wp-json\/wp\/v2\/product\/19828","targetHints":{"allow":["GET"]}}],"collection":[{"href":"https:\/\/fireware.nl\/fr\/wp-json\/wp\/v2\/product"}],"about":[{"href":"https:\/\/fireware.nl\/fr\/wp-json\/wp\/v2\/types\/product"}],"wp:featuredmedia":[{"embeddable":true,"href":"https:\/\/fireware.nl\/fr\/wp-json\/wp\/v2\/media\/21867"}],"wp:attachment":[{"href":"https:\/\/fireware.nl\/fr\/wp-json\/wp\/v2\/media?parent=19828"}],"wp:term":[{"taxonomy":"product_brand","embeddable":true,"href":"https:\/\/fireware.nl\/fr\/wp-json\/wp\/v2\/product_brand?post=19828"},{"taxonomy":"product_cat","embeddable":true,"href":"https:\/\/fireware.nl\/fr\/wp-json\/wp\/v2\/product_cat?post=19828"},{"taxonomy":"product_tag","embeddable":true,"href":"https:\/\/fireware.nl\/fr\/wp-json\/wp\/v2\/product_tag?post=19828"}],"curies":[{"name":"wp","href":"https:\/\/api.w.org\/{rel}","templated":true}]}}