
{"id":29494,"date":"2019-04-15T13:49:45","date_gmt":"2019-04-15T13:49:45","guid":{"rendered":"https:\/\/fireware.nl\/product\/extrait-dodeur-dincendie\/"},"modified":"2025-07-08T12:33:26","modified_gmt":"2025-07-08T12:33:26","slug":"extrait-dodeur-dincendie","status":"publish","type":"product","link":"https:\/\/fireware.nl\/fr\/product\/extrait-dodeur-dincendie\/","title":{"rendered":"Extrait d\u2019odeur d\u2019incendie"},"content":{"rendered":"<p>Extrait d\u2019odeur d\u2019incendie pour ajouter l\u2019odeur d\u2019un incendie aux liquides fumig\u00e8nes FireWare. C\u2019est un outil pratique pour augmenter le niveau de r\u00e9alisme de votre entra\u00eenement. Souvent, le sens qui est premi\u00e8rement excit\u00e9 en cas d\u2019un incendie, c\u2019est le nez. L\u2019odeur peut \u00eatre utilis\u00e9 pour signaler et localiser le feu. Les stagiaires seront tous arm\u00e9s par l\u2019emploi de l\u2019odeur d\u2019incendie\u00a0!<\/p>\n<p>Mesurez tout simplement le volume d\u00e9sir\u00e9 d\u2019extrait d\u2019odeur d\u2019incendie avec le bouchon-doseur. Utilisez un ratio de m\u00e9lange d\u2019un minimum de 5ml et un maximum de 25ml d\u2019extrait sur 5 litres de liquide fumig\u00e8ne. Notez bien que l\u2019odeur persiste.<\/p>\n<p>L\u2019extrait d\u2019odeur d\u2019incendie convient parfaitement \u00e0 l\u2019usage \u00e0 l\u2019ext\u00e9rieur combin\u00e9 avec du <a href=\"https:\/\/fireware.nl\/fr\/product\/liquide-fumigene-pompiers-extreme\/\" target=\"_blank\" rel=\"noopener\">Liquide fumig\u00e8ne Pompiers extr\u00eame<\/a>. Cela rend tr\u00e8s r\u00e9aliste l\u2019entra\u00eenement de feu de for\u00eat\u00a0!<\/p>\n","protected":false},"excerpt":{"rendered":"<ul>\n<li>Ajoute l\u2019odeur d\u2019un feu au liquide fumig\u00e8ne FireWare<\/li>\n<li>Convient parfaitement \u00e0 l\u2019usage \u00e0 l\u2019ext\u00e9rieur combin\u00e9 avec du <a href=\"https:\/\/fireware.nl\/fr\/product\/liquide-fumigene-pompiers-extreme\/\" target=\"_blank\" rel=\"noopener\">Liquide fumig\u00e8ne Pompiers extr\u00eame<\/a><\/li>\n<li>Ne convient pas pour une utilisation dans Cirrus Fluid<\/li>\n<\/ul>\n","protected":false},"featured_media":29331,"template":"","meta":[],"product_brand":[],"product_cat":[85,98],"product_tag":[],"class_list":{"0":"post-29494","1":"product","2":"type-product","3":"status-publish","4":"has-post-thumbnail","6":"product_cat-liquide-fumigenes","7":"product_cat-odeur","9":"first","10":"instock","11":"taxable","12":"shipping-taxable","13":"purchasable","14":"product-type-simple"},"yoast_head":"<!-- This site is optimized with the Yoast SEO plugin v27.5 - https:\/\/yoast.com\/product\/yoast-seo-wordpress\/ -->\n<title>Extrait d\u2019odeur d\u2019incendie - FireWare<\/title>\n<meta name=\"robots\" content=\"index, follow, max-snippet:-1, max-image-preview:large, max-video-preview:-1\" \/>\n<link rel=\"canonical\" href=\"https:\/\/fireware.nl\/fr\/product\/extrait-dodeur-dincendie\/\" \/>\n<meta property=\"og:locale\" content=\"fr_FR\" \/>\n<meta property=\"og:type\" content=\"article\" \/>\n<meta property=\"og:title\" content=\"Extrait d\u2019odeur d\u2019incendie - FireWare\" \/>\n<meta property=\"og:description\" content=\"Ajoute l\u2019odeur d\u2019un feu au liquide fumig\u00e8ne FireWare  Convient parfaitement \u00e0 l\u2019usage \u00e0 l\u2019ext\u00e9rieur combin\u00e9 avec du Liquide fumig\u00e8ne Pompiers extr\u00eame  Ne convient pas pour une utilisation dans Cirrus Fluid\" \/>\n<meta property=\"og:url\" content=\"https:\/\/fireware.nl\/fr\/product\/extrait-dodeur-dincendie\/\" \/>\n<meta property=\"og:site_name\" content=\"FireWare\" \/>\n<meta property=\"article:publisher\" content=\"https:\/\/www.facebook.com\/FireWareBV\/\" \/>\n<meta property=\"article:modified_time\" content=\"2025-07-08T12:33:26+00:00\" \/>\n<meta property=\"og:image\" content=\"https:\/\/fireware.nl\/wp-content\/uploads\/2019\/04\/Flesje_Schuin_01.jpg\" \/>\n\t<meta property=\"og:image:width\" content=\"600\" \/>\n\t<meta property=\"og:image:height\" content=\"600\" \/>\n\t<meta property=\"og:image:type\" content=\"image\/jpeg\" \/>\n<meta name=\"twitter:card\" content=\"summary_large_image\" \/>\n<meta name=\"twitter:site\" content=\"@FireWarebv\" \/>\n<meta name=\"twitter:label1\" content=\"Dur\u00e9e de lecture estim\u00e9e\" \/>\n\t<meta name=\"twitter:data1\" content=\"1 minute\" \/>\n<script type=\"application\/ld+json\" class=\"yoast-schema-graph\">{\"@context\":\"https:\\\/\\\/schema.org\",\"@graph\":[{\"@type\":\"WebPage\",\"@id\":\"https:\\\/\\\/fireware.nl\\\/fr\\\/product\\\/extrait-dodeur-dincendie\\\/\",\"url\":\"https:\\\/\\\/fireware.nl\\\/fr\\\/product\\\/extrait-dodeur-dincendie\\\/\",\"name\":\"Extrait d\u2019odeur d\u2019incendie - FireWare\",\"isPartOf\":{\"@id\":\"https:\\\/\\\/fireware.nl\\\/fr\\\/#website\"},\"primaryImageOfPage\":{\"@id\":\"https:\\\/\\\/fireware.nl\\\/fr\\\/product\\\/extrait-dodeur-dincendie\\\/#primaryimage\"},\"image\":{\"@id\":\"https:\\\/\\\/fireware.nl\\\/fr\\\/product\\\/extrait-dodeur-dincendie\\\/#primaryimage\"},\"thumbnailUrl\":\"https:\\\/\\\/fireware.nl\\\/wp-content\\\/uploads\\\/2019\\\/04\\\/Flesje_Schuin_01.jpg\",\"datePublished\":\"2019-04-15T13:49:45+00:00\",\"dateModified\":\"2025-07-08T12:33:26+00:00\",\"breadcrumb\":{\"@id\":\"https:\\\/\\\/fireware.nl\\\/fr\\\/product\\\/extrait-dodeur-dincendie\\\/#breadcrumb\"},\"inLanguage\":\"fr-FR\",\"potentialAction\":[{\"@type\":\"ReadAction\",\"target\":[\"https:\\\/\\\/fireware.nl\\\/fr\\\/product\\\/extrait-dodeur-dincendie\\\/\"]}]},{\"@type\":\"ImageObject\",\"inLanguage\":\"fr-FR\",\"@id\":\"https:\\\/\\\/fireware.nl\\\/fr\\\/product\\\/extrait-dodeur-dincendie\\\/#primaryimage\",\"url\":\"https:\\\/\\\/fireware.nl\\\/wp-content\\\/uploads\\\/2019\\\/04\\\/Flesje_Schuin_01.jpg\",\"contentUrl\":\"https:\\\/\\\/fireware.nl\\\/wp-content\\\/uploads\\\/2019\\\/04\\\/Flesje_Schuin_01.jpg\",\"width\":600,\"height\":600},{\"@type\":\"BreadcrumbList\",\"@id\":\"https:\\\/\\\/fireware.nl\\\/fr\\\/product\\\/extrait-dodeur-dincendie\\\/#breadcrumb\",\"itemListElement\":[{\"@type\":\"ListItem\",\"position\":1,\"name\":\"Home\",\"item\":\"https:\\\/\\\/fireware.nl\\\/fr\\\/\"},{\"@type\":\"ListItem\",\"position\":2,\"name\":\"Produits\",\"item\":\"https:\\\/\\\/fireware.nl\\\/fr\\\/produits\\\/\"},{\"@type\":\"ListItem\",\"position\":3,\"name\":\"Extrait d\u2019odeur d\u2019incendie\"}]},{\"@type\":\"WebSite\",\"@id\":\"https:\\\/\\\/fireware.nl\\\/fr\\\/#website\",\"url\":\"https:\\\/\\\/fireware.nl\\\/fr\\\/\",\"name\":\"FireWare\",\"description\":\"CREATING REALISTIC  TRAINING ENVIRONMENTS\",\"publisher\":{\"@id\":\"https:\\\/\\\/fireware.nl\\\/fr\\\/#organization\"},\"potentialAction\":[{\"@type\":\"SearchAction\",\"target\":{\"@type\":\"EntryPoint\",\"urlTemplate\":\"https:\\\/\\\/fireware.nl\\\/fr\\\/?s={search_term_string}\"},\"query-input\":{\"@type\":\"PropertyValueSpecification\",\"valueRequired\":true,\"valueName\":\"search_term_string\"}}],\"inLanguage\":\"fr-FR\"},{\"@type\":\"Organization\",\"@id\":\"https:\\\/\\\/fireware.nl\\\/fr\\\/#organization\",\"name\":\"FireWare\",\"url\":\"https:\\\/\\\/fireware.nl\\\/fr\\\/\",\"logo\":{\"@type\":\"ImageObject\",\"inLanguage\":\"fr-FR\",\"@id\":\"https:\\\/\\\/fireware.nl\\\/fr\\\/#\\\/schema\\\/logo\\\/image\\\/\",\"url\":\"https:\\\/\\\/fireware.nl\\\/wp-content\\\/uploads\\\/2018\\\/10\\\/FireWare-logo.jpg\",\"contentUrl\":\"https:\\\/\\\/fireware.nl\\\/wp-content\\\/uploads\\\/2018\\\/10\\\/FireWare-logo.jpg\",\"width\":171,\"height\":70,\"caption\":\"FireWare\"},\"image\":{\"@id\":\"https:\\\/\\\/fireware.nl\\\/fr\\\/#\\\/schema\\\/logo\\\/image\\\/\"},\"sameAs\":[\"https:\\\/\\\/www.facebook.com\\\/FireWareBV\\\/\",\"https:\\\/\\\/x.com\\\/FireWarebv\",\"https:\\\/\\\/www.instagram.com\\\/fireware_nl\\\/\",\"https:\\\/\\\/www.linkedin.com\\\/company\\\/3586017\\\/\",\"https:\\\/\\\/www.youtube.com\\\/user\\\/firesalesrentconsult\"]}]}<\/script>\n<!-- \/ Yoast SEO plugin. -->","yoast_head_json":{"title":"Extrait d\u2019odeur d\u2019incendie - FireWare","robots":{"index":"index","follow":"follow","max-snippet":"max-snippet:-1","max-image-preview":"max-image-preview:large","max-video-preview":"max-video-preview:-1"},"canonical":"https:\/\/fireware.nl\/fr\/product\/extrait-dodeur-dincendie\/","og_locale":"fr_FR","og_type":"article","og_title":"Extrait d\u2019odeur d\u2019incendie - FireWare","og_description":"Ajoute l\u2019odeur d\u2019un feu au liquide fumig\u00e8ne FireWare  Convient parfaitement \u00e0 l\u2019usage \u00e0 l\u2019ext\u00e9rieur combin\u00e9 avec du Liquide fumig\u00e8ne Pompiers extr\u00eame  Ne convient pas pour une utilisation dans Cirrus Fluid","og_url":"https:\/\/fireware.nl\/fr\/product\/extrait-dodeur-dincendie\/","og_site_name":"FireWare","article_publisher":"https:\/\/www.facebook.com\/FireWareBV\/","article_modified_time":"2025-07-08T12:33:26+00:00","og_image":[{"width":600,"height":600,"url":"https:\/\/fireware.nl\/wp-content\/uploads\/2019\/04\/Flesje_Schuin_01.jpg","type":"image\/jpeg"}],"twitter_card":"summary_large_image","twitter_site":"@FireWarebv","twitter_misc":{"Dur\u00e9e de lecture estim\u00e9e":"1 minute"},"schema":{"@context":"https:\/\/schema.org","@graph":[{"@type":"WebPage","@id":"https:\/\/fireware.nl\/fr\/product\/extrait-dodeur-dincendie\/","url":"https:\/\/fireware.nl\/fr\/product\/extrait-dodeur-dincendie\/","name":"Extrait d\u2019odeur d\u2019incendie - FireWare","isPartOf":{"@id":"https:\/\/fireware.nl\/fr\/#website"},"primaryImageOfPage":{"@id":"https:\/\/fireware.nl\/fr\/product\/extrait-dodeur-dincendie\/#primaryimage"},"image":{"@id":"https:\/\/fireware.nl\/fr\/product\/extrait-dodeur-dincendie\/#primaryimage"},"thumbnailUrl":"https:\/\/fireware.nl\/wp-content\/uploads\/2019\/04\/Flesje_Schuin_01.jpg","datePublished":"2019-04-15T13:49:45+00:00","dateModified":"2025-07-08T12:33:26+00:00","breadcrumb":{"@id":"https:\/\/fireware.nl\/fr\/product\/extrait-dodeur-dincendie\/#breadcrumb"},"inLanguage":"fr-FR","potentialAction":[{"@type":"ReadAction","target":["https:\/\/fireware.nl\/fr\/product\/extrait-dodeur-dincendie\/"]}]},{"@type":"ImageObject","inLanguage":"fr-FR","@id":"https:\/\/fireware.nl\/fr\/product\/extrait-dodeur-dincendie\/#primaryimage","url":"https:\/\/fireware.nl\/wp-content\/uploads\/2019\/04\/Flesje_Schuin_01.jpg","contentUrl":"https:\/\/fireware.nl\/wp-content\/uploads\/2019\/04\/Flesje_Schuin_01.jpg","width":600,"height":600},{"@type":"BreadcrumbList","@id":"https:\/\/fireware.nl\/fr\/product\/extrait-dodeur-dincendie\/#breadcrumb","itemListElement":[{"@type":"ListItem","position":1,"name":"Home","item":"https:\/\/fireware.nl\/fr\/"},{"@type":"ListItem","position":2,"name":"Produits","item":"https:\/\/fireware.nl\/fr\/produits\/"},{"@type":"ListItem","position":3,"name":"Extrait d\u2019odeur d\u2019incendie"}]},{"@type":"WebSite","@id":"https:\/\/fireware.nl\/fr\/#website","url":"https:\/\/fireware.nl\/fr\/","name":"FireWare","description":"CREATING REALISTIC  TRAINING ENVIRONMENTS","publisher":{"@id":"https:\/\/fireware.nl\/fr\/#organization"},"potentialAction":[{"@type":"SearchAction","target":{"@type":"EntryPoint","urlTemplate":"https:\/\/fireware.nl\/fr\/?s={search_term_string}"},"query-input":{"@type":"PropertyValueSpecification","valueRequired":true,"valueName":"search_term_string"}}],"inLanguage":"fr-FR"},{"@type":"Organization","@id":"https:\/\/fireware.nl\/fr\/#organization","name":"FireWare","url":"https:\/\/fireware.nl\/fr\/","logo":{"@type":"ImageObject","inLanguage":"fr-FR","@id":"https:\/\/fireware.nl\/fr\/#\/schema\/logo\/image\/","url":"https:\/\/fireware.nl\/wp-content\/uploads\/2018\/10\/FireWare-logo.jpg","contentUrl":"https:\/\/fireware.nl\/wp-content\/uploads\/2018\/10\/FireWare-logo.jpg","width":171,"height":70,"caption":"FireWare"},"image":{"@id":"https:\/\/fireware.nl\/fr\/#\/schema\/logo\/image\/"},"sameAs":["https:\/\/www.facebook.com\/FireWareBV\/","https:\/\/x.com\/FireWarebv","https:\/\/www.instagram.com\/fireware_nl\/","https:\/\/www.linkedin.com\/company\/3586017\/","https:\/\/www.youtube.com\/user\/firesalesrentconsult"]}]}},"publishpress_future_workflow_manual_trigger":{"enabledWorkflows":[]},"_links":{"self":[{"href":"https:\/\/fireware.nl\/fr\/wp-json\/wp\/v2\/product\/29494","targetHints":{"allow":["GET"]}}],"collection":[{"href":"https:\/\/fireware.nl\/fr\/wp-json\/wp\/v2\/product"}],"about":[{"href":"https:\/\/fireware.nl\/fr\/wp-json\/wp\/v2\/types\/product"}],"wp:featuredmedia":[{"embeddable":true,"href":"https:\/\/fireware.nl\/fr\/wp-json\/wp\/v2\/media\/29331"}],"wp:attachment":[{"href":"https:\/\/fireware.nl\/fr\/wp-json\/wp\/v2\/media?parent=29494"}],"wp:term":[{"taxonomy":"product_brand","embeddable":true,"href":"https:\/\/fireware.nl\/fr\/wp-json\/wp\/v2\/product_brand?post=29494"},{"taxonomy":"product_cat","embeddable":true,"href":"https:\/\/fireware.nl\/fr\/wp-json\/wp\/v2\/product_cat?post=29494"},{"taxonomy":"product_tag","embeddable":true,"href":"https:\/\/fireware.nl\/fr\/wp-json\/wp\/v2\/product_tag?post=29494"}],"curies":[{"name":"wp","href":"https:\/\/api.w.org\/{rel}","templated":true}]}}