
{"id":35152,"date":"2019-09-04T11:54:58","date_gmt":"2019-09-04T11:54:58","guid":{"rendered":"https:\/\/fireware.nl\/product\/fusion-remote\/"},"modified":"2021-11-09T15:10:41","modified_gmt":"2021-11-09T15:10:41","slug":"fusion-remote","status":"publish","type":"product","link":"https:\/\/fireware.nl\/fr\/product\/fusion-remote\/","title":{"rendered":"[Vente limit\u00e9e au stock] Fusion Remote"},"content":{"rendered":"<h2>Op\u00e9rer le lecteur audio \u00ab\u00a0Fusion\u00a0\u00bb \u00e0 distance<\/h2>\n<p>La t\u00e9l\u00e9commande sans fil \u00ab\u00a0Fusion Remote\u00a0\u00bb est votre partenaire pr\u00e9f\u00e9r\u00e9 pour op\u00e9rer le lecteur \u00ab\u00a0FireWare Fusion\u00a0\u00bb \u00e0 distance. Le lecteur audio \u201cFusion\u201d vous permet de simuler 45 effets sonores r\u00e9alistes pour vos mises-en-sc\u00e8ne. Choisissez vos effets sonores avec la t\u00e9l\u00e9commande sans fil \u201cRemote\u201d et contr\u00f4lez le sc\u00e9nario \u00e0 distance !<\/p>\n<p>La t\u00e9l\u00e9commande Fusion Remote peut \u00eatre facilement connect\u00e9e \u00e0 un lecteur audio Fusion. Les deux appareils communiquent via Bluetooth. D\u00e8s que la t\u00e9l\u00e9commande soit connect\u00e9e au lecteur Fusion, l\u2019accessoire est pr\u00eat \u00e0 l\u2019usage. Changer l\u2019effet sonore \u00e0 volont\u00e9, ajuster le volume et mettre l\u2019effet sonore en pause avant de le relancer.<\/p>\n<p>La port\u00e9e peut s\u2019\u00e9tendre jusqu\u2019\u00e0 10 m\u00e8tres sous des conditions id\u00e9ales. Il n\u2019est pas possible de connecter plusieurs lecteurs audio FireWare Fusion \u00e0 une seule t\u00e9l\u00e9commande.<\/p>\n<h2>Contr\u00f4ler la situation d\u2019entra\u00eenement \u00e0 distance<\/h2>\n<p>Le contr\u00f4le \u00e0 distance du lecteur audio Fusion offre pas mal d\u2019avantages. Par exemple, l\u2019instructeur ne g\u00eanera pas le sc\u00e9nario, parce qu\u2019il op\u00e8re les sons \u00e0 distance. De plus, l\u2019effet inattendu est plus grand en op\u00e9rant les effets sonores \u00e0 distance. Des cries \u00e0 l\u2019aide s\u2019arr\u00eatent une fois la victime trouv\u00e9e et le slow whoop \u00e9nervant peut \u00eatre paus\u00e9 pendant une explication int\u00e9rimaire. Comme \u00e7a, la mise-en-sc\u00e8ne dynamique devient tr\u00e8s simple.<\/p>\n<h2>Acheter la t\u00e9l\u00e9commande Fusion Remote<\/h2>\n<p>Oui, le lecteur audio \u00ab\u00a0FireWare Fusion\u00a0\u00bb peut \u00eatre op\u00e9r\u00e9 \u00e0 partir du lecteur-m\u00eame ou \u00e0 l\u2019aide d\u2019une application Smartphone d\u00e9di\u00e9e. Pourtant, la t\u00e9l\u00e9commande sans fil peut ajouter une valeur dans des diverses situations. Pensez par exemple aux gens qui ne disposent pas d\u2019un Smartphone pendant l\u2019entra\u00eenement. Bien qu\u2019un Smartphone ne puisse pas \u00eatre facilement op\u00e9r\u00e9 avec des gants, la t\u00e9l\u00e9commande \u00ab\u00a0Fusion Remote\u00a0\u00bb ne vous d\u00e9cevra jamais. La t\u00e9l\u00e9commande sans fil \u00ab\u00a0Fusion\u00a0\u00bb vous garantit une op\u00e9ration simple et sans fil \u00e0 distance, n\u2019importe o\u00f9, n\u2019importe quand.<\/p>\n","protected":false},"excerpt":{"rendered":"<ul>\n<li>T\u00e9l\u00e9commande sans fil pour Fusion.<\/li>\n<li>La mise-en-sc\u00e8ne dynamique devient tr\u00e8s simple.<\/li>\n<li>L\u2019instructeur ne g\u00eanera pas le sc\u00e9nario<\/li>\n<li>Communiquent via Bluetooth<\/li>\n<\/ul>\n","protected":false},"featured_media":35266,"template":"","meta":[],"product_brand":[],"product_cat":[95],"product_tag":[],"class_list":{"0":"post-35152","1":"product","2":"type-product","3":"status-publish","4":"has-post-thumbnail","6":"product_cat-son","8":"first","9":"instock","10":"sale","11":"taxable","12":"shipping-taxable","13":"purchasable","14":"product-type-simple"},"yoast_head":"<!-- This site is optimized with the Yoast SEO plugin v27.5 - https:\/\/yoast.com\/product\/yoast-seo-wordpress\/ -->\n<title>[Vente limit\u00e9e au stock] Fusion Remote - FireWare<\/title>\n<meta name=\"robots\" content=\"index, follow, max-snippet:-1, max-image-preview:large, max-video-preview:-1\" \/>\n<link rel=\"canonical\" href=\"https:\/\/fireware.nl\/fr\/product\/fusion-remote\/\" \/>\n<meta property=\"og:locale\" content=\"fr_FR\" \/>\n<meta property=\"og:type\" content=\"article\" \/>\n<meta property=\"og:title\" content=\"[Vente limit\u00e9e au stock] Fusion Remote - FireWare\" \/>\n<meta property=\"og:description\" content=\"T\u00e9l\u00e9commande sans fil pour Fusion.  La mise-en-sc\u00e8ne dynamique devient tr\u00e8s simple.  L\u2019instructeur ne g\u00eanera pas le sc\u00e9nario  Communiquent via Bluetooth\" \/>\n<meta property=\"og:url\" content=\"https:\/\/fireware.nl\/fr\/product\/fusion-remote\/\" \/>\n<meta property=\"og:site_name\" content=\"FireWare\" \/>\n<meta property=\"article:publisher\" content=\"https:\/\/www.facebook.com\/FireWareBV\/\" \/>\n<meta property=\"article:modified_time\" content=\"2021-11-09T15:10:41+00:00\" \/>\n<meta property=\"og:image\" content=\"https:\/\/fireware.nl\/wp-content\/uploads\/2019\/09\/fusion_remote_voorkant-1.jpg\" \/>\n\t<meta property=\"og:image:width\" content=\"600\" \/>\n\t<meta property=\"og:image:height\" content=\"600\" \/>\n\t<meta property=\"og:image:type\" content=\"image\/jpeg\" \/>\n<meta name=\"twitter:card\" content=\"summary_large_image\" \/>\n<meta name=\"twitter:site\" content=\"@FireWarebv\" \/>\n<meta name=\"twitter:label1\" content=\"Dur\u00e9e de lecture estim\u00e9e\" \/>\n\t<meta name=\"twitter:data1\" content=\"2 minutes\" \/>\n<script type=\"application\/ld+json\" class=\"yoast-schema-graph\">{\"@context\":\"https:\\\/\\\/schema.org\",\"@graph\":[{\"@type\":\"WebPage\",\"@id\":\"https:\\\/\\\/fireware.nl\\\/fr\\\/product\\\/fusion-remote\\\/\",\"url\":\"https:\\\/\\\/fireware.nl\\\/fr\\\/product\\\/fusion-remote\\\/\",\"name\":\"[Vente limit\u00e9e au stock] Fusion Remote - FireWare\",\"isPartOf\":{\"@id\":\"https:\\\/\\\/fireware.nl\\\/fr\\\/#website\"},\"primaryImageOfPage\":{\"@id\":\"https:\\\/\\\/fireware.nl\\\/fr\\\/product\\\/fusion-remote\\\/#primaryimage\"},\"image\":{\"@id\":\"https:\\\/\\\/fireware.nl\\\/fr\\\/product\\\/fusion-remote\\\/#primaryimage\"},\"thumbnailUrl\":\"https:\\\/\\\/fireware.nl\\\/wp-content\\\/uploads\\\/2019\\\/09\\\/fusion_remote_voorkant-1.jpg\",\"datePublished\":\"2019-09-04T11:54:58+00:00\",\"dateModified\":\"2021-11-09T15:10:41+00:00\",\"breadcrumb\":{\"@id\":\"https:\\\/\\\/fireware.nl\\\/fr\\\/product\\\/fusion-remote\\\/#breadcrumb\"},\"inLanguage\":\"fr-FR\",\"potentialAction\":[{\"@type\":\"ReadAction\",\"target\":[\"https:\\\/\\\/fireware.nl\\\/fr\\\/product\\\/fusion-remote\\\/\"]}]},{\"@type\":\"ImageObject\",\"inLanguage\":\"fr-FR\",\"@id\":\"https:\\\/\\\/fireware.nl\\\/fr\\\/product\\\/fusion-remote\\\/#primaryimage\",\"url\":\"https:\\\/\\\/fireware.nl\\\/wp-content\\\/uploads\\\/2019\\\/09\\\/fusion_remote_voorkant-1.jpg\",\"contentUrl\":\"https:\\\/\\\/fireware.nl\\\/wp-content\\\/uploads\\\/2019\\\/09\\\/fusion_remote_voorkant-1.jpg\",\"width\":600,\"height\":600},{\"@type\":\"BreadcrumbList\",\"@id\":\"https:\\\/\\\/fireware.nl\\\/fr\\\/product\\\/fusion-remote\\\/#breadcrumb\",\"itemListElement\":[{\"@type\":\"ListItem\",\"position\":1,\"name\":\"Home\",\"item\":\"https:\\\/\\\/fireware.nl\\\/fr\\\/\"},{\"@type\":\"ListItem\",\"position\":2,\"name\":\"Produits\",\"item\":\"https:\\\/\\\/fireware.nl\\\/fr\\\/produits\\\/\"},{\"@type\":\"ListItem\",\"position\":3,\"name\":\"[Vente limit\u00e9e au stock] Fusion Remote\"}]},{\"@type\":\"WebSite\",\"@id\":\"https:\\\/\\\/fireware.nl\\\/fr\\\/#website\",\"url\":\"https:\\\/\\\/fireware.nl\\\/fr\\\/\",\"name\":\"FireWare\",\"description\":\"CREATING REALISTIC  TRAINING ENVIRONMENTS\",\"publisher\":{\"@id\":\"https:\\\/\\\/fireware.nl\\\/fr\\\/#organization\"},\"potentialAction\":[{\"@type\":\"SearchAction\",\"target\":{\"@type\":\"EntryPoint\",\"urlTemplate\":\"https:\\\/\\\/fireware.nl\\\/fr\\\/?s={search_term_string}\"},\"query-input\":{\"@type\":\"PropertyValueSpecification\",\"valueRequired\":true,\"valueName\":\"search_term_string\"}}],\"inLanguage\":\"fr-FR\"},{\"@type\":\"Organization\",\"@id\":\"https:\\\/\\\/fireware.nl\\\/fr\\\/#organization\",\"name\":\"FireWare\",\"url\":\"https:\\\/\\\/fireware.nl\\\/fr\\\/\",\"logo\":{\"@type\":\"ImageObject\",\"inLanguage\":\"fr-FR\",\"@id\":\"https:\\\/\\\/fireware.nl\\\/fr\\\/#\\\/schema\\\/logo\\\/image\\\/\",\"url\":\"https:\\\/\\\/fireware.nl\\\/wp-content\\\/uploads\\\/2018\\\/10\\\/FireWare-logo.jpg\",\"contentUrl\":\"https:\\\/\\\/fireware.nl\\\/wp-content\\\/uploads\\\/2018\\\/10\\\/FireWare-logo.jpg\",\"width\":171,\"height\":70,\"caption\":\"FireWare\"},\"image\":{\"@id\":\"https:\\\/\\\/fireware.nl\\\/fr\\\/#\\\/schema\\\/logo\\\/image\\\/\"},\"sameAs\":[\"https:\\\/\\\/www.facebook.com\\\/FireWareBV\\\/\",\"https:\\\/\\\/x.com\\\/FireWarebv\",\"https:\\\/\\\/www.instagram.com\\\/fireware_nl\\\/\",\"https:\\\/\\\/www.linkedin.com\\\/company\\\/3586017\\\/\",\"https:\\\/\\\/www.youtube.com\\\/user\\\/firesalesrentconsult\"]}]}<\/script>\n<!-- \/ Yoast SEO plugin. -->","yoast_head_json":{"title":"[Vente limit\u00e9e au stock] Fusion Remote - FireWare","robots":{"index":"index","follow":"follow","max-snippet":"max-snippet:-1","max-image-preview":"max-image-preview:large","max-video-preview":"max-video-preview:-1"},"canonical":"https:\/\/fireware.nl\/fr\/product\/fusion-remote\/","og_locale":"fr_FR","og_type":"article","og_title":"[Vente limit\u00e9e au stock] Fusion Remote - FireWare","og_description":"T\u00e9l\u00e9commande sans fil pour Fusion.  La mise-en-sc\u00e8ne dynamique devient tr\u00e8s simple.  L\u2019instructeur ne g\u00eanera pas le sc\u00e9nario  Communiquent via Bluetooth","og_url":"https:\/\/fireware.nl\/fr\/product\/fusion-remote\/","og_site_name":"FireWare","article_publisher":"https:\/\/www.facebook.com\/FireWareBV\/","article_modified_time":"2021-11-09T15:10:41+00:00","og_image":[{"width":600,"height":600,"url":"https:\/\/fireware.nl\/wp-content\/uploads\/2019\/09\/fusion_remote_voorkant-1.jpg","type":"image\/jpeg"}],"twitter_card":"summary_large_image","twitter_site":"@FireWarebv","twitter_misc":{"Dur\u00e9e de lecture estim\u00e9e":"2 minutes"},"schema":{"@context":"https:\/\/schema.org","@graph":[{"@type":"WebPage","@id":"https:\/\/fireware.nl\/fr\/product\/fusion-remote\/","url":"https:\/\/fireware.nl\/fr\/product\/fusion-remote\/","name":"[Vente limit\u00e9e au stock] Fusion Remote - FireWare","isPartOf":{"@id":"https:\/\/fireware.nl\/fr\/#website"},"primaryImageOfPage":{"@id":"https:\/\/fireware.nl\/fr\/product\/fusion-remote\/#primaryimage"},"image":{"@id":"https:\/\/fireware.nl\/fr\/product\/fusion-remote\/#primaryimage"},"thumbnailUrl":"https:\/\/fireware.nl\/wp-content\/uploads\/2019\/09\/fusion_remote_voorkant-1.jpg","datePublished":"2019-09-04T11:54:58+00:00","dateModified":"2021-11-09T15:10:41+00:00","breadcrumb":{"@id":"https:\/\/fireware.nl\/fr\/product\/fusion-remote\/#breadcrumb"},"inLanguage":"fr-FR","potentialAction":[{"@type":"ReadAction","target":["https:\/\/fireware.nl\/fr\/product\/fusion-remote\/"]}]},{"@type":"ImageObject","inLanguage":"fr-FR","@id":"https:\/\/fireware.nl\/fr\/product\/fusion-remote\/#primaryimage","url":"https:\/\/fireware.nl\/wp-content\/uploads\/2019\/09\/fusion_remote_voorkant-1.jpg","contentUrl":"https:\/\/fireware.nl\/wp-content\/uploads\/2019\/09\/fusion_remote_voorkant-1.jpg","width":600,"height":600},{"@type":"BreadcrumbList","@id":"https:\/\/fireware.nl\/fr\/product\/fusion-remote\/#breadcrumb","itemListElement":[{"@type":"ListItem","position":1,"name":"Home","item":"https:\/\/fireware.nl\/fr\/"},{"@type":"ListItem","position":2,"name":"Produits","item":"https:\/\/fireware.nl\/fr\/produits\/"},{"@type":"ListItem","position":3,"name":"[Vente limit\u00e9e au stock] Fusion Remote"}]},{"@type":"WebSite","@id":"https:\/\/fireware.nl\/fr\/#website","url":"https:\/\/fireware.nl\/fr\/","name":"FireWare","description":"CREATING REALISTIC  TRAINING ENVIRONMENTS","publisher":{"@id":"https:\/\/fireware.nl\/fr\/#organization"},"potentialAction":[{"@type":"SearchAction","target":{"@type":"EntryPoint","urlTemplate":"https:\/\/fireware.nl\/fr\/?s={search_term_string}"},"query-input":{"@type":"PropertyValueSpecification","valueRequired":true,"valueName":"search_term_string"}}],"inLanguage":"fr-FR"},{"@type":"Organization","@id":"https:\/\/fireware.nl\/fr\/#organization","name":"FireWare","url":"https:\/\/fireware.nl\/fr\/","logo":{"@type":"ImageObject","inLanguage":"fr-FR","@id":"https:\/\/fireware.nl\/fr\/#\/schema\/logo\/image\/","url":"https:\/\/fireware.nl\/wp-content\/uploads\/2018\/10\/FireWare-logo.jpg","contentUrl":"https:\/\/fireware.nl\/wp-content\/uploads\/2018\/10\/FireWare-logo.jpg","width":171,"height":70,"caption":"FireWare"},"image":{"@id":"https:\/\/fireware.nl\/fr\/#\/schema\/logo\/image\/"},"sameAs":["https:\/\/www.facebook.com\/FireWareBV\/","https:\/\/x.com\/FireWarebv","https:\/\/www.instagram.com\/fireware_nl\/","https:\/\/www.linkedin.com\/company\/3586017\/","https:\/\/www.youtube.com\/user\/firesalesrentconsult"]}]}},"publishpress_future_workflow_manual_trigger":{"enabledWorkflows":[]},"_links":{"self":[{"href":"https:\/\/fireware.nl\/fr\/wp-json\/wp\/v2\/product\/35152","targetHints":{"allow":["GET"]}}],"collection":[{"href":"https:\/\/fireware.nl\/fr\/wp-json\/wp\/v2\/product"}],"about":[{"href":"https:\/\/fireware.nl\/fr\/wp-json\/wp\/v2\/types\/product"}],"wp:featuredmedia":[{"embeddable":true,"href":"https:\/\/fireware.nl\/fr\/wp-json\/wp\/v2\/media\/35266"}],"wp:attachment":[{"href":"https:\/\/fireware.nl\/fr\/wp-json\/wp\/v2\/media?parent=35152"}],"wp:term":[{"taxonomy":"product_brand","embeddable":true,"href":"https:\/\/fireware.nl\/fr\/wp-json\/wp\/v2\/product_brand?post=35152"},{"taxonomy":"product_cat","embeddable":true,"href":"https:\/\/fireware.nl\/fr\/wp-json\/wp\/v2\/product_cat?post=35152"},{"taxonomy":"product_tag","embeddable":true,"href":"https:\/\/fireware.nl\/fr\/wp-json\/wp\/v2\/product_tag?post=35152"}],"curies":[{"name":"wp","href":"https:\/\/api.w.org\/{rel}","templated":true}]}}