
{"id":36762,"date":"2019-10-18T11:37:31","date_gmt":"2019-10-18T11:37:31","guid":{"rendered":"https:\/\/fireware.nl\/product\/fireware-incident-server\/"},"modified":"2025-03-06T13:47:14","modified_gmt":"2025-03-06T13:47:14","slug":"incident-server","status":"publish","type":"product","link":"https:\/\/fireware.nl\/fr\/product\/incident-server\/","title":{"rendered":"Incident Server"},"content":{"rendered":"\r\n<p>Imaginez-vous de pouvoir mettre en sc\u00e8ne un incident et d\u2019op\u00e9rer tous les moyens de simulation \u00e0 partir d\u2019une seule t\u00e9l\u00e9commande. Imaginez-vous de pouvoir vous consacrer enti\u00e8rement \u00e0 l\u2019observation des actions des stagiaires au cours d\u2019un sc\u00e9nario complexe que vous avez programm\u00e9 vous-m\u00eame. Le FireWare Incident Server le permet !<\/p>\r\n<h2>Que fait l\u2019Incident Server?<\/h2>\r\n<p>L\u2019Incident Server assure que l\u2019instructeur puisse manier tous les param\u00e8tres d\u2019une mise-en-sc\u00e8ne \u00e0 partir d\u2019une tablette sans fil. Il faut par exemple penser aux <a href=\"https:\/\/fireware.nl\/fr\/categorie-produit\/son\/\">effets sonores<\/a>, <a href=\"https:\/\/fireware.nl\/fr\/categorie-produit\/feu-simule\/\">les simulations de flammes<\/a> et les <a href=\"https:\/\/fireware.nl\/fr\/categorie-produit\/feu-simule\/\">g\u00e9n\u00e9rateurs de fum\u00e9e<\/a> qui tous ensembles cr\u00e9ent un sc\u00e9nario r\u00e9aliste. L\u2019instructeur peut alors observer l\u2019entra\u00eenement \u00e0 distance gr\u00e2ce \u00e0 une webcam int\u00e9gr\u00e9e.<\/p>\r\n<p>A l\u2019aide des ports additionnels de l\u2019Incident Server, il est possible de contr\u00f4ler encore plus d\u2019effets et de lire les d\u00e9tecteurs. L\u2019Incident Server est \u00e9galement \u00e9quip\u00e9 d\u2019un d\u00e9tecteur \u00e9lectronique de gaz, d\u2019un d\u00e9fibrillateur \u00e9lectronique et m\u00eame d\u2019un centre d\u2019alerte \u00e9lectronique simul\u00e9. Bref, tout pour rendre votre entra\u00eenement r\u00e9aliste, dynamique et interactif !<\/p>\r\n<h2>Comment marche l\u2019Incident Server?<\/h2>\r\n<p>L\u2019Incident Server doit \u00eatre branch\u00e9 sur le courant \u00e9lectrique. Il est facile d\u2019y connecter divers mat\u00e9riels d\u2019entra\u00eenement, comme les Silkflames, des haut-parleurs ou des g\u00e9n\u00e9rateurs de fum\u00e9e. En g\u00e9n\u00e9ral, il n\u2019y a pas besoin d\u2019acheter des nouveaux mat\u00e9riels puisque les mat\u00e9riels d\u2019entra\u00eenement dont vous disposez d\u00e9j\u00e0 suffisent !<\/p>\r\n<p>L\u2019Incident Server offre \u00e0 l\u2019instructeur une interface Wi-Fi autonome sur laquelle il peut se connecter, sans besoin d\u2019un logiciel compliqu\u00e9. Le syst\u00e8me peut \u00eatre op\u00e9r\u00e9 par plusieurs personnes en m\u00eame temps. Chaque observateur peut se connecter au syst\u00e8me pour effectuer sa propre t\u00e2che. Le modem 4G int\u00e9gr\u00e9 permet \u00e9galement le service et support \u00e0 distance.<\/p>\r\n<h2>Programmer vos propres incidents<\/h2>\r\n<p>Les entra\u00eenements interactifs sont toujours les meilleurs. Chaque action d\u2019un stagiaire entra\u00eene des cons\u00e9quences, positives ou n\u00e9gatives. C\u2019est un syst\u00e8me assez demandant quant au maniement du mat\u00e9riel par l\u2019instructeur. Il y a beaucoup de choses qui doivent s\u2019effectuer en m\u00eame temps ! La victime arr\u00eate de pleurer d\u00e8s qu\u2019elle est trouv\u00e9e. Ou bien un sc\u00e9nario d\u2019extinction. Il faut vite activer le g\u00e9n\u00e9rateur de fum\u00e9e pour simuler de la vapeur et ensuite diminuer les couches de fum\u00e9e, baisser le bruit du feu et la simulation des flammes et \u00e9ventuellement m\u00eame mettre en sc\u00e8ne un effondrement. Ne serait-il pas magnifique de pouvoir combiner toutes ces actions en un seul clic ? C\u2019est exactement \u00e7a que l\u2019Incident Server vous offre !<\/p>\r\n<h2>Exp\u00e9rience d\u2019apprentissage optimale pour le stagiaire<\/h2>\r\n<p>Il convient bien \u00e0 l\u2019instructeur de disposer de tous les \u00e9l\u00e9ments pour \u00e9valuer une mise-en-sc\u00e8ne complexe. L\u2019Incident Server l\u2019offre par l\u2019op\u00e9ration centrale et distante des mat\u00e9riels d\u2019entra\u00eenement. L\u2019op\u00e9ration-m\u00eame demande moins d\u2019attention et ceci permet de cr\u00e9er une mise-en-sc\u00e8ne dynamique, r\u00e9aliste et structur\u00e9e offrant un r\u00e9sultat d\u2019apprentissage optimal au stagiaire, tout en permettant \u00e0 l\u2019instructeur de se consacrer \u00e0 sa t\u00e2che primaire : enseigner !<\/p>\r\n<h2>Le serveur d&#8217;incident est-il fait pour vous ?<\/h2>\r\n<p>Le serveur d&#8217;incident cr\u00e9e un r\u00e9seau WiFi sans fil, permettant \u00e0 l&#8217;instructeur de contr\u00f4ler \u00e0 distance les outils de simulation tels que les g\u00e9n\u00e9rateurs de fum\u00e9e, les simulations de flammes et les effets sonores via une tablette. Cela permet une observation en temps r\u00e9el de l&#8217;exercice. Avec des connexions suppl\u00e9mentaires et des simulateurs num\u00e9riques int\u00e9gr\u00e9s, le serveur d&#8217;incident garantit une simulation dynamique, interactive et r\u00e9aliste pour un apprentissage optimal. Besoin de plus de connexions pour un sc\u00e9nario complexe ?<\/p>\r\n<p>\u00c9tendez facilement votre syst\u00e8me avec le FireWare Incident Client, qui augmente la capacit\u00e9 et renforce le r\u00e9seau pour encore plus de flexibilit\u00e9 et d&#8217;\u00e9volutivit\u00e9. <strong><a href=\"https:\/\/fireware.nl\/fr\/contact\/\" target=\"_blank\" rel=\"noopener\">Contactez-nous pour un devis personnalis\u00e9 ou planifiez une visite en showroom<\/a>, afin de d\u00e9couvrir en direct le serveur d&#8217;incident (et le <a href=\"https:\/\/fireware.nl\/fr\/product\/incident-client\/\" target=\"_blank\" rel=\"noopener\">Incident Client<\/a>) !<\/strong><\/p>\r\n<h3>Raccords :<\/h3>\r\n<ul>\r\n<li>1x sortie pour g\u00e9n\u00e9rateur de fum\u00e9e, 0-10V<\/li>\r\n<li>1x commutateur g\u00e9n\u00e9rateur de fum\u00e9e marche\/arr\u00eat<\/li>\r\n<li>4x sortie universelle<\/li>\r\n<li>4x d\u00e9tecteur entr\u00e9e universelle<\/li>\r\n<li>1x alimentation \u00e9lectrique 230V g\u00e9n\u00e9rateur de fum\u00e9e<\/li>\r\n<li>1x simulation de flammes 230V<\/li>\r\n<li>1x extension simulation de flammes 230V<\/li>\r\n<li>1x effet additionnel 230V<\/li>\r\n<li>1x sortie haut-parleur<\/li>\r\n<li>1x webcam<\/li>\r\n<li>1x raccord r\u00e9seau aux fins de modules d\u2019extension<\/li>\r\n<li>1x alimentation \u00e9lectrique<\/li>\r\n<\/ul>\r\n<h3>Simulateurs num\u00e9rique int\u00e9gr\u00e9s :<\/h3>\r\n<ul>\r\n<li>D\u00e9tecteur de gaz LEL \/ CO \/ H2S \/ O2<\/li>\r\n<li>DEA automatique \/ semi automatique \/ pile morte \/ enfant \/ adulte<\/li>\r\n<li>Syst\u00e8me de d\u00e9tection et d\u2019alarme incendie d\u2019entra\u00eenement<\/li>\r\n<\/ul>\r\n<h3>Regardez la vid\u00e9o<\/h3>\r\n<p><iframe loading=\"lazy\" src=\"https:\/\/player.vimeo.com\/video\/348582347\" width=\"640\" height=\"360\" frameborder=\"0\" allowfullscreen=\"allowfullscreen\"><\/iframe><\/p>\r\n","protected":false},"excerpt":{"rendered":"<ul>\n<li style=\"list-style-type: none;\">\n<ul>\n<li>Contr\u00f4le central sans fil de sc\u00e9narios (pr\u00e9programm\u00e9s) compl\u00e8tes.<\/li>\n<li>Des entra\u00eenements dynamiques et interactives \u00e0 distance par une seule touche du bouton.<\/li>\n<li>Raccordez vos mat\u00e9riels de simulation, les appareils audio et les simulateurs de flamme sans effort.<\/li>\n<li>Le jugement du stagiaire m\u00e9rite votre enti\u00e8re attention pour permettre une exp\u00e9rience d\u2019apprentissage optimale.<\/li>\n<li>Peut \u00eatre mani\u00e9 simultan\u00e9ment par plusieurs observateurs.<\/li>\n<li>Pas besoin d\u2019un logiciel compliqu\u00e9.<\/li>\n<li>Pour plus de scenarios il y a l\u2019extension de l\u2019<a href=\"https:\/\/fireware.nl\/fr\/produit\/fireware-incident-client\/\">Incident Client<\/a>.<\/li>\n<li><strong>La personnalisation comme ligne directrice : <a href=\"https:\/\/fireware.nl\/fr\/contact\/\" target=\"_blank\" rel=\"noopener\">Demandez un devis ou planifiez une visite en showroom<\/a> pour voir l&#8217;Incident Server en direct<\/strong><\/li>\n<\/ul>\n<\/li>\n<\/ul>\n","protected":false},"featured_media":36359,"template":"","meta":[],"product_brand":[],"product_cat":[2171],"product_tag":[],"class_list":{"0":"post-36762","1":"product","2":"type-product","3":"status-publish","4":"has-post-thumbnail","6":"product_cat-experiences-de-formation-interactives","7":"pa_afmeting-60-x-40-x-23-cm-fr","9":"first","10":"instock","11":"taxable","12":"shipping-taxable","13":"product-type-simple"},"yoast_head":"<!-- This site is optimized with the Yoast SEO plugin v27.5 - https:\/\/yoast.com\/product\/yoast-seo-wordpress\/ -->\n<title>Incident Server - FireWare<\/title>\n<meta name=\"robots\" content=\"index, follow, max-snippet:-1, max-image-preview:large, max-video-preview:-1\" \/>\n<link rel=\"canonical\" href=\"https:\/\/fireware.nl\/fr\/product\/incident-server\/\" \/>\n<meta property=\"og:locale\" content=\"fr_FR\" \/>\n<meta property=\"og:type\" content=\"article\" \/>\n<meta property=\"og:title\" content=\"Incident Server - FireWare\" \/>\n<meta property=\"og:description\" content=\"Contr\u00f4le central sans fil de sc\u00e9narios (pr\u00e9programm\u00e9s) compl\u00e8tes. Des entra\u00eenements dynamiques et interactives \u00e0 distance par une seule touche du bouton. Raccordez vos mat\u00e9riels de simulation, les appareils audio et les simulateurs de flamme sans effort. Le jugement du stagiaire m\u00e9rite votre enti\u00e8re attention pour permettre une exp\u00e9rience d\u2019apprentissage optimale. Peut \u00eatre mani\u00e9 simultan\u00e9ment par plusieurs observateurs. Pas besoin d\u2019un logiciel compliqu\u00e9. Pour plus de scenarios il y a l\u2019extension de l\u2019Incident Client. La personnalisation comme ligne directrice : Demandez un devis ou planifiez une visite en showroom pour voir l&#039;Incident Server en direct\" \/>\n<meta property=\"og:url\" content=\"https:\/\/fireware.nl\/fr\/product\/incident-server\/\" \/>\n<meta property=\"og:site_name\" content=\"FireWare\" \/>\n<meta property=\"article:publisher\" content=\"https:\/\/www.facebook.com\/FireWareBV\/\" \/>\n<meta property=\"article:modified_time\" content=\"2025-03-06T13:47:14+00:00\" \/>\n<meta property=\"og:image\" content=\"https:\/\/fireware.nl\/wp-content\/uploads\/2019\/10\/Incident-Server.jpg\" \/>\n\t<meta property=\"og:image:width\" content=\"600\" \/>\n\t<meta property=\"og:image:height\" content=\"600\" \/>\n\t<meta property=\"og:image:type\" content=\"image\/jpeg\" \/>\n<meta name=\"twitter:card\" content=\"summary_large_image\" \/>\n<meta name=\"twitter:site\" content=\"@FireWarebv\" \/>\n<meta name=\"twitter:label1\" content=\"Dur\u00e9e de lecture estim\u00e9e\" \/>\n\t<meta name=\"twitter:data1\" content=\"4 minutes\" \/>\n<script type=\"application\/ld+json\" class=\"yoast-schema-graph\">{\"@context\":\"https:\\\/\\\/schema.org\",\"@graph\":[{\"@type\":\"WebPage\",\"@id\":\"https:\\\/\\\/fireware.nl\\\/fr\\\/product\\\/incident-server\\\/\",\"url\":\"https:\\\/\\\/fireware.nl\\\/fr\\\/product\\\/incident-server\\\/\",\"name\":\"Incident Server - FireWare\",\"isPartOf\":{\"@id\":\"https:\\\/\\\/fireware.nl\\\/fr\\\/#website\"},\"primaryImageOfPage\":{\"@id\":\"https:\\\/\\\/fireware.nl\\\/fr\\\/product\\\/incident-server\\\/#primaryimage\"},\"image\":{\"@id\":\"https:\\\/\\\/fireware.nl\\\/fr\\\/product\\\/incident-server\\\/#primaryimage\"},\"thumbnailUrl\":\"https:\\\/\\\/fireware.nl\\\/wp-content\\\/uploads\\\/2019\\\/10\\\/Incident-Server.jpg\",\"datePublished\":\"2019-10-18T11:37:31+00:00\",\"dateModified\":\"2025-03-06T13:47:14+00:00\",\"breadcrumb\":{\"@id\":\"https:\\\/\\\/fireware.nl\\\/fr\\\/product\\\/incident-server\\\/#breadcrumb\"},\"inLanguage\":\"fr-FR\",\"potentialAction\":[{\"@type\":\"ReadAction\",\"target\":[\"https:\\\/\\\/fireware.nl\\\/fr\\\/product\\\/incident-server\\\/\"]}]},{\"@type\":\"ImageObject\",\"inLanguage\":\"fr-FR\",\"@id\":\"https:\\\/\\\/fireware.nl\\\/fr\\\/product\\\/incident-server\\\/#primaryimage\",\"url\":\"https:\\\/\\\/fireware.nl\\\/wp-content\\\/uploads\\\/2019\\\/10\\\/Incident-Server.jpg\",\"contentUrl\":\"https:\\\/\\\/fireware.nl\\\/wp-content\\\/uploads\\\/2019\\\/10\\\/Incident-Server.jpg\",\"width\":600,\"height\":600},{\"@type\":\"BreadcrumbList\",\"@id\":\"https:\\\/\\\/fireware.nl\\\/fr\\\/product\\\/incident-server\\\/#breadcrumb\",\"itemListElement\":[{\"@type\":\"ListItem\",\"position\":1,\"name\":\"Home\",\"item\":\"https:\\\/\\\/fireware.nl\\\/fr\\\/\"},{\"@type\":\"ListItem\",\"position\":2,\"name\":\"Produits\",\"item\":\"https:\\\/\\\/fireware.nl\\\/fr\\\/produits\\\/\"},{\"@type\":\"ListItem\",\"position\":3,\"name\":\"Incident Server\"}]},{\"@type\":\"WebSite\",\"@id\":\"https:\\\/\\\/fireware.nl\\\/fr\\\/#website\",\"url\":\"https:\\\/\\\/fireware.nl\\\/fr\\\/\",\"name\":\"FireWare\",\"description\":\"CREATING REALISTIC  TRAINING ENVIRONMENTS\",\"publisher\":{\"@id\":\"https:\\\/\\\/fireware.nl\\\/fr\\\/#organization\"},\"potentialAction\":[{\"@type\":\"SearchAction\",\"target\":{\"@type\":\"EntryPoint\",\"urlTemplate\":\"https:\\\/\\\/fireware.nl\\\/fr\\\/?s={search_term_string}\"},\"query-input\":{\"@type\":\"PropertyValueSpecification\",\"valueRequired\":true,\"valueName\":\"search_term_string\"}}],\"inLanguage\":\"fr-FR\"},{\"@type\":\"Organization\",\"@id\":\"https:\\\/\\\/fireware.nl\\\/fr\\\/#organization\",\"name\":\"FireWare\",\"url\":\"https:\\\/\\\/fireware.nl\\\/fr\\\/\",\"logo\":{\"@type\":\"ImageObject\",\"inLanguage\":\"fr-FR\",\"@id\":\"https:\\\/\\\/fireware.nl\\\/fr\\\/#\\\/schema\\\/logo\\\/image\\\/\",\"url\":\"https:\\\/\\\/fireware.nl\\\/wp-content\\\/uploads\\\/2018\\\/10\\\/FireWare-logo.jpg\",\"contentUrl\":\"https:\\\/\\\/fireware.nl\\\/wp-content\\\/uploads\\\/2018\\\/10\\\/FireWare-logo.jpg\",\"width\":171,\"height\":70,\"caption\":\"FireWare\"},\"image\":{\"@id\":\"https:\\\/\\\/fireware.nl\\\/fr\\\/#\\\/schema\\\/logo\\\/image\\\/\"},\"sameAs\":[\"https:\\\/\\\/www.facebook.com\\\/FireWareBV\\\/\",\"https:\\\/\\\/x.com\\\/FireWarebv\",\"https:\\\/\\\/www.instagram.com\\\/fireware_nl\\\/\",\"https:\\\/\\\/www.linkedin.com\\\/company\\\/3586017\\\/\",\"https:\\\/\\\/www.youtube.com\\\/user\\\/firesalesrentconsult\"]}]}<\/script>\n<!-- \/ Yoast SEO plugin. -->","yoast_head_json":{"title":"Incident Server - FireWare","robots":{"index":"index","follow":"follow","max-snippet":"max-snippet:-1","max-image-preview":"max-image-preview:large","max-video-preview":"max-video-preview:-1"},"canonical":"https:\/\/fireware.nl\/fr\/product\/incident-server\/","og_locale":"fr_FR","og_type":"article","og_title":"Incident Server - FireWare","og_description":"Contr\u00f4le central sans fil de sc\u00e9narios (pr\u00e9programm\u00e9s) compl\u00e8tes. Des entra\u00eenements dynamiques et interactives \u00e0 distance par une seule touche du bouton. Raccordez vos mat\u00e9riels de simulation, les appareils audio et les simulateurs de flamme sans effort. Le jugement du stagiaire m\u00e9rite votre enti\u00e8re attention pour permettre une exp\u00e9rience d\u2019apprentissage optimale. Peut \u00eatre mani\u00e9 simultan\u00e9ment par plusieurs observateurs. Pas besoin d\u2019un logiciel compliqu\u00e9. Pour plus de scenarios il y a l\u2019extension de l\u2019Incident Client. La personnalisation comme ligne directrice : Demandez un devis ou planifiez une visite en showroom pour voir l'Incident Server en direct","og_url":"https:\/\/fireware.nl\/fr\/product\/incident-server\/","og_site_name":"FireWare","article_publisher":"https:\/\/www.facebook.com\/FireWareBV\/","article_modified_time":"2025-03-06T13:47:14+00:00","og_image":[{"width":600,"height":600,"url":"https:\/\/fireware.nl\/wp-content\/uploads\/2019\/10\/Incident-Server.jpg","type":"image\/jpeg"}],"twitter_card":"summary_large_image","twitter_site":"@FireWarebv","twitter_misc":{"Dur\u00e9e de lecture estim\u00e9e":"4 minutes"},"schema":{"@context":"https:\/\/schema.org","@graph":[{"@type":"WebPage","@id":"https:\/\/fireware.nl\/fr\/product\/incident-server\/","url":"https:\/\/fireware.nl\/fr\/product\/incident-server\/","name":"Incident Server - FireWare","isPartOf":{"@id":"https:\/\/fireware.nl\/fr\/#website"},"primaryImageOfPage":{"@id":"https:\/\/fireware.nl\/fr\/product\/incident-server\/#primaryimage"},"image":{"@id":"https:\/\/fireware.nl\/fr\/product\/incident-server\/#primaryimage"},"thumbnailUrl":"https:\/\/fireware.nl\/wp-content\/uploads\/2019\/10\/Incident-Server.jpg","datePublished":"2019-10-18T11:37:31+00:00","dateModified":"2025-03-06T13:47:14+00:00","breadcrumb":{"@id":"https:\/\/fireware.nl\/fr\/product\/incident-server\/#breadcrumb"},"inLanguage":"fr-FR","potentialAction":[{"@type":"ReadAction","target":["https:\/\/fireware.nl\/fr\/product\/incident-server\/"]}]},{"@type":"ImageObject","inLanguage":"fr-FR","@id":"https:\/\/fireware.nl\/fr\/product\/incident-server\/#primaryimage","url":"https:\/\/fireware.nl\/wp-content\/uploads\/2019\/10\/Incident-Server.jpg","contentUrl":"https:\/\/fireware.nl\/wp-content\/uploads\/2019\/10\/Incident-Server.jpg","width":600,"height":600},{"@type":"BreadcrumbList","@id":"https:\/\/fireware.nl\/fr\/product\/incident-server\/#breadcrumb","itemListElement":[{"@type":"ListItem","position":1,"name":"Home","item":"https:\/\/fireware.nl\/fr\/"},{"@type":"ListItem","position":2,"name":"Produits","item":"https:\/\/fireware.nl\/fr\/produits\/"},{"@type":"ListItem","position":3,"name":"Incident Server"}]},{"@type":"WebSite","@id":"https:\/\/fireware.nl\/fr\/#website","url":"https:\/\/fireware.nl\/fr\/","name":"FireWare","description":"CREATING REALISTIC  TRAINING ENVIRONMENTS","publisher":{"@id":"https:\/\/fireware.nl\/fr\/#organization"},"potentialAction":[{"@type":"SearchAction","target":{"@type":"EntryPoint","urlTemplate":"https:\/\/fireware.nl\/fr\/?s={search_term_string}"},"query-input":{"@type":"PropertyValueSpecification","valueRequired":true,"valueName":"search_term_string"}}],"inLanguage":"fr-FR"},{"@type":"Organization","@id":"https:\/\/fireware.nl\/fr\/#organization","name":"FireWare","url":"https:\/\/fireware.nl\/fr\/","logo":{"@type":"ImageObject","inLanguage":"fr-FR","@id":"https:\/\/fireware.nl\/fr\/#\/schema\/logo\/image\/","url":"https:\/\/fireware.nl\/wp-content\/uploads\/2018\/10\/FireWare-logo.jpg","contentUrl":"https:\/\/fireware.nl\/wp-content\/uploads\/2018\/10\/FireWare-logo.jpg","width":171,"height":70,"caption":"FireWare"},"image":{"@id":"https:\/\/fireware.nl\/fr\/#\/schema\/logo\/image\/"},"sameAs":["https:\/\/www.facebook.com\/FireWareBV\/","https:\/\/x.com\/FireWarebv","https:\/\/www.instagram.com\/fireware_nl\/","https:\/\/www.linkedin.com\/company\/3586017\/","https:\/\/www.youtube.com\/user\/firesalesrentconsult"]}]}},"publishpress_future_workflow_manual_trigger":{"enabledWorkflows":[]},"_links":{"self":[{"href":"https:\/\/fireware.nl\/fr\/wp-json\/wp\/v2\/product\/36762","targetHints":{"allow":["GET"]}}],"collection":[{"href":"https:\/\/fireware.nl\/fr\/wp-json\/wp\/v2\/product"}],"about":[{"href":"https:\/\/fireware.nl\/fr\/wp-json\/wp\/v2\/types\/product"}],"wp:featuredmedia":[{"embeddable":true,"href":"https:\/\/fireware.nl\/fr\/wp-json\/wp\/v2\/media\/36359"}],"wp:attachment":[{"href":"https:\/\/fireware.nl\/fr\/wp-json\/wp\/v2\/media?parent=36762"}],"wp:term":[{"taxonomy":"product_brand","embeddable":true,"href":"https:\/\/fireware.nl\/fr\/wp-json\/wp\/v2\/product_brand?post=36762"},{"taxonomy":"product_cat","embeddable":true,"href":"https:\/\/fireware.nl\/fr\/wp-json\/wp\/v2\/product_cat?post=36762"},{"taxonomy":"product_tag","embeddable":true,"href":"https:\/\/fireware.nl\/fr\/wp-json\/wp\/v2\/product_tag?post=36762"}],"curies":[{"name":"wp","href":"https:\/\/api.w.org\/{rel}","templated":true}]}}