
{"id":36763,"date":"2019-10-18T11:57:41","date_gmt":"2019-10-18T11:57:41","guid":{"rendered":"https:\/\/fireware.nl\/product\/fireware-incident-client\/"},"modified":"2025-03-06T12:38:13","modified_gmt":"2025-03-06T12:38:13","slug":"incident-client","status":"publish","type":"product","link":"https:\/\/fireware.nl\/fr\/product\/incident-client\/","title":{"rendered":"Incident Client"},"content":{"rendered":"\r\n<p>Ils vous\u00a0 manquent des raccords sur le <a href=\"https:\/\/fireware.nl\/fr\/produit\/fireware-incident-server\/\">FireWare Incident Server<\/a>, ou bien vous pr\u00e9f\u00e9rez un scenario plus difficile ? Ajoutez des possibilit\u00e9s par voie du FireWare Incident Client!<\/p>\r\n<h2>Que fait un Incident Client?<\/h2>\r\n<p>L\u2019 <a href=\"https:\/\/fireware.nl\/fr\/produit\/fireware-incident-server\/\">Incident Server<\/a> manque des raccords pour pouvoir mettre en sc\u00e8ne des incidents plus \u00e9labor\u00e9s et plus complexes. Heureusement, l\u2019 Incident Client permet d\u2019\u00e9laborer votre incident pratiquement infiniment. Placez votre Incident Server pr\u00e8s du foyer et mettez un Incident Client pr\u00e8s de chaque extension d\u2019incendie pour une mise-en-sc\u00e8ne \u00e9volutif et adaptable !<\/p>\r\n<h2>Comment \u00e7a marche, un Incident Client?<\/h2>\r\n<p>L\u2019Incident Server est le chef d\u2019orchestre tandis que les Incident Clients sont les membres. Les Incident Clients sont l\u2019accessoire parfait. L\u2019Incident Client se connecte sur le r\u00e9seau Wi-Fi de l\u2019Incident Server, et tout en faisant cela, il rend ce r\u00e9seau plus puissant et l\u2019\u00e9labore en m\u00eame temps. Les deux appareils ensemble forment une sorte de r\u00e9seau de maill\u00e9. Et en ajoutant encore des Incident Clients, la cha\u00eene ne fera que se renforcer. Ainsi, l\u2019installation peut \u00eatre \u00e9labor\u00e9e \u00e9tape par \u00e9tape.<\/p>\r\n<h2>Raccorder des mat\u00e9riels de mise-en-sc\u00e8ne \u00e0 l\u2019Incident Client<\/h2>\r\n<p>L\u2019Incident Client, tout comme l\u2019 Incident Server, permet d\u2019y raccorder une grande diversit\u00e9 de mat\u00e9riels d\u2019entra\u00eenement. Pensez par exemple \u00e0 des g\u00e9n\u00e9rateurs de fum\u00e9e, mais aussi \u00e0 des Silkflames comme le <a href=\"https:\/\/fireware.nl\/fr\/produit\/phoenix\/\">Phoenix<\/a> ou le <a href=\"https:\/\/fireware.nl\/fr\/produit\/mini-silkflame\/\">Mini Silkflame<\/a>. Les <a href=\"https:\/\/fireware.nl\/fr\/produit\/fireware-firespot\/\">spots rouges<\/a> incandescents se laissent raccorder \u00e9galement sans effort, et en ajoutant des effets audio, le scenario est compl\u00e9t\u00e9.<\/p>\r\n<p>Les options de raccordement d\u2019un Incident Client sont les m\u00eames que celles d\u2019un Incident Server. En outre, l\u2019 Incident Client est \u00e9quip\u00e9 d\u2019un webcam, alors par chaque Incident Client ajout\u00e9, l\u2019instructeur b\u00e9n\u00e9fice d\u2019un webcam de plus pour l\u2019observation !<\/p>\r\n<h2>Programmez vos incidents<\/h2>\r\n<p>Les effets sp\u00e9ciaux des mat\u00e9riels de mise-en-sc\u00e8ne li\u00e9s \u00e0 un Incident Client peuvent \u00eatre programm\u00e9s dans les sc\u00e9narios. Ainsi, des incidents peuvent \u00eatre programm\u00e9s qui d\u00e9passent les limites de la pi\u00e8ce utilis\u00e9e. La seule limite qui reste est la fantaisie de l\u2019instructeur !<\/p>\r\n<h2>Exp\u00e9rience d\u2019apprentissage optimal du stagiaire<\/h2>\r\n<p>Attaquer l\u2019incendie couche par couche, compartiment par compartiment. Ce pratique s\u2019applique \u00e9galement \u00e0 la mise-en-sc\u00e8ne. Il suffit d\u2019inclure un ou plusieurs Incident Clients dans votre incident pour une mise-en-sc\u00e8ne rapide et bien arrang\u00e9. Les instructeurs et les observateurs peuvent suivre les \u00e9v\u00e9nements \u00e0 partir des webcams incorpor\u00e9s. Plus besoin de s\u2019accorder par rapport \u00e0 l\u2019op\u00e9ration des mat\u00e9riels de mise-en-sc\u00e8ne, rien que de l\u2019attention optimale pour le stagiaire !<\/p>\r\n<h2>La Incident Client est-elle faite pour vous ?<\/h2>\r\n<p>Vous avez d\u00e9j\u00e0 un FireWare Incident Server, mais vous \u00eates limit\u00e9 par le nombre de connexions ou souhaitez simuler des sc\u00e9narios complexes ? Augmentez votre capacit\u00e9 avec le FireWare Incident Client ! Non seulement il renforce le r\u00e9seau WiFi, mais il rend \u00e9galement vos sc\u00e9narios \u00e9volutifs et flexibles, les Clients travaillant parfaitement ensemble pour une simulation fluide. <strong><a href=\"https:\/\/fireware.nl\/fr\/contact\/\" target=\"_blank\" rel=\"noopener\">Contactez-nous pour un devis personnalis\u00e9 ou planifiez une visite de showroom<\/a>, afin de d\u00e9couvrir en direct l&#8217;Incident Client (et l&#8217;<a href=\"https:\/\/fireware.nl\/fr\/product\/incident-server\/\" target=\"_blank\" rel=\"noopener\">Incident Server<\/a>) !<\/strong><\/p>\r\n<h3>RACCORDS :<\/h3>\r\n<ul>\r\n<li>1x sortie pour g\u00e9n\u00e9rateur de fum\u00e9e, 0-10V<\/li>\r\n<li>1x commutateur g\u00e9n\u00e9rateur de fum\u00e9e marche\/arr\u00eat<\/li>\r\n<li>4x sortie universelle<\/li>\r\n<li>4x d\u00e9tecteur entr\u00e9e universelle<\/li>\r\n<li>1x alimentation \u00e9lectrique 230V g\u00e9n\u00e9rateur de fum\u00e9e<\/li>\r\n<li>1x simulation de flammes 230V<\/li>\r\n<li>1x extension simulation de flammes 230V<\/li>\r\n<li>1x effet additionnel 230V<\/li>\r\n<li>1x sortie haut-parleur<\/li>\r\n<li>1x webcam<\/li>\r\n<li>1x raccord r\u00e9seau aux fins de modules d\u2019extension<\/li>\r\n<li>1x alimentation \u00e9lectrique<\/li>\r\n<\/ul>\r\n<h3>Regardez la vid\u00e9o<\/h3>\r\n<p><iframe loading=\"lazy\" src=\"https:\/\/player.vimeo.com\/video\/348582347\" width=\"640\" height=\"360\" frameborder=\"0\" allowfullscreen=\"allowfullscreen\"><\/iframe><\/p>\r\n","protected":false},"excerpt":{"rendered":"<ul>\n<li style=\"list-style-type: none;\">\n<ul>\n<li>Des nouveaux sc\u00e9narios plus \u00e9labor\u00e9s avec le <a href=\"https:\/\/fireware.nl\/product\/fireware-incident-server\/\">FireWare Incident Server<\/a>.<\/li>\n<li>Le r\u00e9seau de l\u2019Incident Server ne peut que devenir plus puissant.<\/li>\n<li>Raccordez vos mat\u00e9riels de simulation, les appareils audio et les simulateurs de flamme sans effort.<\/li>\n<li>Pas besoin d\u2019un logiciel compliqu\u00e9.<\/li>\n<li><strong>La personnalisation comme ligne directrice : <a href=\"https:\/\/fireware.nl\/fr\/contact\/\" target=\"_blank\" rel=\"noopener\">Demandez un devis ou planifiez une visite en showroom<\/a> pour voir l&#8217;Incident Client en direct<\/strong><\/li>\n<\/ul>\n<\/li>\n<\/ul>\n","protected":false},"featured_media":36355,"template":"","meta":[],"product_brand":[],"product_cat":[2171],"product_tag":[],"class_list":{"0":"post-36763","1":"product","2":"type-product","3":"status-publish","4":"has-post-thumbnail","6":"product_cat-experiences-de-formation-interactives","7":"pa_afmeting-60-x-40-x-23-cm-fr","9":"first","10":"instock","11":"taxable","12":"shipping-taxable","13":"product-type-simple"},"yoast_head":"<!-- This site is optimized with the Yoast SEO plugin v27.5 - https:\/\/yoast.com\/product\/yoast-seo-wordpress\/ -->\n<title>Incident Client - FireWare<\/title>\n<meta name=\"robots\" content=\"index, follow, max-snippet:-1, max-image-preview:large, max-video-preview:-1\" \/>\n<link rel=\"canonical\" href=\"https:\/\/fireware.nl\/fr\/product\/incident-client\/\" \/>\n<meta property=\"og:locale\" content=\"fr_FR\" \/>\n<meta property=\"og:type\" content=\"article\" \/>\n<meta property=\"og:title\" content=\"Incident Client - FireWare\" \/>\n<meta property=\"og:description\" content=\"Des nouveaux sc\u00e9narios plus \u00e9labor\u00e9s avec le FireWare Incident Server. Le r\u00e9seau de l\u2019Incident Server ne peut que devenir plus puissant. Raccordez vos mat\u00e9riels de simulation, les appareils audio et les simulateurs de flamme sans effort. Pas besoin d\u2019un logiciel compliqu\u00e9. La personnalisation comme ligne directrice : Demandez un devis ou planifiez une visite en showroom pour voir l&#039;Incident Client en direct\" \/>\n<meta property=\"og:url\" content=\"https:\/\/fireware.nl\/fr\/product\/incident-client\/\" \/>\n<meta property=\"og:site_name\" content=\"FireWare\" \/>\n<meta property=\"article:publisher\" content=\"https:\/\/www.facebook.com\/FireWareBV\/\" \/>\n<meta property=\"article:modified_time\" content=\"2025-03-06T12:38:13+00:00\" \/>\n<meta property=\"og:image\" content=\"https:\/\/fireware.nl\/wp-content\/uploads\/2019\/10\/Incident-Client.jpg\" \/>\n\t<meta property=\"og:image:width\" content=\"600\" \/>\n\t<meta property=\"og:image:height\" content=\"600\" \/>\n\t<meta property=\"og:image:type\" content=\"image\/jpeg\" \/>\n<meta name=\"twitter:card\" content=\"summary_large_image\" \/>\n<meta name=\"twitter:site\" content=\"@FireWarebv\" \/>\n<meta name=\"twitter:label1\" content=\"Dur\u00e9e de lecture estim\u00e9e\" \/>\n\t<meta name=\"twitter:data1\" content=\"3 minutes\" \/>\n<script type=\"application\/ld+json\" class=\"yoast-schema-graph\">{\"@context\":\"https:\\\/\\\/schema.org\",\"@graph\":[{\"@type\":\"WebPage\",\"@id\":\"https:\\\/\\\/fireware.nl\\\/fr\\\/product\\\/incident-client\\\/\",\"url\":\"https:\\\/\\\/fireware.nl\\\/fr\\\/product\\\/incident-client\\\/\",\"name\":\"Incident Client - FireWare\",\"isPartOf\":{\"@id\":\"https:\\\/\\\/fireware.nl\\\/fr\\\/#website\"},\"primaryImageOfPage\":{\"@id\":\"https:\\\/\\\/fireware.nl\\\/fr\\\/product\\\/incident-client\\\/#primaryimage\"},\"image\":{\"@id\":\"https:\\\/\\\/fireware.nl\\\/fr\\\/product\\\/incident-client\\\/#primaryimage\"},\"thumbnailUrl\":\"https:\\\/\\\/fireware.nl\\\/wp-content\\\/uploads\\\/2019\\\/10\\\/Incident-Client.jpg\",\"datePublished\":\"2019-10-18T11:57:41+00:00\",\"dateModified\":\"2025-03-06T12:38:13+00:00\",\"breadcrumb\":{\"@id\":\"https:\\\/\\\/fireware.nl\\\/fr\\\/product\\\/incident-client\\\/#breadcrumb\"},\"inLanguage\":\"fr-FR\",\"potentialAction\":[{\"@type\":\"ReadAction\",\"target\":[\"https:\\\/\\\/fireware.nl\\\/fr\\\/product\\\/incident-client\\\/\"]}]},{\"@type\":\"ImageObject\",\"inLanguage\":\"fr-FR\",\"@id\":\"https:\\\/\\\/fireware.nl\\\/fr\\\/product\\\/incident-client\\\/#primaryimage\",\"url\":\"https:\\\/\\\/fireware.nl\\\/wp-content\\\/uploads\\\/2019\\\/10\\\/Incident-Client.jpg\",\"contentUrl\":\"https:\\\/\\\/fireware.nl\\\/wp-content\\\/uploads\\\/2019\\\/10\\\/Incident-Client.jpg\",\"width\":600,\"height\":600},{\"@type\":\"BreadcrumbList\",\"@id\":\"https:\\\/\\\/fireware.nl\\\/fr\\\/product\\\/incident-client\\\/#breadcrumb\",\"itemListElement\":[{\"@type\":\"ListItem\",\"position\":1,\"name\":\"Home\",\"item\":\"https:\\\/\\\/fireware.nl\\\/fr\\\/\"},{\"@type\":\"ListItem\",\"position\":2,\"name\":\"Produits\",\"item\":\"https:\\\/\\\/fireware.nl\\\/fr\\\/produits\\\/\"},{\"@type\":\"ListItem\",\"position\":3,\"name\":\"Incident Client\"}]},{\"@type\":\"WebSite\",\"@id\":\"https:\\\/\\\/fireware.nl\\\/fr\\\/#website\",\"url\":\"https:\\\/\\\/fireware.nl\\\/fr\\\/\",\"name\":\"FireWare\",\"description\":\"CREATING REALISTIC  TRAINING ENVIRONMENTS\",\"publisher\":{\"@id\":\"https:\\\/\\\/fireware.nl\\\/fr\\\/#organization\"},\"potentialAction\":[{\"@type\":\"SearchAction\",\"target\":{\"@type\":\"EntryPoint\",\"urlTemplate\":\"https:\\\/\\\/fireware.nl\\\/fr\\\/?s={search_term_string}\"},\"query-input\":{\"@type\":\"PropertyValueSpecification\",\"valueRequired\":true,\"valueName\":\"search_term_string\"}}],\"inLanguage\":\"fr-FR\"},{\"@type\":\"Organization\",\"@id\":\"https:\\\/\\\/fireware.nl\\\/fr\\\/#organization\",\"name\":\"FireWare\",\"url\":\"https:\\\/\\\/fireware.nl\\\/fr\\\/\",\"logo\":{\"@type\":\"ImageObject\",\"inLanguage\":\"fr-FR\",\"@id\":\"https:\\\/\\\/fireware.nl\\\/fr\\\/#\\\/schema\\\/logo\\\/image\\\/\",\"url\":\"https:\\\/\\\/fireware.nl\\\/wp-content\\\/uploads\\\/2018\\\/10\\\/FireWare-logo.jpg\",\"contentUrl\":\"https:\\\/\\\/fireware.nl\\\/wp-content\\\/uploads\\\/2018\\\/10\\\/FireWare-logo.jpg\",\"width\":171,\"height\":70,\"caption\":\"FireWare\"},\"image\":{\"@id\":\"https:\\\/\\\/fireware.nl\\\/fr\\\/#\\\/schema\\\/logo\\\/image\\\/\"},\"sameAs\":[\"https:\\\/\\\/www.facebook.com\\\/FireWareBV\\\/\",\"https:\\\/\\\/x.com\\\/FireWarebv\",\"https:\\\/\\\/www.instagram.com\\\/fireware_nl\\\/\",\"https:\\\/\\\/www.linkedin.com\\\/company\\\/3586017\\\/\",\"https:\\\/\\\/www.youtube.com\\\/user\\\/firesalesrentconsult\"]}]}<\/script>\n<!-- \/ Yoast SEO plugin. -->","yoast_head_json":{"title":"Incident Client - FireWare","robots":{"index":"index","follow":"follow","max-snippet":"max-snippet:-1","max-image-preview":"max-image-preview:large","max-video-preview":"max-video-preview:-1"},"canonical":"https:\/\/fireware.nl\/fr\/product\/incident-client\/","og_locale":"fr_FR","og_type":"article","og_title":"Incident Client - FireWare","og_description":"Des nouveaux sc\u00e9narios plus \u00e9labor\u00e9s avec le FireWare Incident Server. Le r\u00e9seau de l\u2019Incident Server ne peut que devenir plus puissant. Raccordez vos mat\u00e9riels de simulation, les appareils audio et les simulateurs de flamme sans effort. Pas besoin d\u2019un logiciel compliqu\u00e9. La personnalisation comme ligne directrice : Demandez un devis ou planifiez une visite en showroom pour voir l'Incident Client en direct","og_url":"https:\/\/fireware.nl\/fr\/product\/incident-client\/","og_site_name":"FireWare","article_publisher":"https:\/\/www.facebook.com\/FireWareBV\/","article_modified_time":"2025-03-06T12:38:13+00:00","og_image":[{"width":600,"height":600,"url":"https:\/\/fireware.nl\/wp-content\/uploads\/2019\/10\/Incident-Client.jpg","type":"image\/jpeg"}],"twitter_card":"summary_large_image","twitter_site":"@FireWarebv","twitter_misc":{"Dur\u00e9e de lecture estim\u00e9e":"3 minutes"},"schema":{"@context":"https:\/\/schema.org","@graph":[{"@type":"WebPage","@id":"https:\/\/fireware.nl\/fr\/product\/incident-client\/","url":"https:\/\/fireware.nl\/fr\/product\/incident-client\/","name":"Incident Client - FireWare","isPartOf":{"@id":"https:\/\/fireware.nl\/fr\/#website"},"primaryImageOfPage":{"@id":"https:\/\/fireware.nl\/fr\/product\/incident-client\/#primaryimage"},"image":{"@id":"https:\/\/fireware.nl\/fr\/product\/incident-client\/#primaryimage"},"thumbnailUrl":"https:\/\/fireware.nl\/wp-content\/uploads\/2019\/10\/Incident-Client.jpg","datePublished":"2019-10-18T11:57:41+00:00","dateModified":"2025-03-06T12:38:13+00:00","breadcrumb":{"@id":"https:\/\/fireware.nl\/fr\/product\/incident-client\/#breadcrumb"},"inLanguage":"fr-FR","potentialAction":[{"@type":"ReadAction","target":["https:\/\/fireware.nl\/fr\/product\/incident-client\/"]}]},{"@type":"ImageObject","inLanguage":"fr-FR","@id":"https:\/\/fireware.nl\/fr\/product\/incident-client\/#primaryimage","url":"https:\/\/fireware.nl\/wp-content\/uploads\/2019\/10\/Incident-Client.jpg","contentUrl":"https:\/\/fireware.nl\/wp-content\/uploads\/2019\/10\/Incident-Client.jpg","width":600,"height":600},{"@type":"BreadcrumbList","@id":"https:\/\/fireware.nl\/fr\/product\/incident-client\/#breadcrumb","itemListElement":[{"@type":"ListItem","position":1,"name":"Home","item":"https:\/\/fireware.nl\/fr\/"},{"@type":"ListItem","position":2,"name":"Produits","item":"https:\/\/fireware.nl\/fr\/produits\/"},{"@type":"ListItem","position":3,"name":"Incident Client"}]},{"@type":"WebSite","@id":"https:\/\/fireware.nl\/fr\/#website","url":"https:\/\/fireware.nl\/fr\/","name":"FireWare","description":"CREATING REALISTIC  TRAINING ENVIRONMENTS","publisher":{"@id":"https:\/\/fireware.nl\/fr\/#organization"},"potentialAction":[{"@type":"SearchAction","target":{"@type":"EntryPoint","urlTemplate":"https:\/\/fireware.nl\/fr\/?s={search_term_string}"},"query-input":{"@type":"PropertyValueSpecification","valueRequired":true,"valueName":"search_term_string"}}],"inLanguage":"fr-FR"},{"@type":"Organization","@id":"https:\/\/fireware.nl\/fr\/#organization","name":"FireWare","url":"https:\/\/fireware.nl\/fr\/","logo":{"@type":"ImageObject","inLanguage":"fr-FR","@id":"https:\/\/fireware.nl\/fr\/#\/schema\/logo\/image\/","url":"https:\/\/fireware.nl\/wp-content\/uploads\/2018\/10\/FireWare-logo.jpg","contentUrl":"https:\/\/fireware.nl\/wp-content\/uploads\/2018\/10\/FireWare-logo.jpg","width":171,"height":70,"caption":"FireWare"},"image":{"@id":"https:\/\/fireware.nl\/fr\/#\/schema\/logo\/image\/"},"sameAs":["https:\/\/www.facebook.com\/FireWareBV\/","https:\/\/x.com\/FireWarebv","https:\/\/www.instagram.com\/fireware_nl\/","https:\/\/www.linkedin.com\/company\/3586017\/","https:\/\/www.youtube.com\/user\/firesalesrentconsult"]}]}},"publishpress_future_workflow_manual_trigger":{"enabledWorkflows":[]},"_links":{"self":[{"href":"https:\/\/fireware.nl\/fr\/wp-json\/wp\/v2\/product\/36763","targetHints":{"allow":["GET"]}}],"collection":[{"href":"https:\/\/fireware.nl\/fr\/wp-json\/wp\/v2\/product"}],"about":[{"href":"https:\/\/fireware.nl\/fr\/wp-json\/wp\/v2\/types\/product"}],"wp:featuredmedia":[{"embeddable":true,"href":"https:\/\/fireware.nl\/fr\/wp-json\/wp\/v2\/media\/36355"}],"wp:attachment":[{"href":"https:\/\/fireware.nl\/fr\/wp-json\/wp\/v2\/media?parent=36763"}],"wp:term":[{"taxonomy":"product_brand","embeddable":true,"href":"https:\/\/fireware.nl\/fr\/wp-json\/wp\/v2\/product_brand?post=36763"},{"taxonomy":"product_cat","embeddable":true,"href":"https:\/\/fireware.nl\/fr\/wp-json\/wp\/v2\/product_cat?post=36763"},{"taxonomy":"product_tag","embeddable":true,"href":"https:\/\/fireware.nl\/fr\/wp-json\/wp\/v2\/product_tag?post=36763"}],"curies":[{"name":"wp","href":"https:\/\/api.w.org\/{rel}","templated":true}]}}