
{"id":37175,"date":"2019-11-06T09:55:09","date_gmt":"2019-11-06T09:55:09","guid":{"rendered":"https:\/\/fireware.nl\/product\/nebula-ra-piece-aveuglant\/"},"modified":"2019-11-13T10:30:48","modified_gmt":"2019-11-13T10:30:48","slug":"nebula-ra-piece-aveuglant","status":"publish","type":"product","link":"https:\/\/fireware.nl\/fr\/produit\/nebula-ra-piece-aveuglant\/","title":{"rendered":"Nebula RA pi\u00e8ce aveuglant"},"content":{"rendered":"<h2>Placez le Nebula RA Masque aveuglant en dessus du masque respiratoire<\/h2>\n<p>Mettez une pi\u00e8ce aveuglant pour passer <a href=\"https:\/\/fireware.nl\/fr\/produit\/nebula-ra-masque-aveuglant\/\">le masque Nebula RA<\/a> sur votre masque respiratoire. Le Nebula RA peut \u00eatre port\u00e9 directement sur le visage, mais il rentre \u00e9galement sur le masque respiratoire. La pi\u00e8ce aveuglant peut vous aider de couvrir l\u2019espace entre le masque aveuglant et le masque respiratoire, pour \u00e9viter d\u2019espionner.<\/p>\n<h3>Couvrir le masque respiratoire<\/h3>\n<p>Le Nebula RA aveuglant est pourvu d\u2019un \u00e9cran LCD. Cet \u00e9cran permet de simuler 6 diff\u00e9rents densit\u00e9s de fum\u00e9e pour faire vivre aux stagiaires une exp\u00e9rience de fum\u00e9e r\u00e9aliste sans utiliser de la fum\u00e9e d\u2019exercice. Afin de rendre l\u2019exp\u00e9rience encore plus r\u00e9aliste, les stagiaires peuvent porter un masque respiratoire. Ainsi, le stagiaire peut s\u2019entra\u00eener de porter de la protection respiratoire pendant une intervention impliquant des substances dangereuses.<\/p>\n<p>La pi\u00e8ce aveuglant est appliqu\u00e9 sur le masque respiratoire, pour apr\u00e8s y mettre le masque aveuglant. La pi\u00e8ce est fabriqu\u00e9e de mat\u00e9riel adh\u00e9sive et r\u00e9utilisable. Il est facile de l\u2019appliquer et de l\u2019enlever. FireWare vous offre des pi\u00e8ces aveuglant sur mesure pour n\u2019importe quel masque respiratoire. Cherchez le type correspondant dans le menu ou contactez-nous pour r\u00e9clamer votre pi\u00e8ce aveuglant sur mesure !<\/p>\n","protected":false},"excerpt":{"rendered":"<ul>\n<li>Pi\u00e8ce aveuglant pour porter le <a href=\"https:\/\/fireware.nl\/fr\/produit\/nebula-ra-masque-aveuglant\/\">Nebula RA<\/a> en dessus d\u2019un masque respiratoire.<\/li>\n<li>Fabriqu\u00e9e de mat\u00e9riel adh\u00e9sive et r\u00e9utilisable.<\/li>\n<li>A adapter sur mesure pour chaque type de masque respiratoire.<\/li>\n<\/ul>\n","protected":false},"featured_media":36959,"template":"","meta":[],"product_brand":[],"product_cat":[88],"product_tag":[],"class_list":{"0":"post-37175","1":"product","2":"type-product","3":"status-publish","4":"has-post-thumbnail","6":"product_cat-alternative-a-la-fumee","7":"pa_optie-ari-matisec-total-3-coiffe-fr","8":"pa_optie-drager-fps-7000-fr","9":"pa_optie-msa-g1-fr-2","10":"pa_optie-msa-ultra-elite-fr","12":"first","13":"instock","14":"taxable","15":"shipping-taxable","16":"purchasable","17":"product-type-variable"},"yoast_head":"<!-- This site is optimized with the Yoast SEO plugin v27.5 - https:\/\/yoast.com\/product\/yoast-seo-wordpress\/ -->\n<title>Nebula RA pi\u00e8ce aveuglant - FireWare<\/title>\n<meta name=\"robots\" content=\"index, follow, max-snippet:-1, max-image-preview:large, max-video-preview:-1\" \/>\n<link rel=\"canonical\" href=\"https:\/\/fireware.nl\/fr\/produit\/nebula-ra-piece-aveuglant\/\" \/>\n<meta property=\"og:locale\" content=\"fr_FR\" \/>\n<meta property=\"og:type\" content=\"article\" \/>\n<meta property=\"og:title\" content=\"Nebula RA pi\u00e8ce aveuglant - FireWare\" \/>\n<meta property=\"og:description\" content=\"Pi\u00e8ce aveuglant pour porter le Nebula RA en dessus d\u2019un masque respiratoire.  Fabriqu\u00e9e de mat\u00e9riel adh\u00e9sive et r\u00e9utilisable.  A adapter sur mesure pour chaque type de masque respiratoire.\" \/>\n<meta property=\"og:url\" content=\"https:\/\/fireware.nl\/fr\/produit\/nebula-ra-piece-aveuglant\/\" \/>\n<meta property=\"og:site_name\" content=\"FireWare\" \/>\n<meta property=\"article:publisher\" content=\"https:\/\/www.facebook.com\/FireWareBV\/\" \/>\n<meta property=\"article:modified_time\" content=\"2019-11-13T10:30:48+00:00\" \/>\n<meta property=\"og:image\" content=\"https:\/\/fireware.nl\/wp-content\/uploads\/2019\/11\/blindmasker_los.jpg\" \/>\n\t<meta property=\"og:image:width\" content=\"600\" \/>\n\t<meta property=\"og:image:height\" content=\"600\" \/>\n\t<meta property=\"og:image:type\" content=\"image\/jpeg\" \/>\n<meta name=\"twitter:card\" content=\"summary_large_image\" \/>\n<meta name=\"twitter:site\" content=\"@FireWarebv\" \/>\n<meta name=\"twitter:label1\" content=\"Dur\u00e9e de lecture estim\u00e9e\" \/>\n\t<meta name=\"twitter:data1\" content=\"1 minute\" \/>\n<script type=\"application\/ld+json\" class=\"yoast-schema-graph\">{\"@context\":\"https:\\\/\\\/schema.org\",\"@graph\":[{\"@type\":\"WebPage\",\"@id\":\"https:\\\/\\\/fireware.nl\\\/fr\\\/produit\\\/nebula-ra-piece-aveuglant\\\/\",\"url\":\"https:\\\/\\\/fireware.nl\\\/fr\\\/produit\\\/nebula-ra-piece-aveuglant\\\/\",\"name\":\"Nebula RA pi\u00e8ce aveuglant - FireWare\",\"isPartOf\":{\"@id\":\"https:\\\/\\\/fireware.nl\\\/fr\\\/#website\"},\"primaryImageOfPage\":{\"@id\":\"https:\\\/\\\/fireware.nl\\\/fr\\\/produit\\\/nebula-ra-piece-aveuglant\\\/#primaryimage\"},\"image\":{\"@id\":\"https:\\\/\\\/fireware.nl\\\/fr\\\/produit\\\/nebula-ra-piece-aveuglant\\\/#primaryimage\"},\"thumbnailUrl\":\"https:\\\/\\\/fireware.nl\\\/wp-content\\\/uploads\\\/2019\\\/11\\\/blindmasker_los.jpg\",\"datePublished\":\"2019-11-06T09:55:09+00:00\",\"dateModified\":\"2019-11-13T10:30:48+00:00\",\"breadcrumb\":{\"@id\":\"https:\\\/\\\/fireware.nl\\\/fr\\\/produit\\\/nebula-ra-piece-aveuglant\\\/#breadcrumb\"},\"inLanguage\":\"fr-FR\",\"potentialAction\":[{\"@type\":\"ReadAction\",\"target\":[\"https:\\\/\\\/fireware.nl\\\/fr\\\/produit\\\/nebula-ra-piece-aveuglant\\\/\"]}]},{\"@type\":\"ImageObject\",\"inLanguage\":\"fr-FR\",\"@id\":\"https:\\\/\\\/fireware.nl\\\/fr\\\/produit\\\/nebula-ra-piece-aveuglant\\\/#primaryimage\",\"url\":\"https:\\\/\\\/fireware.nl\\\/wp-content\\\/uploads\\\/2019\\\/11\\\/blindmasker_los.jpg\",\"contentUrl\":\"https:\\\/\\\/fireware.nl\\\/wp-content\\\/uploads\\\/2019\\\/11\\\/blindmasker_los.jpg\",\"width\":600,\"height\":600},{\"@type\":\"BreadcrumbList\",\"@id\":\"https:\\\/\\\/fireware.nl\\\/fr\\\/produit\\\/nebula-ra-piece-aveuglant\\\/#breadcrumb\",\"itemListElement\":[{\"@type\":\"ListItem\",\"position\":1,\"name\":\"Home\",\"item\":\"https:\\\/\\\/fireware.nl\\\/fr\\\/\"},{\"@type\":\"ListItem\",\"position\":2,\"name\":\"Produits\",\"item\":\"https:\\\/\\\/fireware.nl\\\/fr\\\/produits\\\/\"},{\"@type\":\"ListItem\",\"position\":3,\"name\":\"Nebula RA pi\u00e8ce aveuglant\"}]},{\"@type\":\"WebSite\",\"@id\":\"https:\\\/\\\/fireware.nl\\\/fr\\\/#website\",\"url\":\"https:\\\/\\\/fireware.nl\\\/fr\\\/\",\"name\":\"FireWare\",\"description\":\"CREATING REALISTIC  TRAINING ENVIRONMENTS\",\"publisher\":{\"@id\":\"https:\\\/\\\/fireware.nl\\\/fr\\\/#organization\"},\"potentialAction\":[{\"@type\":\"SearchAction\",\"target\":{\"@type\":\"EntryPoint\",\"urlTemplate\":\"https:\\\/\\\/fireware.nl\\\/fr\\\/?s={search_term_string}\"},\"query-input\":{\"@type\":\"PropertyValueSpecification\",\"valueRequired\":true,\"valueName\":\"search_term_string\"}}],\"inLanguage\":\"fr-FR\"},{\"@type\":\"Organization\",\"@id\":\"https:\\\/\\\/fireware.nl\\\/fr\\\/#organization\",\"name\":\"FireWare\",\"url\":\"https:\\\/\\\/fireware.nl\\\/fr\\\/\",\"logo\":{\"@type\":\"ImageObject\",\"inLanguage\":\"fr-FR\",\"@id\":\"https:\\\/\\\/fireware.nl\\\/fr\\\/#\\\/schema\\\/logo\\\/image\\\/\",\"url\":\"https:\\\/\\\/fireware.nl\\\/wp-content\\\/uploads\\\/2018\\\/10\\\/FireWare-logo.jpg\",\"contentUrl\":\"https:\\\/\\\/fireware.nl\\\/wp-content\\\/uploads\\\/2018\\\/10\\\/FireWare-logo.jpg\",\"width\":171,\"height\":70,\"caption\":\"FireWare\"},\"image\":{\"@id\":\"https:\\\/\\\/fireware.nl\\\/fr\\\/#\\\/schema\\\/logo\\\/image\\\/\"},\"sameAs\":[\"https:\\\/\\\/www.facebook.com\\\/FireWareBV\\\/\",\"https:\\\/\\\/x.com\\\/FireWarebv\",\"https:\\\/\\\/www.instagram.com\\\/fireware_nl\\\/\",\"https:\\\/\\\/www.linkedin.com\\\/company\\\/3586017\\\/\",\"https:\\\/\\\/www.youtube.com\\\/user\\\/firesalesrentconsult\"]}]}<\/script>\n<!-- \/ Yoast SEO plugin. -->","yoast_head_json":{"title":"Nebula RA pi\u00e8ce aveuglant - FireWare","robots":{"index":"index","follow":"follow","max-snippet":"max-snippet:-1","max-image-preview":"max-image-preview:large","max-video-preview":"max-video-preview:-1"},"canonical":"https:\/\/fireware.nl\/fr\/produit\/nebula-ra-piece-aveuglant\/","og_locale":"fr_FR","og_type":"article","og_title":"Nebula RA pi\u00e8ce aveuglant - FireWare","og_description":"Pi\u00e8ce aveuglant pour porter le Nebula RA en dessus d\u2019un masque respiratoire.  Fabriqu\u00e9e de mat\u00e9riel adh\u00e9sive et r\u00e9utilisable.  A adapter sur mesure pour chaque type de masque respiratoire.","og_url":"https:\/\/fireware.nl\/fr\/produit\/nebula-ra-piece-aveuglant\/","og_site_name":"FireWare","article_publisher":"https:\/\/www.facebook.com\/FireWareBV\/","article_modified_time":"2019-11-13T10:30:48+00:00","og_image":[{"width":600,"height":600,"url":"https:\/\/fireware.nl\/wp-content\/uploads\/2019\/11\/blindmasker_los.jpg","type":"image\/jpeg"}],"twitter_card":"summary_large_image","twitter_site":"@FireWarebv","twitter_misc":{"Dur\u00e9e de lecture estim\u00e9e":"1 minute"},"schema":{"@context":"https:\/\/schema.org","@graph":[{"@type":"WebPage","@id":"https:\/\/fireware.nl\/fr\/produit\/nebula-ra-piece-aveuglant\/","url":"https:\/\/fireware.nl\/fr\/produit\/nebula-ra-piece-aveuglant\/","name":"Nebula RA pi\u00e8ce aveuglant - FireWare","isPartOf":{"@id":"https:\/\/fireware.nl\/fr\/#website"},"primaryImageOfPage":{"@id":"https:\/\/fireware.nl\/fr\/produit\/nebula-ra-piece-aveuglant\/#primaryimage"},"image":{"@id":"https:\/\/fireware.nl\/fr\/produit\/nebula-ra-piece-aveuglant\/#primaryimage"},"thumbnailUrl":"https:\/\/fireware.nl\/wp-content\/uploads\/2019\/11\/blindmasker_los.jpg","datePublished":"2019-11-06T09:55:09+00:00","dateModified":"2019-11-13T10:30:48+00:00","breadcrumb":{"@id":"https:\/\/fireware.nl\/fr\/produit\/nebula-ra-piece-aveuglant\/#breadcrumb"},"inLanguage":"fr-FR","potentialAction":[{"@type":"ReadAction","target":["https:\/\/fireware.nl\/fr\/produit\/nebula-ra-piece-aveuglant\/"]}]},{"@type":"ImageObject","inLanguage":"fr-FR","@id":"https:\/\/fireware.nl\/fr\/produit\/nebula-ra-piece-aveuglant\/#primaryimage","url":"https:\/\/fireware.nl\/wp-content\/uploads\/2019\/11\/blindmasker_los.jpg","contentUrl":"https:\/\/fireware.nl\/wp-content\/uploads\/2019\/11\/blindmasker_los.jpg","width":600,"height":600},{"@type":"BreadcrumbList","@id":"https:\/\/fireware.nl\/fr\/produit\/nebula-ra-piece-aveuglant\/#breadcrumb","itemListElement":[{"@type":"ListItem","position":1,"name":"Home","item":"https:\/\/fireware.nl\/fr\/"},{"@type":"ListItem","position":2,"name":"Produits","item":"https:\/\/fireware.nl\/fr\/produits\/"},{"@type":"ListItem","position":3,"name":"Nebula RA pi\u00e8ce aveuglant"}]},{"@type":"WebSite","@id":"https:\/\/fireware.nl\/fr\/#website","url":"https:\/\/fireware.nl\/fr\/","name":"FireWare","description":"CREATING REALISTIC  TRAINING ENVIRONMENTS","publisher":{"@id":"https:\/\/fireware.nl\/fr\/#organization"},"potentialAction":[{"@type":"SearchAction","target":{"@type":"EntryPoint","urlTemplate":"https:\/\/fireware.nl\/fr\/?s={search_term_string}"},"query-input":{"@type":"PropertyValueSpecification","valueRequired":true,"valueName":"search_term_string"}}],"inLanguage":"fr-FR"},{"@type":"Organization","@id":"https:\/\/fireware.nl\/fr\/#organization","name":"FireWare","url":"https:\/\/fireware.nl\/fr\/","logo":{"@type":"ImageObject","inLanguage":"fr-FR","@id":"https:\/\/fireware.nl\/fr\/#\/schema\/logo\/image\/","url":"https:\/\/fireware.nl\/wp-content\/uploads\/2018\/10\/FireWare-logo.jpg","contentUrl":"https:\/\/fireware.nl\/wp-content\/uploads\/2018\/10\/FireWare-logo.jpg","width":171,"height":70,"caption":"FireWare"},"image":{"@id":"https:\/\/fireware.nl\/fr\/#\/schema\/logo\/image\/"},"sameAs":["https:\/\/www.facebook.com\/FireWareBV\/","https:\/\/x.com\/FireWarebv","https:\/\/www.instagram.com\/fireware_nl\/","https:\/\/www.linkedin.com\/company\/3586017\/","https:\/\/www.youtube.com\/user\/firesalesrentconsult"]}]}},"publishpress_future_workflow_manual_trigger":{"enabledWorkflows":[]},"_links":{"self":[{"href":"https:\/\/fireware.nl\/fr\/wp-json\/wp\/v2\/product\/37175","targetHints":{"allow":["GET"]}}],"collection":[{"href":"https:\/\/fireware.nl\/fr\/wp-json\/wp\/v2\/product"}],"about":[{"href":"https:\/\/fireware.nl\/fr\/wp-json\/wp\/v2\/types\/product"}],"wp:featuredmedia":[{"embeddable":true,"href":"https:\/\/fireware.nl\/fr\/wp-json\/wp\/v2\/media\/36959"}],"wp:attachment":[{"href":"https:\/\/fireware.nl\/fr\/wp-json\/wp\/v2\/media?parent=37175"}],"wp:term":[{"taxonomy":"product_brand","embeddable":true,"href":"https:\/\/fireware.nl\/fr\/wp-json\/wp\/v2\/product_brand?post=37175"},{"taxonomy":"product_cat","embeddable":true,"href":"https:\/\/fireware.nl\/fr\/wp-json\/wp\/v2\/product_cat?post=37175"},{"taxonomy":"product_tag","embeddable":true,"href":"https:\/\/fireware.nl\/fr\/wp-json\/wp\/v2\/product_tag?post=37175"}],"curies":[{"name":"wp","href":"https:\/\/api.w.org\/{rel}","templated":true}]}}