
{"id":38601,"date":"2019-11-06T15:48:27","date_gmt":"2019-11-06T15:48:27","guid":{"rendered":"https:\/\/fireware.nl\/product\/une-combinaison-remplissable-a-leau-pour-un-mannequin\/"},"modified":"2025-03-31T07:36:28","modified_gmt":"2025-03-31T07:36:28","slug":"une-combinaison-remplissable-a-leau-pour-un-mannequin","status":"publish","type":"product","link":"https:\/\/fireware.nl\/fr\/product\/une-combinaison-remplissable-a-leau-pour-un-mannequin\/","title":{"rendered":"Une combinaison remplissable \u00e0 l&#8217;eau pour un mannequin"},"content":{"rendered":"\r\n<h2>Manikins d&#8217;entra\u00eenement Ruth Lee<\/h2>\r\n<p>Les Manikins d&#8217;entra\u00eenement Ruth Lee sont con\u00e7ues pour un entra\u00eenement r\u00e9aliste et efficace. Ces Manikins sont reconnues pour leur durabilit\u00e9 et leur polyvalence, id\u00e9ales pour former les pompiers, les sauveteurs, les services de secours et d&#8217;autres services d&#8217;urgence. Avec les Manikins d&#8217;entra\u00eenement Ruth Lee, vous pouvez simuler des sc\u00e9narios r\u00e9alistes, pr\u00e9parant ainsi les intervenants \u00e0 de vraies situations d&#8217;urgence. La gamme comprend des poup\u00e9es pour une vari\u00e9t\u00e9 de formations et dans diff\u00e9rentes tailles et poids.<\/p>\r\n<h2>Transformez votre mannequin Duty Range en un mannequin poids lourd<\/h2>\r\n<p>\u00c0 l&#8217;aide de cette combinaison remplissable \u00e0 l&#8217;eau, vous ajouterez du poids et du volume \u00e0 votre mannequin Duty Range. Cela permet de mettre simplement un mannequin poids lourd dans un sc\u00e9nario disposant de peu d&#8217;espace.<\/p>\r\n<h3>Mettez en sc\u00e8ne votre sc\u00e9nario partout, simplement et tout seul.<\/h3>\r\n<p>De plus en plus, les services d&#8217;urgence sont confront\u00e9s \u00e0 l&#8217;assistance \u00e0 des victimes ob\u00e8ses. \u00c0 l&#8217;aide d&#8217;un <a href=\"https:\/\/fireware.nl\/fr\/produit\/duty-range-obese\/\">mannequin \u00ab\u00a0ob\u00e8se\u00a0\u00bb<\/a> vous pr\u00e9parerez vos participants \u00e0 beaucoup de d\u00e9fis qui vont se pr\u00e9senter. Or, non pas tout sc\u00e9nario se pr\u00eate \u00e0 l&#8217;utilisation de ce mannequin ob\u00e8se. Ainsi, il est plut\u00f4t difficile de placer un mannequin ayant ce format dans un espace restreint. Dans tel cas, vous pourrez utiliser la combinaison remplissable \u00e0 l&#8217;eau avec votre mannequin. Placez un mannequin Duty Range adulte dans l&#8217;espace et remplissez ensuite la combinaison \u00e0 l&#8217;eau. Au total, on peut ajouter 150 kilos. Un mannequin de 50 kilos p\u00e8sera donc, apr\u00e8s le remplissage \u00e0 l&#8217;eau, 200 kilos\u00a0! Les coutures \u00e9tant triplement cousues, vous n&#8217;aurez pas \u00e0 vous faire des soucis d&#8217;un mannequin pr\u00e9sentant des fuites.<\/p>\r\n<p>M\u00eame lorsque vous voulez monter un sc\u00e9nario ind\u00e9pendant avec un mannequin de poids lourd, la combinaison remplissable \u00e0 l&#8217;eau s&#8217;av\u00e9rera pratique. Pour soulever le mannequin ob\u00e8se, il vous faudra vite 4 \u00e0 6 instructeurs. La combinaison elle-m\u00eame ne p\u00e8se que 5 kilos.<\/p>\r\n<h3>Vid\u00e9o<\/h3>\r\n<p><iframe loading=\"lazy\" src=\"https:\/\/www.youtube.com\/embed\/hxPsGWzsNZI\" width=\"560\" height=\"315\" frameborder=\"0\" allowfullscreen=\"allowfullscreen\"><\/iframe><\/p>\r\n","protected":false},"excerpt":{"rendered":"<ul>\n<li>Transformez votre mannequin Duty Range en un mannequin poids lourd Ajoutez 150 kilos suppl\u00e9mentaires.<\/li>\n<li>Un instructeur pourra seul mettre en place un sc\u00e9nario avec une victime ob\u00e8se.<\/li>\n<li>Toutes les coutures sont triplement cousues et finies \u00e0 la main au tape.<\/li>\n<li>Fourni avec des bottes souples, un sac de transport, des adaptateurs et un d\u00e9bitm\u00e8tre d&#8217;eau.<\/li>\n<\/ul>\n","protected":false},"featured_media":36968,"template":"","meta":[],"product_brand":[],"product_cat":[2879,122],"product_tag":[],"class_list":{"0":"post-38601","1":"product","2":"type-product","3":"status-publish","4":"has-post-thumbnail","6":"product_cat-alourdissement","7":"product_cat-mannequins-de-surpoids-extreme","9":"first","10":"instock","11":"taxable","12":"shipping-taxable","13":"purchasable","14":"product-type-simple"},"yoast_head":"<!-- This site is optimized with the Yoast SEO plugin v27.5 - https:\/\/yoast.com\/product\/yoast-seo-wordpress\/ -->\n<title>Une combinaison remplissable \u00e0 l&#039;eau pour un mannequin - FireWare<\/title>\n<meta name=\"robots\" content=\"index, follow, max-snippet:-1, max-image-preview:large, max-video-preview:-1\" \/>\n<link rel=\"canonical\" href=\"https:\/\/fireware.nl\/fr\/product\/une-combinaison-remplissable-a-leau-pour-un-mannequin\/\" \/>\n<meta property=\"og:locale\" content=\"fr_FR\" \/>\n<meta property=\"og:type\" content=\"article\" \/>\n<meta property=\"og:title\" content=\"Une combinaison remplissable \u00e0 l&#039;eau pour un mannequin - FireWare\" \/>\n<meta property=\"og:description\" content=\"Transformez votre mannequin Duty Range en un mannequin poids lourd Ajoutez 150 kilos suppl\u00e9mentaires. Un instructeur pourra seul mettre en place un sc\u00e9nario avec une victime ob\u00e8se. Toutes les coutures sont triplement cousues et finies \u00e0 la main au tape. Fourni avec des bottes souples, un sac de transport, des adaptateurs et un d\u00e9bitm\u00e8tre d&#039;eau.\" \/>\n<meta property=\"og:url\" content=\"https:\/\/fireware.nl\/fr\/product\/une-combinaison-remplissable-a-leau-pour-un-mannequin\/\" \/>\n<meta property=\"og:site_name\" content=\"FireWare\" \/>\n<meta property=\"article:publisher\" content=\"https:\/\/www.facebook.com\/FireWareBV\/\" \/>\n<meta property=\"article:modified_time\" content=\"2025-03-31T07:36:28+00:00\" \/>\n<meta property=\"og:image\" content=\"https:\/\/fireware.nl\/wp-content\/uploads\/2019\/11\/017-043-112-Water-Fillable-Bariactric-suit.jpg\" \/>\n\t<meta property=\"og:image:width\" content=\"600\" \/>\n\t<meta property=\"og:image:height\" content=\"600\" \/>\n\t<meta property=\"og:image:type\" content=\"image\/jpeg\" \/>\n<meta name=\"twitter:card\" content=\"summary_large_image\" \/>\n<meta name=\"twitter:site\" content=\"@FireWarebv\" \/>\n<meta name=\"twitter:label1\" content=\"Dur\u00e9e de lecture estim\u00e9e\" \/>\n\t<meta name=\"twitter:data1\" content=\"2 minutes\" \/>\n<script type=\"application\/ld+json\" class=\"yoast-schema-graph\">{\"@context\":\"https:\\\/\\\/schema.org\",\"@graph\":[{\"@type\":\"WebPage\",\"@id\":\"https:\\\/\\\/fireware.nl\\\/fr\\\/product\\\/une-combinaison-remplissable-a-leau-pour-un-mannequin\\\/\",\"url\":\"https:\\\/\\\/fireware.nl\\\/fr\\\/product\\\/une-combinaison-remplissable-a-leau-pour-un-mannequin\\\/\",\"name\":\"Une combinaison remplissable \u00e0 l'eau pour un mannequin - FireWare\",\"isPartOf\":{\"@id\":\"https:\\\/\\\/fireware.nl\\\/fr\\\/#website\"},\"primaryImageOfPage\":{\"@id\":\"https:\\\/\\\/fireware.nl\\\/fr\\\/product\\\/une-combinaison-remplissable-a-leau-pour-un-mannequin\\\/#primaryimage\"},\"image\":{\"@id\":\"https:\\\/\\\/fireware.nl\\\/fr\\\/product\\\/une-combinaison-remplissable-a-leau-pour-un-mannequin\\\/#primaryimage\"},\"thumbnailUrl\":\"https:\\\/\\\/fireware.nl\\\/wp-content\\\/uploads\\\/2019\\\/11\\\/017-043-112-Water-Fillable-Bariactric-suit.jpg\",\"datePublished\":\"2019-11-06T15:48:27+00:00\",\"dateModified\":\"2025-03-31T07:36:28+00:00\",\"breadcrumb\":{\"@id\":\"https:\\\/\\\/fireware.nl\\\/fr\\\/product\\\/une-combinaison-remplissable-a-leau-pour-un-mannequin\\\/#breadcrumb\"},\"inLanguage\":\"fr-FR\",\"potentialAction\":[{\"@type\":\"ReadAction\",\"target\":[\"https:\\\/\\\/fireware.nl\\\/fr\\\/product\\\/une-combinaison-remplissable-a-leau-pour-un-mannequin\\\/\"]}]},{\"@type\":\"ImageObject\",\"inLanguage\":\"fr-FR\",\"@id\":\"https:\\\/\\\/fireware.nl\\\/fr\\\/product\\\/une-combinaison-remplissable-a-leau-pour-un-mannequin\\\/#primaryimage\",\"url\":\"https:\\\/\\\/fireware.nl\\\/wp-content\\\/uploads\\\/2019\\\/11\\\/017-043-112-Water-Fillable-Bariactric-suit.jpg\",\"contentUrl\":\"https:\\\/\\\/fireware.nl\\\/wp-content\\\/uploads\\\/2019\\\/11\\\/017-043-112-Water-Fillable-Bariactric-suit.jpg\",\"width\":600,\"height\":600},{\"@type\":\"BreadcrumbList\",\"@id\":\"https:\\\/\\\/fireware.nl\\\/fr\\\/product\\\/une-combinaison-remplissable-a-leau-pour-un-mannequin\\\/#breadcrumb\",\"itemListElement\":[{\"@type\":\"ListItem\",\"position\":1,\"name\":\"Home\",\"item\":\"https:\\\/\\\/fireware.nl\\\/fr\\\/\"},{\"@type\":\"ListItem\",\"position\":2,\"name\":\"Produits\",\"item\":\"https:\\\/\\\/fireware.nl\\\/fr\\\/produits\\\/\"},{\"@type\":\"ListItem\",\"position\":3,\"name\":\"Une combinaison remplissable \u00e0 l&#8217;eau pour un mannequin\"}]},{\"@type\":\"WebSite\",\"@id\":\"https:\\\/\\\/fireware.nl\\\/fr\\\/#website\",\"url\":\"https:\\\/\\\/fireware.nl\\\/fr\\\/\",\"name\":\"FireWare\",\"description\":\"CREATING REALISTIC  TRAINING ENVIRONMENTS\",\"publisher\":{\"@id\":\"https:\\\/\\\/fireware.nl\\\/fr\\\/#organization\"},\"potentialAction\":[{\"@type\":\"SearchAction\",\"target\":{\"@type\":\"EntryPoint\",\"urlTemplate\":\"https:\\\/\\\/fireware.nl\\\/fr\\\/?s={search_term_string}\"},\"query-input\":{\"@type\":\"PropertyValueSpecification\",\"valueRequired\":true,\"valueName\":\"search_term_string\"}}],\"inLanguage\":\"fr-FR\"},{\"@type\":\"Organization\",\"@id\":\"https:\\\/\\\/fireware.nl\\\/fr\\\/#organization\",\"name\":\"FireWare\",\"url\":\"https:\\\/\\\/fireware.nl\\\/fr\\\/\",\"logo\":{\"@type\":\"ImageObject\",\"inLanguage\":\"fr-FR\",\"@id\":\"https:\\\/\\\/fireware.nl\\\/fr\\\/#\\\/schema\\\/logo\\\/image\\\/\",\"url\":\"https:\\\/\\\/fireware.nl\\\/wp-content\\\/uploads\\\/2018\\\/10\\\/FireWare-logo.jpg\",\"contentUrl\":\"https:\\\/\\\/fireware.nl\\\/wp-content\\\/uploads\\\/2018\\\/10\\\/FireWare-logo.jpg\",\"width\":171,\"height\":70,\"caption\":\"FireWare\"},\"image\":{\"@id\":\"https:\\\/\\\/fireware.nl\\\/fr\\\/#\\\/schema\\\/logo\\\/image\\\/\"},\"sameAs\":[\"https:\\\/\\\/www.facebook.com\\\/FireWareBV\\\/\",\"https:\\\/\\\/x.com\\\/FireWarebv\",\"https:\\\/\\\/www.instagram.com\\\/fireware_nl\\\/\",\"https:\\\/\\\/www.linkedin.com\\\/company\\\/3586017\\\/\",\"https:\\\/\\\/www.youtube.com\\\/user\\\/firesalesrentconsult\"]}]}<\/script>\n<!-- \/ Yoast SEO plugin. -->","yoast_head_json":{"title":"Une combinaison remplissable \u00e0 l'eau pour un mannequin - FireWare","robots":{"index":"index","follow":"follow","max-snippet":"max-snippet:-1","max-image-preview":"max-image-preview:large","max-video-preview":"max-video-preview:-1"},"canonical":"https:\/\/fireware.nl\/fr\/product\/une-combinaison-remplissable-a-leau-pour-un-mannequin\/","og_locale":"fr_FR","og_type":"article","og_title":"Une combinaison remplissable \u00e0 l'eau pour un mannequin - FireWare","og_description":"Transformez votre mannequin Duty Range en un mannequin poids lourd Ajoutez 150 kilos suppl\u00e9mentaires. Un instructeur pourra seul mettre en place un sc\u00e9nario avec une victime ob\u00e8se. Toutes les coutures sont triplement cousues et finies \u00e0 la main au tape. Fourni avec des bottes souples, un sac de transport, des adaptateurs et un d\u00e9bitm\u00e8tre d'eau.","og_url":"https:\/\/fireware.nl\/fr\/product\/une-combinaison-remplissable-a-leau-pour-un-mannequin\/","og_site_name":"FireWare","article_publisher":"https:\/\/www.facebook.com\/FireWareBV\/","article_modified_time":"2025-03-31T07:36:28+00:00","og_image":[{"width":600,"height":600,"url":"https:\/\/fireware.nl\/wp-content\/uploads\/2019\/11\/017-043-112-Water-Fillable-Bariactric-suit.jpg","type":"image\/jpeg"}],"twitter_card":"summary_large_image","twitter_site":"@FireWarebv","twitter_misc":{"Dur\u00e9e de lecture estim\u00e9e":"2 minutes"},"schema":{"@context":"https:\/\/schema.org","@graph":[{"@type":"WebPage","@id":"https:\/\/fireware.nl\/fr\/product\/une-combinaison-remplissable-a-leau-pour-un-mannequin\/","url":"https:\/\/fireware.nl\/fr\/product\/une-combinaison-remplissable-a-leau-pour-un-mannequin\/","name":"Une combinaison remplissable \u00e0 l'eau pour un mannequin - FireWare","isPartOf":{"@id":"https:\/\/fireware.nl\/fr\/#website"},"primaryImageOfPage":{"@id":"https:\/\/fireware.nl\/fr\/product\/une-combinaison-remplissable-a-leau-pour-un-mannequin\/#primaryimage"},"image":{"@id":"https:\/\/fireware.nl\/fr\/product\/une-combinaison-remplissable-a-leau-pour-un-mannequin\/#primaryimage"},"thumbnailUrl":"https:\/\/fireware.nl\/wp-content\/uploads\/2019\/11\/017-043-112-Water-Fillable-Bariactric-suit.jpg","datePublished":"2019-11-06T15:48:27+00:00","dateModified":"2025-03-31T07:36:28+00:00","breadcrumb":{"@id":"https:\/\/fireware.nl\/fr\/product\/une-combinaison-remplissable-a-leau-pour-un-mannequin\/#breadcrumb"},"inLanguage":"fr-FR","potentialAction":[{"@type":"ReadAction","target":["https:\/\/fireware.nl\/fr\/product\/une-combinaison-remplissable-a-leau-pour-un-mannequin\/"]}]},{"@type":"ImageObject","inLanguage":"fr-FR","@id":"https:\/\/fireware.nl\/fr\/product\/une-combinaison-remplissable-a-leau-pour-un-mannequin\/#primaryimage","url":"https:\/\/fireware.nl\/wp-content\/uploads\/2019\/11\/017-043-112-Water-Fillable-Bariactric-suit.jpg","contentUrl":"https:\/\/fireware.nl\/wp-content\/uploads\/2019\/11\/017-043-112-Water-Fillable-Bariactric-suit.jpg","width":600,"height":600},{"@type":"BreadcrumbList","@id":"https:\/\/fireware.nl\/fr\/product\/une-combinaison-remplissable-a-leau-pour-un-mannequin\/#breadcrumb","itemListElement":[{"@type":"ListItem","position":1,"name":"Home","item":"https:\/\/fireware.nl\/fr\/"},{"@type":"ListItem","position":2,"name":"Produits","item":"https:\/\/fireware.nl\/fr\/produits\/"},{"@type":"ListItem","position":3,"name":"Une combinaison remplissable \u00e0 l&#8217;eau pour un mannequin"}]},{"@type":"WebSite","@id":"https:\/\/fireware.nl\/fr\/#website","url":"https:\/\/fireware.nl\/fr\/","name":"FireWare","description":"CREATING REALISTIC  TRAINING ENVIRONMENTS","publisher":{"@id":"https:\/\/fireware.nl\/fr\/#organization"},"potentialAction":[{"@type":"SearchAction","target":{"@type":"EntryPoint","urlTemplate":"https:\/\/fireware.nl\/fr\/?s={search_term_string}"},"query-input":{"@type":"PropertyValueSpecification","valueRequired":true,"valueName":"search_term_string"}}],"inLanguage":"fr-FR"},{"@type":"Organization","@id":"https:\/\/fireware.nl\/fr\/#organization","name":"FireWare","url":"https:\/\/fireware.nl\/fr\/","logo":{"@type":"ImageObject","inLanguage":"fr-FR","@id":"https:\/\/fireware.nl\/fr\/#\/schema\/logo\/image\/","url":"https:\/\/fireware.nl\/wp-content\/uploads\/2018\/10\/FireWare-logo.jpg","contentUrl":"https:\/\/fireware.nl\/wp-content\/uploads\/2018\/10\/FireWare-logo.jpg","width":171,"height":70,"caption":"FireWare"},"image":{"@id":"https:\/\/fireware.nl\/fr\/#\/schema\/logo\/image\/"},"sameAs":["https:\/\/www.facebook.com\/FireWareBV\/","https:\/\/x.com\/FireWarebv","https:\/\/www.instagram.com\/fireware_nl\/","https:\/\/www.linkedin.com\/company\/3586017\/","https:\/\/www.youtube.com\/user\/firesalesrentconsult"]}]}},"publishpress_future_workflow_manual_trigger":{"enabledWorkflows":[]},"_links":{"self":[{"href":"https:\/\/fireware.nl\/fr\/wp-json\/wp\/v2\/product\/38601","targetHints":{"allow":["GET"]}}],"collection":[{"href":"https:\/\/fireware.nl\/fr\/wp-json\/wp\/v2\/product"}],"about":[{"href":"https:\/\/fireware.nl\/fr\/wp-json\/wp\/v2\/types\/product"}],"wp:featuredmedia":[{"embeddable":true,"href":"https:\/\/fireware.nl\/fr\/wp-json\/wp\/v2\/media\/36968"}],"wp:attachment":[{"href":"https:\/\/fireware.nl\/fr\/wp-json\/wp\/v2\/media?parent=38601"}],"wp:term":[{"taxonomy":"product_brand","embeddable":true,"href":"https:\/\/fireware.nl\/fr\/wp-json\/wp\/v2\/product_brand?post=38601"},{"taxonomy":"product_cat","embeddable":true,"href":"https:\/\/fireware.nl\/fr\/wp-json\/wp\/v2\/product_cat?post=38601"},{"taxonomy":"product_tag","embeddable":true,"href":"https:\/\/fireware.nl\/fr\/wp-json\/wp\/v2\/product_tag?post=38601"}],"curies":[{"name":"wp","href":"https:\/\/api.w.org\/{rel}","templated":true}]}}