
{"id":43370,"date":"2020-05-15T14:58:07","date_gmt":"2020-05-15T14:58:07","guid":{"rendered":"https:\/\/fireware.nl\/product\/fireware-apollo-led-co2-extincteur-dexercice-2-l\/"},"modified":"2026-01-23T14:29:35","modified_gmt":"2026-01-23T14:29:35","slug":"extincteur-de-formation-apollo-co2-l","status":"publish","type":"product","link":"https:\/\/fireware.nl\/fr\/product\/extincteur-de-formation-apollo-co2-l\/","title":{"rendered":"Extincteur de formation Apollo CO\u2082 2 L"},"content":{"rendered":"\r\n<h2>Organisez un exercice avec un extincteur \u00e0 CO<sub>2<\/sub> et une lumi\u00e8re LED<\/h2>\r\n<p>Vous souhaitez que les participants acqui\u00e8rent de l&#8217;exp\u00e9rience avec les techniques d&#8217;extinction d&#8217;un extincteur \u00e0 CO<sub>2<\/sub>\u00a0? L&#8217;FireWare Apollo LED CO<sub>2<\/sub> Extincteur d&#8217;exercice 2 L est un simulateur d&#8217;extincteur avec LED Cet extincteur d&#8217;exercice imite fonctionnement d&#8217;un extincteur \u00e0 CO<sub>2<\/sub>\u00a0; il peut \u00eatre utilis\u00e9 pour des formations d&#8217;extinction en cas d&#8217;incendie de liquides et des incendies dans des \u00e9quipements sous tension. L&#8217;Apollo LED extincteur d&#8217;exercice \u00e0 CO<sub>2<\/sub> est compact. Le mod\u00e8le d&#8217;exercice \u00e9tant alourdi, l&#8217;extincteur d&#8217;exercice donnera la m\u00eame sensation qu&#8217;un vrai extincteur.<\/p>\r\n<h2>Extincteur d&#8217;exercice \u00e0 la neige carbonique<\/h2>\r\n<p>Activez l&#8217;Apollo LED CO<sub>2<\/sub> avec le bouton marche\/arr\u00eat situ\u00e9 sur le dessus de l&#8217;extincteur d&#8217;exercice. Ensuite, le participant sera en mesure de manipuler l&#8217;Apollo LED comme tout extincteur \u00e0 CO<sub>2<\/sub>. Le participant enl\u00e8ve le clip de verrouillage. D\u00e8s que la poign\u00e9e \u00e0 presser est enfonc\u00e9e, retentit un son d&#8217;un extincteur qui se vide\u00a0; une lumi\u00e8re bleue sort du coffre d&#8217;expansion. L&#8217;instructeur peut ainsi guider le participant \u00e0 diriger le jet extincteur. Cr\u00e9ez une nouvelle dimension \u00e0 la simulation \u00e0 l&#8217;aide du <a href=\"https:\/\/fireware.nl\/fr\/product\/set-dentrainement-foyer-dincendie\/\" target=\"_blank\" rel=\"noopener\">Set d&#8217;entra\u00eenement Foyer d&#8217;Incendie<\/a>.<\/p>\r\n<p>Pendant son utilisation, le r\u00e9servoir se videra progressivement. Le statut sera indiqu\u00e9 par 4 LED en haut de l&#8217;extincteur d&#8217;exercice. Un r\u00e9servoir charg\u00e9 permet d&#8217;\u00e9teindre pendant environ 30 secondes. D\u00e8s que le r\u00e9servoir virtuel est presque vide, on entend que l&#8217;extincteur \u00ab\u00a0se met \u00e0 crachoter\u00a0\u00bb. L&#8217;Apollo LED Extincteur d&#8217;exercice \u00e0 CO<sub>2<\/sub> est \u00e9quip\u00e9 d&#8217;une batterie puissante qui peut \u00eatre recharg\u00e9e \u00e0 l&#8217;aide d&#8217;un c\u00e2ble \u00e0 Micro USB.<\/p>\r\n<h2>Exercice d&#8217;extinction au CO<sub>2<\/sub> sans feu r\u00e9el<\/h2>\r\n<p>Les extincteurs \u00e0 la neige carbonique conviennent pour \u00e9teindre les feux de mati\u00e8res liquides et les incendies d&#8217;\u00e9quipements \u00e9lectroniques. L&#8217;FireWare Apollo LED CO<sub>2<\/sub> Extincteur d&#8217;exercice 2 L convient donc parfaitement aux formations pour la lutte contre l&#8217;incendie dans une salle de serveurs ou un centre de donn\u00e9es. Comme un vrai extincteur \u00e0 CO<sub>2<\/sub>, l&#8217;Apollo LED Extincteur d&#8217;exercice ne laisse pas de traces d&#8217;eau, de mousse ou de poudre. Gr\u00e2ce \u00e0 cela, un instructeur peut passer vite d&#8217;un participant \u00e0 l&#8217;autre. Une introduction \u00e0 la pratique int\u00e9ressante et sans risque\u00a0!<\/p>\r\n<p>S&#8217;entrainer \u00e9galement avec d&#8217;autres modes de fonctionnement\u00a0? L&#8217;Apollo LED Extincteur d&#8217;exercice de FireWare est \u00e9galement disponible comme extincteur d&#8217;exercice \u00e0 mousse, avec une poign\u00e9e \u00e0 presser ou avec un bouton de r\u00e9glage.<\/p>\r\n<h2>\u00c9valuez les comp\u00e9tences \u00e0 distance<\/h2>\r\n<p>En raison de la situation de la COVID-19, il se peut, qu&#8217;en tant qu&#8217;instructeur, vous souhaitiez \u00e9valuer les comp\u00e9tences en mati\u00e8re d&#8217;extinction \u00e0 distance. L&#8217;Apollo LED Extincteur d&#8217;exercice \u00c0 l&#8217;aide d&#8217;un logiciel de vid\u00e9oconf\u00e9rence comme Zoom, Microsoft Teams ou BigBlueButton, l&#8217;instructeur partage son \u00e9cran. Sur cet \u00e9cran, on peut montrer une vid\u00e9o, par exemple, d&#8217;un d\u00e9but d&#8217;incendie. Ainsi, on peut simuler un incendie de l&#8217;\u00e9cran du participant. L&#8217;Apollo \u00e0 LED permet au participant de montrer qu&#8217;il ma\u00eetrise toutes les techniques d&#8217;extinction n\u00e9cessaires.<\/p>\r\n<p>L&#8217;instructeur peut observer et donner des commentaires via une webcam. L&#8217;extincteur pouvant \u00eatre \u00ab\u00a0rempli\u00a0\u00bb \u00e0 nouveau en appuyant sur un bouton, le sc\u00e9nario peut \u00eatre r\u00e9p\u00e9t\u00e9 diverses fois.<\/p>\r\n<h2>Exercices r\u00e9p\u00e9t\u00e9s avec de la mousse, de l&#8217;eau ou de l&#8217;air<\/h2>\r\n<p>R\u00e9aliser un exercice d&#8217;extinction pratique, avec de la mousse, de l&#8217;eau ou de l&#8217;air ? Dans ce cas, optez pour le\u00a0<a href=\"https:\/\/fireware.nl\/fr\/produit\/fireware-apollo-led-extincteur-a-mousse-dexercice-poignee-a-presser-6-l\/\" target=\"_blank\" rel=\"noopener\">Neptune Extincteur d&#8217;exercice \u00e0 mousse Poign\u00e9e \u00e0 presser<\/a> ou le <a href=\"https:\/\/fireware.nl\/fr\/produit\/fireware-apollo-led-extincteur-a-mousse-dexercice-bouton-de-mise-en-pression-6-l\/\" target=\"_blank\" rel=\"noopener\">Neptune Extincteur d&#8217;exercice \u00e0 mousse Bouton de r\u00e9glage<\/a>.<\/p>\r\n<p>En combinaison avec le syst\u00e8me de remplissage Neptune, l&#8217;on peut pratiquer les diff\u00e9rentes agents d&#8217;extinction de mani\u00e8re r\u00e9p\u00e9t\u00e9e.<\/p>\r\n<h2>Regardez la vid\u00e9o<\/h2>\r\n<p><iframe loading=\"lazy\" src=\"https:\/\/www.youtube.com\/embed\/x_kF4G85-Zk?rel=0\" width=\"560\" height=\"315\" frameborder=\"0\" allowfullscreen=\"allowfullscreen\"><\/iframe><\/p>\r\n","protected":false},"excerpt":{"rendered":"<ul>\n<li>Un excellente mani\u00e8re d&#8217;apprendre l&#8217;extinction, sans v\u00e9ritable feu, eau, mousse ou poudre<\/li>\n<li>Pr\u00e9parez les participants \u00e0 s&#8217;exercer dans n&#8217;importe quel environnement.<\/li>\n<li>Manipulez l&#8217;Apollo LED comme tout extincteur \u00e0 CO<sub>2<\/sub>.<\/li>\n<li>Avec le poids d&#8217;un v\u00e9ritable extincteur pour s&#8217;approcher de la r\u00e9alit\u00e9.<\/li>\n<li>Avec les effets sonores d&#8217;un extincteur \u00e0 CO<sub>2<\/sub> r\u00e9el.<\/li>\n<li>Pendant l&#8217;utilisation, le r\u00e9servoir virtuel se vide progressivement.<\/li>\n<li>Livr\u00e9 avec des autocollants en n\u00e9erlandais, anglais, fran\u00e7ais et allemand.<\/li>\n<li>Disponible \u00e9galement avec bouton de r\u00e9glage ou poign\u00e9e \u00e0 presser et un d\u00e9vidoir.<\/li>\n<\/ul>\n","protected":false},"featured_media":61571,"template":"","meta":[],"product_brand":[],"product_cat":[101],"product_tag":[],"class_list":{"0":"post-43370","1":"product","2":"type-product","3":"status-publish","4":"has-post-thumbnail","6":"product_cat-extincteurs-de-formation","7":"pa_taal-allemand","8":"pa_taal-anglais","9":"pa_taal-espagnol","10":"pa_taal-francais","11":"pa_taal-italien","12":"pa_taal-neerlandais","14":"first","15":"instock","16":"taxable","17":"shipping-taxable","18":"purchasable","19":"product-type-simple"},"yoast_head":"<!-- This site is optimized with the Yoast SEO plugin v27.5 - https:\/\/yoast.com\/product\/yoast-seo-wordpress\/ -->\n<title>Extincteur de formation Apollo CO\u2082 2 L - FireWare<\/title>\n<meta name=\"robots\" content=\"index, follow, max-snippet:-1, max-image-preview:large, max-video-preview:-1\" \/>\n<link rel=\"canonical\" href=\"https:\/\/fireware.nl\/fr\/product\/extincteur-de-formation-apollo-co2-l\/\" \/>\n<meta property=\"og:locale\" content=\"fr_FR\" \/>\n<meta property=\"og:type\" content=\"article\" \/>\n<meta property=\"og:title\" content=\"Extincteur de formation Apollo CO\u2082 2 L - FireWare\" \/>\n<meta property=\"og:description\" content=\"Un excellente mani\u00e8re d&#039;apprendre l&#039;extinction, sans v\u00e9ritable feu, eau, mousse ou poudre Pr\u00e9parez les participants \u00e0 s&#039;exercer dans n&#039;importe quel environnement. Manipulez l&#039;Apollo LED comme tout extincteur \u00e0 CO2. Avec le poids d&#039;un v\u00e9ritable extincteur pour s&#039;approcher de la r\u00e9alit\u00e9. Avec les effets sonores d&#039;un extincteur \u00e0 CO2 r\u00e9el. Pendant l&#039;utilisation, le r\u00e9servoir virtuel se vide progressivement. Livr\u00e9 avec des autocollants en n\u00e9erlandais, anglais, fran\u00e7ais et allemand. Disponible \u00e9galement avec bouton de r\u00e9glage ou poign\u00e9e \u00e0 presser et un d\u00e9vidoir.\" \/>\n<meta property=\"og:url\" content=\"https:\/\/fireware.nl\/fr\/product\/extincteur-de-formation-apollo-co2-l\/\" \/>\n<meta property=\"og:site_name\" content=\"FireWare\" \/>\n<meta property=\"article:publisher\" content=\"https:\/\/www.facebook.com\/FireWareBV\/\" \/>\n<meta property=\"article:modified_time\" content=\"2026-01-23T14:29:35+00:00\" \/>\n<meta property=\"og:image\" content=\"https:\/\/fireware.nl\/wp-content\/uploads\/2020\/05\/025-100-013-FireWare-Apollo-LED-CO2-2.jpg\" \/>\n\t<meta property=\"og:image:width\" content=\"600\" \/>\n\t<meta property=\"og:image:height\" content=\"600\" \/>\n\t<meta property=\"og:image:type\" content=\"image\/jpeg\" \/>\n<meta name=\"twitter:card\" content=\"summary_large_image\" \/>\n<meta name=\"twitter:site\" content=\"@FireWarebv\" \/>\n<meta name=\"twitter:label1\" content=\"Dur\u00e9e de lecture estim\u00e9e\" \/>\n\t<meta name=\"twitter:data1\" content=\"3 minutes\" \/>\n<script type=\"application\/ld+json\" class=\"yoast-schema-graph\">{\"@context\":\"https:\\\/\\\/schema.org\",\"@graph\":[{\"@type\":\"WebPage\",\"@id\":\"https:\\\/\\\/fireware.nl\\\/fr\\\/product\\\/extincteur-de-formation-apollo-co2-l\\\/\",\"url\":\"https:\\\/\\\/fireware.nl\\\/fr\\\/product\\\/extincteur-de-formation-apollo-co2-l\\\/\",\"name\":\"Extincteur de formation Apollo CO\u2082 2 L - FireWare\",\"isPartOf\":{\"@id\":\"https:\\\/\\\/fireware.nl\\\/fr\\\/#website\"},\"primaryImageOfPage\":{\"@id\":\"https:\\\/\\\/fireware.nl\\\/fr\\\/product\\\/extincteur-de-formation-apollo-co2-l\\\/#primaryimage\"},\"image\":{\"@id\":\"https:\\\/\\\/fireware.nl\\\/fr\\\/product\\\/extincteur-de-formation-apollo-co2-l\\\/#primaryimage\"},\"thumbnailUrl\":\"https:\\\/\\\/fireware.nl\\\/wp-content\\\/uploads\\\/2020\\\/05\\\/025-100-013-FireWare-Apollo-LED-CO2-2.jpg\",\"datePublished\":\"2020-05-15T14:58:07+00:00\",\"dateModified\":\"2026-01-23T14:29:35+00:00\",\"breadcrumb\":{\"@id\":\"https:\\\/\\\/fireware.nl\\\/fr\\\/product\\\/extincteur-de-formation-apollo-co2-l\\\/#breadcrumb\"},\"inLanguage\":\"fr-FR\",\"potentialAction\":[{\"@type\":\"ReadAction\",\"target\":[\"https:\\\/\\\/fireware.nl\\\/fr\\\/product\\\/extincteur-de-formation-apollo-co2-l\\\/\"]}]},{\"@type\":\"ImageObject\",\"inLanguage\":\"fr-FR\",\"@id\":\"https:\\\/\\\/fireware.nl\\\/fr\\\/product\\\/extincteur-de-formation-apollo-co2-l\\\/#primaryimage\",\"url\":\"https:\\\/\\\/fireware.nl\\\/wp-content\\\/uploads\\\/2020\\\/05\\\/025-100-013-FireWare-Apollo-LED-CO2-2.jpg\",\"contentUrl\":\"https:\\\/\\\/fireware.nl\\\/wp-content\\\/uploads\\\/2020\\\/05\\\/025-100-013-FireWare-Apollo-LED-CO2-2.jpg\",\"width\":600,\"height\":600},{\"@type\":\"BreadcrumbList\",\"@id\":\"https:\\\/\\\/fireware.nl\\\/fr\\\/product\\\/extincteur-de-formation-apollo-co2-l\\\/#breadcrumb\",\"itemListElement\":[{\"@type\":\"ListItem\",\"position\":1,\"name\":\"Home\",\"item\":\"https:\\\/\\\/fireware.nl\\\/fr\\\/\"},{\"@type\":\"ListItem\",\"position\":2,\"name\":\"Produits\",\"item\":\"https:\\\/\\\/fireware.nl\\\/fr\\\/produits\\\/\"},{\"@type\":\"ListItem\",\"position\":3,\"name\":\"Extincteur de formation Apollo CO\u2082 2 L\"}]},{\"@type\":\"WebSite\",\"@id\":\"https:\\\/\\\/fireware.nl\\\/fr\\\/#website\",\"url\":\"https:\\\/\\\/fireware.nl\\\/fr\\\/\",\"name\":\"FireWare\",\"description\":\"CREATING REALISTIC  TRAINING ENVIRONMENTS\",\"publisher\":{\"@id\":\"https:\\\/\\\/fireware.nl\\\/fr\\\/#organization\"},\"potentialAction\":[{\"@type\":\"SearchAction\",\"target\":{\"@type\":\"EntryPoint\",\"urlTemplate\":\"https:\\\/\\\/fireware.nl\\\/fr\\\/?s={search_term_string}\"},\"query-input\":{\"@type\":\"PropertyValueSpecification\",\"valueRequired\":true,\"valueName\":\"search_term_string\"}}],\"inLanguage\":\"fr-FR\"},{\"@type\":\"Organization\",\"@id\":\"https:\\\/\\\/fireware.nl\\\/fr\\\/#organization\",\"name\":\"FireWare\",\"url\":\"https:\\\/\\\/fireware.nl\\\/fr\\\/\",\"logo\":{\"@type\":\"ImageObject\",\"inLanguage\":\"fr-FR\",\"@id\":\"https:\\\/\\\/fireware.nl\\\/fr\\\/#\\\/schema\\\/logo\\\/image\\\/\",\"url\":\"https:\\\/\\\/fireware.nl\\\/wp-content\\\/uploads\\\/2018\\\/10\\\/FireWare-logo.jpg\",\"contentUrl\":\"https:\\\/\\\/fireware.nl\\\/wp-content\\\/uploads\\\/2018\\\/10\\\/FireWare-logo.jpg\",\"width\":171,\"height\":70,\"caption\":\"FireWare\"},\"image\":{\"@id\":\"https:\\\/\\\/fireware.nl\\\/fr\\\/#\\\/schema\\\/logo\\\/image\\\/\"},\"sameAs\":[\"https:\\\/\\\/www.facebook.com\\\/FireWareBV\\\/\",\"https:\\\/\\\/x.com\\\/FireWarebv\",\"https:\\\/\\\/www.instagram.com\\\/fireware_nl\\\/\",\"https:\\\/\\\/www.linkedin.com\\\/company\\\/3586017\\\/\",\"https:\\\/\\\/www.youtube.com\\\/user\\\/firesalesrentconsult\"]}]}<\/script>\n<!-- \/ Yoast SEO plugin. -->","yoast_head_json":{"title":"Extincteur de formation Apollo CO\u2082 2 L - FireWare","robots":{"index":"index","follow":"follow","max-snippet":"max-snippet:-1","max-image-preview":"max-image-preview:large","max-video-preview":"max-video-preview:-1"},"canonical":"https:\/\/fireware.nl\/fr\/product\/extincteur-de-formation-apollo-co2-l\/","og_locale":"fr_FR","og_type":"article","og_title":"Extincteur de formation Apollo CO\u2082 2 L - FireWare","og_description":"Un excellente mani\u00e8re d'apprendre l'extinction, sans v\u00e9ritable feu, eau, mousse ou poudre Pr\u00e9parez les participants \u00e0 s'exercer dans n'importe quel environnement. Manipulez l'Apollo LED comme tout extincteur \u00e0 CO2. Avec le poids d'un v\u00e9ritable extincteur pour s'approcher de la r\u00e9alit\u00e9. Avec les effets sonores d'un extincteur \u00e0 CO2 r\u00e9el. Pendant l'utilisation, le r\u00e9servoir virtuel se vide progressivement. Livr\u00e9 avec des autocollants en n\u00e9erlandais, anglais, fran\u00e7ais et allemand. Disponible \u00e9galement avec bouton de r\u00e9glage ou poign\u00e9e \u00e0 presser et un d\u00e9vidoir.","og_url":"https:\/\/fireware.nl\/fr\/product\/extincteur-de-formation-apollo-co2-l\/","og_site_name":"FireWare","article_publisher":"https:\/\/www.facebook.com\/FireWareBV\/","article_modified_time":"2026-01-23T14:29:35+00:00","og_image":[{"width":600,"height":600,"url":"https:\/\/fireware.nl\/wp-content\/uploads\/2020\/05\/025-100-013-FireWare-Apollo-LED-CO2-2.jpg","type":"image\/jpeg"}],"twitter_card":"summary_large_image","twitter_site":"@FireWarebv","twitter_misc":{"Dur\u00e9e de lecture estim\u00e9e":"3 minutes"},"schema":{"@context":"https:\/\/schema.org","@graph":[{"@type":"WebPage","@id":"https:\/\/fireware.nl\/fr\/product\/extincteur-de-formation-apollo-co2-l\/","url":"https:\/\/fireware.nl\/fr\/product\/extincteur-de-formation-apollo-co2-l\/","name":"Extincteur de formation Apollo CO\u2082 2 L - FireWare","isPartOf":{"@id":"https:\/\/fireware.nl\/fr\/#website"},"primaryImageOfPage":{"@id":"https:\/\/fireware.nl\/fr\/product\/extincteur-de-formation-apollo-co2-l\/#primaryimage"},"image":{"@id":"https:\/\/fireware.nl\/fr\/product\/extincteur-de-formation-apollo-co2-l\/#primaryimage"},"thumbnailUrl":"https:\/\/fireware.nl\/wp-content\/uploads\/2020\/05\/025-100-013-FireWare-Apollo-LED-CO2-2.jpg","datePublished":"2020-05-15T14:58:07+00:00","dateModified":"2026-01-23T14:29:35+00:00","breadcrumb":{"@id":"https:\/\/fireware.nl\/fr\/product\/extincteur-de-formation-apollo-co2-l\/#breadcrumb"},"inLanguage":"fr-FR","potentialAction":[{"@type":"ReadAction","target":["https:\/\/fireware.nl\/fr\/product\/extincteur-de-formation-apollo-co2-l\/"]}]},{"@type":"ImageObject","inLanguage":"fr-FR","@id":"https:\/\/fireware.nl\/fr\/product\/extincteur-de-formation-apollo-co2-l\/#primaryimage","url":"https:\/\/fireware.nl\/wp-content\/uploads\/2020\/05\/025-100-013-FireWare-Apollo-LED-CO2-2.jpg","contentUrl":"https:\/\/fireware.nl\/wp-content\/uploads\/2020\/05\/025-100-013-FireWare-Apollo-LED-CO2-2.jpg","width":600,"height":600},{"@type":"BreadcrumbList","@id":"https:\/\/fireware.nl\/fr\/product\/extincteur-de-formation-apollo-co2-l\/#breadcrumb","itemListElement":[{"@type":"ListItem","position":1,"name":"Home","item":"https:\/\/fireware.nl\/fr\/"},{"@type":"ListItem","position":2,"name":"Produits","item":"https:\/\/fireware.nl\/fr\/produits\/"},{"@type":"ListItem","position":3,"name":"Extincteur de formation Apollo CO\u2082 2 L"}]},{"@type":"WebSite","@id":"https:\/\/fireware.nl\/fr\/#website","url":"https:\/\/fireware.nl\/fr\/","name":"FireWare","description":"CREATING REALISTIC  TRAINING ENVIRONMENTS","publisher":{"@id":"https:\/\/fireware.nl\/fr\/#organization"},"potentialAction":[{"@type":"SearchAction","target":{"@type":"EntryPoint","urlTemplate":"https:\/\/fireware.nl\/fr\/?s={search_term_string}"},"query-input":{"@type":"PropertyValueSpecification","valueRequired":true,"valueName":"search_term_string"}}],"inLanguage":"fr-FR"},{"@type":"Organization","@id":"https:\/\/fireware.nl\/fr\/#organization","name":"FireWare","url":"https:\/\/fireware.nl\/fr\/","logo":{"@type":"ImageObject","inLanguage":"fr-FR","@id":"https:\/\/fireware.nl\/fr\/#\/schema\/logo\/image\/","url":"https:\/\/fireware.nl\/wp-content\/uploads\/2018\/10\/FireWare-logo.jpg","contentUrl":"https:\/\/fireware.nl\/wp-content\/uploads\/2018\/10\/FireWare-logo.jpg","width":171,"height":70,"caption":"FireWare"},"image":{"@id":"https:\/\/fireware.nl\/fr\/#\/schema\/logo\/image\/"},"sameAs":["https:\/\/www.facebook.com\/FireWareBV\/","https:\/\/x.com\/FireWarebv","https:\/\/www.instagram.com\/fireware_nl\/","https:\/\/www.linkedin.com\/company\/3586017\/","https:\/\/www.youtube.com\/user\/firesalesrentconsult"]}]}},"publishpress_future_workflow_manual_trigger":{"enabledWorkflows":[]},"_links":{"self":[{"href":"https:\/\/fireware.nl\/fr\/wp-json\/wp\/v2\/product\/43370","targetHints":{"allow":["GET"]}}],"collection":[{"href":"https:\/\/fireware.nl\/fr\/wp-json\/wp\/v2\/product"}],"about":[{"href":"https:\/\/fireware.nl\/fr\/wp-json\/wp\/v2\/types\/product"}],"wp:featuredmedia":[{"embeddable":true,"href":"https:\/\/fireware.nl\/fr\/wp-json\/wp\/v2\/media\/61571"}],"wp:attachment":[{"href":"https:\/\/fireware.nl\/fr\/wp-json\/wp\/v2\/media?parent=43370"}],"wp:term":[{"taxonomy":"product_brand","embeddable":true,"href":"https:\/\/fireware.nl\/fr\/wp-json\/wp\/v2\/product_brand?post=43370"},{"taxonomy":"product_cat","embeddable":true,"href":"https:\/\/fireware.nl\/fr\/wp-json\/wp\/v2\/product_cat?post=43370"},{"taxonomy":"product_tag","embeddable":true,"href":"https:\/\/fireware.nl\/fr\/wp-json\/wp\/v2\/product_tag?post=43370"}],"curies":[{"name":"wp","href":"https:\/\/api.w.org\/{rel}","templated":true}]}}