
{"id":48455,"date":"2021-05-15T14:28:47","date_gmt":"2021-05-15T14:28:47","guid":{"rendered":"https:\/\/fireware.nl\/product\/set-dentrainement-exercice-dextinction\/"},"modified":"2026-04-15T12:47:46","modified_gmt":"2026-04-15T12:47:46","slug":"set-dentrainement-exercice-dextinction","status":"publish","type":"product","link":"https:\/\/fireware.nl\/fr\/product\/set-dentrainement-exercice-dextinction\/","title":{"rendered":"Set d\u2019entra\u00eenement Exercice d&#8217;extinction"},"content":{"rendered":"\n\n\t<h2>Effectuer un petit exercice d&#8217;extinction d&#8217;incendie simul\u00e9<\/h2>\n<p>Vite organiser un exercice simple et complet qui parcourt avec vos participants tous les aspects d&#8217;un incendie\u00a0? Combinez la Pandora&#8217;s Box avec la machine \u00e0 fum\u00e9e Cirrus (sur batterie) pour une simulation de flammes r\u00e9aliste, des effets sonores et une exp\u00e9rience de la fum\u00e9e lors d&#8217;un d\u00e9but d&#8217;incendie. Ensuite, mettez vos participants au d\u00e9fi d&#8217;obtenir des r\u00e9sultats ad\u00e9quats et testez leurs comp\u00e9tences en mati\u00e8re d&#8217;extinction. Le mat\u00e9riel d&#8217;exercice dans ce set fonctionne avec une batterie et est imm\u00e9diatement op\u00e9rationnel. En un rien de temps, l&#8217;instructeur d\u00e9ploie et d\u00e9mant\u00e8le sa mise en sc\u00e8ne\u00a0!<\/p>\n<h2>Exercice d&#8217;extinction &#8211; partout et en toute s\u00e9curit\u00e9<\/h2>\n<p>Nous sommes conscients des cons\u00e9quences du Covid-19 pour nos programmes d&#8217;entra\u00eenement. C&#8217;est la raison pour laquelle nous avons cr\u00e9\u00e9 le Set d&#8217;entra\u00eenement Exercice d&#8217;extinction. Lors de son utilisation, nul besoin de connecter le mat\u00e9riel d&#8217;entra\u00eenement sur le r\u00e9seau \u00e9lectrique. Ainsi, les participants peuvent se disperser et s&#8217;entra\u00eener \u00e0 une distance s\u00fbre les uns des autres. En outre, la Pandora&#8217;s Box et le Cirrus de FireWare peuvent \u00eatre contr\u00f4l\u00e9s \u00e0 l&#8217;aide de la t\u00e9l\u00e9commande Pandora sans fil. Cela donne \u00e0 l&#8217;instructeur la possibilit\u00e9 d&#8217;intervenir dans les actions d&#8217;un participant.<\/p>\n<p>Travailler avec ce set permet de garder l&#8217;environnement propre, l&#8217;entra\u00eenement peut se faire (presque) partout. En plus, les participants peuvent se succ\u00e9der plus rapidement pour leur entra\u00eenement individuel. En une seule journ\u00e9e, beaucoup de participants peuvent ainsi suivre la formation et montrer qu&#8217;ils ma\u00eetrisent toutes les techniques d&#8217;extinction n\u00e9cessaires.<\/p>\n<h2>Pandora&#8217;s Box &#8211; un set d&#8217;entra\u00eenement pour divers sc\u00e9narios<\/h2>\n<p>La <a href=\"https:\/\/fireware.nl\/fr\/produit\/fireware-pandoras-box\/\" target=\"_blank\" rel=\"noopener\">Pandora&#8217;s Box<\/a> permet de mettre en sc\u00e8ne un exercice complet dans lequel de nombreux sens sont stimul\u00e9s. \u00c0 l&#8217;aide de 2 luminaires LED puissants, cette bo\u00eete d&#8217;entra\u00eenement permet de cr\u00e9er de diverses simulations. Renforcez la simulation de la flamme en ajoutant un effet sonore d&#8217;une feu r\u00e9aliste. En outre, les sons d&#8217;une fuite d&#8217;une mati\u00e8re liquide, d&#8217;une explosion, d&#8217;un \u00e9croulement et d&#8217;une fuite de gaz font partie du programme. Et que pensez-vous d&#8217;un sc\u00e9nario avec les sanglots d&#8217;une victime, un b\u00e9b\u00e9 en pleurs ou des appels \u00e0 l&#8217;aide\u00a0? On peut m\u00eame combiner tous ces bruits ou les m\u00e9langer&#8230; Tout cela avec une t\u00e9l\u00e9commande.<\/p>\n<h2>Le Cirrus de FireWare sur batterie &#8211; cr\u00e9er de la fum\u00e9e<\/h2>\n<p>Le <a href=\"https:\/\/fireware.nl\/fr\/produit\/cirrus-machine-a-fumee-sur-batterie\/\" target=\"_blank\" rel=\"noopener\">Cirrus de FireWare<\/a> cr\u00e9e de la fum\u00e9e et fonctionne avec une batterie. Deux minutes apr\u00e8s avoir appuy\u00e9 sur le bouton, la machine \u00e9met la premi\u00e8re fum\u00e9e. La machine \u00e0 fum\u00e9e Cirrus de FireWare peut produire jusqu&#8217;\u00e0 10 minutes de fum\u00e9e continue sur une charge de batterie. Mais aussi, par exemple, 250 \u00e9missions de 10 secondes seulement. En combinaison avec la Pandora&#8217;s Box, cette machine \u00e0 fum\u00e9e peut \u00eatre t\u00e9l\u00e9command\u00e9e. Dans la caisse de la Pandora il y a m\u00eame une espace s\u00e9par\u00e9 pour conserver la machine Cirrus. Combinez le mat\u00e9riel d&#8217;exercice et transformez la Pandora&#8217;s Box en un outil d&#8217;exercice autonome, avec lequel vous pouvez vous entra\u00eener dans des espaces sans \u00e9lectricit\u00e9.<\/p>\n<h2>Extincteurs d&#8217;exercice Apollo LED &#8211; apprendre l&#8217;extinction sans laisser de traces<\/h2>\n<p>Pr\u00e9parez vos participants \u00e0 agir correctement lors d&#8217;un d\u00e9but d&#8217;incendie, \u00e0 l&#8217;aide d&#8217;un Apollo LED, dans tout environnement d&#8217;exercice\u00a0Le jet extincteur de l&#8217;Apollo LED \u00e9tant simul\u00e9 avec des LED puissants, on peut s&#8217;entrainer \u00e0 des endroits ou normalement cela est peu ou pas possible, voire, o\u00f9 il est interdit de travailler avec de l&#8217;eau, de la mousse, du CO<sub>2 <\/sub>ou de la poudre.<\/p>\n<p>L&#8217;Apollo LED active tous les sens de vos participants, de la fa\u00e7on la plus r\u00e9aliste possible. L&#8217;extincteur d&#8217;exercice se manipule comme un v\u00e9ritable extincteur, sonne comme un v\u00e9ritable extincteur, son poids \u00e9tant \u00e9galement tr\u00e8s r\u00e9aliste.\u00a0Cela vous permet d&#8217;enseigner \u00e0 vos participants comment faire face de mani\u00e8re r\u00e9aliste au poids important d&#8217;un v\u00e9ritable extincteur.\u00a0Ce qui plus est, l&#8217;Apollo LED e manipule comme tout autre extincteur.<\/p>\n<p>L&#8217;Apollo LED est disponible en 3 versions\u00a0: \u00c0 l&#8217;achat d&#8217;un Set d&#8217;entra\u00eenement Exercice d&#8217;extinction, vous avez le choix entre <a href=\"https:\/\/fireware.nl\/fr\/produit\/fireware-apollo-led-extincteur-a-mousse-dexercice-poignee-a-presser-6-l\/\" target=\"_blank\" rel=\"noopener\">l&#8217;Apollo LED Extincteur d&#8217;exercice \u00e0 mousse Poign\u00e9e \u00e0 presser 6 L<\/a>, <a href=\"https:\/\/fireware.nl\/fr\/produit\/fireware-apollo-led-extincteur-a-mousse-dexercice-bouton-de-mise-en-pression-6-l\/\" target=\"_blank\" rel=\"noopener\">l&#8217;Apollo LED Extincteur d&#8217;exercice \u00e0 mousse Bouton de r\u00e9glage 6 L<\/a> ou <a href=\"https:\/\/fireware.nl\/fr\/produit\/fireware-apollo-led-co2-extincteur-dexercice-2-l\/\" target=\"_blank\" rel=\"noopener\">l&#8217;Apollo LED CO2 Extincteur d&#8217;exercice 2 L<\/a>. L&#8217;embarras du choix\u00a0!<\/p>\n<h2>Regardez la vid\u00e9o<\/h2>\n\t\t<iframe loading=\"lazy\" width=\"1920\" height=\"1080\" src=\"https:\/\/player.vimeo.com\/video\/1058988953?hl=nl&#038;cc_lang_pref=nl&#038;cc_load_policy=1\" frameborder=\"0\" allow=\"accelerometer; autoplay; clipboard-write; encrypted-media; gyroscope; picture-in-picture\" allowfullscreen><\/iframe>\t\n\t\t<iframe loading=\"lazy\" width=\"1920\" height=\"1080\" src=\"https:\/\/player.vimeo.com\/video\/1183365549?hl=nl&#038;cc_lang_pref=nl&#038;cc_load_policy=1\" frameborder=\"0\" allow=\"accelerometer; autoplay; clipboard-write; encrypted-media; gyroscope; picture-in-picture\" allowfullscreen><\/iframe>\t\n\n","protected":false},"excerpt":{"rendered":"<ul>\n<li>Tout cela pour la mise en sc\u00e8ne d&#8217;un exercice d&#8217;extinction dans un seul set<\/li>\n<li>Qui contient une machines \u00e0 fum\u00e9e Cirrus, une Pandora&#8217;s Box et un Extincteur d\u2019exercice Apollo LED.<\/li>\n<li>Combinez ces diff\u00e9rents outils pour simuler des flammes r\u00e9alistes, avec des effets sonores et le v\u00e9cu de la fum\u00e9e lors d&#8217;un d\u00e9but d&#8217;incendie.<\/li>\n<li>Dirigez la mise en sc\u00e8ne avec une t\u00e9l\u00e9commande.<\/li>\n<li>Enseignez \u00e0 vos participants l&#8217;extinction, sans un v\u00e9ritable feu, sans eau, mousse ni poudre<\/li>\n<li>Sur batterie et imm\u00e9diatement op\u00e9rationnel<\/li>\n<li>L&#8217;extincteur d&#8217;entra\u00eenement Apollo LED \u00e9teint le feu via une connexion sans fil\n<div id=\"tlEx8b\" data-ved=\"2ahUKEwjrz8LuyP2BAxW3KFkFHc67DPEQr_kLegQICBAp\">\u00a0<\/div>\n<\/li>\n<\/ul>\n","protected":false},"featured_media":48141,"template":"","meta":[],"product_brand":[],"product_cat":[3685,101,215,92],"product_tag":[],"class_list":{"0":"post-48455","1":"product","2":"type-product","3":"status-publish","4":"has-post-thumbnail","6":"product_cat-ensembles-dexercices","7":"product_cat-extincteurs-de-formation","8":"product_cat-feu-simule","9":"product_cat-produits-de-demonstration","10":"pa_optie-avec-fireware-apollo-led-co2-extincteur-dexercice-2-l","11":"pa_optie-avec-fireware-apollo-led-extincteur-a-mousse-dexercice-bouton-de-mise-en-pression-6-l","12":"pa_optie-avec-fireware-apollo-led-extincteur-a-mousse-dexercice-poignee-a-presser-6-l","14":"first","15":"instock","16":"taxable","17":"shipping-taxable","18":"purchasable","19":"product-type-variable"},"yoast_head":"<!-- This site is optimized with the Yoast SEO plugin v27.5 - https:\/\/yoast.com\/product\/yoast-seo-wordpress\/ -->\n<title>Set d\u2019entra\u00eenement Exercice d&#039;extinction - FireWare<\/title>\n<meta name=\"description\" content=\"Le Set d\u2019entra\u00eenement Exercice d&#039;extinction: simulation des flammes, effets sonores et une exp\u00e9rience de la fum\u00e9e lors d&#039;un d\u00e9but d&#039;incendie.\" \/>\n<meta name=\"robots\" content=\"index, follow, max-snippet:-1, max-image-preview:large, max-video-preview:-1\" \/>\n<link rel=\"canonical\" href=\"https:\/\/fireware.nl\/fr\/product\/set-dentrainement-exercice-dextinction\/\" \/>\n<meta property=\"og:locale\" content=\"fr_FR\" \/>\n<meta property=\"og:type\" content=\"article\" \/>\n<meta property=\"og:title\" content=\"Set d\u2019entra\u00eenement Exercice d&#039;extinction - FireWare\" \/>\n<meta property=\"og:description\" content=\"Le Set d\u2019entra\u00eenement Exercice d&#039;extinction: simulation des flammes, effets sonores et une exp\u00e9rience de la fum\u00e9e lors d&#039;un d\u00e9but d&#039;incendie.\" \/>\n<meta property=\"og:url\" content=\"https:\/\/fireware.nl\/fr\/product\/set-dentrainement-exercice-dextinction\/\" \/>\n<meta property=\"og:site_name\" content=\"FireWare\" \/>\n<meta property=\"article:publisher\" content=\"https:\/\/www.facebook.com\/FireWareBV\/\" \/>\n<meta property=\"article:modified_time\" content=\"2026-04-15T12:47:46+00:00\" \/>\n<meta property=\"og:image\" content=\"https:\/\/fireware.nl\/wp-content\/uploads\/2020\/09\/040-030-020-Oefenset-Blusoefening.jpg\" \/>\n\t<meta property=\"og:image:width\" content=\"600\" \/>\n\t<meta property=\"og:image:height\" content=\"600\" \/>\n\t<meta property=\"og:image:type\" content=\"image\/jpeg\" \/>\n<meta name=\"twitter:card\" content=\"summary_large_image\" \/>\n<meta name=\"twitter:site\" content=\"@FireWarebv\" \/>\n<meta name=\"twitter:label1\" content=\"Dur\u00e9e de lecture estim\u00e9e\" \/>\n\t<meta name=\"twitter:data1\" content=\"4 minutes\" \/>\n<script type=\"application\/ld+json\" class=\"yoast-schema-graph\">{\"@context\":\"https:\\\/\\\/schema.org\",\"@graph\":[{\"@type\":\"WebPage\",\"@id\":\"https:\\\/\\\/fireware.nl\\\/fr\\\/product\\\/set-dentrainement-exercice-dextinction\\\/\",\"url\":\"https:\\\/\\\/fireware.nl\\\/fr\\\/product\\\/set-dentrainement-exercice-dextinction\\\/\",\"name\":\"Set d\u2019entra\u00eenement Exercice d'extinction - FireWare\",\"isPartOf\":{\"@id\":\"https:\\\/\\\/fireware.nl\\\/fr\\\/#website\"},\"primaryImageOfPage\":{\"@id\":\"https:\\\/\\\/fireware.nl\\\/fr\\\/product\\\/set-dentrainement-exercice-dextinction\\\/#primaryimage\"},\"image\":{\"@id\":\"https:\\\/\\\/fireware.nl\\\/fr\\\/product\\\/set-dentrainement-exercice-dextinction\\\/#primaryimage\"},\"thumbnailUrl\":\"https:\\\/\\\/fireware.nl\\\/wp-content\\\/uploads\\\/2020\\\/09\\\/040-030-020-Oefenset-Blusoefening.jpg\",\"datePublished\":\"2021-05-15T14:28:47+00:00\",\"dateModified\":\"2026-04-15T12:47:46+00:00\",\"description\":\"Le Set d\u2019entra\u00eenement Exercice d'extinction: simulation des flammes, effets sonores et une exp\u00e9rience de la fum\u00e9e lors d'un d\u00e9but d'incendie.\",\"breadcrumb\":{\"@id\":\"https:\\\/\\\/fireware.nl\\\/fr\\\/product\\\/set-dentrainement-exercice-dextinction\\\/#breadcrumb\"},\"inLanguage\":\"fr-FR\",\"potentialAction\":[{\"@type\":\"ReadAction\",\"target\":[\"https:\\\/\\\/fireware.nl\\\/fr\\\/product\\\/set-dentrainement-exercice-dextinction\\\/\"]}]},{\"@type\":\"ImageObject\",\"inLanguage\":\"fr-FR\",\"@id\":\"https:\\\/\\\/fireware.nl\\\/fr\\\/product\\\/set-dentrainement-exercice-dextinction\\\/#primaryimage\",\"url\":\"https:\\\/\\\/fireware.nl\\\/wp-content\\\/uploads\\\/2020\\\/09\\\/040-030-020-Oefenset-Blusoefening.jpg\",\"contentUrl\":\"https:\\\/\\\/fireware.nl\\\/wp-content\\\/uploads\\\/2020\\\/09\\\/040-030-020-Oefenset-Blusoefening.jpg\",\"width\":600,\"height\":600},{\"@type\":\"BreadcrumbList\",\"@id\":\"https:\\\/\\\/fireware.nl\\\/fr\\\/product\\\/set-dentrainement-exercice-dextinction\\\/#breadcrumb\",\"itemListElement\":[{\"@type\":\"ListItem\",\"position\":1,\"name\":\"Home\",\"item\":\"https:\\\/\\\/fireware.nl\\\/fr\\\/\"},{\"@type\":\"ListItem\",\"position\":2,\"name\":\"Produits\",\"item\":\"https:\\\/\\\/fireware.nl\\\/fr\\\/produits\\\/\"},{\"@type\":\"ListItem\",\"position\":3,\"name\":\"Set d\u2019entra\u00eenement Exercice d&#8217;extinction\"}]},{\"@type\":\"WebSite\",\"@id\":\"https:\\\/\\\/fireware.nl\\\/fr\\\/#website\",\"url\":\"https:\\\/\\\/fireware.nl\\\/fr\\\/\",\"name\":\"FireWare\",\"description\":\"CREATING REALISTIC  TRAINING ENVIRONMENTS\",\"publisher\":{\"@id\":\"https:\\\/\\\/fireware.nl\\\/fr\\\/#organization\"},\"potentialAction\":[{\"@type\":\"SearchAction\",\"target\":{\"@type\":\"EntryPoint\",\"urlTemplate\":\"https:\\\/\\\/fireware.nl\\\/fr\\\/?s={search_term_string}\"},\"query-input\":{\"@type\":\"PropertyValueSpecification\",\"valueRequired\":true,\"valueName\":\"search_term_string\"}}],\"inLanguage\":\"fr-FR\"},{\"@type\":\"Organization\",\"@id\":\"https:\\\/\\\/fireware.nl\\\/fr\\\/#organization\",\"name\":\"FireWare\",\"url\":\"https:\\\/\\\/fireware.nl\\\/fr\\\/\",\"logo\":{\"@type\":\"ImageObject\",\"inLanguage\":\"fr-FR\",\"@id\":\"https:\\\/\\\/fireware.nl\\\/fr\\\/#\\\/schema\\\/logo\\\/image\\\/\",\"url\":\"https:\\\/\\\/fireware.nl\\\/wp-content\\\/uploads\\\/2018\\\/10\\\/FireWare-logo.jpg\",\"contentUrl\":\"https:\\\/\\\/fireware.nl\\\/wp-content\\\/uploads\\\/2018\\\/10\\\/FireWare-logo.jpg\",\"width\":171,\"height\":70,\"caption\":\"FireWare\"},\"image\":{\"@id\":\"https:\\\/\\\/fireware.nl\\\/fr\\\/#\\\/schema\\\/logo\\\/image\\\/\"},\"sameAs\":[\"https:\\\/\\\/www.facebook.com\\\/FireWareBV\\\/\",\"https:\\\/\\\/x.com\\\/FireWarebv\",\"https:\\\/\\\/www.instagram.com\\\/fireware_nl\\\/\",\"https:\\\/\\\/www.linkedin.com\\\/company\\\/3586017\\\/\",\"https:\\\/\\\/www.youtube.com\\\/user\\\/firesalesrentconsult\"]}]}<\/script>\n<!-- \/ Yoast SEO plugin. -->","yoast_head_json":{"title":"Set d\u2019entra\u00eenement Exercice d'extinction - FireWare","description":"Le Set d\u2019entra\u00eenement Exercice d'extinction: simulation des flammes, effets sonores et une exp\u00e9rience de la fum\u00e9e lors d'un d\u00e9but d'incendie.","robots":{"index":"index","follow":"follow","max-snippet":"max-snippet:-1","max-image-preview":"max-image-preview:large","max-video-preview":"max-video-preview:-1"},"canonical":"https:\/\/fireware.nl\/fr\/product\/set-dentrainement-exercice-dextinction\/","og_locale":"fr_FR","og_type":"article","og_title":"Set d\u2019entra\u00eenement Exercice d'extinction - FireWare","og_description":"Le Set d\u2019entra\u00eenement Exercice d'extinction: simulation des flammes, effets sonores et une exp\u00e9rience de la fum\u00e9e lors d'un d\u00e9but d'incendie.","og_url":"https:\/\/fireware.nl\/fr\/product\/set-dentrainement-exercice-dextinction\/","og_site_name":"FireWare","article_publisher":"https:\/\/www.facebook.com\/FireWareBV\/","article_modified_time":"2026-04-15T12:47:46+00:00","og_image":[{"width":600,"height":600,"url":"https:\/\/fireware.nl\/wp-content\/uploads\/2020\/09\/040-030-020-Oefenset-Blusoefening.jpg","type":"image\/jpeg"}],"twitter_card":"summary_large_image","twitter_site":"@FireWarebv","twitter_misc":{"Dur\u00e9e de lecture estim\u00e9e":"4 minutes"},"schema":{"@context":"https:\/\/schema.org","@graph":[{"@type":"WebPage","@id":"https:\/\/fireware.nl\/fr\/product\/set-dentrainement-exercice-dextinction\/","url":"https:\/\/fireware.nl\/fr\/product\/set-dentrainement-exercice-dextinction\/","name":"Set d\u2019entra\u00eenement Exercice d'extinction - FireWare","isPartOf":{"@id":"https:\/\/fireware.nl\/fr\/#website"},"primaryImageOfPage":{"@id":"https:\/\/fireware.nl\/fr\/product\/set-dentrainement-exercice-dextinction\/#primaryimage"},"image":{"@id":"https:\/\/fireware.nl\/fr\/product\/set-dentrainement-exercice-dextinction\/#primaryimage"},"thumbnailUrl":"https:\/\/fireware.nl\/wp-content\/uploads\/2020\/09\/040-030-020-Oefenset-Blusoefening.jpg","datePublished":"2021-05-15T14:28:47+00:00","dateModified":"2026-04-15T12:47:46+00:00","description":"Le Set d\u2019entra\u00eenement Exercice d'extinction: simulation des flammes, effets sonores et une exp\u00e9rience de la fum\u00e9e lors d'un d\u00e9but d'incendie.","breadcrumb":{"@id":"https:\/\/fireware.nl\/fr\/product\/set-dentrainement-exercice-dextinction\/#breadcrumb"},"inLanguage":"fr-FR","potentialAction":[{"@type":"ReadAction","target":["https:\/\/fireware.nl\/fr\/product\/set-dentrainement-exercice-dextinction\/"]}]},{"@type":"ImageObject","inLanguage":"fr-FR","@id":"https:\/\/fireware.nl\/fr\/product\/set-dentrainement-exercice-dextinction\/#primaryimage","url":"https:\/\/fireware.nl\/wp-content\/uploads\/2020\/09\/040-030-020-Oefenset-Blusoefening.jpg","contentUrl":"https:\/\/fireware.nl\/wp-content\/uploads\/2020\/09\/040-030-020-Oefenset-Blusoefening.jpg","width":600,"height":600},{"@type":"BreadcrumbList","@id":"https:\/\/fireware.nl\/fr\/product\/set-dentrainement-exercice-dextinction\/#breadcrumb","itemListElement":[{"@type":"ListItem","position":1,"name":"Home","item":"https:\/\/fireware.nl\/fr\/"},{"@type":"ListItem","position":2,"name":"Produits","item":"https:\/\/fireware.nl\/fr\/produits\/"},{"@type":"ListItem","position":3,"name":"Set d\u2019entra\u00eenement Exercice d&#8217;extinction"}]},{"@type":"WebSite","@id":"https:\/\/fireware.nl\/fr\/#website","url":"https:\/\/fireware.nl\/fr\/","name":"FireWare","description":"CREATING REALISTIC  TRAINING ENVIRONMENTS","publisher":{"@id":"https:\/\/fireware.nl\/fr\/#organization"},"potentialAction":[{"@type":"SearchAction","target":{"@type":"EntryPoint","urlTemplate":"https:\/\/fireware.nl\/fr\/?s={search_term_string}"},"query-input":{"@type":"PropertyValueSpecification","valueRequired":true,"valueName":"search_term_string"}}],"inLanguage":"fr-FR"},{"@type":"Organization","@id":"https:\/\/fireware.nl\/fr\/#organization","name":"FireWare","url":"https:\/\/fireware.nl\/fr\/","logo":{"@type":"ImageObject","inLanguage":"fr-FR","@id":"https:\/\/fireware.nl\/fr\/#\/schema\/logo\/image\/","url":"https:\/\/fireware.nl\/wp-content\/uploads\/2018\/10\/FireWare-logo.jpg","contentUrl":"https:\/\/fireware.nl\/wp-content\/uploads\/2018\/10\/FireWare-logo.jpg","width":171,"height":70,"caption":"FireWare"},"image":{"@id":"https:\/\/fireware.nl\/fr\/#\/schema\/logo\/image\/"},"sameAs":["https:\/\/www.facebook.com\/FireWareBV\/","https:\/\/x.com\/FireWarebv","https:\/\/www.instagram.com\/fireware_nl\/","https:\/\/www.linkedin.com\/company\/3586017\/","https:\/\/www.youtube.com\/user\/firesalesrentconsult"]}]}},"publishpress_future_workflow_manual_trigger":{"enabledWorkflows":[]},"_links":{"self":[{"href":"https:\/\/fireware.nl\/fr\/wp-json\/wp\/v2\/product\/48455","targetHints":{"allow":["GET"]}}],"collection":[{"href":"https:\/\/fireware.nl\/fr\/wp-json\/wp\/v2\/product"}],"about":[{"href":"https:\/\/fireware.nl\/fr\/wp-json\/wp\/v2\/types\/product"}],"wp:featuredmedia":[{"embeddable":true,"href":"https:\/\/fireware.nl\/fr\/wp-json\/wp\/v2\/media\/48141"}],"wp:attachment":[{"href":"https:\/\/fireware.nl\/fr\/wp-json\/wp\/v2\/media?parent=48455"}],"wp:term":[{"taxonomy":"product_brand","embeddable":true,"href":"https:\/\/fireware.nl\/fr\/wp-json\/wp\/v2\/product_brand?post=48455"},{"taxonomy":"product_cat","embeddable":true,"href":"https:\/\/fireware.nl\/fr\/wp-json\/wp\/v2\/product_cat?post=48455"},{"taxonomy":"product_tag","embeddable":true,"href":"https:\/\/fireware.nl\/fr\/wp-json\/wp\/v2\/product_tag?post=48455"}],"curies":[{"name":"wp","href":"https:\/\/api.w.org\/{rel}","templated":true}]}}