
{"id":50334,"date":"2020-10-16T12:18:04","date_gmt":"2020-10-16T12:18:04","guid":{"rendered":"https:\/\/fireware.nl\/product\/mannequin-pour-un-sauvetage-par-helicoptere\/"},"modified":"2025-05-21T11:05:07","modified_gmt":"2025-05-21T11:05:07","slug":"mannequin-pour-un-sauvetage-par-helicoptere","status":"publish","type":"product","link":"https:\/\/fireware.nl\/fr\/product\/mannequin-pour-un-sauvetage-par-helicoptere\/","title":{"rendered":"Ruth Lee Mannequin pour un sauvetage par h\u00e9licopt\u00e8re"},"content":{"rendered":"<h2>Mannequins d&#8217;entra\u00eenement Ruth Lee<\/h2>\n<p>Les mannequins d\u2019entra\u00eenement Ruth Lee sont con\u00e7us pour des formations r\u00e9alistes et efficaces. Ces mannequins sont r\u00e9put\u00e9s pour leur durabilit\u00e9 et leur polyvalence, id\u00e9als pour former les pompiers, les secouristes, les services de secours et autres professionnels d\u2019urgence. Avec les mannequins Ruth Lee, il est possible de simuler des sc\u00e9narios r\u00e9alistes, permettant ainsi aux intervenants d\u2019\u00eatre mieux pr\u00e9par\u00e9s aux situations d\u2019urgence r\u00e9elles. La gamme comprend des mannequins adapt\u00e9s \u00e0 divers types de formations, disponibles en diff\u00e9rentes tailles et poids.<\/p>\n<h2>Pr\u00e9parer les stagiaires aux sauvetages aquatiques par h\u00e9licopt\u00e8re<\/h2>\n<p>Lorsqu\u2019une personne reste longtemps dans l\u2019eau, il est crucial de la sortir en position horizontale pour \u00e9viter une chute soudaine de la pression art\u00e9rielle, notamment chez une personne en hypothermie. Cela est \u00e9galement essentiel lors d\u2019un sauvetage par h\u00e9licopt\u00e8re. Ce mannequin d\u2019entra\u00eenement a \u00e9t\u00e9 sp\u00e9cialement con\u00e7u \u00e0 cet effet. Il peut \u00eatre plac\u00e9 de mani\u00e8re r\u00e9aliste dans un harnais de sauvetage et reste dans une position stable en &#8220;W&#8221; lorsqu\u2019il est hiss\u00e9 par l\u2019h\u00e9licopt\u00e8re.<\/p>\n<h2>Simuler une personne inconsciente ou un corps dans l\u2019eau<\/h2>\n<p>Le mannequin d\u2019entra\u00eenement pour sauvetage par h\u00e9licopt\u00e8re simule une personne inconsciente dans l\u2019eau. Il peut flotter horizontalement, verticalement ou \u00e0 un angle de 45 degr\u00e9s, imitant ainsi une personne vivante ou un corps.<br \/>\nCompar\u00e9 au mannequin de sauvetage aquatique MOB, ce mod\u00e8le poss\u00e8de des jambes plus l\u00e9g\u00e8res, ce qui facilite la mise en place dans le harnais par les stagiaires. Des sangles \u00e0 l\u2019int\u00e9rieur des genoux et des chevilles permettent de maintenir les jambes ensemble.<\/p>\n<p>Le robuste cadre en maille nylon absorbe rapidement l&#8217;eau, maintenant les jambes submerg\u00e9es tandis que seule la t\u00eate et les \u00e9paules restent visibles au-dessus de l&#8217;eau. Le poids \u00e0 sec d&#8217;un mannequin adulte est de 40 kg (88 lbs), augmentant \u00e0 environ 65 kg (143 lbs) lorsqu&#8217;il est d&#8217;abord sorti de l&#8217;eau. Gr\u00e2ce au tissu en maille, l&#8217;eau s&#8217;\u00e9coule rapidement, minimisant ainsi l&#8217;exc\u00e8s d&#8217;eau dans l&#8217;h\u00e9licopt\u00e8re.<\/p>\n<h2>Visibilit\u00e9<\/h2>\n<p>La combinaison orange vif et les bandes r\u00e9fl\u00e9chissantes SOLAS sur la t\u00eate rendent le mannequin tr\u00e8s visible en pleine mer. Cela permet aux stagiaires de localiser facilement le mannequin et d\u2019agir imm\u00e9diatement pour effectuer le sauvetage.<br \/>\nPour r\u00e9duire la visibilit\u00e9 du &#8220;noy\u00e9&#8221;, vous pouvez utiliser la capuche S&amp;R en option. Cela ajoute un d\u00e9fi suppl\u00e9mentaire en dissimulant partiellement le mannequin, diminuant sa visibilit\u00e9 dans l\u2019eau.<br \/>\nSi vous utilisez une cam\u00e9ra thermique lors de vos recherches, pensez au masque thermique \u00e9tanche. Ce dernier permet de chauffer la t\u00eate de la victime, la rendant ainsi visible sur une cam\u00e9ra thermique.<\/p>\n<h2>Applications<\/h2>\n<p>Le mannequin d\u2019entra\u00eenement pour sauvetage par h\u00e9licopt\u00e8re est un atout pr\u00e9cieux pour les sc\u00e9narios impliquant les gardes-c\u00f4tes, les secouristes, le minist\u00e8re de la D\u00e9fense, la marine, les pompiers, les services de secours, les op\u00e9rateurs offshore et l\u2019industrie maritime.<\/p>\n","protected":false},"excerpt":{"rendered":"<div class=\"flex-shrink-0 flex flex-col relative items-end\">\n<div>\n<div class=\"pt-0\"><\/div>\n<\/div>\n<\/div>\n<div class=\"group\/conversation-turn relative flex w-full min-w-0 flex-col agent-turn\">\n<div class=\"flex-col gap-1 md:gap-3\">\n<div class=\"flex max-w-full flex-col flex-grow\">\n<div class=\"min-h-8 text-message flex w-full flex-col items-end gap-2 whitespace-normal break-words [.text-message+&amp;]:mt-5\" dir=\"auto\" data-message-author-role=\"assistant\" data-message-id=\"9e40e01d-9fbd-4ad5-b2bf-4ac5a92e9a47\" data-message-model-slug=\"gpt-4o\">\n<div class=\"flex w-full flex-col gap-1 empty:hidden first:pt-[3px]\">\n<div class=\"markdown prose w-full break-words dark:prose-invert dark\">\n<ul>\n<li>Sp\u00e9cialement con\u00e7u pour s\u2019entra\u00eener aux sauvetages en h\u00e9licopt\u00e8re.<\/li>\n<li>Un mannequin adulte a un poids \u00e0 sec de 40 kg, qui passe \u00e0 65 kg lorsqu\u2019il est hiss\u00e9 hors de l\u2019eau.<\/li>\n<li>Compatible avec des sangles de levage standard ou pour hypothermie.<\/li>\n<li>Des boucles situ\u00e9es \u00e0 l\u2019int\u00e9rieur des genoux et des chevilles permettent de maintenir les jambes ensemble.<\/li>\n<li>Flotte en position horizontale, verticale ou \u00e0 un angle de 45 degr\u00e9s.<\/li>\n<li>Combine orange vif et bandes r\u00e9fl\u00e9chissantes SOLAS sur la t\u00eate du mannequin.<\/li>\n<li>Reste en position stable en &#8220;W&#8221; lors de la remont\u00e9e vers l\u2019h\u00e9licopt\u00e8re.<\/li>\n<li>Pieds souples con\u00e7us pour un drainage rapide, \u00e9vitant ainsi l\u2019accumulation d\u2019eau dans l\u2019h\u00e9licopt\u00e8re.<\/li>\n<li>Sangles robustes pour faciliter la manipulation, le stockage et le s\u00e9chage en suspension.<\/li>\n<li>Livr\u00e9 avec une combinaison et des pieds souples, facilement rempla\u00e7ables en cas de dommage.<\/li>\n<\/ul>\n<\/div>\n<\/div>\n<\/div>\n<\/div>\n<\/div>\n<\/div>\n","protected":false},"featured_media":49821,"template":"","meta":[],"product_brand":[],"product_cat":[113],"product_tag":[],"class_list":{"0":"post-50334","1":"product","2":"type-product","3":"status-publish","4":"has-post-thumbnail","6":"product_cat-mannequins-de-secourisme-dans-leau","7":"pa_gewicht-lengte-40-kg-180cm-fr","9":"first","10":"instock","11":"taxable","12":"shipping-taxable","13":"purchasable","14":"product-type-simple"},"yoast_head":"<!-- This site is optimized with the Yoast SEO plugin v27.5 - https:\/\/yoast.com\/product\/yoast-seo-wordpress\/ -->\n<title>Ruth Lee Mannequin pour un sauvetage par h\u00e9licopt\u00e8re - FireWare<\/title>\n<meta name=\"robots\" content=\"index, follow, max-snippet:-1, max-image-preview:large, max-video-preview:-1\" \/>\n<link rel=\"canonical\" href=\"https:\/\/fireware.nl\/fr\/product\/mannequin-pour-un-sauvetage-par-helicoptere\/\" \/>\n<meta property=\"og:locale\" content=\"fr_FR\" \/>\n<meta property=\"og:type\" content=\"article\" \/>\n<meta property=\"og:title\" content=\"Ruth Lee Mannequin pour un sauvetage par h\u00e9licopt\u00e8re - FireWare\" \/>\n<meta property=\"og:description\" content=\"Sp\u00e9cialement con\u00e7u pour s\u2019entra\u00eener aux sauvetages en h\u00e9licopt\u00e8re.  Un mannequin adulte a un poids \u00e0 sec de 40 kg, qui passe \u00e0 65 kg lorsqu\u2019il est hiss\u00e9 hors de l\u2019eau.  Compatible avec des sangles de levage standard ou pour hypothermie.  Des boucles situ\u00e9es \u00e0 l\u2019int\u00e9rieur des genoux et des chevilles permettent de maintenir les jambes ensemble.  Flotte en position horizontale, verticale ou \u00e0 un angle de 45 degr\u00e9s.  Combine orange vif et bandes r\u00e9fl\u00e9chissantes SOLAS sur la t\u00eate du mannequin.  Reste en position stable en &quot;W&quot; lors de la remont\u00e9e vers l\u2019h\u00e9licopt\u00e8re.  Pieds souples con\u00e7us pour un drainage rapide, \u00e9vitant ainsi l\u2019accumulation d\u2019eau dans l\u2019h\u00e9licopt\u00e8re.  Sangles robustes pour faciliter la manipulation, le stockage et le s\u00e9chage en suspension.  Livr\u00e9 avec une combinaison et des pieds souples, facilement rempla\u00e7ables en cas de dommage.\" \/>\n<meta property=\"og:url\" content=\"https:\/\/fireware.nl\/fr\/product\/mannequin-pour-un-sauvetage-par-helicoptere\/\" \/>\n<meta property=\"og:site_name\" content=\"FireWare\" \/>\n<meta property=\"article:publisher\" content=\"https:\/\/www.facebook.com\/FireWareBV\/\" \/>\n<meta property=\"article:modified_time\" content=\"2025-05-21T11:05:07+00:00\" \/>\n<meta property=\"og:image\" content=\"https:\/\/fireware.nl\/wp-content\/uploads\/2020\/10\/017-043-120-Helikopterredding-Oefenpop-white-background.jpg\" \/>\n\t<meta property=\"og:image:width\" content=\"600\" \/>\n\t<meta property=\"og:image:height\" content=\"600\" \/>\n\t<meta property=\"og:image:type\" content=\"image\/jpeg\" \/>\n<meta name=\"twitter:card\" content=\"summary_large_image\" \/>\n<meta name=\"twitter:site\" content=\"@FireWarebv\" \/>\n<meta name=\"twitter:label1\" content=\"Dur\u00e9e de lecture estim\u00e9e\" \/>\n\t<meta name=\"twitter:data1\" content=\"3 minutes\" \/>\n<script type=\"application\/ld+json\" class=\"yoast-schema-graph\">{\"@context\":\"https:\\\/\\\/schema.org\",\"@graph\":[{\"@type\":\"WebPage\",\"@id\":\"https:\\\/\\\/fireware.nl\\\/fr\\\/product\\\/mannequin-pour-un-sauvetage-par-helicoptere\\\/\",\"url\":\"https:\\\/\\\/fireware.nl\\\/fr\\\/product\\\/mannequin-pour-un-sauvetage-par-helicoptere\\\/\",\"name\":\"Ruth Lee Mannequin pour un sauvetage par h\u00e9licopt\u00e8re - FireWare\",\"isPartOf\":{\"@id\":\"https:\\\/\\\/fireware.nl\\\/fr\\\/#website\"},\"primaryImageOfPage\":{\"@id\":\"https:\\\/\\\/fireware.nl\\\/fr\\\/product\\\/mannequin-pour-un-sauvetage-par-helicoptere\\\/#primaryimage\"},\"image\":{\"@id\":\"https:\\\/\\\/fireware.nl\\\/fr\\\/product\\\/mannequin-pour-un-sauvetage-par-helicoptere\\\/#primaryimage\"},\"thumbnailUrl\":\"https:\\\/\\\/fireware.nl\\\/wp-content\\\/uploads\\\/2020\\\/10\\\/017-043-120-Helikopterredding-Oefenpop-white-background.jpg\",\"datePublished\":\"2020-10-16T12:18:04+00:00\",\"dateModified\":\"2025-05-21T11:05:07+00:00\",\"breadcrumb\":{\"@id\":\"https:\\\/\\\/fireware.nl\\\/fr\\\/product\\\/mannequin-pour-un-sauvetage-par-helicoptere\\\/#breadcrumb\"},\"inLanguage\":\"fr-FR\",\"potentialAction\":[{\"@type\":\"ReadAction\",\"target\":[\"https:\\\/\\\/fireware.nl\\\/fr\\\/product\\\/mannequin-pour-un-sauvetage-par-helicoptere\\\/\"]}]},{\"@type\":\"ImageObject\",\"inLanguage\":\"fr-FR\",\"@id\":\"https:\\\/\\\/fireware.nl\\\/fr\\\/product\\\/mannequin-pour-un-sauvetage-par-helicoptere\\\/#primaryimage\",\"url\":\"https:\\\/\\\/fireware.nl\\\/wp-content\\\/uploads\\\/2020\\\/10\\\/017-043-120-Helikopterredding-Oefenpop-white-background.jpg\",\"contentUrl\":\"https:\\\/\\\/fireware.nl\\\/wp-content\\\/uploads\\\/2020\\\/10\\\/017-043-120-Helikopterredding-Oefenpop-white-background.jpg\",\"width\":600,\"height\":600},{\"@type\":\"BreadcrumbList\",\"@id\":\"https:\\\/\\\/fireware.nl\\\/fr\\\/product\\\/mannequin-pour-un-sauvetage-par-helicoptere\\\/#breadcrumb\",\"itemListElement\":[{\"@type\":\"ListItem\",\"position\":1,\"name\":\"Home\",\"item\":\"https:\\\/\\\/fireware.nl\\\/fr\\\/\"},{\"@type\":\"ListItem\",\"position\":2,\"name\":\"Produits\",\"item\":\"https:\\\/\\\/fireware.nl\\\/fr\\\/produits\\\/\"},{\"@type\":\"ListItem\",\"position\":3,\"name\":\"Ruth Lee Mannequin pour un sauvetage par h\u00e9licopt\u00e8re\"}]},{\"@type\":\"WebSite\",\"@id\":\"https:\\\/\\\/fireware.nl\\\/fr\\\/#website\",\"url\":\"https:\\\/\\\/fireware.nl\\\/fr\\\/\",\"name\":\"FireWare\",\"description\":\"CREATING REALISTIC  TRAINING ENVIRONMENTS\",\"publisher\":{\"@id\":\"https:\\\/\\\/fireware.nl\\\/fr\\\/#organization\"},\"potentialAction\":[{\"@type\":\"SearchAction\",\"target\":{\"@type\":\"EntryPoint\",\"urlTemplate\":\"https:\\\/\\\/fireware.nl\\\/fr\\\/?s={search_term_string}\"},\"query-input\":{\"@type\":\"PropertyValueSpecification\",\"valueRequired\":true,\"valueName\":\"search_term_string\"}}],\"inLanguage\":\"fr-FR\"},{\"@type\":\"Organization\",\"@id\":\"https:\\\/\\\/fireware.nl\\\/fr\\\/#organization\",\"name\":\"FireWare\",\"url\":\"https:\\\/\\\/fireware.nl\\\/fr\\\/\",\"logo\":{\"@type\":\"ImageObject\",\"inLanguage\":\"fr-FR\",\"@id\":\"https:\\\/\\\/fireware.nl\\\/fr\\\/#\\\/schema\\\/logo\\\/image\\\/\",\"url\":\"https:\\\/\\\/fireware.nl\\\/wp-content\\\/uploads\\\/2018\\\/10\\\/FireWare-logo.jpg\",\"contentUrl\":\"https:\\\/\\\/fireware.nl\\\/wp-content\\\/uploads\\\/2018\\\/10\\\/FireWare-logo.jpg\",\"width\":171,\"height\":70,\"caption\":\"FireWare\"},\"image\":{\"@id\":\"https:\\\/\\\/fireware.nl\\\/fr\\\/#\\\/schema\\\/logo\\\/image\\\/\"},\"sameAs\":[\"https:\\\/\\\/www.facebook.com\\\/FireWareBV\\\/\",\"https:\\\/\\\/x.com\\\/FireWarebv\",\"https:\\\/\\\/www.instagram.com\\\/fireware_nl\\\/\",\"https:\\\/\\\/www.linkedin.com\\\/company\\\/3586017\\\/\",\"https:\\\/\\\/www.youtube.com\\\/user\\\/firesalesrentconsult\"]}]}<\/script>\n<!-- \/ Yoast SEO plugin. -->","yoast_head_json":{"title":"Ruth Lee Mannequin pour un sauvetage par h\u00e9licopt\u00e8re - FireWare","robots":{"index":"index","follow":"follow","max-snippet":"max-snippet:-1","max-image-preview":"max-image-preview:large","max-video-preview":"max-video-preview:-1"},"canonical":"https:\/\/fireware.nl\/fr\/product\/mannequin-pour-un-sauvetage-par-helicoptere\/","og_locale":"fr_FR","og_type":"article","og_title":"Ruth Lee Mannequin pour un sauvetage par h\u00e9licopt\u00e8re - FireWare","og_description":"Sp\u00e9cialement con\u00e7u pour s\u2019entra\u00eener aux sauvetages en h\u00e9licopt\u00e8re.  Un mannequin adulte a un poids \u00e0 sec de 40 kg, qui passe \u00e0 65 kg lorsqu\u2019il est hiss\u00e9 hors de l\u2019eau.  Compatible avec des sangles de levage standard ou pour hypothermie.  Des boucles situ\u00e9es \u00e0 l\u2019int\u00e9rieur des genoux et des chevilles permettent de maintenir les jambes ensemble.  Flotte en position horizontale, verticale ou \u00e0 un angle de 45 degr\u00e9s.  Combine orange vif et bandes r\u00e9fl\u00e9chissantes SOLAS sur la t\u00eate du mannequin.  Reste en position stable en \"W\" lors de la remont\u00e9e vers l\u2019h\u00e9licopt\u00e8re.  Pieds souples con\u00e7us pour un drainage rapide, \u00e9vitant ainsi l\u2019accumulation d\u2019eau dans l\u2019h\u00e9licopt\u00e8re.  Sangles robustes pour faciliter la manipulation, le stockage et le s\u00e9chage en suspension.  Livr\u00e9 avec une combinaison et des pieds souples, facilement rempla\u00e7ables en cas de dommage.","og_url":"https:\/\/fireware.nl\/fr\/product\/mannequin-pour-un-sauvetage-par-helicoptere\/","og_site_name":"FireWare","article_publisher":"https:\/\/www.facebook.com\/FireWareBV\/","article_modified_time":"2025-05-21T11:05:07+00:00","og_image":[{"width":600,"height":600,"url":"https:\/\/fireware.nl\/wp-content\/uploads\/2020\/10\/017-043-120-Helikopterredding-Oefenpop-white-background.jpg","type":"image\/jpeg"}],"twitter_card":"summary_large_image","twitter_site":"@FireWarebv","twitter_misc":{"Dur\u00e9e de lecture estim\u00e9e":"3 minutes"},"schema":{"@context":"https:\/\/schema.org","@graph":[{"@type":"WebPage","@id":"https:\/\/fireware.nl\/fr\/product\/mannequin-pour-un-sauvetage-par-helicoptere\/","url":"https:\/\/fireware.nl\/fr\/product\/mannequin-pour-un-sauvetage-par-helicoptere\/","name":"Ruth Lee Mannequin pour un sauvetage par h\u00e9licopt\u00e8re - FireWare","isPartOf":{"@id":"https:\/\/fireware.nl\/fr\/#website"},"primaryImageOfPage":{"@id":"https:\/\/fireware.nl\/fr\/product\/mannequin-pour-un-sauvetage-par-helicoptere\/#primaryimage"},"image":{"@id":"https:\/\/fireware.nl\/fr\/product\/mannequin-pour-un-sauvetage-par-helicoptere\/#primaryimage"},"thumbnailUrl":"https:\/\/fireware.nl\/wp-content\/uploads\/2020\/10\/017-043-120-Helikopterredding-Oefenpop-white-background.jpg","datePublished":"2020-10-16T12:18:04+00:00","dateModified":"2025-05-21T11:05:07+00:00","breadcrumb":{"@id":"https:\/\/fireware.nl\/fr\/product\/mannequin-pour-un-sauvetage-par-helicoptere\/#breadcrumb"},"inLanguage":"fr-FR","potentialAction":[{"@type":"ReadAction","target":["https:\/\/fireware.nl\/fr\/product\/mannequin-pour-un-sauvetage-par-helicoptere\/"]}]},{"@type":"ImageObject","inLanguage":"fr-FR","@id":"https:\/\/fireware.nl\/fr\/product\/mannequin-pour-un-sauvetage-par-helicoptere\/#primaryimage","url":"https:\/\/fireware.nl\/wp-content\/uploads\/2020\/10\/017-043-120-Helikopterredding-Oefenpop-white-background.jpg","contentUrl":"https:\/\/fireware.nl\/wp-content\/uploads\/2020\/10\/017-043-120-Helikopterredding-Oefenpop-white-background.jpg","width":600,"height":600},{"@type":"BreadcrumbList","@id":"https:\/\/fireware.nl\/fr\/product\/mannequin-pour-un-sauvetage-par-helicoptere\/#breadcrumb","itemListElement":[{"@type":"ListItem","position":1,"name":"Home","item":"https:\/\/fireware.nl\/fr\/"},{"@type":"ListItem","position":2,"name":"Produits","item":"https:\/\/fireware.nl\/fr\/produits\/"},{"@type":"ListItem","position":3,"name":"Ruth Lee Mannequin pour un sauvetage par h\u00e9licopt\u00e8re"}]},{"@type":"WebSite","@id":"https:\/\/fireware.nl\/fr\/#website","url":"https:\/\/fireware.nl\/fr\/","name":"FireWare","description":"CREATING REALISTIC  TRAINING ENVIRONMENTS","publisher":{"@id":"https:\/\/fireware.nl\/fr\/#organization"},"potentialAction":[{"@type":"SearchAction","target":{"@type":"EntryPoint","urlTemplate":"https:\/\/fireware.nl\/fr\/?s={search_term_string}"},"query-input":{"@type":"PropertyValueSpecification","valueRequired":true,"valueName":"search_term_string"}}],"inLanguage":"fr-FR"},{"@type":"Organization","@id":"https:\/\/fireware.nl\/fr\/#organization","name":"FireWare","url":"https:\/\/fireware.nl\/fr\/","logo":{"@type":"ImageObject","inLanguage":"fr-FR","@id":"https:\/\/fireware.nl\/fr\/#\/schema\/logo\/image\/","url":"https:\/\/fireware.nl\/wp-content\/uploads\/2018\/10\/FireWare-logo.jpg","contentUrl":"https:\/\/fireware.nl\/wp-content\/uploads\/2018\/10\/FireWare-logo.jpg","width":171,"height":70,"caption":"FireWare"},"image":{"@id":"https:\/\/fireware.nl\/fr\/#\/schema\/logo\/image\/"},"sameAs":["https:\/\/www.facebook.com\/FireWareBV\/","https:\/\/x.com\/FireWarebv","https:\/\/www.instagram.com\/fireware_nl\/","https:\/\/www.linkedin.com\/company\/3586017\/","https:\/\/www.youtube.com\/user\/firesalesrentconsult"]}]}},"publishpress_future_workflow_manual_trigger":{"enabledWorkflows":[]},"_links":{"self":[{"href":"https:\/\/fireware.nl\/fr\/wp-json\/wp\/v2\/product\/50334","targetHints":{"allow":["GET"]}}],"collection":[{"href":"https:\/\/fireware.nl\/fr\/wp-json\/wp\/v2\/product"}],"about":[{"href":"https:\/\/fireware.nl\/fr\/wp-json\/wp\/v2\/types\/product"}],"wp:featuredmedia":[{"embeddable":true,"href":"https:\/\/fireware.nl\/fr\/wp-json\/wp\/v2\/media\/49821"}],"wp:attachment":[{"href":"https:\/\/fireware.nl\/fr\/wp-json\/wp\/v2\/media?parent=50334"}],"wp:term":[{"taxonomy":"product_brand","embeddable":true,"href":"https:\/\/fireware.nl\/fr\/wp-json\/wp\/v2\/product_brand?post=50334"},{"taxonomy":"product_cat","embeddable":true,"href":"https:\/\/fireware.nl\/fr\/wp-json\/wp\/v2\/product_cat?post=50334"},{"taxonomy":"product_tag","embeddable":true,"href":"https:\/\/fireware.nl\/fr\/wp-json\/wp\/v2\/product_tag?post=50334"}],"curies":[{"name":"wp","href":"https:\/\/api.w.org\/{rel}","templated":true}]}}