
{"id":50840,"date":"2020-08-28T14:31:09","date_gmt":"2020-08-28T14:31:09","guid":{"rendered":"https:\/\/fireware.nl\/product\/mannequin-techniques-dintervention-physique\/"},"modified":"2025-05-28T11:50:05","modified_gmt":"2025-05-28T11:50:05","slug":"mannequin-techniques-dintervention-physique","status":"publish","type":"product","link":"https:\/\/fireware.nl\/fr\/product\/mannequin-techniques-dintervention-physique\/","title":{"rendered":"Ruth Lee Mannequin Techniques d&#8217;intervention physique"},"content":{"rendered":"\r\n<h2>Manikins d&#8217;entra\u00eenement Ruth Lee<\/h2>\r\n<p>Les Manikins d&#8217;entra\u00eenement Ruth Lee sont con\u00e7ues pour un entra\u00eenement r\u00e9aliste et efficace. Ces Manikins sont reconnues pour leur durabilit\u00e9 et leur polyvalence, id\u00e9ales pour former les pompiers, les sauveteurs, les services de secours et d&#8217;autres services d&#8217;urgence. Avec les Manikins d&#8217;entra\u00eenement Ruth Lee, vous pouvez simuler des sc\u00e9narios r\u00e9alistes, pr\u00e9parant ainsi les intervenants \u00e0 de vraies situations d&#8217;urgence. La gamme comprend des poup\u00e9es pour une vari\u00e9t\u00e9 de formations et dans diff\u00e9rentes tailles et poids.<\/p>\r\n<h2>Dans un but de pr\u00e9vention, pr\u00e9parez les participants aux sc\u00e9narios violents<\/h2>\r\n<p>Le mannequin PMVA (Prevention and Management of Violence and Aggression) a \u00e9t\u00e9 d\u00e9velopp\u00e9 sp\u00e9cifiquement pour pratiquer les techniques d&#8217;intervention physique.\u00a0 Ces techniques peuvent r\u00e9duire l&#8217;escalade de la violence dans les institutions qui soignent des clients pr\u00e9sentant r\u00e9guli\u00e8rement un comportement violent. Pensez aux institutions psychiatriques, mais aussi aux prisons, aux \u00e9tablissements de protection de la jeunesse, aux prestataires de soins ambulatoires, \u00e0 la police et \u00e0 l&#8217;\u00e9ducation sp\u00e9cialis\u00e9e.<\/p>\r\n<h2>Enseignez les diff\u00e9rentes techniques d&#8217;intervention pour pr\u00e9venir des escalades<\/h2>\r\n<p>Les collaborateurs dans le secteur des soins de sant\u00e9 mentale doivent \u00eatre familiaris\u00e9s avec de diverses techniques d&#8217;intervention. Cela pourra \u00e9viter l&#8217;escalade de conflits. Ce mannequin a \u00e9t\u00e9 sp\u00e9cialement d\u00e9velopp\u00e9 pour enseigner l&#8217;application des diff\u00e9rentes techniques d&#8217;intervention physique. Par exemple, les articulations de l&#8217;\u00e9paule, du coude et du poignet r\u00e9agissent de mani\u00e8re r\u00e9aliste lorsqu&#8217;une force est appliqu\u00e9e sur les points de pression. Des techniques de serrage peuvent \u00e9galement \u00eatre appliqu\u00e9es, tant sur un mannequin assis que couch\u00e9. Les articulations du corps sont faites d&#8217;un mat\u00e9riau souple. Cela permet d&#8217;\u00e9viter aux participants d&#8217;avoir des vergetures ou des ecchymoses.<\/p>\r\n<p>Le mannequin p\u00e8se 30 kilos, avec un rapport r\u00e9aliste entre la longueur et le poids. Le mannequin donne l&#8217;impression d&#8217;\u00eatre un adulte inconscient. Il est possible d&#8217;appliquer une minerve. Nous livrons le mannequin Soins de sant\u00e9 mentale avec des bottes et des salopettes, faciles \u00e0 remplacer quand elles sont endommag\u00e9es.<\/p>\r\n<p>Surprenez vos participants en faisant le mannequin parler ou crier. \u00c0 l&#8217;aide du ShoutBox, vous pouvez faire entendre \u00e0 plusieurs reprises un message pr\u00e9enregistr\u00e9 pendant 60 secondes maximum. L&#8217;intervalle de temps est r\u00e9glable.<\/p>\r\n<p><iframe loading=\"lazy\" src=\"https:\/\/player.vimeo.com\/video\/452582333\" width=\"640\" height=\"360\" frameborder=\"0\" allowfullscreen=\"allowfullscreen\"><\/iframe><\/p>\r\n","protected":false},"excerpt":{"rendered":"<ul>\n<li>Sp\u00e9cialement con\u00e7u pour les soins de sant\u00e9 mentale.<\/li>\n<li>Convient pour l&#8217;application de diverses techniques d&#8217;intervention physique.<\/li>\n<li>Les articulations contiennent des points de pression qui r\u00e9agissent de mani\u00e8re r\u00e9aliste \u00e0 l&#8217;application d&#8217;une force.<\/li>\n<li>Rapport r\u00e9aliste entre la longueur et le poids. Le mannequin donne l&#8217;impression d&#8217;\u00eatre un adulte inconscient.<\/li>\n<li>Convient pour l&#8217;utilisation d&#8217;une minerve.<\/li>\n<li>Livr\u00e9 avec des gants, des bottes et une salopette.<\/li>\n<\/ul>\n","protected":false},"featured_media":59979,"template":"","meta":[],"product_brand":[],"product_cat":[119,2184],"product_tag":[],"class_list":{"0":"post-50840","1":"product","2":"type-product","3":"status-publish","4":"has-post-thumbnail","6":"product_cat-mannequins-de-police","7":"product_cat-mannequins-de-soins","8":"pa_gewicht-lengte-30kg-180cm-fr","10":"first","11":"instock","12":"taxable","13":"shipping-taxable","14":"purchasable","15":"product-type-simple"},"yoast_head":"<!-- This site is optimized with the Yoast SEO plugin v27.5 - https:\/\/yoast.com\/product\/yoast-seo-wordpress\/ -->\n<title>Ruth Lee Mannequin Techniques d&#039;intervention physique - FireWare<\/title>\n<meta name=\"robots\" content=\"index, follow, max-snippet:-1, max-image-preview:large, max-video-preview:-1\" \/>\n<link rel=\"canonical\" href=\"https:\/\/fireware.nl\/fr\/product\/mannequin-techniques-dintervention-physique\/\" \/>\n<meta property=\"og:locale\" content=\"fr_FR\" \/>\n<meta property=\"og:type\" content=\"article\" \/>\n<meta property=\"og:title\" content=\"Ruth Lee Mannequin Techniques d&#039;intervention physique - FireWare\" \/>\n<meta property=\"og:description\" content=\"Sp\u00e9cialement con\u00e7u pour les soins de sant\u00e9 mentale. Convient pour l&#039;application de diverses techniques d&#039;intervention physique. Les articulations contiennent des points de pression qui r\u00e9agissent de mani\u00e8re r\u00e9aliste \u00e0 l&#039;application d&#039;une force. Rapport r\u00e9aliste entre la longueur et le poids. Le mannequin donne l&#039;impression d&#039;\u00eatre un adulte inconscient. Convient pour l&#039;utilisation d&#039;une minerve. Livr\u00e9 avec des gants, des bottes et une salopette.\" \/>\n<meta property=\"og:url\" content=\"https:\/\/fireware.nl\/fr\/product\/mannequin-techniques-dintervention-physique\/\" \/>\n<meta property=\"og:site_name\" content=\"FireWare\" \/>\n<meta property=\"article:publisher\" content=\"https:\/\/www.facebook.com\/FireWareBV\/\" \/>\n<meta property=\"article:modified_time\" content=\"2025-05-28T11:50:05+00:00\" \/>\n<meta property=\"og:image\" content=\"https:\/\/fireware.nl\/wp-content\/uploads\/2020\/08\/017-043-117-Oefenpop-Geestelijke-Gezondheidszorg-1.jpg\" \/>\n\t<meta property=\"og:image:width\" content=\"600\" \/>\n\t<meta property=\"og:image:height\" content=\"600\" \/>\n\t<meta property=\"og:image:type\" content=\"image\/jpeg\" \/>\n<meta name=\"twitter:card\" content=\"summary_large_image\" \/>\n<meta name=\"twitter:site\" content=\"@FireWarebv\" \/>\n<meta name=\"twitter:label1\" content=\"Dur\u00e9e de lecture estim\u00e9e\" \/>\n\t<meta name=\"twitter:data1\" content=\"2 minutes\" \/>\n<script type=\"application\/ld+json\" class=\"yoast-schema-graph\">{\"@context\":\"https:\\\/\\\/schema.org\",\"@graph\":[{\"@type\":\"WebPage\",\"@id\":\"https:\\\/\\\/fireware.nl\\\/fr\\\/product\\\/mannequin-techniques-dintervention-physique\\\/\",\"url\":\"https:\\\/\\\/fireware.nl\\\/fr\\\/product\\\/mannequin-techniques-dintervention-physique\\\/\",\"name\":\"Ruth Lee Mannequin Techniques d'intervention physique - FireWare\",\"isPartOf\":{\"@id\":\"https:\\\/\\\/fireware.nl\\\/fr\\\/#website\"},\"primaryImageOfPage\":{\"@id\":\"https:\\\/\\\/fireware.nl\\\/fr\\\/product\\\/mannequin-techniques-dintervention-physique\\\/#primaryimage\"},\"image\":{\"@id\":\"https:\\\/\\\/fireware.nl\\\/fr\\\/product\\\/mannequin-techniques-dintervention-physique\\\/#primaryimage\"},\"thumbnailUrl\":\"https:\\\/\\\/fireware.nl\\\/wp-content\\\/uploads\\\/2020\\\/08\\\/017-043-117-Oefenpop-Geestelijke-Gezondheidszorg-1.jpg\",\"datePublished\":\"2020-08-28T14:31:09+00:00\",\"dateModified\":\"2025-05-28T11:50:05+00:00\",\"breadcrumb\":{\"@id\":\"https:\\\/\\\/fireware.nl\\\/fr\\\/product\\\/mannequin-techniques-dintervention-physique\\\/#breadcrumb\"},\"inLanguage\":\"fr-FR\",\"potentialAction\":[{\"@type\":\"ReadAction\",\"target\":[\"https:\\\/\\\/fireware.nl\\\/fr\\\/product\\\/mannequin-techniques-dintervention-physique\\\/\"]}]},{\"@type\":\"ImageObject\",\"inLanguage\":\"fr-FR\",\"@id\":\"https:\\\/\\\/fireware.nl\\\/fr\\\/product\\\/mannequin-techniques-dintervention-physique\\\/#primaryimage\",\"url\":\"https:\\\/\\\/fireware.nl\\\/wp-content\\\/uploads\\\/2020\\\/08\\\/017-043-117-Oefenpop-Geestelijke-Gezondheidszorg-1.jpg\",\"contentUrl\":\"https:\\\/\\\/fireware.nl\\\/wp-content\\\/uploads\\\/2020\\\/08\\\/017-043-117-Oefenpop-Geestelijke-Gezondheidszorg-1.jpg\",\"width\":600,\"height\":600},{\"@type\":\"BreadcrumbList\",\"@id\":\"https:\\\/\\\/fireware.nl\\\/fr\\\/product\\\/mannequin-techniques-dintervention-physique\\\/#breadcrumb\",\"itemListElement\":[{\"@type\":\"ListItem\",\"position\":1,\"name\":\"Home\",\"item\":\"https:\\\/\\\/fireware.nl\\\/fr\\\/\"},{\"@type\":\"ListItem\",\"position\":2,\"name\":\"Produits\",\"item\":\"https:\\\/\\\/fireware.nl\\\/fr\\\/produits\\\/\"},{\"@type\":\"ListItem\",\"position\":3,\"name\":\"Ruth Lee Mannequin Techniques d&#8217;intervention physique\"}]},{\"@type\":\"WebSite\",\"@id\":\"https:\\\/\\\/fireware.nl\\\/fr\\\/#website\",\"url\":\"https:\\\/\\\/fireware.nl\\\/fr\\\/\",\"name\":\"FireWare\",\"description\":\"CREATING REALISTIC  TRAINING ENVIRONMENTS\",\"publisher\":{\"@id\":\"https:\\\/\\\/fireware.nl\\\/fr\\\/#organization\"},\"potentialAction\":[{\"@type\":\"SearchAction\",\"target\":{\"@type\":\"EntryPoint\",\"urlTemplate\":\"https:\\\/\\\/fireware.nl\\\/fr\\\/?s={search_term_string}\"},\"query-input\":{\"@type\":\"PropertyValueSpecification\",\"valueRequired\":true,\"valueName\":\"search_term_string\"}}],\"inLanguage\":\"fr-FR\"},{\"@type\":\"Organization\",\"@id\":\"https:\\\/\\\/fireware.nl\\\/fr\\\/#organization\",\"name\":\"FireWare\",\"url\":\"https:\\\/\\\/fireware.nl\\\/fr\\\/\",\"logo\":{\"@type\":\"ImageObject\",\"inLanguage\":\"fr-FR\",\"@id\":\"https:\\\/\\\/fireware.nl\\\/fr\\\/#\\\/schema\\\/logo\\\/image\\\/\",\"url\":\"https:\\\/\\\/fireware.nl\\\/wp-content\\\/uploads\\\/2018\\\/10\\\/FireWare-logo.jpg\",\"contentUrl\":\"https:\\\/\\\/fireware.nl\\\/wp-content\\\/uploads\\\/2018\\\/10\\\/FireWare-logo.jpg\",\"width\":171,\"height\":70,\"caption\":\"FireWare\"},\"image\":{\"@id\":\"https:\\\/\\\/fireware.nl\\\/fr\\\/#\\\/schema\\\/logo\\\/image\\\/\"},\"sameAs\":[\"https:\\\/\\\/www.facebook.com\\\/FireWareBV\\\/\",\"https:\\\/\\\/x.com\\\/FireWarebv\",\"https:\\\/\\\/www.instagram.com\\\/fireware_nl\\\/\",\"https:\\\/\\\/www.linkedin.com\\\/company\\\/3586017\\\/\",\"https:\\\/\\\/www.youtube.com\\\/user\\\/firesalesrentconsult\"]}]}<\/script>\n<!-- \/ Yoast SEO plugin. -->","yoast_head_json":{"title":"Ruth Lee Mannequin Techniques d'intervention physique - FireWare","robots":{"index":"index","follow":"follow","max-snippet":"max-snippet:-1","max-image-preview":"max-image-preview:large","max-video-preview":"max-video-preview:-1"},"canonical":"https:\/\/fireware.nl\/fr\/product\/mannequin-techniques-dintervention-physique\/","og_locale":"fr_FR","og_type":"article","og_title":"Ruth Lee Mannequin Techniques d'intervention physique - FireWare","og_description":"Sp\u00e9cialement con\u00e7u pour les soins de sant\u00e9 mentale. Convient pour l'application de diverses techniques d'intervention physique. Les articulations contiennent des points de pression qui r\u00e9agissent de mani\u00e8re r\u00e9aliste \u00e0 l'application d'une force. Rapport r\u00e9aliste entre la longueur et le poids. Le mannequin donne l'impression d'\u00eatre un adulte inconscient. Convient pour l'utilisation d'une minerve. Livr\u00e9 avec des gants, des bottes et une salopette.","og_url":"https:\/\/fireware.nl\/fr\/product\/mannequin-techniques-dintervention-physique\/","og_site_name":"FireWare","article_publisher":"https:\/\/www.facebook.com\/FireWareBV\/","article_modified_time":"2025-05-28T11:50:05+00:00","og_image":[{"width":600,"height":600,"url":"https:\/\/fireware.nl\/wp-content\/uploads\/2020\/08\/017-043-117-Oefenpop-Geestelijke-Gezondheidszorg-1.jpg","type":"image\/jpeg"}],"twitter_card":"summary_large_image","twitter_site":"@FireWarebv","twitter_misc":{"Dur\u00e9e de lecture estim\u00e9e":"2 minutes"},"schema":{"@context":"https:\/\/schema.org","@graph":[{"@type":"WebPage","@id":"https:\/\/fireware.nl\/fr\/product\/mannequin-techniques-dintervention-physique\/","url":"https:\/\/fireware.nl\/fr\/product\/mannequin-techniques-dintervention-physique\/","name":"Ruth Lee Mannequin Techniques d'intervention physique - FireWare","isPartOf":{"@id":"https:\/\/fireware.nl\/fr\/#website"},"primaryImageOfPage":{"@id":"https:\/\/fireware.nl\/fr\/product\/mannequin-techniques-dintervention-physique\/#primaryimage"},"image":{"@id":"https:\/\/fireware.nl\/fr\/product\/mannequin-techniques-dintervention-physique\/#primaryimage"},"thumbnailUrl":"https:\/\/fireware.nl\/wp-content\/uploads\/2020\/08\/017-043-117-Oefenpop-Geestelijke-Gezondheidszorg-1.jpg","datePublished":"2020-08-28T14:31:09+00:00","dateModified":"2025-05-28T11:50:05+00:00","breadcrumb":{"@id":"https:\/\/fireware.nl\/fr\/product\/mannequin-techniques-dintervention-physique\/#breadcrumb"},"inLanguage":"fr-FR","potentialAction":[{"@type":"ReadAction","target":["https:\/\/fireware.nl\/fr\/product\/mannequin-techniques-dintervention-physique\/"]}]},{"@type":"ImageObject","inLanguage":"fr-FR","@id":"https:\/\/fireware.nl\/fr\/product\/mannequin-techniques-dintervention-physique\/#primaryimage","url":"https:\/\/fireware.nl\/wp-content\/uploads\/2020\/08\/017-043-117-Oefenpop-Geestelijke-Gezondheidszorg-1.jpg","contentUrl":"https:\/\/fireware.nl\/wp-content\/uploads\/2020\/08\/017-043-117-Oefenpop-Geestelijke-Gezondheidszorg-1.jpg","width":600,"height":600},{"@type":"BreadcrumbList","@id":"https:\/\/fireware.nl\/fr\/product\/mannequin-techniques-dintervention-physique\/#breadcrumb","itemListElement":[{"@type":"ListItem","position":1,"name":"Home","item":"https:\/\/fireware.nl\/fr\/"},{"@type":"ListItem","position":2,"name":"Produits","item":"https:\/\/fireware.nl\/fr\/produits\/"},{"@type":"ListItem","position":3,"name":"Ruth Lee Mannequin Techniques d&#8217;intervention physique"}]},{"@type":"WebSite","@id":"https:\/\/fireware.nl\/fr\/#website","url":"https:\/\/fireware.nl\/fr\/","name":"FireWare","description":"CREATING REALISTIC  TRAINING ENVIRONMENTS","publisher":{"@id":"https:\/\/fireware.nl\/fr\/#organization"},"potentialAction":[{"@type":"SearchAction","target":{"@type":"EntryPoint","urlTemplate":"https:\/\/fireware.nl\/fr\/?s={search_term_string}"},"query-input":{"@type":"PropertyValueSpecification","valueRequired":true,"valueName":"search_term_string"}}],"inLanguage":"fr-FR"},{"@type":"Organization","@id":"https:\/\/fireware.nl\/fr\/#organization","name":"FireWare","url":"https:\/\/fireware.nl\/fr\/","logo":{"@type":"ImageObject","inLanguage":"fr-FR","@id":"https:\/\/fireware.nl\/fr\/#\/schema\/logo\/image\/","url":"https:\/\/fireware.nl\/wp-content\/uploads\/2018\/10\/FireWare-logo.jpg","contentUrl":"https:\/\/fireware.nl\/wp-content\/uploads\/2018\/10\/FireWare-logo.jpg","width":171,"height":70,"caption":"FireWare"},"image":{"@id":"https:\/\/fireware.nl\/fr\/#\/schema\/logo\/image\/"},"sameAs":["https:\/\/www.facebook.com\/FireWareBV\/","https:\/\/x.com\/FireWarebv","https:\/\/www.instagram.com\/fireware_nl\/","https:\/\/www.linkedin.com\/company\/3586017\/","https:\/\/www.youtube.com\/user\/firesalesrentconsult"]}]}},"publishpress_future_workflow_manual_trigger":{"enabledWorkflows":[]},"_links":{"self":[{"href":"https:\/\/fireware.nl\/fr\/wp-json\/wp\/v2\/product\/50840","targetHints":{"allow":["GET"]}}],"collection":[{"href":"https:\/\/fireware.nl\/fr\/wp-json\/wp\/v2\/product"}],"about":[{"href":"https:\/\/fireware.nl\/fr\/wp-json\/wp\/v2\/types\/product"}],"wp:featuredmedia":[{"embeddable":true,"href":"https:\/\/fireware.nl\/fr\/wp-json\/wp\/v2\/media\/59979"}],"wp:attachment":[{"href":"https:\/\/fireware.nl\/fr\/wp-json\/wp\/v2\/media?parent=50840"}],"wp:term":[{"taxonomy":"product_brand","embeddable":true,"href":"https:\/\/fireware.nl\/fr\/wp-json\/wp\/v2\/product_brand?post=50840"},{"taxonomy":"product_cat","embeddable":true,"href":"https:\/\/fireware.nl\/fr\/wp-json\/wp\/v2\/product_cat?post=50840"},{"taxonomy":"product_tag","embeddable":true,"href":"https:\/\/fireware.nl\/fr\/wp-json\/wp\/v2\/product_tag?post=50840"}],"curies":[{"name":"wp","href":"https:\/\/api.w.org\/{rel}","templated":true}]}}