
{"id":54445,"date":"2021-01-27T08:32:41","date_gmt":"2021-01-27T08:32:41","guid":{"rendered":"https:\/\/fireware.nl\/product\/goupille-de-verrouillage-pour-extincteurs-de-formation\/"},"modified":"2024-05-03T08:39:15","modified_gmt":"2024-05-03T08:39:15","slug":"goupille-de-verrouillage-pour-extincteurs-de-formation","status":"publish","type":"product","link":"https:\/\/fireware.nl\/fr\/product\/goupille-de-verrouillage-pour-extincteurs-de-formation\/","title":{"rendered":"Goupille de verrouillage pour l&#8217;extincteurs de formation"},"content":{"rendered":"<h2>Ne perdez jamais votre goupille de verrouillage<\/h2>\n<p>Rendez votre exercice d\u2019extinction encore plus r\u00e9aliste avec l&#8217;utilisation de goupilles de verrouillage. Lorsque l&#8217;\u00e9l\u00e8ve enl\u00e8ve la goupille de verrouillage, l&#8217;extincteur de formation est pr\u00eat pour une tentative d&#8217;extinction. Parce que le c\u00e2ble en acier est \u00e9quip\u00e9 d&#8217;un arr\u00eat de c\u00e2ble en acier, vous ne perdrez jamais la goupille de verrouillage!<\/p>\n<p>La goupille de verrouillage convient pour une utilisation avec<a href=\"https:\/\/fireware.nl\/fr\/produit\/extincteur-de-formation-neptune-a-poignee-a-presser-6-l-pression-permanente\/\" target=\"_blank\" rel=\"noopener\"> l&#8217;extincteur de formation Neptune \u00e0 poign\u00e9e \u00e0 presser 6 L Pression permanente<\/a>, <a href=\"https:\/\/fireware.nl\/fr\/produit\/extincteur-de-formation-apollo-a-poignee-a-presser-6-l-pression-permanente\/\" target=\"_blank\" rel=\"noopener\">l&#8217;extincteur de formation Apollo \u00e0 poign\u00e9e \u00e0 presser 6 L Pression permanente<\/a> et <a href=\"https:\/\/fireware.nl\/fr\/produit\/extincteur-de-formation-apollo-co2-l\/\" target=\"_blank\" rel=\"noopener\">l&#8217;extincteur de formation Apollo Co\u00b2 2 L<\/a>.<\/p>\n","protected":false},"excerpt":{"rendered":"<ul>\n<li>Goupille de verrouillage pour l&#8217;extincteurs de formation FireWare 2L et 6L;<\/li>\n<li>Disponible s\u00e9par\u00e9ment et en lot de 10 pi\u00e8ces.<\/li>\n<\/ul>\n","protected":false},"featured_media":54363,"template":"","meta":[],"product_brand":[],"product_cat":[101],"product_tag":[],"class_list":{"0":"post-54445","1":"product","2":"type-product","3":"status-publish","4":"has-post-thumbnail","6":"product_cat-extincteurs-de-formation","7":"pa_hoeveelheid-1-piece-pour-extincteur-de-formation-6l","8":"pa_hoeveelheid-1-piece-pour-extincteur-d-entrainement-au-co2-de-2l","9":"pa_hoeveelheid-10-pieces-pour-extincteur-de-formation-co2-2l","10":"pa_hoeveelheid-10-pieces-pour-extincteurs-de-formation-6l","12":"first","13":"instock","14":"taxable","15":"shipping-taxable","16":"purchasable","17":"product-type-variable"},"yoast_head":"<!-- This site is optimized with the Yoast SEO plugin v27.5 - https:\/\/yoast.com\/product\/yoast-seo-wordpress\/ -->\n<title>Goupille de verrouillage pour l&#039;extincteurs de formation - FireWare<\/title>\n<meta name=\"robots\" content=\"index, follow, max-snippet:-1, max-image-preview:large, max-video-preview:-1\" \/>\n<link rel=\"canonical\" href=\"https:\/\/fireware.nl\/fr\/product\/goupille-de-verrouillage-pour-extincteurs-de-formation\/\" \/>\n<meta property=\"og:locale\" content=\"fr_FR\" \/>\n<meta property=\"og:type\" content=\"article\" \/>\n<meta property=\"og:title\" content=\"Goupille de verrouillage pour l&#039;extincteurs de formation - FireWare\" \/>\n<meta property=\"og:description\" content=\"Goupille de verrouillage pour l&#039;extincteurs de formation FireWare 2L et 6L;  Disponible s\u00e9par\u00e9ment et en lot de 10 pi\u00e8ces.\" \/>\n<meta property=\"og:url\" content=\"https:\/\/fireware.nl\/fr\/product\/goupille-de-verrouillage-pour-extincteurs-de-formation\/\" \/>\n<meta property=\"og:site_name\" content=\"FireWare\" \/>\n<meta property=\"article:publisher\" content=\"https:\/\/www.facebook.com\/FireWareBV\/\" \/>\n<meta property=\"article:modified_time\" content=\"2024-05-03T08:39:15+00:00\" \/>\n<meta property=\"og:image\" content=\"https:\/\/fireware.nl\/wp-content\/uploads\/2021\/01\/066-100-015-Borgpennen-oefenblusser-1.jpg\" \/>\n\t<meta property=\"og:image:width\" content=\"600\" \/>\n\t<meta property=\"og:image:height\" content=\"600\" \/>\n\t<meta property=\"og:image:type\" content=\"image\/jpeg\" \/>\n<meta name=\"twitter:card\" content=\"summary_large_image\" \/>\n<meta name=\"twitter:site\" content=\"@FireWarebv\" \/>\n<meta name=\"twitter:label1\" content=\"Dur\u00e9e de lecture estim\u00e9e\" \/>\n\t<meta name=\"twitter:data1\" content=\"1 minute\" \/>\n<script type=\"application\/ld+json\" class=\"yoast-schema-graph\">{\"@context\":\"https:\\\/\\\/schema.org\",\"@graph\":[{\"@type\":\"WebPage\",\"@id\":\"https:\\\/\\\/fireware.nl\\\/fr\\\/product\\\/goupille-de-verrouillage-pour-extincteurs-de-formation\\\/\",\"url\":\"https:\\\/\\\/fireware.nl\\\/fr\\\/product\\\/goupille-de-verrouillage-pour-extincteurs-de-formation\\\/\",\"name\":\"Goupille de verrouillage pour l'extincteurs de formation - FireWare\",\"isPartOf\":{\"@id\":\"https:\\\/\\\/fireware.nl\\\/fr\\\/#website\"},\"primaryImageOfPage\":{\"@id\":\"https:\\\/\\\/fireware.nl\\\/fr\\\/product\\\/goupille-de-verrouillage-pour-extincteurs-de-formation\\\/#primaryimage\"},\"image\":{\"@id\":\"https:\\\/\\\/fireware.nl\\\/fr\\\/product\\\/goupille-de-verrouillage-pour-extincteurs-de-formation\\\/#primaryimage\"},\"thumbnailUrl\":\"https:\\\/\\\/fireware.nl\\\/wp-content\\\/uploads\\\/2021\\\/01\\\/066-100-015-Borgpennen-oefenblusser-1.jpg\",\"datePublished\":\"2021-01-27T08:32:41+00:00\",\"dateModified\":\"2024-05-03T08:39:15+00:00\",\"breadcrumb\":{\"@id\":\"https:\\\/\\\/fireware.nl\\\/fr\\\/product\\\/goupille-de-verrouillage-pour-extincteurs-de-formation\\\/#breadcrumb\"},\"inLanguage\":\"fr-FR\",\"potentialAction\":[{\"@type\":\"ReadAction\",\"target\":[\"https:\\\/\\\/fireware.nl\\\/fr\\\/product\\\/goupille-de-verrouillage-pour-extincteurs-de-formation\\\/\"]}]},{\"@type\":\"ImageObject\",\"inLanguage\":\"fr-FR\",\"@id\":\"https:\\\/\\\/fireware.nl\\\/fr\\\/product\\\/goupille-de-verrouillage-pour-extincteurs-de-formation\\\/#primaryimage\",\"url\":\"https:\\\/\\\/fireware.nl\\\/wp-content\\\/uploads\\\/2021\\\/01\\\/066-100-015-Borgpennen-oefenblusser-1.jpg\",\"contentUrl\":\"https:\\\/\\\/fireware.nl\\\/wp-content\\\/uploads\\\/2021\\\/01\\\/066-100-015-Borgpennen-oefenblusser-1.jpg\",\"width\":600,\"height\":600},{\"@type\":\"BreadcrumbList\",\"@id\":\"https:\\\/\\\/fireware.nl\\\/fr\\\/product\\\/goupille-de-verrouillage-pour-extincteurs-de-formation\\\/#breadcrumb\",\"itemListElement\":[{\"@type\":\"ListItem\",\"position\":1,\"name\":\"Home\",\"item\":\"https:\\\/\\\/fireware.nl\\\/fr\\\/\"},{\"@type\":\"ListItem\",\"position\":2,\"name\":\"Produits\",\"item\":\"https:\\\/\\\/fireware.nl\\\/fr\\\/produits\\\/\"},{\"@type\":\"ListItem\",\"position\":3,\"name\":\"Goupille de verrouillage pour l&#8217;extincteurs de formation\"}]},{\"@type\":\"WebSite\",\"@id\":\"https:\\\/\\\/fireware.nl\\\/fr\\\/#website\",\"url\":\"https:\\\/\\\/fireware.nl\\\/fr\\\/\",\"name\":\"FireWare\",\"description\":\"CREATING REALISTIC  TRAINING ENVIRONMENTS\",\"publisher\":{\"@id\":\"https:\\\/\\\/fireware.nl\\\/fr\\\/#organization\"},\"potentialAction\":[{\"@type\":\"SearchAction\",\"target\":{\"@type\":\"EntryPoint\",\"urlTemplate\":\"https:\\\/\\\/fireware.nl\\\/fr\\\/?s={search_term_string}\"},\"query-input\":{\"@type\":\"PropertyValueSpecification\",\"valueRequired\":true,\"valueName\":\"search_term_string\"}}],\"inLanguage\":\"fr-FR\"},{\"@type\":\"Organization\",\"@id\":\"https:\\\/\\\/fireware.nl\\\/fr\\\/#organization\",\"name\":\"FireWare\",\"url\":\"https:\\\/\\\/fireware.nl\\\/fr\\\/\",\"logo\":{\"@type\":\"ImageObject\",\"inLanguage\":\"fr-FR\",\"@id\":\"https:\\\/\\\/fireware.nl\\\/fr\\\/#\\\/schema\\\/logo\\\/image\\\/\",\"url\":\"https:\\\/\\\/fireware.nl\\\/wp-content\\\/uploads\\\/2018\\\/10\\\/FireWare-logo.jpg\",\"contentUrl\":\"https:\\\/\\\/fireware.nl\\\/wp-content\\\/uploads\\\/2018\\\/10\\\/FireWare-logo.jpg\",\"width\":171,\"height\":70,\"caption\":\"FireWare\"},\"image\":{\"@id\":\"https:\\\/\\\/fireware.nl\\\/fr\\\/#\\\/schema\\\/logo\\\/image\\\/\"},\"sameAs\":[\"https:\\\/\\\/www.facebook.com\\\/FireWareBV\\\/\",\"https:\\\/\\\/x.com\\\/FireWarebv\",\"https:\\\/\\\/www.instagram.com\\\/fireware_nl\\\/\",\"https:\\\/\\\/www.linkedin.com\\\/company\\\/3586017\\\/\",\"https:\\\/\\\/www.youtube.com\\\/user\\\/firesalesrentconsult\"]}]}<\/script>\n<!-- \/ Yoast SEO plugin. -->","yoast_head_json":{"title":"Goupille de verrouillage pour l'extincteurs de formation - FireWare","robots":{"index":"index","follow":"follow","max-snippet":"max-snippet:-1","max-image-preview":"max-image-preview:large","max-video-preview":"max-video-preview:-1"},"canonical":"https:\/\/fireware.nl\/fr\/product\/goupille-de-verrouillage-pour-extincteurs-de-formation\/","og_locale":"fr_FR","og_type":"article","og_title":"Goupille de verrouillage pour l'extincteurs de formation - FireWare","og_description":"Goupille de verrouillage pour l'extincteurs de formation FireWare 2L et 6L;  Disponible s\u00e9par\u00e9ment et en lot de 10 pi\u00e8ces.","og_url":"https:\/\/fireware.nl\/fr\/product\/goupille-de-verrouillage-pour-extincteurs-de-formation\/","og_site_name":"FireWare","article_publisher":"https:\/\/www.facebook.com\/FireWareBV\/","article_modified_time":"2024-05-03T08:39:15+00:00","og_image":[{"width":600,"height":600,"url":"https:\/\/fireware.nl\/wp-content\/uploads\/2021\/01\/066-100-015-Borgpennen-oefenblusser-1.jpg","type":"image\/jpeg"}],"twitter_card":"summary_large_image","twitter_site":"@FireWarebv","twitter_misc":{"Dur\u00e9e de lecture estim\u00e9e":"1 minute"},"schema":{"@context":"https:\/\/schema.org","@graph":[{"@type":"WebPage","@id":"https:\/\/fireware.nl\/fr\/product\/goupille-de-verrouillage-pour-extincteurs-de-formation\/","url":"https:\/\/fireware.nl\/fr\/product\/goupille-de-verrouillage-pour-extincteurs-de-formation\/","name":"Goupille de verrouillage pour l'extincteurs de formation - FireWare","isPartOf":{"@id":"https:\/\/fireware.nl\/fr\/#website"},"primaryImageOfPage":{"@id":"https:\/\/fireware.nl\/fr\/product\/goupille-de-verrouillage-pour-extincteurs-de-formation\/#primaryimage"},"image":{"@id":"https:\/\/fireware.nl\/fr\/product\/goupille-de-verrouillage-pour-extincteurs-de-formation\/#primaryimage"},"thumbnailUrl":"https:\/\/fireware.nl\/wp-content\/uploads\/2021\/01\/066-100-015-Borgpennen-oefenblusser-1.jpg","datePublished":"2021-01-27T08:32:41+00:00","dateModified":"2024-05-03T08:39:15+00:00","breadcrumb":{"@id":"https:\/\/fireware.nl\/fr\/product\/goupille-de-verrouillage-pour-extincteurs-de-formation\/#breadcrumb"},"inLanguage":"fr-FR","potentialAction":[{"@type":"ReadAction","target":["https:\/\/fireware.nl\/fr\/product\/goupille-de-verrouillage-pour-extincteurs-de-formation\/"]}]},{"@type":"ImageObject","inLanguage":"fr-FR","@id":"https:\/\/fireware.nl\/fr\/product\/goupille-de-verrouillage-pour-extincteurs-de-formation\/#primaryimage","url":"https:\/\/fireware.nl\/wp-content\/uploads\/2021\/01\/066-100-015-Borgpennen-oefenblusser-1.jpg","contentUrl":"https:\/\/fireware.nl\/wp-content\/uploads\/2021\/01\/066-100-015-Borgpennen-oefenblusser-1.jpg","width":600,"height":600},{"@type":"BreadcrumbList","@id":"https:\/\/fireware.nl\/fr\/product\/goupille-de-verrouillage-pour-extincteurs-de-formation\/#breadcrumb","itemListElement":[{"@type":"ListItem","position":1,"name":"Home","item":"https:\/\/fireware.nl\/fr\/"},{"@type":"ListItem","position":2,"name":"Produits","item":"https:\/\/fireware.nl\/fr\/produits\/"},{"@type":"ListItem","position":3,"name":"Goupille de verrouillage pour l&#8217;extincteurs de formation"}]},{"@type":"WebSite","@id":"https:\/\/fireware.nl\/fr\/#website","url":"https:\/\/fireware.nl\/fr\/","name":"FireWare","description":"CREATING REALISTIC  TRAINING ENVIRONMENTS","publisher":{"@id":"https:\/\/fireware.nl\/fr\/#organization"},"potentialAction":[{"@type":"SearchAction","target":{"@type":"EntryPoint","urlTemplate":"https:\/\/fireware.nl\/fr\/?s={search_term_string}"},"query-input":{"@type":"PropertyValueSpecification","valueRequired":true,"valueName":"search_term_string"}}],"inLanguage":"fr-FR"},{"@type":"Organization","@id":"https:\/\/fireware.nl\/fr\/#organization","name":"FireWare","url":"https:\/\/fireware.nl\/fr\/","logo":{"@type":"ImageObject","inLanguage":"fr-FR","@id":"https:\/\/fireware.nl\/fr\/#\/schema\/logo\/image\/","url":"https:\/\/fireware.nl\/wp-content\/uploads\/2018\/10\/FireWare-logo.jpg","contentUrl":"https:\/\/fireware.nl\/wp-content\/uploads\/2018\/10\/FireWare-logo.jpg","width":171,"height":70,"caption":"FireWare"},"image":{"@id":"https:\/\/fireware.nl\/fr\/#\/schema\/logo\/image\/"},"sameAs":["https:\/\/www.facebook.com\/FireWareBV\/","https:\/\/x.com\/FireWarebv","https:\/\/www.instagram.com\/fireware_nl\/","https:\/\/www.linkedin.com\/company\/3586017\/","https:\/\/www.youtube.com\/user\/firesalesrentconsult"]}]}},"publishpress_future_workflow_manual_trigger":{"enabledWorkflows":[]},"_links":{"self":[{"href":"https:\/\/fireware.nl\/fr\/wp-json\/wp\/v2\/product\/54445","targetHints":{"allow":["GET"]}}],"collection":[{"href":"https:\/\/fireware.nl\/fr\/wp-json\/wp\/v2\/product"}],"about":[{"href":"https:\/\/fireware.nl\/fr\/wp-json\/wp\/v2\/types\/product"}],"wp:featuredmedia":[{"embeddable":true,"href":"https:\/\/fireware.nl\/fr\/wp-json\/wp\/v2\/media\/54363"}],"wp:attachment":[{"href":"https:\/\/fireware.nl\/fr\/wp-json\/wp\/v2\/media?parent=54445"}],"wp:term":[{"taxonomy":"product_brand","embeddable":true,"href":"https:\/\/fireware.nl\/fr\/wp-json\/wp\/v2\/product_brand?post=54445"},{"taxonomy":"product_cat","embeddable":true,"href":"https:\/\/fireware.nl\/fr\/wp-json\/wp\/v2\/product_cat?post=54445"},{"taxonomy":"product_tag","embeddable":true,"href":"https:\/\/fireware.nl\/fr\/wp-json\/wp\/v2\/product_tag?post=54445"}],"curies":[{"name":"wp","href":"https:\/\/api.w.org\/{rel}","templated":true}]}}