
{"id":58319,"date":"2021-03-09T10:41:15","date_gmt":"2021-03-09T10:41:15","guid":{"rendered":"https:\/\/fireware.nl\/product\/accessoire-micro-ondes\/"},"modified":"2026-01-23T14:52:36","modified_gmt":"2026-01-23T14:52:36","slug":"add-on-micro-ondes","status":"publish","type":"product","link":"https:\/\/fireware.nl\/fr\/product\/add-on-micro-ondes\/","title":{"rendered":"Add-on Micro-ondes"},"content":{"rendered":"\r\n<h2>Simulez un incendie d&#8217;un four \u00e0 micro-ondes avec notre simulateur d&#8217;incendie Vesta<\/h2>\r\n<p>Combinez cet accessoire avec notre simulateur d&#8217;incendie <a href=\"https:\/\/fireware.nl\/fr\/produit\/fireware-vesta\/\" target=\"_blank\" rel=\"noopener\">Vesta<\/a> et simulez un incendie r\u00e9aliste d&#8217;un four \u00e0 micro-ondes. Avec notre accessoire Micro-ondes, vous offrez \u00e0 chaque participant un exercice d&#8217;extinction s\u00fbr et stimulant\u00a0!<\/p>\r\n<p>L&#8217;Accessoire Micro-ondes est con\u00e7u de fa\u00e7on \u00e0 ce que le participant puisse voir d&#8217;un seul coup d&#8217;\u0153il qu&#8217;il s&#8217;agit d&#8217;un four \u00e0 micro-ondes ou d&#8217;un four combin\u00e9. En outre, la porte fonctionne comme on peut l&#8217;attendre d&#8217;un v\u00e9ritable appareil\u00a0; elle s&#8217;ouvre avec un bouton-poussoir et se verrouille lorsqu&#8217;elle est ferm\u00e9e. Cet accessoire est fabriqu\u00e9 en acier inoxydable de qualit\u00e9.<\/p>\r\n<p>\u00c0 l&#8217;int\u00e9rieur se trouve un chalumeau, qui en fait sortir une flamme par le haut lorsqu&#8217;il est allum\u00e9. En ouvrant la porte, l&#8217;instructeur ajoute une dimension suppl\u00e9mentaire. Il est possible de s&#8217;entra\u00eener avec des extincteurs (de formation) \u00e0 mousse comme avec des extincteurs \u00e0 CO<sub>2<\/sub>. Nous d\u00e9conseillons l&#8217;extinction avec du poudre.<\/p>\r\n<p>Cet accessoire est con\u00e7u de mani\u00e8re tr\u00e8s pratique. Apr\u00e8s l&#8217;exercice, l&#8217;Accessoire Micro-ondes est rang\u00e9 dans une bo\u00eete de transport en plastique. Celle-ci r\u00e9pond \u00e0 l&#8217;Euronorm et ses dimensions sont de 60 x 40 x 44 cm.<\/p>\r\n<h2>Regardez notre vid\u00e9o<\/h2>\r\n<p><iframe loading=\"lazy\" src=\"https:\/\/www.youtube.com\/embed\/TDfmPJdotU4?rel=0&amp;hl=fr&amp;cc_lang_pref=fr&amp;cc_load_policy=1\" width=\"560\" height=\"315\" frameborder=\"0\" allowfullscreen=\"allowfullscreen\"><\/iframe><\/p>\r\n","protected":false},"excerpt":{"rendered":"<ul>\n<li>Simulez un incendie d&#8217;un micro-ondes en toute s\u00e9curit\u00e9<\/li>\n<li>La porte s&#8217;ouvre avec un bouton-poussoir et se verrouille lorsqu&#8217;elle est ferm\u00e9e.<\/li>\n<li>La flamme sort par le haut moyennant un chalumeau.<\/li>\n<li>Convient \u00e0 tous les extincteurs (d&#8217;exercice) pouvant \u00e9galement \u00eatre utilis\u00e9s avec le Vesta.<\/li>\n<li>Fabriqu\u00e9 en acier inoxydable de qualit\u00e9<\/li>\n<li>Fourni dans une bo\u00eete en plastique pour faciliter le transport (60 x 40 x 32,5 cm)<\/li>\n<\/ul>\n","protected":false},"featured_media":66249,"template":"","meta":[],"product_brand":[],"product_cat":[73],"product_tag":[],"class_list":{"0":"post-58319","1":"product","2":"type-product","3":"status-publish","4":"has-post-thumbnail","6":"product_cat-pieces-add-on-pour-simulateurs-dincendie","8":"first","9":"instock","10":"taxable","11":"shipping-taxable","12":"purchasable","13":"product-type-simple"},"yoast_head":"<!-- This site is optimized with the Yoast SEO plugin v27.5 - https:\/\/yoast.com\/product\/yoast-seo-wordpress\/ -->\n<title>Add-on Micro-ondes - FireWare<\/title>\n<meta name=\"robots\" content=\"index, follow, max-snippet:-1, max-image-preview:large, max-video-preview:-1\" \/>\n<link rel=\"canonical\" href=\"https:\/\/fireware.nl\/fr\/product\/add-on-micro-ondes\/\" \/>\n<meta property=\"og:locale\" content=\"fr_FR\" \/>\n<meta property=\"og:type\" content=\"article\" \/>\n<meta property=\"og:title\" content=\"Add-on Micro-ondes - FireWare\" \/>\n<meta property=\"og:description\" content=\"Simulez un incendie d&#039;un micro-ondes en toute s\u00e9curit\u00e9 La porte s&#039;ouvre avec un bouton-poussoir et se verrouille lorsqu&#039;elle est ferm\u00e9e. La flamme sort par le haut moyennant un chalumeau. Convient \u00e0 tous les extincteurs (d&#039;exercice) pouvant \u00e9galement \u00eatre utilis\u00e9s avec le Vesta. Fabriqu\u00e9 en acier inoxydable de qualit\u00e9 Fourni dans une bo\u00eete en plastique pour faciliter le transport (60 x 40 x 32,5 cm)\" \/>\n<meta property=\"og:url\" content=\"https:\/\/fireware.nl\/fr\/product\/add-on-micro-ondes\/\" \/>\n<meta property=\"og:site_name\" content=\"FireWare\" \/>\n<meta property=\"article:publisher\" content=\"https:\/\/www.facebook.com\/FireWareBV\/\" \/>\n<meta property=\"article:modified_time\" content=\"2026-01-23T14:52:36+00:00\" \/>\n<meta property=\"og:image\" content=\"https:\/\/fireware.nl\/wp-content\/uploads\/2021\/03\/049-012-050-Add-on-magnetron-met-handvaten.jpg\" \/>\n\t<meta property=\"og:image:width\" content=\"600\" \/>\n\t<meta property=\"og:image:height\" content=\"600\" \/>\n\t<meta property=\"og:image:type\" content=\"image\/jpeg\" \/>\n<meta name=\"twitter:card\" content=\"summary_large_image\" \/>\n<meta name=\"twitter:site\" content=\"@FireWarebv\" \/>\n<meta name=\"twitter:label1\" content=\"Dur\u00e9e de lecture estim\u00e9e\" \/>\n\t<meta name=\"twitter:data1\" content=\"1 minute\" \/>\n<script type=\"application\/ld+json\" class=\"yoast-schema-graph\">{\"@context\":\"https:\\\/\\\/schema.org\",\"@graph\":[{\"@type\":\"WebPage\",\"@id\":\"https:\\\/\\\/fireware.nl\\\/fr\\\/product\\\/add-on-micro-ondes\\\/\",\"url\":\"https:\\\/\\\/fireware.nl\\\/fr\\\/product\\\/add-on-micro-ondes\\\/\",\"name\":\"Add-on Micro-ondes - FireWare\",\"isPartOf\":{\"@id\":\"https:\\\/\\\/fireware.nl\\\/fr\\\/#website\"},\"primaryImageOfPage\":{\"@id\":\"https:\\\/\\\/fireware.nl\\\/fr\\\/product\\\/add-on-micro-ondes\\\/#primaryimage\"},\"image\":{\"@id\":\"https:\\\/\\\/fireware.nl\\\/fr\\\/product\\\/add-on-micro-ondes\\\/#primaryimage\"},\"thumbnailUrl\":\"https:\\\/\\\/fireware.nl\\\/wp-content\\\/uploads\\\/2021\\\/03\\\/049-012-050-Add-on-magnetron-met-handvaten.jpg\",\"datePublished\":\"2021-03-09T10:41:15+00:00\",\"dateModified\":\"2026-01-23T14:52:36+00:00\",\"breadcrumb\":{\"@id\":\"https:\\\/\\\/fireware.nl\\\/fr\\\/product\\\/add-on-micro-ondes\\\/#breadcrumb\"},\"inLanguage\":\"fr-FR\",\"potentialAction\":[{\"@type\":\"ReadAction\",\"target\":[\"https:\\\/\\\/fireware.nl\\\/fr\\\/product\\\/add-on-micro-ondes\\\/\"]}]},{\"@type\":\"ImageObject\",\"inLanguage\":\"fr-FR\",\"@id\":\"https:\\\/\\\/fireware.nl\\\/fr\\\/product\\\/add-on-micro-ondes\\\/#primaryimage\",\"url\":\"https:\\\/\\\/fireware.nl\\\/wp-content\\\/uploads\\\/2021\\\/03\\\/049-012-050-Add-on-magnetron-met-handvaten.jpg\",\"contentUrl\":\"https:\\\/\\\/fireware.nl\\\/wp-content\\\/uploads\\\/2021\\\/03\\\/049-012-050-Add-on-magnetron-met-handvaten.jpg\",\"width\":600,\"height\":600},{\"@type\":\"BreadcrumbList\",\"@id\":\"https:\\\/\\\/fireware.nl\\\/fr\\\/product\\\/add-on-micro-ondes\\\/#breadcrumb\",\"itemListElement\":[{\"@type\":\"ListItem\",\"position\":1,\"name\":\"Home\",\"item\":\"https:\\\/\\\/fireware.nl\\\/fr\\\/\"},{\"@type\":\"ListItem\",\"position\":2,\"name\":\"Produits\",\"item\":\"https:\\\/\\\/fireware.nl\\\/fr\\\/produits\\\/\"},{\"@type\":\"ListItem\",\"position\":3,\"name\":\"Add-on Micro-ondes\"}]},{\"@type\":\"WebSite\",\"@id\":\"https:\\\/\\\/fireware.nl\\\/fr\\\/#website\",\"url\":\"https:\\\/\\\/fireware.nl\\\/fr\\\/\",\"name\":\"FireWare\",\"description\":\"CREATING REALISTIC  TRAINING ENVIRONMENTS\",\"publisher\":{\"@id\":\"https:\\\/\\\/fireware.nl\\\/fr\\\/#organization\"},\"potentialAction\":[{\"@type\":\"SearchAction\",\"target\":{\"@type\":\"EntryPoint\",\"urlTemplate\":\"https:\\\/\\\/fireware.nl\\\/fr\\\/?s={search_term_string}\"},\"query-input\":{\"@type\":\"PropertyValueSpecification\",\"valueRequired\":true,\"valueName\":\"search_term_string\"}}],\"inLanguage\":\"fr-FR\"},{\"@type\":\"Organization\",\"@id\":\"https:\\\/\\\/fireware.nl\\\/fr\\\/#organization\",\"name\":\"FireWare\",\"url\":\"https:\\\/\\\/fireware.nl\\\/fr\\\/\",\"logo\":{\"@type\":\"ImageObject\",\"inLanguage\":\"fr-FR\",\"@id\":\"https:\\\/\\\/fireware.nl\\\/fr\\\/#\\\/schema\\\/logo\\\/image\\\/\",\"url\":\"https:\\\/\\\/fireware.nl\\\/wp-content\\\/uploads\\\/2018\\\/10\\\/FireWare-logo.jpg\",\"contentUrl\":\"https:\\\/\\\/fireware.nl\\\/wp-content\\\/uploads\\\/2018\\\/10\\\/FireWare-logo.jpg\",\"width\":171,\"height\":70,\"caption\":\"FireWare\"},\"image\":{\"@id\":\"https:\\\/\\\/fireware.nl\\\/fr\\\/#\\\/schema\\\/logo\\\/image\\\/\"},\"sameAs\":[\"https:\\\/\\\/www.facebook.com\\\/FireWareBV\\\/\",\"https:\\\/\\\/x.com\\\/FireWarebv\",\"https:\\\/\\\/www.instagram.com\\\/fireware_nl\\\/\",\"https:\\\/\\\/www.linkedin.com\\\/company\\\/3586017\\\/\",\"https:\\\/\\\/www.youtube.com\\\/user\\\/firesalesrentconsult\"]}]}<\/script>\n<!-- \/ Yoast SEO plugin. -->","yoast_head_json":{"title":"Add-on Micro-ondes - FireWare","robots":{"index":"index","follow":"follow","max-snippet":"max-snippet:-1","max-image-preview":"max-image-preview:large","max-video-preview":"max-video-preview:-1"},"canonical":"https:\/\/fireware.nl\/fr\/product\/add-on-micro-ondes\/","og_locale":"fr_FR","og_type":"article","og_title":"Add-on Micro-ondes - FireWare","og_description":"Simulez un incendie d'un micro-ondes en toute s\u00e9curit\u00e9 La porte s'ouvre avec un bouton-poussoir et se verrouille lorsqu'elle est ferm\u00e9e. La flamme sort par le haut moyennant un chalumeau. Convient \u00e0 tous les extincteurs (d'exercice) pouvant \u00e9galement \u00eatre utilis\u00e9s avec le Vesta. Fabriqu\u00e9 en acier inoxydable de qualit\u00e9 Fourni dans une bo\u00eete en plastique pour faciliter le transport (60 x 40 x 32,5 cm)","og_url":"https:\/\/fireware.nl\/fr\/product\/add-on-micro-ondes\/","og_site_name":"FireWare","article_publisher":"https:\/\/www.facebook.com\/FireWareBV\/","article_modified_time":"2026-01-23T14:52:36+00:00","og_image":[{"width":600,"height":600,"url":"https:\/\/fireware.nl\/wp-content\/uploads\/2021\/03\/049-012-050-Add-on-magnetron-met-handvaten.jpg","type":"image\/jpeg"}],"twitter_card":"summary_large_image","twitter_site":"@FireWarebv","twitter_misc":{"Dur\u00e9e de lecture estim\u00e9e":"1 minute"},"schema":{"@context":"https:\/\/schema.org","@graph":[{"@type":"WebPage","@id":"https:\/\/fireware.nl\/fr\/product\/add-on-micro-ondes\/","url":"https:\/\/fireware.nl\/fr\/product\/add-on-micro-ondes\/","name":"Add-on Micro-ondes - FireWare","isPartOf":{"@id":"https:\/\/fireware.nl\/fr\/#website"},"primaryImageOfPage":{"@id":"https:\/\/fireware.nl\/fr\/product\/add-on-micro-ondes\/#primaryimage"},"image":{"@id":"https:\/\/fireware.nl\/fr\/product\/add-on-micro-ondes\/#primaryimage"},"thumbnailUrl":"https:\/\/fireware.nl\/wp-content\/uploads\/2021\/03\/049-012-050-Add-on-magnetron-met-handvaten.jpg","datePublished":"2021-03-09T10:41:15+00:00","dateModified":"2026-01-23T14:52:36+00:00","breadcrumb":{"@id":"https:\/\/fireware.nl\/fr\/product\/add-on-micro-ondes\/#breadcrumb"},"inLanguage":"fr-FR","potentialAction":[{"@type":"ReadAction","target":["https:\/\/fireware.nl\/fr\/product\/add-on-micro-ondes\/"]}]},{"@type":"ImageObject","inLanguage":"fr-FR","@id":"https:\/\/fireware.nl\/fr\/product\/add-on-micro-ondes\/#primaryimage","url":"https:\/\/fireware.nl\/wp-content\/uploads\/2021\/03\/049-012-050-Add-on-magnetron-met-handvaten.jpg","contentUrl":"https:\/\/fireware.nl\/wp-content\/uploads\/2021\/03\/049-012-050-Add-on-magnetron-met-handvaten.jpg","width":600,"height":600},{"@type":"BreadcrumbList","@id":"https:\/\/fireware.nl\/fr\/product\/add-on-micro-ondes\/#breadcrumb","itemListElement":[{"@type":"ListItem","position":1,"name":"Home","item":"https:\/\/fireware.nl\/fr\/"},{"@type":"ListItem","position":2,"name":"Produits","item":"https:\/\/fireware.nl\/fr\/produits\/"},{"@type":"ListItem","position":3,"name":"Add-on Micro-ondes"}]},{"@type":"WebSite","@id":"https:\/\/fireware.nl\/fr\/#website","url":"https:\/\/fireware.nl\/fr\/","name":"FireWare","description":"CREATING REALISTIC  TRAINING ENVIRONMENTS","publisher":{"@id":"https:\/\/fireware.nl\/fr\/#organization"},"potentialAction":[{"@type":"SearchAction","target":{"@type":"EntryPoint","urlTemplate":"https:\/\/fireware.nl\/fr\/?s={search_term_string}"},"query-input":{"@type":"PropertyValueSpecification","valueRequired":true,"valueName":"search_term_string"}}],"inLanguage":"fr-FR"},{"@type":"Organization","@id":"https:\/\/fireware.nl\/fr\/#organization","name":"FireWare","url":"https:\/\/fireware.nl\/fr\/","logo":{"@type":"ImageObject","inLanguage":"fr-FR","@id":"https:\/\/fireware.nl\/fr\/#\/schema\/logo\/image\/","url":"https:\/\/fireware.nl\/wp-content\/uploads\/2018\/10\/FireWare-logo.jpg","contentUrl":"https:\/\/fireware.nl\/wp-content\/uploads\/2018\/10\/FireWare-logo.jpg","width":171,"height":70,"caption":"FireWare"},"image":{"@id":"https:\/\/fireware.nl\/fr\/#\/schema\/logo\/image\/"},"sameAs":["https:\/\/www.facebook.com\/FireWareBV\/","https:\/\/x.com\/FireWarebv","https:\/\/www.instagram.com\/fireware_nl\/","https:\/\/www.linkedin.com\/company\/3586017\/","https:\/\/www.youtube.com\/user\/firesalesrentconsult"]}]}},"publishpress_future_workflow_manual_trigger":{"enabledWorkflows":[]},"_links":{"self":[{"href":"https:\/\/fireware.nl\/fr\/wp-json\/wp\/v2\/product\/58319","targetHints":{"allow":["GET"]}}],"collection":[{"href":"https:\/\/fireware.nl\/fr\/wp-json\/wp\/v2\/product"}],"about":[{"href":"https:\/\/fireware.nl\/fr\/wp-json\/wp\/v2\/types\/product"}],"wp:featuredmedia":[{"embeddable":true,"href":"https:\/\/fireware.nl\/fr\/wp-json\/wp\/v2\/media\/66249"}],"wp:attachment":[{"href":"https:\/\/fireware.nl\/fr\/wp-json\/wp\/v2\/media?parent=58319"}],"wp:term":[{"taxonomy":"product_brand","embeddable":true,"href":"https:\/\/fireware.nl\/fr\/wp-json\/wp\/v2\/product_brand?post=58319"},{"taxonomy":"product_cat","embeddable":true,"href":"https:\/\/fireware.nl\/fr\/wp-json\/wp\/v2\/product_cat?post=58319"},{"taxonomy":"product_tag","embeddable":true,"href":"https:\/\/fireware.nl\/fr\/wp-json\/wp\/v2\/product_tag?post=58319"}],"curies":[{"name":"wp","href":"https:\/\/api.w.org\/{rel}","templated":true}]}}